{"id":4977,"date":"2018-11-20T09:10:23","date_gmt":"2018-11-20T09:10:23","guid":{"rendered":"https:\/\/www.slowshop.eu\/chi-siamo\/"},"modified":"2021-10-22T11:32:51","modified_gmt":"2021-10-22T09:32:51","slug":"chi-siamo","status":"publish","type":"page","link":"https:\/\/www.slowshop.eu\/de\/chi-siamo\/","title":{"rendered":"Uber uns"},"content":{"rendered":"<p>[vc_row css=&#8220;.vc_custom_1615280566154{background-position: center !important;background-repeat: no-repeat !important;background-size: cover !important;}&#8220;][vc_column offset=&#8220;vc_col-lg-offset-2 vc_col-lg-8 vc_col-md-offset-1 vc_col-md-10&#8243;][gsf_space desktop=&#8220;110&#8243; tablet=&#8220;90&#8243; tablet_portrait=&#8220;80&#8243; mobile_landscape=&#8220;70&#8243; mobile=&#8220;60&#8243;][vc_single_image image=&#8220;4984&#8243; img_size=&#8220;full&#8220; alignment=&#8220;center&#8220; css=&#8220;.vc_custom_1615280964290{margin-bottom: 37px !important;}&#8220;][gsf_heading layout_style=&#8220;style-4&#8243; space_between=&#8220;33|px&#8220; title=&#8220;U2xvV2F5cw==&#8220; title_color=&#8220;#333333&#8243; title_line_height=&#8220;1.29|em&#8220; sub_title_font_size=&#8220;18&#8243; sub_title_letter_spacing=&#8220;5px&#8220; sub_title_use_theme_fonts=&#8220;&#8220; el_class=&#8220;&#8220; sub_title=&#8220;ES IST DIE NEUE ART, LANGSAM ZU REISEN&#8220; css=&#8220;.vc_custom_1634630124152{margin-bottom: 52px !important;}&#8220;][vc_column_text el_class=&#8220;&#8220;]Wir organisieren Touren zu Fu\u00df und mit dem Fahrrad, in Gruppen oder in Freiheit, die f\u00fcr jeden geeignet sind, und verkaufen \u00fcber den Online-Shop die Zeugnisse der Via Francigena, Reisef\u00fchrer, B\u00fccher und andere n\u00fctzliche Produkte f\u00fcr Reisende.<\/p>\n<p>Besuchen Sie unsere Website <a href=\"https:\/\/www.sloways.eu\/\" target=\"_blank\" rel=\"noopener\">www.sloways.eu<\/a> und bereiten Sie Ihre n\u00e4chste Reise vor![\/vc_column_text][gsf_space desktop=&#8220;65&#8243; tablet=&#8220;60&#8243; tablet_portrait=&#8220;55&#8243; mobile_landscape=&#8220;50&#8243; mobile=&#8220;50&#8243;][\/vc_column][vc_column][vc_row_inner css=&#8220;.vc_custom_1615281863949{margin-right: 0px !important;margin-left: 0px !important;background-image: url(https:\/\/www.slowshop.eu\/wp-content\/uploads\/2021\/03\/movimento-lento-net-banner-bandierine-1024&#215;505-1.jpg?id=1746) !important;background-position: center !important;background-repeat: no-repeat !important;background-size: cover !important;}&#8220;][vc_column_inner][gsf_space desktop=&#8220;240&#8243; tablet=&#8220;200&#8243; tablet_portrait=&#8220;160&#8243; mobile_landscape=&#8220;120&#8243; mobile=&#8220;100&#8243;][gsf_video link=&#8220;https:\/\/player.vimeo.com\/video\/346399611?api=1&amp;player_id=vimeo-player&amp;autoplay=1&amp;loop=1&amp;badge=0&amp;byline=0&amp;title=0&#8243; icon_bg_color=&#8220;#ffffff&#8220; icon_color=&#8220;#ffffff&#8220; icon_bg_hover_color=&#8220;#e4573d&#8220; icon_hover_color=&#8220;#ffffff&#8220;][gsf_space desktop=&#8220;240&#8243; tablet=&#8220;200&#8243; tablet_portrait=&#8220;160&#8243; mobile_landscape=&#8220;120&#8243; mobile=&#8220;100&#8243;][\/vc_column_inner][\/vc_row_inner][\/vc_column][\/vc_row][vc_row css=&#8220;.vc_custom_1542182334972{background-color: #ffffff !important;}&#8220;][vc_column][gsf_space desktop=&#8220;100&#8243; tablet=&#8220;90&#8243; tablet_portrait=&#8220;80&#8243; mobile_landscape=&#8220;70&#8243; mobile=&#8220;60&#8243;][\/vc_column][\/vc_row]<\/p>\n","protected":false},"excerpt":{"rendered":"<p>[vc_row css=&#8220;.vc_custom_1615280566154{background-position: center !important;background-repeat: no-repeat !important;background-size: cover !important;}&#8220;][vc_column offset=&#8220;vc_col-lg-offset-2 vc_col-lg-8 vc_col-md-offset-1 vc_col-md-10&#8243;][gsf_space desktop=&#8220;110&#8243; tablet=&#8220;90&#8243; tablet_portrait=&#8220;80&#8243; mobile_landscape=&#8220;70&#8243; mobile=&#8220;60&#8243;][vc_single_image image=&#8220;4984&#8243; img_size=&#8220;full&#8220; alignment=&#8220;center&#8220; css=&#8220;.vc_custom_1615280964290{margin-bottom: 37px !important;}&#8220;][gsf_heading layout_style=&#8220;style-4&#8243; space_between=&#8220;33|px&#8220; title=&#8220;U2xvV2F5cw==&#8220; title_color=&#8220;#333333&#8243; title_line_height=&#8220;1.29|em&#8220; sub_title_font_size=&#8220;18&#8243; sub_title_letter_spacing=&#8220;5px&#8220; sub_title_use_theme_fonts=&#8220;&#8220; el_class=&#8220;&#8220; sub_title=&#8220;ES IST DIE NEUE ART, LANGSAM ZU REISEN&#8220; css=&#8220;.vc_custom_1634630124152{margin-bottom: 52px !important;}&#8220;][vc_column_text el_class=&#8220;&#8220;]Wir organisieren Touren zu Fu\u00df und mit dem Fahrrad, in Gruppen oder [&hellip;]<\/p>\n","protected":false},"author":1,"featured_media":0,"parent":0,"menu_order":0,"comment_status":"closed","ping_status":"closed","template":"","meta":{"_monsterinsights_skip_tracking":false,"_monsterinsights_sitenote_active":false,"_monsterinsights_sitenote_note":"","_monsterinsights_sitenote_category":0,"footnotes":""},"class_list":["post-4977","page","type-page","status-publish","hentry"],"yoast_head":"<!-- This site is optimized with the Yoast SEO plugin v26.2 - https:\/\/yoast.com\/wordpress\/plugins\/seo\/ -->\n<title>Uber uns - Slowshop<\/title>\n<meta name=\"robots\" content=\"index, follow, max-snippet:-1, max-image-preview:large, max-video-preview:-1\" \/>\n<link rel=\"canonical\" href=\"https:\/\/www.slowshop.eu\/de\/chi-siamo\/\" \/>\n<meta property=\"og:locale\" content=\"de_DE\" \/>\n<meta property=\"og:type\" content=\"article\" \/>\n<meta property=\"og:title\" content=\"Uber uns - Slowshop\" \/>\n<meta property=\"og:description\" content=\"[vc_row css=&#8220;.vc_custom_1615280566154{background-position: center !important;background-repeat: no-repeat !important;background-size: cover !important;}&#8220;][vc_column offset=&#8220;vc_col-lg-offset-2 vc_col-lg-8 vc_col-md-offset-1 vc_col-md-10&#8243;][gsf_space desktop=&#8220;110&#8243; tablet=&#8220;90&#8243; tablet_portrait=&#8220;80&#8243; mobile_landscape=&#8220;70&#8243; mobile=&#8220;60&#8243;][vc_single_image image=&#8220;4984&#8243; img_size=&#8220;full&#8220; alignment=&#8220;center&#8220; css=&#8220;.vc_custom_1615280964290{margin-bottom: 37px !important;}&#8220;][gsf_heading layout_style=&#8220;style-4&#8243; space_between=&#8220;33|px&#8220; title=&#8220;U2xvV2F5cw==&#8220; title_color=&#8220;#333333&#8243; title_line_height=&#8220;1.29|em&#8220; sub_title_font_size=&#8220;18&#8243; sub_title_letter_spacing=&#8220;5px&#8220; sub_title_use_theme_fonts=&#8220;&#8220; el_class=&#8220;&#8220; sub_title=&#8220;ES IST DIE NEUE ART, LANGSAM ZU REISEN&#8220; css=&#8220;.vc_custom_1634630124152{margin-bottom: 52px !important;}&#8220;][vc_column_text el_class=&#8220;&#8220;]Wir organisieren Touren zu Fu\u00df und mit dem Fahrrad, in Gruppen oder [&hellip;]\" \/>\n<meta property=\"og:url\" content=\"https:\/\/www.slowshop.eu\/de\/chi-siamo\/\" \/>\n<meta property=\"og:site_name\" content=\"Slowshop\" \/>\n<meta property=\"article:modified_time\" content=\"2021-10-22T09:32:51+00:00\" \/>\n<meta property=\"og:image\" content=\"https:\/\/www.slowshop.eu\/wp-content\/uploads\/2024\/07\/cropped-immagine-1.png\" \/>\n\t<meta property=\"og:image:width\" content=\"512\" \/>\n\t<meta property=\"og:image:height\" content=\"512\" \/>\n\t<meta property=\"og:image:type\" content=\"image\/png\" \/>\n<meta name=\"twitter:card\" content=\"summary_large_image\" \/>\n<meta name=\"twitter:label1\" content=\"Gesch\u00e4tzte Lesezeit\" \/>\n\t<meta name=\"twitter:data1\" content=\"1\u00a0Minute\" \/>\n<script type=\"application\/ld+json\" class=\"yoast-schema-graph\">{\"@context\":\"https:\/\/schema.org\",\"@graph\":[{\"@type\":\"WebPage\",\"@id\":\"https:\/\/www.slowshop.eu\/de\/chi-siamo\/\",\"url\":\"https:\/\/www.slowshop.eu\/de\/chi-siamo\/\",\"name\":\"Uber uns - Slowshop\",\"isPartOf\":{\"@id\":\"https:\/\/www.slowshop.eu\/de\/#website\"},\"datePublished\":\"2018-11-20T09:10:23+00:00\",\"dateModified\":\"2021-10-22T09:32:51+00:00\",\"breadcrumb\":{\"@id\":\"https:\/\/www.slowshop.eu\/de\/chi-siamo\/#breadcrumb\"},\"inLanguage\":\"de\",\"potentialAction\":[{\"@type\":\"ReadAction\",\"target\":[\"https:\/\/www.slowshop.eu\/de\/chi-siamo\/\"]}]},{\"@type\":\"BreadcrumbList\",\"@id\":\"https:\/\/www.slowshop.eu\/de\/chi-siamo\/#breadcrumb\",\"itemListElement\":[{\"@type\":\"ListItem\",\"position\":1,\"name\":\"Home\",\"item\":\"https:\/\/www.slowshop.eu\/de\/\"},{\"@type\":\"ListItem\",\"position\":2,\"name\":\"Uber uns\"}]},{\"@type\":\"WebSite\",\"@id\":\"https:\/\/www.slowshop.eu\/de\/#website\",\"url\":\"https:\/\/www.slowshop.eu\/de\/\",\"name\":\"SlowShop\",\"description\":\"Vie Francigene Shop\",\"publisher\":{\"@id\":\"https:\/\/www.slowshop.eu\/de\/#organization\"},\"potentialAction\":[{\"@type\":\"SearchAction\",\"target\":{\"@type\":\"EntryPoint\",\"urlTemplate\":\"https:\/\/www.slowshop.eu\/de\/?s={search_term_string}\"},\"query-input\":{\"@type\":\"PropertyValueSpecification\",\"valueRequired\":true,\"valueName\":\"search_term_string\"}}],\"inLanguage\":\"de\"},{\"@type\":\"Organization\",\"@id\":\"https:\/\/www.slowshop.eu\/de\/#organization\",\"name\":\"SlowShop\",\"url\":\"https:\/\/www.slowshop.eu\/de\/\",\"logo\":{\"@type\":\"ImageObject\",\"inLanguage\":\"de\",\"@id\":\"https:\/\/www.slowshop.eu\/de\/#\/schema\/logo\/image\/\",\"url\":\"https:\/\/www.slowshop.eu\/wp-content\/uploads\/2024\/07\/cropped-immagine-1.png\",\"contentUrl\":\"https:\/\/www.slowshop.eu\/wp-content\/uploads\/2024\/07\/cropped-immagine-1.png\",\"width\":512,\"height\":512,\"caption\":\"SlowShop\"},\"image\":{\"@id\":\"https:\/\/www.slowshop.eu\/de\/#\/schema\/logo\/image\/\"}}]}<\/script>\n<!-- \/ Yoast SEO plugin. -->","yoast_head_json":{"title":"Uber uns - Slowshop","robots":{"index":"index","follow":"follow","max-snippet":"max-snippet:-1","max-image-preview":"max-image-preview:large","max-video-preview":"max-video-preview:-1"},"canonical":"https:\/\/www.slowshop.eu\/de\/chi-siamo\/","og_locale":"de_DE","og_type":"article","og_title":"Uber uns - Slowshop","og_description":"[vc_row css=&#8220;.vc_custom_1615280566154{background-position: center !important;background-repeat: no-repeat !important;background-size: cover !important;}&#8220;][vc_column offset=&#8220;vc_col-lg-offset-2 vc_col-lg-8 vc_col-md-offset-1 vc_col-md-10&#8243;][gsf_space desktop=&#8220;110&#8243; tablet=&#8220;90&#8243; tablet_portrait=&#8220;80&#8243; mobile_landscape=&#8220;70&#8243; mobile=&#8220;60&#8243;][vc_single_image image=&#8220;4984&#8243; img_size=&#8220;full&#8220; alignment=&#8220;center&#8220; css=&#8220;.vc_custom_1615280964290{margin-bottom: 37px !important;}&#8220;][gsf_heading layout_style=&#8220;style-4&#8243; space_between=&#8220;33|px&#8220; title=&#8220;U2xvV2F5cw==&#8220; title_color=&#8220;#333333&#8243; title_line_height=&#8220;1.29|em&#8220; sub_title_font_size=&#8220;18&#8243; sub_title_letter_spacing=&#8220;5px&#8220; sub_title_use_theme_fonts=&#8220;&#8220; el_class=&#8220;&#8220; sub_title=&#8220;ES IST DIE NEUE ART, LANGSAM ZU REISEN&#8220; css=&#8220;.vc_custom_1634630124152{margin-bottom: 52px !important;}&#8220;][vc_column_text el_class=&#8220;&#8220;]Wir organisieren Touren zu Fu\u00df und mit dem Fahrrad, in Gruppen oder [&hellip;]","og_url":"https:\/\/www.slowshop.eu\/de\/chi-siamo\/","og_site_name":"Slowshop","article_modified_time":"2021-10-22T09:32:51+00:00","og_image":[{"width":512,"height":512,"url":"https:\/\/www.slowshop.eu\/wp-content\/uploads\/2024\/07\/cropped-immagine-1.png","type":"image\/png"}],"twitter_card":"summary_large_image","twitter_misc":{"Gesch\u00e4tzte Lesezeit":"1\u00a0Minute"},"schema":{"@context":"https:\/\/schema.org","@graph":[{"@type":"WebPage","@id":"https:\/\/www.slowshop.eu\/de\/chi-siamo\/","url":"https:\/\/www.slowshop.eu\/de\/chi-siamo\/","name":"Uber uns - Slowshop","isPartOf":{"@id":"https:\/\/www.slowshop.eu\/de\/#website"},"datePublished":"2018-11-20T09:10:23+00:00","dateModified":"2021-10-22T09:32:51+00:00","breadcrumb":{"@id":"https:\/\/www.slowshop.eu\/de\/chi-siamo\/#breadcrumb"},"inLanguage":"de","potentialAction":[{"@type":"ReadAction","target":["https:\/\/www.slowshop.eu\/de\/chi-siamo\/"]}]},{"@type":"BreadcrumbList","@id":"https:\/\/www.slowshop.eu\/de\/chi-siamo\/#breadcrumb","itemListElement":[{"@type":"ListItem","position":1,"name":"Home","item":"https:\/\/www.slowshop.eu\/de\/"},{"@type":"ListItem","position":2,"name":"Uber uns"}]},{"@type":"WebSite","@id":"https:\/\/www.slowshop.eu\/de\/#website","url":"https:\/\/www.slowshop.eu\/de\/","name":"SlowShop","description":"Vie Francigene Shop","publisher":{"@id":"https:\/\/www.slowshop.eu\/de\/#organization"},"potentialAction":[{"@type":"SearchAction","target":{"@type":"EntryPoint","urlTemplate":"https:\/\/www.slowshop.eu\/de\/?s={search_term_string}"},"query-input":{"@type":"PropertyValueSpecification","valueRequired":true,"valueName":"search_term_string"}}],"inLanguage":"de"},{"@type":"Organization","@id":"https:\/\/www.slowshop.eu\/de\/#organization","name":"SlowShop","url":"https:\/\/www.slowshop.eu\/de\/","logo":{"@type":"ImageObject","inLanguage":"de","@id":"https:\/\/www.slowshop.eu\/de\/#\/schema\/logo\/image\/","url":"https:\/\/www.slowshop.eu\/wp-content\/uploads\/2024\/07\/cropped-immagine-1.png","contentUrl":"https:\/\/www.slowshop.eu\/wp-content\/uploads\/2024\/07\/cropped-immagine-1.png","width":512,"height":512,"caption":"SlowShop"},"image":{"@id":"https:\/\/www.slowshop.eu\/de\/#\/schema\/logo\/image\/"}}]}},"_links":{"self":[{"href":"https:\/\/www.slowshop.eu\/de\/wp-json\/wp\/v2\/pages\/4977","targetHints":{"allow":["GET"]}}],"collection":[{"href":"https:\/\/www.slowshop.eu\/de\/wp-json\/wp\/v2\/pages"}],"about":[{"href":"https:\/\/www.slowshop.eu\/de\/wp-json\/wp\/v2\/types\/page"}],"author":[{"embeddable":true,"href":"https:\/\/www.slowshop.eu\/de\/wp-json\/wp\/v2\/users\/1"}],"replies":[{"embeddable":true,"href":"https:\/\/www.slowshop.eu\/de\/wp-json\/wp\/v2\/comments?post=4977"}],"version-history":[{"count":6,"href":"https:\/\/www.slowshop.eu\/de\/wp-json\/wp\/v2\/pages\/4977\/revisions"}],"predecessor-version":[{"id":5100,"href":"https:\/\/www.slowshop.eu\/de\/wp-json\/wp\/v2\/pages\/4977\/revisions\/5100"}],"wp:attachment":[{"href":"https:\/\/www.slowshop.eu\/de\/wp-json\/wp\/v2\/media?parent=4977"}],"curies":[{"name":"wp","href":"https:\/\/api.w.org\/{rel}","templated":true}]}}