{"id":4989,"date":"2021-05-24T11:21:44","date_gmt":"2021-05-24T09:21:44","guid":{"rendered":"https:\/\/www.slowshop.eu\/condizioni-di-vendita\/"},"modified":"2021-10-22T11:30:08","modified_gmt":"2021-10-22T09:30:08","slug":"condizioni-di-vendita","status":"publish","type":"page","link":"https:\/\/www.slowshop.eu\/de\/condizioni-di-vendita\/","title":{"rendered":"Verkaufsbedingungen"},"content":{"rendered":"<p>[vc_row][vc_column][gsf_space desktop=&#8220;110&#8243; tablet=&#8220;90&#8243; tablet_portrait=&#8220;80&#8243; mobile_landscape=&#8220;70&#8243; mobile=&#8220;60&#8243;][vc_column_text el_class=&#8220;&#8220;]<b>Verschiffungen<\/b><\/p>\n<p><b><i>Die Sendungen werden bis 9 Uhr vorbereitet und innerhalb des folgenden Tages versandt. Ber\u00fccksichtigen Sie daher bei der Berechnung der Lieferzeit Ihrer Bestellung <\/i><\/b><span style=\"font-weight: 400;\"><br \/>\n<\/span><b><i>ein m\u00f6gliches Zeitfenster von zwei Werktagen f\u00fcr<\/i><\/b><span style=\"font-weight: 400;\"> die Vorbereitung<\/span><b><i>vor dem Versand.<\/i><\/b><span style=\"font-weight: 400;\">\u00a0<\/span><\/p>\n<p>&nbsp;<\/p>\n<p><span style=\"font-weight: 400;\">Sendungen k\u00f6nnen angefordert werden \u00fcber:<\/span><\/p>\n<p><span style=\"font-weight: 400;\">\u2013 <\/span><b><i>Italienische Post:<\/i><\/b> <span style=\"font-weight: 400;\">\u00a0<\/span><\/p>\n<p><span style=\"font-weight: 400;\">via <\/span><b><i>Posta Light (gew\u00f6hnlich) NICHT R\u00dcCKVERFOLGBAR<\/i><\/b><span style=\"font-weight: 400;\"> &gt; nur f\u00fcr <\/span><span style=\"font-weight: 400;\">Pilgrim&#8217;s Credentials w\u00e4hlbar, bis zu maximal 2 St\u00fcck, Ziel Italien.<\/span> <span style=\"font-weight: 400;\"><br \/>\n<\/span><span style=\"font-weight: 400;\">Wir heben hervor, dass der Versand per normaler Post billiger ist, aber<\/span> <b><i>NICHT R\u00dcCKVERFOLGBAR ist und ziemlich langsam ist<\/i><\/b> <span style=\"font-weight: 400;\">(mit einer vorhersehbaren Lieferzeit von 7 Werktagen, manchmal sogar 30 Tagen).<\/span> <span style=\"font-weight: 400;\"><br \/>\n<\/span><span style=\"font-weight: 400;\">Aufgrund der besonderen Versandart k\u00f6nnen wir keine Verantwortung f\u00fcr Lieferzeiten \u00fcbernehmen oder den Fortschritt nach der Betrauung an die Post verfolgen (das Datum der Betrauung ist daher die einzige bestimmte Daten, die wir Ihnen zur Verf\u00fcgung stellen k\u00f6nnen).<\/span> <span style=\"font-weight: 400;\"><br \/>\n<\/span><span style=\"font-weight: 400;\">Im Falle der Nichtlieferung muss die Bestellung daher erneut erfolgen.<\/span> <span style=\"font-weight: 400;\"><br \/>\n<\/span><span style=\"font-weight: 400;\">Wenn Sie einen garantierten und schnellen Versand bevorzugen, empfehlen wir Ihnen, den Express-Kurier zu w\u00e4hlen<\/span><\/p>\n<p><span style=\"font-weight: 400;\">\u2013 <\/span><b><i>Expresskurier Bartolini<\/i><\/b><span style=\"font-weight: 400;\">&gt; f\u00fcr alle Waren w\u00e4hlbar;<\/span> <span style=\"font-weight: 400;\"><br \/>\n<\/span><span style=\"font-weight: 400;\">r\u00fcckverfolgbar und \u00fcber die Website von Bartolini Italia<\/span> <a href=\"https:\/\/www.brt.it\/it\/home\"><span style=\"font-weight: 400;\">(https:\/\/www.brt.it);<\/span><\/a><span style=\"font-weight: 400;\">\u00a0 <\/span><span style=\"font-weight: 400;\"><br \/>\n<\/span><span style=\"font-weight: 400;\">ungef\u00e4hre Lieferzeiten:<\/span><\/p>\n<ul>\n<li style=\"font-weight: 400;\" aria-level=\"1\"><span style=\"font-weight: 400;\">Italien &gt; 24 Stunden Hauptzentren &#8211; 48 Stunden Sekund\u00e4rzentren (ab Versand)<\/span><\/li>\n<li style=\"font-weight: 400;\" aria-level=\"1\"><span style=\"font-weight: 400;\">Europa EU&gt; 2 Werktage<\/span> <span style=\"font-weight: 400;\">(ab Versand)<\/span><\/li>\n<li style=\"font-weight: 400;\" aria-level=\"1\"><span style=\"font-weight: 400;\">Europa extra EU<\/span> <span style=\"font-weight: 400;\">&gt; 3 Arbeitstage Hauptzentren, 4 \u2013 5 Arbeitstage f\u00fcr sekund\u00e4re dezentrale Gebiete<\/span><span style=\"font-weight: 400;\">+<\/span><span style=\"font-weight: 400;\"><br \/>\n<\/span><span style=\"font-weight: 400;\">24 zus\u00e4tzliche Stunden bei Zollkontrollen m\u00f6glich<\/span><\/li>\n<li style=\"font-weight: 400;\" aria-level=\"1\"><span style=\"font-weight: 400;\">Asien\/Afrika\/Ozeanien &gt; 2 \u2013 4 Werktage Hauptzentren, 3 \u2013 5 Werktage f\u00fcr sekund\u00e4re dezentrale Zonen<\/span><span style=\"font-weight: 400;\"><br \/>\n<\/span><span style=\"font-weight: 400;\">+ 24 zus\u00e4tzliche Stunden bei Zollkontrollen m\u00f6glich<\/span><\/li>\n<li style=\"font-weight: 400;\" aria-level=\"1\"><span style=\"font-weight: 400;\">U.S.A. &gt; 2<\/span> <span style=\"font-weight: 400;\">Werktage<\/span><span style=\"font-weight: 400;\"><br \/>\n<\/span><span style=\"font-weight: 400;\">+ 24 zus\u00e4tzliche Stunden bei Zollkontrollen m\u00f6glich<\/span><\/li>\n<li style=\"font-weight: 400;\" aria-level=\"1\"><span style=\"font-weight: 400;\">Kanada &gt; 2<\/span> <span style=\"font-weight: 400;\">\u2013 3 Werktage Hauptzentren<\/span><span style=\"font-weight: 400;\">+<\/span><span style=\"font-weight: 400;\"><br \/>\n<\/span><span style=\"font-weight: 400;\">24 zus\u00e4tzliche Stunden bei Zollkontrollen m\u00f6glich<\/span><\/li>\n<li style=\"font-weight: 400;\" aria-level=\"1\"><span style=\"font-weight: 400;\">Mittel- und S\u00fcdamerika &gt; 3 \u2013 5 Werktage<\/span><span style=\"font-weight: 400;\"><br \/>\n<\/span><span style=\"font-weight: 400;\">+ 24 zus\u00e4tzliche Stunden bei Zollkontrollen m\u00f6glich<\/span><\/li>\n<\/ul>\n<p><span style=\"font-weight: 400;\">Die Vorbereitung der Sendung kann sich verz\u00f6gern, wenn die Ware nicht auf Lager ist.<\/span><span style=\"font-weight: 400;\">\u00a0<\/span><\/p>\n<p><span style=\"font-weight: 400;\">Der Versand erfolgt von Montag bis Freitag (au\u00dfer an Feiertagen)<\/span><\/p>\n<p><span style=\"font-weight: 400;\">Um die Sendung zu verfolgen (normale Postfalten von B\u00fcchern ausgenommen), werden Sie \u00fcber die Versandidentifikationsnummer informiert, die Sie auch anfordern k\u00f6nnen, indem Sie schreiben an: <\/span><a href=\"mailto:shop@sloways.eu\"><span style=\"font-weight: 400;\">shop@sloways.eu<\/span><\/a><\/p>\n<p><b>Wir empfehlen in dringenden F\u00e4llen, den Expresskurier Bartolini zu w\u00e4hlen<\/b><\/p>\n<p>&nbsp;<\/p>\n<p><b>R\u00fcckzahlung<\/b><\/p>\n<p><span style=\"font-weight: 400;\">Die R\u00fcckerstattung erfolgt im Falle einer falsch versandten Ware.<\/span><\/p>\n<p><span style=\"font-weight: 400;\">Die R\u00fcckerstattung erfolgt NICHT, wenn der Benutzer:<\/span><\/p>\n<p><span style=\"font-weight: 400;\">\u2013 schreibt f\u00e4lschlicherweise die Lieferadresse und die Ware wird nicht geliefert und muss zur\u00fcckgeschickt werden<\/span><\/p>\n<p><span style=\"font-weight: 400;\">\u2013 wenn sich der Versand aufgrund der Nichtverf\u00fcgbarkeit der vorr\u00e4tigen Ware verz\u00f6gert<\/span><\/p>\n<p><span style=\"font-weight: 400;\">\u2013 f\u00fcr den Fall, dass die italienische Post den Nutzer nicht findet und diese anschlie\u00dfend nicht rechtzeitig bei den Postdiensten abholt.<\/span><\/p>\n<p>&nbsp;<\/p>\n<p><b>Allgemeine Verkaufsbedingungen<\/b><\/p>\n<p><b>1.Gegenstand des Online-Vertrages und dessen Definition<\/b><\/p>\n<p><span style=\"font-weight: 400;\">Ein &#8222;Online&#8220;-Kaufvertrag<\/span> <span style=\"font-weight: 400;\">\u00a0ist der Fernabsatzvertrag, d. h. das Rechtsgesch\u00e4ft \u00fcber bewegliche Waren und\/oder Dienstleistungen, das zwischen einem Lieferanten, S-Cape s.r.l. mit Sitz in Borgo Allegri 16R, Florenz, und einem Verbraucherkunden im Rahmen eines vom Anbieter organisierten Fernabsatzsystems, das f\u00fcr diesen Vertrag organisiert wird,\u00a0 verwendet die Fernkommunikationstechnologie namens &#8222;Internet&#8220;. Alle Vertr\u00e4ge werden daher direkt durch den Zugriff des Verbraucherkunden auf die Website abgeschlossen, die der Adresse entspricht: http:\/\/www.sloways.shop, wo nach den angegebenen Verfahren der Vertrag \u00fcber den Kauf der Waren abgeschlossen wird. Endverbraucher ist die nat\u00fcrliche Person, die Waren und Dienstleistungen f\u00fcr Zwecke erwirbt, die nicht in direktem Zusammenhang mit einer ausge\u00fcbten beruflichen T\u00e4tigkeit stehen. Im Folgenden finden Sie die Verkaufsbedingungen, die bis zur \u00c4nderung durch den Lieferanten wirksam bleiben. Alle \u00c4nderungen der Verkaufsbedingungen werden ab dem Zeitpunkt wirksam, an dem sie auf der Website ver\u00f6ffentlicht werden, und beziehen sich auf die verk\u00e4ufe, die ab diesem Zeitpunkt get\u00e4tigt werden.<\/span><\/p>\n<p><b>2.Verkaufspreise und Kaufmethoden<\/b><\/p>\n<p><span style=\"font-weight: 400;\">Alle Verkaufspreise der auf der Website angezeigten und angegebenen Dienstleistungen, f\u00fcr die sie ein \u00f6ffentliches Angebot gem\u00e4\u00df Art. 1336 der .c., sind inklusive Mehrwertsteuer und aller anderen Steuern (sofern nicht andersangegeben). Alle<\/span> <span style=\"font-weight: 400;\">Produktpreise gelten weltweit. Wenn f\u00fcr die Transportkosten vorgesehen ist, ist auf der entsprechenden Seite auf der Website ordnungsgem\u00e4\u00df hervorgehoben, die der Kunde vor der Best\u00e4tigung des Kaufs einsehen muss. Der Kaufvertrag kommt durch die genaue Zusammenstellung und Zustimmung zum Kauf zustande, die durch die &#8222;online&#8220; gegebene Haftung ausgedr\u00fcckt<\/span> <span style=\"font-weight: 400;\">wird.<\/span> <span style=\"font-weight: 400;\">\u00a0Der Kunde kann die bestellte Ware nur mit den zum Zeitpunkt des Kaufs online angegebenen Zahlungsmethoden bezahlen<\/span><\/p>\n<ol start=\"3\">\n<li><b> Pflichten des K\u00e4ufers<\/b><\/li>\n<\/ol>\n<p><span style=\"font-weight: 400;\">Der Verbraucher verpflichtet sich und verpflichtet sich, nach Abschluss des &#8222;Online&#8220;-Kaufvorgangsf\u00fcr den Druck und die Aufbewahrung dieser Allgemeinen Gesch\u00e4ftsbedingungen zu sorgen, die er im \u00dcbrigen bereits als obligatorischen Schritt des Kaufs angesehen und akzeptiert hat, sowie die Spezifikationen des gekauften Produkts, und dies, um die in den Artikeln 3 und 4 des<\/span><span style=\"font-weight: 400;\"> Decr genannte Bedingung vollst\u00e4ndig zu <\/span><span style=\"font-weight: 400;\">erf\u00fcllen.<\/span> <span style=\"font-weight: 400;\">\u00a0<\/span><span style=\"font-weight: 400;\">\u00a0<\/span><span style=\"font-weight: 400;\">Gesetzgebung. Nr. 185\/1999. Es ist dem K\u00e4ufer strengstens untersagt, falsche Daten und \/ oder erfundene und \/ oder Fantasie in das Registrierungsverfahren einzugeben, das erforderlich ist, um den Prozess f\u00fcr die Ausf\u00fchrung dieses Vertrags und die damit verbundenen weiteren Mitteilungen zu aktivieren; Die personenbezogenen Daten und die E-Mail d\u00fcrfen ausschlie\u00dflich Ihre tats\u00e4chlichen personenbezogenen Daten sein und nicht von Dritten oder Fantasie. Es ist ausdr\u00fccklich untersagt, Doppelregistrierungen entsprechend einer einzelnen Person vorzunehmen oder Daten Dritter einzugeben. S-Cape srl beh\u00e4lt sich das Recht vor, Verst\u00f6\u00dfe und Missbr\u00e4uche im Interesse und zum Schutz aller Verbraucher zu verfolgen.<\/span><\/p>\n<ol start=\"4\">\n<li><b> Vertragsbeendigung und Ausdr\u00fcckliche K\u00fcndigungsklausel<\/b><\/li>\n<\/ol>\n<p><span style=\"font-weight: 400;\">S-Cape Countryside Travels s.r.l. hat das Recht, den vertraglich vereinbarten Vertrag durch einfache Mitteilung an den Kunden mit angemessenen und gerechtfertigten Gr\u00fcnden zu k\u00fcndigen; in diesem Fall hat der Kunde ausschlie\u00dflich Anspruch auf R\u00fcckerstattung eines bereits angenommenen und gezahlten Betrags.<\/span><\/p>\n<ol start=\"5\">\n<li><b> Gerichtsstand und Gerichtsstand<\/b><\/li>\n<\/ol>\n<p><span style=\"font-weight: 400;\">Alle Streitigkeiten im Zusammenhang mit der Anwendung, Ausf\u00fchrung, Auslegung und Verletzung von Kaufvertr\u00e4gen, die &#8222;online&#8220; \u00fcber<\/span><span style=\"font-weight: 400;\"> die www.sloways.shop Website vereinbart <\/span><span style=\"font-weight: 400;\">wurden, unterliegen der italienischen Gerichtsbarkeit; diese allgemeinen Bedingungen werden, obwohl darin nicht ausdr\u00fccklich vorgesehen, den kombinierten Bestimmungen des Gesetzesdekrets Nr. 50 vom 15.1.1992 und des Gesetzesdekrets Nr. 185 vom 22.5.1999 gemeldet, obwohl darin nicht ausdr\u00fccklich vorgesehen. F\u00fcr alle Streitigkeiten zwischen den Parteien \u00fcber diesen Vertrag ist das Gericht des Wohnsitzes des Kunden oder der Wahldomizil des Endverbrauchers zust\u00e4ndig<\/span> <span style=\"font-weight: 400;\">(Art.<\/span> <span style=\"font-weight: 400;\">1469 bis N\u00b0 19).<\/span>[\/vc_column_text][gsf_space desktop=&#8220;110&#8243; tablet=&#8220;90&#8243; tablet_portrait=&#8220;80&#8243; mobile_landscape=&#8220;70&#8243; mobile=&#8220;60&#8243;][\/vc_column][\/vc_row]<\/p>\n","protected":false},"excerpt":{"rendered":"<p>[vc_row][vc_column][gsf_space desktop=&#8220;110&#8243; tablet=&#8220;90&#8243; tablet_portrait=&#8220;80&#8243; mobile_landscape=&#8220;70&#8243; mobile=&#8220;60&#8243;][vc_column_text el_class=&#8220;&#8220;]Verschiffungen Die Sendungen werden bis 9 Uhr vorbereitet und innerhalb des folgenden Tages versandt. Ber\u00fccksichtigen Sie daher bei der Berechnung der Lieferzeit Ihrer Bestellung ein m\u00f6gliches Zeitfenster von zwei Werktagen f\u00fcr die Vorbereitungvor dem Versand.\u00a0 &nbsp; Sendungen k\u00f6nnen angefordert werden \u00fcber: \u2013 Italienische Post: \u00a0 via Posta Light (gew\u00f6hnlich) [&hellip;]<\/p>\n","protected":false},"author":1,"featured_media":0,"parent":0,"menu_order":0,"comment_status":"closed","ping_status":"closed","template":"","meta":{"_monsterinsights_skip_tracking":false,"_monsterinsights_sitenote_active":false,"_monsterinsights_sitenote_note":"","_monsterinsights_sitenote_category":0,"footnotes":""},"class_list":["post-4989","page","type-page","status-publish","hentry"],"yoast_head":"<!-- This site is optimized with the Yoast SEO plugin v26.2 - https:\/\/yoast.com\/wordpress\/plugins\/seo\/ -->\n<title>Verkaufsbedingungen - Slowshop<\/title>\n<meta name=\"robots\" content=\"index, follow, max-snippet:-1, max-image-preview:large, max-video-preview:-1\" \/>\n<link rel=\"canonical\" href=\"https:\/\/www.slowshop.eu\/de\/condizioni-di-vendita\/\" \/>\n<meta property=\"og:locale\" content=\"de_DE\" \/>\n<meta property=\"og:type\" content=\"article\" \/>\n<meta property=\"og:title\" content=\"Verkaufsbedingungen - Slowshop\" \/>\n<meta property=\"og:description\" content=\"[vc_row][vc_column][gsf_space desktop=&#8220;110&#8243; tablet=&#8220;90&#8243; tablet_portrait=&#8220;80&#8243; mobile_landscape=&#8220;70&#8243; mobile=&#8220;60&#8243;][vc_column_text el_class=&#8220;&#8220;]Verschiffungen Die Sendungen werden bis 9 Uhr vorbereitet und innerhalb des folgenden Tages versandt. Ber\u00fccksichtigen Sie daher bei der Berechnung der Lieferzeit Ihrer Bestellung ein m\u00f6gliches Zeitfenster von zwei Werktagen f\u00fcr die Vorbereitungvor dem Versand.\u00a0 &nbsp; Sendungen k\u00f6nnen angefordert werden \u00fcber: \u2013 Italienische Post: \u00a0 via Posta Light (gew\u00f6hnlich) [&hellip;]\" \/>\n<meta property=\"og:url\" content=\"https:\/\/www.slowshop.eu\/de\/condizioni-di-vendita\/\" \/>\n<meta property=\"og:site_name\" content=\"Slowshop\" \/>\n<meta property=\"article:modified_time\" content=\"2021-10-22T09:30:08+00:00\" \/>\n<meta property=\"og:image\" content=\"https:\/\/www.slowshop.eu\/wp-content\/uploads\/2024\/07\/cropped-immagine-1.png\" \/>\n\t<meta property=\"og:image:width\" content=\"512\" \/>\n\t<meta property=\"og:image:height\" content=\"512\" \/>\n\t<meta property=\"og:image:type\" content=\"image\/png\" \/>\n<meta name=\"twitter:card\" content=\"summary_large_image\" \/>\n<meta name=\"twitter:label1\" content=\"Gesch\u00e4tzte Lesezeit\" \/>\n\t<meta name=\"twitter:data1\" content=\"5\u00a0Minuten\" \/>\n<script type=\"application\/ld+json\" class=\"yoast-schema-graph\">{\"@context\":\"https:\/\/schema.org\",\"@graph\":[{\"@type\":\"WebPage\",\"@id\":\"https:\/\/www.slowshop.eu\/de\/condizioni-di-vendita\/\",\"url\":\"https:\/\/www.slowshop.eu\/de\/condizioni-di-vendita\/\",\"name\":\"Verkaufsbedingungen - Slowshop\",\"isPartOf\":{\"@id\":\"https:\/\/www.slowshop.eu\/de\/#website\"},\"datePublished\":\"2021-05-24T09:21:44+00:00\",\"dateModified\":\"2021-10-22T09:30:08+00:00\",\"breadcrumb\":{\"@id\":\"https:\/\/www.slowshop.eu\/de\/condizioni-di-vendita\/#breadcrumb\"},\"inLanguage\":\"de\",\"potentialAction\":[{\"@type\":\"ReadAction\",\"target\":[\"https:\/\/www.slowshop.eu\/de\/condizioni-di-vendita\/\"]}]},{\"@type\":\"BreadcrumbList\",\"@id\":\"https:\/\/www.slowshop.eu\/de\/condizioni-di-vendita\/#breadcrumb\",\"itemListElement\":[{\"@type\":\"ListItem\",\"position\":1,\"name\":\"Home\",\"item\":\"https:\/\/www.slowshop.eu\/de\/\"},{\"@type\":\"ListItem\",\"position\":2,\"name\":\"Verkaufsbedingungen\"}]},{\"@type\":\"WebSite\",\"@id\":\"https:\/\/www.slowshop.eu\/de\/#website\",\"url\":\"https:\/\/www.slowshop.eu\/de\/\",\"name\":\"SlowShop\",\"description\":\"Vie Francigene Shop\",\"publisher\":{\"@id\":\"https:\/\/www.slowshop.eu\/de\/#organization\"},\"potentialAction\":[{\"@type\":\"SearchAction\",\"target\":{\"@type\":\"EntryPoint\",\"urlTemplate\":\"https:\/\/www.slowshop.eu\/de\/?s={search_term_string}\"},\"query-input\":{\"@type\":\"PropertyValueSpecification\",\"valueRequired\":true,\"valueName\":\"search_term_string\"}}],\"inLanguage\":\"de\"},{\"@type\":\"Organization\",\"@id\":\"https:\/\/www.slowshop.eu\/de\/#organization\",\"name\":\"SlowShop\",\"url\":\"https:\/\/www.slowshop.eu\/de\/\",\"logo\":{\"@type\":\"ImageObject\",\"inLanguage\":\"de\",\"@id\":\"https:\/\/www.slowshop.eu\/de\/#\/schema\/logo\/image\/\",\"url\":\"https:\/\/www.slowshop.eu\/wp-content\/uploads\/2024\/07\/cropped-immagine-1.png\",\"contentUrl\":\"https:\/\/www.slowshop.eu\/wp-content\/uploads\/2024\/07\/cropped-immagine-1.png\",\"width\":512,\"height\":512,\"caption\":\"SlowShop\"},\"image\":{\"@id\":\"https:\/\/www.slowshop.eu\/de\/#\/schema\/logo\/image\/\"}}]}<\/script>\n<!-- \/ Yoast SEO plugin. -->","yoast_head_json":{"title":"Verkaufsbedingungen - Slowshop","robots":{"index":"index","follow":"follow","max-snippet":"max-snippet:-1","max-image-preview":"max-image-preview:large","max-video-preview":"max-video-preview:-1"},"canonical":"https:\/\/www.slowshop.eu\/de\/condizioni-di-vendita\/","og_locale":"de_DE","og_type":"article","og_title":"Verkaufsbedingungen - Slowshop","og_description":"[vc_row][vc_column][gsf_space desktop=&#8220;110&#8243; tablet=&#8220;90&#8243; tablet_portrait=&#8220;80&#8243; mobile_landscape=&#8220;70&#8243; mobile=&#8220;60&#8243;][vc_column_text el_class=&#8220;&#8220;]Verschiffungen Die Sendungen werden bis 9 Uhr vorbereitet und innerhalb des folgenden Tages versandt. Ber\u00fccksichtigen Sie daher bei der Berechnung der Lieferzeit Ihrer Bestellung ein m\u00f6gliches Zeitfenster von zwei Werktagen f\u00fcr die Vorbereitungvor dem Versand.\u00a0 &nbsp; Sendungen k\u00f6nnen angefordert werden \u00fcber: \u2013 Italienische Post: \u00a0 via Posta Light (gew\u00f6hnlich) [&hellip;]","og_url":"https:\/\/www.slowshop.eu\/de\/condizioni-di-vendita\/","og_site_name":"Slowshop","article_modified_time":"2021-10-22T09:30:08+00:00","og_image":[{"width":512,"height":512,"url":"https:\/\/www.slowshop.eu\/wp-content\/uploads\/2024\/07\/cropped-immagine-1.png","type":"image\/png"}],"twitter_card":"summary_large_image","twitter_misc":{"Gesch\u00e4tzte Lesezeit":"5\u00a0Minuten"},"schema":{"@context":"https:\/\/schema.org","@graph":[{"@type":"WebPage","@id":"https:\/\/www.slowshop.eu\/de\/condizioni-di-vendita\/","url":"https:\/\/www.slowshop.eu\/de\/condizioni-di-vendita\/","name":"Verkaufsbedingungen - Slowshop","isPartOf":{"@id":"https:\/\/www.slowshop.eu\/de\/#website"},"datePublished":"2021-05-24T09:21:44+00:00","dateModified":"2021-10-22T09:30:08+00:00","breadcrumb":{"@id":"https:\/\/www.slowshop.eu\/de\/condizioni-di-vendita\/#breadcrumb"},"inLanguage":"de","potentialAction":[{"@type":"ReadAction","target":["https:\/\/www.slowshop.eu\/de\/condizioni-di-vendita\/"]}]},{"@type":"BreadcrumbList","@id":"https:\/\/www.slowshop.eu\/de\/condizioni-di-vendita\/#breadcrumb","itemListElement":[{"@type":"ListItem","position":1,"name":"Home","item":"https:\/\/www.slowshop.eu\/de\/"},{"@type":"ListItem","position":2,"name":"Verkaufsbedingungen"}]},{"@type":"WebSite","@id":"https:\/\/www.slowshop.eu\/de\/#website","url":"https:\/\/www.slowshop.eu\/de\/","name":"SlowShop","description":"Vie Francigene Shop","publisher":{"@id":"https:\/\/www.slowshop.eu\/de\/#organization"},"potentialAction":[{"@type":"SearchAction","target":{"@type":"EntryPoint","urlTemplate":"https:\/\/www.slowshop.eu\/de\/?s={search_term_string}"},"query-input":{"@type":"PropertyValueSpecification","valueRequired":true,"valueName":"search_term_string"}}],"inLanguage":"de"},{"@type":"Organization","@id":"https:\/\/www.slowshop.eu\/de\/#organization","name":"SlowShop","url":"https:\/\/www.slowshop.eu\/de\/","logo":{"@type":"ImageObject","inLanguage":"de","@id":"https:\/\/www.slowshop.eu\/de\/#\/schema\/logo\/image\/","url":"https:\/\/www.slowshop.eu\/wp-content\/uploads\/2024\/07\/cropped-immagine-1.png","contentUrl":"https:\/\/www.slowshop.eu\/wp-content\/uploads\/2024\/07\/cropped-immagine-1.png","width":512,"height":512,"caption":"SlowShop"},"image":{"@id":"https:\/\/www.slowshop.eu\/de\/#\/schema\/logo\/image\/"}}]}},"_links":{"self":[{"href":"https:\/\/www.slowshop.eu\/de\/wp-json\/wp\/v2\/pages\/4989","targetHints":{"allow":["GET"]}}],"collection":[{"href":"https:\/\/www.slowshop.eu\/de\/wp-json\/wp\/v2\/pages"}],"about":[{"href":"https:\/\/www.slowshop.eu\/de\/wp-json\/wp\/v2\/types\/page"}],"author":[{"embeddable":true,"href":"https:\/\/www.slowshop.eu\/de\/wp-json\/wp\/v2\/users\/1"}],"replies":[{"embeddable":true,"href":"https:\/\/www.slowshop.eu\/de\/wp-json\/wp\/v2\/comments?post=4989"}],"version-history":[{"count":4,"href":"https:\/\/www.slowshop.eu\/de\/wp-json\/wp\/v2\/pages\/4989\/revisions"}],"predecessor-version":[{"id":20539,"href":"https:\/\/www.slowshop.eu\/de\/wp-json\/wp\/v2\/pages\/4989\/revisions\/20539"}],"wp:attachment":[{"href":"https:\/\/www.slowshop.eu\/de\/wp-json\/wp\/v2\/media?parent=4989"}],"curies":[{"name":"wp","href":"https:\/\/api.w.org\/{rel}","templated":true}]}}