{"id":10323,"date":"2022-11-04T14:56:20","date_gmt":"2022-11-04T13:56:21","guid":{"rendered":"https:\/\/www.slowshop.eu\/?post_type=product&#038;p=10323"},"modified":"2025-01-16T19:08:02","modified_gmt":"2025-01-16T18:08:02","slug":"la-via-romea-germanica-guida-in-inglese","status":"publish","type":"product","link":"https:\/\/www.slowshop.eu\/de\/produkt\/la-via-romea-germanica-guida-in-inglese\/","title":{"rendered":"La Via Romea Germanica &#8211; Guida in inglese"},"content":{"rendered":"<h3>Die Via Romea Germanica &#8211; Offizielles Reisebuch auf Englisch<\/h3>\n<p>Die Via Romea Germanica &#8211; Offizielles Reisebuch, 1000 km durch Italien in 46 Etappen.<\/p>\n<h4>Immer auf neue Entdeckungen:<\/h4>\n<p>Im Mittelalter begaben sich Reisende aus den L\u00e4ndern Westeuropas auf den Weg nach <strong>Rom<\/strong> entlang der Via Francigena. <strong>Diejenigen, die aus Nordeuropa und Mitteleuropa kamen<\/strong>, hingegen folgten der <strong>Via Romea Germanica.<\/strong><\/p>\n<p>Ein alter Weg, den Pilger, Reisende, H\u00e4ndler und K\u00f6nige \u00fcberquerten und der Italien <strong>von Nord nach S\u00fcd<\/strong> durchzieht, dabei wundersch\u00f6ne D\u00f6rfer und <strong>Kunstst\u00e4dte<\/strong> wie Padua, Ferrara, Ravenna, Orvieto, Civita di Bagnoregio und Montefiascone ber\u00fchrt.<\/p>\n<p>Anderthalb Monate zum Wandern oder mit dem Fahrrad auf Feldwegen und kleinen Stra\u00dfen, eingetaucht in die sch\u00f6nsten Landschaften der Halbinsel: von den Alpen bis zur Adria, von den W\u00e4ldern des Apennin bis zu den H\u00fcgeln der Toskana und Umbriens.<\/p>\n<p>Un itinerario da vivere tutto in una volta, o anche a tappe.<\/p>\n<p><strong>Mit allen n\u00fctzlichen Informationen, um sich auf den Weg zu machen<\/strong>: wie man sich vorbereitet, wann man startet, die detaillierte Beschreibung der Etappen, Karten, H\u00f6henprofile, H\u00f6henunterschiede, wo man \u00fcbernachten kann, die Orte, die man nicht verpassen sollte, vertiefende Informationen.<\/p>\n<p>Au\u00dferdem gibt es einen Abschnitt mit technischen Daten f\u00fcr<strong> Radfahrer<\/strong> und die f\u00fcr Fahrr\u00e4der am besten geeigneten Varianten.<\/p>\n<p><strong> Ein Leitfaden f\u00fcr alle<\/strong>, sei es f\u00fcr Pilger, Wanderer, Reisende oder f\u00fcr diejenigen, die sich auch auf kurzen Strecken entlang einer der aufstrebendsten und noch zu entdeckenden Routen versuchen m\u00f6chten.<\/p>\n<p><strong><span style=\"font-family: 'Calibri',sans-serif;\">Besitzen Sie bereits den Pilgerausweis?<\/span><\/strong><b><\/b><br \/>\nDer Pilgerausweis ist der &#8222;Reisepass&#8220; des Pilgers. Es bescheinigt die Identit\u00e4t und die Beweggr\u00fcnde des Reisenden und ist ein unverzichtbares Instrument. <a href=\"https:\/\/www.slowshop.eu\/prodotto\/credenziale-del-pellegrino-via-francigena\/\"><strong><span style=\"font-family: 'Calibri',sans-serif; color: #e06100; text-decoration: none; text-underline: none;\">Sie k\u00f6nnen es hier kaufen.<\/span><\/strong><\/a><\/p>\n<h2><strong>Reise mit uns<\/strong><\/h2>\n<p>Jetzt, wo Sie Ihren offiziellen Ausweis haben, m\u00fcssen Sie nur noch Ihre Reise entlang der <a href=\"https:\/\/www.sloways.eu\/tema_via-francigena\">Via Francigena<\/a> buchen. Wenn Sie auf unserer Website buchen, erhalten Sie vollst\u00e4ndige Unterlagen f\u00fcr Ihre Reise. Wir bieten Ihnen eine 24-Stunden-Betreuung und buchen traumhafte Unterk\u00fcnfte f\u00fcr Ihren Aufenthalt, damit Ihr Urlaub zu einem unvergesslichen Erlebnis wird. Um uns zu kontaktieren, schreiben Sie eine E-Mail an <a href=\"mailto:info@sloways.eu\">info@sloways.eu<\/a> oder besuchen <a href=\"https:\/\/www.sloways.eu\/contatti\">Sie die Seite.<\/a><\/p>\n","protected":false},"excerpt":{"rendered":"<p>Kaufe das Reisebuch zur Via Romea Germanica.<\/p>\n<p>Die Via Romea Germanica &#8211; Offizielles Reisebuch, 1000 km durch Italien in 46 Etappen, reich an neuen Einblicken und n\u00fctzlichen Informationen f\u00fcr diejenigen, die sich auf den Weg machen, selbst f\u00fcr nur ein paar Tage.<\/p>\n","protected":false},"featured_media":10336,"template":"","meta":{"_monsterinsights_skip_tracking":false,"_monsterinsights_sitenote_active":false,"_monsterinsights_sitenote_note":"","_monsterinsights_sitenote_category":0},"product_brand":[],"product_cat":[132],"product_tag":[158],"class_list":{"0":"post-10323","1":"product","2":"type-product","3":"status-publish","4":"has-post-thumbnail","6":"product_cat-guide-e-credenziali-de","7":"product_tag-via-romea-germanica-de","8":"tm-no-options","10":"first","11":"instock","12":"taxable","13":"shipping-taxable","14":"purchasable","15":"product-type-simple"},"bundle_layout":"","bundle_add_to_cart_form_location":"","bundle_editable_in_cart":false,"bundle_sold_individually_context":"","bundle_item_grouping":"","bundle_min_size":"","bundle_max_size":"","bundled_by":["10363"],"bundled_items":[],"yoast_head":"<!-- This site is optimized with the Yoast SEO plugin v26.2 - https:\/\/yoast.com\/wordpress\/plugins\/seo\/ -->\n<title>La Via Romea Germanica - Guida in inglese - Slowshop<\/title>\n<meta name=\"description\" content=\"Acquista La Via Romea Germanica - Guida Ufficiale. Un cammino da Roma a Santa Maria di Leuca \u2013 930 km tra vie consolari, aree archeologiche.\" \/>\n<meta name=\"robots\" content=\"index, follow, max-snippet:-1, max-image-preview:large, max-video-preview:-1\" \/>\n<link rel=\"canonical\" href=\"https:\/\/www.slowshop.eu\/de\/produkt\/la-via-romea-germanica-guida-in-inglese\/\" \/>\n<meta property=\"og:locale\" content=\"de_DE\" \/>\n<meta property=\"og:type\" content=\"article\" \/>\n<meta property=\"og:title\" content=\"La Via Romea Germanica - Guida in inglese - Slowshop\" \/>\n<meta property=\"og:description\" content=\"Acquista La Via Romea Germanica - Guida Ufficiale. Un cammino da Roma a Santa Maria di Leuca \u2013 930 km tra vie consolari, aree archeologiche.\" \/>\n<meta property=\"og:url\" content=\"https:\/\/www.slowshop.eu\/de\/produkt\/la-via-romea-germanica-guida-in-inglese\/\" \/>\n<meta property=\"og:site_name\" content=\"Slowshop\" \/>\n<meta property=\"article:modified_time\" content=\"2025-01-16T18:08:02+00:00\" \/>\n<meta property=\"og:image\" content=\"https:\/\/www.slowshop.eu\/wp-content\/uploads\/2022\/11\/Via-romeo-germanica-9-2.png\" \/>\n\t<meta property=\"og:image:width\" content=\"600\" \/>\n\t<meta property=\"og:image:height\" content=\"750\" \/>\n\t<meta property=\"og:image:type\" content=\"image\/png\" \/>\n<meta name=\"twitter:card\" content=\"summary_large_image\" \/>\n<meta name=\"twitter:label1\" content=\"Gesch\u00e4tzte Lesezeit\" \/>\n\t<meta name=\"twitter:data1\" content=\"2\u00a0Minuten\" \/>\n<script type=\"application\/ld+json\" class=\"yoast-schema-graph\">{\"@context\":\"https:\/\/schema.org\",\"@graph\":[{\"@type\":\"WebPage\",\"@id\":\"https:\/\/www.slowshop.eu\/de\/produkt\/la-via-romea-germanica-guida-in-inglese\/\",\"url\":\"https:\/\/www.slowshop.eu\/de\/produkt\/la-via-romea-germanica-guida-in-inglese\/\",\"name\":\"La Via Romea Germanica - Guida in inglese - Slowshop\",\"isPartOf\":{\"@id\":\"https:\/\/www.slowshop.eu\/de\/#website\"},\"primaryImageOfPage\":{\"@id\":\"https:\/\/www.slowshop.eu\/de\/produkt\/la-via-romea-germanica-guida-in-inglese\/#primaryimage\"},\"image\":{\"@id\":\"https:\/\/www.slowshop.eu\/de\/produkt\/la-via-romea-germanica-guida-in-inglese\/#primaryimage\"},\"thumbnailUrl\":\"https:\/\/www.slowshop.eu\/wp-content\/uploads\/2022\/11\/Via-romeo-germanica-9-2.png\",\"datePublished\":\"2022-11-04T13:56:21+00:00\",\"dateModified\":\"2025-01-16T18:08:02+00:00\",\"description\":\"Acquista La Via Romea Germanica - Guida Ufficiale. Un cammino da Roma a Santa Maria di Leuca \u2013 930 km tra vie consolari, aree archeologiche.\",\"breadcrumb\":{\"@id\":\"https:\/\/www.slowshop.eu\/de\/produkt\/la-via-romea-germanica-guida-in-inglese\/#breadcrumb\"},\"inLanguage\":\"de\",\"potentialAction\":[{\"@type\":\"ReadAction\",\"target\":[\"https:\/\/www.slowshop.eu\/de\/produkt\/la-via-romea-germanica-guida-in-inglese\/\"]}]},{\"@type\":\"ImageObject\",\"inLanguage\":\"de\",\"@id\":\"https:\/\/www.slowshop.eu\/de\/produkt\/la-via-romea-germanica-guida-in-inglese\/#primaryimage\",\"url\":\"https:\/\/www.slowshop.eu\/wp-content\/uploads\/2022\/11\/Via-romeo-germanica-9-2.png\",\"contentUrl\":\"https:\/\/www.slowshop.eu\/wp-content\/uploads\/2022\/11\/Via-romeo-germanica-9-2.png\",\"width\":600,\"height\":750},{\"@type\":\"BreadcrumbList\",\"@id\":\"https:\/\/www.slowshop.eu\/de\/produkt\/la-via-romea-germanica-guida-in-inglese\/#breadcrumb\",\"itemListElement\":[{\"@type\":\"ListItem\",\"position\":1,\"name\":\"Home\",\"item\":\"https:\/\/www.slowshop.eu\/de\/\"},{\"@type\":\"ListItem\",\"position\":2,\"name\":\"Cataloge\",\"item\":\"https:\/\/www.slowshop.eu\/catalogo\/\"},{\"@type\":\"ListItem\",\"position\":3,\"name\":\"La Via Romea Germanica &#8211; Guida in inglese\"}]},{\"@type\":\"WebSite\",\"@id\":\"https:\/\/www.slowshop.eu\/de\/#website\",\"url\":\"https:\/\/www.slowshop.eu\/de\/\",\"name\":\"SlowShop\",\"description\":\"Vie Francigene Shop\",\"publisher\":{\"@id\":\"https:\/\/www.slowshop.eu\/de\/#organization\"},\"potentialAction\":[{\"@type\":\"SearchAction\",\"target\":{\"@type\":\"EntryPoint\",\"urlTemplate\":\"https:\/\/www.slowshop.eu\/de\/?s={search_term_string}\"},\"query-input\":{\"@type\":\"PropertyValueSpecification\",\"valueRequired\":true,\"valueName\":\"search_term_string\"}}],\"inLanguage\":\"de\"},{\"@type\":\"Organization\",\"@id\":\"https:\/\/www.slowshop.eu\/de\/#organization\",\"name\":\"SlowShop\",\"url\":\"https:\/\/www.slowshop.eu\/de\/\",\"logo\":{\"@type\":\"ImageObject\",\"inLanguage\":\"de\",\"@id\":\"https:\/\/www.slowshop.eu\/de\/#\/schema\/logo\/image\/\",\"url\":\"https:\/\/www.slowshop.eu\/wp-content\/uploads\/2024\/07\/cropped-immagine-1.png\",\"contentUrl\":\"https:\/\/www.slowshop.eu\/wp-content\/uploads\/2024\/07\/cropped-immagine-1.png\",\"width\":512,\"height\":512,\"caption\":\"SlowShop\"},\"image\":{\"@id\":\"https:\/\/www.slowshop.eu\/de\/#\/schema\/logo\/image\/\"}}]}<\/script>\n<!-- \/ Yoast SEO plugin. -->","yoast_head_json":{"title":"La Via Romea Germanica - Guida in inglese - Slowshop","description":"Acquista La Via Romea Germanica - Guida Ufficiale. Un cammino da Roma a Santa Maria di Leuca \u2013 930 km tra vie consolari, aree archeologiche.","robots":{"index":"index","follow":"follow","max-snippet":"max-snippet:-1","max-image-preview":"max-image-preview:large","max-video-preview":"max-video-preview:-1"},"canonical":"https:\/\/www.slowshop.eu\/de\/produkt\/la-via-romea-germanica-guida-in-inglese\/","og_locale":"de_DE","og_type":"article","og_title":"La Via Romea Germanica - Guida in inglese - Slowshop","og_description":"Acquista La Via Romea Germanica - Guida Ufficiale. Un cammino da Roma a Santa Maria di Leuca \u2013 930 km tra vie consolari, aree archeologiche.","og_url":"https:\/\/www.slowshop.eu\/de\/produkt\/la-via-romea-germanica-guida-in-inglese\/","og_site_name":"Slowshop","article_modified_time":"2025-01-16T18:08:02+00:00","og_image":[{"width":600,"height":750,"url":"https:\/\/www.slowshop.eu\/wp-content\/uploads\/2022\/11\/Via-romeo-germanica-9-2.png","type":"image\/png"}],"twitter_card":"summary_large_image","twitter_misc":{"Gesch\u00e4tzte Lesezeit":"2\u00a0Minuten"},"schema":{"@context":"https:\/\/schema.org","@graph":[{"@type":"WebPage","@id":"https:\/\/www.slowshop.eu\/de\/produkt\/la-via-romea-germanica-guida-in-inglese\/","url":"https:\/\/www.slowshop.eu\/de\/produkt\/la-via-romea-germanica-guida-in-inglese\/","name":"La Via Romea Germanica - Guida in inglese - Slowshop","isPartOf":{"@id":"https:\/\/www.slowshop.eu\/de\/#website"},"primaryImageOfPage":{"@id":"https:\/\/www.slowshop.eu\/de\/produkt\/la-via-romea-germanica-guida-in-inglese\/#primaryimage"},"image":{"@id":"https:\/\/www.slowshop.eu\/de\/produkt\/la-via-romea-germanica-guida-in-inglese\/#primaryimage"},"thumbnailUrl":"https:\/\/www.slowshop.eu\/wp-content\/uploads\/2022\/11\/Via-romeo-germanica-9-2.png","datePublished":"2022-11-04T13:56:21+00:00","dateModified":"2025-01-16T18:08:02+00:00","description":"Acquista La Via Romea Germanica - Guida Ufficiale. Un cammino da Roma a Santa Maria di Leuca \u2013 930 km tra vie consolari, aree archeologiche.","breadcrumb":{"@id":"https:\/\/www.slowshop.eu\/de\/produkt\/la-via-romea-germanica-guida-in-inglese\/#breadcrumb"},"inLanguage":"de","potentialAction":[{"@type":"ReadAction","target":["https:\/\/www.slowshop.eu\/de\/produkt\/la-via-romea-germanica-guida-in-inglese\/"]}]},{"@type":"ImageObject","inLanguage":"de","@id":"https:\/\/www.slowshop.eu\/de\/produkt\/la-via-romea-germanica-guida-in-inglese\/#primaryimage","url":"https:\/\/www.slowshop.eu\/wp-content\/uploads\/2022\/11\/Via-romeo-germanica-9-2.png","contentUrl":"https:\/\/www.slowshop.eu\/wp-content\/uploads\/2022\/11\/Via-romeo-germanica-9-2.png","width":600,"height":750},{"@type":"BreadcrumbList","@id":"https:\/\/www.slowshop.eu\/de\/produkt\/la-via-romea-germanica-guida-in-inglese\/#breadcrumb","itemListElement":[{"@type":"ListItem","position":1,"name":"Home","item":"https:\/\/www.slowshop.eu\/de\/"},{"@type":"ListItem","position":2,"name":"Cataloge","item":"https:\/\/www.slowshop.eu\/catalogo\/"},{"@type":"ListItem","position":3,"name":"La Via Romea Germanica &#8211; Guida in inglese"}]},{"@type":"WebSite","@id":"https:\/\/www.slowshop.eu\/de\/#website","url":"https:\/\/www.slowshop.eu\/de\/","name":"SlowShop","description":"Vie Francigene Shop","publisher":{"@id":"https:\/\/www.slowshop.eu\/de\/#organization"},"potentialAction":[{"@type":"SearchAction","target":{"@type":"EntryPoint","urlTemplate":"https:\/\/www.slowshop.eu\/de\/?s={search_term_string}"},"query-input":{"@type":"PropertyValueSpecification","valueRequired":true,"valueName":"search_term_string"}}],"inLanguage":"de"},{"@type":"Organization","@id":"https:\/\/www.slowshop.eu\/de\/#organization","name":"SlowShop","url":"https:\/\/www.slowshop.eu\/de\/","logo":{"@type":"ImageObject","inLanguage":"de","@id":"https:\/\/www.slowshop.eu\/de\/#\/schema\/logo\/image\/","url":"https:\/\/www.slowshop.eu\/wp-content\/uploads\/2024\/07\/cropped-immagine-1.png","contentUrl":"https:\/\/www.slowshop.eu\/wp-content\/uploads\/2024\/07\/cropped-immagine-1.png","width":512,"height":512,"caption":"SlowShop"},"image":{"@id":"https:\/\/www.slowshop.eu\/de\/#\/schema\/logo\/image\/"}}]}},"_links":{"self":[{"href":"https:\/\/www.slowshop.eu\/de\/wp-json\/wp\/v2\/product\/10323","targetHints":{"allow":["GET"]}}],"collection":[{"href":"https:\/\/www.slowshop.eu\/de\/wp-json\/wp\/v2\/product"}],"about":[{"href":"https:\/\/www.slowshop.eu\/de\/wp-json\/wp\/v2\/types\/product"}],"wp:featuredmedia":[{"embeddable":true,"href":"https:\/\/www.slowshop.eu\/de\/wp-json\/wp\/v2\/media\/10336"}],"wp:attachment":[{"href":"https:\/\/www.slowshop.eu\/de\/wp-json\/wp\/v2\/media?parent=10323"}],"wp:term":[{"taxonomy":"product_brand","embeddable":true,"href":"https:\/\/www.slowshop.eu\/de\/wp-json\/wp\/v2\/product_brand?post=10323"},{"taxonomy":"product_cat","embeddable":true,"href":"https:\/\/www.slowshop.eu\/de\/wp-json\/wp\/v2\/product_cat?post=10323"},{"taxonomy":"product_tag","embeddable":true,"href":"https:\/\/www.slowshop.eu\/de\/wp-json\/wp\/v2\/product_tag?post=10323"}],"curies":[{"name":"wp","href":"https:\/\/api.w.org\/{rel}","templated":true}]}}