{"id":14628,"date":"2023-09-25T17:01:19","date_gmt":"2023-09-25T15:01:20","guid":{"rendered":"https:\/\/www.slowshop.eu\/?post_type=product&#038;p=14628"},"modified":"2023-12-05T09:59:36","modified_gmt":"2023-12-05T08:59:36","slug":"ausrustung-pilgerpass-und-t-shirt-via-francigena-pilgerpass-2","status":"publish","type":"product","link":"https:\/\/www.slowshop.eu\/de\/produkt\/ausrustung-pilgerpass-und-t-shirt-via-francigena-pilgerpass-2\/","title":{"rendered":"Ausr\u00fcstung: Pilgerpass und T-Shirt Via Francigena Pilgerpass"},"content":{"rendered":"<h3>Ausr\u00fcstung: Pilgerpass und T-Shirt Via Francigena<\/h3>\n<p>Das Kit: Via Francigena Credential und T-Shirt enth\u00e4lt den Credential, den Pilgerpass, und das offizielle Via Francigena-T-Shirt mit dem Logo des Pilgers!<\/p>\n<p>Machen Sie Ihr Foto und folgen Sie unserer Seite @sloways_travel auf Instagram mit dem Hashtag #spassolento<\/p>\n<p>Folgen Sie den Spuren von Erzbischof Sigeric entlang der ber\u00fchmten Route&#8230;<\/p>\n<p>\u00dcber dreitausend Kilometer der Via Francigena von Canterbury nach Rom und weiter nach Santa Maria di Leuca. Eine Route, die das Europa der V\u00f6lker und Kulturen vereint und f\u00fcnf Staaten ber\u00fchrt. Die Route f\u00fchrt durch Kent (Vereinigtes K\u00f6nigreich), die Regionen Haute-de-France, Grand Est und Bourgogne-Franche-Comt\u00e9 (Frankreich), die Kantone Waadt und Wallis (Schweiz), die Regionen Aostatal, Piemont, Lombardei, Emilia-Romagna, Ligurien, Toskana, Latium, Kampanien, Basilicata und Apulien (Italien) sowie den Vatikanstaat in Rom.<\/p>\n<p>Einen ganzen Monat, eine Woche oder ein paar Tage. Erleben Sie eine au\u00dfergew\u00f6hnliche Reise, allein oder in der Gruppe, um unerwartete Landschaften, mittelalterliche Gemeinden und r\u00f6mische Stra\u00dfen zu entdecken. Fahren Sie durch einige der sch\u00f6nsten und stimmungsvollsten D\u00f6rfer Europas.<\/p>\n<p><strong>Besitzen Sie den Ausweis bereits?<\/strong><br \/>\nDer Pilgerausweis ist der &#8222;Pilgerpass&#8220;. Es bescheinigt die Identit\u00e4t und die Beweggr\u00fcnde des Wanderers und ist ein unverzichtbares Instrument. <a href=\"https:\/\/www.slowshop.eu\/prodotto\/credenziale-del-pellegrino-via-francigena\/\"><strong><span style=\"font-family: 'Calibri',sans-serif; color: #e06100; text-decoration: none; text-underline: none;\">Sie k\u00f6nnen es hier kaufen.<\/span><\/strong><\/a><\/p>\n<h2><strong>Urlaub mit uns<\/strong><\/h2>\n<p>Buchen Sie Ihre Wanderung auf der Via Francigena mit Ihrem Pilgerausweis,\u00a0<a href=\"https:\/\/www.sloways.eu\/tema_via-francigena\">hier klicken.<\/a><\/p>\n","protected":false},"excerpt":{"rendered":"<p>Das Kit: Via Francigena Credential und T-Shirt enth\u00e4lt den Credential, den Pilgerpass, und das offizielle Via Francigena-T-Shirt mit dem Logo des Pilgers!<\/p>\n","protected":false},"featured_media":14632,"template":"","meta":{"_monsterinsights_skip_tracking":false,"_monsterinsights_sitenote_active":false,"_monsterinsights_sitenote_note":"","_monsterinsights_sitenote_category":0},"product_brand":[],"product_cat":[145,178],"product_tag":[133,151],"class_list":{"0":"post-14628","1":"product","2":"type-product","3":"status-publish","4":"has-post-thumbnail","6":"product_cat-cammino-di-santiago-de","7":"product_cat-kleidung-de","8":"product_tag-cammini-de","9":"product_tag-via-francigena-de","10":"tm-no-options","12":"first","13":"instock","14":"virtual","15":"taxable","16":"purchasable","17":"product-type-bundle"},"bundle_layout":"default","bundle_add_to_cart_form_location":"default","bundle_editable_in_cart":false,"bundle_sold_individually_context":"product","bundle_item_grouping":"parent","bundle_min_size":"","bundle_max_size":"","bundled_by":[],"bundled_items":[{"bundled_item_id":433,"product_id":5237,"menu_order":0,"quantity_min":1,"quantity_max":1,"quantity_default":1,"priced_individually":false,"shipped_individually":false,"override_title":false,"title":"Offizieller Pilgerpass Jakobsweg","override_description":false,"description":"Offizieller Pilgerpass Jakobsweg","optional":false,"hide_thumbnail":false,"discount":"","override_variations":false,"allowed_variations":[""],"override_default_variation_attributes":false,"default_variation_attributes":[],"single_product_visibility":"visible","cart_visibility":"visible","order_visibility":"visible","single_product_price_visibility":"visible","cart_price_visibility":"visible","order_price_visibility":"visible","stock_status":"in_stock"}],"yoast_head":"<!-- This site is optimized with the Yoast SEO plugin v26.2 - https:\/\/yoast.com\/wordpress\/plugins\/seo\/ -->\n<title>Ausr\u00fcstung: Pilgerpass und T-Shirt Via Francigena Pilgerpass - Slowshop<\/title>\n<meta name=\"robots\" content=\"index, follow, max-snippet:-1, max-image-preview:large, max-video-preview:-1\" \/>\n<link rel=\"canonical\" href=\"https:\/\/www.slowshop.eu\/de\/produkt\/ausrustung-pilgerpass-und-t-shirt-via-francigena-pilgerpass-2\/\" \/>\n<meta property=\"og:locale\" content=\"de_DE\" \/>\n<meta property=\"og:type\" content=\"article\" \/>\n<meta property=\"og:title\" content=\"Ausr\u00fcstung: Pilgerpass und T-Shirt Via Francigena Pilgerpass - Slowshop\" \/>\n<meta property=\"og:description\" content=\"Das Kit: Via Francigena Credential und T-Shirt enth\u00e4lt den Credential, den Pilgerpass, und das offizielle Via Francigena-T-Shirt mit dem Logo des Pilgers!\" \/>\n<meta property=\"og:url\" content=\"https:\/\/www.slowshop.eu\/de\/produkt\/ausrustung-pilgerpass-und-t-shirt-via-francigena-pilgerpass-2\/\" \/>\n<meta property=\"og:site_name\" content=\"Slowshop\" \/>\n<meta property=\"article:modified_time\" content=\"2023-12-05T08:59:36+00:00\" \/>\n<meta property=\"og:image\" content=\"https:\/\/www.slowshop.eu\/wp-content\/uploads\/2023\/09\/T-Shirt-santiagocredenziale.png\" \/>\n\t<meta property=\"og:image:width\" content=\"600\" \/>\n\t<meta property=\"og:image:height\" content=\"750\" \/>\n\t<meta property=\"og:image:type\" content=\"image\/png\" \/>\n<meta name=\"twitter:card\" content=\"summary_large_image\" \/>\n<meta name=\"twitter:label1\" content=\"Gesch\u00e4tzte Lesezeit\" \/>\n\t<meta name=\"twitter:data1\" content=\"1\u00a0Minute\" \/>\n<script type=\"application\/ld+json\" class=\"yoast-schema-graph\">{\"@context\":\"https:\/\/schema.org\",\"@graph\":[{\"@type\":\"WebPage\",\"@id\":\"https:\/\/www.slowshop.eu\/de\/produkt\/ausrustung-pilgerpass-und-t-shirt-via-francigena-pilgerpass-2\/\",\"url\":\"https:\/\/www.slowshop.eu\/de\/produkt\/ausrustung-pilgerpass-und-t-shirt-via-francigena-pilgerpass-2\/\",\"name\":\"Ausr\u00fcstung: Pilgerpass und T-Shirt Via Francigena Pilgerpass - Slowshop\",\"isPartOf\":{\"@id\":\"https:\/\/www.slowshop.eu\/de\/#website\"},\"primaryImageOfPage\":{\"@id\":\"https:\/\/www.slowshop.eu\/de\/produkt\/ausrustung-pilgerpass-und-t-shirt-via-francigena-pilgerpass-2\/#primaryimage\"},\"image\":{\"@id\":\"https:\/\/www.slowshop.eu\/de\/produkt\/ausrustung-pilgerpass-und-t-shirt-via-francigena-pilgerpass-2\/#primaryimage\"},\"thumbnailUrl\":\"https:\/\/www.slowshop.eu\/wp-content\/uploads\/2023\/09\/T-Shirt-santiagocredenziale.png\",\"datePublished\":\"2023-09-25T15:01:20+00:00\",\"dateModified\":\"2023-12-05T08:59:36+00:00\",\"breadcrumb\":{\"@id\":\"https:\/\/www.slowshop.eu\/de\/produkt\/ausrustung-pilgerpass-und-t-shirt-via-francigena-pilgerpass-2\/#breadcrumb\"},\"inLanguage\":\"de\",\"potentialAction\":[{\"@type\":\"ReadAction\",\"target\":[\"https:\/\/www.slowshop.eu\/de\/produkt\/ausrustung-pilgerpass-und-t-shirt-via-francigena-pilgerpass-2\/\"]}]},{\"@type\":\"ImageObject\",\"inLanguage\":\"de\",\"@id\":\"https:\/\/www.slowshop.eu\/de\/produkt\/ausrustung-pilgerpass-und-t-shirt-via-francigena-pilgerpass-2\/#primaryimage\",\"url\":\"https:\/\/www.slowshop.eu\/wp-content\/uploads\/2023\/09\/T-Shirt-santiagocredenziale.png\",\"contentUrl\":\"https:\/\/www.slowshop.eu\/wp-content\/uploads\/2023\/09\/T-Shirt-santiagocredenziale.png\",\"width\":600,\"height\":750},{\"@type\":\"BreadcrumbList\",\"@id\":\"https:\/\/www.slowshop.eu\/de\/produkt\/ausrustung-pilgerpass-und-t-shirt-via-francigena-pilgerpass-2\/#breadcrumb\",\"itemListElement\":[{\"@type\":\"ListItem\",\"position\":1,\"name\":\"Home\",\"item\":\"https:\/\/www.slowshop.eu\/de\/\"},{\"@type\":\"ListItem\",\"position\":2,\"name\":\"Cataloge\",\"item\":\"https:\/\/www.slowshop.eu\/catalogo\/\"},{\"@type\":\"ListItem\",\"position\":3,\"name\":\"Ausr\u00fcstung: Pilgerpass und T-Shirt Via Francigena Pilgerpass\"}]},{\"@type\":\"WebSite\",\"@id\":\"https:\/\/www.slowshop.eu\/de\/#website\",\"url\":\"https:\/\/www.slowshop.eu\/de\/\",\"name\":\"SlowShop\",\"description\":\"Vie Francigene Shop\",\"publisher\":{\"@id\":\"https:\/\/www.slowshop.eu\/de\/#organization\"},\"potentialAction\":[{\"@type\":\"SearchAction\",\"target\":{\"@type\":\"EntryPoint\",\"urlTemplate\":\"https:\/\/www.slowshop.eu\/de\/?s={search_term_string}\"},\"query-input\":{\"@type\":\"PropertyValueSpecification\",\"valueRequired\":true,\"valueName\":\"search_term_string\"}}],\"inLanguage\":\"de\"},{\"@type\":\"Organization\",\"@id\":\"https:\/\/www.slowshop.eu\/de\/#organization\",\"name\":\"SlowShop\",\"url\":\"https:\/\/www.slowshop.eu\/de\/\",\"logo\":{\"@type\":\"ImageObject\",\"inLanguage\":\"de\",\"@id\":\"https:\/\/www.slowshop.eu\/de\/#\/schema\/logo\/image\/\",\"url\":\"https:\/\/www.slowshop.eu\/wp-content\/uploads\/2024\/07\/cropped-immagine-1.png\",\"contentUrl\":\"https:\/\/www.slowshop.eu\/wp-content\/uploads\/2024\/07\/cropped-immagine-1.png\",\"width\":512,\"height\":512,\"caption\":\"SlowShop\"},\"image\":{\"@id\":\"https:\/\/www.slowshop.eu\/de\/#\/schema\/logo\/image\/\"}}]}<\/script>\n<!-- \/ Yoast SEO plugin. -->","yoast_head_json":{"title":"Ausr\u00fcstung: Pilgerpass und T-Shirt Via Francigena Pilgerpass - Slowshop","robots":{"index":"index","follow":"follow","max-snippet":"max-snippet:-1","max-image-preview":"max-image-preview:large","max-video-preview":"max-video-preview:-1"},"canonical":"https:\/\/www.slowshop.eu\/de\/produkt\/ausrustung-pilgerpass-und-t-shirt-via-francigena-pilgerpass-2\/","og_locale":"de_DE","og_type":"article","og_title":"Ausr\u00fcstung: Pilgerpass und T-Shirt Via Francigena Pilgerpass - Slowshop","og_description":"Das Kit: Via Francigena Credential und T-Shirt enth\u00e4lt den Credential, den Pilgerpass, und das offizielle Via Francigena-T-Shirt mit dem Logo des Pilgers!","og_url":"https:\/\/www.slowshop.eu\/de\/produkt\/ausrustung-pilgerpass-und-t-shirt-via-francigena-pilgerpass-2\/","og_site_name":"Slowshop","article_modified_time":"2023-12-05T08:59:36+00:00","og_image":[{"width":600,"height":750,"url":"https:\/\/www.slowshop.eu\/wp-content\/uploads\/2023\/09\/T-Shirt-santiagocredenziale.png","type":"image\/png"}],"twitter_card":"summary_large_image","twitter_misc":{"Gesch\u00e4tzte Lesezeit":"1\u00a0Minute"},"schema":{"@context":"https:\/\/schema.org","@graph":[{"@type":"WebPage","@id":"https:\/\/www.slowshop.eu\/de\/produkt\/ausrustung-pilgerpass-und-t-shirt-via-francigena-pilgerpass-2\/","url":"https:\/\/www.slowshop.eu\/de\/produkt\/ausrustung-pilgerpass-und-t-shirt-via-francigena-pilgerpass-2\/","name":"Ausr\u00fcstung: Pilgerpass und T-Shirt Via Francigena Pilgerpass - Slowshop","isPartOf":{"@id":"https:\/\/www.slowshop.eu\/de\/#website"},"primaryImageOfPage":{"@id":"https:\/\/www.slowshop.eu\/de\/produkt\/ausrustung-pilgerpass-und-t-shirt-via-francigena-pilgerpass-2\/#primaryimage"},"image":{"@id":"https:\/\/www.slowshop.eu\/de\/produkt\/ausrustung-pilgerpass-und-t-shirt-via-francigena-pilgerpass-2\/#primaryimage"},"thumbnailUrl":"https:\/\/www.slowshop.eu\/wp-content\/uploads\/2023\/09\/T-Shirt-santiagocredenziale.png","datePublished":"2023-09-25T15:01:20+00:00","dateModified":"2023-12-05T08:59:36+00:00","breadcrumb":{"@id":"https:\/\/www.slowshop.eu\/de\/produkt\/ausrustung-pilgerpass-und-t-shirt-via-francigena-pilgerpass-2\/#breadcrumb"},"inLanguage":"de","potentialAction":[{"@type":"ReadAction","target":["https:\/\/www.slowshop.eu\/de\/produkt\/ausrustung-pilgerpass-und-t-shirt-via-francigena-pilgerpass-2\/"]}]},{"@type":"ImageObject","inLanguage":"de","@id":"https:\/\/www.slowshop.eu\/de\/produkt\/ausrustung-pilgerpass-und-t-shirt-via-francigena-pilgerpass-2\/#primaryimage","url":"https:\/\/www.slowshop.eu\/wp-content\/uploads\/2023\/09\/T-Shirt-santiagocredenziale.png","contentUrl":"https:\/\/www.slowshop.eu\/wp-content\/uploads\/2023\/09\/T-Shirt-santiagocredenziale.png","width":600,"height":750},{"@type":"BreadcrumbList","@id":"https:\/\/www.slowshop.eu\/de\/produkt\/ausrustung-pilgerpass-und-t-shirt-via-francigena-pilgerpass-2\/#breadcrumb","itemListElement":[{"@type":"ListItem","position":1,"name":"Home","item":"https:\/\/www.slowshop.eu\/de\/"},{"@type":"ListItem","position":2,"name":"Cataloge","item":"https:\/\/www.slowshop.eu\/catalogo\/"},{"@type":"ListItem","position":3,"name":"Ausr\u00fcstung: Pilgerpass und T-Shirt Via Francigena Pilgerpass"}]},{"@type":"WebSite","@id":"https:\/\/www.slowshop.eu\/de\/#website","url":"https:\/\/www.slowshop.eu\/de\/","name":"SlowShop","description":"Vie Francigene Shop","publisher":{"@id":"https:\/\/www.slowshop.eu\/de\/#organization"},"potentialAction":[{"@type":"SearchAction","target":{"@type":"EntryPoint","urlTemplate":"https:\/\/www.slowshop.eu\/de\/?s={search_term_string}"},"query-input":{"@type":"PropertyValueSpecification","valueRequired":true,"valueName":"search_term_string"}}],"inLanguage":"de"},{"@type":"Organization","@id":"https:\/\/www.slowshop.eu\/de\/#organization","name":"SlowShop","url":"https:\/\/www.slowshop.eu\/de\/","logo":{"@type":"ImageObject","inLanguage":"de","@id":"https:\/\/www.slowshop.eu\/de\/#\/schema\/logo\/image\/","url":"https:\/\/www.slowshop.eu\/wp-content\/uploads\/2024\/07\/cropped-immagine-1.png","contentUrl":"https:\/\/www.slowshop.eu\/wp-content\/uploads\/2024\/07\/cropped-immagine-1.png","width":512,"height":512,"caption":"SlowShop"},"image":{"@id":"https:\/\/www.slowshop.eu\/de\/#\/schema\/logo\/image\/"}}]}},"_links":{"self":[{"href":"https:\/\/www.slowshop.eu\/de\/wp-json\/wp\/v2\/product\/14628","targetHints":{"allow":["GET"]}}],"collection":[{"href":"https:\/\/www.slowshop.eu\/de\/wp-json\/wp\/v2\/product"}],"about":[{"href":"https:\/\/www.slowshop.eu\/de\/wp-json\/wp\/v2\/types\/product"}],"wp:featuredmedia":[{"embeddable":true,"href":"https:\/\/www.slowshop.eu\/de\/wp-json\/wp\/v2\/media\/14632"}],"wp:attachment":[{"href":"https:\/\/www.slowshop.eu\/de\/wp-json\/wp\/v2\/media?parent=14628"}],"wp:term":[{"taxonomy":"product_brand","embeddable":true,"href":"https:\/\/www.slowshop.eu\/de\/wp-json\/wp\/v2\/product_brand?post=14628"},{"taxonomy":"product_cat","embeddable":true,"href":"https:\/\/www.slowshop.eu\/de\/wp-json\/wp\/v2\/product_cat?post=14628"},{"taxonomy":"product_tag","embeddable":true,"href":"https:\/\/www.slowshop.eu\/de\/wp-json\/wp\/v2\/product_tag?post=14628"}],"curies":[{"name":"wp","href":"https:\/\/api.w.org\/{rel}","templated":true}]}}