{"id":14756,"date":"2021-06-10T10:15:30","date_gmt":"2021-06-10T08:15:30","guid":{"rendered":"https:\/\/www.slowshop.eu\/product\/14756\/"},"modified":"2025-08-27T12:33:13","modified_gmt":"2025-08-27T10:33:13","slug":"14756","status":"publish","type":"product","link":"https:\/\/www.slowshop.eu\/de\/produkt\/14756\/","title":{"rendered":"Via Francigena-Anstecknadel"},"content":{"rendered":"<h3>Offizielle farbige Via Francigena-Anstecknadel<\/h3>\n<p>Unsere Anstecknadel ist personalisiert mit dem offiziellen Logo der Via Francigena. Sie ist aus Metall und in verschiedenen Farben erh\u00e4ltlich.<br \/>\nMa\u00dfe: Durchmesser 25 mm<br \/>\nDu kannst sie an deinem Rucksack befestigen oder an deinem <a href=\"\/?p=26277\">Via Francigena-Hoodie.<\/a><\/p>\n<p>Mache ein Foto und folge unserer Seite <a href=\"https:\/\/www.instagram.com\/sloways_travels\/\">@sloways_travel<\/a> auf Instagram mit dem Hashtag <strong><span style=\"font-family: 'Calibri',sans-serif;\">#spassolento<\/span><\/strong><\/p>\n<h5><b>Folge den Fu\u00dfspuren von Erzbischof Sigeric entlang des ber\u00fchmten Weges\u2026<\/b><\/h5>\n<p><b>\u00dcber dreitausend Kilometer<\/b> erstreckt sich die Via Francigena von Canterbury nach Rom und weiter nach Santa Maria di Leuca. Ein Weg, der das Europa der V\u00f6lker und Kulturen vereint und f\u00fcnf Staaten ber\u00fchrt. Die Via f\u00fchrt durch Kent im Vereinigten K\u00f6nigreich; die Regionen Haute-de-France, Grand Est und Bourgogne-Franche-Comt\u00e9 in Frankreich; die Kantone Waadt und Wallis in der Schweiz; sowie die Regionen Aostatal, Piemont, Lombardei, Emilia-Romagna, Ligurien, Toskana, Latium, Kampanien, Basilikata und Apulien in Italien, sowie den Vatikanstaat in Rom.<\/p>\n<p>Ein ganzer Monat, eine Woche oder nur ein paar Tage. <strong><span style=\"font-family: 'Calibri',sans-serif;\">Erleben Sie<\/span><\/strong> eine au\u00dfergew\u00f6hnliche Reise, allein oder in der Gruppe, und entdecken Sie unerwartete Landschaften, mittelalterliche Kirchen und Abschnitte r\u00f6mischer Stra\u00dfen. Durchqueren Sie einige der sch\u00f6nsten und charmantesten D\u00f6rfer Europas.<\/p>\n<p><strong><span style=\"font-family: 'Calibri', sans-serif;\">Hast du bereits deine Pilgerurkunde?<\/span><\/strong><b><br \/>\n<\/b>Die Pilgerurkunde ist der &#8222;Pilgerpass&#8220;. Sie best\u00e4tigt die Identit\u00e4t und die Motivation des Wanderers und ist ein unverzichtbares Instrument. Du kannst sie hier kaufen: <a href=\"https:\/\/www.slowshop.eu\/prodotto\/credenziale-del-pellegrino-via-francigena\/\"><strong><span style=\"font-family: 'Calibri', sans-serif; color: #e06100;\">Hier erh\u00e4ltlich<\/span><\/strong><\/a>.<\/p>\n<h2><strong>Komm mit uns<\/strong><\/h2>\n<p>Jetzt musst du nur noch deine Reise entlang der **<span style=\"font-family: 'Calibri', sans-serif;\">Via Francigena<\/span> buchen. Wenn du \u00fcber unsere Website buchst, bekommst du alle erforderlichen Unterlagen f\u00fcr deine Reise. Wir bieten dir rund um die Uhr Unterst\u00fctzung und buchen traumhafte Unterk\u00fcnfte f\u00fcr deine Aufenthalte, damit dein Urlaub zu einem unvergesslichen Erlebnis wird. Um uns zu kontaktieren, schreib uns eine E-Mail an <a href=\"mailto:info@sloways.eu\">info@sloways.eu<\/a> oder besuche unsere <a href=\"https:\/\/www.sloways.eu\/contatti\">Kontaktseite auf unserer Website<\/a>.<\/p>\n","protected":false},"excerpt":{"rendered":"<p>Offizielle farbige Via Francigena-Anstecknadel Unsere Anstecknadel ist personalisiert mit dem offiziellen Logo der Via Francigena. Sie ist aus Metall und in verschiedenen Farben erh\u00e4ltlich. Ma\u00dfe: Durchmesser 25 mm Du kannst sie an deinem Rucksack befestigen oder an deinem Via Francigena-Hoodie. Mache ein Foto und folge unserer Seite @sloways_travel auf Instagram mit dem Hashtag #spassolento Folge [&hellip;]<\/p>\n","protected":false},"featured_media":5212,"template":"","meta":{"_monsterinsights_skip_tracking":false,"_monsterinsights_sitenote_active":false,"_monsterinsights_sitenote_note":"","_monsterinsights_sitenote_category":0},"product_brand":[],"product_cat":[149,150],"product_tag":[],"class_list":{"0":"post-14756","1":"product","2":"type-product","3":"status-publish","4":"has-post-thumbnail","6":"product_cat-gadget-de-2","7":"product_cat-via-francigena-de-2","8":"tm-no-options","10":"first","11":"instock","12":"taxable","13":"shipping-taxable","14":"purchasable","15":"product-type-variable"},"bundle_layout":"","bundle_add_to_cart_form_location":"","bundle_editable_in_cart":false,"bundle_sold_individually_context":"","bundle_item_grouping":"","bundle_min_size":"","bundle_max_size":"","bundled_by":[],"bundled_items":[],"yoast_head":"<!-- This site is optimized with the Yoast SEO plugin v26.2 - https:\/\/yoast.com\/wordpress\/plugins\/seo\/ -->\n<title>Via Francigena-Anstecknadel - Slowshop<\/title>\n<meta name=\"robots\" content=\"index, follow, max-snippet:-1, max-image-preview:large, max-video-preview:-1\" \/>\n<link rel=\"canonical\" href=\"https:\/\/www.slowshop.eu\/de\/produkt\/14756\/\" \/>\n<meta property=\"og:locale\" content=\"de_DE\" \/>\n<meta property=\"og:type\" content=\"article\" \/>\n<meta property=\"og:title\" content=\"Via Francigena-Anstecknadel - Slowshop\" \/>\n<meta property=\"og:description\" content=\"Offizielle farbige Via Francigena-Anstecknadel Unsere Anstecknadel ist personalisiert mit dem offiziellen Logo der Via Francigena. Sie ist aus Metall und in verschiedenen Farben erh\u00e4ltlich. Ma\u00dfe: Durchmesser 25 mm Du kannst sie an deinem Rucksack befestigen oder an deinem Via Francigena-Hoodie. Mache ein Foto und folge unserer Seite @sloways_travel auf Instagram mit dem Hashtag #spassolento Folge [&hellip;]\" \/>\n<meta property=\"og:url\" content=\"https:\/\/www.slowshop.eu\/de\/produkt\/14756\/\" \/>\n<meta property=\"og:site_name\" content=\"Slowshop\" \/>\n<meta property=\"article:modified_time\" content=\"2025-08-27T10:33:13+00:00\" \/>\n<meta property=\"og:image\" content=\"https:\/\/www.slowshop.eu\/wp-content\/uploads\/2021\/06\/Spilla-con-pellegrino_rossa.png\" \/>\n\t<meta property=\"og:image:width\" content=\"600\" \/>\n\t<meta property=\"og:image:height\" content=\"750\" \/>\n\t<meta property=\"og:image:type\" content=\"image\/png\" \/>\n<meta name=\"twitter:card\" content=\"summary_large_image\" \/>\n<meta name=\"twitter:label1\" content=\"Gesch\u00e4tzte Lesezeit\" \/>\n\t<meta name=\"twitter:data1\" content=\"2\u00a0Minuten\" \/>\n<script type=\"application\/ld+json\" class=\"yoast-schema-graph\">{\"@context\":\"https:\/\/schema.org\",\"@graph\":[{\"@type\":\"WebPage\",\"@id\":\"https:\/\/www.slowshop.eu\/de\/produkt\/14756\/\",\"url\":\"https:\/\/www.slowshop.eu\/de\/produkt\/14756\/\",\"name\":\"Via Francigena-Anstecknadel - Slowshop\",\"isPartOf\":{\"@id\":\"https:\/\/www.slowshop.eu\/de\/#website\"},\"primaryImageOfPage\":{\"@id\":\"https:\/\/www.slowshop.eu\/de\/produkt\/14756\/#primaryimage\"},\"image\":{\"@id\":\"https:\/\/www.slowshop.eu\/de\/produkt\/14756\/#primaryimage\"},\"thumbnailUrl\":\"https:\/\/www.slowshop.eu\/wp-content\/uploads\/2021\/06\/Spilla-con-pellegrino_rossa.png\",\"datePublished\":\"2021-06-10T08:15:30+00:00\",\"dateModified\":\"2025-08-27T10:33:13+00:00\",\"breadcrumb\":{\"@id\":\"https:\/\/www.slowshop.eu\/de\/produkt\/14756\/#breadcrumb\"},\"inLanguage\":\"de\",\"potentialAction\":[{\"@type\":\"ReadAction\",\"target\":[\"https:\/\/www.slowshop.eu\/de\/produkt\/14756\/\"]}]},{\"@type\":\"ImageObject\",\"inLanguage\":\"de\",\"@id\":\"https:\/\/www.slowshop.eu\/de\/produkt\/14756\/#primaryimage\",\"url\":\"https:\/\/www.slowshop.eu\/wp-content\/uploads\/2021\/06\/Spilla-con-pellegrino_rossa.png\",\"contentUrl\":\"https:\/\/www.slowshop.eu\/wp-content\/uploads\/2021\/06\/Spilla-con-pellegrino_rossa.png\",\"width\":600,\"height\":750},{\"@type\":\"BreadcrumbList\",\"@id\":\"https:\/\/www.slowshop.eu\/de\/produkt\/14756\/#breadcrumb\",\"itemListElement\":[{\"@type\":\"ListItem\",\"position\":1,\"name\":\"Home\",\"item\":\"https:\/\/www.slowshop.eu\/de\/\"},{\"@type\":\"ListItem\",\"position\":2,\"name\":\"Cataloge\",\"item\":\"https:\/\/www.slowshop.eu\/catalogo\/\"},{\"@type\":\"ListItem\",\"position\":3,\"name\":\"Via Francigena-Anstecknadel\"}]},{\"@type\":\"WebSite\",\"@id\":\"https:\/\/www.slowshop.eu\/de\/#website\",\"url\":\"https:\/\/www.slowshop.eu\/de\/\",\"name\":\"SlowShop\",\"description\":\"Vie Francigene Shop\",\"publisher\":{\"@id\":\"https:\/\/www.slowshop.eu\/de\/#organization\"},\"potentialAction\":[{\"@type\":\"SearchAction\",\"target\":{\"@type\":\"EntryPoint\",\"urlTemplate\":\"https:\/\/www.slowshop.eu\/de\/?s={search_term_string}\"},\"query-input\":{\"@type\":\"PropertyValueSpecification\",\"valueRequired\":true,\"valueName\":\"search_term_string\"}}],\"inLanguage\":\"de\"},{\"@type\":\"Organization\",\"@id\":\"https:\/\/www.slowshop.eu\/de\/#organization\",\"name\":\"SlowShop\",\"url\":\"https:\/\/www.slowshop.eu\/de\/\",\"logo\":{\"@type\":\"ImageObject\",\"inLanguage\":\"de\",\"@id\":\"https:\/\/www.slowshop.eu\/de\/#\/schema\/logo\/image\/\",\"url\":\"https:\/\/www.slowshop.eu\/wp-content\/uploads\/2024\/07\/cropped-immagine-1.png\",\"contentUrl\":\"https:\/\/www.slowshop.eu\/wp-content\/uploads\/2024\/07\/cropped-immagine-1.png\",\"width\":512,\"height\":512,\"caption\":\"SlowShop\"},\"image\":{\"@id\":\"https:\/\/www.slowshop.eu\/de\/#\/schema\/logo\/image\/\"}}]}<\/script>\n<!-- \/ Yoast SEO plugin. -->","yoast_head_json":{"title":"Via Francigena-Anstecknadel - Slowshop","robots":{"index":"index","follow":"follow","max-snippet":"max-snippet:-1","max-image-preview":"max-image-preview:large","max-video-preview":"max-video-preview:-1"},"canonical":"https:\/\/www.slowshop.eu\/de\/produkt\/14756\/","og_locale":"de_DE","og_type":"article","og_title":"Via Francigena-Anstecknadel - Slowshop","og_description":"Offizielle farbige Via Francigena-Anstecknadel Unsere Anstecknadel ist personalisiert mit dem offiziellen Logo der Via Francigena. Sie ist aus Metall und in verschiedenen Farben erh\u00e4ltlich. Ma\u00dfe: Durchmesser 25 mm Du kannst sie an deinem Rucksack befestigen oder an deinem Via Francigena-Hoodie. Mache ein Foto und folge unserer Seite @sloways_travel auf Instagram mit dem Hashtag #spassolento Folge [&hellip;]","og_url":"https:\/\/www.slowshop.eu\/de\/produkt\/14756\/","og_site_name":"Slowshop","article_modified_time":"2025-08-27T10:33:13+00:00","og_image":[{"width":600,"height":750,"url":"https:\/\/www.slowshop.eu\/wp-content\/uploads\/2021\/06\/Spilla-con-pellegrino_rossa.png","type":"image\/png"}],"twitter_card":"summary_large_image","twitter_misc":{"Gesch\u00e4tzte Lesezeit":"2\u00a0Minuten"},"schema":{"@context":"https:\/\/schema.org","@graph":[{"@type":"WebPage","@id":"https:\/\/www.slowshop.eu\/de\/produkt\/14756\/","url":"https:\/\/www.slowshop.eu\/de\/produkt\/14756\/","name":"Via Francigena-Anstecknadel - Slowshop","isPartOf":{"@id":"https:\/\/www.slowshop.eu\/de\/#website"},"primaryImageOfPage":{"@id":"https:\/\/www.slowshop.eu\/de\/produkt\/14756\/#primaryimage"},"image":{"@id":"https:\/\/www.slowshop.eu\/de\/produkt\/14756\/#primaryimage"},"thumbnailUrl":"https:\/\/www.slowshop.eu\/wp-content\/uploads\/2021\/06\/Spilla-con-pellegrino_rossa.png","datePublished":"2021-06-10T08:15:30+00:00","dateModified":"2025-08-27T10:33:13+00:00","breadcrumb":{"@id":"https:\/\/www.slowshop.eu\/de\/produkt\/14756\/#breadcrumb"},"inLanguage":"de","potentialAction":[{"@type":"ReadAction","target":["https:\/\/www.slowshop.eu\/de\/produkt\/14756\/"]}]},{"@type":"ImageObject","inLanguage":"de","@id":"https:\/\/www.slowshop.eu\/de\/produkt\/14756\/#primaryimage","url":"https:\/\/www.slowshop.eu\/wp-content\/uploads\/2021\/06\/Spilla-con-pellegrino_rossa.png","contentUrl":"https:\/\/www.slowshop.eu\/wp-content\/uploads\/2021\/06\/Spilla-con-pellegrino_rossa.png","width":600,"height":750},{"@type":"BreadcrumbList","@id":"https:\/\/www.slowshop.eu\/de\/produkt\/14756\/#breadcrumb","itemListElement":[{"@type":"ListItem","position":1,"name":"Home","item":"https:\/\/www.slowshop.eu\/de\/"},{"@type":"ListItem","position":2,"name":"Cataloge","item":"https:\/\/www.slowshop.eu\/catalogo\/"},{"@type":"ListItem","position":3,"name":"Via Francigena-Anstecknadel"}]},{"@type":"WebSite","@id":"https:\/\/www.slowshop.eu\/de\/#website","url":"https:\/\/www.slowshop.eu\/de\/","name":"SlowShop","description":"Vie Francigene Shop","publisher":{"@id":"https:\/\/www.slowshop.eu\/de\/#organization"},"potentialAction":[{"@type":"SearchAction","target":{"@type":"EntryPoint","urlTemplate":"https:\/\/www.slowshop.eu\/de\/?s={search_term_string}"},"query-input":{"@type":"PropertyValueSpecification","valueRequired":true,"valueName":"search_term_string"}}],"inLanguage":"de"},{"@type":"Organization","@id":"https:\/\/www.slowshop.eu\/de\/#organization","name":"SlowShop","url":"https:\/\/www.slowshop.eu\/de\/","logo":{"@type":"ImageObject","inLanguage":"de","@id":"https:\/\/www.slowshop.eu\/de\/#\/schema\/logo\/image\/","url":"https:\/\/www.slowshop.eu\/wp-content\/uploads\/2024\/07\/cropped-immagine-1.png","contentUrl":"https:\/\/www.slowshop.eu\/wp-content\/uploads\/2024\/07\/cropped-immagine-1.png","width":512,"height":512,"caption":"SlowShop"},"image":{"@id":"https:\/\/www.slowshop.eu\/de\/#\/schema\/logo\/image\/"}}]}},"_links":{"self":[{"href":"https:\/\/www.slowshop.eu\/de\/wp-json\/wp\/v2\/product\/14756","targetHints":{"allow":["GET"]}}],"collection":[{"href":"https:\/\/www.slowshop.eu\/de\/wp-json\/wp\/v2\/product"}],"about":[{"href":"https:\/\/www.slowshop.eu\/de\/wp-json\/wp\/v2\/types\/product"}],"wp:featuredmedia":[{"embeddable":true,"href":"https:\/\/www.slowshop.eu\/de\/wp-json\/wp\/v2\/media\/5212"}],"wp:attachment":[{"href":"https:\/\/www.slowshop.eu\/de\/wp-json\/wp\/v2\/media?parent=14756"}],"wp:term":[{"taxonomy":"product_brand","embeddable":true,"href":"https:\/\/www.slowshop.eu\/de\/wp-json\/wp\/v2\/product_brand?post=14756"},{"taxonomy":"product_cat","embeddable":true,"href":"https:\/\/www.slowshop.eu\/de\/wp-json\/wp\/v2\/product_cat?post=14756"},{"taxonomy":"product_tag","embeddable":true,"href":"https:\/\/www.slowshop.eu\/de\/wp-json\/wp\/v2\/product_tag?post=14756"}],"curies":[{"name":"wp","href":"https:\/\/api.w.org\/{rel}","templated":true}]}}