{"id":14764,"date":"2021-06-22T12:01:19","date_gmt":"2021-06-22T10:01:19","guid":{"rendered":"https:\/\/www.slowshop.eu\/product\/14764\/"},"modified":"2023-10-24T14:07:18","modified_gmt":"2023-10-24T12:07:18","slug":"t-shirt-walk-on","status":"publish","type":"product","link":"https:\/\/www.slowshop.eu\/de\/produkt\/t-shirt-walk-on\/","title":{"rendered":"T-Shirt Via Francigena &#8222;Walk on&#8220;"},"content":{"rendered":"<h3>T-Shirt &#8222;Walk on&#8220;<\/h3>\n<p>&#8222;Das T-Shirt &#8222;Walk on&#8220; ist das offizielle Shirt der Via Francigena mit dem Pilgerlogo! Das T-Shirt ist unisex (<strong>aus 100 % ringgesponnener Baumwolle<\/strong>), mit atmungsaktivem Offset-Druck &#8222;WALK ON&#8220;, unverformbarer Schlauchstruktur, verst\u00e4rkten N\u00e4hten und elastischem Kragen.<\/p>\n<p>Passform: <strong>Slim-Fit<\/strong>. Kaufe dein T-Shirt, um das 20-j\u00e4hrige Jubil\u00e4um des Vereins der Via Francigena zu feiern, und mach mit bei unserem Jubil\u00e4umsstaffellauf &#8222;Road to Rome&#8220;!<\/p>\n<p>Mache ein Foto und folge unserer Seite <a href=\"https:\/\/www.instagram.com\/sloways_travels\/\">@sloways_travel<\/a> auf Instagram mit dem Hashtag <strong><span style=\"font-family: 'Calibri',sans-serif;\">#spassolento<\/span><\/strong><\/p>\n<p><b>Folge den Fu\u00dfspuren von Erzbischof Sigeric entlang des ber\u00fchmten Weges\u2026<\/b><\/p>\n<p><b>\u00dcber dreitausend Kilometer<\/b> der Via Francigena von Canterbury nach Rom und nach Santa Maria di Leuca. Eine Route, die das Europa der V\u00f6lker und Kulturen vereint und f\u00fcnf Staaten ber\u00fchrt. Die Route f\u00fchrt durch Kent (Vereinigtes K\u00f6nigreich), die Regionen Haute-de-France, Grand Est und Bourgogne-Franche-Comt\u00e9 (Frankreich), die Kantone Waadt und Wallis (Schweiz), die Regionen Aostatal, Piemont, Lombardei, Emilia-Romagna, Ligurien, Toskana, Latium, Kampanien, Basilicata und Apulien (Italien) sowie den Vatikanstaat in Rom.<\/p>\n<p>Einen ganzen Monat, eine Woche oder ein paar Tage, je nach Ihrem Wunsch. <strong><span style=\"font-family: 'Calibri',sans-serif;\">Erleben<\/span><\/strong> Sie eine au\u00dfergew\u00f6hnliche Reise, allein oder in der Gruppe, um unerwartete Landschaften, mittelalterliche Gemeinden und r\u00f6mische Stra\u00dfen zu entdecken. Reisen Sie durch einige der sch\u00f6nsten und stimmungsvollsten D\u00f6rfer Europas.<\/p>\n<p><strong><span style=\"font-family: 'Calibri',sans-serif;\">Besitzen Sie bereits den Pilgerausweis?<\/span><\/strong><b><\/b>Der Pilgerausweis ist der &#8222;Reisepass&#8220; des Pilgers. Es bescheinigt die Identit\u00e4t und die Beweggr\u00fcnde des Reisenden und ist ein unverzichtbares Instrument. <a href=\"https:\/\/www.slowshop.eu\/prodotto\/credenziale-del-pellegrino-via-francigena\/\"><strong><span style=\"font-family: 'Calibri',sans-serif; color: #e06100; text-decoration: none; text-underline: none;\">Sie k\u00f6nnen es hier kaufen.<\/span><\/strong><\/a><\/p>\n<h2><strong>Reise mit uns<\/strong><\/h2>\n<p>Jetzt, wo Sie Ihren offiziellen Ausweis haben, m\u00fcssen Sie nur noch Ihre Reise entlang der <a href=\"https:\/\/www.sloways.eu\/tema_via-francigena\">Via Francigena<\/a> buchen. Wenn Sie auf unserer Website buchen, erhalten Sie vollst\u00e4ndige Unterlagen f\u00fcr Ihre Reise. Wir bieten Ihnen eine 24-Stunden-Betreuung und buchen traumhafte Unterk\u00fcnfte f\u00fcr Ihren Aufenthalt, damit Ihr Urlaub zu einem unvergesslichen Erlebnis wird. Um uns zu kontaktieren, schreiben Sie eine E-Mail an <a href=\"mailto:info@sloways.eu\">info@sloways.eu<\/a> oder besuchen <a href=\"https:\/\/www.sloways.eu\/contatti\">Sie die Seite.<\/a><\/p>\n","protected":false},"excerpt":{"rendered":"<p>&#8222;Das T-Shirt &#8222;Walk on&#8220; ist das offizielle Shirt der Via Francigena mit dem Pilgerlogo! Das T-Shirt ist unisex (aus 100%ringgesponnener Baumwolle), mit atmungsaktivem Offset-Druck &#8222;WALK ON&#8220;, unverformbarer Schlauchstruktur, verst\u00e4rkten N\u00e4hten und elastischem Kragen.<\/p>\n<p>Passform:slim-fit.<\/p>\n<p>&nbsp;<\/p>\n<p>Kaufe dein T-Shirt, um das 20-j\u00e4hrige Jubil\u00e4um des Vereins der Via Francigena zu feiern, und mach mit bei unserem Jubil\u00e4umsstaffellauf &#8222;Road to Rome&#8220;!&#8220;<\/p>\n","protected":false},"featured_media":14765,"template":"","meta":{"_monsterinsights_skip_tracking":false,"_monsterinsights_sitenote_active":false,"_monsterinsights_sitenote_note":"","_monsterinsights_sitenote_category":0},"product_brand":[],"product_cat":[178,150],"product_tag":[151],"class_list":{"0":"post-14764","1":"product","2":"type-product","3":"status-publish","4":"has-post-thumbnail","6":"product_cat-kleidung-de","7":"product_cat-via-francigena-de-2","8":"product_tag-via-francigena-de","9":"tm-no-options","11":"first","12":"instock","13":"taxable","14":"shipping-taxable","15":"purchasable","16":"product-type-variable"},"bundle_layout":"","bundle_add_to_cart_form_location":"","bundle_editable_in_cart":false,"bundle_sold_individually_context":"","bundle_item_grouping":"","bundle_min_size":"","bundle_max_size":"","bundled_by":[],"bundled_items":[],"yoast_head":"<!-- This site is optimized with the Yoast SEO plugin v26.2 - https:\/\/yoast.com\/wordpress\/plugins\/seo\/ -->\n<title>T-Shirt Via Francigena &quot;Walk on&quot; - Slowshop<\/title>\n<meta name=\"robots\" content=\"index, follow, max-snippet:-1, max-image-preview:large, max-video-preview:-1\" \/>\n<link rel=\"canonical\" href=\"https:\/\/www.slowshop.eu\/de\/produkt\/t-shirt-walk-on\/\" \/>\n<meta property=\"og:locale\" content=\"de_DE\" \/>\n<meta property=\"og:type\" content=\"article\" \/>\n<meta property=\"og:title\" content=\"T-Shirt Via Francigena &quot;Walk on&quot; - Slowshop\" \/>\n<meta property=\"og:description\" content=\"&quot;Das T-Shirt &quot;Walk on&quot; ist das offizielle Shirt der Via Francigena mit dem Pilgerlogo! Das T-Shirt ist unisex (aus 100%ringgesponnener Baumwolle), mit atmungsaktivem Offset-Druck &quot;WALK ON&quot;, unverformbarer Schlauchstruktur, verst\u00e4rkten N\u00e4hten und elastischem Kragen.  Passform:slim-fit.    &nbsp;  Kaufe dein T-Shirt, um das 20-j\u00e4hrige Jubil\u00e4um des Vereins der Via Francigena zu feiern, und mach mit bei unserem Jubil\u00e4umsstaffellauf &quot;Road to Rome&quot;!&quot;\" \/>\n<meta property=\"og:url\" content=\"https:\/\/www.slowshop.eu\/de\/produkt\/t-shirt-walk-on\/\" \/>\n<meta property=\"og:site_name\" content=\"Slowshop\" \/>\n<meta property=\"article:modified_time\" content=\"2023-10-24T12:07:18+00:00\" \/>\n<meta property=\"og:image\" content=\"https:\/\/www.slowshop.eu\/wp-content\/uploads\/2021\/06\/Maglia-Via-Francigena-Walk-On-600x750-1.jpeg\" \/>\n\t<meta property=\"og:image:width\" content=\"600\" \/>\n\t<meta property=\"og:image:height\" content=\"750\" \/>\n\t<meta property=\"og:image:type\" content=\"image\/jpeg\" \/>\n<meta name=\"twitter:card\" content=\"summary_large_image\" \/>\n<meta name=\"twitter:label1\" content=\"Gesch\u00e4tzte Lesezeit\" \/>\n\t<meta name=\"twitter:data1\" content=\"2\u00a0Minuten\" \/>\n<script type=\"application\/ld+json\" class=\"yoast-schema-graph\">{\"@context\":\"https:\/\/schema.org\",\"@graph\":[{\"@type\":\"WebPage\",\"@id\":\"https:\/\/www.slowshop.eu\/de\/produkt\/t-shirt-walk-on\/\",\"url\":\"https:\/\/www.slowshop.eu\/de\/produkt\/t-shirt-walk-on\/\",\"name\":\"T-Shirt Via Francigena \\\"Walk on\\\" - Slowshop\",\"isPartOf\":{\"@id\":\"https:\/\/www.slowshop.eu\/de\/#website\"},\"primaryImageOfPage\":{\"@id\":\"https:\/\/www.slowshop.eu\/de\/produkt\/t-shirt-walk-on\/#primaryimage\"},\"image\":{\"@id\":\"https:\/\/www.slowshop.eu\/de\/produkt\/t-shirt-walk-on\/#primaryimage\"},\"thumbnailUrl\":\"https:\/\/www.slowshop.eu\/wp-content\/uploads\/2021\/06\/Maglia-Via-Francigena-Walk-On-600x750-1.jpeg\",\"datePublished\":\"2021-06-22T10:01:19+00:00\",\"dateModified\":\"2023-10-24T12:07:18+00:00\",\"breadcrumb\":{\"@id\":\"https:\/\/www.slowshop.eu\/de\/produkt\/t-shirt-walk-on\/#breadcrumb\"},\"inLanguage\":\"de\",\"potentialAction\":[{\"@type\":\"ReadAction\",\"target\":[\"https:\/\/www.slowshop.eu\/de\/produkt\/t-shirt-walk-on\/\"]}]},{\"@type\":\"ImageObject\",\"inLanguage\":\"de\",\"@id\":\"https:\/\/www.slowshop.eu\/de\/produkt\/t-shirt-walk-on\/#primaryimage\",\"url\":\"https:\/\/www.slowshop.eu\/wp-content\/uploads\/2021\/06\/Maglia-Via-Francigena-Walk-On-600x750-1.jpeg\",\"contentUrl\":\"https:\/\/www.slowshop.eu\/wp-content\/uploads\/2021\/06\/Maglia-Via-Francigena-Walk-On-600x750-1.jpeg\",\"width\":600,\"height\":750},{\"@type\":\"BreadcrumbList\",\"@id\":\"https:\/\/www.slowshop.eu\/de\/produkt\/t-shirt-walk-on\/#breadcrumb\",\"itemListElement\":[{\"@type\":\"ListItem\",\"position\":1,\"name\":\"Home\",\"item\":\"https:\/\/www.slowshop.eu\/de\/\"},{\"@type\":\"ListItem\",\"position\":2,\"name\":\"Cataloge\",\"item\":\"https:\/\/www.slowshop.eu\/catalogo\/\"},{\"@type\":\"ListItem\",\"position\":3,\"name\":\"T-Shirt Via Francigena &#8220;Walk on&#8221;\"}]},{\"@type\":\"WebSite\",\"@id\":\"https:\/\/www.slowshop.eu\/de\/#website\",\"url\":\"https:\/\/www.slowshop.eu\/de\/\",\"name\":\"SlowShop\",\"description\":\"Vie Francigene Shop\",\"publisher\":{\"@id\":\"https:\/\/www.slowshop.eu\/de\/#organization\"},\"potentialAction\":[{\"@type\":\"SearchAction\",\"target\":{\"@type\":\"EntryPoint\",\"urlTemplate\":\"https:\/\/www.slowshop.eu\/de\/?s={search_term_string}\"},\"query-input\":{\"@type\":\"PropertyValueSpecification\",\"valueRequired\":true,\"valueName\":\"search_term_string\"}}],\"inLanguage\":\"de\"},{\"@type\":\"Organization\",\"@id\":\"https:\/\/www.slowshop.eu\/de\/#organization\",\"name\":\"SlowShop\",\"url\":\"https:\/\/www.slowshop.eu\/de\/\",\"logo\":{\"@type\":\"ImageObject\",\"inLanguage\":\"de\",\"@id\":\"https:\/\/www.slowshop.eu\/de\/#\/schema\/logo\/image\/\",\"url\":\"https:\/\/www.slowshop.eu\/wp-content\/uploads\/2024\/07\/cropped-immagine-1.png\",\"contentUrl\":\"https:\/\/www.slowshop.eu\/wp-content\/uploads\/2024\/07\/cropped-immagine-1.png\",\"width\":512,\"height\":512,\"caption\":\"SlowShop\"},\"image\":{\"@id\":\"https:\/\/www.slowshop.eu\/de\/#\/schema\/logo\/image\/\"}}]}<\/script>\n<!-- \/ Yoast SEO plugin. -->","yoast_head_json":{"title":"T-Shirt Via Francigena \"Walk on\" - Slowshop","robots":{"index":"index","follow":"follow","max-snippet":"max-snippet:-1","max-image-preview":"max-image-preview:large","max-video-preview":"max-video-preview:-1"},"canonical":"https:\/\/www.slowshop.eu\/de\/produkt\/t-shirt-walk-on\/","og_locale":"de_DE","og_type":"article","og_title":"T-Shirt Via Francigena \"Walk on\" - Slowshop","og_description":"\"Das T-Shirt \"Walk on\" ist das offizielle Shirt der Via Francigena mit dem Pilgerlogo! Das T-Shirt ist unisex (aus 100%ringgesponnener Baumwolle), mit atmungsaktivem Offset-Druck \"WALK ON\", unverformbarer Schlauchstruktur, verst\u00e4rkten N\u00e4hten und elastischem Kragen.  Passform:slim-fit.    &nbsp;  Kaufe dein T-Shirt, um das 20-j\u00e4hrige Jubil\u00e4um des Vereins der Via Francigena zu feiern, und mach mit bei unserem Jubil\u00e4umsstaffellauf \"Road to Rome\"!\"","og_url":"https:\/\/www.slowshop.eu\/de\/produkt\/t-shirt-walk-on\/","og_site_name":"Slowshop","article_modified_time":"2023-10-24T12:07:18+00:00","og_image":[{"width":600,"height":750,"url":"https:\/\/www.slowshop.eu\/wp-content\/uploads\/2021\/06\/Maglia-Via-Francigena-Walk-On-600x750-1.jpeg","type":"image\/jpeg"}],"twitter_card":"summary_large_image","twitter_misc":{"Gesch\u00e4tzte Lesezeit":"2\u00a0Minuten"},"schema":{"@context":"https:\/\/schema.org","@graph":[{"@type":"WebPage","@id":"https:\/\/www.slowshop.eu\/de\/produkt\/t-shirt-walk-on\/","url":"https:\/\/www.slowshop.eu\/de\/produkt\/t-shirt-walk-on\/","name":"T-Shirt Via Francigena \"Walk on\" - Slowshop","isPartOf":{"@id":"https:\/\/www.slowshop.eu\/de\/#website"},"primaryImageOfPage":{"@id":"https:\/\/www.slowshop.eu\/de\/produkt\/t-shirt-walk-on\/#primaryimage"},"image":{"@id":"https:\/\/www.slowshop.eu\/de\/produkt\/t-shirt-walk-on\/#primaryimage"},"thumbnailUrl":"https:\/\/www.slowshop.eu\/wp-content\/uploads\/2021\/06\/Maglia-Via-Francigena-Walk-On-600x750-1.jpeg","datePublished":"2021-06-22T10:01:19+00:00","dateModified":"2023-10-24T12:07:18+00:00","breadcrumb":{"@id":"https:\/\/www.slowshop.eu\/de\/produkt\/t-shirt-walk-on\/#breadcrumb"},"inLanguage":"de","potentialAction":[{"@type":"ReadAction","target":["https:\/\/www.slowshop.eu\/de\/produkt\/t-shirt-walk-on\/"]}]},{"@type":"ImageObject","inLanguage":"de","@id":"https:\/\/www.slowshop.eu\/de\/produkt\/t-shirt-walk-on\/#primaryimage","url":"https:\/\/www.slowshop.eu\/wp-content\/uploads\/2021\/06\/Maglia-Via-Francigena-Walk-On-600x750-1.jpeg","contentUrl":"https:\/\/www.slowshop.eu\/wp-content\/uploads\/2021\/06\/Maglia-Via-Francigena-Walk-On-600x750-1.jpeg","width":600,"height":750},{"@type":"BreadcrumbList","@id":"https:\/\/www.slowshop.eu\/de\/produkt\/t-shirt-walk-on\/#breadcrumb","itemListElement":[{"@type":"ListItem","position":1,"name":"Home","item":"https:\/\/www.slowshop.eu\/de\/"},{"@type":"ListItem","position":2,"name":"Cataloge","item":"https:\/\/www.slowshop.eu\/catalogo\/"},{"@type":"ListItem","position":3,"name":"T-Shirt Via Francigena &#8220;Walk on&#8221;"}]},{"@type":"WebSite","@id":"https:\/\/www.slowshop.eu\/de\/#website","url":"https:\/\/www.slowshop.eu\/de\/","name":"SlowShop","description":"Vie Francigene Shop","publisher":{"@id":"https:\/\/www.slowshop.eu\/de\/#organization"},"potentialAction":[{"@type":"SearchAction","target":{"@type":"EntryPoint","urlTemplate":"https:\/\/www.slowshop.eu\/de\/?s={search_term_string}"},"query-input":{"@type":"PropertyValueSpecification","valueRequired":true,"valueName":"search_term_string"}}],"inLanguage":"de"},{"@type":"Organization","@id":"https:\/\/www.slowshop.eu\/de\/#organization","name":"SlowShop","url":"https:\/\/www.slowshop.eu\/de\/","logo":{"@type":"ImageObject","inLanguage":"de","@id":"https:\/\/www.slowshop.eu\/de\/#\/schema\/logo\/image\/","url":"https:\/\/www.slowshop.eu\/wp-content\/uploads\/2024\/07\/cropped-immagine-1.png","contentUrl":"https:\/\/www.slowshop.eu\/wp-content\/uploads\/2024\/07\/cropped-immagine-1.png","width":512,"height":512,"caption":"SlowShop"},"image":{"@id":"https:\/\/www.slowshop.eu\/de\/#\/schema\/logo\/image\/"}}]}},"_links":{"self":[{"href":"https:\/\/www.slowshop.eu\/de\/wp-json\/wp\/v2\/product\/14764","targetHints":{"allow":["GET"]}}],"collection":[{"href":"https:\/\/www.slowshop.eu\/de\/wp-json\/wp\/v2\/product"}],"about":[{"href":"https:\/\/www.slowshop.eu\/de\/wp-json\/wp\/v2\/types\/product"}],"wp:featuredmedia":[{"embeddable":true,"href":"https:\/\/www.slowshop.eu\/de\/wp-json\/wp\/v2\/media\/14765"}],"wp:attachment":[{"href":"https:\/\/www.slowshop.eu\/de\/wp-json\/wp\/v2\/media?parent=14764"}],"wp:term":[{"taxonomy":"product_brand","embeddable":true,"href":"https:\/\/www.slowshop.eu\/de\/wp-json\/wp\/v2\/product_brand?post=14764"},{"taxonomy":"product_cat","embeddable":true,"href":"https:\/\/www.slowshop.eu\/de\/wp-json\/wp\/v2\/product_cat?post=14764"},{"taxonomy":"product_tag","embeddable":true,"href":"https:\/\/www.slowshop.eu\/de\/wp-json\/wp\/v2\/product_tag?post=14764"}],"curies":[{"name":"wp","href":"https:\/\/api.w.org\/{rel}","templated":true}]}}