{"id":14792,"date":"2021-05-18T11:52:37","date_gmt":"2021-05-18T09:52:37","guid":{"rendered":"https:\/\/www.slowshop.eu\/product\/fleece-sweatshirt-innenfutter-via-francigena\/"},"modified":"2021-05-18T11:52:37","modified_gmt":"2021-05-18T09:52:37","slug":"fleece-sweatshirt-innenfutter-via-francigena","status":"publish","type":"product","link":"https:\/\/www.slowshop.eu\/de\/produkt\/fleece-sweatshirt-innenfutter-via-francigena\/","title":{"rendered":"Fleece-Sweatshirt mit Innenfutter, Via Francigena."},"content":{"rendered":"<h2 class=\"desc_prod\"><strong>Felpa con pile interno Via Francigena<\/strong><\/h2>\n<p>Der graue Fleece-Sweatshirt mit Innenfutter und dem Via Francigena Logo ist warm und komfortabel, daher f\u00fcr jede Situation geeignet. Es ist gebrandet mit dem Pilgerlogo der\u00a0<a style=\"color: #ff6600;\" href=\"https:\/\/www.sloways.eu\/tema_via-francigena\">Via Francigena.<\/a><\/p>\n<p><span style=\"color: #ff6600;\"><span style=\"color: #333333;\">Schie\u00dfen Sie Ihr Foto und folgen Sie unserer Seite <a href=\"https:\/\/www.instagram.com\/sloways_travels\/\">@sloways_travel<\/a>\u00a0 auf Instagram mit dem Hashtag <strong>#spassolento<\/strong><\/span><\/span><\/p>\n<p><span style=\"color: #ff6600;\"><br \/>\n<\/span>Eigenschaften:<br \/>\nUnisex<br \/>\nB\u00fcrstenfleece 280 Au\u00dfen: 80% Baumwolle &#8211; 20% Polyester<br \/>\nInnenfutter und Kapuze: 100% Polyester Sherpa<br \/>\nBund und \u00c4rmelb\u00fcndchen mit 2&#215;2 Rippstrick und Elastan<\/p>\n<h5><b>Folge den Fu\u00dfspuren von Erzbischof Sigeric entlang des ber\u00fchmten Weges\u2026<\/b><\/h5>\n<p><b>\u00dcber dreitausend Kilometer<\/b> der Via Francigena von Canterbury nach Rom und nach Santa Maria di Leuca. Eine Route, die das Europa der V\u00f6lker und Kulturen vereint und f\u00fcnf Staaten ber\u00fchrt. Die Route f\u00fchrt durch Kent (Vereinigtes K\u00f6nigreich), die Regionen Haute-de-France, Grand Est und Bourgogne-Franche-Comt\u00e9 (Frankreich), die Kantone Waadt und Wallis (Schweiz), die Regionen Aostatal, Piemont, Lombardei, Emilia-Romagna, Ligurien, Toskana, Latium, Kampanien, Basilicata und Apulien (Italien) sowie den Vatikanstaat in Rom.<\/p>\n<p>Einen ganzen Monat, eine Woche oder ein paar Tage, je nach Ihrem Wunsch. <strong><span style=\"font-family: 'Calibri',sans-serif;\">Erleben<\/span><\/strong> Sie eine au\u00dfergew\u00f6hnliche Reise, allein oder in der Gruppe, um unerwartete Landschaften, mittelalterliche Gemeinden und r\u00f6mische Stra\u00dfen zu entdecken. Reisen Sie durch einige der sch\u00f6nsten und stimmungsvollsten D\u00f6rfer Europas.<\/p>\n<p><strong><span style=\"font-family: 'Calibri',sans-serif;\">Besitzen Sie bereits den Pilgerausweis?<\/span><\/strong><b><\/b><br \/>\nDer Pilgerausweis ist der &#8222;Reisepass&#8220; des Pilgers. Es bescheinigt die Identit\u00e4t und die Beweggr\u00fcnde des Reisenden und ist ein unverzichtbares Instrument. <a href=\"https:\/\/www.slowshop.eu\/prodotto\/credenziale-del-pellegrino-via-francigena\/\"><strong><span style=\"font-family: 'Calibri',sans-serif; color: #e06100; text-decoration: none; text-underline: none;\">Sie k\u00f6nnen es hier kaufen.<\/span><\/strong><\/a><\/p>\n<h2><strong>Reise mit uns<\/strong><\/h2>\n<p>Jetzt, wo Sie Ihren offiziellen Ausweis haben, m\u00fcssen Sie nur noch Ihre Reise entlang der <a href=\"https:\/\/www.sloways.eu\/tema_via-francigena\">Via Francigena<\/a> buchen. Wenn Sie auf unserer Website buchen, erhalten Sie vollst\u00e4ndige Unterlagen f\u00fcr Ihre Reise. Wir bieten Ihnen eine 24-Stunden-Betreuung und buchen traumhafte Unterk\u00fcnfte f\u00fcr Ihren Aufenthalt, damit Ihr Urlaub zu einem unvergesslichen Erlebnis wird. Um uns zu kontaktieren, schreiben Sie eine E-Mail an <a href=\"mailto:info@sloways.eu\">info@sloways.eu<\/a> oder besuchen <a href=\"https:\/\/www.sloways.eu\/contatti\">Sie die Seite.<\/a><\/p>\n","protected":false},"excerpt":{"rendered":"<p>Fleece-Sweatshirt mit Innenfutter der Via Francigena<br \/>\nWarm und komfortabel ist unser Sweatshirt f\u00fcr jede Situation geeignet und ist gebrandet mit dem Pilgerlogo der\u00a0Via Francigena.<\/p>\n<p>&nbsp;<\/p>\n","protected":false},"featured_media":14796,"template":"","meta":{"_monsterinsights_skip_tracking":false,"_monsterinsights_sitenote_active":false,"_monsterinsights_sitenote_note":"","_monsterinsights_sitenote_category":0},"product_brand":[],"product_cat":[178,150],"product_tag":[],"class_list":{"0":"post-14792","1":"product","2":"type-product","3":"status-publish","4":"has-post-thumbnail","6":"product_cat-kleidung-de","7":"product_cat-via-francigena-de-2","8":"tm-no-options","10":"first","11":"instock","12":"sale","13":"taxable","14":"shipping-taxable","15":"purchasable","16":"product-type-variable"},"bundle_layout":"","bundle_add_to_cart_form_location":"","bundle_editable_in_cart":false,"bundle_sold_individually_context":"","bundle_item_grouping":"","bundle_min_size":"","bundle_max_size":"","bundled_by":[],"bundled_items":[],"yoast_head":"<!-- This site is optimized with the Yoast SEO plugin v26.2 - https:\/\/yoast.com\/wordpress\/plugins\/seo\/ -->\n<title>Fleece-Sweatshirt mit Innenfutter, Via Francigena. - Slowshop<\/title>\n<meta name=\"description\" content=\"Mit ausgezeichneter Qualit\u00e4t ist der graue Kapuzenpullover mit Fleece warm und komfortabel, f\u00fcr jede Situation geeignet, mit dem Logo des Pilgers der Via Francigena.\" \/>\n<meta name=\"robots\" content=\"index, follow, max-snippet:-1, max-image-preview:large, max-video-preview:-1\" \/>\n<link rel=\"canonical\" href=\"https:\/\/www.slowshop.eu\/de\/produkt\/fleece-sweatshirt-innenfutter-via-francigena\/\" \/>\n<meta property=\"og:locale\" content=\"de_DE\" \/>\n<meta property=\"og:type\" content=\"article\" \/>\n<meta property=\"og:title\" content=\"Fleece-Sweatshirt mit Innenfutter, Via Francigena. - Slowshop\" \/>\n<meta property=\"og:description\" content=\"Mit ausgezeichneter Qualit\u00e4t ist der graue Kapuzenpullover mit Fleece warm und komfortabel, f\u00fcr jede Situation geeignet, mit dem Logo des Pilgers der Via Francigena.\" \/>\n<meta property=\"og:url\" content=\"https:\/\/www.slowshop.eu\/de\/produkt\/fleece-sweatshirt-innenfutter-via-francigena\/\" \/>\n<meta property=\"og:site_name\" content=\"Slowshop\" \/>\n<meta property=\"og:image\" content=\"https:\/\/www.slowshop.eu\/wp-content\/uploads\/2021\/05\/Felpa-Con-Cappuccio-Grigio-2.png\" \/>\n\t<meta property=\"og:image:width\" content=\"600\" \/>\n\t<meta property=\"og:image:height\" content=\"750\" \/>\n\t<meta property=\"og:image:type\" content=\"image\/png\" \/>\n<meta name=\"twitter:card\" content=\"summary_large_image\" \/>\n<meta name=\"twitter:label1\" content=\"Gesch\u00e4tzte Lesezeit\" \/>\n\t<meta name=\"twitter:data1\" content=\"2\u00a0Minuten\" \/>\n<script type=\"application\/ld+json\" class=\"yoast-schema-graph\">{\"@context\":\"https:\/\/schema.org\",\"@graph\":[{\"@type\":\"WebPage\",\"@id\":\"https:\/\/www.slowshop.eu\/de\/produkt\/fleece-sweatshirt-innenfutter-via-francigena\/\",\"url\":\"https:\/\/www.slowshop.eu\/de\/produkt\/fleece-sweatshirt-innenfutter-via-francigena\/\",\"name\":\"Fleece-Sweatshirt mit Innenfutter, Via Francigena. - Slowshop\",\"isPartOf\":{\"@id\":\"https:\/\/www.slowshop.eu\/de\/#website\"},\"primaryImageOfPage\":{\"@id\":\"https:\/\/www.slowshop.eu\/de\/produkt\/fleece-sweatshirt-innenfutter-via-francigena\/#primaryimage\"},\"image\":{\"@id\":\"https:\/\/www.slowshop.eu\/de\/produkt\/fleece-sweatshirt-innenfutter-via-francigena\/#primaryimage\"},\"thumbnailUrl\":\"https:\/\/www.slowshop.eu\/wp-content\/uploads\/2021\/05\/Felpa-Con-Cappuccio-Grigio-2.png\",\"datePublished\":\"2021-05-18T09:52:37+00:00\",\"description\":\"Mit ausgezeichneter Qualit\u00e4t ist der graue Kapuzenpullover mit Fleece warm und komfortabel, f\u00fcr jede Situation geeignet, mit dem Logo des Pilgers der Via Francigena.\",\"breadcrumb\":{\"@id\":\"https:\/\/www.slowshop.eu\/de\/produkt\/fleece-sweatshirt-innenfutter-via-francigena\/#breadcrumb\"},\"inLanguage\":\"de\",\"potentialAction\":[{\"@type\":\"ReadAction\",\"target\":[\"https:\/\/www.slowshop.eu\/de\/produkt\/fleece-sweatshirt-innenfutter-via-francigena\/\"]}]},{\"@type\":\"ImageObject\",\"inLanguage\":\"de\",\"@id\":\"https:\/\/www.slowshop.eu\/de\/produkt\/fleece-sweatshirt-innenfutter-via-francigena\/#primaryimage\",\"url\":\"https:\/\/www.slowshop.eu\/wp-content\/uploads\/2021\/05\/Felpa-Con-Cappuccio-Grigio-2.png\",\"contentUrl\":\"https:\/\/www.slowshop.eu\/wp-content\/uploads\/2021\/05\/Felpa-Con-Cappuccio-Grigio-2.png\",\"width\":600,\"height\":750},{\"@type\":\"BreadcrumbList\",\"@id\":\"https:\/\/www.slowshop.eu\/de\/produkt\/fleece-sweatshirt-innenfutter-via-francigena\/#breadcrumb\",\"itemListElement\":[{\"@type\":\"ListItem\",\"position\":1,\"name\":\"Home\",\"item\":\"https:\/\/www.slowshop.eu\/de\/\"},{\"@type\":\"ListItem\",\"position\":2,\"name\":\"Cataloge\",\"item\":\"https:\/\/www.slowshop.eu\/catalogo\/\"},{\"@type\":\"ListItem\",\"position\":3,\"name\":\"Fleece-Sweatshirt mit Innenfutter, Via Francigena.\"}]},{\"@type\":\"WebSite\",\"@id\":\"https:\/\/www.slowshop.eu\/de\/#website\",\"url\":\"https:\/\/www.slowshop.eu\/de\/\",\"name\":\"SlowShop\",\"description\":\"Vie Francigene Shop\",\"publisher\":{\"@id\":\"https:\/\/www.slowshop.eu\/de\/#organization\"},\"potentialAction\":[{\"@type\":\"SearchAction\",\"target\":{\"@type\":\"EntryPoint\",\"urlTemplate\":\"https:\/\/www.slowshop.eu\/de\/?s={search_term_string}\"},\"query-input\":{\"@type\":\"PropertyValueSpecification\",\"valueRequired\":true,\"valueName\":\"search_term_string\"}}],\"inLanguage\":\"de\"},{\"@type\":\"Organization\",\"@id\":\"https:\/\/www.slowshop.eu\/de\/#organization\",\"name\":\"SlowShop\",\"url\":\"https:\/\/www.slowshop.eu\/de\/\",\"logo\":{\"@type\":\"ImageObject\",\"inLanguage\":\"de\",\"@id\":\"https:\/\/www.slowshop.eu\/de\/#\/schema\/logo\/image\/\",\"url\":\"https:\/\/www.slowshop.eu\/wp-content\/uploads\/2024\/07\/cropped-immagine-1.png\",\"contentUrl\":\"https:\/\/www.slowshop.eu\/wp-content\/uploads\/2024\/07\/cropped-immagine-1.png\",\"width\":512,\"height\":512,\"caption\":\"SlowShop\"},\"image\":{\"@id\":\"https:\/\/www.slowshop.eu\/de\/#\/schema\/logo\/image\/\"}}]}<\/script>\n<!-- \/ Yoast SEO plugin. -->","yoast_head_json":{"title":"Fleece-Sweatshirt mit Innenfutter, Via Francigena. - Slowshop","description":"Mit ausgezeichneter Qualit\u00e4t ist der graue Kapuzenpullover mit Fleece warm und komfortabel, f\u00fcr jede Situation geeignet, mit dem Logo des Pilgers der Via Francigena.","robots":{"index":"index","follow":"follow","max-snippet":"max-snippet:-1","max-image-preview":"max-image-preview:large","max-video-preview":"max-video-preview:-1"},"canonical":"https:\/\/www.slowshop.eu\/de\/produkt\/fleece-sweatshirt-innenfutter-via-francigena\/","og_locale":"de_DE","og_type":"article","og_title":"Fleece-Sweatshirt mit Innenfutter, Via Francigena. - Slowshop","og_description":"Mit ausgezeichneter Qualit\u00e4t ist der graue Kapuzenpullover mit Fleece warm und komfortabel, f\u00fcr jede Situation geeignet, mit dem Logo des Pilgers der Via Francigena.","og_url":"https:\/\/www.slowshop.eu\/de\/produkt\/fleece-sweatshirt-innenfutter-via-francigena\/","og_site_name":"Slowshop","og_image":[{"width":600,"height":750,"url":"https:\/\/www.slowshop.eu\/wp-content\/uploads\/2021\/05\/Felpa-Con-Cappuccio-Grigio-2.png","type":"image\/png"}],"twitter_card":"summary_large_image","twitter_misc":{"Gesch\u00e4tzte Lesezeit":"2\u00a0Minuten"},"schema":{"@context":"https:\/\/schema.org","@graph":[{"@type":"WebPage","@id":"https:\/\/www.slowshop.eu\/de\/produkt\/fleece-sweatshirt-innenfutter-via-francigena\/","url":"https:\/\/www.slowshop.eu\/de\/produkt\/fleece-sweatshirt-innenfutter-via-francigena\/","name":"Fleece-Sweatshirt mit Innenfutter, Via Francigena. - Slowshop","isPartOf":{"@id":"https:\/\/www.slowshop.eu\/de\/#website"},"primaryImageOfPage":{"@id":"https:\/\/www.slowshop.eu\/de\/produkt\/fleece-sweatshirt-innenfutter-via-francigena\/#primaryimage"},"image":{"@id":"https:\/\/www.slowshop.eu\/de\/produkt\/fleece-sweatshirt-innenfutter-via-francigena\/#primaryimage"},"thumbnailUrl":"https:\/\/www.slowshop.eu\/wp-content\/uploads\/2021\/05\/Felpa-Con-Cappuccio-Grigio-2.png","datePublished":"2021-05-18T09:52:37+00:00","description":"Mit ausgezeichneter Qualit\u00e4t ist der graue Kapuzenpullover mit Fleece warm und komfortabel, f\u00fcr jede Situation geeignet, mit dem Logo des Pilgers der Via Francigena.","breadcrumb":{"@id":"https:\/\/www.slowshop.eu\/de\/produkt\/fleece-sweatshirt-innenfutter-via-francigena\/#breadcrumb"},"inLanguage":"de","potentialAction":[{"@type":"ReadAction","target":["https:\/\/www.slowshop.eu\/de\/produkt\/fleece-sweatshirt-innenfutter-via-francigena\/"]}]},{"@type":"ImageObject","inLanguage":"de","@id":"https:\/\/www.slowshop.eu\/de\/produkt\/fleece-sweatshirt-innenfutter-via-francigena\/#primaryimage","url":"https:\/\/www.slowshop.eu\/wp-content\/uploads\/2021\/05\/Felpa-Con-Cappuccio-Grigio-2.png","contentUrl":"https:\/\/www.slowshop.eu\/wp-content\/uploads\/2021\/05\/Felpa-Con-Cappuccio-Grigio-2.png","width":600,"height":750},{"@type":"BreadcrumbList","@id":"https:\/\/www.slowshop.eu\/de\/produkt\/fleece-sweatshirt-innenfutter-via-francigena\/#breadcrumb","itemListElement":[{"@type":"ListItem","position":1,"name":"Home","item":"https:\/\/www.slowshop.eu\/de\/"},{"@type":"ListItem","position":2,"name":"Cataloge","item":"https:\/\/www.slowshop.eu\/catalogo\/"},{"@type":"ListItem","position":3,"name":"Fleece-Sweatshirt mit Innenfutter, Via Francigena."}]},{"@type":"WebSite","@id":"https:\/\/www.slowshop.eu\/de\/#website","url":"https:\/\/www.slowshop.eu\/de\/","name":"SlowShop","description":"Vie Francigene Shop","publisher":{"@id":"https:\/\/www.slowshop.eu\/de\/#organization"},"potentialAction":[{"@type":"SearchAction","target":{"@type":"EntryPoint","urlTemplate":"https:\/\/www.slowshop.eu\/de\/?s={search_term_string}"},"query-input":{"@type":"PropertyValueSpecification","valueRequired":true,"valueName":"search_term_string"}}],"inLanguage":"de"},{"@type":"Organization","@id":"https:\/\/www.slowshop.eu\/de\/#organization","name":"SlowShop","url":"https:\/\/www.slowshop.eu\/de\/","logo":{"@type":"ImageObject","inLanguage":"de","@id":"https:\/\/www.slowshop.eu\/de\/#\/schema\/logo\/image\/","url":"https:\/\/www.slowshop.eu\/wp-content\/uploads\/2024\/07\/cropped-immagine-1.png","contentUrl":"https:\/\/www.slowshop.eu\/wp-content\/uploads\/2024\/07\/cropped-immagine-1.png","width":512,"height":512,"caption":"SlowShop"},"image":{"@id":"https:\/\/www.slowshop.eu\/de\/#\/schema\/logo\/image\/"}}]}},"_links":{"self":[{"href":"https:\/\/www.slowshop.eu\/de\/wp-json\/wp\/v2\/product\/14792","targetHints":{"allow":["GET"]}}],"collection":[{"href":"https:\/\/www.slowshop.eu\/de\/wp-json\/wp\/v2\/product"}],"about":[{"href":"https:\/\/www.slowshop.eu\/de\/wp-json\/wp\/v2\/types\/product"}],"wp:featuredmedia":[{"embeddable":true,"href":"https:\/\/www.slowshop.eu\/de\/wp-json\/wp\/v2\/media\/14796"}],"wp:attachment":[{"href":"https:\/\/www.slowshop.eu\/de\/wp-json\/wp\/v2\/media?parent=14792"}],"wp:term":[{"taxonomy":"product_brand","embeddable":true,"href":"https:\/\/www.slowshop.eu\/de\/wp-json\/wp\/v2\/product_brand?post=14792"},{"taxonomy":"product_cat","embeddable":true,"href":"https:\/\/www.slowshop.eu\/de\/wp-json\/wp\/v2\/product_cat?post=14792"},{"taxonomy":"product_tag","embeddable":true,"href":"https:\/\/www.slowshop.eu\/de\/wp-json\/wp\/v2\/product_tag?post=14792"}],"curies":[{"name":"wp","href":"https:\/\/api.w.org\/{rel}","templated":true}]}}