{"id":23453,"date":"2021-05-11T14:40:26","date_gmt":"2021-05-11T12:40:26","guid":{"rendered":"https:\/\/www.slowshop.eu\/product\/23453\/"},"modified":"2026-04-05T19:48:11","modified_gmt":"2026-04-05T17:48:11","slug":"pilgerausweis-via-francigena","status":"publish","type":"product","link":"https:\/\/www.slowshop.eu\/de\/produkt\/pilgerausweis-via-francigena\/","title":{"rendered":"Pilgerausweis \u2013 Via Francigena"},"content":{"rendered":"<h2 data-start=\"0\" data-end=\"33\">Pilgerausweis \u2013 Via Francigena<\/h2>\n<p data-start=\"35\" data-end=\"685\">Der Pilgerausweis der <span class=\"hover:entity-accent entity-underline inline cursor-pointer align-baseline\"><span class=\"whitespace-normal\">Via Francigena<\/span><\/span> ist der offizielle \u201ePilgerpass\u201c und begleitet jeden Wanderer auf seinem Weg. Er best\u00e4tigt die Identit\u00e4t und die spirituelle Motivation des Pilgers und ist ein unverzichtbares Dokument w\u00e4hrend der gesamten Reise. Wer auf der Via Francigena unterwegs ist, sollte den Pilgerausweis stets bei sich tragen, da er Voraussetzung f\u00fcr die Aufnahme in viele Pilgerunterk\u00fcnfte entlang der Strecke ist und den Zugang zu speziellen Vereinbarungen mit gastronomischen Betrieben erm\u00f6glicht. In einigen Regionen profitieren Pilger mit g\u00fcltiger Credenziale zudem von Erm\u00e4\u00dfigungen im \u00f6ffentlichen Nahverkehr.<\/p>\n<p data-start=\"687\" data-end=\"1050\">Bei jeder Unterkunft oder offiziellen Stempelstelle erh\u00e4lt der Pilger einen Stempel in seinen Ausweis. Diese Stempel dokumentieren den zur\u00fcckgelegten Weg und sind notwendig, um am Ende der Pilgerreise das \u201eTestimonium\u201c zu beantragen. Voraussetzung daf\u00fcr ist, dass mindestens die letzten 100 Kilometer zu Fu\u00df oder 200 Kilometer mit dem Fahrrad zur\u00fcckgelegt wurden.<\/p>\n<p data-start=\"1052\" data-end=\"1347\">Viele kirchliche und einfache Herbergen nehmen Pilger gegen eine freiwillige Spende auf, die zur Deckung der Betriebskosten dient. Komfortablere Unterk\u00fcnfte sowie \u00f6ffentliche Verkehrsmittel wie Z\u00fcge oder Busse gew\u00e4hren in der Regel verg\u00fcnstigte Tarife f\u00fcr Inhaber eines g\u00fcltigen Pilgerausweises.<\/p>\n<p data-start=\"1349\" data-end=\"2139\">Der Pilgerausweis ist f\u00fcr alle Etappen der Via Francigena g\u00fcltig \u2013 von <span class=\"hover:entity-accent entity-underline inline cursor-pointer align-baseline\"><span class=\"whitespace-normal\">Canterbury<\/span><\/span> bis nach <span class=\"hover:entity-accent entity-underline inline cursor-pointer align-baseline\"><span class=\"whitespace-normal\">Rom<\/span><\/span> und weiter in Richtung <span class=\"hover:entity-accent entity-underline inline cursor-pointer align-baseline\"><span class=\"whitespace-normal\">Santa Maria di Leuca<\/span><\/span>. Die gesamte Route umfasst \u00fcber 3.000 Kilometer und verbindet f\u00fcnf L\u00e4nder Europas miteinander. Sie f\u00fchrt durch Kent im Vereinigten K\u00f6nigreich, durch die franz\u00f6sischen Regionen Hauts-de-France, Grand Est und Bourgogne-Franche-Comt\u00e9, durch die Schweizer Kantone Waadt und Wallis sowie durch zahlreiche italienische Regionen \u2013 darunter Aostatal, Piemont, Lombardei, Emilia-Romagna, Ligurien, Toskana, Latium, Kampanien, Basilikata und Apulien \u2013 bis in den Vatikanstaat in Rom. Die Via Francigena steht damit f\u00fcr ein Europa der Kulturen, Begegnungen und gemeinsamen Geschichte.<\/p>\n<p data-start=\"2141\" data-end=\"2481\">F\u00fcr eine optimale Vorbereitung empfehlen wir den Pilgerausweis in Kombination mit dem offiziellen Wanderf\u00fchrer zur Via Francigena. Beide geh\u00f6ren zur Grundausstattung jedes Pilgers und erleichtern die Planung und Durchf\u00fchrung des Weges erheblich. Unsere Via Francigena Kits sind mit dem offiziellen <a href=\"https:\/\/www.slowshop.eu\/prodotto\/kit-francigena-credenziale-e-guida-in-italiano\/\">Guide in italienischer<\/a> Sprache erh\u00e4ltlich.<\/p>\n<h2><strong data-start=\"0\" data-end=\"64\">Starte mit uns auf der <span class=\"hover:entity-accent entity-underline inline cursor-pointer align-baseline\"><span class=\"whitespace-normal\">Via Francigena<\/span><\/span><\/strong><\/h2>\n<div class=\"flex flex-col text-sm\">\n<article class=\"text-token-text-primary w-full focus:outline-none [--shadow-height:45px] has-data-writing-block:pointer-events-none has-data-writing-block:-mt-(--shadow-height) has-data-writing-block:pt-(--shadow-height) [&amp;:has([data-writing-block])&gt;*]:pointer-events-auto scroll-mt-[calc(var(--header-height)+min(200px,max(70px,20svh)))]\" dir=\"auto\" tabindex=\"-1\" data-turn-id=\"request-WEB:fa7b7605-9110-4127-8a8b-dd40fa7d694c-2\" data-testid=\"conversation-turn-6\" data-scroll-anchor=\"true\" data-turn=\"assistant\">\n<div class=\"text-base my-auto mx-auto pb-10 [--thread-content-margin:--spacing(4)] @w-sm\/main:[--thread-content-margin:--spacing(6)] @w-lg\/main:[--thread-content-margin:--spacing(16)] px-(--thread-content-margin)\">\n<div class=\"[--thread-content-max-width:40rem] @w-lg\/main:[--thread-content-max-width:48rem] mx-auto max-w-(--thread-content-max-width) flex-1 group\/turn-messages focus-visible:outline-hidden relative flex w-full min-w-0 flex-col agent-turn\" tabindex=\"-1\">\n<div class=\"flex max-w-full flex-col grow\">\n<div class=\"min-h-8 text-message relative flex w-full flex-col items-end gap-2 text-start break-words whitespace-normal [.text-message+&amp;]:mt-1\" dir=\"auto\" data-message-author-role=\"assistant\" data-message-id=\"64cfb158-0662-46a2-a200-1cad1c4edd3c\" data-message-model-slug=\"gpt-5-2\">\n<div class=\"flex w-full flex-col gap-1 empty:hidden first:pt-[1px]\">\n<div class=\"markdown prose dark:prose-invert w-full wrap-break-word dark markdown-new-styling\">\n<p data-start=\"2483\" data-end=\"2642\" data-is-last-node=\"\" data-is-only-node=\"\"><a href=\"https:\/\/www.sloways.eu\/it\/cammini\/via-francigena\">Starten Sie Ihr Abenteuer auf der Via Francigena<\/a> mit Ihrem pers\u00f6nlichen Pilgerausweis und sichern Sie sich jetzt Ihre Credenziale f\u00fcr Ihren n\u00e4chsten Pilgerweg.<\/p>\n<\/div>\n<\/div>\n<\/div>\n<\/div>\n<div class=\"z-0 flex min-h-[46px] justify-start\"><\/div>\n<\/div>\n<\/div>\n<\/article>\n<\/div>\n","protected":false},"excerpt":{"rendered":"<p>Der Pilgerausweis der Via Francigena ist der offizielle \u201ePilgerpass\u201c. Er best\u00e4tigt die Identit\u00e4t und Motivation des Wanderers und ist ein unverzichtbares Dokument w\u00e4hrend des gesamten Pilgerwegs. Der Pilger muss ihn stets bei sich tragen, um sich als solcher auszuweisen und Zugang zu den offiziellen Pilgerunterk\u00fcnften entlang der Route zu erhalten.<br \/>\nDer Pilgerausweis ist f\u00fcr alle Etappen des ber\u00fchmten Weges g\u00fcltig \u2013 von England bis zu den letzten Abschnitten der Via Francigena in Italien.<\/p>\n","protected":false},"featured_media":24176,"template":"","meta":{"_monsterinsights_skip_tracking":false,"_monsterinsights_sitenote_active":false,"_monsterinsights_sitenote_note":"","_monsterinsights_sitenote_category":0},"product_brand":[303],"product_cat":[132,150],"product_tag":[152,151],"class_list":{"0":"post-23453","1":"product","2":"type-product","3":"status-publish","4":"has-post-thumbnail","6":"product_brand-associazione-vie-francigene","7":"product_cat-guide-e-credenziali-de","8":"product_cat-via-francigena-de-2","9":"product_tag-ausweis","10":"product_tag-via-francigena-de","11":"tm-no-options","13":"first","14":"instock","15":"taxable","16":"shipping-taxable","17":"purchasable","18":"product-type-simple"},"bundle_layout":"","bundle_add_to_cart_form_location":"","bundle_editable_in_cart":false,"bundle_sold_individually_context":"","bundle_item_grouping":"","bundle_min_size":"","bundle_max_size":"","bundled_by":["8283","8443"],"bundled_items":[],"yoast_head":"<!-- This site is optimized with the Yoast SEO plugin v26.2 - https:\/\/yoast.com\/wordpress\/plugins\/seo\/ -->\n<title>Pilgerausweis \u2013 Via Francigena - Slowshop<\/title>\n<meta name=\"description\" content=\"Der Pilgerausweis ist der offizielle Pilgerpass der Via Francigena und best\u00e4tigt die Identit\u00e4t und Motivation des Pilgers auf seinem Weg.\" \/>\n<meta name=\"robots\" content=\"index, follow, max-snippet:-1, max-image-preview:large, max-video-preview:-1\" \/>\n<link rel=\"canonical\" href=\"https:\/\/www.slowshop.eu\/de\/produkt\/pilgerausweis-via-francigena\/\" \/>\n<meta property=\"og:locale\" content=\"de_DE\" \/>\n<meta property=\"og:type\" content=\"article\" \/>\n<meta property=\"og:title\" content=\"Pilgerausweis \u2013 Via Francigena - Slowshop\" \/>\n<meta property=\"og:description\" content=\"Der Pilgerausweis ist der offizielle Pilgerpass der Via Francigena und best\u00e4tigt die Identit\u00e4t und Motivation des Pilgers auf seinem Weg.\" \/>\n<meta property=\"og:url\" content=\"https:\/\/www.slowshop.eu\/de\/produkt\/pilgerausweis-via-francigena\/\" \/>\n<meta property=\"og:site_name\" content=\"Slowshop\" \/>\n<meta property=\"article:modified_time\" content=\"2026-04-05T17:48:11+00:00\" \/>\n<meta property=\"og:image\" content=\"https:\/\/www.slowshop.eu\/wp-content\/uploads\/2021\/05\/1.png\" \/>\n\t<meta property=\"og:image:width\" content=\"600\" \/>\n\t<meta property=\"og:image:height\" content=\"750\" \/>\n\t<meta property=\"og:image:type\" content=\"image\/png\" \/>\n<meta name=\"twitter:card\" content=\"summary_large_image\" \/>\n<meta name=\"twitter:label1\" content=\"Gesch\u00e4tzte Lesezeit\" \/>\n\t<meta name=\"twitter:data1\" content=\"2\u00a0Minuten\" \/>\n<script type=\"application\/ld+json\" class=\"yoast-schema-graph\">{\"@context\":\"https:\/\/schema.org\",\"@graph\":[{\"@type\":\"WebPage\",\"@id\":\"https:\/\/www.slowshop.eu\/de\/produkt\/pilgerausweis-via-francigena\/\",\"url\":\"https:\/\/www.slowshop.eu\/de\/produkt\/pilgerausweis-via-francigena\/\",\"name\":\"Pilgerausweis \u2013 Via Francigena - Slowshop\",\"isPartOf\":{\"@id\":\"https:\/\/www.slowshop.eu\/de\/#website\"},\"primaryImageOfPage\":{\"@id\":\"https:\/\/www.slowshop.eu\/de\/produkt\/pilgerausweis-via-francigena\/#primaryimage\"},\"image\":{\"@id\":\"https:\/\/www.slowshop.eu\/de\/produkt\/pilgerausweis-via-francigena\/#primaryimage\"},\"thumbnailUrl\":\"https:\/\/www.slowshop.eu\/wp-content\/uploads\/2021\/05\/credenziale-vf.jpg\",\"datePublished\":\"2021-05-11T12:40:26+00:00\",\"dateModified\":\"2026-04-05T17:48:11+00:00\",\"description\":\"Der Pilgerausweis ist der offizielle Pilgerpass der Via Francigena und best\u00e4tigt die Identit\u00e4t und Motivation des Pilgers auf seinem Weg.\",\"breadcrumb\":{\"@id\":\"https:\/\/www.slowshop.eu\/de\/produkt\/pilgerausweis-via-francigena\/#breadcrumb\"},\"inLanguage\":\"de\",\"potentialAction\":[{\"@type\":\"ReadAction\",\"target\":[\"https:\/\/www.slowshop.eu\/de\/produkt\/pilgerausweis-via-francigena\/\"]}]},{\"@type\":\"ImageObject\",\"inLanguage\":\"de\",\"@id\":\"https:\/\/www.slowshop.eu\/de\/produkt\/pilgerausweis-via-francigena\/#primaryimage\",\"url\":\"https:\/\/www.slowshop.eu\/wp-content\/uploads\/2021\/05\/credenziale-vf.jpg\",\"contentUrl\":\"https:\/\/www.slowshop.eu\/wp-content\/uploads\/2021\/05\/credenziale-vf.jpg\",\"width\":600,\"height\":750,\"caption\":\"credenziale del pellegrino via francigena\"},{\"@type\":\"BreadcrumbList\",\"@id\":\"https:\/\/www.slowshop.eu\/de\/produkt\/pilgerausweis-via-francigena\/#breadcrumb\",\"itemListElement\":[{\"@type\":\"ListItem\",\"position\":1,\"name\":\"Home\",\"item\":\"https:\/\/www.slowshop.eu\/de\/\"},{\"@type\":\"ListItem\",\"position\":2,\"name\":\"Cataloge\",\"item\":\"https:\/\/www.slowshop.eu\/catalogo\/\"},{\"@type\":\"ListItem\",\"position\":3,\"name\":\"Pilgerausweis \u2013 Via Francigena\"}]},{\"@type\":\"WebSite\",\"@id\":\"https:\/\/www.slowshop.eu\/de\/#website\",\"url\":\"https:\/\/www.slowshop.eu\/de\/\",\"name\":\"SlowShop\",\"description\":\"Vie Francigene Shop\",\"publisher\":{\"@id\":\"https:\/\/www.slowshop.eu\/de\/#organization\"},\"potentialAction\":[{\"@type\":\"SearchAction\",\"target\":{\"@type\":\"EntryPoint\",\"urlTemplate\":\"https:\/\/www.slowshop.eu\/de\/?s={search_term_string}\"},\"query-input\":{\"@type\":\"PropertyValueSpecification\",\"valueRequired\":true,\"valueName\":\"search_term_string\"}}],\"inLanguage\":\"de\"},{\"@type\":\"Organization\",\"@id\":\"https:\/\/www.slowshop.eu\/de\/#organization\",\"name\":\"SlowShop\",\"url\":\"https:\/\/www.slowshop.eu\/de\/\",\"logo\":{\"@type\":\"ImageObject\",\"inLanguage\":\"de\",\"@id\":\"https:\/\/www.slowshop.eu\/de\/#\/schema\/logo\/image\/\",\"url\":\"https:\/\/www.slowshop.eu\/wp-content\/uploads\/2024\/07\/cropped-immagine-1.png\",\"contentUrl\":\"https:\/\/www.slowshop.eu\/wp-content\/uploads\/2024\/07\/cropped-immagine-1.png\",\"width\":512,\"height\":512,\"caption\":\"SlowShop\"},\"image\":{\"@id\":\"https:\/\/www.slowshop.eu\/de\/#\/schema\/logo\/image\/\"}}]}<\/script>\n<!-- \/ Yoast SEO plugin. -->","yoast_head_json":{"title":"Pilgerausweis \u2013 Via Francigena - Slowshop","description":"Der Pilgerausweis ist der offizielle Pilgerpass der Via Francigena und best\u00e4tigt die Identit\u00e4t und Motivation des Pilgers auf seinem Weg.","robots":{"index":"index","follow":"follow","max-snippet":"max-snippet:-1","max-image-preview":"max-image-preview:large","max-video-preview":"max-video-preview:-1"},"canonical":"https:\/\/www.slowshop.eu\/de\/produkt\/pilgerausweis-via-francigena\/","og_locale":"de_DE","og_type":"article","og_title":"Pilgerausweis \u2013 Via Francigena - Slowshop","og_description":"Der Pilgerausweis ist der offizielle Pilgerpass der Via Francigena und best\u00e4tigt die Identit\u00e4t und Motivation des Pilgers auf seinem Weg.","og_url":"https:\/\/www.slowshop.eu\/de\/produkt\/pilgerausweis-via-francigena\/","og_site_name":"Slowshop","article_modified_time":"2026-04-05T17:48:11+00:00","og_image":[{"width":600,"height":750,"url":"https:\/\/www.slowshop.eu\/wp-content\/uploads\/2021\/05\/1.png","type":"image\/png"}],"twitter_card":"summary_large_image","twitter_misc":{"Gesch\u00e4tzte Lesezeit":"2\u00a0Minuten"},"schema":{"@context":"https:\/\/schema.org","@graph":[{"@type":"WebPage","@id":"https:\/\/www.slowshop.eu\/de\/produkt\/pilgerausweis-via-francigena\/","url":"https:\/\/www.slowshop.eu\/de\/produkt\/pilgerausweis-via-francigena\/","name":"Pilgerausweis \u2013 Via Francigena - Slowshop","isPartOf":{"@id":"https:\/\/www.slowshop.eu\/de\/#website"},"primaryImageOfPage":{"@id":"https:\/\/www.slowshop.eu\/de\/produkt\/pilgerausweis-via-francigena\/#primaryimage"},"image":{"@id":"https:\/\/www.slowshop.eu\/de\/produkt\/pilgerausweis-via-francigena\/#primaryimage"},"thumbnailUrl":"https:\/\/www.slowshop.eu\/wp-content\/uploads\/2021\/05\/credenziale-vf.jpg","datePublished":"2021-05-11T12:40:26+00:00","dateModified":"2026-04-05T17:48:11+00:00","description":"Der Pilgerausweis ist der offizielle Pilgerpass der Via Francigena und best\u00e4tigt die Identit\u00e4t und Motivation des Pilgers auf seinem Weg.","breadcrumb":{"@id":"https:\/\/www.slowshop.eu\/de\/produkt\/pilgerausweis-via-francigena\/#breadcrumb"},"inLanguage":"de","potentialAction":[{"@type":"ReadAction","target":["https:\/\/www.slowshop.eu\/de\/produkt\/pilgerausweis-via-francigena\/"]}]},{"@type":"ImageObject","inLanguage":"de","@id":"https:\/\/www.slowshop.eu\/de\/produkt\/pilgerausweis-via-francigena\/#primaryimage","url":"https:\/\/www.slowshop.eu\/wp-content\/uploads\/2021\/05\/credenziale-vf.jpg","contentUrl":"https:\/\/www.slowshop.eu\/wp-content\/uploads\/2021\/05\/credenziale-vf.jpg","width":600,"height":750,"caption":"credenziale del pellegrino via francigena"},{"@type":"BreadcrumbList","@id":"https:\/\/www.slowshop.eu\/de\/produkt\/pilgerausweis-via-francigena\/#breadcrumb","itemListElement":[{"@type":"ListItem","position":1,"name":"Home","item":"https:\/\/www.slowshop.eu\/de\/"},{"@type":"ListItem","position":2,"name":"Cataloge","item":"https:\/\/www.slowshop.eu\/catalogo\/"},{"@type":"ListItem","position":3,"name":"Pilgerausweis \u2013 Via Francigena"}]},{"@type":"WebSite","@id":"https:\/\/www.slowshop.eu\/de\/#website","url":"https:\/\/www.slowshop.eu\/de\/","name":"SlowShop","description":"Vie Francigene Shop","publisher":{"@id":"https:\/\/www.slowshop.eu\/de\/#organization"},"potentialAction":[{"@type":"SearchAction","target":{"@type":"EntryPoint","urlTemplate":"https:\/\/www.slowshop.eu\/de\/?s={search_term_string}"},"query-input":{"@type":"PropertyValueSpecification","valueRequired":true,"valueName":"search_term_string"}}],"inLanguage":"de"},{"@type":"Organization","@id":"https:\/\/www.slowshop.eu\/de\/#organization","name":"SlowShop","url":"https:\/\/www.slowshop.eu\/de\/","logo":{"@type":"ImageObject","inLanguage":"de","@id":"https:\/\/www.slowshop.eu\/de\/#\/schema\/logo\/image\/","url":"https:\/\/www.slowshop.eu\/wp-content\/uploads\/2024\/07\/cropped-immagine-1.png","contentUrl":"https:\/\/www.slowshop.eu\/wp-content\/uploads\/2024\/07\/cropped-immagine-1.png","width":512,"height":512,"caption":"SlowShop"},"image":{"@id":"https:\/\/www.slowshop.eu\/de\/#\/schema\/logo\/image\/"}}]}},"_links":{"self":[{"href":"https:\/\/www.slowshop.eu\/de\/wp-json\/wp\/v2\/product\/23453","targetHints":{"allow":["GET"]}}],"collection":[{"href":"https:\/\/www.slowshop.eu\/de\/wp-json\/wp\/v2\/product"}],"about":[{"href":"https:\/\/www.slowshop.eu\/de\/wp-json\/wp\/v2\/types\/product"}],"wp:featuredmedia":[{"embeddable":true,"href":"https:\/\/www.slowshop.eu\/de\/wp-json\/wp\/v2\/media\/24176"}],"wp:attachment":[{"href":"https:\/\/www.slowshop.eu\/de\/wp-json\/wp\/v2\/media?parent=23453"}],"wp:term":[{"taxonomy":"product_brand","embeddable":true,"href":"https:\/\/www.slowshop.eu\/de\/wp-json\/wp\/v2\/product_brand?post=23453"},{"taxonomy":"product_cat","embeddable":true,"href":"https:\/\/www.slowshop.eu\/de\/wp-json\/wp\/v2\/product_cat?post=23453"},{"taxonomy":"product_tag","embeddable":true,"href":"https:\/\/www.slowshop.eu\/de\/wp-json\/wp\/v2\/product_tag?post=23453"}],"curies":[{"name":"wp","href":"https:\/\/api.w.org\/{rel}","templated":true}]}}