{"id":24803,"date":"2026-04-30T14:55:35","date_gmt":"2026-04-30T12:55:35","guid":{"rendered":"https:\/\/www.slowshop.eu\/product\/via-francigena-metalltasse\/"},"modified":"2026-04-30T14:55:35","modified_gmt":"2026-04-30T12:55:35","slug":"via-francigena-metalltasse","status":"publish","type":"product","link":"https:\/\/www.slowshop.eu\/de\/produkt\/via-francigena-metalltasse\/","title":{"rendered":"Via Francigena Metalltasse"},"content":{"rendered":"<h2><strong>Tazza di Metallo Via Francigena.<\/strong><\/h2>\n<p data-start=\"32\" data-end=\"185\">Entdecke die offizielle Tasse mit dem Logo der Via Francigena, die einen Hauch von Reise\u2026 direkt in deine K\u00fcche bringt.<\/p>\n<p data-start=\"187\" data-end=\"388\">Erh\u00e4ltlich in <strong data-start=\"201\" data-end=\"208\">Rot<\/strong> und <strong data-start=\"213\" data-end=\"221\">Gr\u00fcn<\/strong>, ist sie perfekt, um den Tag mit der richtigen Einstellung zu beginnen: der von denen, die einen der faszinierendsten Wege Europas gegangen sind (oder davon tr\u00e4umen).<\/p>\n<p data-start=\"390\" data-end=\"941\">Hergestellt aus robustem Metall und mit einem Fassungsverm\u00f6gen von 350 ml ist sie der ideale Begleiter f\u00fcr Kaffee, Tee oder jede erholsame Pause. Und Vorsicht: Jeder Schluck k\u00f6nnte dich gedanklich zur\u00fcck auf Wege, durch D\u00f6rfer und zu atemberaubenden Landschaften f\u00fchren\u2026 \u00e4u\u00dferst angenehme Nebenwirkungen! Wenn du die Erinnerungen an deine Etappen festhalten m\u00f6chtest, wirf auch einen Blick auf unser <strong data-start=\"790\" data-end=\"822\">Via Francigena Reisetagebuch<\/strong>, das perfekt zu deiner Tasse passt, um Emotionen, Begegnungen und kleine gro\u00dfe Momente entlang des Weges festzuhalten.<\/p>\n<p data-start=\"943\" data-end=\"1315\">Die Via Francigena ist weit mehr als nur ein Weg: Sie ist eine Reise von \u00fcber 3.000 km von Canterbury bis nach Rom und dar\u00fcber hinaus, durch f\u00fcnf L\u00e4nder und ein Mosaik aus Kulturen, Landschaften und Geschichten. Egal, ob du dieses Abenteuer bereits erlebt hast oder gerade erst davon tr\u00e4umst, diese Tasse ist die perfekte Erinnerung, die du immer griffbereit haben kannst.<\/p>\n<p data-start=\"1317\" data-end=\"1481\">Ob du ein authentisches Souvenir, einen Gl\u00fccksbringer oder ein besonderes Accessoire f\u00fcr deinen Weg suchst \u2013 diese Via Francigena Metalltasse ist die perfekte Wahl.<\/p>\n<p data-start=\"1483\" data-end=\"1551\">Nimm sie mit auf dein gesamtes Abenteuer entlang der Via Francigena.<\/p>\n<p data-start=\"1553\" data-end=\"1642\"><strong data-start=\"1553\" data-end=\"1569\">Komm mit uns<\/strong><br data-start=\"1569\" data-end=\"1572\" \/>Jetzt musst du nur noch deine Reise entlang der Via Francigena buchen.<\/p>\n<p data-start=\"1644\" data-end=\"1910\">Wenn du \u00fcber unsere Website buchst, erh\u00e4ltst du vollst\u00e4ndige Reiseunterlagen, wir bieten dir 24-Stunden-Unterst\u00fctzung, buchen traumhafte Unterk\u00fcnfte f\u00fcr deine Aufenthalte und organisieren den Gep\u00e4cktransport, damit dein Urlaub zu einem unvergesslichen Erlebnis wird.<\/p>\n<p data-start=\"1912\" data-end=\"2026\">Um uns zu kontaktieren, schreibe eine E-Mail an <a class=\"decorated-link cursor-pointer\" rel=\"noopener\" data-start=\"1960\" data-end=\"1975\">info@sloways.eu<\/a> oder besuche die Kontaktseite auf unserer Website.<\/p>\n","protected":false},"excerpt":{"rendered":"<p>Offizielle Via Francigena Metalltasse mit 350 ml, erh\u00e4ltlich in Rot und Gr\u00fcn: die perfekte Erinnerung an deinen Weg, um jeden Tag die Emotionen der Reise neu zu erleben.<\/p>\n","protected":false},"featured_media":24791,"template":"","meta":{"_monsterinsights_skip_tracking":false,"_monsterinsights_sitenote_active":false,"_monsterinsights_sitenote_note":"","_monsterinsights_sitenote_category":0},"product_brand":[],"product_cat":[149,150],"product_tag":[151],"class_list":{"0":"post-24803","1":"product","2":"type-product","3":"status-publish","4":"has-post-thumbnail","6":"product_cat-gadget-de-2","7":"product_cat-via-francigena-de-2","8":"product_tag-via-francigena-de","9":"tm-no-options","11":"first","12":"instock","13":"taxable","14":"shipping-taxable","15":"purchasable","16":"product-type-variable"},"bundle_layout":"","bundle_add_to_cart_form_location":"","bundle_editable_in_cart":false,"bundle_sold_individually_context":"","bundle_item_grouping":"","bundle_min_size":"","bundle_max_size":"","bundled_by":[],"bundled_items":[],"yoast_head":"<!-- This site is optimized with the Yoast SEO plugin v26.2 - https:\/\/yoast.com\/wordpress\/plugins\/seo\/ -->\n<title>Via Francigena Metalltasse - Slowshop<\/title>\n<meta name=\"description\" content=\"Offizielle Via Francigena Metalltasse, erh\u00e4ltlich in Rot und Gr\u00fcn: die perfekte Erinnerung an deinen Weg, um jeden Tag die Magie der Reise neu zu erleben.\" \/>\n<meta name=\"robots\" content=\"index, follow, max-snippet:-1, max-image-preview:large, max-video-preview:-1\" \/>\n<link rel=\"canonical\" href=\"https:\/\/www.slowshop.eu\/de\/produkt\/via-francigena-metalltasse\/\" \/>\n<meta property=\"og:locale\" content=\"de_DE\" \/>\n<meta property=\"og:type\" content=\"article\" \/>\n<meta property=\"og:title\" content=\"Via Francigena Metalltasse - Slowshop\" \/>\n<meta property=\"og:description\" content=\"Offizielle Via Francigena Metalltasse, erh\u00e4ltlich in Rot und Gr\u00fcn: die perfekte Erinnerung an deinen Weg, um jeden Tag die Magie der Reise neu zu erleben.\" \/>\n<meta property=\"og:url\" content=\"https:\/\/www.slowshop.eu\/de\/produkt\/via-francigena-metalltasse\/\" \/>\n<meta property=\"og:site_name\" content=\"Slowshop\" \/>\n<meta property=\"og:image\" content=\"https:\/\/www.slowshop.eu\/wp-content\/uploads\/2026\/04\/tazza-metallo-via-francigena-rosso.jpg\" \/>\n\t<meta property=\"og:image:width\" content=\"600\" \/>\n\t<meta property=\"og:image:height\" content=\"750\" \/>\n\t<meta property=\"og:image:type\" content=\"image\/jpeg\" \/>\n<meta name=\"twitter:card\" content=\"summary_large_image\" \/>\n<meta name=\"twitter:label1\" content=\"Gesch\u00e4tzte Lesezeit\" \/>\n\t<meta name=\"twitter:data1\" content=\"2\u00a0Minuten\" \/>\n<script type=\"application\/ld+json\" class=\"yoast-schema-graph\">{\"@context\":\"https:\/\/schema.org\",\"@graph\":[{\"@type\":\"WebPage\",\"@id\":\"https:\/\/www.slowshop.eu\/de\/produkt\/via-francigena-metalltasse\/\",\"url\":\"https:\/\/www.slowshop.eu\/de\/produkt\/via-francigena-metalltasse\/\",\"name\":\"Via Francigena Metalltasse - Slowshop\",\"isPartOf\":{\"@id\":\"https:\/\/www.slowshop.eu\/de\/#website\"},\"primaryImageOfPage\":{\"@id\":\"https:\/\/www.slowshop.eu\/de\/produkt\/via-francigena-metalltasse\/#primaryimage\"},\"image\":{\"@id\":\"https:\/\/www.slowshop.eu\/de\/produkt\/via-francigena-metalltasse\/#primaryimage\"},\"thumbnailUrl\":\"https:\/\/www.slowshop.eu\/wp-content\/uploads\/2026\/04\/tazza-metallo-via-francigena-rosso.jpg\",\"datePublished\":\"2026-04-30T12:55:35+00:00\",\"description\":\"Offizielle Via Francigena Metalltasse, erh\u00e4ltlich in Rot und Gr\u00fcn: die perfekte Erinnerung an deinen Weg, um jeden Tag die Magie der Reise neu zu erleben.\",\"breadcrumb\":{\"@id\":\"https:\/\/www.slowshop.eu\/de\/produkt\/via-francigena-metalltasse\/#breadcrumb\"},\"inLanguage\":\"de\",\"potentialAction\":[{\"@type\":\"ReadAction\",\"target\":[\"https:\/\/www.slowshop.eu\/de\/produkt\/via-francigena-metalltasse\/\"]}]},{\"@type\":\"ImageObject\",\"inLanguage\":\"de\",\"@id\":\"https:\/\/www.slowshop.eu\/de\/produkt\/via-francigena-metalltasse\/#primaryimage\",\"url\":\"https:\/\/www.slowshop.eu\/wp-content\/uploads\/2026\/04\/tazza-metallo-via-francigena-rosso.jpg\",\"contentUrl\":\"https:\/\/www.slowshop.eu\/wp-content\/uploads\/2026\/04\/tazza-metallo-via-francigena-rosso.jpg\",\"width\":600,\"height\":750,\"caption\":\"via francigena metalltasse rot\"},{\"@type\":\"BreadcrumbList\",\"@id\":\"https:\/\/www.slowshop.eu\/de\/produkt\/via-francigena-metalltasse\/#breadcrumb\",\"itemListElement\":[{\"@type\":\"ListItem\",\"position\":1,\"name\":\"Home\",\"item\":\"https:\/\/www.slowshop.eu\/de\/\"},{\"@type\":\"ListItem\",\"position\":2,\"name\":\"Cataloge\",\"item\":\"https:\/\/www.slowshop.eu\/catalogo\/\"},{\"@type\":\"ListItem\",\"position\":3,\"name\":\"Via Francigena Metalltasse\"}]},{\"@type\":\"WebSite\",\"@id\":\"https:\/\/www.slowshop.eu\/de\/#website\",\"url\":\"https:\/\/www.slowshop.eu\/de\/\",\"name\":\"SlowShop\",\"description\":\"Vie Francigene Shop\",\"publisher\":{\"@id\":\"https:\/\/www.slowshop.eu\/de\/#organization\"},\"potentialAction\":[{\"@type\":\"SearchAction\",\"target\":{\"@type\":\"EntryPoint\",\"urlTemplate\":\"https:\/\/www.slowshop.eu\/de\/?s={search_term_string}\"},\"query-input\":{\"@type\":\"PropertyValueSpecification\",\"valueRequired\":true,\"valueName\":\"search_term_string\"}}],\"inLanguage\":\"de\"},{\"@type\":\"Organization\",\"@id\":\"https:\/\/www.slowshop.eu\/de\/#organization\",\"name\":\"SlowShop\",\"url\":\"https:\/\/www.slowshop.eu\/de\/\",\"logo\":{\"@type\":\"ImageObject\",\"inLanguage\":\"de\",\"@id\":\"https:\/\/www.slowshop.eu\/de\/#\/schema\/logo\/image\/\",\"url\":\"https:\/\/www.slowshop.eu\/wp-content\/uploads\/2024\/07\/cropped-immagine-1.png\",\"contentUrl\":\"https:\/\/www.slowshop.eu\/wp-content\/uploads\/2024\/07\/cropped-immagine-1.png\",\"width\":512,\"height\":512,\"caption\":\"SlowShop\"},\"image\":{\"@id\":\"https:\/\/www.slowshop.eu\/de\/#\/schema\/logo\/image\/\"}}]}<\/script>\n<!-- \/ Yoast SEO plugin. -->","yoast_head_json":{"title":"Via Francigena Metalltasse - Slowshop","description":"Offizielle Via Francigena Metalltasse, erh\u00e4ltlich in Rot und Gr\u00fcn: die perfekte Erinnerung an deinen Weg, um jeden Tag die Magie der Reise neu zu erleben.","robots":{"index":"index","follow":"follow","max-snippet":"max-snippet:-1","max-image-preview":"max-image-preview:large","max-video-preview":"max-video-preview:-1"},"canonical":"https:\/\/www.slowshop.eu\/de\/produkt\/via-francigena-metalltasse\/","og_locale":"de_DE","og_type":"article","og_title":"Via Francigena Metalltasse - Slowshop","og_description":"Offizielle Via Francigena Metalltasse, erh\u00e4ltlich in Rot und Gr\u00fcn: die perfekte Erinnerung an deinen Weg, um jeden Tag die Magie der Reise neu zu erleben.","og_url":"https:\/\/www.slowshop.eu\/de\/produkt\/via-francigena-metalltasse\/","og_site_name":"Slowshop","og_image":[{"width":600,"height":750,"url":"https:\/\/www.slowshop.eu\/wp-content\/uploads\/2026\/04\/tazza-metallo-via-francigena-rosso.jpg","type":"image\/jpeg"}],"twitter_card":"summary_large_image","twitter_misc":{"Gesch\u00e4tzte Lesezeit":"2\u00a0Minuten"},"schema":{"@context":"https:\/\/schema.org","@graph":[{"@type":"WebPage","@id":"https:\/\/www.slowshop.eu\/de\/produkt\/via-francigena-metalltasse\/","url":"https:\/\/www.slowshop.eu\/de\/produkt\/via-francigena-metalltasse\/","name":"Via Francigena Metalltasse - Slowshop","isPartOf":{"@id":"https:\/\/www.slowshop.eu\/de\/#website"},"primaryImageOfPage":{"@id":"https:\/\/www.slowshop.eu\/de\/produkt\/via-francigena-metalltasse\/#primaryimage"},"image":{"@id":"https:\/\/www.slowshop.eu\/de\/produkt\/via-francigena-metalltasse\/#primaryimage"},"thumbnailUrl":"https:\/\/www.slowshop.eu\/wp-content\/uploads\/2026\/04\/tazza-metallo-via-francigena-rosso.jpg","datePublished":"2026-04-30T12:55:35+00:00","description":"Offizielle Via Francigena Metalltasse, erh\u00e4ltlich in Rot und Gr\u00fcn: die perfekte Erinnerung an deinen Weg, um jeden Tag die Magie der Reise neu zu erleben.","breadcrumb":{"@id":"https:\/\/www.slowshop.eu\/de\/produkt\/via-francigena-metalltasse\/#breadcrumb"},"inLanguage":"de","potentialAction":[{"@type":"ReadAction","target":["https:\/\/www.slowshop.eu\/de\/produkt\/via-francigena-metalltasse\/"]}]},{"@type":"ImageObject","inLanguage":"de","@id":"https:\/\/www.slowshop.eu\/de\/produkt\/via-francigena-metalltasse\/#primaryimage","url":"https:\/\/www.slowshop.eu\/wp-content\/uploads\/2026\/04\/tazza-metallo-via-francigena-rosso.jpg","contentUrl":"https:\/\/www.slowshop.eu\/wp-content\/uploads\/2026\/04\/tazza-metallo-via-francigena-rosso.jpg","width":600,"height":750,"caption":"via francigena metalltasse rot"},{"@type":"BreadcrumbList","@id":"https:\/\/www.slowshop.eu\/de\/produkt\/via-francigena-metalltasse\/#breadcrumb","itemListElement":[{"@type":"ListItem","position":1,"name":"Home","item":"https:\/\/www.slowshop.eu\/de\/"},{"@type":"ListItem","position":2,"name":"Cataloge","item":"https:\/\/www.slowshop.eu\/catalogo\/"},{"@type":"ListItem","position":3,"name":"Via Francigena Metalltasse"}]},{"@type":"WebSite","@id":"https:\/\/www.slowshop.eu\/de\/#website","url":"https:\/\/www.slowshop.eu\/de\/","name":"SlowShop","description":"Vie Francigene Shop","publisher":{"@id":"https:\/\/www.slowshop.eu\/de\/#organization"},"potentialAction":[{"@type":"SearchAction","target":{"@type":"EntryPoint","urlTemplate":"https:\/\/www.slowshop.eu\/de\/?s={search_term_string}"},"query-input":{"@type":"PropertyValueSpecification","valueRequired":true,"valueName":"search_term_string"}}],"inLanguage":"de"},{"@type":"Organization","@id":"https:\/\/www.slowshop.eu\/de\/#organization","name":"SlowShop","url":"https:\/\/www.slowshop.eu\/de\/","logo":{"@type":"ImageObject","inLanguage":"de","@id":"https:\/\/www.slowshop.eu\/de\/#\/schema\/logo\/image\/","url":"https:\/\/www.slowshop.eu\/wp-content\/uploads\/2024\/07\/cropped-immagine-1.png","contentUrl":"https:\/\/www.slowshop.eu\/wp-content\/uploads\/2024\/07\/cropped-immagine-1.png","width":512,"height":512,"caption":"SlowShop"},"image":{"@id":"https:\/\/www.slowshop.eu\/de\/#\/schema\/logo\/image\/"}}]}},"_links":{"self":[{"href":"https:\/\/www.slowshop.eu\/de\/wp-json\/wp\/v2\/product\/24803","targetHints":{"allow":["GET"]}}],"collection":[{"href":"https:\/\/www.slowshop.eu\/de\/wp-json\/wp\/v2\/product"}],"about":[{"href":"https:\/\/www.slowshop.eu\/de\/wp-json\/wp\/v2\/types\/product"}],"wp:featuredmedia":[{"embeddable":true,"href":"https:\/\/www.slowshop.eu\/de\/wp-json\/wp\/v2\/media\/24791"}],"wp:attachment":[{"href":"https:\/\/www.slowshop.eu\/de\/wp-json\/wp\/v2\/media?parent=24803"}],"wp:term":[{"taxonomy":"product_brand","embeddable":true,"href":"https:\/\/www.slowshop.eu\/de\/wp-json\/wp\/v2\/product_brand?post=24803"},{"taxonomy":"product_cat","embeddable":true,"href":"https:\/\/www.slowshop.eu\/de\/wp-json\/wp\/v2\/product_cat?post=24803"},{"taxonomy":"product_tag","embeddable":true,"href":"https:\/\/www.slowshop.eu\/de\/wp-json\/wp\/v2\/product_tag?post=24803"}],"curies":[{"name":"wp","href":"https:\/\/api.w.org\/{rel}","templated":true}]}}