{"id":5234,"date":"2021-06-10T10:59:15","date_gmt":"2021-06-10T08:59:15","guid":{"rendered":"https:\/\/www.slowshop.eu\/product\/pilgermuschel-von-santiago-de-compostela\/"},"modified":"2026-03-21T18:25:55","modified_gmt":"2026-03-21T17:25:55","slug":"pilgermuschel-von-santiago-de-compostela","status":"publish","type":"product","link":"https:\/\/www.slowshop.eu\/de\/produkt\/pilgermuschel-von-santiago-de-compostela\/","title":{"rendered":"Pilgermuschel  von Santiago de Compostela"},"content":{"rendered":"<h3>Pilgermuschel von Santiago de Compostela<\/h3>\n<p>Die Pilgermuschel von Santiago de Compostela ist das Symbol des Pilgerweges und besteht aus den Schalen der Jakobsmuschel. Die Muschel ist auch als Seekamm oder Jakobskamm bekannt.<br \/>\nSie finden die Conchille de Santiago auf Ihrem Rucksack oder an den Stra\u00dfen zusammen mit dem gelben Pfeil, der den Weg anzeigt.<\/p>\n<p>Die Jakobsmuschel diente als &#8222;Glas&#8220;, das w\u00e4hrend der Reise benutzt wurde, und war auch ein Symbol f\u00fcr Leben, Wiedergeburt und L\u00e4uterung.<\/p>\n","protected":false},"excerpt":{"rendered":"<p>Die Pilgermuschel von Santiago de Compostela ist das Symbol des Pilgerweges und besteht aus den Schalen der Jakobsmuschel. Die Muschel ist auch als Seekamm oder Jakobskamm bekannt.<\/p>\n","protected":false},"featured_media":5235,"template":"","meta":{"_monsterinsights_skip_tracking":false,"_monsterinsights_sitenote_active":false,"_monsterinsights_sitenote_note":"","_monsterinsights_sitenote_category":0},"product_brand":[],"product_cat":[145,149],"product_tag":[],"class_list":{"0":"post-5234","1":"product","2":"type-product","3":"status-publish","4":"has-post-thumbnail","6":"product_cat-cammino-di-santiago-de","7":"product_cat-gadget-de-2","8":"tm-no-options","10":"first","11":"instock","12":"taxable","13":"shipping-taxable","14":"purchasable","15":"product-type-simple"},"bundle_layout":"","bundle_add_to_cart_form_location":"","bundle_editable_in_cart":false,"bundle_sold_individually_context":"","bundle_item_grouping":"","bundle_min_size":"","bundle_max_size":"","bundled_by":["5243"],"bundled_items":[],"yoast_head":"<!-- This site is optimized with the Yoast SEO plugin v26.2 - https:\/\/yoast.com\/wordpress\/plugins\/seo\/ -->\n<title>Pilgermuschel von Santiago de Compostela - Slowshop<\/title>\n<meta name=\"description\" content=\"Pilgermuschel von Santiago de Compostela\" \/>\n<meta name=\"robots\" content=\"index, follow, max-snippet:-1, max-image-preview:large, max-video-preview:-1\" \/>\n<link rel=\"canonical\" href=\"https:\/\/www.slowshop.eu\/de\/produkt\/pilgermuschel-von-santiago-de-compostela\/\" \/>\n<meta property=\"og:locale\" content=\"de_DE\" \/>\n<meta property=\"og:type\" content=\"article\" \/>\n<meta property=\"og:title\" content=\"Pilgermuschel von Santiago de Compostela - Slowshop\" \/>\n<meta property=\"og:description\" content=\"Pilgermuschel von Santiago de Compostela\" \/>\n<meta property=\"og:url\" content=\"https:\/\/www.slowshop.eu\/de\/produkt\/pilgermuschel-von-santiago-de-compostela\/\" \/>\n<meta property=\"og:site_name\" content=\"Slowshop\" \/>\n<meta property=\"article:modified_time\" content=\"2026-03-21T17:25:55+00:00\" \/>\n<meta property=\"og:image\" content=\"https:\/\/www.slowshop.eu\/wp-content\/uploads\/2021\/06\/Conchiglia-600x750-1.png\" \/>\n\t<meta property=\"og:image:width\" content=\"600\" \/>\n\t<meta property=\"og:image:height\" content=\"750\" \/>\n\t<meta property=\"og:image:type\" content=\"image\/png\" \/>\n<meta name=\"twitter:card\" content=\"summary_large_image\" \/>\n<script type=\"application\/ld+json\" class=\"yoast-schema-graph\">{\"@context\":\"https:\/\/schema.org\",\"@graph\":[{\"@type\":\"WebPage\",\"@id\":\"https:\/\/www.slowshop.eu\/de\/produkt\/pilgermuschel-von-santiago-de-compostela\/\",\"url\":\"https:\/\/www.slowshop.eu\/de\/produkt\/pilgermuschel-von-santiago-de-compostela\/\",\"name\":\"Pilgermuschel von Santiago de Compostela - Slowshop\",\"isPartOf\":{\"@id\":\"https:\/\/www.slowshop.eu\/de\/#website\"},\"primaryImageOfPage\":{\"@id\":\"https:\/\/www.slowshop.eu\/de\/produkt\/pilgermuschel-von-santiago-de-compostela\/#primaryimage\"},\"image\":{\"@id\":\"https:\/\/www.slowshop.eu\/de\/produkt\/pilgermuschel-von-santiago-de-compostela\/#primaryimage\"},\"thumbnailUrl\":\"https:\/\/www.slowshop.eu\/wp-content\/uploads\/2021\/06\/Conchiglia-600x750-1.png\",\"datePublished\":\"2021-06-10T08:59:15+00:00\",\"dateModified\":\"2026-03-21T17:25:55+00:00\",\"description\":\"Pilgermuschel von Santiago de Compostela\",\"breadcrumb\":{\"@id\":\"https:\/\/www.slowshop.eu\/de\/produkt\/pilgermuschel-von-santiago-de-compostela\/#breadcrumb\"},\"inLanguage\":\"de\",\"potentialAction\":[{\"@type\":\"ReadAction\",\"target\":[\"https:\/\/www.slowshop.eu\/de\/produkt\/pilgermuschel-von-santiago-de-compostela\/\"]}]},{\"@type\":\"ImageObject\",\"inLanguage\":\"de\",\"@id\":\"https:\/\/www.slowshop.eu\/de\/produkt\/pilgermuschel-von-santiago-de-compostela\/#primaryimage\",\"url\":\"https:\/\/www.slowshop.eu\/wp-content\/uploads\/2021\/06\/Conchiglia-600x750-1.png\",\"contentUrl\":\"https:\/\/www.slowshop.eu\/wp-content\/uploads\/2021\/06\/Conchiglia-600x750-1.png\",\"width\":600,\"height\":750},{\"@type\":\"BreadcrumbList\",\"@id\":\"https:\/\/www.slowshop.eu\/de\/produkt\/pilgermuschel-von-santiago-de-compostela\/#breadcrumb\",\"itemListElement\":[{\"@type\":\"ListItem\",\"position\":1,\"name\":\"Home\",\"item\":\"https:\/\/www.slowshop.eu\/de\/\"},{\"@type\":\"ListItem\",\"position\":2,\"name\":\"Cataloge\",\"item\":\"https:\/\/www.slowshop.eu\/catalogo\/\"},{\"@type\":\"ListItem\",\"position\":3,\"name\":\"Pilgermuschel von Santiago de Compostela\"}]},{\"@type\":\"WebSite\",\"@id\":\"https:\/\/www.slowshop.eu\/de\/#website\",\"url\":\"https:\/\/www.slowshop.eu\/de\/\",\"name\":\"SlowShop\",\"description\":\"Vie Francigene Shop\",\"publisher\":{\"@id\":\"https:\/\/www.slowshop.eu\/de\/#organization\"},\"potentialAction\":[{\"@type\":\"SearchAction\",\"target\":{\"@type\":\"EntryPoint\",\"urlTemplate\":\"https:\/\/www.slowshop.eu\/de\/?s={search_term_string}\"},\"query-input\":{\"@type\":\"PropertyValueSpecification\",\"valueRequired\":true,\"valueName\":\"search_term_string\"}}],\"inLanguage\":\"de\"},{\"@type\":\"Organization\",\"@id\":\"https:\/\/www.slowshop.eu\/de\/#organization\",\"name\":\"SlowShop\",\"url\":\"https:\/\/www.slowshop.eu\/de\/\",\"logo\":{\"@type\":\"ImageObject\",\"inLanguage\":\"de\",\"@id\":\"https:\/\/www.slowshop.eu\/de\/#\/schema\/logo\/image\/\",\"url\":\"https:\/\/www.slowshop.eu\/wp-content\/uploads\/2024\/07\/cropped-immagine-1.png\",\"contentUrl\":\"https:\/\/www.slowshop.eu\/wp-content\/uploads\/2024\/07\/cropped-immagine-1.png\",\"width\":512,\"height\":512,\"caption\":\"SlowShop\"},\"image\":{\"@id\":\"https:\/\/www.slowshop.eu\/de\/#\/schema\/logo\/image\/\"}}]}<\/script>\n<!-- \/ Yoast SEO plugin. -->","yoast_head_json":{"title":"Pilgermuschel von Santiago de Compostela - Slowshop","description":"Pilgermuschel von Santiago de Compostela","robots":{"index":"index","follow":"follow","max-snippet":"max-snippet:-1","max-image-preview":"max-image-preview:large","max-video-preview":"max-video-preview:-1"},"canonical":"https:\/\/www.slowshop.eu\/de\/produkt\/pilgermuschel-von-santiago-de-compostela\/","og_locale":"de_DE","og_type":"article","og_title":"Pilgermuschel von Santiago de Compostela - Slowshop","og_description":"Pilgermuschel von Santiago de Compostela","og_url":"https:\/\/www.slowshop.eu\/de\/produkt\/pilgermuschel-von-santiago-de-compostela\/","og_site_name":"Slowshop","article_modified_time":"2026-03-21T17:25:55+00:00","og_image":[{"width":600,"height":750,"url":"https:\/\/www.slowshop.eu\/wp-content\/uploads\/2021\/06\/Conchiglia-600x750-1.png","type":"image\/png"}],"twitter_card":"summary_large_image","schema":{"@context":"https:\/\/schema.org","@graph":[{"@type":"WebPage","@id":"https:\/\/www.slowshop.eu\/de\/produkt\/pilgermuschel-von-santiago-de-compostela\/","url":"https:\/\/www.slowshop.eu\/de\/produkt\/pilgermuschel-von-santiago-de-compostela\/","name":"Pilgermuschel von Santiago de Compostela - Slowshop","isPartOf":{"@id":"https:\/\/www.slowshop.eu\/de\/#website"},"primaryImageOfPage":{"@id":"https:\/\/www.slowshop.eu\/de\/produkt\/pilgermuschel-von-santiago-de-compostela\/#primaryimage"},"image":{"@id":"https:\/\/www.slowshop.eu\/de\/produkt\/pilgermuschel-von-santiago-de-compostela\/#primaryimage"},"thumbnailUrl":"https:\/\/www.slowshop.eu\/wp-content\/uploads\/2021\/06\/Conchiglia-600x750-1.png","datePublished":"2021-06-10T08:59:15+00:00","dateModified":"2026-03-21T17:25:55+00:00","description":"Pilgermuschel von Santiago de Compostela","breadcrumb":{"@id":"https:\/\/www.slowshop.eu\/de\/produkt\/pilgermuschel-von-santiago-de-compostela\/#breadcrumb"},"inLanguage":"de","potentialAction":[{"@type":"ReadAction","target":["https:\/\/www.slowshop.eu\/de\/produkt\/pilgermuschel-von-santiago-de-compostela\/"]}]},{"@type":"ImageObject","inLanguage":"de","@id":"https:\/\/www.slowshop.eu\/de\/produkt\/pilgermuschel-von-santiago-de-compostela\/#primaryimage","url":"https:\/\/www.slowshop.eu\/wp-content\/uploads\/2021\/06\/Conchiglia-600x750-1.png","contentUrl":"https:\/\/www.slowshop.eu\/wp-content\/uploads\/2021\/06\/Conchiglia-600x750-1.png","width":600,"height":750},{"@type":"BreadcrumbList","@id":"https:\/\/www.slowshop.eu\/de\/produkt\/pilgermuschel-von-santiago-de-compostela\/#breadcrumb","itemListElement":[{"@type":"ListItem","position":1,"name":"Home","item":"https:\/\/www.slowshop.eu\/de\/"},{"@type":"ListItem","position":2,"name":"Cataloge","item":"https:\/\/www.slowshop.eu\/catalogo\/"},{"@type":"ListItem","position":3,"name":"Pilgermuschel von Santiago de Compostela"}]},{"@type":"WebSite","@id":"https:\/\/www.slowshop.eu\/de\/#website","url":"https:\/\/www.slowshop.eu\/de\/","name":"SlowShop","description":"Vie Francigene Shop","publisher":{"@id":"https:\/\/www.slowshop.eu\/de\/#organization"},"potentialAction":[{"@type":"SearchAction","target":{"@type":"EntryPoint","urlTemplate":"https:\/\/www.slowshop.eu\/de\/?s={search_term_string}"},"query-input":{"@type":"PropertyValueSpecification","valueRequired":true,"valueName":"search_term_string"}}],"inLanguage":"de"},{"@type":"Organization","@id":"https:\/\/www.slowshop.eu\/de\/#organization","name":"SlowShop","url":"https:\/\/www.slowshop.eu\/de\/","logo":{"@type":"ImageObject","inLanguage":"de","@id":"https:\/\/www.slowshop.eu\/de\/#\/schema\/logo\/image\/","url":"https:\/\/www.slowshop.eu\/wp-content\/uploads\/2024\/07\/cropped-immagine-1.png","contentUrl":"https:\/\/www.slowshop.eu\/wp-content\/uploads\/2024\/07\/cropped-immagine-1.png","width":512,"height":512,"caption":"SlowShop"},"image":{"@id":"https:\/\/www.slowshop.eu\/de\/#\/schema\/logo\/image\/"}}]}},"_links":{"self":[{"href":"https:\/\/www.slowshop.eu\/de\/wp-json\/wp\/v2\/product\/5234","targetHints":{"allow":["GET"]}}],"collection":[{"href":"https:\/\/www.slowshop.eu\/de\/wp-json\/wp\/v2\/product"}],"about":[{"href":"https:\/\/www.slowshop.eu\/de\/wp-json\/wp\/v2\/types\/product"}],"wp:featuredmedia":[{"embeddable":true,"href":"https:\/\/www.slowshop.eu\/de\/wp-json\/wp\/v2\/media\/5235"}],"wp:attachment":[{"href":"https:\/\/www.slowshop.eu\/de\/wp-json\/wp\/v2\/media?parent=5234"}],"wp:term":[{"taxonomy":"product_brand","embeddable":true,"href":"https:\/\/www.slowshop.eu\/de\/wp-json\/wp\/v2\/product_brand?post=5234"},{"taxonomy":"product_cat","embeddable":true,"href":"https:\/\/www.slowshop.eu\/de\/wp-json\/wp\/v2\/product_cat?post=5234"},{"taxonomy":"product_tag","embeddable":true,"href":"https:\/\/www.slowshop.eu\/de\/wp-json\/wp\/v2\/product_tag?post=5234"}],"curies":[{"name":"wp","href":"https:\/\/api.w.org\/{rel}","templated":true}]}}