{"id":5237,"date":"2021-05-13T12:40:31","date_gmt":"2021-05-13T10:40:31","guid":{"rendered":"https:\/\/www.slowshop.eu\/product\/offizieller-pilgerpass-jakobsweg\/"},"modified":"2026-03-21T18:25:55","modified_gmt":"2026-03-21T17:25:55","slug":"offizieller-pilgerausweis-jakobsweg","status":"publish","type":"product","link":"https:\/\/www.slowshop.eu\/de\/produkt\/offizieller-pilgerausweis-jakobsweg\/","title":{"rendered":"Offizieller Pilgerausweis Jakobsweg"},"content":{"rendered":"<h3>Offizieller Pilgerpass Jakobsweg<\/h3>\n<p data-start=\"152\" data-end=\"484\">Der <strong data-start=\"156\" data-end=\"173\">Pilgerausweis<\/strong> ist das offizielle Dokument f\u00fcr den Jakobsweg und gilt als \u201ePilgerpass\u201c. Der Besitz der Credencial ist unerl\u00e4sslich f\u00fcr alle, die das gesamte Erlebnis des Weges vollst\u00e4ndig erleben m\u00f6chten, da er die Identit\u00e4t und Motivation des Pilgers best\u00e4tigt und die Anerkennung auf allen offiziellen Etappen garantiert.<\/p>\n<p data-start=\"486\" data-end=\"1184\">Der Pilgerausweis erm\u00f6glicht den Zugang zu speziell eingerichteten Unterk\u00fcnften, in denen Pilger sicher und kosteng\u00fcnstig \u00fcbernachten k\u00f6nnen. Dar\u00fcber hinaus k\u00f6nnen Pilger von Verg\u00fcnstigungen bei Restaurants, Gesch\u00e4ften und in einigen Regionen auch bei \u00f6ffentlichen Verkehrsmitteln profitieren, wodurch der Weg noch komfortabler wird. Das Sammeln von Stempeln an jeder offiziellen Etappe dient nicht nur als Erinnerung, sondern ist auch erforderlich, um das <strong data-start=\"943\" data-end=\"958\">Testimonium<\/strong> zu erhalten \u2013 das offizielle Zertifikat, das den Abschluss des Jakobswegs best\u00e4tigt. F\u00fcr das Testimonium m\u00fcssen mindestens die letzten 100 km zu Fu\u00df oder 200 km mit dem Fahrrad zur\u00fcckgelegt und regelm\u00e4\u00dfig gestempelt werden.<\/p>\n<p data-start=\"1186\" data-end=\"1502\">Der Kauf des Pilgerausweises beim offiziellen H\u00e4ndler garantiert die Echtheit des Dokuments, das von allen Einrichtungen entlang des Jakobswegs anerkannt wird. Der Ausweis ist robust, praktisch und f\u00fcr die gesamte Route ausreichend, wodurch die Stempelverwaltung und die Kontrolle in den Unterk\u00fcnften einfach wird.<\/p>\n<p data-start=\"1504\" data-end=\"1949\">Mit dem Pilgerausweis k\u00f6nnen alle Teilnehmer des Jakobswegs das Erlebnis vollst\u00e4ndig, sicher und gut organisiert genie\u00dfen, sich ganz auf die Entdeckung der Landschaften, historischen D\u00f6rfer und einzigartigen Atmosph\u00e4re konzentrieren. Durch den Kauf des offiziellen Pilgerausweises ist der Pilger bereit, Stempel an jeder Etappe zu sammeln und das Testimonium zu erhalten \u2013 eine bleibende und greifbare Erinnerung an diese unvergessliche Reise.<\/p>\n<h3 data-start=\"0\" data-end=\"66\">Starte mit uns auf der Jakobsweg<\/h3>\n<p><strong data-start=\"1951\" data-end=\"2109\">Bestellen Sie jetzt Ihren Pilgerausweis und starten Sie den Jakobsweg mit dem offiziellen Dokument, das unerl\u00e4sslich ist, um jede Etappe voll auszukosten!<\/strong> Empfohlen wird der Kauf zusammen mit dem <a href=\"https:\/\/www.slowshop.eu\/prodotto\/il-cammino-di-santiago-de-compostela-guida-in-italiano\/\"><strong data-start=\"2151\" data-end=\"2192\">offiziellen Reisef\u00fchrer zum Jakobsweg<\/strong><\/a>.<\/p>\n","protected":false},"excerpt":{"rendered":"<p>Der Pilgerausweis ist der offizielle Pass f\u00fcr den Jakobsweg und unverzichtbar, um das gesamte Erlebnis des Weges vollst\u00e4ndig zu erleben.<br \/>\nEr best\u00e4tigt die Identit\u00e4t und Motivation des Pilgers, erm\u00f6glicht den Zugang zu Unterk\u00fcnften, gew\u00e4hrt Verg\u00fcnstigungen bei Restaurants und Verkehrsmitteln und erlaubt das Sammeln von Stempeln entlang des gesamten Weges als einzigartige Erinnerung. Bestellen Sie jetzt Ihren Pilgerausweis und entdecken Sie die unvergesslichen Landschaften und Atmosph\u00e4ren des Jakobswegs!<br \/>\nStarten Sie Ihre Pilgerreise auf dem Jakobsweg mit dem Pilgerausweis \u2013 dem offiziellen Dokument, um das Erlebnis des Weges in vollem Umfang zu genie\u00dfen!<\/p>\n","protected":false},"featured_media":23464,"template":"","meta":{"_monsterinsights_skip_tracking":false,"_monsterinsights_sitenote_active":false,"_monsterinsights_sitenote_note":"","_monsterinsights_sitenote_category":0},"product_brand":[],"product_cat":[132,145],"product_tag":[152],"class_list":{"0":"post-5237","1":"product","2":"type-product","3":"status-publish","4":"has-post-thumbnail","6":"product_cat-guide-e-credenziali-de","7":"product_cat-cammino-di-santiago-de","8":"product_tag-ausweis","9":"tm-no-options","11":"first","12":"instock","13":"taxable","14":"shipping-taxable","15":"purchasable","16":"product-type-simple"},"bundle_layout":"","bundle_add_to_cart_form_location":"","bundle_editable_in_cart":false,"bundle_sold_individually_context":"","bundle_item_grouping":"","bundle_min_size":"","bundle_max_size":"","bundled_by":["5243","14628"],"bundled_items":[],"yoast_head":"<!-- This site is optimized with the Yoast SEO plugin v26.2 - https:\/\/yoast.com\/wordpress\/plugins\/seo\/ -->\n<title>Offizieller Pilgerausweis Jakobsweg - Slowshop<\/title>\n<meta name=\"description\" content=\"Der Pilgerausweis f\u00fcr den Jakobsweg ist das wichtigste Dokument f\u00fcr Pilger auf dem Weg nach Santiago de Compostela. Er enth\u00e4lt Karten und Platz f\u00fcr Stempel.\" \/>\n<meta name=\"robots\" content=\"index, follow, max-snippet:-1, max-image-preview:large, max-video-preview:-1\" \/>\n<link rel=\"canonical\" href=\"https:\/\/www.slowshop.eu\/de\/produkt\/offizieller-pilgerausweis-jakobsweg\/\" \/>\n<meta property=\"og:locale\" content=\"de_DE\" \/>\n<meta property=\"og:type\" content=\"article\" \/>\n<meta property=\"og:title\" content=\"Offizieller Pilgerausweis Jakobsweg - Slowshop\" \/>\n<meta property=\"og:description\" content=\"Der Pilgerausweis f\u00fcr den Jakobsweg ist das wichtigste Dokument f\u00fcr Pilger auf dem Weg nach Santiago de Compostela. Er enth\u00e4lt Karten und Platz f\u00fcr Stempel.\" \/>\n<meta property=\"og:url\" content=\"https:\/\/www.slowshop.eu\/de\/produkt\/offizieller-pilgerausweis-jakobsweg\/\" \/>\n<meta property=\"og:site_name\" content=\"Slowshop\" \/>\n<meta property=\"article:modified_time\" content=\"2026-03-21T17:25:55+00:00\" \/>\n<meta property=\"og:image\" content=\"https:\/\/www.slowshop.eu\/wp-content\/uploads\/2021\/05\/Credenziale-del-pellegrino.webp\" \/>\n\t<meta property=\"og:image:width\" content=\"353\" \/>\n\t<meta property=\"og:image:height\" content=\"549\" \/>\n\t<meta property=\"og:image:type\" content=\"image\/webp\" \/>\n<meta name=\"twitter:card\" content=\"summary_large_image\" \/>\n<meta name=\"twitter:label1\" content=\"Gesch\u00e4tzte Lesezeit\" \/>\n\t<meta name=\"twitter:data1\" content=\"2\u00a0Minuten\" \/>\n<script type=\"application\/ld+json\" class=\"yoast-schema-graph\">{\"@context\":\"https:\/\/schema.org\",\"@graph\":[{\"@type\":\"WebPage\",\"@id\":\"https:\/\/www.slowshop.eu\/de\/produkt\/offizieller-pilgerausweis-jakobsweg\/\",\"url\":\"https:\/\/www.slowshop.eu\/de\/produkt\/offizieller-pilgerausweis-jakobsweg\/\",\"name\":\"Offizieller Pilgerausweis Jakobsweg - Slowshop\",\"isPartOf\":{\"@id\":\"https:\/\/www.slowshop.eu\/de\/#website\"},\"primaryImageOfPage\":{\"@id\":\"https:\/\/www.slowshop.eu\/de\/produkt\/offizieller-pilgerausweis-jakobsweg\/#primaryimage\"},\"image\":{\"@id\":\"https:\/\/www.slowshop.eu\/de\/produkt\/offizieller-pilgerausweis-jakobsweg\/#primaryimage\"},\"thumbnailUrl\":\"https:\/\/www.slowshop.eu\/wp-content\/uploads\/2021\/05\/Credenziale-del-pellegrino.webp\",\"datePublished\":\"2021-05-13T10:40:31+00:00\",\"dateModified\":\"2026-03-21T17:25:55+00:00\",\"description\":\"Der Pilgerausweis f\u00fcr den Jakobsweg ist das wichtigste Dokument f\u00fcr Pilger auf dem Weg nach Santiago de Compostela. Er enth\u00e4lt Karten und Platz f\u00fcr Stempel.\",\"breadcrumb\":{\"@id\":\"https:\/\/www.slowshop.eu\/de\/produkt\/offizieller-pilgerausweis-jakobsweg\/#breadcrumb\"},\"inLanguage\":\"de\",\"potentialAction\":[{\"@type\":\"ReadAction\",\"target\":[\"https:\/\/www.slowshop.eu\/de\/produkt\/offizieller-pilgerausweis-jakobsweg\/\"]}]},{\"@type\":\"ImageObject\",\"inLanguage\":\"de\",\"@id\":\"https:\/\/www.slowshop.eu\/de\/produkt\/offizieller-pilgerausweis-jakobsweg\/#primaryimage\",\"url\":\"https:\/\/www.slowshop.eu\/wp-content\/uploads\/2021\/05\/Credenziale-del-pellegrino.webp\",\"contentUrl\":\"https:\/\/www.slowshop.eu\/wp-content\/uploads\/2021\/05\/Credenziale-del-pellegrino.webp\",\"width\":353,\"height\":549,\"caption\":\"Credenziale Cammino di Santiago\"},{\"@type\":\"BreadcrumbList\",\"@id\":\"https:\/\/www.slowshop.eu\/de\/produkt\/offizieller-pilgerausweis-jakobsweg\/#breadcrumb\",\"itemListElement\":[{\"@type\":\"ListItem\",\"position\":1,\"name\":\"Home\",\"item\":\"https:\/\/www.slowshop.eu\/de\/\"},{\"@type\":\"ListItem\",\"position\":2,\"name\":\"Cataloge\",\"item\":\"https:\/\/www.slowshop.eu\/catalogo\/\"},{\"@type\":\"ListItem\",\"position\":3,\"name\":\"Offizieller Pilgerausweis Jakobsweg\"}]},{\"@type\":\"WebSite\",\"@id\":\"https:\/\/www.slowshop.eu\/de\/#website\",\"url\":\"https:\/\/www.slowshop.eu\/de\/\",\"name\":\"SlowShop\",\"description\":\"Vie Francigene Shop\",\"publisher\":{\"@id\":\"https:\/\/www.slowshop.eu\/de\/#organization\"},\"potentialAction\":[{\"@type\":\"SearchAction\",\"target\":{\"@type\":\"EntryPoint\",\"urlTemplate\":\"https:\/\/www.slowshop.eu\/de\/?s={search_term_string}\"},\"query-input\":{\"@type\":\"PropertyValueSpecification\",\"valueRequired\":true,\"valueName\":\"search_term_string\"}}],\"inLanguage\":\"de\"},{\"@type\":\"Organization\",\"@id\":\"https:\/\/www.slowshop.eu\/de\/#organization\",\"name\":\"SlowShop\",\"url\":\"https:\/\/www.slowshop.eu\/de\/\",\"logo\":{\"@type\":\"ImageObject\",\"inLanguage\":\"de\",\"@id\":\"https:\/\/www.slowshop.eu\/de\/#\/schema\/logo\/image\/\",\"url\":\"https:\/\/www.slowshop.eu\/wp-content\/uploads\/2024\/07\/cropped-immagine-1.png\",\"contentUrl\":\"https:\/\/www.slowshop.eu\/wp-content\/uploads\/2024\/07\/cropped-immagine-1.png\",\"width\":512,\"height\":512,\"caption\":\"SlowShop\"},\"image\":{\"@id\":\"https:\/\/www.slowshop.eu\/de\/#\/schema\/logo\/image\/\"}}]}<\/script>\n<!-- \/ Yoast SEO plugin. -->","yoast_head_json":{"title":"Offizieller Pilgerausweis Jakobsweg - Slowshop","description":"Der Pilgerausweis f\u00fcr den Jakobsweg ist das wichtigste Dokument f\u00fcr Pilger auf dem Weg nach Santiago de Compostela. Er enth\u00e4lt Karten und Platz f\u00fcr Stempel.","robots":{"index":"index","follow":"follow","max-snippet":"max-snippet:-1","max-image-preview":"max-image-preview:large","max-video-preview":"max-video-preview:-1"},"canonical":"https:\/\/www.slowshop.eu\/de\/produkt\/offizieller-pilgerausweis-jakobsweg\/","og_locale":"de_DE","og_type":"article","og_title":"Offizieller Pilgerausweis Jakobsweg - Slowshop","og_description":"Der Pilgerausweis f\u00fcr den Jakobsweg ist das wichtigste Dokument f\u00fcr Pilger auf dem Weg nach Santiago de Compostela. Er enth\u00e4lt Karten und Platz f\u00fcr Stempel.","og_url":"https:\/\/www.slowshop.eu\/de\/produkt\/offizieller-pilgerausweis-jakobsweg\/","og_site_name":"Slowshop","article_modified_time":"2026-03-21T17:25:55+00:00","og_image":[{"width":353,"height":549,"url":"https:\/\/www.slowshop.eu\/wp-content\/uploads\/2021\/05\/Credenziale-del-pellegrino.webp","type":"image\/webp"}],"twitter_card":"summary_large_image","twitter_misc":{"Gesch\u00e4tzte Lesezeit":"2\u00a0Minuten"},"schema":{"@context":"https:\/\/schema.org","@graph":[{"@type":"WebPage","@id":"https:\/\/www.slowshop.eu\/de\/produkt\/offizieller-pilgerausweis-jakobsweg\/","url":"https:\/\/www.slowshop.eu\/de\/produkt\/offizieller-pilgerausweis-jakobsweg\/","name":"Offizieller Pilgerausweis Jakobsweg - Slowshop","isPartOf":{"@id":"https:\/\/www.slowshop.eu\/de\/#website"},"primaryImageOfPage":{"@id":"https:\/\/www.slowshop.eu\/de\/produkt\/offizieller-pilgerausweis-jakobsweg\/#primaryimage"},"image":{"@id":"https:\/\/www.slowshop.eu\/de\/produkt\/offizieller-pilgerausweis-jakobsweg\/#primaryimage"},"thumbnailUrl":"https:\/\/www.slowshop.eu\/wp-content\/uploads\/2021\/05\/Credenziale-del-pellegrino.webp","datePublished":"2021-05-13T10:40:31+00:00","dateModified":"2026-03-21T17:25:55+00:00","description":"Der Pilgerausweis f\u00fcr den Jakobsweg ist das wichtigste Dokument f\u00fcr Pilger auf dem Weg nach Santiago de Compostela. Er enth\u00e4lt Karten und Platz f\u00fcr Stempel.","breadcrumb":{"@id":"https:\/\/www.slowshop.eu\/de\/produkt\/offizieller-pilgerausweis-jakobsweg\/#breadcrumb"},"inLanguage":"de","potentialAction":[{"@type":"ReadAction","target":["https:\/\/www.slowshop.eu\/de\/produkt\/offizieller-pilgerausweis-jakobsweg\/"]}]},{"@type":"ImageObject","inLanguage":"de","@id":"https:\/\/www.slowshop.eu\/de\/produkt\/offizieller-pilgerausweis-jakobsweg\/#primaryimage","url":"https:\/\/www.slowshop.eu\/wp-content\/uploads\/2021\/05\/Credenziale-del-pellegrino.webp","contentUrl":"https:\/\/www.slowshop.eu\/wp-content\/uploads\/2021\/05\/Credenziale-del-pellegrino.webp","width":353,"height":549,"caption":"Credenziale Cammino di Santiago"},{"@type":"BreadcrumbList","@id":"https:\/\/www.slowshop.eu\/de\/produkt\/offizieller-pilgerausweis-jakobsweg\/#breadcrumb","itemListElement":[{"@type":"ListItem","position":1,"name":"Home","item":"https:\/\/www.slowshop.eu\/de\/"},{"@type":"ListItem","position":2,"name":"Cataloge","item":"https:\/\/www.slowshop.eu\/catalogo\/"},{"@type":"ListItem","position":3,"name":"Offizieller Pilgerausweis Jakobsweg"}]},{"@type":"WebSite","@id":"https:\/\/www.slowshop.eu\/de\/#website","url":"https:\/\/www.slowshop.eu\/de\/","name":"SlowShop","description":"Vie Francigene Shop","publisher":{"@id":"https:\/\/www.slowshop.eu\/de\/#organization"},"potentialAction":[{"@type":"SearchAction","target":{"@type":"EntryPoint","urlTemplate":"https:\/\/www.slowshop.eu\/de\/?s={search_term_string}"},"query-input":{"@type":"PropertyValueSpecification","valueRequired":true,"valueName":"search_term_string"}}],"inLanguage":"de"},{"@type":"Organization","@id":"https:\/\/www.slowshop.eu\/de\/#organization","name":"SlowShop","url":"https:\/\/www.slowshop.eu\/de\/","logo":{"@type":"ImageObject","inLanguage":"de","@id":"https:\/\/www.slowshop.eu\/de\/#\/schema\/logo\/image\/","url":"https:\/\/www.slowshop.eu\/wp-content\/uploads\/2024\/07\/cropped-immagine-1.png","contentUrl":"https:\/\/www.slowshop.eu\/wp-content\/uploads\/2024\/07\/cropped-immagine-1.png","width":512,"height":512,"caption":"SlowShop"},"image":{"@id":"https:\/\/www.slowshop.eu\/de\/#\/schema\/logo\/image\/"}}]}},"_links":{"self":[{"href":"https:\/\/www.slowshop.eu\/de\/wp-json\/wp\/v2\/product\/5237","targetHints":{"allow":["GET"]}}],"collection":[{"href":"https:\/\/www.slowshop.eu\/de\/wp-json\/wp\/v2\/product"}],"about":[{"href":"https:\/\/www.slowshop.eu\/de\/wp-json\/wp\/v2\/types\/product"}],"wp:featuredmedia":[{"embeddable":true,"href":"https:\/\/www.slowshop.eu\/de\/wp-json\/wp\/v2\/media\/23464"}],"wp:attachment":[{"href":"https:\/\/www.slowshop.eu\/de\/wp-json\/wp\/v2\/media?parent=5237"}],"wp:term":[{"taxonomy":"product_brand","embeddable":true,"href":"https:\/\/www.slowshop.eu\/de\/wp-json\/wp\/v2\/product_brand?post=5237"},{"taxonomy":"product_cat","embeddable":true,"href":"https:\/\/www.slowshop.eu\/de\/wp-json\/wp\/v2\/product_cat?post=5237"},{"taxonomy":"product_tag","embeddable":true,"href":"https:\/\/www.slowshop.eu\/de\/wp-json\/wp\/v2\/product_tag?post=5237"}],"curies":[{"name":"wp","href":"https:\/\/api.w.org\/{rel}","templated":true}]}}