{"id":8110,"date":"2021-06-22T11:44:31","date_gmt":"2021-06-22T09:44:31","guid":{"rendered":"https:\/\/www.slowshop.eu\/product\/via-francigena-wasserflasche-refill-now\/"},"modified":"2023-10-24T15:29:12","modified_gmt":"2023-10-24T13:29:12","slug":"via-francigena-wasserflasche-refill-now","status":"publish","type":"product","link":"https:\/\/www.slowshop.eu\/de\/produkt\/via-francigena-wasserflasche-refill-now\/","title":{"rendered":"Via Francigena Wasserflasche &#8211; Refill Now"},"content":{"rendered":"<h3>Wasserflasche Via Francigena &#8211; Refill Now<\/h3>\n<p>Die Via Francigena Thermosflasche &#8211; Refill Now ist 0,5L gro\u00df und besteht aus blauem oder gr\u00fcnem Aluminium mit dem offiziellen Logo der Via Francigena.<br \/>\nDer Verein der Via Francigena und SloWays sind Partner im nachhaltigen Projekt Refill Now. Kaufe die Refill Now Trinkflaschen und unterst\u00fctze auch du das Projekt, um unseren Einfluss auf den Planeten zu reduzieren!<\/p>\n<p><span style=\"color: #333333; font-family: 'Libre Baskerville'; font-size: 40px;\">Schnell, einfach, Refill Now<\/span><\/p>\n<p><span style=\"color: #696969; font-family: 'Nunito Sans'; font-size: 16px;\">Die schnelle und einfache Art, den Verbrauch von Plastikflaschen zu reduzieren, indem man die \u00f6ffentlichen und privaten Trinkwasserstellen entlang der Via Francigena kostenlos oder gegen eine Geb\u00fchr auffindbar macht. Durch das Scannen des QR-Codes oder des NFC-Tags k\u00f6nnen Sie ganz einfach die n\u00e4chstgelegenen Wasserstellen finden und Ihre Refill Now-Mehrwegflasche oder Ihre pers\u00f6nliche Wasserflasche im Handumdrehen wieder auff\u00fcllen.<\/span><\/p>\n<div class=\"vc_custom_heading_wrap \">\n<div class=\"heading-text el-text\">\n<p>Refill Now, ein nachhaltiges Projekt, das von einem italienischen Start-up-Unternehmen entwickelt wurde und privaten Unternehmen und Reisezielen helfen soll, den Verbrauch von Plastikflaschen und -materialien zu reduzieren.<\/p>\n<p><span class=\"font-755950\">Refill Now map \u00e8 una <a href=\"https:\/\/map.refill-now.com\/#\/\">Die Karte Refill Now ist eine interaktive Karte<\/a> mit einem Navigationssystem, auf der \u00f6ffentliche und private Wasserstellen an einem Ort verzeichnet sind.<\/span><\/p>\n<p>Machen Sie Ihr Foto und folgen Sie unserer Seite <a href=\"https:\/\/www.instagram.com\/sloways_travels\/\">@sloways_travel<\/a> auf Instagram mit dem Hashtag <strong>#spassolento<\/strong>!<br \/>\n<strong>Besitzen Sie den Ausweis bereits?<br \/>\n<\/strong>Der Pilgerausweis ist der &#8222;Pilgerpass&#8220;. Es bescheinigt die Identit\u00e4t und die Beweggr\u00fcnde des Reisenden und ist ein unverzichtbares Instrument.\u00a0<a href=\"https:\/\/www.slowshop.eu\/prodotto\/credenziale-del-pellegrino-via-francigena\/\"><span style=\"color: #e06100;\"><strong>Sie k\u00f6nnen es hier kaufen<\/strong><\/span><\/a><\/p>\n<h3><strong>Reise mit uns<\/strong><\/h3>\n<p>Jetzt bleibt Ihnen nur noch, Ihre Reise entlang der Via Francigena zu buchen. Wenn Sie auf unserer Website buchen, erhalten Sie umfassende Reiseunterlagen. Wir bieten Ihnen 24-Stunden-Betreuung Unterst\u00fctzung und reservieren traumhafte Unterk\u00fcnfte f\u00fcr Ihren Aufenthalt, damit Ihr Urlaub zu einem unvergesslichen Erlebnis wird. Um uns zu kontaktieren, schreiben Sie bitte eine E-Mail an <a href=\"mailto:info@sloways.eu\">info@sloways.eu<\/a>\u00a0o visita la pagina\u00a0<a href=\"https:\/\/www.sloways.eu\/contatti\">contatti sul nostro sito web.<\/a><\/p>\n<\/div>\n<\/div>\n","protected":false},"excerpt":{"rendered":"<p>La Borraccia Via Francigena &#8211; Refill Now \u00e8 0.5L, blu o verde in acciaio inox con il logo ufficiale Via Francigena.<br \/>\nL&#8217;associazione delle Vie Francigene e SloWays sono partner del progetto sostenibile Refill Now<br \/>\nAcquista le borracce Refill Now e supporta anche tu il progetto riducendo il nostro impatto sul pianeta!<\/p>\n","protected":false},"featured_media":8625,"template":"","meta":{"_monsterinsights_skip_tracking":false,"_monsterinsights_sitenote_active":false,"_monsterinsights_sitenote_note":"","_monsterinsights_sitenote_category":0},"product_brand":[],"product_cat":[149,150],"product_tag":[],"class_list":{"0":"post-8110","1":"product","2":"type-product","3":"status-publish","4":"has-post-thumbnail","6":"product_cat-gadget-de-2","7":"product_cat-via-francigena-de-2","8":"tm-no-options","10":"first","11":"outofstock","12":"sale","13":"taxable","14":"shipping-taxable","15":"purchasable","16":"product-type-variable"},"bundle_layout":"","bundle_add_to_cart_form_location":"","bundle_editable_in_cart":false,"bundle_sold_individually_context":"","bundle_item_grouping":"","bundle_min_size":"","bundle_max_size":"","bundled_by":[],"bundled_items":[],"yoast_head":"<!-- This site is optimized with the Yoast SEO plugin v26.2 - https:\/\/yoast.com\/wordpress\/plugins\/seo\/ -->\n<title>Via Francigena Wasserflasche - Refill Now - Slowshop<\/title>\n<meta name=\"robots\" content=\"index, follow, max-snippet:-1, max-image-preview:large, max-video-preview:-1\" \/>\n<link rel=\"canonical\" href=\"https:\/\/www.slowshop.eu\/de\/produkt\/via-francigena-wasserflasche-refill-now\/\" \/>\n<meta property=\"og:locale\" content=\"de_DE\" \/>\n<meta property=\"og:type\" content=\"article\" \/>\n<meta property=\"og:title\" content=\"Via Francigena Wasserflasche - Refill Now - Slowshop\" \/>\n<meta property=\"og:description\" content=\"La Borraccia Via Francigena - Refill Now \u00e8 0.5L, blu o verde in acciaio inox con il logo ufficiale Via Francigena. L&#039;associazione delle Vie Francigene e SloWays sono partner del progetto sostenibile Refill Now Acquista le borracce Refill Now e supporta anche tu il progetto riducendo il nostro impatto sul pianeta!\" \/>\n<meta property=\"og:url\" content=\"https:\/\/www.slowshop.eu\/de\/produkt\/via-francigena-wasserflasche-refill-now\/\" \/>\n<meta property=\"og:site_name\" content=\"Slowshop\" \/>\n<meta property=\"article:modified_time\" content=\"2023-10-24T13:29:12+00:00\" \/>\n<meta property=\"og:image\" content=\"https:\/\/www.slowshop.eu\/wp-content\/uploads\/2021\/06\/Borracce-2-1.png\" \/>\n\t<meta property=\"og:image:width\" content=\"600\" \/>\n\t<meta property=\"og:image:height\" content=\"750\" \/>\n\t<meta property=\"og:image:type\" content=\"image\/png\" \/>\n<meta name=\"twitter:card\" content=\"summary_large_image\" \/>\n<meta name=\"twitter:label1\" content=\"Gesch\u00e4tzte Lesezeit\" \/>\n\t<meta name=\"twitter:data1\" content=\"2\u00a0Minuten\" \/>\n<script type=\"application\/ld+json\" class=\"yoast-schema-graph\">{\"@context\":\"https:\/\/schema.org\",\"@graph\":[{\"@type\":\"WebPage\",\"@id\":\"https:\/\/www.slowshop.eu\/de\/produkt\/via-francigena-wasserflasche-refill-now\/\",\"url\":\"https:\/\/www.slowshop.eu\/de\/produkt\/via-francigena-wasserflasche-refill-now\/\",\"name\":\"Via Francigena Wasserflasche - Refill Now - Slowshop\",\"isPartOf\":{\"@id\":\"https:\/\/www.slowshop.eu\/de\/#website\"},\"primaryImageOfPage\":{\"@id\":\"https:\/\/www.slowshop.eu\/de\/produkt\/via-francigena-wasserflasche-refill-now\/#primaryimage\"},\"image\":{\"@id\":\"https:\/\/www.slowshop.eu\/de\/produkt\/via-francigena-wasserflasche-refill-now\/#primaryimage\"},\"thumbnailUrl\":\"https:\/\/www.slowshop.eu\/wp-content\/uploads\/2021\/06\/Borracce-2-1.png\",\"datePublished\":\"2021-06-22T09:44:31+00:00\",\"dateModified\":\"2023-10-24T13:29:12+00:00\",\"breadcrumb\":{\"@id\":\"https:\/\/www.slowshop.eu\/de\/produkt\/via-francigena-wasserflasche-refill-now\/#breadcrumb\"},\"inLanguage\":\"de\",\"potentialAction\":[{\"@type\":\"ReadAction\",\"target\":[\"https:\/\/www.slowshop.eu\/de\/produkt\/via-francigena-wasserflasche-refill-now\/\"]}]},{\"@type\":\"ImageObject\",\"inLanguage\":\"de\",\"@id\":\"https:\/\/www.slowshop.eu\/de\/produkt\/via-francigena-wasserflasche-refill-now\/#primaryimage\",\"url\":\"https:\/\/www.slowshop.eu\/wp-content\/uploads\/2021\/06\/Borracce-2-1.png\",\"contentUrl\":\"https:\/\/www.slowshop.eu\/wp-content\/uploads\/2021\/06\/Borracce-2-1.png\",\"width\":600,\"height\":750},{\"@type\":\"BreadcrumbList\",\"@id\":\"https:\/\/www.slowshop.eu\/de\/produkt\/via-francigena-wasserflasche-refill-now\/#breadcrumb\",\"itemListElement\":[{\"@type\":\"ListItem\",\"position\":1,\"name\":\"Home\",\"item\":\"https:\/\/www.slowshop.eu\/de\/\"},{\"@type\":\"ListItem\",\"position\":2,\"name\":\"Cataloge\",\"item\":\"https:\/\/www.slowshop.eu\/catalogo\/\"},{\"@type\":\"ListItem\",\"position\":3,\"name\":\"Via Francigena Wasserflasche &#8211; Refill Now\"}]},{\"@type\":\"WebSite\",\"@id\":\"https:\/\/www.slowshop.eu\/de\/#website\",\"url\":\"https:\/\/www.slowshop.eu\/de\/\",\"name\":\"SlowShop\",\"description\":\"Vie Francigene Shop\",\"publisher\":{\"@id\":\"https:\/\/www.slowshop.eu\/de\/#organization\"},\"potentialAction\":[{\"@type\":\"SearchAction\",\"target\":{\"@type\":\"EntryPoint\",\"urlTemplate\":\"https:\/\/www.slowshop.eu\/de\/?s={search_term_string}\"},\"query-input\":{\"@type\":\"PropertyValueSpecification\",\"valueRequired\":true,\"valueName\":\"search_term_string\"}}],\"inLanguage\":\"de\"},{\"@type\":\"Organization\",\"@id\":\"https:\/\/www.slowshop.eu\/de\/#organization\",\"name\":\"SlowShop\",\"url\":\"https:\/\/www.slowshop.eu\/de\/\",\"logo\":{\"@type\":\"ImageObject\",\"inLanguage\":\"de\",\"@id\":\"https:\/\/www.slowshop.eu\/de\/#\/schema\/logo\/image\/\",\"url\":\"https:\/\/www.slowshop.eu\/wp-content\/uploads\/2024\/07\/cropped-immagine-1.png\",\"contentUrl\":\"https:\/\/www.slowshop.eu\/wp-content\/uploads\/2024\/07\/cropped-immagine-1.png\",\"width\":512,\"height\":512,\"caption\":\"SlowShop\"},\"image\":{\"@id\":\"https:\/\/www.slowshop.eu\/de\/#\/schema\/logo\/image\/\"}}]}<\/script>\n<!-- \/ Yoast SEO plugin. -->","yoast_head_json":{"title":"Via Francigena Wasserflasche - Refill Now - Slowshop","robots":{"index":"index","follow":"follow","max-snippet":"max-snippet:-1","max-image-preview":"max-image-preview:large","max-video-preview":"max-video-preview:-1"},"canonical":"https:\/\/www.slowshop.eu\/de\/produkt\/via-francigena-wasserflasche-refill-now\/","og_locale":"de_DE","og_type":"article","og_title":"Via Francigena Wasserflasche - Refill Now - Slowshop","og_description":"La Borraccia Via Francigena - Refill Now \u00e8 0.5L, blu o verde in acciaio inox con il logo ufficiale Via Francigena. L'associazione delle Vie Francigene e SloWays sono partner del progetto sostenibile Refill Now Acquista le borracce Refill Now e supporta anche tu il progetto riducendo il nostro impatto sul pianeta!","og_url":"https:\/\/www.slowshop.eu\/de\/produkt\/via-francigena-wasserflasche-refill-now\/","og_site_name":"Slowshop","article_modified_time":"2023-10-24T13:29:12+00:00","og_image":[{"width":600,"height":750,"url":"https:\/\/www.slowshop.eu\/wp-content\/uploads\/2021\/06\/Borracce-2-1.png","type":"image\/png"}],"twitter_card":"summary_large_image","twitter_misc":{"Gesch\u00e4tzte Lesezeit":"2\u00a0Minuten"},"schema":{"@context":"https:\/\/schema.org","@graph":[{"@type":"WebPage","@id":"https:\/\/www.slowshop.eu\/de\/produkt\/via-francigena-wasserflasche-refill-now\/","url":"https:\/\/www.slowshop.eu\/de\/produkt\/via-francigena-wasserflasche-refill-now\/","name":"Via Francigena Wasserflasche - Refill Now - Slowshop","isPartOf":{"@id":"https:\/\/www.slowshop.eu\/de\/#website"},"primaryImageOfPage":{"@id":"https:\/\/www.slowshop.eu\/de\/produkt\/via-francigena-wasserflasche-refill-now\/#primaryimage"},"image":{"@id":"https:\/\/www.slowshop.eu\/de\/produkt\/via-francigena-wasserflasche-refill-now\/#primaryimage"},"thumbnailUrl":"https:\/\/www.slowshop.eu\/wp-content\/uploads\/2021\/06\/Borracce-2-1.png","datePublished":"2021-06-22T09:44:31+00:00","dateModified":"2023-10-24T13:29:12+00:00","breadcrumb":{"@id":"https:\/\/www.slowshop.eu\/de\/produkt\/via-francigena-wasserflasche-refill-now\/#breadcrumb"},"inLanguage":"de","potentialAction":[{"@type":"ReadAction","target":["https:\/\/www.slowshop.eu\/de\/produkt\/via-francigena-wasserflasche-refill-now\/"]}]},{"@type":"ImageObject","inLanguage":"de","@id":"https:\/\/www.slowshop.eu\/de\/produkt\/via-francigena-wasserflasche-refill-now\/#primaryimage","url":"https:\/\/www.slowshop.eu\/wp-content\/uploads\/2021\/06\/Borracce-2-1.png","contentUrl":"https:\/\/www.slowshop.eu\/wp-content\/uploads\/2021\/06\/Borracce-2-1.png","width":600,"height":750},{"@type":"BreadcrumbList","@id":"https:\/\/www.slowshop.eu\/de\/produkt\/via-francigena-wasserflasche-refill-now\/#breadcrumb","itemListElement":[{"@type":"ListItem","position":1,"name":"Home","item":"https:\/\/www.slowshop.eu\/de\/"},{"@type":"ListItem","position":2,"name":"Cataloge","item":"https:\/\/www.slowshop.eu\/catalogo\/"},{"@type":"ListItem","position":3,"name":"Via Francigena Wasserflasche &#8211; Refill Now"}]},{"@type":"WebSite","@id":"https:\/\/www.slowshop.eu\/de\/#website","url":"https:\/\/www.slowshop.eu\/de\/","name":"SlowShop","description":"Vie Francigene Shop","publisher":{"@id":"https:\/\/www.slowshop.eu\/de\/#organization"},"potentialAction":[{"@type":"SearchAction","target":{"@type":"EntryPoint","urlTemplate":"https:\/\/www.slowshop.eu\/de\/?s={search_term_string}"},"query-input":{"@type":"PropertyValueSpecification","valueRequired":true,"valueName":"search_term_string"}}],"inLanguage":"de"},{"@type":"Organization","@id":"https:\/\/www.slowshop.eu\/de\/#organization","name":"SlowShop","url":"https:\/\/www.slowshop.eu\/de\/","logo":{"@type":"ImageObject","inLanguage":"de","@id":"https:\/\/www.slowshop.eu\/de\/#\/schema\/logo\/image\/","url":"https:\/\/www.slowshop.eu\/wp-content\/uploads\/2024\/07\/cropped-immagine-1.png","contentUrl":"https:\/\/www.slowshop.eu\/wp-content\/uploads\/2024\/07\/cropped-immagine-1.png","width":512,"height":512,"caption":"SlowShop"},"image":{"@id":"https:\/\/www.slowshop.eu\/de\/#\/schema\/logo\/image\/"}}]}},"_links":{"self":[{"href":"https:\/\/www.slowshop.eu\/de\/wp-json\/wp\/v2\/product\/8110","targetHints":{"allow":["GET"]}}],"collection":[{"href":"https:\/\/www.slowshop.eu\/de\/wp-json\/wp\/v2\/product"}],"about":[{"href":"https:\/\/www.slowshop.eu\/de\/wp-json\/wp\/v2\/types\/product"}],"wp:featuredmedia":[{"embeddable":true,"href":"https:\/\/www.slowshop.eu\/de\/wp-json\/wp\/v2\/media\/8625"}],"wp:attachment":[{"href":"https:\/\/www.slowshop.eu\/de\/wp-json\/wp\/v2\/media?parent=8110"}],"wp:term":[{"taxonomy":"product_brand","embeddable":true,"href":"https:\/\/www.slowshop.eu\/de\/wp-json\/wp\/v2\/product_brand?post=8110"},{"taxonomy":"product_cat","embeddable":true,"href":"https:\/\/www.slowshop.eu\/de\/wp-json\/wp\/v2\/product_cat?post=8110"},{"taxonomy":"product_tag","embeddable":true,"href":"https:\/\/www.slowshop.eu\/de\/wp-json\/wp\/v2\/product_tag?post=8110"}],"curies":[{"name":"wp","href":"https:\/\/api.w.org\/{rel}","templated":true}]}}