{"id":8204,"date":"2021-06-10T11:14:27","date_gmt":"2021-06-10T09:14:27","guid":{"rendered":"https:\/\/www.slowshop.eu\/product\/gestickter-via-francigena-aufnaher\/"},"modified":"2026-04-05T19:48:11","modified_gmt":"2026-04-05T17:48:11","slug":"gestickter-via-francigena-aufnaher","status":"publish","type":"product","link":"https:\/\/www.slowshop.eu\/de\/produkt\/gestickter-via-francigena-aufnaher\/","title":{"rendered":"Gestickter Via Francigena Aufn\u00e4her"},"content":{"rendered":"<h2><strong>Gestickter Via Francigena-Aufn\u00e4her<\/strong><\/h2>\n<p>Unser gestickter Aufn\u00e4her mit offiziellem Via Francigena-Logo zum Anbringen am Rucksack, Gr\u00f6\u00dfe 11&#215;7. Aus blauem beflocktem Stoff mit gelben und blauen gestickten Akzenten. Kann aufgen\u00e4ht oder aufgeb\u00fcgelt werden.<\/p>\n<p>Machen Sie Ihr Foto und folgen Sie unserer Seite @sloways_travel auf Instagram mit dem Hashtag #spassolento<\/p>\n<h5><b>Folgen Sie den Fu\u00dfspuren von Erzbischof Sigeric auf dem ber\u00fchmten Weg&#8230;<\/b><\/h5>\n<p>\u00dcber dreitausend Kilometer der Via Francigena von Canterbury nach Rom und nach Santa Maria di Leuca. Eine Route, die das Europa der V\u00f6lker und Kulturen vereint und f\u00fcnf Staaten ber\u00fchrt. Die Route f\u00fchrt durch Kent (Vereinigtes K\u00f6nigreich), die Regionen Haute-de-France, Grand Est und Bourgogne-Franche-Comt\u00e9 (Frankreich), die Kantone Waadt und Wallis (Schweiz), die Regionen Aostatal, Piemont, Lombardei, Emilia-Romagna, Ligurien, Toskana, Latium, Kampanien, Basilicata und Apulien (Italien) sowie den Vatikanstaat in Rom.<\/p>\n<p>Einen ganzen Monat, eine Woche oder ein paar Tage. Erleben Sie eine au\u00dfergew\u00f6hnliche Reise, allein oder in der Gruppe, um unerwartete Landschaften, mittelalterliche Gemeinden und r\u00f6mische Stra\u00dfen zu entdecken. Fahren Sie durch einige der sch\u00f6nsten und stimmungsvollsten D\u00f6rfer Europas.<\/p>\n<p>Besitzen Sie den Ausweis bereits?<br \/>\nDer Pilgerausweis ist der &#8222;Pilgerpass&#8220;. Sie bescheinigt die Identit\u00e4t und die Beweggr\u00fcnde des Wanderers und ist ein unverzichtbares Instrument.<a href=\"https:\/\/www.slowshop.eu\/prodotto\/credenziale-del-pellegrino-via-francigena\/\"><strong><span style=\"font-family: 'Calibri',sans-serif; color: #e06100;\">\u00a0Sie k\u00f6nnen es hier kaufen<\/span><\/strong><\/a><\/p>\n<h2 data-fontsize=\"18\" data-lineheight=\"27\"><strong>Mit uns gehen<\/strong><\/h2>\n<p>Jetzt, wo Sie Ihren offiziellen Ausweis haben, m\u00fcssen Sie nur noch Ihre Reise entlang der Via Francigena buchen. Wenn Sie auf unserer Website buchen, erhalten Sie vollst\u00e4ndige Unterlagen f\u00fcr Ihre Reise, wir bieten Ihnen eine 24-Stunden-Betreuung und wir buchen f\u00fcr Sie traumhafte Einrichtungen f\u00fcr Ihren Aufenthalt, damit Ihr Urlaub zu einem unvergesslichen Erlebnis wird. Um mit uns Kontakt aufzunehmen, schreiben Sie eine E-Mail an info@sloways.eu oder besuchen Sie die Kontaktseite auf unserer Website.<\/p>\n","protected":false},"excerpt":{"rendered":"<p>Unser gestickter Aufn\u00e4her mit offiziellem Via Francigena-Logo zum Anbringen am Rucksack, Gr\u00f6\u00dfe 11&#215;7. Aus blauem beflocktem Stoff mit gelben und blauen gestickten Akzenten. Kann aufgen\u00e4ht oder aufgeb\u00fcgelt werden.<\/p>\n","protected":false},"featured_media":8207,"template":"","meta":{"_monsterinsights_skip_tracking":false,"_monsterinsights_sitenote_active":false,"_monsterinsights_sitenote_note":"","_monsterinsights_sitenote_category":0},"product_brand":[],"product_cat":[149,150],"product_tag":[151],"class_list":{"0":"post-8204","1":"product","2":"type-product","3":"status-publish","4":"has-post-thumbnail","6":"product_cat-gadget-de-2","7":"product_cat-via-francigena-de-2","8":"product_tag-via-francigena-de","9":"tm-no-options","11":"first","12":"instock","13":"taxable","14":"shipping-taxable","15":"purchasable","16":"product-type-simple"},"bundle_layout":"","bundle_add_to_cart_form_location":"","bundle_editable_in_cart":false,"bundle_sold_individually_context":"","bundle_item_grouping":"","bundle_min_size":"","bundle_max_size":"","bundled_by":[],"bundled_items":[],"yoast_head":"<!-- This site is optimized with the Yoast SEO plugin v26.2 - https:\/\/yoast.com\/wordpress\/plugins\/seo\/ -->\n<title>Gestickter Via Francigena Aufn\u00e4her - Slowshop<\/title>\n<meta name=\"description\" content=\"Kaufen Sie den gestickten Aufn\u00e4her mit dem offiziellen Via Francigena-Logo. Packen Sie es auf Ihren Rucksack und gehen Sie mit uns auf ein Abenteuer!\" \/>\n<meta name=\"robots\" content=\"index, follow, max-snippet:-1, max-image-preview:large, max-video-preview:-1\" \/>\n<link rel=\"canonical\" href=\"https:\/\/www.slowshop.eu\/de\/produkt\/gestickter-via-francigena-aufnaher\/\" \/>\n<meta property=\"og:locale\" content=\"de_DE\" \/>\n<meta property=\"og:type\" content=\"article\" \/>\n<meta property=\"og:title\" content=\"Gestickter Via Francigena Aufn\u00e4her - Slowshop\" \/>\n<meta property=\"og:description\" content=\"Kaufen Sie den gestickten Aufn\u00e4her mit dem offiziellen Via Francigena-Logo. Packen Sie es auf Ihren Rucksack und gehen Sie mit uns auf ein Abenteuer!\" \/>\n<meta property=\"og:url\" content=\"https:\/\/www.slowshop.eu\/de\/produkt\/gestickter-via-francigena-aufnaher\/\" \/>\n<meta property=\"og:site_name\" content=\"Slowshop\" \/>\n<meta property=\"article:modified_time\" content=\"2026-04-05T17:48:11+00:00\" \/>\n<meta property=\"og:image\" content=\"https:\/\/www.slowshop.eu\/wp-content\/uploads\/2021\/06\/Toppe-VF-600x750-1-1.png\" \/>\n\t<meta property=\"og:image:width\" content=\"600\" \/>\n\t<meta property=\"og:image:height\" content=\"750\" \/>\n\t<meta property=\"og:image:type\" content=\"image\/png\" \/>\n<meta name=\"twitter:card\" content=\"summary_large_image\" \/>\n<meta name=\"twitter:label1\" content=\"Gesch\u00e4tzte Lesezeit\" \/>\n\t<meta name=\"twitter:data1\" content=\"2\u00a0Minuten\" \/>\n<script type=\"application\/ld+json\" class=\"yoast-schema-graph\">{\"@context\":\"https:\/\/schema.org\",\"@graph\":[{\"@type\":\"WebPage\",\"@id\":\"https:\/\/www.slowshop.eu\/de\/produkt\/gestickter-via-francigena-aufnaher\/\",\"url\":\"https:\/\/www.slowshop.eu\/de\/produkt\/gestickter-via-francigena-aufnaher\/\",\"name\":\"Gestickter Via Francigena Aufn\u00e4her - Slowshop\",\"isPartOf\":{\"@id\":\"https:\/\/www.slowshop.eu\/de\/#website\"},\"primaryImageOfPage\":{\"@id\":\"https:\/\/www.slowshop.eu\/de\/produkt\/gestickter-via-francigena-aufnaher\/#primaryimage\"},\"image\":{\"@id\":\"https:\/\/www.slowshop.eu\/de\/produkt\/gestickter-via-francigena-aufnaher\/#primaryimage\"},\"thumbnailUrl\":\"https:\/\/www.slowshop.eu\/wp-content\/uploads\/2021\/06\/Toppe-VF-600x750-1-1.png\",\"datePublished\":\"2021-06-10T09:14:27+00:00\",\"dateModified\":\"2026-04-05T17:48:11+00:00\",\"description\":\"Kaufen Sie den gestickten Aufn\u00e4her mit dem offiziellen Via Francigena-Logo. Packen Sie es auf Ihren Rucksack und gehen Sie mit uns auf ein Abenteuer!\",\"breadcrumb\":{\"@id\":\"https:\/\/www.slowshop.eu\/de\/produkt\/gestickter-via-francigena-aufnaher\/#breadcrumb\"},\"inLanguage\":\"de\",\"potentialAction\":[{\"@type\":\"ReadAction\",\"target\":[\"https:\/\/www.slowshop.eu\/de\/produkt\/gestickter-via-francigena-aufnaher\/\"]}]},{\"@type\":\"ImageObject\",\"inLanguage\":\"de\",\"@id\":\"https:\/\/www.slowshop.eu\/de\/produkt\/gestickter-via-francigena-aufnaher\/#primaryimage\",\"url\":\"https:\/\/www.slowshop.eu\/wp-content\/uploads\/2021\/06\/Toppe-VF-600x750-1-1.png\",\"contentUrl\":\"https:\/\/www.slowshop.eu\/wp-content\/uploads\/2021\/06\/Toppe-VF-600x750-1-1.png\",\"width\":600,\"height\":750},{\"@type\":\"BreadcrumbList\",\"@id\":\"https:\/\/www.slowshop.eu\/de\/produkt\/gestickter-via-francigena-aufnaher\/#breadcrumb\",\"itemListElement\":[{\"@type\":\"ListItem\",\"position\":1,\"name\":\"Home\",\"item\":\"https:\/\/www.slowshop.eu\/de\/\"},{\"@type\":\"ListItem\",\"position\":2,\"name\":\"Cataloge\",\"item\":\"https:\/\/www.slowshop.eu\/catalogo\/\"},{\"@type\":\"ListItem\",\"position\":3,\"name\":\"Gestickter Via Francigena Aufn\u00e4her\"}]},{\"@type\":\"WebSite\",\"@id\":\"https:\/\/www.slowshop.eu\/de\/#website\",\"url\":\"https:\/\/www.slowshop.eu\/de\/\",\"name\":\"SlowShop\",\"description\":\"Vie Francigene Shop\",\"publisher\":{\"@id\":\"https:\/\/www.slowshop.eu\/de\/#organization\"},\"potentialAction\":[{\"@type\":\"SearchAction\",\"target\":{\"@type\":\"EntryPoint\",\"urlTemplate\":\"https:\/\/www.slowshop.eu\/de\/?s={search_term_string}\"},\"query-input\":{\"@type\":\"PropertyValueSpecification\",\"valueRequired\":true,\"valueName\":\"search_term_string\"}}],\"inLanguage\":\"de\"},{\"@type\":\"Organization\",\"@id\":\"https:\/\/www.slowshop.eu\/de\/#organization\",\"name\":\"SlowShop\",\"url\":\"https:\/\/www.slowshop.eu\/de\/\",\"logo\":{\"@type\":\"ImageObject\",\"inLanguage\":\"de\",\"@id\":\"https:\/\/www.slowshop.eu\/de\/#\/schema\/logo\/image\/\",\"url\":\"https:\/\/www.slowshop.eu\/wp-content\/uploads\/2024\/07\/cropped-immagine-1.png\",\"contentUrl\":\"https:\/\/www.slowshop.eu\/wp-content\/uploads\/2024\/07\/cropped-immagine-1.png\",\"width\":512,\"height\":512,\"caption\":\"SlowShop\"},\"image\":{\"@id\":\"https:\/\/www.slowshop.eu\/de\/#\/schema\/logo\/image\/\"}}]}<\/script>\n<!-- \/ Yoast SEO plugin. -->","yoast_head_json":{"title":"Gestickter Via Francigena Aufn\u00e4her - Slowshop","description":"Kaufen Sie den gestickten Aufn\u00e4her mit dem offiziellen Via Francigena-Logo. Packen Sie es auf Ihren Rucksack und gehen Sie mit uns auf ein Abenteuer!","robots":{"index":"index","follow":"follow","max-snippet":"max-snippet:-1","max-image-preview":"max-image-preview:large","max-video-preview":"max-video-preview:-1"},"canonical":"https:\/\/www.slowshop.eu\/de\/produkt\/gestickter-via-francigena-aufnaher\/","og_locale":"de_DE","og_type":"article","og_title":"Gestickter Via Francigena Aufn\u00e4her - Slowshop","og_description":"Kaufen Sie den gestickten Aufn\u00e4her mit dem offiziellen Via Francigena-Logo. Packen Sie es auf Ihren Rucksack und gehen Sie mit uns auf ein Abenteuer!","og_url":"https:\/\/www.slowshop.eu\/de\/produkt\/gestickter-via-francigena-aufnaher\/","og_site_name":"Slowshop","article_modified_time":"2026-04-05T17:48:11+00:00","og_image":[{"width":600,"height":750,"url":"https:\/\/www.slowshop.eu\/wp-content\/uploads\/2021\/06\/Toppe-VF-600x750-1-1.png","type":"image\/png"}],"twitter_card":"summary_large_image","twitter_misc":{"Gesch\u00e4tzte Lesezeit":"2\u00a0Minuten"},"schema":{"@context":"https:\/\/schema.org","@graph":[{"@type":"WebPage","@id":"https:\/\/www.slowshop.eu\/de\/produkt\/gestickter-via-francigena-aufnaher\/","url":"https:\/\/www.slowshop.eu\/de\/produkt\/gestickter-via-francigena-aufnaher\/","name":"Gestickter Via Francigena Aufn\u00e4her - Slowshop","isPartOf":{"@id":"https:\/\/www.slowshop.eu\/de\/#website"},"primaryImageOfPage":{"@id":"https:\/\/www.slowshop.eu\/de\/produkt\/gestickter-via-francigena-aufnaher\/#primaryimage"},"image":{"@id":"https:\/\/www.slowshop.eu\/de\/produkt\/gestickter-via-francigena-aufnaher\/#primaryimage"},"thumbnailUrl":"https:\/\/www.slowshop.eu\/wp-content\/uploads\/2021\/06\/Toppe-VF-600x750-1-1.png","datePublished":"2021-06-10T09:14:27+00:00","dateModified":"2026-04-05T17:48:11+00:00","description":"Kaufen Sie den gestickten Aufn\u00e4her mit dem offiziellen Via Francigena-Logo. Packen Sie es auf Ihren Rucksack und gehen Sie mit uns auf ein Abenteuer!","breadcrumb":{"@id":"https:\/\/www.slowshop.eu\/de\/produkt\/gestickter-via-francigena-aufnaher\/#breadcrumb"},"inLanguage":"de","potentialAction":[{"@type":"ReadAction","target":["https:\/\/www.slowshop.eu\/de\/produkt\/gestickter-via-francigena-aufnaher\/"]}]},{"@type":"ImageObject","inLanguage":"de","@id":"https:\/\/www.slowshop.eu\/de\/produkt\/gestickter-via-francigena-aufnaher\/#primaryimage","url":"https:\/\/www.slowshop.eu\/wp-content\/uploads\/2021\/06\/Toppe-VF-600x750-1-1.png","contentUrl":"https:\/\/www.slowshop.eu\/wp-content\/uploads\/2021\/06\/Toppe-VF-600x750-1-1.png","width":600,"height":750},{"@type":"BreadcrumbList","@id":"https:\/\/www.slowshop.eu\/de\/produkt\/gestickter-via-francigena-aufnaher\/#breadcrumb","itemListElement":[{"@type":"ListItem","position":1,"name":"Home","item":"https:\/\/www.slowshop.eu\/de\/"},{"@type":"ListItem","position":2,"name":"Cataloge","item":"https:\/\/www.slowshop.eu\/catalogo\/"},{"@type":"ListItem","position":3,"name":"Gestickter Via Francigena Aufn\u00e4her"}]},{"@type":"WebSite","@id":"https:\/\/www.slowshop.eu\/de\/#website","url":"https:\/\/www.slowshop.eu\/de\/","name":"SlowShop","description":"Vie Francigene Shop","publisher":{"@id":"https:\/\/www.slowshop.eu\/de\/#organization"},"potentialAction":[{"@type":"SearchAction","target":{"@type":"EntryPoint","urlTemplate":"https:\/\/www.slowshop.eu\/de\/?s={search_term_string}"},"query-input":{"@type":"PropertyValueSpecification","valueRequired":true,"valueName":"search_term_string"}}],"inLanguage":"de"},{"@type":"Organization","@id":"https:\/\/www.slowshop.eu\/de\/#organization","name":"SlowShop","url":"https:\/\/www.slowshop.eu\/de\/","logo":{"@type":"ImageObject","inLanguage":"de","@id":"https:\/\/www.slowshop.eu\/de\/#\/schema\/logo\/image\/","url":"https:\/\/www.slowshop.eu\/wp-content\/uploads\/2024\/07\/cropped-immagine-1.png","contentUrl":"https:\/\/www.slowshop.eu\/wp-content\/uploads\/2024\/07\/cropped-immagine-1.png","width":512,"height":512,"caption":"SlowShop"},"image":{"@id":"https:\/\/www.slowshop.eu\/de\/#\/schema\/logo\/image\/"}}]}},"_links":{"self":[{"href":"https:\/\/www.slowshop.eu\/de\/wp-json\/wp\/v2\/product\/8204","targetHints":{"allow":["GET"]}}],"collection":[{"href":"https:\/\/www.slowshop.eu\/de\/wp-json\/wp\/v2\/product"}],"about":[{"href":"https:\/\/www.slowshop.eu\/de\/wp-json\/wp\/v2\/types\/product"}],"wp:featuredmedia":[{"embeddable":true,"href":"https:\/\/www.slowshop.eu\/de\/wp-json\/wp\/v2\/media\/8207"}],"wp:attachment":[{"href":"https:\/\/www.slowshop.eu\/de\/wp-json\/wp\/v2\/media?parent=8204"}],"wp:term":[{"taxonomy":"product_brand","embeddable":true,"href":"https:\/\/www.slowshop.eu\/de\/wp-json\/wp\/v2\/product_brand?post=8204"},{"taxonomy":"product_cat","embeddable":true,"href":"https:\/\/www.slowshop.eu\/de\/wp-json\/wp\/v2\/product_cat?post=8204"},{"taxonomy":"product_tag","embeddable":true,"href":"https:\/\/www.slowshop.eu\/de\/wp-json\/wp\/v2\/product_tag?post=8204"}],"curies":[{"name":"wp","href":"https:\/\/api.w.org\/{rel}","templated":true}]}}