{"id":8283,"date":"2021-10-05T12:15:23","date_gmt":"2021-10-05T10:15:23","guid":{"rendered":"https:\/\/www.slowshop.eu\/product\/kit-francigena-ausweis-reisefuhrer-auf-italienisch-wasserdichter-umschlag\/"},"modified":"2022-07-01T15:08:38","modified_gmt":"2022-07-01T13:08:38","slug":"kit-francigena-ausweis-reisefuhrer-auf-italienisch-wasserdichter-umschlag","status":"publish","type":"product","link":"https:\/\/www.slowshop.eu\/de\/produkt\/kit-francigena-ausweis-reisefuhrer-auf-italienisch-wasserdichter-umschlag\/","title":{"rendered":"Kit Francigena: Ausweis + Reisef\u00fchrer auf Italienisch + wasserdichter Umschlag"},"content":{"rendered":"<h2>Kit Francigena: Ausweis + Reisef\u00fchrer auf Italienisch + wasserdichter Umschlag<\/h2>\n<p>Bestellen Sie jetzt das Kit Francigena: Ausweis + Reisef\u00fchrer auf Italienisch + wasserdichter Umschlag und begeben Sie sich auf die Via Francigena.<\/p>\n<h5><strong>Der &#8218;Via Francigena&#8216;-F\u00fchrer<\/strong><\/h5>\n<p>In der Mappe mit dem Berechtigungsnachweis und dem offiziellen F\u00fchrer auf Italienisch finden Sie den offiziellen F\u00fchrer zur Via Francigena. Der F\u00fchrer enth\u00e4lt alle unentbehrlichen Informationen, die Sie ben\u00f6tigen, um sich auf den Weg zu machen. Entdecken Sie detaillierte Karten, H\u00f6henangaben, eine schrittweise Beschreibung der Route, offizielle Varianten, \u00dcbernachtungsm\u00f6glichkeiten und Sehensw\u00fcrdigkeiten.<\/p>\n<p>Ein F\u00fchrer f\u00fcr alle: Pilger, Trekker, Wanderer und f\u00fcr alle, die auch nur kurze Abschnitte einer der ber\u00fchmtesten Routen Europas erleben wollen.<\/p>\n<p>Von den Alpen nach Rom zu Fu\u00df auf der Route der alten Pilger auf den Spuren von Erzbischof Sigeric (10. Jahrhundert).<\/p>\n<p>Einen ganzen Monat, eine Woche oder ein paar Tage. Erleben Sie allein oder in der Gruppe eine au\u00dfergew\u00f6hnliche Entdeckungsreise. Entdecken Sie unerwartete Landschaften, mittelalterliche Kirchen und Streckenabschnitte r\u00f6mischer Stra\u00dfen. Fahren Sie durch einige der sch\u00f6nsten und eindrucksvollsten D\u00f6rfer Italiens.<\/p>\n<p>45 Etappen in Aostatal, Piemont, Lombardei, Emilia-Romagna, Ligurien, Toskana und Latium.<\/p>\n<h5><strong>Der Pilgerausweis ist das grundlegende Dokument f\u00fcr den Pilger.<\/strong><\/h5>\n<p>Er stellt den &#8222;Pilgerpass&#8220; dar, der die Identit\u00e4t und die Beweggr\u00fcnde des Reisenden bescheinigt. Der Pilger muss sie bei sich haben, um als solcher identifiziert zu werden und Zugang zu den Empfangseinrichtungen entlang der Strecke zu erhalten. Dar\u00fcber hinaus sind Vereinbarungen mit Restaurants oder \u00f6ffentlichen Verkehrsbetrieben in der Umgebung erforderlich.<\/p>\n<p>Bei der Abgabe des Ausweises in jeder Unterkunft erh\u00e4lt der Pilger einen Stempel, der f\u00fcr die Beendigung der Wanderung n\u00fctzlich und f\u00fcr die Beantragung des &#8222;Testimoniums&#8220; notwendig ist (man muss mindestens die letzten 200 km mit dem Fahrrad oder 100 km zu Fu\u00df zur\u00fcckgelegt haben).<\/p>\n<p>Viele Einrichtungen nehmen Pilger auf, indem sie um einen einfachen Beitrag zur Deckung der Betriebskosten bitten. Bei Hotels, die mehr Dienstleistungen anbieten, werden in der Regel Erm\u00e4\u00dfigungen gew\u00e4hrt. In einigen Gebieten gibt es Vereinbarungen mit dem \u00f6ffentlichen Verkehr.<\/p>\n<p>Der Ausweis ist einzigartig f\u00fcr alle Etappen der ber\u00fchmten Route von England bis zu den letzten Etappen der Via Francigena in Italien.<\/p>\n<h5><strong>Wasserdichte Tasche f\u00fcr Ausweise<\/strong><\/h5>\n<p>Sch\u00fctzen Sie Ihre Ausweise mit der wasserdichten Ausweistasche vor Abnutzung und Wasser. Mit einer einfachen Vorsichtsma\u00dfnahme k\u00f6nnen Sie sich um das Objekt k\u00fcmmern, das Sie w\u00e4hrend Ihres Spaziergangs begleiten wird.<\/p>\n<p>Jetzt, wo Sie das komplette Via Francigena-Kit haben, besuchen Sie die Rubrik \u00a0<a href=\"https:\/\/www.slowshop.eu\/categoria-prodotto\/gadget\/\">gadgets<\/a> um ein unvergessliches Andenken an Ihre Wanderung zu erhalten.<\/p>\n<h2><strong>Urlaub mit uns<\/strong><\/h2>\n<p>Buchen Sie Ihre Wanderung auf der Via Francigena mit Ihrem Pilgerausweis,\u00a0<a href=\"https:\/\/www.sloways.eu\/tema_via-francigena\">hier klicken.<\/a><\/p>\n<p>&nbsp;<\/p>\n","protected":false},"excerpt":{"rendered":"<p>In der Mappe mit dem Berechtigungsnachweis und dem offiziellen F\u00fchrer auf Italienisch finden Sie den offiziellen F\u00fchrer zur Via Francigena. Der F\u00fchrer enth\u00e4lt alle unentbehrlichen Informationen, die Sie brauchen, um sich auf den Weg zu machen. Entdecken Sie detaillierte Karten, H\u00f6henangaben, eine schrittweise Beschreibung der Route, offizielle Varianten, \u00dcbernachtungsm\u00f6glichkeiten und Sehensw\u00fcrdigkeiten.<\/p>\n","protected":false},"featured_media":24196,"template":"","meta":{"_monsterinsights_skip_tracking":false,"_monsterinsights_sitenote_active":false,"_monsterinsights_sitenote_note":"","_monsterinsights_sitenote_category":0},"product_brand":[],"product_cat":[132,150],"product_tag":[152,151,153],"class_list":{"0":"post-8283","1":"product","2":"type-product","3":"status-publish","4":"has-post-thumbnail","6":"product_cat-guide-e-credenziali-de","7":"product_cat-via-francigena-de-2","8":"product_tag-ausweis","9":"product_tag-via-francigena-de","10":"product_tag-wasserdichter-umschlag","11":"tm-no-options","13":"first","14":"instock","15":"virtual","16":"taxable","17":"purchasable","18":"product-type-bundle"},"bundle_layout":"default","bundle_add_to_cart_form_location":"default","bundle_editable_in_cart":false,"bundle_sold_individually_context":"product","bundle_item_grouping":"parent","bundle_min_size":"","bundle_max_size":"","bundled_by":[],"bundled_items":[{"bundled_item_id":450,"product_id":23453,"menu_order":1,"quantity_min":1,"quantity_max":1,"quantity_default":1,"priced_individually":false,"shipped_individually":false,"override_title":false,"title":"Pilgerausweis \u2013 Via Francigena","override_description":false,"description":"Pilgerausweis \u2013 Via Francigena","optional":false,"hide_thumbnail":false,"discount":"","override_variations":false,"allowed_variations":[""],"override_default_variation_attributes":false,"default_variation_attributes":[],"single_product_visibility":"visible","cart_visibility":"visible","order_visibility":"visible","single_product_price_visibility":"visible","cart_price_visibility":"visible","order_price_visibility":"visible","stock_status":"in_stock"}],"yoast_head":"<!-- This site is optimized with the Yoast SEO plugin v26.2 - https:\/\/yoast.com\/wordpress\/plugins\/seo\/ -->\n<title>Kit Francigena: Ausweis + Reisef\u00fchrer auf Italienisch + wasserdichter Umschlag - Slowshop<\/title>\n<meta name=\"robots\" content=\"index, follow, max-snippet:-1, max-image-preview:large, max-video-preview:-1\" \/>\n<link rel=\"canonical\" href=\"https:\/\/www.slowshop.eu\/de\/produkt\/kit-francigena-ausweis-reisefuhrer-auf-italienisch-wasserdichter-umschlag\/\" \/>\n<meta property=\"og:locale\" content=\"de_DE\" \/>\n<meta property=\"og:type\" content=\"article\" \/>\n<meta property=\"og:title\" content=\"Kit Francigena: Ausweis + Reisef\u00fchrer auf Italienisch + wasserdichter Umschlag - Slowshop\" \/>\n<meta property=\"og:description\" content=\"In der Mappe mit dem Berechtigungsnachweis und dem offiziellen F\u00fchrer auf Italienisch finden Sie den offiziellen F\u00fchrer zur Via Francigena. Der F\u00fchrer enth\u00e4lt alle unentbehrlichen Informationen, die Sie brauchen, um sich auf den Weg zu machen. Entdecken Sie detaillierte Karten, H\u00f6henangaben, eine schrittweise Beschreibung der Route, offizielle Varianten, \u00dcbernachtungsm\u00f6glichkeiten und Sehensw\u00fcrdigkeiten.\" \/>\n<meta property=\"og:url\" content=\"https:\/\/www.slowshop.eu\/de\/produkt\/kit-francigena-ausweis-reisefuhrer-auf-italienisch-wasserdichter-umschlag\/\" \/>\n<meta property=\"og:site_name\" content=\"Slowshop\" \/>\n<meta property=\"article:modified_time\" content=\"2022-07-01T13:08:38+00:00\" \/>\n<meta property=\"og:image\" content=\"https:\/\/www.slowshop.eu\/wp-content\/uploads\/2021\/10\/4.jpg\" \/>\n\t<meta property=\"og:image:width\" content=\"600\" \/>\n\t<meta property=\"og:image:height\" content=\"750\" \/>\n\t<meta property=\"og:image:type\" content=\"image\/jpeg\" \/>\n<meta name=\"twitter:card\" content=\"summary_large_image\" \/>\n<meta name=\"twitter:label1\" content=\"Gesch\u00e4tzte Lesezeit\" \/>\n\t<meta name=\"twitter:data1\" content=\"2\u00a0Minuten\" \/>\n<script type=\"application\/ld+json\" class=\"yoast-schema-graph\">{\"@context\":\"https:\/\/schema.org\",\"@graph\":[{\"@type\":\"WebPage\",\"@id\":\"https:\/\/www.slowshop.eu\/de\/produkt\/kit-francigena-ausweis-reisefuhrer-auf-italienisch-wasserdichter-umschlag\/\",\"url\":\"https:\/\/www.slowshop.eu\/de\/produkt\/kit-francigena-ausweis-reisefuhrer-auf-italienisch-wasserdichter-umschlag\/\",\"name\":\"Kit Francigena: Ausweis + Reisef\u00fchrer auf Italienisch + wasserdichter Umschlag - Slowshop\",\"isPartOf\":{\"@id\":\"https:\/\/www.slowshop.eu\/de\/#website\"},\"primaryImageOfPage\":{\"@id\":\"https:\/\/www.slowshop.eu\/de\/produkt\/kit-francigena-ausweis-reisefuhrer-auf-italienisch-wasserdichter-umschlag\/#primaryimage\"},\"image\":{\"@id\":\"https:\/\/www.slowshop.eu\/de\/produkt\/kit-francigena-ausweis-reisefuhrer-auf-italienisch-wasserdichter-umschlag\/#primaryimage\"},\"thumbnailUrl\":\"https:\/\/www.slowshop.eu\/wp-content\/uploads\/2021\/05\/guida-e-credenziale-italiano.jpg\",\"datePublished\":\"2021-10-05T10:15:23+00:00\",\"dateModified\":\"2022-07-01T13:08:38+00:00\",\"breadcrumb\":{\"@id\":\"https:\/\/www.slowshop.eu\/de\/produkt\/kit-francigena-ausweis-reisefuhrer-auf-italienisch-wasserdichter-umschlag\/#breadcrumb\"},\"inLanguage\":\"de\",\"potentialAction\":[{\"@type\":\"ReadAction\",\"target\":[\"https:\/\/www.slowshop.eu\/de\/produkt\/kit-francigena-ausweis-reisefuhrer-auf-italienisch-wasserdichter-umschlag\/\"]}]},{\"@type\":\"ImageObject\",\"inLanguage\":\"de\",\"@id\":\"https:\/\/www.slowshop.eu\/de\/produkt\/kit-francigena-ausweis-reisefuhrer-auf-italienisch-wasserdichter-umschlag\/#primaryimage\",\"url\":\"https:\/\/www.slowshop.eu\/wp-content\/uploads\/2021\/05\/guida-e-credenziale-italiano.jpg\",\"contentUrl\":\"https:\/\/www.slowshop.eu\/wp-content\/uploads\/2021\/05\/guida-e-credenziale-italiano.jpg\",\"width\":600,\"height\":750,\"caption\":\"guida e credenziale italiano\"},{\"@type\":\"BreadcrumbList\",\"@id\":\"https:\/\/www.slowshop.eu\/de\/produkt\/kit-francigena-ausweis-reisefuhrer-auf-italienisch-wasserdichter-umschlag\/#breadcrumb\",\"itemListElement\":[{\"@type\":\"ListItem\",\"position\":1,\"name\":\"Home\",\"item\":\"https:\/\/www.slowshop.eu\/de\/\"},{\"@type\":\"ListItem\",\"position\":2,\"name\":\"Cataloge\",\"item\":\"https:\/\/www.slowshop.eu\/catalogo\/\"},{\"@type\":\"ListItem\",\"position\":3,\"name\":\"Kit Francigena: Ausweis + Reisef\u00fchrer auf Italienisch + wasserdichter Umschlag\"}]},{\"@type\":\"WebSite\",\"@id\":\"https:\/\/www.slowshop.eu\/de\/#website\",\"url\":\"https:\/\/www.slowshop.eu\/de\/\",\"name\":\"SlowShop\",\"description\":\"Vie Francigene Shop\",\"publisher\":{\"@id\":\"https:\/\/www.slowshop.eu\/de\/#organization\"},\"potentialAction\":[{\"@type\":\"SearchAction\",\"target\":{\"@type\":\"EntryPoint\",\"urlTemplate\":\"https:\/\/www.slowshop.eu\/de\/?s={search_term_string}\"},\"query-input\":{\"@type\":\"PropertyValueSpecification\",\"valueRequired\":true,\"valueName\":\"search_term_string\"}}],\"inLanguage\":\"de\"},{\"@type\":\"Organization\",\"@id\":\"https:\/\/www.slowshop.eu\/de\/#organization\",\"name\":\"SlowShop\",\"url\":\"https:\/\/www.slowshop.eu\/de\/\",\"logo\":{\"@type\":\"ImageObject\",\"inLanguage\":\"de\",\"@id\":\"https:\/\/www.slowshop.eu\/de\/#\/schema\/logo\/image\/\",\"url\":\"https:\/\/www.slowshop.eu\/wp-content\/uploads\/2024\/07\/cropped-immagine-1.png\",\"contentUrl\":\"https:\/\/www.slowshop.eu\/wp-content\/uploads\/2024\/07\/cropped-immagine-1.png\",\"width\":512,\"height\":512,\"caption\":\"SlowShop\"},\"image\":{\"@id\":\"https:\/\/www.slowshop.eu\/de\/#\/schema\/logo\/image\/\"}}]}<\/script>\n<!-- \/ Yoast SEO plugin. -->","yoast_head_json":{"title":"Kit Francigena: Ausweis + Reisef\u00fchrer auf Italienisch + wasserdichter Umschlag - Slowshop","robots":{"index":"index","follow":"follow","max-snippet":"max-snippet:-1","max-image-preview":"max-image-preview:large","max-video-preview":"max-video-preview:-1"},"canonical":"https:\/\/www.slowshop.eu\/de\/produkt\/kit-francigena-ausweis-reisefuhrer-auf-italienisch-wasserdichter-umschlag\/","og_locale":"de_DE","og_type":"article","og_title":"Kit Francigena: Ausweis + Reisef\u00fchrer auf Italienisch + wasserdichter Umschlag - Slowshop","og_description":"In der Mappe mit dem Berechtigungsnachweis und dem offiziellen F\u00fchrer auf Italienisch finden Sie den offiziellen F\u00fchrer zur Via Francigena. Der F\u00fchrer enth\u00e4lt alle unentbehrlichen Informationen, die Sie brauchen, um sich auf den Weg zu machen. Entdecken Sie detaillierte Karten, H\u00f6henangaben, eine schrittweise Beschreibung der Route, offizielle Varianten, \u00dcbernachtungsm\u00f6glichkeiten und Sehensw\u00fcrdigkeiten.","og_url":"https:\/\/www.slowshop.eu\/de\/produkt\/kit-francigena-ausweis-reisefuhrer-auf-italienisch-wasserdichter-umschlag\/","og_site_name":"Slowshop","article_modified_time":"2022-07-01T13:08:38+00:00","og_image":[{"width":600,"height":750,"url":"https:\/\/www.slowshop.eu\/wp-content\/uploads\/2021\/10\/4.jpg","type":"image\/jpeg"}],"twitter_card":"summary_large_image","twitter_misc":{"Gesch\u00e4tzte Lesezeit":"2\u00a0Minuten"},"schema":{"@context":"https:\/\/schema.org","@graph":[{"@type":"WebPage","@id":"https:\/\/www.slowshop.eu\/de\/produkt\/kit-francigena-ausweis-reisefuhrer-auf-italienisch-wasserdichter-umschlag\/","url":"https:\/\/www.slowshop.eu\/de\/produkt\/kit-francigena-ausweis-reisefuhrer-auf-italienisch-wasserdichter-umschlag\/","name":"Kit Francigena: Ausweis + Reisef\u00fchrer auf Italienisch + wasserdichter Umschlag - Slowshop","isPartOf":{"@id":"https:\/\/www.slowshop.eu\/de\/#website"},"primaryImageOfPage":{"@id":"https:\/\/www.slowshop.eu\/de\/produkt\/kit-francigena-ausweis-reisefuhrer-auf-italienisch-wasserdichter-umschlag\/#primaryimage"},"image":{"@id":"https:\/\/www.slowshop.eu\/de\/produkt\/kit-francigena-ausweis-reisefuhrer-auf-italienisch-wasserdichter-umschlag\/#primaryimage"},"thumbnailUrl":"https:\/\/www.slowshop.eu\/wp-content\/uploads\/2021\/05\/guida-e-credenziale-italiano.jpg","datePublished":"2021-10-05T10:15:23+00:00","dateModified":"2022-07-01T13:08:38+00:00","breadcrumb":{"@id":"https:\/\/www.slowshop.eu\/de\/produkt\/kit-francigena-ausweis-reisefuhrer-auf-italienisch-wasserdichter-umschlag\/#breadcrumb"},"inLanguage":"de","potentialAction":[{"@type":"ReadAction","target":["https:\/\/www.slowshop.eu\/de\/produkt\/kit-francigena-ausweis-reisefuhrer-auf-italienisch-wasserdichter-umschlag\/"]}]},{"@type":"ImageObject","inLanguage":"de","@id":"https:\/\/www.slowshop.eu\/de\/produkt\/kit-francigena-ausweis-reisefuhrer-auf-italienisch-wasserdichter-umschlag\/#primaryimage","url":"https:\/\/www.slowshop.eu\/wp-content\/uploads\/2021\/05\/guida-e-credenziale-italiano.jpg","contentUrl":"https:\/\/www.slowshop.eu\/wp-content\/uploads\/2021\/05\/guida-e-credenziale-italiano.jpg","width":600,"height":750,"caption":"guida e credenziale italiano"},{"@type":"BreadcrumbList","@id":"https:\/\/www.slowshop.eu\/de\/produkt\/kit-francigena-ausweis-reisefuhrer-auf-italienisch-wasserdichter-umschlag\/#breadcrumb","itemListElement":[{"@type":"ListItem","position":1,"name":"Home","item":"https:\/\/www.slowshop.eu\/de\/"},{"@type":"ListItem","position":2,"name":"Cataloge","item":"https:\/\/www.slowshop.eu\/catalogo\/"},{"@type":"ListItem","position":3,"name":"Kit Francigena: Ausweis + Reisef\u00fchrer auf Italienisch + wasserdichter Umschlag"}]},{"@type":"WebSite","@id":"https:\/\/www.slowshop.eu\/de\/#website","url":"https:\/\/www.slowshop.eu\/de\/","name":"SlowShop","description":"Vie Francigene Shop","publisher":{"@id":"https:\/\/www.slowshop.eu\/de\/#organization"},"potentialAction":[{"@type":"SearchAction","target":{"@type":"EntryPoint","urlTemplate":"https:\/\/www.slowshop.eu\/de\/?s={search_term_string}"},"query-input":{"@type":"PropertyValueSpecification","valueRequired":true,"valueName":"search_term_string"}}],"inLanguage":"de"},{"@type":"Organization","@id":"https:\/\/www.slowshop.eu\/de\/#organization","name":"SlowShop","url":"https:\/\/www.slowshop.eu\/de\/","logo":{"@type":"ImageObject","inLanguage":"de","@id":"https:\/\/www.slowshop.eu\/de\/#\/schema\/logo\/image\/","url":"https:\/\/www.slowshop.eu\/wp-content\/uploads\/2024\/07\/cropped-immagine-1.png","contentUrl":"https:\/\/www.slowshop.eu\/wp-content\/uploads\/2024\/07\/cropped-immagine-1.png","width":512,"height":512,"caption":"SlowShop"},"image":{"@id":"https:\/\/www.slowshop.eu\/de\/#\/schema\/logo\/image\/"}}]}},"_links":{"self":[{"href":"https:\/\/www.slowshop.eu\/de\/wp-json\/wp\/v2\/product\/8283","targetHints":{"allow":["GET"]}}],"collection":[{"href":"https:\/\/www.slowshop.eu\/de\/wp-json\/wp\/v2\/product"}],"about":[{"href":"https:\/\/www.slowshop.eu\/de\/wp-json\/wp\/v2\/types\/product"}],"wp:featuredmedia":[{"embeddable":true,"href":"https:\/\/www.slowshop.eu\/de\/wp-json\/wp\/v2\/media\/24196"}],"wp:attachment":[{"href":"https:\/\/www.slowshop.eu\/de\/wp-json\/wp\/v2\/media?parent=8283"}],"wp:term":[{"taxonomy":"product_brand","embeddable":true,"href":"https:\/\/www.slowshop.eu\/de\/wp-json\/wp\/v2\/product_brand?post=8283"},{"taxonomy":"product_cat","embeddable":true,"href":"https:\/\/www.slowshop.eu\/de\/wp-json\/wp\/v2\/product_cat?post=8283"},{"taxonomy":"product_tag","embeddable":true,"href":"https:\/\/www.slowshop.eu\/de\/wp-json\/wp\/v2\/product_tag?post=8283"}],"curies":[{"name":"wp","href":"https:\/\/api.w.org\/{rel}","templated":true}]}}