{"id":8300,"date":"2021-07-01T12:16:40","date_gmt":"2021-07-01T10:16:40","guid":{"rendered":"https:\/\/www.slowshop.eu\/product\/francigena-eine-europaische-strasse-vom-grossen-st-bernhard-nach-rom-guida\/"},"modified":"2021-07-01T12:16:40","modified_gmt":"2021-07-01T10:16:40","slug":"francigena-eine-europaische-strasse-vom-grossen-st-bernhard-nach-rom-guida","status":"publish","type":"product","link":"https:\/\/www.slowshop.eu\/de\/produkt\/francigena-eine-europaische-strasse-vom-grossen-st-bernhard-nach-rom-guida\/","title":{"rendered":"FRANCIGENA Eine europ\u00e4ische Strasse vom Grossen St. Bernhard nach Rom &#8211; Guida"},"content":{"rendered":"<h3>FRANCIGENA Eine europ\u00e4ische Stra\u00dfe vom Gro\u00dfen St. Bernhard nach Rom -Leitfaden auf Englisch<\/h3>\n<p>FRANCIGENA Eine europ\u00e4ische Stra\u00dfe vom Gro\u00dfen St. Bernhard nach Rom ist der Reisef\u00fchrer, der die Reise des Erzbischofs von Canterury verfolgt, die heute als Via Francigena bekannt ist. Der F\u00fchrer empfiehlt dem Leser eine Reihe von Routen, die die italienischen Etappen der Route vom Gro\u00dfen St. Bernhard bis nach Rom betreffen.<br \/>\nEntlang der Strecke finden Sie die ber\u00fchmten Schl\u00f6sser des Aostatals, den Oltrep\u00f2 Pavese, die Cinque Terre in Ligurien, die Toskana und ihre UNESCO-St\u00e4tten und vieles mehr! Sie k\u00f6nnen ein einzigartiges Abenteuer zu Fu\u00df oder mit dem Fahrrad erleben.<br \/>\nDer Reisef\u00fchrer enth\u00e4lt n\u00fctzliche Informationen und Tipps f\u00fcr den Weg, z. B. wo man \u00fcbernachten und wo man essen kann!<\/p>\n<p><strong>Treffen Sie die Autoren:<\/strong><br \/>\n<strong>Riccardo Baudinelli<\/strong>, geboren in La Spezia, Arch\u00e4ologe, hat an zahlreichen Ausgrabungen in Italien und im Ausland teilgenommen. F\u00fcr den Verlag Mattioli 1885 ist er Autor der Guida Sardegna Archeologica, Castelli del Mistero, Seguendo Garibaldi, Giuseppe Verdi und Mitautor des F\u00fchrers Jerusalem.<\/p>\n<p><strong>Luca Bruschi<\/strong> hat einen Abschluss in Kulturerbe und einen Master in Tourismus. Seit 2004 arbeitet er an der Entwicklung der Europ\u00e4ischen Kulturstra\u00dfen. Er ist auf der Via Francigena, dem Jakobsweg und anderen historischen europ\u00e4ischen Routen gereist!<\/p>\n<p><strong>Erleben<\/strong> Sie allein oder in der Gruppe eine au\u00dfergew\u00f6hnliche Reise, bei der Sie unerwartete Landschaften, mittelalterliche Gemeinden und r\u00f6mische Stra\u00dfen entdecken. Fahren Sie durch einige der sch\u00f6nsten und eindrucksvollsten D\u00f6rfer Italiens.<\/p>\n<p><strong>45 Etappen<\/strong> zwischen Aostatal, Piemont, Lombardei, Emilia-Romagna, Ligurien, Toskana und Latium.<\/p>\n<p><strong>Besitzen Sie den Ausweis bereits?<\/strong><br \/>\nJetzt, wo Sie FRANCIGENA Eine europ\u00e4ische Stra\u00dfe vom Gro\u00dfen St. Bernhard nach Rom haben, m\u00fcssen Sie nur noch den Pilgerausweis, den &#8222;Pilgerpass&#8220;, kaufen. Es bescheinigt die Identit\u00e4t und die Beweggr\u00fcnde des Wanderers und ist ein unverzichtbares Instrument. <a href=\"https:\/\/www.slowshop.eu\/prodotto\/credenziale-del-pellegrino-via-francigena\/\"><strong>Sie k\u00f6nnen es hier kaufen.<\/strong><\/a><\/p>\n<h2><strong>Urlaub mit uns<\/strong><\/h2>\n<p>Jetzt m\u00fcssen Sie nur noch Ihre Reise entlang der Via Francigena buchen. Wenn Sie auf unserer Website buchen, erhalten Sie vollst\u00e4ndige Unterlagen f\u00fcr Ihre Reise, wir bieten Ihnen einen 24-Stunden-Service und buchen f\u00fcr Sie traumhafte Unterk\u00fcnfte f\u00fcr Ihren Aufenthalt, damit Ihr Urlaub zu einem unvergesslichen Erlebnis wird. Um mit uns Kontakt aufzunehmen, schreiben Sie eine E-Mail an <a href=\"mailto:info@sloways.eu\">info@sloways.eu<\/a>\u00a0 oder besuchen. <a href=\"https:\/\/www.sloways.eu\/contatti\">Sie die Kontaktseite auf unserer Website.<\/a><\/p>\n<p><strong>\u00a0<\/strong><\/p>\n<p>&nbsp;<\/p>\n","protected":false},"excerpt":{"rendered":"<p>An European road from Great St.Bernard to Rome ist der englischsprachige Reisef\u00fchrer, der die Reise des Erzbischofs von Canterury nachzeichnet, die heute als Via Francigena bekannt ist. Der F\u00fchrer empfiehlt dem Leser eine Reihe von Routen, die die italienischen Etappen der Route vom Gro\u00dfen St. Bernhard bis nach Rom betreffen.<\/p>\n","protected":false},"featured_media":8301,"template":"","meta":{"_monsterinsights_skip_tracking":false,"_monsterinsights_sitenote_active":false,"_monsterinsights_sitenote_note":"","_monsterinsights_sitenote_category":0},"product_brand":[],"product_cat":[85,90],"product_tag":[99,88],"class_list":{"0":"post-8300","1":"product","2":"type-product","3":"status-publish","4":"has-post-thumbnail","6":"product_cat-guide-e-credenziali","7":"product_cat-via-francigena","8":"product_tag-cammini","9":"product_tag-via-francigena","10":"tm-no-options","12":"first","13":"outofstock","14":"sale","15":"taxable","16":"shipping-taxable","17":"purchasable","18":"product-type-simple"},"bundle_layout":"","bundle_add_to_cart_form_location":"","bundle_editable_in_cart":false,"bundle_sold_individually_context":"","bundle_item_grouping":"","bundle_min_size":"","bundle_max_size":"","bundled_by":[],"bundled_items":[],"yoast_head":"<!-- This site is optimized with the Yoast SEO plugin v26.2 - https:\/\/yoast.com\/wordpress\/plugins\/seo\/ -->\n<title>FRANCIGENA Eine europ\u00e4ische Strasse vom Grossen St. Bernhard nach Rom - Guida - Slowshop<\/title>\n<meta name=\"robots\" content=\"index, follow, max-snippet:-1, max-image-preview:large, max-video-preview:-1\" \/>\n<link rel=\"canonical\" href=\"https:\/\/www.slowshop.eu\/de\/produkt\/francigena-eine-europaische-strasse-vom-grossen-st-bernhard-nach-rom-guida\/\" \/>\n<meta property=\"og:locale\" content=\"de_DE\" \/>\n<meta property=\"og:type\" content=\"article\" \/>\n<meta property=\"og:title\" content=\"FRANCIGENA Eine europ\u00e4ische Strasse vom Grossen St. Bernhard nach Rom - Guida - Slowshop\" \/>\n<meta property=\"og:description\" content=\"An European road from Great St.Bernard to Rome ist der englischsprachige Reisef\u00fchrer, der die Reise des Erzbischofs von Canterury nachzeichnet, die heute als Via Francigena bekannt ist. Der F\u00fchrer empfiehlt dem Leser eine Reihe von Routen, die die italienischen Etappen der Route vom Gro\u00dfen St. Bernhard bis nach Rom betreffen.\" \/>\n<meta property=\"og:url\" content=\"https:\/\/www.slowshop.eu\/de\/produkt\/francigena-eine-europaische-strasse-vom-grossen-st-bernhard-nach-rom-guida\/\" \/>\n<meta property=\"og:site_name\" content=\"Slowshop\" \/>\n<meta property=\"og:image\" content=\"https:\/\/www.slowshop.eu\/wp-content\/uploads\/2021\/07\/Riviste-.png\" \/>\n\t<meta property=\"og:image:width\" content=\"600\" \/>\n\t<meta property=\"og:image:height\" content=\"750\" \/>\n\t<meta property=\"og:image:type\" content=\"image\/png\" \/>\n<meta name=\"twitter:card\" content=\"summary_large_image\" \/>\n<meta name=\"twitter:label1\" content=\"Gesch\u00e4tzte Lesezeit\" \/>\n\t<meta name=\"twitter:data1\" content=\"2\u00a0Minuten\" \/>\n<script type=\"application\/ld+json\" class=\"yoast-schema-graph\">{\"@context\":\"https:\/\/schema.org\",\"@graph\":[{\"@type\":\"WebPage\",\"@id\":\"https:\/\/www.slowshop.eu\/de\/produkt\/francigena-eine-europaische-strasse-vom-grossen-st-bernhard-nach-rom-guida\/\",\"url\":\"https:\/\/www.slowshop.eu\/de\/produkt\/francigena-eine-europaische-strasse-vom-grossen-st-bernhard-nach-rom-guida\/\",\"name\":\"FRANCIGENA Eine europ\u00e4ische Strasse vom Grossen St. Bernhard nach Rom - Guida - Slowshop\",\"isPartOf\":{\"@id\":\"https:\/\/www.slowshop.eu\/de\/#website\"},\"primaryImageOfPage\":{\"@id\":\"https:\/\/www.slowshop.eu\/de\/produkt\/francigena-eine-europaische-strasse-vom-grossen-st-bernhard-nach-rom-guida\/#primaryimage\"},\"image\":{\"@id\":\"https:\/\/www.slowshop.eu\/de\/produkt\/francigena-eine-europaische-strasse-vom-grossen-st-bernhard-nach-rom-guida\/#primaryimage\"},\"thumbnailUrl\":\"https:\/\/www.slowshop.eu\/wp-content\/uploads\/2021\/07\/Riviste-.png\",\"datePublished\":\"2021-07-01T10:16:40+00:00\",\"breadcrumb\":{\"@id\":\"https:\/\/www.slowshop.eu\/de\/produkt\/francigena-eine-europaische-strasse-vom-grossen-st-bernhard-nach-rom-guida\/#breadcrumb\"},\"inLanguage\":\"de\",\"potentialAction\":[{\"@type\":\"ReadAction\",\"target\":[\"https:\/\/www.slowshop.eu\/de\/produkt\/francigena-eine-europaische-strasse-vom-grossen-st-bernhard-nach-rom-guida\/\"]}]},{\"@type\":\"ImageObject\",\"inLanguage\":\"de\",\"@id\":\"https:\/\/www.slowshop.eu\/de\/produkt\/francigena-eine-europaische-strasse-vom-grossen-st-bernhard-nach-rom-guida\/#primaryimage\",\"url\":\"https:\/\/www.slowshop.eu\/wp-content\/uploads\/2021\/07\/Riviste-.png\",\"contentUrl\":\"https:\/\/www.slowshop.eu\/wp-content\/uploads\/2021\/07\/Riviste-.png\",\"width\":600,\"height\":750},{\"@type\":\"BreadcrumbList\",\"@id\":\"https:\/\/www.slowshop.eu\/de\/produkt\/francigena-eine-europaische-strasse-vom-grossen-st-bernhard-nach-rom-guida\/#breadcrumb\",\"itemListElement\":[{\"@type\":\"ListItem\",\"position\":1,\"name\":\"Home\",\"item\":\"https:\/\/www.slowshop.eu\/de\/\"},{\"@type\":\"ListItem\",\"position\":2,\"name\":\"Cataloge\",\"item\":\"https:\/\/www.slowshop.eu\/catalogo\/\"},{\"@type\":\"ListItem\",\"position\":3,\"name\":\"FRANCIGENA Eine europ\u00e4ische Strasse vom Grossen St. Bernhard nach Rom &#8211; Guida\"}]},{\"@type\":\"WebSite\",\"@id\":\"https:\/\/www.slowshop.eu\/de\/#website\",\"url\":\"https:\/\/www.slowshop.eu\/de\/\",\"name\":\"SlowShop\",\"description\":\"Vie Francigene Shop\",\"publisher\":{\"@id\":\"https:\/\/www.slowshop.eu\/de\/#organization\"},\"potentialAction\":[{\"@type\":\"SearchAction\",\"target\":{\"@type\":\"EntryPoint\",\"urlTemplate\":\"https:\/\/www.slowshop.eu\/de\/?s={search_term_string}\"},\"query-input\":{\"@type\":\"PropertyValueSpecification\",\"valueRequired\":true,\"valueName\":\"search_term_string\"}}],\"inLanguage\":\"de\"},{\"@type\":\"Organization\",\"@id\":\"https:\/\/www.slowshop.eu\/de\/#organization\",\"name\":\"SlowShop\",\"url\":\"https:\/\/www.slowshop.eu\/de\/\",\"logo\":{\"@type\":\"ImageObject\",\"inLanguage\":\"de\",\"@id\":\"https:\/\/www.slowshop.eu\/de\/#\/schema\/logo\/image\/\",\"url\":\"https:\/\/www.slowshop.eu\/wp-content\/uploads\/2024\/07\/cropped-immagine-1.png\",\"contentUrl\":\"https:\/\/www.slowshop.eu\/wp-content\/uploads\/2024\/07\/cropped-immagine-1.png\",\"width\":512,\"height\":512,\"caption\":\"SlowShop\"},\"image\":{\"@id\":\"https:\/\/www.slowshop.eu\/de\/#\/schema\/logo\/image\/\"}}]}<\/script>\n<!-- \/ Yoast SEO plugin. -->","yoast_head_json":{"title":"FRANCIGENA Eine europ\u00e4ische Strasse vom Grossen St. Bernhard nach Rom - Guida - Slowshop","robots":{"index":"index","follow":"follow","max-snippet":"max-snippet:-1","max-image-preview":"max-image-preview:large","max-video-preview":"max-video-preview:-1"},"canonical":"https:\/\/www.slowshop.eu\/de\/produkt\/francigena-eine-europaische-strasse-vom-grossen-st-bernhard-nach-rom-guida\/","og_locale":"de_DE","og_type":"article","og_title":"FRANCIGENA Eine europ\u00e4ische Strasse vom Grossen St. Bernhard nach Rom - Guida - Slowshop","og_description":"An European road from Great St.Bernard to Rome ist der englischsprachige Reisef\u00fchrer, der die Reise des Erzbischofs von Canterury nachzeichnet, die heute als Via Francigena bekannt ist. Der F\u00fchrer empfiehlt dem Leser eine Reihe von Routen, die die italienischen Etappen der Route vom Gro\u00dfen St. Bernhard bis nach Rom betreffen.","og_url":"https:\/\/www.slowshop.eu\/de\/produkt\/francigena-eine-europaische-strasse-vom-grossen-st-bernhard-nach-rom-guida\/","og_site_name":"Slowshop","og_image":[{"width":600,"height":750,"url":"https:\/\/www.slowshop.eu\/wp-content\/uploads\/2021\/07\/Riviste-.png","type":"image\/png"}],"twitter_card":"summary_large_image","twitter_misc":{"Gesch\u00e4tzte Lesezeit":"2\u00a0Minuten"},"schema":{"@context":"https:\/\/schema.org","@graph":[{"@type":"WebPage","@id":"https:\/\/www.slowshop.eu\/de\/produkt\/francigena-eine-europaische-strasse-vom-grossen-st-bernhard-nach-rom-guida\/","url":"https:\/\/www.slowshop.eu\/de\/produkt\/francigena-eine-europaische-strasse-vom-grossen-st-bernhard-nach-rom-guida\/","name":"FRANCIGENA Eine europ\u00e4ische Strasse vom Grossen St. Bernhard nach Rom - Guida - Slowshop","isPartOf":{"@id":"https:\/\/www.slowshop.eu\/de\/#website"},"primaryImageOfPage":{"@id":"https:\/\/www.slowshop.eu\/de\/produkt\/francigena-eine-europaische-strasse-vom-grossen-st-bernhard-nach-rom-guida\/#primaryimage"},"image":{"@id":"https:\/\/www.slowshop.eu\/de\/produkt\/francigena-eine-europaische-strasse-vom-grossen-st-bernhard-nach-rom-guida\/#primaryimage"},"thumbnailUrl":"https:\/\/www.slowshop.eu\/wp-content\/uploads\/2021\/07\/Riviste-.png","datePublished":"2021-07-01T10:16:40+00:00","breadcrumb":{"@id":"https:\/\/www.slowshop.eu\/de\/produkt\/francigena-eine-europaische-strasse-vom-grossen-st-bernhard-nach-rom-guida\/#breadcrumb"},"inLanguage":"de","potentialAction":[{"@type":"ReadAction","target":["https:\/\/www.slowshop.eu\/de\/produkt\/francigena-eine-europaische-strasse-vom-grossen-st-bernhard-nach-rom-guida\/"]}]},{"@type":"ImageObject","inLanguage":"de","@id":"https:\/\/www.slowshop.eu\/de\/produkt\/francigena-eine-europaische-strasse-vom-grossen-st-bernhard-nach-rom-guida\/#primaryimage","url":"https:\/\/www.slowshop.eu\/wp-content\/uploads\/2021\/07\/Riviste-.png","contentUrl":"https:\/\/www.slowshop.eu\/wp-content\/uploads\/2021\/07\/Riviste-.png","width":600,"height":750},{"@type":"BreadcrumbList","@id":"https:\/\/www.slowshop.eu\/de\/produkt\/francigena-eine-europaische-strasse-vom-grossen-st-bernhard-nach-rom-guida\/#breadcrumb","itemListElement":[{"@type":"ListItem","position":1,"name":"Home","item":"https:\/\/www.slowshop.eu\/de\/"},{"@type":"ListItem","position":2,"name":"Cataloge","item":"https:\/\/www.slowshop.eu\/catalogo\/"},{"@type":"ListItem","position":3,"name":"FRANCIGENA Eine europ\u00e4ische Strasse vom Grossen St. Bernhard nach Rom &#8211; Guida"}]},{"@type":"WebSite","@id":"https:\/\/www.slowshop.eu\/de\/#website","url":"https:\/\/www.slowshop.eu\/de\/","name":"SlowShop","description":"Vie Francigene Shop","publisher":{"@id":"https:\/\/www.slowshop.eu\/de\/#organization"},"potentialAction":[{"@type":"SearchAction","target":{"@type":"EntryPoint","urlTemplate":"https:\/\/www.slowshop.eu\/de\/?s={search_term_string}"},"query-input":{"@type":"PropertyValueSpecification","valueRequired":true,"valueName":"search_term_string"}}],"inLanguage":"de"},{"@type":"Organization","@id":"https:\/\/www.slowshop.eu\/de\/#organization","name":"SlowShop","url":"https:\/\/www.slowshop.eu\/de\/","logo":{"@type":"ImageObject","inLanguage":"de","@id":"https:\/\/www.slowshop.eu\/de\/#\/schema\/logo\/image\/","url":"https:\/\/www.slowshop.eu\/wp-content\/uploads\/2024\/07\/cropped-immagine-1.png","contentUrl":"https:\/\/www.slowshop.eu\/wp-content\/uploads\/2024\/07\/cropped-immagine-1.png","width":512,"height":512,"caption":"SlowShop"},"image":{"@id":"https:\/\/www.slowshop.eu\/de\/#\/schema\/logo\/image\/"}}]}},"_links":{"self":[{"href":"https:\/\/www.slowshop.eu\/de\/wp-json\/wp\/v2\/product\/8300","targetHints":{"allow":["GET"]}}],"collection":[{"href":"https:\/\/www.slowshop.eu\/de\/wp-json\/wp\/v2\/product"}],"about":[{"href":"https:\/\/www.slowshop.eu\/de\/wp-json\/wp\/v2\/types\/product"}],"wp:featuredmedia":[{"embeddable":true,"href":"https:\/\/www.slowshop.eu\/de\/wp-json\/wp\/v2\/media\/8301"}],"wp:attachment":[{"href":"https:\/\/www.slowshop.eu\/de\/wp-json\/wp\/v2\/media?parent=8300"}],"wp:term":[{"taxonomy":"product_brand","embeddable":true,"href":"https:\/\/www.slowshop.eu\/de\/wp-json\/wp\/v2\/product_brand?post=8300"},{"taxonomy":"product_cat","embeddable":true,"href":"https:\/\/www.slowshop.eu\/de\/wp-json\/wp\/v2\/product_cat?post=8300"},{"taxonomy":"product_tag","embeddable":true,"href":"https:\/\/www.slowshop.eu\/de\/wp-json\/wp\/v2\/product_tag?post=8300"}],"curies":[{"name":"wp","href":"https:\/\/api.w.org\/{rel}","templated":true}]}}