{"id":8302,"date":"2021-06-17T13:05:58","date_gmt":"2021-06-17T11:05:58","guid":{"rendered":"https:\/\/www.slowshop.eu\/product\/magna-via-francigena-der-offizielle-fuhrer-in-englischer-sprache\/"},"modified":"2021-06-17T13:05:58","modified_gmt":"2021-06-17T11:05:58","slug":"magna-via-francigena-der-offizielle-fuhrer-in-englischer-sprache","status":"publish","type":"product","link":"https:\/\/www.slowshop.eu\/de\/produkt\/magna-via-francigena-der-offizielle-fuhrer-in-englischer-sprache\/","title":{"rendered":"&#8218;Magna Via Francigena&#8216; &#8211; Der offizielle F\u00fchrer in englischer Sprache"},"content":{"rendered":"<h2><strong>Die Magna Via Francigena: Wandern in Sizilien von Meer zu Meer.<\/strong><\/h2>\n<p>Vom Golf von Palermo zum Tal der Tempel: Entdecken Sie die Magna Via Francigena in 9 Etappen entlang der antiken Routen, die von Griechen, R\u00f6mern, Arabern und Normannen befahren wurden.<\/p>\n<p>Auf der Magna Via Francigena k\u00f6nnen Sie das Sizilien der Wunder entdecken. Entdecken Sie Trinacria in seinen verschiedenen Formen, die ber\u00fchmten St\u00e4dte und geschichtstr\u00e4chtigen Orte wie Monreale und Agrigento. Erleben Sie den Zauber der Sicani-Berge mit ihren atemberaubenden Landschaften. Erkunden Sie Sutera, eines der &#8222;sch\u00f6nsten D\u00f6rfer Italiens&#8220;.<\/p>\n<p>Eine Reise von K\u00fcste zu K\u00fcste durch Naturparks, Weizenfelder und kleine D\u00f6rfer. Entdecken Sie aus erster Hand die Traditionen und die Geschichte eines unvergesslichen Landes. Erleben Sie das Sizilien der D\u00fcfte, der Kulturen, die einem magischen und geheimnisvollen Land ihren Stempel aufgedr\u00fcckt haben.<\/p>\n<p>Die Magna Via Francigena geht \u00fcber den Begriff des Reisens hinaus, sie schreibt ihn neu: Sie ist eine wahre Entdeckungsreise durch ein Sizilien mit tausend Gesichtern, die noch wenig bekannt sind.<\/p>\n<p>Der offizielle Reisef\u00fchrer enth\u00e4lt alle Informationen, die Sie f\u00fcr die Reise ben\u00f6tigen. Es stehen Ihnen detaillierte Routenbeschreibungen, Karten, H\u00f6henangaben und H\u00f6henunterschiede zur Verf\u00fcgung. Entdecken Sie Schlafpl\u00e4tze, sehenswerte Orte und kulturelle Einblicke.<\/p>\n<p>Atmen Sie durch und begeben Sie sich auf dieses einzigartige Erlebnis, ein menschliches Abenteuer, bei dem die Stra\u00dfen und Tore jedes Dorfes auf der Route eine Geschichte erz\u00e4hlen, bei dem die Einheimischen Sie willkommen hei\u00dfen und Ihnen das sch\u00f6nste Geschenk machen: Zeit. Atme tief durch, sp\u00fcre das Herz Siziliens pulsieren<\/p>\n<p>F\u00fcr Informationen besuchen Sie unsere Website, indem Sie auf <a href=\"https:\/\/www.sloways.eu\/\">www.sloways.eu<\/a>.<\/p>\n<p><strong>Unser Rat? Gehen Sie, wohin Ihr Fu\u00df Sie tr\u00e4gt,<\/strong> kaufen Sie ein T-Shirt oder Sweatshirt mit einem unserer Mantras und machen Sie sich auf den Weg.<\/p>\n<h2><strong>Urlaub mit uns<\/strong><\/h2>\n<p>Jetzt, wo Sie den offiziellen F\u00fchrer haben, m\u00fcssen Sie nur noch Ihre Wanderung entlang der Magna Via Francigena organisieren, <a style=\"background-color: #ffffff;\" href=\"https:\/\/www.sloways.eu\/magna-via-francigena-sicilia\">hier klicken<\/a><\/p>\n","protected":false},"excerpt":{"rendered":"<p>Vom Golf von Palermo zum Tal der Tempel: Entdecken Sie die Magna Via Francigena in 9 Etappen entlang der antiken Routen, die von Griechen, R\u00f6mern, Arabern und Normannen befahren wurden.<\/p>\n","protected":false},"featured_media":8303,"template":"","meta":{"_monsterinsights_skip_tracking":false,"_monsterinsights_sitenote_active":false,"_monsterinsights_sitenote_note":"","_monsterinsights_sitenote_category":0},"product_brand":[],"product_cat":[132],"product_tag":[],"class_list":{"0":"post-8302","1":"product","2":"type-product","3":"status-publish","4":"has-post-thumbnail","6":"product_cat-guide-e-credenziali-de","7":"tm-no-options","9":"first","10":"outofstock","11":"sale","12":"taxable","13":"shipping-taxable","14":"purchasable","15":"product-type-simple"},"bundle_layout":"","bundle_add_to_cart_form_location":"","bundle_editable_in_cart":false,"bundle_sold_individually_context":"","bundle_item_grouping":"","bundle_min_size":"","bundle_max_size":"","bundled_by":[],"bundled_items":[],"yoast_head":"<!-- This site is optimized with the Yoast SEO plugin v26.2 - https:\/\/yoast.com\/wordpress\/plugins\/seo\/ -->\n<title>&#039;Magna Via Francigena&#039; - Der offizielle F\u00fchrer in englischer Sprache - Slowshop<\/title>\n<meta name=\"description\" content=\"Die Magna Via Francigena zu Fu\u00df in Sizilien. Von Palermo zum Tal der Tempel entlang der Routen der Griechen, R\u00f6mer, Araber und Normannen\" \/>\n<meta name=\"robots\" content=\"index, follow, max-snippet:-1, max-image-preview:large, max-video-preview:-1\" \/>\n<link rel=\"canonical\" href=\"https:\/\/www.slowshop.eu\/de\/produkt\/magna-via-francigena-der-offizielle-fuhrer-in-englischer-sprache\/\" \/>\n<meta property=\"og:locale\" content=\"de_DE\" \/>\n<meta property=\"og:type\" content=\"article\" \/>\n<meta property=\"og:title\" content=\"&#039;Magna Via Francigena&#039; - Der offizielle F\u00fchrer in englischer Sprache - Slowshop\" \/>\n<meta property=\"og:description\" content=\"Die Magna Via Francigena zu Fu\u00df in Sizilien. Von Palermo zum Tal der Tempel entlang der Routen der Griechen, R\u00f6mer, Araber und Normannen\" \/>\n<meta property=\"og:url\" content=\"https:\/\/www.slowshop.eu\/de\/produkt\/magna-via-francigena-der-offizielle-fuhrer-in-englischer-sprache\/\" \/>\n<meta property=\"og:site_name\" content=\"Slowshop\" \/>\n<meta property=\"og:image\" content=\"https:\/\/www.slowshop.eu\/wp-content\/uploads\/2021\/06\/Magna-Via-Francigena-ENG.png\" \/>\n\t<meta property=\"og:image:width\" content=\"600\" \/>\n\t<meta property=\"og:image:height\" content=\"750\" \/>\n\t<meta property=\"og:image:type\" content=\"image\/png\" \/>\n<meta name=\"twitter:card\" content=\"summary_large_image\" \/>\n<meta name=\"twitter:label1\" content=\"Gesch\u00e4tzte Lesezeit\" \/>\n\t<meta name=\"twitter:data1\" content=\"2\u00a0Minuten\" \/>\n<script type=\"application\/ld+json\" class=\"yoast-schema-graph\">{\"@context\":\"https:\/\/schema.org\",\"@graph\":[{\"@type\":\"WebPage\",\"@id\":\"https:\/\/www.slowshop.eu\/de\/produkt\/magna-via-francigena-der-offizielle-fuhrer-in-englischer-sprache\/\",\"url\":\"https:\/\/www.slowshop.eu\/de\/produkt\/magna-via-francigena-der-offizielle-fuhrer-in-englischer-sprache\/\",\"name\":\"'Magna Via Francigena' - Der offizielle F\u00fchrer in englischer Sprache - Slowshop\",\"isPartOf\":{\"@id\":\"https:\/\/www.slowshop.eu\/de\/#website\"},\"primaryImageOfPage\":{\"@id\":\"https:\/\/www.slowshop.eu\/de\/produkt\/magna-via-francigena-der-offizielle-fuhrer-in-englischer-sprache\/#primaryimage\"},\"image\":{\"@id\":\"https:\/\/www.slowshop.eu\/de\/produkt\/magna-via-francigena-der-offizielle-fuhrer-in-englischer-sprache\/#primaryimage\"},\"thumbnailUrl\":\"https:\/\/www.slowshop.eu\/wp-content\/uploads\/2021\/06\/Magna-Via-Francigena-ENG.png\",\"datePublished\":\"2021-06-17T11:05:58+00:00\",\"description\":\"Die Magna Via Francigena zu Fu\u00df in Sizilien. Von Palermo zum Tal der Tempel entlang der Routen der Griechen, R\u00f6mer, Araber und Normannen\",\"breadcrumb\":{\"@id\":\"https:\/\/www.slowshop.eu\/de\/produkt\/magna-via-francigena-der-offizielle-fuhrer-in-englischer-sprache\/#breadcrumb\"},\"inLanguage\":\"de\",\"potentialAction\":[{\"@type\":\"ReadAction\",\"target\":[\"https:\/\/www.slowshop.eu\/de\/produkt\/magna-via-francigena-der-offizielle-fuhrer-in-englischer-sprache\/\"]}]},{\"@type\":\"ImageObject\",\"inLanguage\":\"de\",\"@id\":\"https:\/\/www.slowshop.eu\/de\/produkt\/magna-via-francigena-der-offizielle-fuhrer-in-englischer-sprache\/#primaryimage\",\"url\":\"https:\/\/www.slowshop.eu\/wp-content\/uploads\/2021\/06\/Magna-Via-Francigena-ENG.png\",\"contentUrl\":\"https:\/\/www.slowshop.eu\/wp-content\/uploads\/2021\/06\/Magna-Via-Francigena-ENG.png\",\"width\":600,\"height\":750},{\"@type\":\"BreadcrumbList\",\"@id\":\"https:\/\/www.slowshop.eu\/de\/produkt\/magna-via-francigena-der-offizielle-fuhrer-in-englischer-sprache\/#breadcrumb\",\"itemListElement\":[{\"@type\":\"ListItem\",\"position\":1,\"name\":\"Home\",\"item\":\"https:\/\/www.slowshop.eu\/de\/\"},{\"@type\":\"ListItem\",\"position\":2,\"name\":\"Cataloge\",\"item\":\"https:\/\/www.slowshop.eu\/catalogo\/\"},{\"@type\":\"ListItem\",\"position\":3,\"name\":\"&#8216;Magna Via Francigena&#8217; &#8211; Der offizielle F\u00fchrer in englischer Sprache\"}]},{\"@type\":\"WebSite\",\"@id\":\"https:\/\/www.slowshop.eu\/de\/#website\",\"url\":\"https:\/\/www.slowshop.eu\/de\/\",\"name\":\"SlowShop\",\"description\":\"Vie Francigene Shop\",\"publisher\":{\"@id\":\"https:\/\/www.slowshop.eu\/de\/#organization\"},\"potentialAction\":[{\"@type\":\"SearchAction\",\"target\":{\"@type\":\"EntryPoint\",\"urlTemplate\":\"https:\/\/www.slowshop.eu\/de\/?s={search_term_string}\"},\"query-input\":{\"@type\":\"PropertyValueSpecification\",\"valueRequired\":true,\"valueName\":\"search_term_string\"}}],\"inLanguage\":\"de\"},{\"@type\":\"Organization\",\"@id\":\"https:\/\/www.slowshop.eu\/de\/#organization\",\"name\":\"SlowShop\",\"url\":\"https:\/\/www.slowshop.eu\/de\/\",\"logo\":{\"@type\":\"ImageObject\",\"inLanguage\":\"de\",\"@id\":\"https:\/\/www.slowshop.eu\/de\/#\/schema\/logo\/image\/\",\"url\":\"https:\/\/www.slowshop.eu\/wp-content\/uploads\/2024\/07\/cropped-immagine-1.png\",\"contentUrl\":\"https:\/\/www.slowshop.eu\/wp-content\/uploads\/2024\/07\/cropped-immagine-1.png\",\"width\":512,\"height\":512,\"caption\":\"SlowShop\"},\"image\":{\"@id\":\"https:\/\/www.slowshop.eu\/de\/#\/schema\/logo\/image\/\"}}]}<\/script>\n<!-- \/ Yoast SEO plugin. -->","yoast_head_json":{"title":"'Magna Via Francigena' - Der offizielle F\u00fchrer in englischer Sprache - Slowshop","description":"Die Magna Via Francigena zu Fu\u00df in Sizilien. Von Palermo zum Tal der Tempel entlang der Routen der Griechen, R\u00f6mer, Araber und Normannen","robots":{"index":"index","follow":"follow","max-snippet":"max-snippet:-1","max-image-preview":"max-image-preview:large","max-video-preview":"max-video-preview:-1"},"canonical":"https:\/\/www.slowshop.eu\/de\/produkt\/magna-via-francigena-der-offizielle-fuhrer-in-englischer-sprache\/","og_locale":"de_DE","og_type":"article","og_title":"'Magna Via Francigena' - Der offizielle F\u00fchrer in englischer Sprache - Slowshop","og_description":"Die Magna Via Francigena zu Fu\u00df in Sizilien. Von Palermo zum Tal der Tempel entlang der Routen der Griechen, R\u00f6mer, Araber und Normannen","og_url":"https:\/\/www.slowshop.eu\/de\/produkt\/magna-via-francigena-der-offizielle-fuhrer-in-englischer-sprache\/","og_site_name":"Slowshop","og_image":[{"width":600,"height":750,"url":"https:\/\/www.slowshop.eu\/wp-content\/uploads\/2021\/06\/Magna-Via-Francigena-ENG.png","type":"image\/png"}],"twitter_card":"summary_large_image","twitter_misc":{"Gesch\u00e4tzte Lesezeit":"2\u00a0Minuten"},"schema":{"@context":"https:\/\/schema.org","@graph":[{"@type":"WebPage","@id":"https:\/\/www.slowshop.eu\/de\/produkt\/magna-via-francigena-der-offizielle-fuhrer-in-englischer-sprache\/","url":"https:\/\/www.slowshop.eu\/de\/produkt\/magna-via-francigena-der-offizielle-fuhrer-in-englischer-sprache\/","name":"'Magna Via Francigena' - Der offizielle F\u00fchrer in englischer Sprache - Slowshop","isPartOf":{"@id":"https:\/\/www.slowshop.eu\/de\/#website"},"primaryImageOfPage":{"@id":"https:\/\/www.slowshop.eu\/de\/produkt\/magna-via-francigena-der-offizielle-fuhrer-in-englischer-sprache\/#primaryimage"},"image":{"@id":"https:\/\/www.slowshop.eu\/de\/produkt\/magna-via-francigena-der-offizielle-fuhrer-in-englischer-sprache\/#primaryimage"},"thumbnailUrl":"https:\/\/www.slowshop.eu\/wp-content\/uploads\/2021\/06\/Magna-Via-Francigena-ENG.png","datePublished":"2021-06-17T11:05:58+00:00","description":"Die Magna Via Francigena zu Fu\u00df in Sizilien. Von Palermo zum Tal der Tempel entlang der Routen der Griechen, R\u00f6mer, Araber und Normannen","breadcrumb":{"@id":"https:\/\/www.slowshop.eu\/de\/produkt\/magna-via-francigena-der-offizielle-fuhrer-in-englischer-sprache\/#breadcrumb"},"inLanguage":"de","potentialAction":[{"@type":"ReadAction","target":["https:\/\/www.slowshop.eu\/de\/produkt\/magna-via-francigena-der-offizielle-fuhrer-in-englischer-sprache\/"]}]},{"@type":"ImageObject","inLanguage":"de","@id":"https:\/\/www.slowshop.eu\/de\/produkt\/magna-via-francigena-der-offizielle-fuhrer-in-englischer-sprache\/#primaryimage","url":"https:\/\/www.slowshop.eu\/wp-content\/uploads\/2021\/06\/Magna-Via-Francigena-ENG.png","contentUrl":"https:\/\/www.slowshop.eu\/wp-content\/uploads\/2021\/06\/Magna-Via-Francigena-ENG.png","width":600,"height":750},{"@type":"BreadcrumbList","@id":"https:\/\/www.slowshop.eu\/de\/produkt\/magna-via-francigena-der-offizielle-fuhrer-in-englischer-sprache\/#breadcrumb","itemListElement":[{"@type":"ListItem","position":1,"name":"Home","item":"https:\/\/www.slowshop.eu\/de\/"},{"@type":"ListItem","position":2,"name":"Cataloge","item":"https:\/\/www.slowshop.eu\/catalogo\/"},{"@type":"ListItem","position":3,"name":"&#8216;Magna Via Francigena&#8217; &#8211; Der offizielle F\u00fchrer in englischer Sprache"}]},{"@type":"WebSite","@id":"https:\/\/www.slowshop.eu\/de\/#website","url":"https:\/\/www.slowshop.eu\/de\/","name":"SlowShop","description":"Vie Francigene Shop","publisher":{"@id":"https:\/\/www.slowshop.eu\/de\/#organization"},"potentialAction":[{"@type":"SearchAction","target":{"@type":"EntryPoint","urlTemplate":"https:\/\/www.slowshop.eu\/de\/?s={search_term_string}"},"query-input":{"@type":"PropertyValueSpecification","valueRequired":true,"valueName":"search_term_string"}}],"inLanguage":"de"},{"@type":"Organization","@id":"https:\/\/www.slowshop.eu\/de\/#organization","name":"SlowShop","url":"https:\/\/www.slowshop.eu\/de\/","logo":{"@type":"ImageObject","inLanguage":"de","@id":"https:\/\/www.slowshop.eu\/de\/#\/schema\/logo\/image\/","url":"https:\/\/www.slowshop.eu\/wp-content\/uploads\/2024\/07\/cropped-immagine-1.png","contentUrl":"https:\/\/www.slowshop.eu\/wp-content\/uploads\/2024\/07\/cropped-immagine-1.png","width":512,"height":512,"caption":"SlowShop"},"image":{"@id":"https:\/\/www.slowshop.eu\/de\/#\/schema\/logo\/image\/"}}]}},"_links":{"self":[{"href":"https:\/\/www.slowshop.eu\/de\/wp-json\/wp\/v2\/product\/8302","targetHints":{"allow":["GET"]}}],"collection":[{"href":"https:\/\/www.slowshop.eu\/de\/wp-json\/wp\/v2\/product"}],"about":[{"href":"https:\/\/www.slowshop.eu\/de\/wp-json\/wp\/v2\/types\/product"}],"wp:featuredmedia":[{"embeddable":true,"href":"https:\/\/www.slowshop.eu\/de\/wp-json\/wp\/v2\/media\/8303"}],"wp:attachment":[{"href":"https:\/\/www.slowshop.eu\/de\/wp-json\/wp\/v2\/media?parent=8302"}],"wp:term":[{"taxonomy":"product_brand","embeddable":true,"href":"https:\/\/www.slowshop.eu\/de\/wp-json\/wp\/v2\/product_brand?post=8302"},{"taxonomy":"product_cat","embeddable":true,"href":"https:\/\/www.slowshop.eu\/de\/wp-json\/wp\/v2\/product_cat?post=8302"},{"taxonomy":"product_tag","embeddable":true,"href":"https:\/\/www.slowshop.eu\/de\/wp-json\/wp\/v2\/product_tag?post=8302"}],"curies":[{"name":"wp","href":"https:\/\/api.w.org\/{rel}","templated":true}]}}