{"id":8439,"date":"2021-05-13T13:45:00","date_gmt":"2021-05-13T11:45:00","guid":{"rendered":"https:\/\/www.slowshop.eu\/product\/gestickter-aufnaher-via-francigena-orange\/"},"modified":"2026-02-19T17:17:56","modified_gmt":"2026-02-19T16:17:56","slug":"gestickter-aufnaeher-via-francigena-orange","status":"publish","type":"product","link":"https:\/\/www.slowshop.eu\/de\/produkt\/gestickter-aufnaeher-via-francigena-orange\/","title":{"rendered":"Gestickter Aufn\u00e4her Via Francigena Orange"},"content":{"rendered":"<h2 data-start=\"101\" data-end=\"149\">Gestickter Aufn\u00e4her Via Francigena Orange<\/h2>\n<p data-start=\"151\" data-end=\"447\">Tragen Sie ein einzigartiges Andenken an die <strong data-start=\"196\" data-end=\"214\">Via Francigena<\/strong> mit dem offiziellen gestickten Aufn\u00e4her, erh\u00e4ltlich in Orange mit schwarzen Details. Perfekt f\u00fcr Rucks\u00e4cke, H\u00fcte, Taschen, Hemden oder Hosen, ist dieser Aufn\u00e4her ein ideales Accessoire f\u00fcr Pilger und Liebhaber des ber\u00fchmten Weges.<\/p>\n<p data-start=\"449\" data-end=\"699\">Der Aufn\u00e4her ist in zwei Gr\u00f6\u00dfen erh\u00e4ltlich: <strong>quadratisch 10 x 9 cm oder rund mit einem Durchmesser von 10 cm<\/strong>. Hergestellt aus langlebigem orangefarbenem, beflocktem Stoff mit schwarzen Stickdetails, kann er einfach aufgen\u00e4ht oder aufgeb\u00fcgelt werden.<\/p>\n<p data-start=\"701\" data-end=\"786\">Folgen Sie den Spuren von <strong data-start=\"727\" data-end=\"749\">Erzbischof Sigeric<\/strong> auf diesem historischen Pilgerweg.<\/p>\n<p data-start=\"788\" data-end=\"1297\">Die <strong data-start=\"792\" data-end=\"810\">Via Francigena<\/strong> erstreckt sich \u00fcber 3.000 km von Canterbury nach Rom und weiter bis nach Santa Maria di Leuca und verbindet die Kulturen und V\u00f6lker Europas in f\u00fcnf L\u00e4ndern. Der Weg f\u00fchrt durch Kent im Vereinigten K\u00f6nigreich; die Regionen Hauts-de-France, Grand Est und Bourgogne-Franche-Comt\u00e9 in Frankreich; die Kantone Waadt und Wallis in der Schweiz; sowie Valle d\u2019Aosta, Piemont, Lombardei, Emilia-Romagna, Ligurien, Toskana, Latium, Kampanien, Basilikata, Apulien und den Vatikanstaat in Italien.<\/p>\n<p data-start=\"1299\" data-end=\"1627\">Ob f\u00fcr einen ganzen Monat, eine Woche oder nur ein paar Tage \u2013 die Via Francigena bietet eine au\u00dfergew\u00f6hnliche Reise, allein oder in der Gruppe, durch unerwartete Landschaften, mittelalterliche Kirchen und Abschnitte r\u00f6mischer Stra\u00dfen. Entdecken Sie einige der sch\u00f6nsten und stimmungsvollsten D\u00f6rfer Europas entlang des Weges.<\/p>\n<p data-start=\"1629\" data-end=\"1913\">Haben Sie schon Ihre <a href=\"https:\/\/www.slowshop.eu\/prodotto\/credenziale-del-pellegrino-via-francigena\/\"><strong data-start=\"1650\" data-end=\"1671\">Pilger-Credential<\/strong><\/a>? Dieses offizielle Dokument dient als \u201ePilgerpass\u201c und ist notwendig, um Unterk\u00fcnfte entlang der Strecke zu nutzen und an jeder Etappe Stempel zu sammeln. <strong data-start=\"1827\" data-end=\"1850\">Kaufen Sie sie hier<\/strong>, um Ihr Erlebnis auf der Via Francigena zu vervollst\u00e4ndigen.<\/p>\n<h2><strong>Reise mit uns<\/strong><\/h2>\n<p>Jetzt, wo Sie Ihren offiziellen Ausweis haben, m\u00fcssen Sie nur noch Ihre Reise entlang der <a href=\"https:\/\/www.sloways.eu\/tema_via-francigena\">Via Francigena<\/a> buchen. Wenn Sie auf unserer Website buchen, erhalten Sie vollst\u00e4ndige Unterlagen f\u00fcr Ihre Reise. Wir bieten Ihnen eine 24-Stunden-Betreuung und buchen traumhafte Unterk\u00fcnfte f\u00fcr Ihren Aufenthalt, damit Ihr Urlaub zu einem unvergesslichen Erlebnis wird. Um uns zu kontaktieren, schreiben Sie eine E-Mail an <a href=\"mailto:info@sloways.eu\">info@sloways.eu<\/a> oder besuchen <a href=\"https:\/\/www.sloways.eu\/contatti\">Sie die Seite.<\/a><\/p>\n","protected":false},"excerpt":{"rendered":"<p>Tragen Sie ein Symbol der Via Francigena mit diesem offiziellen gestickten Aufn\u00e4her in Orange mit schwarzen Details. Erh\u00e4ltlich in quadratischer Form (10 x 9 cm) oder rund (Durchmesser 10 cm), kann er auf Rucks\u00e4cken, Taschen, H\u00fcten, Hosen oder Jacken aufgen\u00e4ht werden.<br \/>\nHergestellt aus strapazierf\u00e4higem, beflocktem Stoff, ist er ein ideales Andenken f\u00fcr Pilger und Liebhaber des Weges und perfekt, um Ihre Reise entlang der historischen europ\u00e4ischen Routen stolz zu zeigen.<\/p>\n","protected":false},"featured_media":5548,"template":"","meta":{"_monsterinsights_skip_tracking":false,"_monsterinsights_sitenote_active":false,"_monsterinsights_sitenote_note":"","_monsterinsights_sitenote_category":0},"product_brand":[303],"product_cat":[149,150],"product_tag":[151],"class_list":{"0":"post-8439","1":"product","2":"type-product","3":"status-publish","4":"has-post-thumbnail","6":"product_brand-associazione-vie-francigene","7":"product_cat-gadget-de-2","8":"product_cat-via-francigena-de-2","9":"product_tag-via-francigena-de","10":"tm-no-options","12":"first","13":"instock","14":"taxable","15":"shipping-taxable","16":"purchasable","17":"product-type-variable"},"bundle_layout":"","bundle_add_to_cart_form_location":"","bundle_editable_in_cart":false,"bundle_sold_individually_context":"","bundle_item_grouping":"","bundle_min_size":"","bundle_max_size":"","bundled_by":[],"bundled_items":[],"yoast_head":"<!-- This site is optimized with the Yoast SEO plugin v26.2 - https:\/\/yoast.com\/wordpress\/plugins\/seo\/ -->\n<title>Gestickter Aufn\u00e4her Via Francigena Orange - Slowshop<\/title>\n<meta name=\"description\" content=\"Kaufe deine Gestickter Aufn\u00e4her Via Francigena Orange. Aus orangefarbenem Veloursstoff mit schwarzen Stickereien, zum N\u00e4hen oder B\u00fcgeln geeignet\" \/>\n<meta name=\"robots\" content=\"index, follow, max-snippet:-1, max-image-preview:large, max-video-preview:-1\" \/>\n<link rel=\"canonical\" href=\"https:\/\/www.slowshop.eu\/de\/produkt\/gestickter-aufnaeher-via-francigena-orange\/\" \/>\n<meta property=\"og:locale\" content=\"de_DE\" \/>\n<meta property=\"og:type\" content=\"article\" \/>\n<meta property=\"og:title\" content=\"Gestickter Aufn\u00e4her Via Francigena Orange - Slowshop\" \/>\n<meta property=\"og:description\" content=\"Kaufe deine Gestickter Aufn\u00e4her Via Francigena Orange. Aus orangefarbenem Veloursstoff mit schwarzen Stickereien, zum N\u00e4hen oder B\u00fcgeln geeignet\" \/>\n<meta property=\"og:url\" content=\"https:\/\/www.slowshop.eu\/de\/produkt\/gestickter-aufnaeher-via-francigena-orange\/\" \/>\n<meta property=\"og:site_name\" content=\"Slowshop\" \/>\n<meta property=\"article:modified_time\" content=\"2026-02-19T16:17:56+00:00\" \/>\n<meta property=\"og:image\" content=\"https:\/\/www.slowshop.eu\/wp-content\/uploads\/2021\/05\/Toppe-VIA-FRANCIGENA-2.png\" \/>\n\t<meta property=\"og:image:width\" content=\"600\" \/>\n\t<meta property=\"og:image:height\" content=\"750\" \/>\n\t<meta property=\"og:image:type\" content=\"image\/png\" \/>\n<meta name=\"twitter:card\" content=\"summary_large_image\" \/>\n<meta name=\"twitter:label1\" content=\"Gesch\u00e4tzte Lesezeit\" \/>\n\t<meta name=\"twitter:data1\" content=\"2\u00a0Minuten\" \/>\n<script type=\"application\/ld+json\" class=\"yoast-schema-graph\">{\"@context\":\"https:\/\/schema.org\",\"@graph\":[{\"@type\":\"WebPage\",\"@id\":\"https:\/\/www.slowshop.eu\/de\/produkt\/gestickter-aufnaeher-via-francigena-orange\/\",\"url\":\"https:\/\/www.slowshop.eu\/de\/produkt\/gestickter-aufnaeher-via-francigena-orange\/\",\"name\":\"Gestickter Aufn\u00e4her Via Francigena Orange - Slowshop\",\"isPartOf\":{\"@id\":\"https:\/\/www.slowshop.eu\/de\/#website\"},\"primaryImageOfPage\":{\"@id\":\"https:\/\/www.slowshop.eu\/de\/produkt\/gestickter-aufnaeher-via-francigena-orange\/#primaryimage\"},\"image\":{\"@id\":\"https:\/\/www.slowshop.eu\/de\/produkt\/gestickter-aufnaeher-via-francigena-orange\/#primaryimage\"},\"thumbnailUrl\":\"https:\/\/www.slowshop.eu\/wp-content\/uploads\/2021\/05\/Toppe-VIA-FRANCIGENA-2.png\",\"datePublished\":\"2021-05-13T11:45:00+00:00\",\"dateModified\":\"2026-02-19T16:17:56+00:00\",\"description\":\"Kaufe deine Gestickter Aufn\u00e4her Via Francigena Orange. Aus orangefarbenem Veloursstoff mit schwarzen Stickereien, zum N\u00e4hen oder B\u00fcgeln geeignet\",\"breadcrumb\":{\"@id\":\"https:\/\/www.slowshop.eu\/de\/produkt\/gestickter-aufnaeher-via-francigena-orange\/#breadcrumb\"},\"inLanguage\":\"de\",\"potentialAction\":[{\"@type\":\"ReadAction\",\"target\":[\"https:\/\/www.slowshop.eu\/de\/produkt\/gestickter-aufnaeher-via-francigena-orange\/\"]}]},{\"@type\":\"ImageObject\",\"inLanguage\":\"de\",\"@id\":\"https:\/\/www.slowshop.eu\/de\/produkt\/gestickter-aufnaeher-via-francigena-orange\/#primaryimage\",\"url\":\"https:\/\/www.slowshop.eu\/wp-content\/uploads\/2021\/05\/Toppe-VIA-FRANCIGENA-2.png\",\"contentUrl\":\"https:\/\/www.slowshop.eu\/wp-content\/uploads\/2021\/05\/Toppe-VIA-FRANCIGENA-2.png\",\"width\":600,\"height\":750,\"caption\":\"Toppa ricamata Via Francigena Arancione\"},{\"@type\":\"BreadcrumbList\",\"@id\":\"https:\/\/www.slowshop.eu\/de\/produkt\/gestickter-aufnaeher-via-francigena-orange\/#breadcrumb\",\"itemListElement\":[{\"@type\":\"ListItem\",\"position\":1,\"name\":\"Home\",\"item\":\"https:\/\/www.slowshop.eu\/de\/\"},{\"@type\":\"ListItem\",\"position\":2,\"name\":\"Cataloge\",\"item\":\"https:\/\/www.slowshop.eu\/catalogo\/\"},{\"@type\":\"ListItem\",\"position\":3,\"name\":\"Gestickter Aufn\u00e4her Via Francigena Orange\"}]},{\"@type\":\"WebSite\",\"@id\":\"https:\/\/www.slowshop.eu\/de\/#website\",\"url\":\"https:\/\/www.slowshop.eu\/de\/\",\"name\":\"SlowShop\",\"description\":\"Vie Francigene Shop\",\"publisher\":{\"@id\":\"https:\/\/www.slowshop.eu\/de\/#organization\"},\"potentialAction\":[{\"@type\":\"SearchAction\",\"target\":{\"@type\":\"EntryPoint\",\"urlTemplate\":\"https:\/\/www.slowshop.eu\/de\/?s={search_term_string}\"},\"query-input\":{\"@type\":\"PropertyValueSpecification\",\"valueRequired\":true,\"valueName\":\"search_term_string\"}}],\"inLanguage\":\"de\"},{\"@type\":\"Organization\",\"@id\":\"https:\/\/www.slowshop.eu\/de\/#organization\",\"name\":\"SlowShop\",\"url\":\"https:\/\/www.slowshop.eu\/de\/\",\"logo\":{\"@type\":\"ImageObject\",\"inLanguage\":\"de\",\"@id\":\"https:\/\/www.slowshop.eu\/de\/#\/schema\/logo\/image\/\",\"url\":\"https:\/\/www.slowshop.eu\/wp-content\/uploads\/2024\/07\/cropped-immagine-1.png\",\"contentUrl\":\"https:\/\/www.slowshop.eu\/wp-content\/uploads\/2024\/07\/cropped-immagine-1.png\",\"width\":512,\"height\":512,\"caption\":\"SlowShop\"},\"image\":{\"@id\":\"https:\/\/www.slowshop.eu\/de\/#\/schema\/logo\/image\/\"}}]}<\/script>\n<!-- \/ Yoast SEO plugin. -->","yoast_head_json":{"title":"Gestickter Aufn\u00e4her Via Francigena Orange - Slowshop","description":"Kaufe deine Gestickter Aufn\u00e4her Via Francigena Orange. Aus orangefarbenem Veloursstoff mit schwarzen Stickereien, zum N\u00e4hen oder B\u00fcgeln geeignet","robots":{"index":"index","follow":"follow","max-snippet":"max-snippet:-1","max-image-preview":"max-image-preview:large","max-video-preview":"max-video-preview:-1"},"canonical":"https:\/\/www.slowshop.eu\/de\/produkt\/gestickter-aufnaeher-via-francigena-orange\/","og_locale":"de_DE","og_type":"article","og_title":"Gestickter Aufn\u00e4her Via Francigena Orange - Slowshop","og_description":"Kaufe deine Gestickter Aufn\u00e4her Via Francigena Orange. Aus orangefarbenem Veloursstoff mit schwarzen Stickereien, zum N\u00e4hen oder B\u00fcgeln geeignet","og_url":"https:\/\/www.slowshop.eu\/de\/produkt\/gestickter-aufnaeher-via-francigena-orange\/","og_site_name":"Slowshop","article_modified_time":"2026-02-19T16:17:56+00:00","og_image":[{"width":600,"height":750,"url":"https:\/\/www.slowshop.eu\/wp-content\/uploads\/2021\/05\/Toppe-VIA-FRANCIGENA-2.png","type":"image\/png"}],"twitter_card":"summary_large_image","twitter_misc":{"Gesch\u00e4tzte Lesezeit":"2\u00a0Minuten"},"schema":{"@context":"https:\/\/schema.org","@graph":[{"@type":"WebPage","@id":"https:\/\/www.slowshop.eu\/de\/produkt\/gestickter-aufnaeher-via-francigena-orange\/","url":"https:\/\/www.slowshop.eu\/de\/produkt\/gestickter-aufnaeher-via-francigena-orange\/","name":"Gestickter Aufn\u00e4her Via Francigena Orange - Slowshop","isPartOf":{"@id":"https:\/\/www.slowshop.eu\/de\/#website"},"primaryImageOfPage":{"@id":"https:\/\/www.slowshop.eu\/de\/produkt\/gestickter-aufnaeher-via-francigena-orange\/#primaryimage"},"image":{"@id":"https:\/\/www.slowshop.eu\/de\/produkt\/gestickter-aufnaeher-via-francigena-orange\/#primaryimage"},"thumbnailUrl":"https:\/\/www.slowshop.eu\/wp-content\/uploads\/2021\/05\/Toppe-VIA-FRANCIGENA-2.png","datePublished":"2021-05-13T11:45:00+00:00","dateModified":"2026-02-19T16:17:56+00:00","description":"Kaufe deine Gestickter Aufn\u00e4her Via Francigena Orange. Aus orangefarbenem Veloursstoff mit schwarzen Stickereien, zum N\u00e4hen oder B\u00fcgeln geeignet","breadcrumb":{"@id":"https:\/\/www.slowshop.eu\/de\/produkt\/gestickter-aufnaeher-via-francigena-orange\/#breadcrumb"},"inLanguage":"de","potentialAction":[{"@type":"ReadAction","target":["https:\/\/www.slowshop.eu\/de\/produkt\/gestickter-aufnaeher-via-francigena-orange\/"]}]},{"@type":"ImageObject","inLanguage":"de","@id":"https:\/\/www.slowshop.eu\/de\/produkt\/gestickter-aufnaeher-via-francigena-orange\/#primaryimage","url":"https:\/\/www.slowshop.eu\/wp-content\/uploads\/2021\/05\/Toppe-VIA-FRANCIGENA-2.png","contentUrl":"https:\/\/www.slowshop.eu\/wp-content\/uploads\/2021\/05\/Toppe-VIA-FRANCIGENA-2.png","width":600,"height":750,"caption":"Toppa ricamata Via Francigena Arancione"},{"@type":"BreadcrumbList","@id":"https:\/\/www.slowshop.eu\/de\/produkt\/gestickter-aufnaeher-via-francigena-orange\/#breadcrumb","itemListElement":[{"@type":"ListItem","position":1,"name":"Home","item":"https:\/\/www.slowshop.eu\/de\/"},{"@type":"ListItem","position":2,"name":"Cataloge","item":"https:\/\/www.slowshop.eu\/catalogo\/"},{"@type":"ListItem","position":3,"name":"Gestickter Aufn\u00e4her Via Francigena Orange"}]},{"@type":"WebSite","@id":"https:\/\/www.slowshop.eu\/de\/#website","url":"https:\/\/www.slowshop.eu\/de\/","name":"SlowShop","description":"Vie Francigene Shop","publisher":{"@id":"https:\/\/www.slowshop.eu\/de\/#organization"},"potentialAction":[{"@type":"SearchAction","target":{"@type":"EntryPoint","urlTemplate":"https:\/\/www.slowshop.eu\/de\/?s={search_term_string}"},"query-input":{"@type":"PropertyValueSpecification","valueRequired":true,"valueName":"search_term_string"}}],"inLanguage":"de"},{"@type":"Organization","@id":"https:\/\/www.slowshop.eu\/de\/#organization","name":"SlowShop","url":"https:\/\/www.slowshop.eu\/de\/","logo":{"@type":"ImageObject","inLanguage":"de","@id":"https:\/\/www.slowshop.eu\/de\/#\/schema\/logo\/image\/","url":"https:\/\/www.slowshop.eu\/wp-content\/uploads\/2024\/07\/cropped-immagine-1.png","contentUrl":"https:\/\/www.slowshop.eu\/wp-content\/uploads\/2024\/07\/cropped-immagine-1.png","width":512,"height":512,"caption":"SlowShop"},"image":{"@id":"https:\/\/www.slowshop.eu\/de\/#\/schema\/logo\/image\/"}}]}},"_links":{"self":[{"href":"https:\/\/www.slowshop.eu\/de\/wp-json\/wp\/v2\/product\/8439","targetHints":{"allow":["GET"]}}],"collection":[{"href":"https:\/\/www.slowshop.eu\/de\/wp-json\/wp\/v2\/product"}],"about":[{"href":"https:\/\/www.slowshop.eu\/de\/wp-json\/wp\/v2\/types\/product"}],"wp:featuredmedia":[{"embeddable":true,"href":"https:\/\/www.slowshop.eu\/de\/wp-json\/wp\/v2\/media\/5548"}],"wp:attachment":[{"href":"https:\/\/www.slowshop.eu\/de\/wp-json\/wp\/v2\/media?parent=8439"}],"wp:term":[{"taxonomy":"product_brand","embeddable":true,"href":"https:\/\/www.slowshop.eu\/de\/wp-json\/wp\/v2\/product_brand?post=8439"},{"taxonomy":"product_cat","embeddable":true,"href":"https:\/\/www.slowshop.eu\/de\/wp-json\/wp\/v2\/product_cat?post=8439"},{"taxonomy":"product_tag","embeddable":true,"href":"https:\/\/www.slowshop.eu\/de\/wp-json\/wp\/v2\/product_tag?post=8439"}],"curies":[{"name":"wp","href":"https:\/\/api.w.org\/{rel}","templated":true}]}}