{"id":8444,"date":"2022-02-16T14:46:11","date_gmt":"2022-02-16T13:46:11","guid":{"rendered":"https:\/\/www.slowshop.eu\/product\/wolle-und-seidenstrase-pilgrimpass\/"},"modified":"2022-02-16T14:46:11","modified_gmt":"2022-02-16T13:46:11","slug":"wolle-und-seidenstrase-pilgrimpass","status":"publish","type":"product","link":"https:\/\/www.slowshop.eu\/de\/produkt\/wolle-und-seidenstrase-pilgrimpass\/","title":{"rendered":"Wolle und Seidenstra\u00dfe &#8211; pilgrimpass"},"content":{"rendered":"<h3>Wolle und Seidenstra\u00dfe &#8211; pilgrimpass<\/h3>\n<p>Die Via della Lana e della Seta &#8211; Credential ist das ideale Hilfsmittel, um Ihre Reise zu Fu\u00df von Bologna nach Prato zu unternehmen.<\/p>\n<p>Kaufen Sie auch den Woll- und Seidenstra\u00dfenf\u00fchrer auf Italienisch! &#8222;Eine lange Wanderung, 130 km, aufgeteilt in 6 Etappen, von Bologna nach Prato, mit ebenso vielen \u00dcbernachtungen in den kleinen l\u00e4ndlichen D\u00f6rfern, die \u00fcber die H\u00fcgel und Berge verstreut sind. Eine Reise zu Fu\u00df durch die Vergangenheit und die j\u00fcngste Geschichte der beiden St\u00e4dte, um ihre alte Berufung zu entdecken: die Woll- und Seidenindustrie. Eine au\u00dfergew\u00f6hnliche Erfahrung entlang einer Route von gro\u00dfer Sch\u00f6nheit, die seit der Antike die beiden Seiten des toskanisch-emilianischen Apennins verbindet&#8230;&#8220;<\/p>\n<p>Machen Sie Ihr Foto und folgen Sie unserer Seite <a href=\"https:\/\/www.instagram.com\/sloways_travels\/\">@sloways_travel<\/a> auf Instagram mit dem Hashtag #spassolento.<\/p>\n<h2><strong>Urlaub mit uns<\/strong><\/h2>\n<p>Buchen Sie Ihre Wanderung auf der Via Francigena mit Ihrem Pilgerausweis,\u00a0<a href=\"https:\/\/www.sloways.eu\/tema_via-francigena\">hier klicken.<\/a><\/p>\n<p>&nbsp;<\/p>\n","protected":false},"excerpt":{"rendered":"<p>Die Via della Lana e della Seta &#8211; Credential, ist das unverzichtbare Hilfsmittel, um Ihre Reise zu Fu\u00df von Bologna nach Prato zu unternehmen.<\/p>\n","protected":false},"featured_media":6078,"template":"","meta":{"_monsterinsights_skip_tracking":false,"_monsterinsights_sitenote_active":false,"_monsterinsights_sitenote_note":"","_monsterinsights_sitenote_category":0},"product_brand":[],"product_cat":[132],"product_tag":[],"class_list":{"0":"post-8444","1":"product","2":"type-product","3":"status-publish","4":"has-post-thumbnail","6":"product_cat-guide-e-credenziali-de","7":"tm-no-options","9":"first","10":"outofstock","11":"taxable","12":"shipping-taxable","13":"purchasable","14":"product-type-simple"},"bundle_layout":"","bundle_add_to_cart_form_location":"","bundle_editable_in_cart":false,"bundle_sold_individually_context":"","bundle_item_grouping":"","bundle_min_size":"","bundle_max_size":"","bundled_by":[],"bundled_items":[],"yoast_head":"<!-- This site is optimized with the Yoast SEO plugin v26.2 - https:\/\/yoast.com\/wordpress\/plugins\/seo\/ -->\n<title>Wolle und Seidenstra\u00dfe - pilgrimpass - Slowshop<\/title>\n<meta name=\"description\" content=\"Kaufen Sie den Ausweis der Via della Lana e della Seta, der Sie auf einer 130 km langen Wanderung in 6 Etappen von Bologna nach Prato begleitet\" \/>\n<meta name=\"robots\" content=\"index, follow, max-snippet:-1, max-image-preview:large, max-video-preview:-1\" \/>\n<link rel=\"canonical\" href=\"https:\/\/www.slowshop.eu\/de\/produkt\/wolle-und-seidenstrase-pilgrimpass\/\" \/>\n<meta property=\"og:locale\" content=\"de_DE\" \/>\n<meta property=\"og:type\" content=\"article\" \/>\n<meta property=\"og:title\" content=\"Wolle und Seidenstra\u00dfe - pilgrimpass - Slowshop\" \/>\n<meta property=\"og:description\" content=\"Kaufen Sie den Ausweis der Via della Lana e della Seta, der Sie auf einer 130 km langen Wanderung in 6 Etappen von Bologna nach Prato begleitet\" \/>\n<meta property=\"og:url\" content=\"https:\/\/www.slowshop.eu\/de\/produkt\/wolle-und-seidenstrase-pilgrimpass\/\" \/>\n<meta property=\"og:site_name\" content=\"Slowshop\" \/>\n<meta property=\"og:image\" content=\"https:\/\/www.slowshop.eu\/wp-content\/uploads\/2022\/02\/4-1.png\" \/>\n\t<meta property=\"og:image:width\" content=\"600\" \/>\n\t<meta property=\"og:image:height\" content=\"750\" \/>\n\t<meta property=\"og:image:type\" content=\"image\/png\" \/>\n<meta name=\"twitter:card\" content=\"summary_large_image\" \/>\n<meta name=\"twitter:label1\" content=\"Gesch\u00e4tzte Lesezeit\" \/>\n\t<meta name=\"twitter:data1\" content=\"1\u00a0Minute\" \/>\n<script type=\"application\/ld+json\" class=\"yoast-schema-graph\">{\"@context\":\"https:\/\/schema.org\",\"@graph\":[{\"@type\":\"WebPage\",\"@id\":\"https:\/\/www.slowshop.eu\/de\/produkt\/wolle-und-seidenstrase-pilgrimpass\/\",\"url\":\"https:\/\/www.slowshop.eu\/de\/produkt\/wolle-und-seidenstrase-pilgrimpass\/\",\"name\":\"Wolle und Seidenstra\u00dfe - pilgrimpass - Slowshop\",\"isPartOf\":{\"@id\":\"https:\/\/www.slowshop.eu\/de\/#website\"},\"primaryImageOfPage\":{\"@id\":\"https:\/\/www.slowshop.eu\/de\/produkt\/wolle-und-seidenstrase-pilgrimpass\/#primaryimage\"},\"image\":{\"@id\":\"https:\/\/www.slowshop.eu\/de\/produkt\/wolle-und-seidenstrase-pilgrimpass\/#primaryimage\"},\"thumbnailUrl\":\"https:\/\/www.slowshop.eu\/wp-content\/uploads\/2022\/02\/4-1.png\",\"datePublished\":\"2022-02-16T13:46:11+00:00\",\"description\":\"Kaufen Sie den Ausweis der Via della Lana e della Seta, der Sie auf einer 130 km langen Wanderung in 6 Etappen von Bologna nach Prato begleitet\",\"breadcrumb\":{\"@id\":\"https:\/\/www.slowshop.eu\/de\/produkt\/wolle-und-seidenstrase-pilgrimpass\/#breadcrumb\"},\"inLanguage\":\"de\",\"potentialAction\":[{\"@type\":\"ReadAction\",\"target\":[\"https:\/\/www.slowshop.eu\/de\/produkt\/wolle-und-seidenstrase-pilgrimpass\/\"]}]},{\"@type\":\"ImageObject\",\"inLanguage\":\"de\",\"@id\":\"https:\/\/www.slowshop.eu\/de\/produkt\/wolle-und-seidenstrase-pilgrimpass\/#primaryimage\",\"url\":\"https:\/\/www.slowshop.eu\/wp-content\/uploads\/2022\/02\/4-1.png\",\"contentUrl\":\"https:\/\/www.slowshop.eu\/wp-content\/uploads\/2022\/02\/4-1.png\",\"width\":600,\"height\":750},{\"@type\":\"BreadcrumbList\",\"@id\":\"https:\/\/www.slowshop.eu\/de\/produkt\/wolle-und-seidenstrase-pilgrimpass\/#breadcrumb\",\"itemListElement\":[{\"@type\":\"ListItem\",\"position\":1,\"name\":\"Home\",\"item\":\"https:\/\/www.slowshop.eu\/de\/\"},{\"@type\":\"ListItem\",\"position\":2,\"name\":\"Cataloge\",\"item\":\"https:\/\/www.slowshop.eu\/catalogo\/\"},{\"@type\":\"ListItem\",\"position\":3,\"name\":\"Wolle und Seidenstra\u00dfe &#8211; pilgrimpass\"}]},{\"@type\":\"WebSite\",\"@id\":\"https:\/\/www.slowshop.eu\/de\/#website\",\"url\":\"https:\/\/www.slowshop.eu\/de\/\",\"name\":\"SlowShop\",\"description\":\"Vie Francigene Shop\",\"publisher\":{\"@id\":\"https:\/\/www.slowshop.eu\/de\/#organization\"},\"potentialAction\":[{\"@type\":\"SearchAction\",\"target\":{\"@type\":\"EntryPoint\",\"urlTemplate\":\"https:\/\/www.slowshop.eu\/de\/?s={search_term_string}\"},\"query-input\":{\"@type\":\"PropertyValueSpecification\",\"valueRequired\":true,\"valueName\":\"search_term_string\"}}],\"inLanguage\":\"de\"},{\"@type\":\"Organization\",\"@id\":\"https:\/\/www.slowshop.eu\/de\/#organization\",\"name\":\"SlowShop\",\"url\":\"https:\/\/www.slowshop.eu\/de\/\",\"logo\":{\"@type\":\"ImageObject\",\"inLanguage\":\"de\",\"@id\":\"https:\/\/www.slowshop.eu\/de\/#\/schema\/logo\/image\/\",\"url\":\"https:\/\/www.slowshop.eu\/wp-content\/uploads\/2024\/07\/cropped-immagine-1.png\",\"contentUrl\":\"https:\/\/www.slowshop.eu\/wp-content\/uploads\/2024\/07\/cropped-immagine-1.png\",\"width\":512,\"height\":512,\"caption\":\"SlowShop\"},\"image\":{\"@id\":\"https:\/\/www.slowshop.eu\/de\/#\/schema\/logo\/image\/\"}}]}<\/script>\n<!-- \/ Yoast SEO plugin. -->","yoast_head_json":{"title":"Wolle und Seidenstra\u00dfe - pilgrimpass - Slowshop","description":"Kaufen Sie den Ausweis der Via della Lana e della Seta, der Sie auf einer 130 km langen Wanderung in 6 Etappen von Bologna nach Prato begleitet","robots":{"index":"index","follow":"follow","max-snippet":"max-snippet:-1","max-image-preview":"max-image-preview:large","max-video-preview":"max-video-preview:-1"},"canonical":"https:\/\/www.slowshop.eu\/de\/produkt\/wolle-und-seidenstrase-pilgrimpass\/","og_locale":"de_DE","og_type":"article","og_title":"Wolle und Seidenstra\u00dfe - pilgrimpass - Slowshop","og_description":"Kaufen Sie den Ausweis der Via della Lana e della Seta, der Sie auf einer 130 km langen Wanderung in 6 Etappen von Bologna nach Prato begleitet","og_url":"https:\/\/www.slowshop.eu\/de\/produkt\/wolle-und-seidenstrase-pilgrimpass\/","og_site_name":"Slowshop","og_image":[{"width":600,"height":750,"url":"https:\/\/www.slowshop.eu\/wp-content\/uploads\/2022\/02\/4-1.png","type":"image\/png"}],"twitter_card":"summary_large_image","twitter_misc":{"Gesch\u00e4tzte Lesezeit":"1\u00a0Minute"},"schema":{"@context":"https:\/\/schema.org","@graph":[{"@type":"WebPage","@id":"https:\/\/www.slowshop.eu\/de\/produkt\/wolle-und-seidenstrase-pilgrimpass\/","url":"https:\/\/www.slowshop.eu\/de\/produkt\/wolle-und-seidenstrase-pilgrimpass\/","name":"Wolle und Seidenstra\u00dfe - pilgrimpass - Slowshop","isPartOf":{"@id":"https:\/\/www.slowshop.eu\/de\/#website"},"primaryImageOfPage":{"@id":"https:\/\/www.slowshop.eu\/de\/produkt\/wolle-und-seidenstrase-pilgrimpass\/#primaryimage"},"image":{"@id":"https:\/\/www.slowshop.eu\/de\/produkt\/wolle-und-seidenstrase-pilgrimpass\/#primaryimage"},"thumbnailUrl":"https:\/\/www.slowshop.eu\/wp-content\/uploads\/2022\/02\/4-1.png","datePublished":"2022-02-16T13:46:11+00:00","description":"Kaufen Sie den Ausweis der Via della Lana e della Seta, der Sie auf einer 130 km langen Wanderung in 6 Etappen von Bologna nach Prato begleitet","breadcrumb":{"@id":"https:\/\/www.slowshop.eu\/de\/produkt\/wolle-und-seidenstrase-pilgrimpass\/#breadcrumb"},"inLanguage":"de","potentialAction":[{"@type":"ReadAction","target":["https:\/\/www.slowshop.eu\/de\/produkt\/wolle-und-seidenstrase-pilgrimpass\/"]}]},{"@type":"ImageObject","inLanguage":"de","@id":"https:\/\/www.slowshop.eu\/de\/produkt\/wolle-und-seidenstrase-pilgrimpass\/#primaryimage","url":"https:\/\/www.slowshop.eu\/wp-content\/uploads\/2022\/02\/4-1.png","contentUrl":"https:\/\/www.slowshop.eu\/wp-content\/uploads\/2022\/02\/4-1.png","width":600,"height":750},{"@type":"BreadcrumbList","@id":"https:\/\/www.slowshop.eu\/de\/produkt\/wolle-und-seidenstrase-pilgrimpass\/#breadcrumb","itemListElement":[{"@type":"ListItem","position":1,"name":"Home","item":"https:\/\/www.slowshop.eu\/de\/"},{"@type":"ListItem","position":2,"name":"Cataloge","item":"https:\/\/www.slowshop.eu\/catalogo\/"},{"@type":"ListItem","position":3,"name":"Wolle und Seidenstra\u00dfe &#8211; pilgrimpass"}]},{"@type":"WebSite","@id":"https:\/\/www.slowshop.eu\/de\/#website","url":"https:\/\/www.slowshop.eu\/de\/","name":"SlowShop","description":"Vie Francigene Shop","publisher":{"@id":"https:\/\/www.slowshop.eu\/de\/#organization"},"potentialAction":[{"@type":"SearchAction","target":{"@type":"EntryPoint","urlTemplate":"https:\/\/www.slowshop.eu\/de\/?s={search_term_string}"},"query-input":{"@type":"PropertyValueSpecification","valueRequired":true,"valueName":"search_term_string"}}],"inLanguage":"de"},{"@type":"Organization","@id":"https:\/\/www.slowshop.eu\/de\/#organization","name":"SlowShop","url":"https:\/\/www.slowshop.eu\/de\/","logo":{"@type":"ImageObject","inLanguage":"de","@id":"https:\/\/www.slowshop.eu\/de\/#\/schema\/logo\/image\/","url":"https:\/\/www.slowshop.eu\/wp-content\/uploads\/2024\/07\/cropped-immagine-1.png","contentUrl":"https:\/\/www.slowshop.eu\/wp-content\/uploads\/2024\/07\/cropped-immagine-1.png","width":512,"height":512,"caption":"SlowShop"},"image":{"@id":"https:\/\/www.slowshop.eu\/de\/#\/schema\/logo\/image\/"}}]}},"_links":{"self":[{"href":"https:\/\/www.slowshop.eu\/de\/wp-json\/wp\/v2\/product\/8444","targetHints":{"allow":["GET"]}}],"collection":[{"href":"https:\/\/www.slowshop.eu\/de\/wp-json\/wp\/v2\/product"}],"about":[{"href":"https:\/\/www.slowshop.eu\/de\/wp-json\/wp\/v2\/types\/product"}],"wp:featuredmedia":[{"embeddable":true,"href":"https:\/\/www.slowshop.eu\/de\/wp-json\/wp\/v2\/media\/6078"}],"wp:attachment":[{"href":"https:\/\/www.slowshop.eu\/de\/wp-json\/wp\/v2\/media?parent=8444"}],"wp:term":[{"taxonomy":"product_brand","embeddable":true,"href":"https:\/\/www.slowshop.eu\/de\/wp-json\/wp\/v2\/product_brand?post=8444"},{"taxonomy":"product_cat","embeddable":true,"href":"https:\/\/www.slowshop.eu\/de\/wp-json\/wp\/v2\/product_cat?post=8444"},{"taxonomy":"product_tag","embeddable":true,"href":"https:\/\/www.slowshop.eu\/de\/wp-json\/wp\/v2\/product_tag?post=8444"}],"curies":[{"name":"wp","href":"https:\/\/api.w.org\/{rel}","templated":true}]}}