{"id":8454,"date":"2021-06-10T09:34:41","date_gmt":"2021-06-10T07:34:41","guid":{"rendered":"https:\/\/www.slowshop.eu\/product\/plakat-via-francigena\/"},"modified":"2024-12-01T15:16:09","modified_gmt":"2024-12-01T14:16:09","slug":"plakat-via-francigena","status":"publish","type":"product","link":"https:\/\/www.slowshop.eu\/de\/produkt\/plakat-via-francigena\/","title":{"rendered":"Plakat Via Francigena"},"content":{"rendered":"<h3>Plakat Via Francigena<\/h3>\n<p><strong>Das Poster der Via francigena ist ein Aquarell mit den H\u00f6hepunkten der mittelalterlichen Wanderung, die 3200 km quer durch Europa f\u00fchrt.<\/strong><\/p>\n<p>Es handelt sich um eine Vintage-Karte des Weges, auf der f\u00fcnfundzwanzig der ber\u00fchmtesten Sehensw\u00fcrdigkeiten und dazugeh\u00f6rigen Denkm\u00e4ler dargestellt wurden. Die Reise beginnt am Canterbury Cathedral, einer der \u00e4ltesten St\u00e4dte Englands und dem Startpunkt der <a href=\"https:\/\/www.sloways.eu\/tema_via-francigena\">Via Francigena<\/a>, f\u00fchrt dann nach Frankreich \u00fcber Reims und Champlitte mit seinem Ch\u00e2teau. Die Route setzt sich fort zur Notre Dame von Lausanne in der Schweiz, erreicht Italien \u00fcber den Gro\u00dfen Sankt Bernhard-Pass und f\u00fchrt von dort aus die gesamte Halbinsel von Norden nach S\u00fcden bis nach Apulien durch.<\/p>\n<p>Es gibt viele Orte, die ihre architektonischen Sch\u00e4tze zeigen und Geschichten zu erz\u00e4hlen haben. Die symboltr\u00e4chtige Stadt am Ende des Weges, Rom, thront im Zentrum der Halbinsel und ist mit dem Petersdom dargestellt. Und das k\u00f6nnte nicht anders sein. Vor \u00fcber tausend Jahren beendete Sigeric hier seine Reise, und genau in den R\u00e4umlichkeiten in der N\u00e4he des Grabes des Gr\u00fcnders der katholischen Kirche kann der Pilger heute sein Testimonium erhalten.<\/p>\n<p>Ein feierliches Poster, eine Erinnerung f\u00fcr die Pilger, die einen Teil der Strecke zur\u00fcckgelegt haben, und ein Wunsch f\u00fcr diejenigen, die sich darauf vorbereiten, sie zu durchqueren. Ein Grund zur Freude f\u00fcr alle Gemeinden, die durch sie hindurchgehen und die nun die M\u00f6glichkeit haben, die Route repr\u00e4sentiert zu sehen, die nicht nur physisch, sondern auch und vor allem kulturell ist.<\/p>\n<p>Das Projekt ist nicht nur ein einfaches Poster, sondern ein Objekt voller Bedeutung, das den Europ\u00e4ismus der Via Francigena und ihre vereinigende Kraft kommuniziert.<\/p>\n<p><strong><span style=\"font-family: 'Calibri',sans-serif;\">Besitzen Sie bereits den Pilgerausweis?<\/span><\/strong><b><\/b><br \/>\nDer Pilgerausweis ist der &#8222;Reisepass&#8220; des Pilgers. Es bescheinigt die Identit\u00e4t und die Beweggr\u00fcnde des Reisenden und ist ein unverzichtbares Instrument. <a href=\"https:\/\/www.slowshop.eu\/prodotto\/credenziale-del-pellegrino-via-francigena\/\"><strong><span style=\"font-family: 'Calibri',sans-serif; color: #e06100; text-decoration: none; text-underline: none;\">Sie k\u00f6nnen es hier kaufen.<\/span><\/strong><\/a><\/p>\n<h2><strong>Reise mit uns<\/strong><\/h2>\n<p>Jetzt, wo Sie Ihren offiziellen Ausweis haben, m\u00fcssen Sie nur noch Ihre Reise entlang der <a href=\"https:\/\/www.sloways.eu\/tema_via-francigena\">Via Francigena<\/a> buchen. Wenn Sie auf unserer Website buchen, erhalten Sie vollst\u00e4ndige Unterlagen f\u00fcr Ihre Reise. Wir bieten Ihnen eine 24-Stunden-Betreuung und buchen traumhafte Unterk\u00fcnfte f\u00fcr Ihren Aufenthalt, damit Ihr Urlaub zu einem unvergesslichen Erlebnis wird. Um uns zu kontaktieren, schreiben Sie eine E-Mail an <a href=\"mailto:info@sloways.eu\">info@sloways.eu<\/a> oder besuchen <a href=\"https:\/\/www.sloways.eu\/contatti\">Sie die Seite.<\/a><\/p>\n","protected":false},"excerpt":{"rendered":"<p>Ein Aquarell im mittelalterlichen Stil feiert die Highlights der Via Francigena und die 3200 km lange Strecke durch Europa. Gr\u00f6\u00dfe: 50&#215;70 cm.<\/p>\n","protected":false},"featured_media":8456,"template":"","meta":{"_monsterinsights_skip_tracking":false,"_monsterinsights_sitenote_active":false,"_monsterinsights_sitenote_note":"","_monsterinsights_sitenote_category":0},"product_brand":[],"product_cat":[157],"product_tag":[151],"class_list":{"0":"post-8454","1":"product","2":"type-product","3":"status-publish","4":"has-post-thumbnail","6":"product_cat-uncategorized-de","7":"product_tag-via-francigena-de","8":"tm-no-options","10":"first","11":"instock","12":"taxable","13":"shipping-taxable","14":"purchasable","15":"product-type-simple"},"bundle_layout":"","bundle_add_to_cart_form_location":"","bundle_editable_in_cart":false,"bundle_sold_individually_context":"","bundle_item_grouping":"","bundle_min_size":"","bundle_max_size":"","bundled_by":[],"bundled_items":[],"yoast_head":"<!-- This site is optimized with the Yoast SEO plugin v26.2 - https:\/\/yoast.com\/wordpress\/plugins\/seo\/ -->\n<title>Plakat Via Francigena - Slowshop<\/title>\n<meta name=\"robots\" content=\"index, follow, max-snippet:-1, max-image-preview:large, max-video-preview:-1\" \/>\n<link rel=\"canonical\" href=\"https:\/\/www.slowshop.eu\/de\/produkt\/plakat-via-francigena\/\" \/>\n<meta property=\"og:locale\" content=\"de_DE\" \/>\n<meta property=\"og:type\" content=\"article\" \/>\n<meta property=\"og:title\" content=\"Plakat Via Francigena - Slowshop\" \/>\n<meta property=\"og:description\" content=\"Ein Aquarell im mittelalterlichen Stil feiert die Highlights der Via Francigena und die 3200 km lange Strecke durch Europa. Gr\u00f6\u00dfe: 50x70 cm.\" \/>\n<meta property=\"og:url\" content=\"https:\/\/www.slowshop.eu\/de\/produkt\/plakat-via-francigena\/\" \/>\n<meta property=\"og:site_name\" content=\"Slowshop\" \/>\n<meta property=\"article:modified_time\" content=\"2024-12-01T14:16:09+00:00\" \/>\n<meta property=\"og:image\" content=\"https:\/\/www.slowshop.eu\/wp-content\/uploads\/2021\/06\/Poster-Via-Francigena.png\" \/>\n\t<meta property=\"og:image:width\" content=\"600\" \/>\n\t<meta property=\"og:image:height\" content=\"750\" \/>\n\t<meta property=\"og:image:type\" content=\"image\/png\" \/>\n<meta name=\"twitter:card\" content=\"summary_large_image\" \/>\n<meta name=\"twitter:label1\" content=\"Gesch\u00e4tzte Lesezeit\" \/>\n\t<meta name=\"twitter:data1\" content=\"2\u00a0Minuten\" \/>\n<script type=\"application\/ld+json\" class=\"yoast-schema-graph\">{\"@context\":\"https:\/\/schema.org\",\"@graph\":[{\"@type\":\"WebPage\",\"@id\":\"https:\/\/www.slowshop.eu\/de\/produkt\/plakat-via-francigena\/\",\"url\":\"https:\/\/www.slowshop.eu\/de\/produkt\/plakat-via-francigena\/\",\"name\":\"Plakat Via Francigena - Slowshop\",\"isPartOf\":{\"@id\":\"https:\/\/www.slowshop.eu\/de\/#website\"},\"primaryImageOfPage\":{\"@id\":\"https:\/\/www.slowshop.eu\/de\/produkt\/plakat-via-francigena\/#primaryimage\"},\"image\":{\"@id\":\"https:\/\/www.slowshop.eu\/de\/produkt\/plakat-via-francigena\/#primaryimage\"},\"thumbnailUrl\":\"https:\/\/www.slowshop.eu\/wp-content\/uploads\/2021\/06\/Poster-Via-Francigena.png\",\"datePublished\":\"2021-06-10T07:34:41+00:00\",\"dateModified\":\"2024-12-01T14:16:09+00:00\",\"breadcrumb\":{\"@id\":\"https:\/\/www.slowshop.eu\/de\/produkt\/plakat-via-francigena\/#breadcrumb\"},\"inLanguage\":\"de\",\"potentialAction\":[{\"@type\":\"ReadAction\",\"target\":[\"https:\/\/www.slowshop.eu\/de\/produkt\/plakat-via-francigena\/\"]}]},{\"@type\":\"ImageObject\",\"inLanguage\":\"de\",\"@id\":\"https:\/\/www.slowshop.eu\/de\/produkt\/plakat-via-francigena\/#primaryimage\",\"url\":\"https:\/\/www.slowshop.eu\/wp-content\/uploads\/2021\/06\/Poster-Via-Francigena.png\",\"contentUrl\":\"https:\/\/www.slowshop.eu\/wp-content\/uploads\/2021\/06\/Poster-Via-Francigena.png\",\"width\":600,\"height\":750},{\"@type\":\"BreadcrumbList\",\"@id\":\"https:\/\/www.slowshop.eu\/de\/produkt\/plakat-via-francigena\/#breadcrumb\",\"itemListElement\":[{\"@type\":\"ListItem\",\"position\":1,\"name\":\"Home\",\"item\":\"https:\/\/www.slowshop.eu\/de\/\"},{\"@type\":\"ListItem\",\"position\":2,\"name\":\"Cataloge\",\"item\":\"https:\/\/www.slowshop.eu\/catalogo\/\"},{\"@type\":\"ListItem\",\"position\":3,\"name\":\"Plakat Via Francigena\"}]},{\"@type\":\"WebSite\",\"@id\":\"https:\/\/www.slowshop.eu\/de\/#website\",\"url\":\"https:\/\/www.slowshop.eu\/de\/\",\"name\":\"SlowShop\",\"description\":\"Vie Francigene Shop\",\"publisher\":{\"@id\":\"https:\/\/www.slowshop.eu\/de\/#organization\"},\"potentialAction\":[{\"@type\":\"SearchAction\",\"target\":{\"@type\":\"EntryPoint\",\"urlTemplate\":\"https:\/\/www.slowshop.eu\/de\/?s={search_term_string}\"},\"query-input\":{\"@type\":\"PropertyValueSpecification\",\"valueRequired\":true,\"valueName\":\"search_term_string\"}}],\"inLanguage\":\"de\"},{\"@type\":\"Organization\",\"@id\":\"https:\/\/www.slowshop.eu\/de\/#organization\",\"name\":\"SlowShop\",\"url\":\"https:\/\/www.slowshop.eu\/de\/\",\"logo\":{\"@type\":\"ImageObject\",\"inLanguage\":\"de\",\"@id\":\"https:\/\/www.slowshop.eu\/de\/#\/schema\/logo\/image\/\",\"url\":\"https:\/\/www.slowshop.eu\/wp-content\/uploads\/2024\/07\/cropped-immagine-1.png\",\"contentUrl\":\"https:\/\/www.slowshop.eu\/wp-content\/uploads\/2024\/07\/cropped-immagine-1.png\",\"width\":512,\"height\":512,\"caption\":\"SlowShop\"},\"image\":{\"@id\":\"https:\/\/www.slowshop.eu\/de\/#\/schema\/logo\/image\/\"}}]}<\/script>\n<!-- \/ Yoast SEO plugin. -->","yoast_head_json":{"title":"Plakat Via Francigena - Slowshop","robots":{"index":"index","follow":"follow","max-snippet":"max-snippet:-1","max-image-preview":"max-image-preview:large","max-video-preview":"max-video-preview:-1"},"canonical":"https:\/\/www.slowshop.eu\/de\/produkt\/plakat-via-francigena\/","og_locale":"de_DE","og_type":"article","og_title":"Plakat Via Francigena - Slowshop","og_description":"Ein Aquarell im mittelalterlichen Stil feiert die Highlights der Via Francigena und die 3200 km lange Strecke durch Europa. Gr\u00f6\u00dfe: 50x70 cm.","og_url":"https:\/\/www.slowshop.eu\/de\/produkt\/plakat-via-francigena\/","og_site_name":"Slowshop","article_modified_time":"2024-12-01T14:16:09+00:00","og_image":[{"width":600,"height":750,"url":"https:\/\/www.slowshop.eu\/wp-content\/uploads\/2021\/06\/Poster-Via-Francigena.png","type":"image\/png"}],"twitter_card":"summary_large_image","twitter_misc":{"Gesch\u00e4tzte Lesezeit":"2\u00a0Minuten"},"schema":{"@context":"https:\/\/schema.org","@graph":[{"@type":"WebPage","@id":"https:\/\/www.slowshop.eu\/de\/produkt\/plakat-via-francigena\/","url":"https:\/\/www.slowshop.eu\/de\/produkt\/plakat-via-francigena\/","name":"Plakat Via Francigena - Slowshop","isPartOf":{"@id":"https:\/\/www.slowshop.eu\/de\/#website"},"primaryImageOfPage":{"@id":"https:\/\/www.slowshop.eu\/de\/produkt\/plakat-via-francigena\/#primaryimage"},"image":{"@id":"https:\/\/www.slowshop.eu\/de\/produkt\/plakat-via-francigena\/#primaryimage"},"thumbnailUrl":"https:\/\/www.slowshop.eu\/wp-content\/uploads\/2021\/06\/Poster-Via-Francigena.png","datePublished":"2021-06-10T07:34:41+00:00","dateModified":"2024-12-01T14:16:09+00:00","breadcrumb":{"@id":"https:\/\/www.slowshop.eu\/de\/produkt\/plakat-via-francigena\/#breadcrumb"},"inLanguage":"de","potentialAction":[{"@type":"ReadAction","target":["https:\/\/www.slowshop.eu\/de\/produkt\/plakat-via-francigena\/"]}]},{"@type":"ImageObject","inLanguage":"de","@id":"https:\/\/www.slowshop.eu\/de\/produkt\/plakat-via-francigena\/#primaryimage","url":"https:\/\/www.slowshop.eu\/wp-content\/uploads\/2021\/06\/Poster-Via-Francigena.png","contentUrl":"https:\/\/www.slowshop.eu\/wp-content\/uploads\/2021\/06\/Poster-Via-Francigena.png","width":600,"height":750},{"@type":"BreadcrumbList","@id":"https:\/\/www.slowshop.eu\/de\/produkt\/plakat-via-francigena\/#breadcrumb","itemListElement":[{"@type":"ListItem","position":1,"name":"Home","item":"https:\/\/www.slowshop.eu\/de\/"},{"@type":"ListItem","position":2,"name":"Cataloge","item":"https:\/\/www.slowshop.eu\/catalogo\/"},{"@type":"ListItem","position":3,"name":"Plakat Via Francigena"}]},{"@type":"WebSite","@id":"https:\/\/www.slowshop.eu\/de\/#website","url":"https:\/\/www.slowshop.eu\/de\/","name":"SlowShop","description":"Vie Francigene Shop","publisher":{"@id":"https:\/\/www.slowshop.eu\/de\/#organization"},"potentialAction":[{"@type":"SearchAction","target":{"@type":"EntryPoint","urlTemplate":"https:\/\/www.slowshop.eu\/de\/?s={search_term_string}"},"query-input":{"@type":"PropertyValueSpecification","valueRequired":true,"valueName":"search_term_string"}}],"inLanguage":"de"},{"@type":"Organization","@id":"https:\/\/www.slowshop.eu\/de\/#organization","name":"SlowShop","url":"https:\/\/www.slowshop.eu\/de\/","logo":{"@type":"ImageObject","inLanguage":"de","@id":"https:\/\/www.slowshop.eu\/de\/#\/schema\/logo\/image\/","url":"https:\/\/www.slowshop.eu\/wp-content\/uploads\/2024\/07\/cropped-immagine-1.png","contentUrl":"https:\/\/www.slowshop.eu\/wp-content\/uploads\/2024\/07\/cropped-immagine-1.png","width":512,"height":512,"caption":"SlowShop"},"image":{"@id":"https:\/\/www.slowshop.eu\/de\/#\/schema\/logo\/image\/"}}]}},"_links":{"self":[{"href":"https:\/\/www.slowshop.eu\/de\/wp-json\/wp\/v2\/product\/8454","targetHints":{"allow":["GET"]}}],"collection":[{"href":"https:\/\/www.slowshop.eu\/de\/wp-json\/wp\/v2\/product"}],"about":[{"href":"https:\/\/www.slowshop.eu\/de\/wp-json\/wp\/v2\/types\/product"}],"wp:featuredmedia":[{"embeddable":true,"href":"https:\/\/www.slowshop.eu\/de\/wp-json\/wp\/v2\/media\/8456"}],"wp:attachment":[{"href":"https:\/\/www.slowshop.eu\/de\/wp-json\/wp\/v2\/media?parent=8454"}],"wp:term":[{"taxonomy":"product_brand","embeddable":true,"href":"https:\/\/www.slowshop.eu\/de\/wp-json\/wp\/v2\/product_brand?post=8454"},{"taxonomy":"product_cat","embeddable":true,"href":"https:\/\/www.slowshop.eu\/de\/wp-json\/wp\/v2\/product_cat?post=8454"},{"taxonomy":"product_tag","embeddable":true,"href":"https:\/\/www.slowshop.eu\/de\/wp-json\/wp\/v2\/product_tag?post=8454"}],"curies":[{"name":"wp","href":"https:\/\/api.w.org\/{rel}","templated":true}]}}