{"id":8457,"date":"2021-05-28T11:47:05","date_gmt":"2021-05-28T09:47:05","guid":{"rendered":"https:\/\/www.slowshop.eu\/product\/gestickter-cammino-di-oropa-aufnaher\/"},"modified":"2023-10-26T16:19:02","modified_gmt":"2023-10-26T14:19:02","slug":"gestickter-cammino-di-oropa-aufnaher","status":"publish","type":"product","link":"https:\/\/www.slowshop.eu\/de\/produkt\/gestickter-cammino-di-oropa-aufnaher\/","title":{"rendered":"Gestickter Cammino di Oropa-Aufn\u00e4her"},"content":{"rendered":"<h2><strong>Gestickter Cammino di Oropa-Aufn\u00e4her.<\/strong><\/h2>\n<p>Gestickter <a href=\"https:\/\/www.sloways.eu\/il-cammino-di-oropa\"><span style=\"color: #ff6600;\">Cammino di Oropa-Aufn\u00e4her<\/span><\/a>\u00a0zum Aufkleben auf den Rucksack mit dem Symbol des Cammino.<\/p>\n<p>Der Patch ist aus gelbem Flockstoff mit schwarzen gestickten Akzenten gearbeitet. Er kann gen\u00e4ht oder geb\u00fcgelt werden.<\/p>\n<h3><strong>Entdecken Sie den Weg von Oropa<\/strong><\/h3>\n<p>Entdecken Sie jedes Detail des Weges zum beeindruckenden Heiligtum von Oropa. Eine spektakul\u00e4re Reise inmitten der Natur der Serra Morenica, zwischen den Reisfeldern der Region Vercelli und mit Blick auf die imposanten Alpen.<\/p>\n<p>Es handelt sich um eine Route, die f\u00fcr jeden geeignet ist und aus 4 bequemen Etappen besteht, ideal f\u00fcr diejenigen, die ihre ersten Erfahrungen machen, und angenehm f\u00fcr die Erfahreneren. Die Route l\u00e4sst sich in die umliegenden Routen integrieren und ist ideal f\u00fcr ein langes Wochenende.<\/p>\n<p>Der Startpunkt ist nur zwei Stunden von Mailand und Turin entfernt. Sobald man in Santhi\u00e0 aus dem Zug steigt, kann man sagen, dass die Route bereits begonnen hat. Rassa und Fontainemore sind die Zwischenetappen mit steigendem Schwierigkeitsgrad, ideal, um die eigenen Grenzen zu entdecken und zu kennen. In der Wallfahrtskirche erwartet Sie die eindrucksvolle Schwarze Madonna von Oropa, deren feierliche Kr\u00f6nung im Jahr 2020 gefeiert wird, ein hundertj\u00e4hriges Ereignis, das auf das Jahr 1620 zur\u00fcckgeht.<\/p>\n<p><strong>Unser Rat? Geh, Lass dich von deinen F\u00fc\u00dfen f\u00fchren,<\/strong> und starte deine Reise auf dem Oropa-Weg. Die <a href=\"https:\/\/www.slowshop.eu\/prodotto\/t-shirt-va-dove-ti-porta-il-piede\/\">T-Shirts<\/a> und <a href=\"https:\/\/www.slowshop.eu\/prodotto\/felpa-va-dove-ti-porta-il-piede\/\">Sweatshirts<\/a> sind in verschiedenen Farben erh\u00e4ltlich und sind unisex. Trage einen unserer Lieblingsslogans und mach dich auf zu einem unvergesslichen Urlaub. Mach ein Foto und folge unserer Seite <a href=\"https:\/\/www.instagram.com\/sloways_travels\/\">@sloways_travel  <\/a>auf Instagram mit dem Hashtag <strong>#spassolento<\/strong>!<\/p>\n<h2><strong>Reise mit uns<\/strong><\/h2>\n<p>Jetzt, da du dein offizielles gesticktes Abzeichen hast, musst du nur noch deine Reise auf dem <a href=\"https:\/\/www.sloways.eu\/il-cammino-di-oropa\"><span style=\"color: #e06100;\">Oropa-Weg<\/span><\/a> buchen. Wenn du \u00fcber unsere Website buchst, erh\u00e4ltst du die vollst\u00e4ndigen Reisedokumente, wir reservieren traumhafte Unterk\u00fcnfte f\u00fcr deine Aufenthalte, damit dein Urlaub zu einem unvergesslichen Erlebnis wird.<\/p>\n<p>Kontaktiere uns jetzt, um von den Jahresendangeboten zu profitieren!<\/p>\n<p><a href=\"https:\/\/www.sloways.eu\/contatti\"><span style=\"color: #e06100;\">Kontaktieren Sie<\/span><\/a> uns jetzt, um von den Angeboten zum Jahresende zu profitieren!<\/p>\n<p>&nbsp;<\/p>\n","protected":false},"excerpt":{"rendered":"<p>Gesticktes Patch Cammino di Oropa zum Aufn\u00e4hen auf den Rucksack mit dem Symbol des Pilgerwegs. Das Patch besteht aus gelbem Flockstoff mit schwarzen gestickten Akzenten. Es kann gen\u00e4ht oder geb\u00fcgelt werden.<\/p>\n","protected":false},"featured_media":8458,"template":"","meta":{"_monsterinsights_skip_tracking":false,"_monsterinsights_sitenote_active":false,"_monsterinsights_sitenote_note":"","_monsterinsights_sitenote_category":0},"product_brand":[],"product_cat":[],"product_tag":[],"class_list":{"0":"post-8457","1":"product","2":"type-product","3":"status-publish","4":"has-post-thumbnail","6":"tm-no-options","8":"first","9":"instock","10":"taxable","11":"shipping-taxable","12":"purchasable","13":"product-type-simple"},"bundle_layout":"","bundle_add_to_cart_form_location":"","bundle_editable_in_cart":false,"bundle_sold_individually_context":"","bundle_item_grouping":"","bundle_min_size":"","bundle_max_size":"","bundled_by":[],"bundled_items":[],"yoast_head":"<!-- This site is optimized with the Yoast SEO plugin v26.2 - https:\/\/yoast.com\/wordpress\/plugins\/seo\/ -->\n<title>Gestickter Cammino di Oropa-Aufn\u00e4her - Slowshop<\/title>\n<meta name=\"description\" content=\"Kaufen Sie den gestickten Cammino di Oropa-Aufn\u00e4her. Der Aufn\u00e4her ist aus gelbem, beflocktem Stoff mit schwarzen Akzenten gefertigt. Es kann aufgen\u00e4ht oder aufgeb\u00fcgelt werden.\" \/>\n<meta name=\"robots\" content=\"index, follow, max-snippet:-1, max-image-preview:large, max-video-preview:-1\" \/>\n<link rel=\"canonical\" href=\"https:\/\/www.slowshop.eu\/de\/produkt\/gestickter-cammino-di-oropa-aufnaher\/\" \/>\n<meta property=\"og:locale\" content=\"de_DE\" \/>\n<meta property=\"og:type\" content=\"article\" \/>\n<meta property=\"og:title\" content=\"Gestickter Cammino di Oropa-Aufn\u00e4her - Slowshop\" \/>\n<meta property=\"og:description\" content=\"Kaufen Sie den gestickten Cammino di Oropa-Aufn\u00e4her. Der Aufn\u00e4her ist aus gelbem, beflocktem Stoff mit schwarzen Akzenten gefertigt. Es kann aufgen\u00e4ht oder aufgeb\u00fcgelt werden.\" \/>\n<meta property=\"og:url\" content=\"https:\/\/www.slowshop.eu\/de\/produkt\/gestickter-cammino-di-oropa-aufnaher\/\" \/>\n<meta property=\"og:site_name\" content=\"Slowshop\" \/>\n<meta property=\"article:modified_time\" content=\"2023-10-26T14:19:02+00:00\" \/>\n<meta property=\"og:image\" content=\"https:\/\/www.slowshop.eu\/wp-content\/uploads\/2021\/05\/Toppa-Cammino-di-Oropa.png\" \/>\n\t<meta property=\"og:image:width\" content=\"600\" \/>\n\t<meta property=\"og:image:height\" content=\"750\" \/>\n\t<meta property=\"og:image:type\" content=\"image\/png\" \/>\n<meta name=\"twitter:card\" content=\"summary_large_image\" \/>\n<meta name=\"twitter:label1\" content=\"Gesch\u00e4tzte Lesezeit\" \/>\n\t<meta name=\"twitter:data1\" content=\"2\u00a0Minuten\" \/>\n<script type=\"application\/ld+json\" class=\"yoast-schema-graph\">{\"@context\":\"https:\/\/schema.org\",\"@graph\":[{\"@type\":\"WebPage\",\"@id\":\"https:\/\/www.slowshop.eu\/de\/produkt\/gestickter-cammino-di-oropa-aufnaher\/\",\"url\":\"https:\/\/www.slowshop.eu\/de\/produkt\/gestickter-cammino-di-oropa-aufnaher\/\",\"name\":\"Gestickter Cammino di Oropa-Aufn\u00e4her - Slowshop\",\"isPartOf\":{\"@id\":\"https:\/\/www.slowshop.eu\/de\/#website\"},\"primaryImageOfPage\":{\"@id\":\"https:\/\/www.slowshop.eu\/de\/produkt\/gestickter-cammino-di-oropa-aufnaher\/#primaryimage\"},\"image\":{\"@id\":\"https:\/\/www.slowshop.eu\/de\/produkt\/gestickter-cammino-di-oropa-aufnaher\/#primaryimage\"},\"thumbnailUrl\":\"https:\/\/www.slowshop.eu\/wp-content\/uploads\/2021\/05\/Toppa-Cammino-di-Oropa.png\",\"datePublished\":\"2021-05-28T09:47:05+00:00\",\"dateModified\":\"2023-10-26T14:19:02+00:00\",\"description\":\"Kaufen Sie den gestickten Cammino di Oropa-Aufn\u00e4her. Der Aufn\u00e4her ist aus gelbem, beflocktem Stoff mit schwarzen Akzenten gefertigt. Es kann aufgen\u00e4ht oder aufgeb\u00fcgelt werden.\",\"breadcrumb\":{\"@id\":\"https:\/\/www.slowshop.eu\/de\/produkt\/gestickter-cammino-di-oropa-aufnaher\/#breadcrumb\"},\"inLanguage\":\"de\",\"potentialAction\":[{\"@type\":\"ReadAction\",\"target\":[\"https:\/\/www.slowshop.eu\/de\/produkt\/gestickter-cammino-di-oropa-aufnaher\/\"]}]},{\"@type\":\"ImageObject\",\"inLanguage\":\"de\",\"@id\":\"https:\/\/www.slowshop.eu\/de\/produkt\/gestickter-cammino-di-oropa-aufnaher\/#primaryimage\",\"url\":\"https:\/\/www.slowshop.eu\/wp-content\/uploads\/2021\/05\/Toppa-Cammino-di-Oropa.png\",\"contentUrl\":\"https:\/\/www.slowshop.eu\/wp-content\/uploads\/2021\/05\/Toppa-Cammino-di-Oropa.png\",\"width\":600,\"height\":750},{\"@type\":\"BreadcrumbList\",\"@id\":\"https:\/\/www.slowshop.eu\/de\/produkt\/gestickter-cammino-di-oropa-aufnaher\/#breadcrumb\",\"itemListElement\":[{\"@type\":\"ListItem\",\"position\":1,\"name\":\"Home\",\"item\":\"https:\/\/www.slowshop.eu\/de\/\"},{\"@type\":\"ListItem\",\"position\":2,\"name\":\"Cataloge\",\"item\":\"https:\/\/www.slowshop.eu\/catalogo\/\"},{\"@type\":\"ListItem\",\"position\":3,\"name\":\"Gestickter Cammino di Oropa-Aufn\u00e4her\"}]},{\"@type\":\"WebSite\",\"@id\":\"https:\/\/www.slowshop.eu\/de\/#website\",\"url\":\"https:\/\/www.slowshop.eu\/de\/\",\"name\":\"SlowShop\",\"description\":\"Vie Francigene Shop\",\"publisher\":{\"@id\":\"https:\/\/www.slowshop.eu\/de\/#organization\"},\"potentialAction\":[{\"@type\":\"SearchAction\",\"target\":{\"@type\":\"EntryPoint\",\"urlTemplate\":\"https:\/\/www.slowshop.eu\/de\/?s={search_term_string}\"},\"query-input\":{\"@type\":\"PropertyValueSpecification\",\"valueRequired\":true,\"valueName\":\"search_term_string\"}}],\"inLanguage\":\"de\"},{\"@type\":\"Organization\",\"@id\":\"https:\/\/www.slowshop.eu\/de\/#organization\",\"name\":\"SlowShop\",\"url\":\"https:\/\/www.slowshop.eu\/de\/\",\"logo\":{\"@type\":\"ImageObject\",\"inLanguage\":\"de\",\"@id\":\"https:\/\/www.slowshop.eu\/de\/#\/schema\/logo\/image\/\",\"url\":\"https:\/\/www.slowshop.eu\/wp-content\/uploads\/2024\/07\/cropped-immagine-1.png\",\"contentUrl\":\"https:\/\/www.slowshop.eu\/wp-content\/uploads\/2024\/07\/cropped-immagine-1.png\",\"width\":512,\"height\":512,\"caption\":\"SlowShop\"},\"image\":{\"@id\":\"https:\/\/www.slowshop.eu\/de\/#\/schema\/logo\/image\/\"}}]}<\/script>\n<!-- \/ Yoast SEO plugin. -->","yoast_head_json":{"title":"Gestickter Cammino di Oropa-Aufn\u00e4her - Slowshop","description":"Kaufen Sie den gestickten Cammino di Oropa-Aufn\u00e4her. Der Aufn\u00e4her ist aus gelbem, beflocktem Stoff mit schwarzen Akzenten gefertigt. Es kann aufgen\u00e4ht oder aufgeb\u00fcgelt werden.","robots":{"index":"index","follow":"follow","max-snippet":"max-snippet:-1","max-image-preview":"max-image-preview:large","max-video-preview":"max-video-preview:-1"},"canonical":"https:\/\/www.slowshop.eu\/de\/produkt\/gestickter-cammino-di-oropa-aufnaher\/","og_locale":"de_DE","og_type":"article","og_title":"Gestickter Cammino di Oropa-Aufn\u00e4her - Slowshop","og_description":"Kaufen Sie den gestickten Cammino di Oropa-Aufn\u00e4her. Der Aufn\u00e4her ist aus gelbem, beflocktem Stoff mit schwarzen Akzenten gefertigt. Es kann aufgen\u00e4ht oder aufgeb\u00fcgelt werden.","og_url":"https:\/\/www.slowshop.eu\/de\/produkt\/gestickter-cammino-di-oropa-aufnaher\/","og_site_name":"Slowshop","article_modified_time":"2023-10-26T14:19:02+00:00","og_image":[{"width":600,"height":750,"url":"https:\/\/www.slowshop.eu\/wp-content\/uploads\/2021\/05\/Toppa-Cammino-di-Oropa.png","type":"image\/png"}],"twitter_card":"summary_large_image","twitter_misc":{"Gesch\u00e4tzte Lesezeit":"2\u00a0Minuten"},"schema":{"@context":"https:\/\/schema.org","@graph":[{"@type":"WebPage","@id":"https:\/\/www.slowshop.eu\/de\/produkt\/gestickter-cammino-di-oropa-aufnaher\/","url":"https:\/\/www.slowshop.eu\/de\/produkt\/gestickter-cammino-di-oropa-aufnaher\/","name":"Gestickter Cammino di Oropa-Aufn\u00e4her - Slowshop","isPartOf":{"@id":"https:\/\/www.slowshop.eu\/de\/#website"},"primaryImageOfPage":{"@id":"https:\/\/www.slowshop.eu\/de\/produkt\/gestickter-cammino-di-oropa-aufnaher\/#primaryimage"},"image":{"@id":"https:\/\/www.slowshop.eu\/de\/produkt\/gestickter-cammino-di-oropa-aufnaher\/#primaryimage"},"thumbnailUrl":"https:\/\/www.slowshop.eu\/wp-content\/uploads\/2021\/05\/Toppa-Cammino-di-Oropa.png","datePublished":"2021-05-28T09:47:05+00:00","dateModified":"2023-10-26T14:19:02+00:00","description":"Kaufen Sie den gestickten Cammino di Oropa-Aufn\u00e4her. Der Aufn\u00e4her ist aus gelbem, beflocktem Stoff mit schwarzen Akzenten gefertigt. Es kann aufgen\u00e4ht oder aufgeb\u00fcgelt werden.","breadcrumb":{"@id":"https:\/\/www.slowshop.eu\/de\/produkt\/gestickter-cammino-di-oropa-aufnaher\/#breadcrumb"},"inLanguage":"de","potentialAction":[{"@type":"ReadAction","target":["https:\/\/www.slowshop.eu\/de\/produkt\/gestickter-cammino-di-oropa-aufnaher\/"]}]},{"@type":"ImageObject","inLanguage":"de","@id":"https:\/\/www.slowshop.eu\/de\/produkt\/gestickter-cammino-di-oropa-aufnaher\/#primaryimage","url":"https:\/\/www.slowshop.eu\/wp-content\/uploads\/2021\/05\/Toppa-Cammino-di-Oropa.png","contentUrl":"https:\/\/www.slowshop.eu\/wp-content\/uploads\/2021\/05\/Toppa-Cammino-di-Oropa.png","width":600,"height":750},{"@type":"BreadcrumbList","@id":"https:\/\/www.slowshop.eu\/de\/produkt\/gestickter-cammino-di-oropa-aufnaher\/#breadcrumb","itemListElement":[{"@type":"ListItem","position":1,"name":"Home","item":"https:\/\/www.slowshop.eu\/de\/"},{"@type":"ListItem","position":2,"name":"Cataloge","item":"https:\/\/www.slowshop.eu\/catalogo\/"},{"@type":"ListItem","position":3,"name":"Gestickter Cammino di Oropa-Aufn\u00e4her"}]},{"@type":"WebSite","@id":"https:\/\/www.slowshop.eu\/de\/#website","url":"https:\/\/www.slowshop.eu\/de\/","name":"SlowShop","description":"Vie Francigene Shop","publisher":{"@id":"https:\/\/www.slowshop.eu\/de\/#organization"},"potentialAction":[{"@type":"SearchAction","target":{"@type":"EntryPoint","urlTemplate":"https:\/\/www.slowshop.eu\/de\/?s={search_term_string}"},"query-input":{"@type":"PropertyValueSpecification","valueRequired":true,"valueName":"search_term_string"}}],"inLanguage":"de"},{"@type":"Organization","@id":"https:\/\/www.slowshop.eu\/de\/#organization","name":"SlowShop","url":"https:\/\/www.slowshop.eu\/de\/","logo":{"@type":"ImageObject","inLanguage":"de","@id":"https:\/\/www.slowshop.eu\/de\/#\/schema\/logo\/image\/","url":"https:\/\/www.slowshop.eu\/wp-content\/uploads\/2024\/07\/cropped-immagine-1.png","contentUrl":"https:\/\/www.slowshop.eu\/wp-content\/uploads\/2024\/07\/cropped-immagine-1.png","width":512,"height":512,"caption":"SlowShop"},"image":{"@id":"https:\/\/www.slowshop.eu\/de\/#\/schema\/logo\/image\/"}}]}},"_links":{"self":[{"href":"https:\/\/www.slowshop.eu\/de\/wp-json\/wp\/v2\/product\/8457","targetHints":{"allow":["GET"]}}],"collection":[{"href":"https:\/\/www.slowshop.eu\/de\/wp-json\/wp\/v2\/product"}],"about":[{"href":"https:\/\/www.slowshop.eu\/de\/wp-json\/wp\/v2\/types\/product"}],"wp:featuredmedia":[{"embeddable":true,"href":"https:\/\/www.slowshop.eu\/de\/wp-json\/wp\/v2\/media\/8458"}],"wp:attachment":[{"href":"https:\/\/www.slowshop.eu\/de\/wp-json\/wp\/v2\/media?parent=8457"}],"wp:term":[{"taxonomy":"product_brand","embeddable":true,"href":"https:\/\/www.slowshop.eu\/de\/wp-json\/wp\/v2\/product_brand?post=8457"},{"taxonomy":"product_cat","embeddable":true,"href":"https:\/\/www.slowshop.eu\/de\/wp-json\/wp\/v2\/product_cat?post=8457"},{"taxonomy":"product_tag","embeddable":true,"href":"https:\/\/www.slowshop.eu\/de\/wp-json\/wp\/v2\/product_tag?post=8457"}],"curies":[{"name":"wp","href":"https:\/\/api.w.org\/{rel}","templated":true}]}}