{"id":8459,"date":"2021-05-20T13:46:51","date_gmt":"2021-05-20T11:46:51","guid":{"rendered":"https:\/\/www.slowshop.eu\/product\/oropa-pilgrims-way-credential\/"},"modified":"2021-05-20T13:46:51","modified_gmt":"2021-05-20T11:46:51","slug":"oropa-pilgrims-way-credential","status":"publish","type":"product","link":"https:\/\/www.slowshop.eu\/de\/produkt\/oropa-pilgrims-way-credential\/","title":{"rendered":"Oropa Pilgrim&#8217;s Way Credential"},"content":{"rendered":"<h3><strong>Oropa Pilgrim&#8217;s Way Credential<\/strong><\/h3>\n<p>Das Credential ist das grundlegende Dokument f\u00fcr den Pilger, um die Oropa-Route zu begehen. Er stellt den &#8222;Pilgerpass&#8220; dar und zeugt von der Identit\u00e4t und den Beweggr\u00fcnden des Wanderers; er ist ein unverzichtbares Instrument. Daher muss der Pilger den Ausweis bei sich haben, um als solcher erkannt zu werden.<\/p>\n<p>Der Cammino di Oropa besteht aus vier Etappen, die von Santhi\u00e0 bis zur Wallfahrtskirche von Oropa f\u00fchren und bei jeder Etappe eine andere und \u00fcberraschende Naturlandschaft durchqueren. Es ist eine perfekte Reise f\u00fcr diejenigen, die zum ersten Mal eine Wanderung unternehmen wollen, aber auch f\u00fcr die erfahrensten Wanderer ist sie eine \u00dcberraschung und ein Erlebnis.<\/p>\n<p>Der Berechtigungsnachweis ist erforderlich, um<\/p>\n<p>Zugang zu den Empfangseinrichtungen entlang der Strecke haben<br \/>\nNutzen Sie die Vorteile von Kongressen mit Restaurants.<br \/>\nUnd in einigen Regionen auch Konventionen f\u00fcr \u00f6ffentliche Verkehrsdienste.<br \/>\nViele Einrichtungen hei\u00dfen die Pilger mit einem einfachen Angebot zur Deckung der laufenden Kosten willkommen, in anderen F\u00e4llen, wenn es sich um Unterk\u00fcnfte mit mehr Service oder um \u00f6ffentliche Verkehrsmittel wie Z\u00fcge und Busse handelt, werden im Allgemeinen Preisnachl\u00e4sse gew\u00e4hrt.<\/p>\n<p>Dank dieser Ausweise, die Stempelk\u00e4sten enthalten, die f\u00fcr die gesamte Strecke ausreichen, k\u00f6nnen Sie die Stempel der Strecke sammeln, um sie als Zeugnis und Andenken an Ihre Reise aufzubewahren, damit Sie sich f\u00fcr immer an dieses einzigartige Erlebnis erinnern k\u00f6nnen!<\/p>\n<p>Bestellen Sie Ihren Pilgerausweis und begeben Sie sich auf die Oropa-Route, um atemberaubende Landschaften und einzigartige Atmosph\u00e4ren zu entdecken!<\/p>\n<h3><strong>Gehen Sie mit uns!<\/strong><\/h3>\n<p>Buchen Sie Ihre Wanderung auf dem Camino di Oropa mit dem Pilgerausweis, <a href=\"https:\/\/www.sloways.eu\/il-cammino-di-oropa?parentpid=1&amp;q=%7B%22textSearch%22%3A%22oropa%22%7D\">hier klicken!<\/a><\/p>\n","protected":false},"excerpt":{"rendered":"<p>Der Ausweis des Cammino di Oropa ist das grundlegende Dokument f\u00fcr den Pilger zum Heiligtum von Oropa.<br \/>\nEr stellt den &#8222;Pilgerpass&#8220; dar und bezeugt die Identit\u00e4t und die Beweggr\u00fcnde des Wanderers; er ist ein unverzichtbares Instrument.<br \/>\nDank dieser Ausweise, die Briefmarkenboxen f\u00fcr die gesamte Strecke enthalten, k\u00f6nnen Sie Briefmarken sammeln, um sie als Zeugnis und Andenken an Ihre Reise aufzubewahren, damit Sie sich f\u00fcr immer an dieses einzigartige Erlebnis erinnern k\u00f6nnen!<\/p>\n","protected":false},"featured_media":14062,"template":"","meta":{"_monsterinsights_skip_tracking":false,"_monsterinsights_sitenote_active":false,"_monsterinsights_sitenote_note":"","_monsterinsights_sitenote_category":0},"product_brand":[],"product_cat":[],"product_tag":[152],"class_list":{"0":"post-8459","1":"product","2":"type-product","3":"status-publish","4":"has-post-thumbnail","6":"product_tag-ausweis","7":"tm-no-options","9":"first","10":"instock","11":"taxable","12":"shipping-taxable","13":"purchasable","14":"product-type-simple"},"bundle_layout":"","bundle_add_to_cart_form_location":"","bundle_editable_in_cart":false,"bundle_sold_individually_context":"","bundle_item_grouping":"","bundle_min_size":"","bundle_max_size":"","bundled_by":[],"bundled_items":[],"yoast_head":"<!-- This site is optimized with the Yoast SEO plugin v26.2 - https:\/\/yoast.com\/wordpress\/plugins\/seo\/ -->\n<title>Oropa Pilgrim&#039;s Way Credential - Slowshop<\/title>\n<meta name=\"description\" content=\"Das Credential des Cammino di Oropa ist das grundlegende Dokument f\u00fcr den Pilger zum Heiligtum. Sie enth\u00e4lt Karten und Felder f\u00fcr Briefmarken.\" \/>\n<meta name=\"robots\" content=\"index, follow, max-snippet:-1, max-image-preview:large, max-video-preview:-1\" \/>\n<link rel=\"canonical\" href=\"https:\/\/www.slowshop.eu\/de\/produkt\/oropa-pilgrims-way-credential\/\" \/>\n<meta property=\"og:locale\" content=\"de_DE\" \/>\n<meta property=\"og:type\" content=\"article\" \/>\n<meta property=\"og:title\" content=\"Oropa Pilgrim&#039;s Way Credential - Slowshop\" \/>\n<meta property=\"og:description\" content=\"Das Credential des Cammino di Oropa ist das grundlegende Dokument f\u00fcr den Pilger zum Heiligtum. Sie enth\u00e4lt Karten und Felder f\u00fcr Briefmarken.\" \/>\n<meta property=\"og:url\" content=\"https:\/\/www.slowshop.eu\/de\/produkt\/oropa-pilgrims-way-credential\/\" \/>\n<meta property=\"og:site_name\" content=\"Slowshop\" \/>\n<meta property=\"og:image\" content=\"https:\/\/www.slowshop.eu\/wp-content\/uploads\/2021\/05\/Cammino-di-Oropa-2.png\" \/>\n\t<meta property=\"og:image:width\" content=\"600\" \/>\n\t<meta property=\"og:image:height\" content=\"750\" \/>\n\t<meta property=\"og:image:type\" content=\"image\/png\" \/>\n<meta name=\"twitter:card\" content=\"summary_large_image\" \/>\n<meta name=\"twitter:label1\" content=\"Gesch\u00e4tzte Lesezeit\" \/>\n\t<meta name=\"twitter:data1\" content=\"1\u00a0Minute\" \/>\n<script type=\"application\/ld+json\" class=\"yoast-schema-graph\">{\"@context\":\"https:\/\/schema.org\",\"@graph\":[{\"@type\":\"WebPage\",\"@id\":\"https:\/\/www.slowshop.eu\/de\/produkt\/oropa-pilgrims-way-credential\/\",\"url\":\"https:\/\/www.slowshop.eu\/de\/produkt\/oropa-pilgrims-way-credential\/\",\"name\":\"Oropa Pilgrim's Way Credential - Slowshop\",\"isPartOf\":{\"@id\":\"https:\/\/www.slowshop.eu\/de\/#website\"},\"primaryImageOfPage\":{\"@id\":\"https:\/\/www.slowshop.eu\/de\/produkt\/oropa-pilgrims-way-credential\/#primaryimage\"},\"image\":{\"@id\":\"https:\/\/www.slowshop.eu\/de\/produkt\/oropa-pilgrims-way-credential\/#primaryimage\"},\"thumbnailUrl\":\"https:\/\/www.slowshop.eu\/wp-content\/uploads\/2021\/05\/Cammino-di-Oropa-2.png\",\"datePublished\":\"2021-05-20T11:46:51+00:00\",\"description\":\"Das Credential des Cammino di Oropa ist das grundlegende Dokument f\u00fcr den Pilger zum Heiligtum. Sie enth\u00e4lt Karten und Felder f\u00fcr Briefmarken.\",\"breadcrumb\":{\"@id\":\"https:\/\/www.slowshop.eu\/de\/produkt\/oropa-pilgrims-way-credential\/#breadcrumb\"},\"inLanguage\":\"de\",\"potentialAction\":[{\"@type\":\"ReadAction\",\"target\":[\"https:\/\/www.slowshop.eu\/de\/produkt\/oropa-pilgrims-way-credential\/\"]}]},{\"@type\":\"ImageObject\",\"inLanguage\":\"de\",\"@id\":\"https:\/\/www.slowshop.eu\/de\/produkt\/oropa-pilgrims-way-credential\/#primaryimage\",\"url\":\"https:\/\/www.slowshop.eu\/wp-content\/uploads\/2021\/05\/Cammino-di-Oropa-2.png\",\"contentUrl\":\"https:\/\/www.slowshop.eu\/wp-content\/uploads\/2021\/05\/Cammino-di-Oropa-2.png\",\"width\":600,\"height\":750},{\"@type\":\"BreadcrumbList\",\"@id\":\"https:\/\/www.slowshop.eu\/de\/produkt\/oropa-pilgrims-way-credential\/#breadcrumb\",\"itemListElement\":[{\"@type\":\"ListItem\",\"position\":1,\"name\":\"Home\",\"item\":\"https:\/\/www.slowshop.eu\/de\/\"},{\"@type\":\"ListItem\",\"position\":2,\"name\":\"Cataloge\",\"item\":\"https:\/\/www.slowshop.eu\/catalogo\/\"},{\"@type\":\"ListItem\",\"position\":3,\"name\":\"Oropa Pilgrim&#8217;s Way Credential\"}]},{\"@type\":\"WebSite\",\"@id\":\"https:\/\/www.slowshop.eu\/de\/#website\",\"url\":\"https:\/\/www.slowshop.eu\/de\/\",\"name\":\"SlowShop\",\"description\":\"Vie Francigene Shop\",\"publisher\":{\"@id\":\"https:\/\/www.slowshop.eu\/de\/#organization\"},\"potentialAction\":[{\"@type\":\"SearchAction\",\"target\":{\"@type\":\"EntryPoint\",\"urlTemplate\":\"https:\/\/www.slowshop.eu\/de\/?s={search_term_string}\"},\"query-input\":{\"@type\":\"PropertyValueSpecification\",\"valueRequired\":true,\"valueName\":\"search_term_string\"}}],\"inLanguage\":\"de\"},{\"@type\":\"Organization\",\"@id\":\"https:\/\/www.slowshop.eu\/de\/#organization\",\"name\":\"SlowShop\",\"url\":\"https:\/\/www.slowshop.eu\/de\/\",\"logo\":{\"@type\":\"ImageObject\",\"inLanguage\":\"de\",\"@id\":\"https:\/\/www.slowshop.eu\/de\/#\/schema\/logo\/image\/\",\"url\":\"https:\/\/www.slowshop.eu\/wp-content\/uploads\/2024\/07\/cropped-immagine-1.png\",\"contentUrl\":\"https:\/\/www.slowshop.eu\/wp-content\/uploads\/2024\/07\/cropped-immagine-1.png\",\"width\":512,\"height\":512,\"caption\":\"SlowShop\"},\"image\":{\"@id\":\"https:\/\/www.slowshop.eu\/de\/#\/schema\/logo\/image\/\"}}]}<\/script>\n<!-- \/ Yoast SEO plugin. -->","yoast_head_json":{"title":"Oropa Pilgrim's Way Credential - Slowshop","description":"Das Credential des Cammino di Oropa ist das grundlegende Dokument f\u00fcr den Pilger zum Heiligtum. Sie enth\u00e4lt Karten und Felder f\u00fcr Briefmarken.","robots":{"index":"index","follow":"follow","max-snippet":"max-snippet:-1","max-image-preview":"max-image-preview:large","max-video-preview":"max-video-preview:-1"},"canonical":"https:\/\/www.slowshop.eu\/de\/produkt\/oropa-pilgrims-way-credential\/","og_locale":"de_DE","og_type":"article","og_title":"Oropa Pilgrim's Way Credential - Slowshop","og_description":"Das Credential des Cammino di Oropa ist das grundlegende Dokument f\u00fcr den Pilger zum Heiligtum. Sie enth\u00e4lt Karten und Felder f\u00fcr Briefmarken.","og_url":"https:\/\/www.slowshop.eu\/de\/produkt\/oropa-pilgrims-way-credential\/","og_site_name":"Slowshop","og_image":[{"width":600,"height":750,"url":"https:\/\/www.slowshop.eu\/wp-content\/uploads\/2021\/05\/Cammino-di-Oropa-2.png","type":"image\/png"}],"twitter_card":"summary_large_image","twitter_misc":{"Gesch\u00e4tzte Lesezeit":"1\u00a0Minute"},"schema":{"@context":"https:\/\/schema.org","@graph":[{"@type":"WebPage","@id":"https:\/\/www.slowshop.eu\/de\/produkt\/oropa-pilgrims-way-credential\/","url":"https:\/\/www.slowshop.eu\/de\/produkt\/oropa-pilgrims-way-credential\/","name":"Oropa Pilgrim's Way Credential - Slowshop","isPartOf":{"@id":"https:\/\/www.slowshop.eu\/de\/#website"},"primaryImageOfPage":{"@id":"https:\/\/www.slowshop.eu\/de\/produkt\/oropa-pilgrims-way-credential\/#primaryimage"},"image":{"@id":"https:\/\/www.slowshop.eu\/de\/produkt\/oropa-pilgrims-way-credential\/#primaryimage"},"thumbnailUrl":"https:\/\/www.slowshop.eu\/wp-content\/uploads\/2021\/05\/Cammino-di-Oropa-2.png","datePublished":"2021-05-20T11:46:51+00:00","description":"Das Credential des Cammino di Oropa ist das grundlegende Dokument f\u00fcr den Pilger zum Heiligtum. Sie enth\u00e4lt Karten und Felder f\u00fcr Briefmarken.","breadcrumb":{"@id":"https:\/\/www.slowshop.eu\/de\/produkt\/oropa-pilgrims-way-credential\/#breadcrumb"},"inLanguage":"de","potentialAction":[{"@type":"ReadAction","target":["https:\/\/www.slowshop.eu\/de\/produkt\/oropa-pilgrims-way-credential\/"]}]},{"@type":"ImageObject","inLanguage":"de","@id":"https:\/\/www.slowshop.eu\/de\/produkt\/oropa-pilgrims-way-credential\/#primaryimage","url":"https:\/\/www.slowshop.eu\/wp-content\/uploads\/2021\/05\/Cammino-di-Oropa-2.png","contentUrl":"https:\/\/www.slowshop.eu\/wp-content\/uploads\/2021\/05\/Cammino-di-Oropa-2.png","width":600,"height":750},{"@type":"BreadcrumbList","@id":"https:\/\/www.slowshop.eu\/de\/produkt\/oropa-pilgrims-way-credential\/#breadcrumb","itemListElement":[{"@type":"ListItem","position":1,"name":"Home","item":"https:\/\/www.slowshop.eu\/de\/"},{"@type":"ListItem","position":2,"name":"Cataloge","item":"https:\/\/www.slowshop.eu\/catalogo\/"},{"@type":"ListItem","position":3,"name":"Oropa Pilgrim&#8217;s Way Credential"}]},{"@type":"WebSite","@id":"https:\/\/www.slowshop.eu\/de\/#website","url":"https:\/\/www.slowshop.eu\/de\/","name":"SlowShop","description":"Vie Francigene Shop","publisher":{"@id":"https:\/\/www.slowshop.eu\/de\/#organization"},"potentialAction":[{"@type":"SearchAction","target":{"@type":"EntryPoint","urlTemplate":"https:\/\/www.slowshop.eu\/de\/?s={search_term_string}"},"query-input":{"@type":"PropertyValueSpecification","valueRequired":true,"valueName":"search_term_string"}}],"inLanguage":"de"},{"@type":"Organization","@id":"https:\/\/www.slowshop.eu\/de\/#organization","name":"SlowShop","url":"https:\/\/www.slowshop.eu\/de\/","logo":{"@type":"ImageObject","inLanguage":"de","@id":"https:\/\/www.slowshop.eu\/de\/#\/schema\/logo\/image\/","url":"https:\/\/www.slowshop.eu\/wp-content\/uploads\/2024\/07\/cropped-immagine-1.png","contentUrl":"https:\/\/www.slowshop.eu\/wp-content\/uploads\/2024\/07\/cropped-immagine-1.png","width":512,"height":512,"caption":"SlowShop"},"image":{"@id":"https:\/\/www.slowshop.eu\/de\/#\/schema\/logo\/image\/"}}]}},"_links":{"self":[{"href":"https:\/\/www.slowshop.eu\/de\/wp-json\/wp\/v2\/product\/8459","targetHints":{"allow":["GET"]}}],"collection":[{"href":"https:\/\/www.slowshop.eu\/de\/wp-json\/wp\/v2\/product"}],"about":[{"href":"https:\/\/www.slowshop.eu\/de\/wp-json\/wp\/v2\/types\/product"}],"wp:featuredmedia":[{"embeddable":true,"href":"https:\/\/www.slowshop.eu\/de\/wp-json\/wp\/v2\/media\/14062"}],"wp:attachment":[{"href":"https:\/\/www.slowshop.eu\/de\/wp-json\/wp\/v2\/media?parent=8459"}],"wp:term":[{"taxonomy":"product_brand","embeddable":true,"href":"https:\/\/www.slowshop.eu\/de\/wp-json\/wp\/v2\/product_brand?post=8459"},{"taxonomy":"product_cat","embeddable":true,"href":"https:\/\/www.slowshop.eu\/de\/wp-json\/wp\/v2\/product_cat?post=8459"},{"taxonomy":"product_tag","embeddable":true,"href":"https:\/\/www.slowshop.eu\/de\/wp-json\/wp\/v2\/product_tag?post=8459"}],"curies":[{"name":"wp","href":"https:\/\/api.w.org\/{rel}","templated":true}]}}