{"id":9288,"date":"2022-08-03T13:59:39","date_gmt":"2022-08-03T11:59:39","guid":{"rendered":"https:\/\/www.slowshop.eu\/?post_type=product&#038;p=9288"},"modified":"2022-08-03T14:36:22","modified_gmt":"2022-08-03T12:36:22","slug":"haken-flaschenhalter","status":"publish","type":"product","link":"https:\/\/www.slowshop.eu\/de\/produkt\/haken-flaschenhalter\/","title":{"rendered":"Haken flaschenhalter"},"content":{"rendered":"<h2><strong>Haken flaschenhalter<\/strong><\/h2>\n<p>Unser Flaschenhalterhaken ist ein unverzichtbares Accessoire f\u00fcr Ihre Wasserflasche.<\/p>\n<p>Eine bequeme und praktische L\u00f6sung, um ihn den ganzen Tag lang sicher und griffig zu tragen.<\/p>\n<p>Er ist aus Silikon gefertigt und passt perfekt auf jede Art von Wasserflasche. Au\u00dferdem hat er einen praktischen Karabinerhaken, den Sie an Ihrem Rucksack, G\u00fcrtel oder wo auch immer Sie wollen, befestigen k\u00f6nnen.<\/p>\n<p>&nbsp;<\/p>\n<h4>Eine kontinuierliche Entdeckung:<\/h4>\n<p>Von Rom nach Santa Maria di Leuca: eine spektakul\u00e4re Reise entlang alter Konsularstra\u00dfen, arch\u00e4ologischer und nat\u00fcrlicher Gebiete, Schl\u00f6sser und Kl\u00f6ster und grenzenloser Horizonte, in denen Land, Himmel und Meer aufeinandertreffen.<\/p>\n<p>Vom Parco dell&#8217;Appia Antica nach Terracina, Gaeta, Sessa Aurunca und Benevento, einem strategischen Knotenpunkt zwischen der Via Appia und der Via Traiana, und dann weiter entlang des Gargano und des Salento bis zu den historischen Einschiffungsh\u00e4fen ins Heilige Land.<\/p>\n<p>Ein Weg voller Licht und Sch\u00f6nheit.<\/p>\n<p>F\u00fcr jede Etappe gibt es detaillierte Karten, H\u00f6henangaben, Hinweise auf Wasservorr\u00e4te, das Gel\u00e4nde, auf dem man unterwegs ist (Schotter oder Asphalt), Informationen \u00fcber \u00dcbernachtungsm\u00f6glichkeiten und Sehensw\u00fcrdigkeiten.<\/p>\n<p>Ein F\u00fchrer f\u00fcr alle Pilger, Trekker, Wanderer und f\u00fcr alle, die auch nur kurze Strecken auf einem der anspruchvollsten und unentdecktesten Wege erleben wollen.<\/p>\n<p>\u00dcbersetzt mit www.DeepL.com\/Translator (kostenlose Version)<\/p>\n<p><strong>Besitzen Sie den Ausweis bereits??<br \/>\n<\/strong>Der Pilgerausweis ist der &#8222;Reisepass&#8220; des Pilgers. Sie bescheinigt die Identit\u00e4t und die Beweggr\u00fcnde des Wanderers und ist ein unverzichtbares Instrument. <a href=\"https:\/\/www.slowshop.eu\/prodotto\/credenziale-del-pellegrino-via-francigena\/\"><span style=\"color: #e06100;\"><strong>Sie k\u00f6nnen es hier kaufen<\/strong><\/span><\/a><\/p>\n<p>Kaufen Sie das offizielle Via Francigena-T-Shirt oder Sweatshirt. Die T-Shirts sind in zwei Farben erh\u00e4ltlich und sind unisex. Ziehen Sie sie an und machen Sie sich auf den Weg in einen unvergesslichen Urlaub. Machen Sie Ihr Foto und folgen Sie unserer Seite @sloways_travel auf Instagram mit dem Hashtag #spassolento!<\/p>\n<h3><strong>Mit uns gehn<\/strong><\/h3>\n<p>Kaufen Sie auch den Pilgerausweis und buchen Sie Ihre Wanderung auf einer der Etappen der Via Francigena im S\u00fcden!<br \/>\nKontaktieren Sie uns! Schreiben Sie eine E-Mail an <a href=\"mailto:info@sloways.eu\">info@sloways.eu<\/a> oder besuchen Sie unsere Website <a href=\"https:\/\/www.sloways.eu\/via-francigena-del-sud-da-roma-a-terracina\">www.sloways.eu<\/a><\/p>\n","protected":false},"excerpt":{"rendered":"<p>Der Flaschenhalterhaken besteht aus Silikon und ist dank seines Karabinerhakens f\u00fcr alle Arten von Rucks\u00e4cken geeignet.<br \/>\nSie k\u00f6nnen es jederzeit mitnehmen, w\u00e4hrend Ihrer Erfahrung auf der Via Francigena, aber auch nach Ihrer R\u00fcckkehr.<\/p>\n","protected":false},"featured_media":9292,"template":"","meta":{"_monsterinsights_skip_tracking":false,"_monsterinsights_sitenote_active":false,"_monsterinsights_sitenote_note":"","_monsterinsights_sitenote_category":0},"product_brand":[],"product_cat":[149,150],"product_tag":[151],"class_list":{"0":"post-9288","1":"product","2":"type-product","3":"status-publish","4":"has-post-thumbnail","6":"product_cat-gadget-de-2","7":"product_cat-via-francigena-de-2","8":"product_tag-via-francigena-de","9":"tm-no-options","11":"first","12":"instock","13":"taxable","14":"shipping-taxable","15":"purchasable","16":"product-type-simple"},"bundle_layout":"","bundle_add_to_cart_form_location":"","bundle_editable_in_cart":false,"bundle_sold_individually_context":"","bundle_item_grouping":"","bundle_min_size":"","bundle_max_size":"","bundled_by":[],"bundled_items":[],"yoast_head":"<!-- This site is optimized with the Yoast SEO plugin v26.2 - https:\/\/yoast.com\/wordpress\/plugins\/seo\/ -->\n<title>Haken flaschenhalter - Slowshop<\/title>\n<meta name=\"description\" content=\"Kaufen Sie unseren Kork-Schl\u00fcsselanh\u00e4nger mit dem Wappen der Pilger. Nehmen Sie es mit auf Ihr Abenteuer mit uns.\" \/>\n<meta name=\"robots\" content=\"index, follow, max-snippet:-1, max-image-preview:large, max-video-preview:-1\" \/>\n<link rel=\"canonical\" href=\"https:\/\/www.slowshop.eu\/de\/produkt\/haken-flaschenhalter\/\" \/>\n<meta property=\"og:locale\" content=\"de_DE\" \/>\n<meta property=\"og:type\" content=\"article\" \/>\n<meta property=\"og:title\" content=\"Haken flaschenhalter - Slowshop\" \/>\n<meta property=\"og:description\" content=\"Kaufen Sie unseren Kork-Schl\u00fcsselanh\u00e4nger mit dem Wappen der Pilger. Nehmen Sie es mit auf Ihr Abenteuer mit uns.\" \/>\n<meta property=\"og:url\" content=\"https:\/\/www.slowshop.eu\/de\/produkt\/haken-flaschenhalter\/\" \/>\n<meta property=\"og:site_name\" content=\"Slowshop\" \/>\n<meta property=\"article:modified_time\" content=\"2022-08-03T12:36:22+00:00\" \/>\n<meta property=\"og:image\" content=\"https:\/\/www.slowshop.eu\/wp-content\/uploads\/2022\/08\/1.png\" \/>\n\t<meta property=\"og:image:width\" content=\"600\" \/>\n\t<meta property=\"og:image:height\" content=\"750\" \/>\n\t<meta property=\"og:image:type\" content=\"image\/png\" \/>\n<meta name=\"twitter:card\" content=\"summary_large_image\" \/>\n<meta name=\"twitter:label1\" content=\"Gesch\u00e4tzte Lesezeit\" \/>\n\t<meta name=\"twitter:data1\" content=\"2\u00a0Minuten\" \/>\n<script type=\"application\/ld+json\" class=\"yoast-schema-graph\">{\"@context\":\"https:\/\/schema.org\",\"@graph\":[{\"@type\":\"WebPage\",\"@id\":\"https:\/\/www.slowshop.eu\/de\/produkt\/haken-flaschenhalter\/\",\"url\":\"https:\/\/www.slowshop.eu\/de\/produkt\/haken-flaschenhalter\/\",\"name\":\"Haken flaschenhalter - Slowshop\",\"isPartOf\":{\"@id\":\"https:\/\/www.slowshop.eu\/de\/#website\"},\"primaryImageOfPage\":{\"@id\":\"https:\/\/www.slowshop.eu\/de\/produkt\/haken-flaschenhalter\/#primaryimage\"},\"image\":{\"@id\":\"https:\/\/www.slowshop.eu\/de\/produkt\/haken-flaschenhalter\/#primaryimage\"},\"thumbnailUrl\":\"https:\/\/www.slowshop.eu\/wp-content\/uploads\/2022\/08\/1.png\",\"datePublished\":\"2022-08-03T11:59:39+00:00\",\"dateModified\":\"2022-08-03T12:36:22+00:00\",\"description\":\"Kaufen Sie unseren Kork-Schl\u00fcsselanh\u00e4nger mit dem Wappen der Pilger. Nehmen Sie es mit auf Ihr Abenteuer mit uns.\",\"breadcrumb\":{\"@id\":\"https:\/\/www.slowshop.eu\/de\/produkt\/haken-flaschenhalter\/#breadcrumb\"},\"inLanguage\":\"de\",\"potentialAction\":[{\"@type\":\"ReadAction\",\"target\":[\"https:\/\/www.slowshop.eu\/de\/produkt\/haken-flaschenhalter\/\"]}]},{\"@type\":\"ImageObject\",\"inLanguage\":\"de\",\"@id\":\"https:\/\/www.slowshop.eu\/de\/produkt\/haken-flaschenhalter\/#primaryimage\",\"url\":\"https:\/\/www.slowshop.eu\/wp-content\/uploads\/2022\/08\/1.png\",\"contentUrl\":\"https:\/\/www.slowshop.eu\/wp-content\/uploads\/2022\/08\/1.png\",\"width\":600,\"height\":750},{\"@type\":\"BreadcrumbList\",\"@id\":\"https:\/\/www.slowshop.eu\/de\/produkt\/haken-flaschenhalter\/#breadcrumb\",\"itemListElement\":[{\"@type\":\"ListItem\",\"position\":1,\"name\":\"Home\",\"item\":\"https:\/\/www.slowshop.eu\/de\/\"},{\"@type\":\"ListItem\",\"position\":2,\"name\":\"Cataloge\",\"item\":\"https:\/\/www.slowshop.eu\/catalogo\/\"},{\"@type\":\"ListItem\",\"position\":3,\"name\":\"Haken flaschenhalter\"}]},{\"@type\":\"WebSite\",\"@id\":\"https:\/\/www.slowshop.eu\/de\/#website\",\"url\":\"https:\/\/www.slowshop.eu\/de\/\",\"name\":\"SlowShop\",\"description\":\"Vie Francigene Shop\",\"publisher\":{\"@id\":\"https:\/\/www.slowshop.eu\/de\/#organization\"},\"potentialAction\":[{\"@type\":\"SearchAction\",\"target\":{\"@type\":\"EntryPoint\",\"urlTemplate\":\"https:\/\/www.slowshop.eu\/de\/?s={search_term_string}\"},\"query-input\":{\"@type\":\"PropertyValueSpecification\",\"valueRequired\":true,\"valueName\":\"search_term_string\"}}],\"inLanguage\":\"de\"},{\"@type\":\"Organization\",\"@id\":\"https:\/\/www.slowshop.eu\/de\/#organization\",\"name\":\"SlowShop\",\"url\":\"https:\/\/www.slowshop.eu\/de\/\",\"logo\":{\"@type\":\"ImageObject\",\"inLanguage\":\"de\",\"@id\":\"https:\/\/www.slowshop.eu\/de\/#\/schema\/logo\/image\/\",\"url\":\"https:\/\/www.slowshop.eu\/wp-content\/uploads\/2024\/07\/cropped-immagine-1.png\",\"contentUrl\":\"https:\/\/www.slowshop.eu\/wp-content\/uploads\/2024\/07\/cropped-immagine-1.png\",\"width\":512,\"height\":512,\"caption\":\"SlowShop\"},\"image\":{\"@id\":\"https:\/\/www.slowshop.eu\/de\/#\/schema\/logo\/image\/\"}}]}<\/script>\n<!-- \/ Yoast SEO plugin. -->","yoast_head_json":{"title":"Haken flaschenhalter - Slowshop","description":"Kaufen Sie unseren Kork-Schl\u00fcsselanh\u00e4nger mit dem Wappen der Pilger. Nehmen Sie es mit auf Ihr Abenteuer mit uns.","robots":{"index":"index","follow":"follow","max-snippet":"max-snippet:-1","max-image-preview":"max-image-preview:large","max-video-preview":"max-video-preview:-1"},"canonical":"https:\/\/www.slowshop.eu\/de\/produkt\/haken-flaschenhalter\/","og_locale":"de_DE","og_type":"article","og_title":"Haken flaschenhalter - Slowshop","og_description":"Kaufen Sie unseren Kork-Schl\u00fcsselanh\u00e4nger mit dem Wappen der Pilger. Nehmen Sie es mit auf Ihr Abenteuer mit uns.","og_url":"https:\/\/www.slowshop.eu\/de\/produkt\/haken-flaschenhalter\/","og_site_name":"Slowshop","article_modified_time":"2022-08-03T12:36:22+00:00","og_image":[{"width":600,"height":750,"url":"https:\/\/www.slowshop.eu\/wp-content\/uploads\/2022\/08\/1.png","type":"image\/png"}],"twitter_card":"summary_large_image","twitter_misc":{"Gesch\u00e4tzte Lesezeit":"2\u00a0Minuten"},"schema":{"@context":"https:\/\/schema.org","@graph":[{"@type":"WebPage","@id":"https:\/\/www.slowshop.eu\/de\/produkt\/haken-flaschenhalter\/","url":"https:\/\/www.slowshop.eu\/de\/produkt\/haken-flaschenhalter\/","name":"Haken flaschenhalter - Slowshop","isPartOf":{"@id":"https:\/\/www.slowshop.eu\/de\/#website"},"primaryImageOfPage":{"@id":"https:\/\/www.slowshop.eu\/de\/produkt\/haken-flaschenhalter\/#primaryimage"},"image":{"@id":"https:\/\/www.slowshop.eu\/de\/produkt\/haken-flaschenhalter\/#primaryimage"},"thumbnailUrl":"https:\/\/www.slowshop.eu\/wp-content\/uploads\/2022\/08\/1.png","datePublished":"2022-08-03T11:59:39+00:00","dateModified":"2022-08-03T12:36:22+00:00","description":"Kaufen Sie unseren Kork-Schl\u00fcsselanh\u00e4nger mit dem Wappen der Pilger. Nehmen Sie es mit auf Ihr Abenteuer mit uns.","breadcrumb":{"@id":"https:\/\/www.slowshop.eu\/de\/produkt\/haken-flaschenhalter\/#breadcrumb"},"inLanguage":"de","potentialAction":[{"@type":"ReadAction","target":["https:\/\/www.slowshop.eu\/de\/produkt\/haken-flaschenhalter\/"]}]},{"@type":"ImageObject","inLanguage":"de","@id":"https:\/\/www.slowshop.eu\/de\/produkt\/haken-flaschenhalter\/#primaryimage","url":"https:\/\/www.slowshop.eu\/wp-content\/uploads\/2022\/08\/1.png","contentUrl":"https:\/\/www.slowshop.eu\/wp-content\/uploads\/2022\/08\/1.png","width":600,"height":750},{"@type":"BreadcrumbList","@id":"https:\/\/www.slowshop.eu\/de\/produkt\/haken-flaschenhalter\/#breadcrumb","itemListElement":[{"@type":"ListItem","position":1,"name":"Home","item":"https:\/\/www.slowshop.eu\/de\/"},{"@type":"ListItem","position":2,"name":"Cataloge","item":"https:\/\/www.slowshop.eu\/catalogo\/"},{"@type":"ListItem","position":3,"name":"Haken flaschenhalter"}]},{"@type":"WebSite","@id":"https:\/\/www.slowshop.eu\/de\/#website","url":"https:\/\/www.slowshop.eu\/de\/","name":"SlowShop","description":"Vie Francigene Shop","publisher":{"@id":"https:\/\/www.slowshop.eu\/de\/#organization"},"potentialAction":[{"@type":"SearchAction","target":{"@type":"EntryPoint","urlTemplate":"https:\/\/www.slowshop.eu\/de\/?s={search_term_string}"},"query-input":{"@type":"PropertyValueSpecification","valueRequired":true,"valueName":"search_term_string"}}],"inLanguage":"de"},{"@type":"Organization","@id":"https:\/\/www.slowshop.eu\/de\/#organization","name":"SlowShop","url":"https:\/\/www.slowshop.eu\/de\/","logo":{"@type":"ImageObject","inLanguage":"de","@id":"https:\/\/www.slowshop.eu\/de\/#\/schema\/logo\/image\/","url":"https:\/\/www.slowshop.eu\/wp-content\/uploads\/2024\/07\/cropped-immagine-1.png","contentUrl":"https:\/\/www.slowshop.eu\/wp-content\/uploads\/2024\/07\/cropped-immagine-1.png","width":512,"height":512,"caption":"SlowShop"},"image":{"@id":"https:\/\/www.slowshop.eu\/de\/#\/schema\/logo\/image\/"}}]}},"_links":{"self":[{"href":"https:\/\/www.slowshop.eu\/de\/wp-json\/wp\/v2\/product\/9288","targetHints":{"allow":["GET"]}}],"collection":[{"href":"https:\/\/www.slowshop.eu\/de\/wp-json\/wp\/v2\/product"}],"about":[{"href":"https:\/\/www.slowshop.eu\/de\/wp-json\/wp\/v2\/types\/product"}],"wp:featuredmedia":[{"embeddable":true,"href":"https:\/\/www.slowshop.eu\/de\/wp-json\/wp\/v2\/media\/9292"}],"wp:attachment":[{"href":"https:\/\/www.slowshop.eu\/de\/wp-json\/wp\/v2\/media?parent=9288"}],"wp:term":[{"taxonomy":"product_brand","embeddable":true,"href":"https:\/\/www.slowshop.eu\/de\/wp-json\/wp\/v2\/product_brand?post=9288"},{"taxonomy":"product_cat","embeddable":true,"href":"https:\/\/www.slowshop.eu\/de\/wp-json\/wp\/v2\/product_cat?post=9288"},{"taxonomy":"product_tag","embeddable":true,"href":"https:\/\/www.slowshop.eu\/de\/wp-json\/wp\/v2\/product_tag?post=9288"}],"curies":[{"name":"wp","href":"https:\/\/api.w.org\/{rel}","templated":true}]}}