{"id":9439,"date":"2022-08-10T11:44:29","date_gmt":"2022-08-10T09:44:29","guid":{"rendered":"https:\/\/www.slowshop.eu\/?post_type=product&#038;p=9439"},"modified":"2026-01-16T16:49:18","modified_gmt":"2026-01-16T15:49:18","slug":"der-gestickte-aufnaeher-der-magna-via-francigena","status":"publish","type":"product","link":"https:\/\/www.slowshop.eu\/de\/produkt\/der-gestickte-aufnaeher-der-magna-via-francigena\/","title":{"rendered":"Der gestickte Aufn\u00e4her der Magna Via Francigena"},"content":{"rendered":"<h2>Der <strong data-start=\"111\" data-end=\"158\">gestickte Aufn\u00e4her der Magna Via Francigena<\/strong><\/h2>\n<p data-start=\"118\" data-end=\"575\">Der <strong data-start=\"122\" data-end=\"165\">gestickte Aufn\u00e4her Magna Via Francigena<\/strong> ist weit mehr als ein einfaches Accessoire: Er ist ein Symbol f\u00fcr Reise, Entdeckung und Zugeh\u00f6rigkeit zu einem der faszinierendsten und authentischsten Wege Siziliens. Er wurde f\u00fcr alle entworfen, die die Magna Via Francigena bereits gegangen sind \u2013 und f\u00fcr jene, die davon tr\u00e4umen, sie zu ihrer n\u00e4chsten Reise zu machen. Ein unverwechselbares Zeichen, das man auf dem Weg oder im Alltag bei sich tragen kann.<\/p>\n<p data-start=\"577\" data-end=\"919\">Ideal zur Befestigung am <strong data-start=\"602\" data-end=\"622\">Trekkingrucksack<\/strong>, an der Jacke oder an <strong data-start=\"645\" data-end=\"667\">Outdoor-Bekleidung<\/strong>, erz\u00e4hlt dieser offizielle Aufn\u00e4her des Weges eine Geschichte aus Schritten, Begegnungen und zeitlosen Landschaften. Ihn zu tragen bedeutet, die Erinnerung an ein einzigartiges Erlebnis zu bewahren oder den Wunsch auszudr\u00fccken, diese Reise anzutreten.<\/p>\n<p data-start=\"921\" data-end=\"1347\">Hergestellt aus <strong data-start=\"937\" data-end=\"970\">hochwertigem rotem Flockstoff<\/strong> mit <strong data-start=\"975\" data-end=\"1006\">wei\u00dfer und gelber Stickerei<\/strong>, vereint der Aufn\u00e4her handwerkliche Sorgfalt, Widerstandsf\u00e4higkeit und Liebe zum Detail. Er ist f\u00fcr eine lange Lebensdauer ausgelegt, selbst bei anspruchsvollen Wanderungen. Der Aufn\u00e4her kann <strong data-start=\"1199\" data-end=\"1248\">aufgen\u00e4ht oder mit dem B\u00fcgeleisen aufgeb\u00fcgelt<\/strong> werden und eignet sich perfekt f\u00fcr Rucks\u00e4cke, Funktionsjacken, Hoodies und andere Reisebekleidung.<\/p>\n<h3 data-start=\"775\" data-end=\"817\">Entdecken Sie die Magna Via Francigena<\/h3>\n<p data-start=\"1393\" data-end=\"1822\">Die <strong data-start=\"1397\" data-end=\"1421\">Magna Via Francigena<\/strong> ist ein historischer und spiritueller Wanderweg, der Sizilien <strong data-start=\"1484\" data-end=\"1506\">von K\u00fcste zu K\u00fcste<\/strong> durchquert \u2013 vom <strong data-start=\"1524\" data-end=\"1544\">Golf von Palermo<\/strong> bis zur eindrucksvollen <strong data-start=\"1569\" data-end=\"1597\">Tempelstadt von Agrigent<\/strong>. Die Route erstreckt sich \u00fcber <strong data-start=\"1629\" data-end=\"1642\">9 Etappen<\/strong> und folgt alten Wegen, die im Laufe der Jahrhunderte von <strong data-start=\"1700\" data-end=\"1743\">Griechen, R\u00f6mern, Arabern und Normannen<\/strong> begangen wurden und ein au\u00dfergew\u00f6hnliches kulturelles Erbe hinterlassen haben.<\/p>\n<p data-start=\"1824\" data-end=\"2134\">Auf der Magna Via Francigena zu wandern bedeutet, in das <strong data-start=\"1881\" data-end=\"1908\">authentischste Sizilien<\/strong> einzutauchen \u2013 fernab der klassischen Touristenrouten. Die Reise f\u00fchrt durch <strong data-start=\"1986\" data-end=\"2018\">unber\u00fchrte Naturlandschaften<\/strong>, weite <strong data-start=\"2026\" data-end=\"2044\">Getreidefelder<\/strong>, geschichtstr\u00e4chtige <strong data-start=\"2066\" data-end=\"2080\">Bergd\u00f6rfer<\/strong> und Panoramen, die wie au\u00dferhalb der Zeit erscheinen.<\/p>\n<p data-start=\"2136\" data-end=\"2490\">Jede Etappe bietet die Gelegenheit, <strong data-start=\"2172\" data-end=\"2204\">jahrtausendealte Traditionen<\/strong> zu erleben, echte D\u00fcfte und Aromen zu genie\u00dfen, gastfreundliche Gemeinschaften kennenzulernen und einen <strong data-start=\"2309\" data-end=\"2349\">langsamen, naturnahen Lebensrhythmus<\/strong> wiederzuentdecken. Ein Weg, der nicht nur k\u00f6rperlich, sondern auch innerlich ist \u2013 und bei jedem Wanderer einen tiefen Eindruck hinterl\u00e4sst.<\/p>\n<p data-start=\"2492\" data-end=\"2681\">Der gestickte Aufn\u00e4her der Magna Via Francigena ist das perfekte Symbol dieser Reise: <strong data-start=\"2578\" data-end=\"2637\">ein kleines Zeichen, das einen gro\u00dfen Weg in sich tr\u00e4gt<\/strong>, und das man \u00fcberall mit Stolz tragen kann.<\/p>\n<h2><strong>Parteien mit uns<\/strong><\/h2>\n<p>Jetzt, da Sie den <strong data-start=\"2725\" data-end=\"2760\">offiziellen gestickten Aufn\u00e4her<\/strong> besitzen, bleibt nur noch eines: <strong data-start=\"2794\" data-end=\"2848\">Buchen Sie Ihre Reise auf der Magna Via Francigena<\/strong>. Wenn Sie \u00fcber unsere Website buchen, erhalten Sie eine <strong data-start=\"2905\" data-end=\"2940\">vollst\u00e4ndige Reisedokumentation<\/strong>, und wir reservieren f\u00fcr Sie <strong data-start=\"2970\" data-end=\"2996\">traumhafte Unterk\u00fcnfte<\/strong>, damit Ihr Urlaub zu einem <strong data-start=\"3024\" data-end=\"3052\">unvergesslichen Erlebnis<\/strong> wird.<\/p>\n<p><span style=\"color: #e06100;\">Kontaktieren Sie unsjetzt, um von den Angeboten zum Jahresende zu profitieren!<\/span><span style=\"color: #e06100;\"> \u00a0<\/span><\/p>\n","protected":false},"excerpt":{"rendered":"<p>Der gestickte Aufn\u00e4her der Magna Via Francigena ist das ideale Accessoire f\u00fcr alle, die einen der faszinierendsten Pilger- und Wanderwege Siziliens bereits gegangen sind \u2013 oder davon tr\u00e4umen, ihn eines Tages zu gehen. Perfekt geeignet zur Befestigung am Trekkingrucksack, stellt er das offizielle Symbol des Weges dar und ist ein unverwechselbares Erkennungszeichen f\u00fcr jeden Reisenden.<br \/>\nGefertigt aus rotem Flockstoff mit wei\u00dfer und gelber Stickerei, vereint dieser Aufn\u00e4her handwerkliche Qualit\u00e4t und hohe Strapazierf\u00e4higkeit. Er kann aufgen\u00e4ht oder aufgeb\u00fcgelt werden und eignet sich ideal f\u00fcr Rucks\u00e4cke, Jacken und Outdoor-Bekleidung.<\/p>\n<p>Entdecken Sie die Magna Via Francigena<br \/>\nDie Magna Via Francigena ist ein einzigartiger Wanderweg, der Sizilien vom Golf von Palermo bis zum Tal der Tempel durchquert. Die Route ist in 9 Etappen unterteilt und folgt alten Wegen, die im Laufe der Jahrhunderte von Griechen, R\u00f6mern, Arabern und Normannen begangen wurden.<br \/>\nEine Wanderung von K\u00fcste zu K\u00fcste, die zur Entdeckung des authentischsten Siziliens f\u00fchrt: Naturschutzgebiete, weite Getreidefelder, auf H\u00fcgeln gelegene D\u00f6rfer und zeitlose Landschaften.Wer auf der Magna Via Francigena unterwegs ist, erlebt jahrtausendealte Traditionen, Geschichte, D\u00fcfte und Kulturen, die auf einem magischen und geheimnisvollen Land unausl\u00f6schliche Spuren hinterlassen haben.<\/p>\n","protected":false},"featured_media":9443,"template":"","meta":{"_monsterinsights_skip_tracking":false,"_monsterinsights_sitenote_active":false,"_monsterinsights_sitenote_note":"","_monsterinsights_sitenote_category":0},"product_brand":[],"product_cat":[149],"product_tag":[],"class_list":{"0":"post-9439","1":"product","2":"type-product","3":"status-publish","4":"has-post-thumbnail","6":"product_cat-gadget-de-2","7":"tm-no-options","9":"first","10":"instock","11":"taxable","12":"shipping-taxable","13":"purchasable","14":"product-type-simple"},"bundle_layout":"","bundle_add_to_cart_form_location":"","bundle_editable_in_cart":false,"bundle_sold_individually_context":"","bundle_item_grouping":"","bundle_min_size":"","bundle_max_size":"","bundled_by":[],"bundled_items":[],"yoast_head":"<!-- This site is optimized with the Yoast SEO plugin v26.2 - https:\/\/yoast.com\/wordpress\/plugins\/seo\/ -->\n<title>Der gestickte Aufn\u00e4her der Magna Via Francigena - Slowshop<\/title>\n<meta name=\"description\" content=\"Offizieller Aufn\u00e4her der Magna Via Francigena \u2013 der Weg von Palermo bis Agrigent. Trage das Symbol deiner sizilianischen Abenteuer bei dir!\" \/>\n<meta name=\"robots\" content=\"index, follow, max-snippet:-1, max-image-preview:large, max-video-preview:-1\" \/>\n<link rel=\"canonical\" href=\"https:\/\/www.slowshop.eu\/de\/produkt\/der-gestickte-aufnaeher-der-magna-via-francigena\/\" \/>\n<meta property=\"og:locale\" content=\"de_DE\" \/>\n<meta property=\"og:type\" content=\"article\" \/>\n<meta property=\"og:title\" content=\"Der gestickte Aufn\u00e4her der Magna Via Francigena - Slowshop\" \/>\n<meta property=\"og:description\" content=\"Offizieller Aufn\u00e4her der Magna Via Francigena \u2013 der Weg von Palermo bis Agrigent. Trage das Symbol deiner sizilianischen Abenteuer bei dir!\" \/>\n<meta property=\"og:url\" content=\"https:\/\/www.slowshop.eu\/de\/produkt\/der-gestickte-aufnaeher-der-magna-via-francigena\/\" \/>\n<meta property=\"og:site_name\" content=\"Slowshop\" \/>\n<meta property=\"article:modified_time\" content=\"2026-01-16T15:49:18+00:00\" \/>\n<meta property=\"og:image\" content=\"https:\/\/www.slowshop.eu\/wp-content\/uploads\/2022\/08\/Copia-di-Toppa-OROPA.png\" \/>\n\t<meta property=\"og:image:width\" content=\"600\" \/>\n\t<meta property=\"og:image:height\" content=\"750\" \/>\n\t<meta property=\"og:image:type\" content=\"image\/png\" \/>\n<meta name=\"twitter:card\" content=\"summary_large_image\" \/>\n<meta name=\"twitter:label1\" content=\"Gesch\u00e4tzte Lesezeit\" \/>\n\t<meta name=\"twitter:data1\" content=\"2\u00a0Minuten\" \/>\n<script type=\"application\/ld+json\" class=\"yoast-schema-graph\">{\"@context\":\"https:\/\/schema.org\",\"@graph\":[{\"@type\":\"WebPage\",\"@id\":\"https:\/\/www.slowshop.eu\/de\/produkt\/der-gestickte-aufnaeher-der-magna-via-francigena\/\",\"url\":\"https:\/\/www.slowshop.eu\/de\/produkt\/der-gestickte-aufnaeher-der-magna-via-francigena\/\",\"name\":\"Der gestickte Aufn\u00e4her der Magna Via Francigena - Slowshop\",\"isPartOf\":{\"@id\":\"https:\/\/www.slowshop.eu\/de\/#website\"},\"primaryImageOfPage\":{\"@id\":\"https:\/\/www.slowshop.eu\/de\/produkt\/der-gestickte-aufnaeher-der-magna-via-francigena\/#primaryimage\"},\"image\":{\"@id\":\"https:\/\/www.slowshop.eu\/de\/produkt\/der-gestickte-aufnaeher-der-magna-via-francigena\/#primaryimage\"},\"thumbnailUrl\":\"https:\/\/www.slowshop.eu\/wp-content\/uploads\/2022\/08\/Copia-di-Toppa-OROPA.png\",\"datePublished\":\"2022-08-10T09:44:29+00:00\",\"dateModified\":\"2026-01-16T15:49:18+00:00\",\"description\":\"Offizieller Aufn\u00e4her der Magna Via Francigena \u2013 der Weg von Palermo bis Agrigent. Trage das Symbol deiner sizilianischen Abenteuer bei dir!\",\"breadcrumb\":{\"@id\":\"https:\/\/www.slowshop.eu\/de\/produkt\/der-gestickte-aufnaeher-der-magna-via-francigena\/#breadcrumb\"},\"inLanguage\":\"de\",\"potentialAction\":[{\"@type\":\"ReadAction\",\"target\":[\"https:\/\/www.slowshop.eu\/de\/produkt\/der-gestickte-aufnaeher-der-magna-via-francigena\/\"]}]},{\"@type\":\"ImageObject\",\"inLanguage\":\"de\",\"@id\":\"https:\/\/www.slowshop.eu\/de\/produkt\/der-gestickte-aufnaeher-der-magna-via-francigena\/#primaryimage\",\"url\":\"https:\/\/www.slowshop.eu\/wp-content\/uploads\/2022\/08\/Copia-di-Toppa-OROPA.png\",\"contentUrl\":\"https:\/\/www.slowshop.eu\/wp-content\/uploads\/2022\/08\/Copia-di-Toppa-OROPA.png\",\"width\":600,\"height\":750,\"caption\":\"Toppa ricamata Magna Via Francigena\"},{\"@type\":\"BreadcrumbList\",\"@id\":\"https:\/\/www.slowshop.eu\/de\/produkt\/der-gestickte-aufnaeher-der-magna-via-francigena\/#breadcrumb\",\"itemListElement\":[{\"@type\":\"ListItem\",\"position\":1,\"name\":\"Home\",\"item\":\"https:\/\/www.slowshop.eu\/de\/\"},{\"@type\":\"ListItem\",\"position\":2,\"name\":\"Cataloge\",\"item\":\"https:\/\/www.slowshop.eu\/catalogo\/\"},{\"@type\":\"ListItem\",\"position\":3,\"name\":\"Der gestickte Aufn\u00e4her der Magna Via Francigena\"}]},{\"@type\":\"WebSite\",\"@id\":\"https:\/\/www.slowshop.eu\/de\/#website\",\"url\":\"https:\/\/www.slowshop.eu\/de\/\",\"name\":\"SlowShop\",\"description\":\"Vie Francigene Shop\",\"publisher\":{\"@id\":\"https:\/\/www.slowshop.eu\/de\/#organization\"},\"potentialAction\":[{\"@type\":\"SearchAction\",\"target\":{\"@type\":\"EntryPoint\",\"urlTemplate\":\"https:\/\/www.slowshop.eu\/de\/?s={search_term_string}\"},\"query-input\":{\"@type\":\"PropertyValueSpecification\",\"valueRequired\":true,\"valueName\":\"search_term_string\"}}],\"inLanguage\":\"de\"},{\"@type\":\"Organization\",\"@id\":\"https:\/\/www.slowshop.eu\/de\/#organization\",\"name\":\"SlowShop\",\"url\":\"https:\/\/www.slowshop.eu\/de\/\",\"logo\":{\"@type\":\"ImageObject\",\"inLanguage\":\"de\",\"@id\":\"https:\/\/www.slowshop.eu\/de\/#\/schema\/logo\/image\/\",\"url\":\"https:\/\/www.slowshop.eu\/wp-content\/uploads\/2024\/07\/cropped-immagine-1.png\",\"contentUrl\":\"https:\/\/www.slowshop.eu\/wp-content\/uploads\/2024\/07\/cropped-immagine-1.png\",\"width\":512,\"height\":512,\"caption\":\"SlowShop\"},\"image\":{\"@id\":\"https:\/\/www.slowshop.eu\/de\/#\/schema\/logo\/image\/\"}}]}<\/script>\n<!-- \/ Yoast SEO plugin. -->","yoast_head_json":{"title":"Der gestickte Aufn\u00e4her der Magna Via Francigena - Slowshop","description":"Offizieller Aufn\u00e4her der Magna Via Francigena \u2013 der Weg von Palermo bis Agrigent. Trage das Symbol deiner sizilianischen Abenteuer bei dir!","robots":{"index":"index","follow":"follow","max-snippet":"max-snippet:-1","max-image-preview":"max-image-preview:large","max-video-preview":"max-video-preview:-1"},"canonical":"https:\/\/www.slowshop.eu\/de\/produkt\/der-gestickte-aufnaeher-der-magna-via-francigena\/","og_locale":"de_DE","og_type":"article","og_title":"Der gestickte Aufn\u00e4her der Magna Via Francigena - Slowshop","og_description":"Offizieller Aufn\u00e4her der Magna Via Francigena \u2013 der Weg von Palermo bis Agrigent. Trage das Symbol deiner sizilianischen Abenteuer bei dir!","og_url":"https:\/\/www.slowshop.eu\/de\/produkt\/der-gestickte-aufnaeher-der-magna-via-francigena\/","og_site_name":"Slowshop","article_modified_time":"2026-01-16T15:49:18+00:00","og_image":[{"width":600,"height":750,"url":"https:\/\/www.slowshop.eu\/wp-content\/uploads\/2022\/08\/Copia-di-Toppa-OROPA.png","type":"image\/png"}],"twitter_card":"summary_large_image","twitter_misc":{"Gesch\u00e4tzte Lesezeit":"2\u00a0Minuten"},"schema":{"@context":"https:\/\/schema.org","@graph":[{"@type":"WebPage","@id":"https:\/\/www.slowshop.eu\/de\/produkt\/der-gestickte-aufnaeher-der-magna-via-francigena\/","url":"https:\/\/www.slowshop.eu\/de\/produkt\/der-gestickte-aufnaeher-der-magna-via-francigena\/","name":"Der gestickte Aufn\u00e4her der Magna Via Francigena - Slowshop","isPartOf":{"@id":"https:\/\/www.slowshop.eu\/de\/#website"},"primaryImageOfPage":{"@id":"https:\/\/www.slowshop.eu\/de\/produkt\/der-gestickte-aufnaeher-der-magna-via-francigena\/#primaryimage"},"image":{"@id":"https:\/\/www.slowshop.eu\/de\/produkt\/der-gestickte-aufnaeher-der-magna-via-francigena\/#primaryimage"},"thumbnailUrl":"https:\/\/www.slowshop.eu\/wp-content\/uploads\/2022\/08\/Copia-di-Toppa-OROPA.png","datePublished":"2022-08-10T09:44:29+00:00","dateModified":"2026-01-16T15:49:18+00:00","description":"Offizieller Aufn\u00e4her der Magna Via Francigena \u2013 der Weg von Palermo bis Agrigent. Trage das Symbol deiner sizilianischen Abenteuer bei dir!","breadcrumb":{"@id":"https:\/\/www.slowshop.eu\/de\/produkt\/der-gestickte-aufnaeher-der-magna-via-francigena\/#breadcrumb"},"inLanguage":"de","potentialAction":[{"@type":"ReadAction","target":["https:\/\/www.slowshop.eu\/de\/produkt\/der-gestickte-aufnaeher-der-magna-via-francigena\/"]}]},{"@type":"ImageObject","inLanguage":"de","@id":"https:\/\/www.slowshop.eu\/de\/produkt\/der-gestickte-aufnaeher-der-magna-via-francigena\/#primaryimage","url":"https:\/\/www.slowshop.eu\/wp-content\/uploads\/2022\/08\/Copia-di-Toppa-OROPA.png","contentUrl":"https:\/\/www.slowshop.eu\/wp-content\/uploads\/2022\/08\/Copia-di-Toppa-OROPA.png","width":600,"height":750,"caption":"Toppa ricamata Magna Via Francigena"},{"@type":"BreadcrumbList","@id":"https:\/\/www.slowshop.eu\/de\/produkt\/der-gestickte-aufnaeher-der-magna-via-francigena\/#breadcrumb","itemListElement":[{"@type":"ListItem","position":1,"name":"Home","item":"https:\/\/www.slowshop.eu\/de\/"},{"@type":"ListItem","position":2,"name":"Cataloge","item":"https:\/\/www.slowshop.eu\/catalogo\/"},{"@type":"ListItem","position":3,"name":"Der gestickte Aufn\u00e4her der Magna Via Francigena"}]},{"@type":"WebSite","@id":"https:\/\/www.slowshop.eu\/de\/#website","url":"https:\/\/www.slowshop.eu\/de\/","name":"SlowShop","description":"Vie Francigene Shop","publisher":{"@id":"https:\/\/www.slowshop.eu\/de\/#organization"},"potentialAction":[{"@type":"SearchAction","target":{"@type":"EntryPoint","urlTemplate":"https:\/\/www.slowshop.eu\/de\/?s={search_term_string}"},"query-input":{"@type":"PropertyValueSpecification","valueRequired":true,"valueName":"search_term_string"}}],"inLanguage":"de"},{"@type":"Organization","@id":"https:\/\/www.slowshop.eu\/de\/#organization","name":"SlowShop","url":"https:\/\/www.slowshop.eu\/de\/","logo":{"@type":"ImageObject","inLanguage":"de","@id":"https:\/\/www.slowshop.eu\/de\/#\/schema\/logo\/image\/","url":"https:\/\/www.slowshop.eu\/wp-content\/uploads\/2024\/07\/cropped-immagine-1.png","contentUrl":"https:\/\/www.slowshop.eu\/wp-content\/uploads\/2024\/07\/cropped-immagine-1.png","width":512,"height":512,"caption":"SlowShop"},"image":{"@id":"https:\/\/www.slowshop.eu\/de\/#\/schema\/logo\/image\/"}}]}},"_links":{"self":[{"href":"https:\/\/www.slowshop.eu\/de\/wp-json\/wp\/v2\/product\/9439","targetHints":{"allow":["GET"]}}],"collection":[{"href":"https:\/\/www.slowshop.eu\/de\/wp-json\/wp\/v2\/product"}],"about":[{"href":"https:\/\/www.slowshop.eu\/de\/wp-json\/wp\/v2\/types\/product"}],"wp:featuredmedia":[{"embeddable":true,"href":"https:\/\/www.slowshop.eu\/de\/wp-json\/wp\/v2\/media\/9443"}],"wp:attachment":[{"href":"https:\/\/www.slowshop.eu\/de\/wp-json\/wp\/v2\/media?parent=9439"}],"wp:term":[{"taxonomy":"product_brand","embeddable":true,"href":"https:\/\/www.slowshop.eu\/de\/wp-json\/wp\/v2\/product_brand?post=9439"},{"taxonomy":"product_cat","embeddable":true,"href":"https:\/\/www.slowshop.eu\/de\/wp-json\/wp\/v2\/product_cat?post=9439"},{"taxonomy":"product_tag","embeddable":true,"href":"https:\/\/www.slowshop.eu\/de\/wp-json\/wp\/v2\/product_tag?post=9439"}],"curies":[{"name":"wp","href":"https:\/\/api.w.org\/{rel}","templated":true}]}}