{"id":9645,"date":"2022-08-25T12:53:45","date_gmt":"2022-08-25T10:53:45","guid":{"rendered":"https:\/\/www.slowshop.eu\/?post_type=product&#038;p=9645"},"modified":"2026-01-12T13:09:33","modified_gmt":"2026-01-12T12:09:33","slug":"die-via-francigena-im-suden-deutsch","status":"publish","type":"product","link":"https:\/\/www.slowshop.eu\/de\/produkt\/die-via-francigena-im-suden-deutsch\/","title":{"rendered":"Die Via Francigena im S\u00fcden Reisef\u00fchrer in Englisch"},"content":{"rendered":"<h3>Die Via Francigena im Suden &#8211; Offizieller Reisef\u00fchrer<\/h3>\n<p>Die Via Francigena im S\u00fcden &#8211; Offizieller Reisef\u00fchrer,<strong> 930 km von Rom nach Santa Maria di Leuca, <\/strong>voller neuer Erkenntnisse und n\u00fctzlicher Informationen f\u00fcr alle, die sich auf den Weg machen, auch wenn es nur f\u00fcr ein paar Tage ist.<\/p>\n<h4>Eine kontinuierliche Entdeckung:<\/h4>\n<p>Von <strong>Rom<\/strong> bis <strong>Santa Maria di Leuca<\/strong> erstreckt sich eine spektakul\u00e4re Reise entlang alter Konsularstra\u00dfen, durch arch\u00e4ologische Sch\u00e4tze und durch unber\u00fchrte Naturgebiete. Unterwegs trifft man auf majest\u00e4tische Schl\u00f6sser und Kl\u00f6ster, w\u00e4hrend am Horizont Land, Himmel und Meer ineinander \u00fcbergehen.<\/p>\n<p>Beginnend im Parco dell&#8217;Appia Antica f\u00fchrt der Weg durch malerische Orte wie Terracina, Gaeta, Sessa Aurunca und Benevento, strategische Knotenpunkte zwischen der Via Appia und der Via Traiana. Weiter geht es entlang des Gargano und des Salento, vorbei an historischen Einschiffungsh\u00e4fen ins Heilige Land.<\/p>\n<p>Dieser Weg bietet eine beeindruckende Reise durch die Sch\u00f6nheit Italiens.<\/p>\n<p>Jede Etappe ist sorgf\u00e4ltig geplant und bietet detaillierte Karten, H\u00f6henprofile, Informationen zu Wasserquellen und Gel\u00e4nde (Schotter oder Asphalt). Au\u00dferdem gibt es Tipps zu \u00dcbernachtungsm\u00f6glichkeiten und Sehensw\u00fcrdigkeiten.<\/p>\n<p><strong>Dieser Reisef\u00fchrer ist f\u00fcr jeder und Wanderliebhaber gedacht<\/strong>. Er l\u00e4dt alle ein, selbst auf kurzen Strecken einen der anspruchsvollsten und unentdecktesten Wege zu erkunden \u2013 eine Geschichte voller Abenteuer und Entdeckungen, die nur darauf wartet, erlebt zu werden.<\/p>\n<p>&nbsp;<\/p>\n<p><strong><span style=\"font-family: 'Calibri',sans-serif;\">Besitzen Sie bereits den Pilgerausweis?<\/span><\/strong><b><\/b><br \/>\nDer Pilgerausweis ist der &#8222;Reisepass&#8220; des Pilgers. Es bescheinigt die Identit\u00e4t und die Beweggr\u00fcnde des Reisenden und ist ein unverzichtbares Instrument. <a href=\"https:\/\/www.slowshop.eu\/prodotto\/credenziale-del-pellegrino-via-francigena\/\"><strong><span style=\"font-family: 'Calibri',sans-serif; color: #e06100; text-decoration: none; text-underline: none;\">Sie k\u00f6nnen es hier kaufen.<\/span><\/strong><\/a><\/p>\n<h2><strong>Reise mit uns<\/strong><\/h2>\n<p>Jetzt, wo Sie Ihren offiziellen Ausweis haben, m\u00fcssen Sie nur noch Ihre Reise entlang der <a href=\"https:\/\/www.sloways.eu\/tema_via-francigena\">Via Francigena<\/a> buchen. Wenn Sie auf unserer Website buchen, erhalten Sie vollst\u00e4ndige Unterlagen f\u00fcr Ihre Reise. Wir bieten Ihnen eine 24-Stunden-Betreuung und buchen traumhafte Unterk\u00fcnfte f\u00fcr Ihren Aufenthalt, damit Ihr Urlaub zu einem unvergesslichen Erlebnis wird. Um uns zu kontaktieren, schreiben Sie eine E-Mail an <a href=\"mailto:info@sloways.eu\">info@sloways.eu<\/a> oder besuchen <a href=\"https:\/\/www.sloways.eu\/contatti\">Sie die Seite.<\/a><\/p>\n","protected":false},"excerpt":{"rendered":"<p>Kaufen Sie den F\u00fchrer \u00fcber die Via Francigena im S\u00fcden<\/p>\n<p>Die Via Francigena im S\u00fcden &#8211; Offizieller F\u00fchrer, 930 km von Rom nach Santa Maria di Leuca, voller neuer Erkenntnisse und n\u00fctzlicher Informationen f\u00fcr alle, die sich auf den Weg machen, auch wenn es nur f\u00fcr ein paar Tage ist.<\/p>\n","protected":false},"featured_media":9665,"template":"","meta":{"_monsterinsights_skip_tracking":false,"_monsterinsights_sitenote_active":false,"_monsterinsights_sitenote_note":"","_monsterinsights_sitenote_category":0},"product_brand":[],"product_cat":[157],"product_tag":[151],"class_list":{"0":"post-9645","1":"product","2":"type-product","3":"status-publish","4":"has-post-thumbnail","6":"product_cat-uncategorized-de","7":"product_tag-via-francigena-de","8":"tm-no-options","10":"first","11":"instock","12":"taxable","13":"shipping-taxable","14":"purchasable","15":"product-type-simple"},"bundle_layout":"","bundle_add_to_cart_form_location":"","bundle_editable_in_cart":false,"bundle_sold_individually_context":"","bundle_item_grouping":"","bundle_min_size":"","bundle_max_size":"","bundled_by":[],"bundled_items":[],"yoast_head":"<!-- This site is optimized with the Yoast SEO plugin v26.2 - https:\/\/yoast.com\/wordpress\/plugins\/seo\/ -->\n<title>Die Via Francigena im S\u00fcden Reisef\u00fchrer in Englisch - Slowshop<\/title>\n<meta name=\"description\" content=\"Kaufen Sie Die Via Francigena im S\u00fcden - Offizieller F\u00fchrer. Eine Reise von Rom nach Santa Maria di Leuca - 930 km Konsularstra\u00dfen, arch\u00e4ologische St\u00e4tten.\" \/>\n<meta name=\"robots\" content=\"index, follow, max-snippet:-1, max-image-preview:large, max-video-preview:-1\" \/>\n<link rel=\"canonical\" href=\"https:\/\/www.slowshop.eu\/de\/produkt\/die-via-francigena-im-suden-deutsch\/\" \/>\n<meta property=\"og:locale\" content=\"de_DE\" \/>\n<meta property=\"og:type\" content=\"article\" \/>\n<meta property=\"og:title\" content=\"Die Via Francigena im S\u00fcden Reisef\u00fchrer in Englisch - Slowshop\" \/>\n<meta property=\"og:description\" content=\"Kaufen Sie Die Via Francigena im S\u00fcden - Offizieller F\u00fchrer. Eine Reise von Rom nach Santa Maria di Leuca - 930 km Konsularstra\u00dfen, arch\u00e4ologische St\u00e4tten.\" \/>\n<meta property=\"og:url\" content=\"https:\/\/www.slowshop.eu\/de\/produkt\/die-via-francigena-im-suden-deutsch\/\" \/>\n<meta property=\"og:site_name\" content=\"Slowshop\" \/>\n<meta property=\"article:modified_time\" content=\"2026-01-12T12:09:33+00:00\" \/>\n<meta property=\"og:image\" content=\"https:\/\/www.slowshop.eu\/wp-content\/uploads\/2022\/08\/Via-Francigena-del-SUD.png\" \/>\n\t<meta property=\"og:image:width\" content=\"600\" \/>\n\t<meta property=\"og:image:height\" content=\"750\" \/>\n\t<meta property=\"og:image:type\" content=\"image\/png\" \/>\n<meta name=\"twitter:card\" content=\"summary_large_image\" \/>\n<meta name=\"twitter:label1\" content=\"Gesch\u00e4tzte Lesezeit\" \/>\n\t<meta name=\"twitter:data1\" content=\"2\u00a0Minuten\" \/>\n<script type=\"application\/ld+json\" class=\"yoast-schema-graph\">{\"@context\":\"https:\/\/schema.org\",\"@graph\":[{\"@type\":\"WebPage\",\"@id\":\"https:\/\/www.slowshop.eu\/de\/produkt\/die-via-francigena-im-suden-deutsch\/\",\"url\":\"https:\/\/www.slowshop.eu\/de\/produkt\/die-via-francigena-im-suden-deutsch\/\",\"name\":\"Die Via Francigena im S\u00fcden Reisef\u00fchrer in Englisch - Slowshop\",\"isPartOf\":{\"@id\":\"https:\/\/www.slowshop.eu\/de\/#website\"},\"primaryImageOfPage\":{\"@id\":\"https:\/\/www.slowshop.eu\/de\/produkt\/die-via-francigena-im-suden-deutsch\/#primaryimage\"},\"image\":{\"@id\":\"https:\/\/www.slowshop.eu\/de\/produkt\/die-via-francigena-im-suden-deutsch\/#primaryimage\"},\"thumbnailUrl\":\"https:\/\/www.slowshop.eu\/wp-content\/uploads\/2022\/08\/Via-Francigena-del-SUD.png\",\"datePublished\":\"2022-08-25T10:53:45+00:00\",\"dateModified\":\"2026-01-12T12:09:33+00:00\",\"description\":\"Kaufen Sie Die Via Francigena im S\u00fcden - Offizieller F\u00fchrer. Eine Reise von Rom nach Santa Maria di Leuca - 930 km Konsularstra\u00dfen, arch\u00e4ologische St\u00e4tten.\",\"breadcrumb\":{\"@id\":\"https:\/\/www.slowshop.eu\/de\/produkt\/die-via-francigena-im-suden-deutsch\/#breadcrumb\"},\"inLanguage\":\"de\",\"potentialAction\":[{\"@type\":\"ReadAction\",\"target\":[\"https:\/\/www.slowshop.eu\/de\/produkt\/die-via-francigena-im-suden-deutsch\/\"]}]},{\"@type\":\"ImageObject\",\"inLanguage\":\"de\",\"@id\":\"https:\/\/www.slowshop.eu\/de\/produkt\/die-via-francigena-im-suden-deutsch\/#primaryimage\",\"url\":\"https:\/\/www.slowshop.eu\/wp-content\/uploads\/2022\/08\/Via-Francigena-del-SUD.png\",\"contentUrl\":\"https:\/\/www.slowshop.eu\/wp-content\/uploads\/2022\/08\/Via-Francigena-del-SUD.png\",\"width\":600,\"height\":750},{\"@type\":\"BreadcrumbList\",\"@id\":\"https:\/\/www.slowshop.eu\/de\/produkt\/die-via-francigena-im-suden-deutsch\/#breadcrumb\",\"itemListElement\":[{\"@type\":\"ListItem\",\"position\":1,\"name\":\"Home\",\"item\":\"https:\/\/www.slowshop.eu\/de\/\"},{\"@type\":\"ListItem\",\"position\":2,\"name\":\"Cataloge\",\"item\":\"https:\/\/www.slowshop.eu\/catalogo\/\"},{\"@type\":\"ListItem\",\"position\":3,\"name\":\"Die Via Francigena im S\u00fcden Reisef\u00fchrer in Englisch\"}]},{\"@type\":\"WebSite\",\"@id\":\"https:\/\/www.slowshop.eu\/de\/#website\",\"url\":\"https:\/\/www.slowshop.eu\/de\/\",\"name\":\"SlowShop\",\"description\":\"Vie Francigene Shop\",\"publisher\":{\"@id\":\"https:\/\/www.slowshop.eu\/de\/#organization\"},\"potentialAction\":[{\"@type\":\"SearchAction\",\"target\":{\"@type\":\"EntryPoint\",\"urlTemplate\":\"https:\/\/www.slowshop.eu\/de\/?s={search_term_string}\"},\"query-input\":{\"@type\":\"PropertyValueSpecification\",\"valueRequired\":true,\"valueName\":\"search_term_string\"}}],\"inLanguage\":\"de\"},{\"@type\":\"Organization\",\"@id\":\"https:\/\/www.slowshop.eu\/de\/#organization\",\"name\":\"SlowShop\",\"url\":\"https:\/\/www.slowshop.eu\/de\/\",\"logo\":{\"@type\":\"ImageObject\",\"inLanguage\":\"de\",\"@id\":\"https:\/\/www.slowshop.eu\/de\/#\/schema\/logo\/image\/\",\"url\":\"https:\/\/www.slowshop.eu\/wp-content\/uploads\/2024\/07\/cropped-immagine-1.png\",\"contentUrl\":\"https:\/\/www.slowshop.eu\/wp-content\/uploads\/2024\/07\/cropped-immagine-1.png\",\"width\":512,\"height\":512,\"caption\":\"SlowShop\"},\"image\":{\"@id\":\"https:\/\/www.slowshop.eu\/de\/#\/schema\/logo\/image\/\"}}]}<\/script>\n<!-- \/ Yoast SEO plugin. -->","yoast_head_json":{"title":"Die Via Francigena im S\u00fcden Reisef\u00fchrer in Englisch - Slowshop","description":"Kaufen Sie Die Via Francigena im S\u00fcden - Offizieller F\u00fchrer. Eine Reise von Rom nach Santa Maria di Leuca - 930 km Konsularstra\u00dfen, arch\u00e4ologische St\u00e4tten.","robots":{"index":"index","follow":"follow","max-snippet":"max-snippet:-1","max-image-preview":"max-image-preview:large","max-video-preview":"max-video-preview:-1"},"canonical":"https:\/\/www.slowshop.eu\/de\/produkt\/die-via-francigena-im-suden-deutsch\/","og_locale":"de_DE","og_type":"article","og_title":"Die Via Francigena im S\u00fcden Reisef\u00fchrer in Englisch - Slowshop","og_description":"Kaufen Sie Die Via Francigena im S\u00fcden - Offizieller F\u00fchrer. Eine Reise von Rom nach Santa Maria di Leuca - 930 km Konsularstra\u00dfen, arch\u00e4ologische St\u00e4tten.","og_url":"https:\/\/www.slowshop.eu\/de\/produkt\/die-via-francigena-im-suden-deutsch\/","og_site_name":"Slowshop","article_modified_time":"2026-01-12T12:09:33+00:00","og_image":[{"width":600,"height":750,"url":"https:\/\/www.slowshop.eu\/wp-content\/uploads\/2022\/08\/Via-Francigena-del-SUD.png","type":"image\/png"}],"twitter_card":"summary_large_image","twitter_misc":{"Gesch\u00e4tzte Lesezeit":"2\u00a0Minuten"},"schema":{"@context":"https:\/\/schema.org","@graph":[{"@type":"WebPage","@id":"https:\/\/www.slowshop.eu\/de\/produkt\/die-via-francigena-im-suden-deutsch\/","url":"https:\/\/www.slowshop.eu\/de\/produkt\/die-via-francigena-im-suden-deutsch\/","name":"Die Via Francigena im S\u00fcden Reisef\u00fchrer in Englisch - Slowshop","isPartOf":{"@id":"https:\/\/www.slowshop.eu\/de\/#website"},"primaryImageOfPage":{"@id":"https:\/\/www.slowshop.eu\/de\/produkt\/die-via-francigena-im-suden-deutsch\/#primaryimage"},"image":{"@id":"https:\/\/www.slowshop.eu\/de\/produkt\/die-via-francigena-im-suden-deutsch\/#primaryimage"},"thumbnailUrl":"https:\/\/www.slowshop.eu\/wp-content\/uploads\/2022\/08\/Via-Francigena-del-SUD.png","datePublished":"2022-08-25T10:53:45+00:00","dateModified":"2026-01-12T12:09:33+00:00","description":"Kaufen Sie Die Via Francigena im S\u00fcden - Offizieller F\u00fchrer. Eine Reise von Rom nach Santa Maria di Leuca - 930 km Konsularstra\u00dfen, arch\u00e4ologische St\u00e4tten.","breadcrumb":{"@id":"https:\/\/www.slowshop.eu\/de\/produkt\/die-via-francigena-im-suden-deutsch\/#breadcrumb"},"inLanguage":"de","potentialAction":[{"@type":"ReadAction","target":["https:\/\/www.slowshop.eu\/de\/produkt\/die-via-francigena-im-suden-deutsch\/"]}]},{"@type":"ImageObject","inLanguage":"de","@id":"https:\/\/www.slowshop.eu\/de\/produkt\/die-via-francigena-im-suden-deutsch\/#primaryimage","url":"https:\/\/www.slowshop.eu\/wp-content\/uploads\/2022\/08\/Via-Francigena-del-SUD.png","contentUrl":"https:\/\/www.slowshop.eu\/wp-content\/uploads\/2022\/08\/Via-Francigena-del-SUD.png","width":600,"height":750},{"@type":"BreadcrumbList","@id":"https:\/\/www.slowshop.eu\/de\/produkt\/die-via-francigena-im-suden-deutsch\/#breadcrumb","itemListElement":[{"@type":"ListItem","position":1,"name":"Home","item":"https:\/\/www.slowshop.eu\/de\/"},{"@type":"ListItem","position":2,"name":"Cataloge","item":"https:\/\/www.slowshop.eu\/catalogo\/"},{"@type":"ListItem","position":3,"name":"Die Via Francigena im S\u00fcden Reisef\u00fchrer in Englisch"}]},{"@type":"WebSite","@id":"https:\/\/www.slowshop.eu\/de\/#website","url":"https:\/\/www.slowshop.eu\/de\/","name":"SlowShop","description":"Vie Francigene Shop","publisher":{"@id":"https:\/\/www.slowshop.eu\/de\/#organization"},"potentialAction":[{"@type":"SearchAction","target":{"@type":"EntryPoint","urlTemplate":"https:\/\/www.slowshop.eu\/de\/?s={search_term_string}"},"query-input":{"@type":"PropertyValueSpecification","valueRequired":true,"valueName":"search_term_string"}}],"inLanguage":"de"},{"@type":"Organization","@id":"https:\/\/www.slowshop.eu\/de\/#organization","name":"SlowShop","url":"https:\/\/www.slowshop.eu\/de\/","logo":{"@type":"ImageObject","inLanguage":"de","@id":"https:\/\/www.slowshop.eu\/de\/#\/schema\/logo\/image\/","url":"https:\/\/www.slowshop.eu\/wp-content\/uploads\/2024\/07\/cropped-immagine-1.png","contentUrl":"https:\/\/www.slowshop.eu\/wp-content\/uploads\/2024\/07\/cropped-immagine-1.png","width":512,"height":512,"caption":"SlowShop"},"image":{"@id":"https:\/\/www.slowshop.eu\/de\/#\/schema\/logo\/image\/"}}]}},"_links":{"self":[{"href":"https:\/\/www.slowshop.eu\/de\/wp-json\/wp\/v2\/product\/9645","targetHints":{"allow":["GET"]}}],"collection":[{"href":"https:\/\/www.slowshop.eu\/de\/wp-json\/wp\/v2\/product"}],"about":[{"href":"https:\/\/www.slowshop.eu\/de\/wp-json\/wp\/v2\/types\/product"}],"wp:featuredmedia":[{"embeddable":true,"href":"https:\/\/www.slowshop.eu\/de\/wp-json\/wp\/v2\/media\/9665"}],"wp:attachment":[{"href":"https:\/\/www.slowshop.eu\/de\/wp-json\/wp\/v2\/media?parent=9645"}],"wp:term":[{"taxonomy":"product_brand","embeddable":true,"href":"https:\/\/www.slowshop.eu\/de\/wp-json\/wp\/v2\/product_brand?post=9645"},{"taxonomy":"product_cat","embeddable":true,"href":"https:\/\/www.slowshop.eu\/de\/wp-json\/wp\/v2\/product_cat?post=9645"},{"taxonomy":"product_tag","embeddable":true,"href":"https:\/\/www.slowshop.eu\/de\/wp-json\/wp\/v2\/product_tag?post=9645"}],"curies":[{"name":"wp","href":"https:\/\/api.w.org\/{rel}","templated":true}]}}