{"id":3292,"date":"2021-05-24T11:21:44","date_gmt":"2021-05-24T09:21:44","guid":{"rendered":"https:\/\/www.slowshop.eu\/condizioni-di-vendita\/"},"modified":"2021-07-05T14:07:11","modified_gmt":"2021-07-05T12:07:11","slug":"conditions-de-vente","status":"publish","type":"page","link":"https:\/\/www.slowshop.eu\/fr\/conditions-de-vente\/","title":{"rendered":"Conditions de vente"},"content":{"rendered":"<p>[vc_row][vc_column][gsf_space desktop=\u00a0\u00bb110&Prime; tablet=\u00a0\u00bb90&Prime; tablet_portrait=\u00a0\u00bb80&Prime; mobile_landscape=\u00a0\u00bb70&Prime; mobile=\u00a0\u00bb60&Prime;][vc_column_text el_class=\u00a0\u00bb\u00a0\u00bb]<strong>Exp\u00e9dition<\/strong><\/p>\n<p><strong>Les envois sont pr\u00e9par\u00e9s avant 9h et sont exp\u00e9di\u00e9s le lendemain.<\/strong><\/p>\n<p><strong>Par cons\u00e9quent, tenez compte d&rsquo;une fen\u00eatre possible de deux jours ouvr\u00e9s pour la pr\u00e9paration avant exp\u00e9dition lors du calcul du d\u00e9lai de livraison de votre commande.<\/strong><\/p>\n<p><strong>Les envois peuvent \u00eatre demand\u00e9s via :<\/strong><\/p>\n<p><strong>\u00a0<\/strong><\/p>\n<p>&#8211; Poste italien :<\/p>\n<p>via Post Light (ordinaire) NON TRACABLE&gt; s\u00e9lectionnable uniquement pour Pilgrim&rsquo;s Credentials, jusqu&rsquo;\u00e0 un maximum de 2 pi\u00e8ces, destination Italie.<\/p>\n<p>Nous pr\u00e9cisons que l&rsquo;exp\u00e9dition par courrier ordinaire est moins ch\u00e8re mais ELLE N&rsquo;EST PAS TRA\u00c7ABLE et elle est plut\u00f4t lente (avec un d\u00e9lai de livraison pr\u00e9visible de 7 jours ouvr\u00e9s mais parfois m\u00eame 30 jours).<\/p>\n<p>Compte tenu du type particulier d&rsquo;envoi, nous ne pouvons assumer aucune responsabilit\u00e9 sur les d\u00e9lais de livraison ni suivre leur avancement apr\u00e8s avoir \u00e9t\u00e9 confi\u00e9s \u00e0 La Poste (la date d&rsquo;attribution est donc la seule donn\u00e9e certaine que nous pouvons vous fournir).<\/p>\n<p>En cas de non-livraison, la commande devra donc \u00eatre pass\u00e9e \u00e0 nouveau.<\/p>\n<p>Si vous pr\u00e9f\u00e9rez une exp\u00e9dition garantie et rapide, nous vous recommandons de choisir le courrier express<\/p>\n<p>&nbsp;<\/p>\n<p>&#8211; Bartolini Express Courier&gt; s\u00e9lectionnable pour toutes les marchandises;<\/p>\n<p>tra\u00e7able et contr\u00f4lable via le site Web de Bartolini Italia (https:\/\/www.brt.it);<\/p>\n<p>d\u00e9lais de livraison indicatifs :<\/p>\n<p>&nbsp;<\/p>\n<p>Italie &gt; 24 heures centres principaux &#8211; 48 heures centres secondaires (\u00e0 partir de l&rsquo;exp\u00e9dition)<\/p>\n<p>Europe UE&gt; 2 jours ouvrables (\u00e0 partir de l&rsquo;exp\u00e9dition)<\/p>\n<p>Europe extraUE&gt; 3 jours ouvrables pour les centres principaux, 4 \u00e0 5 jours ouvrables pour les zones d\u00e9centralis\u00e9es secondaires<\/p>\n<p>+ 24 heures suppl\u00e9mentaires possibles en cas de contr\u00f4les douaniers<\/p>\n<p>Asie \/ Afrique \/ Oc\u00e9anie &gt; 2 \u00e0 4 jours ouvrables pour les centres principaux, 3 \u00e0 5 jours ouvrables pour les zones d\u00e9centralis\u00e9es secondaires<\/p>\n<p>+ 24 heures suppl\u00e9mentaires possibles en cas de contr\u00f4les douaniers<\/p>\n<p>Etats-Unis &gt; 2 jours ouvr\u00e9s<\/p>\n<p>+ 24 heures suppl\u00e9mentaires possibles en cas de contr\u00f4les douaniers<\/p>\n<p>Canada&gt; 2 &#8211; 3 jours ouvrables vers les grands centres<\/p>\n<p>+ 24 heures suppl\u00e9mentaires possibles en cas de contr\u00f4les douaniers<\/p>\n<p>Am\u00e9rique centrale et du Sud&gt; 3 &#8211; 5 jours ouvrables<\/p>\n<p>+ 24 heures suppl\u00e9mentaires possibles en cas de contr\u00f4les douaniers<\/p>\n<p>La pr\u00e9paration de l&rsquo;exp\u00e9dition peut \u00eatre retard\u00e9e si les marchandises ne sont pas disponibles en stock.<\/p>\n<p>&nbsp;<\/p>\n<p>Les exp\u00e9ditions se font du lundi au vendredi (hors jours f\u00e9ri\u00e9s)<\/p>\n<p>&nbsp;<\/p>\n<p>Pour suivre l&rsquo;envoi (courrier ordinaire hors livres), vous serez inform\u00e9 du num\u00e9ro d&rsquo;identification de l&rsquo;exp\u00e9dition que vous pouvez \u00e9galement demander en \u00e9crivant \u00e0 : <a href=\"mailto:shop@sloways.eu\">shop@sloways.eu<\/a><\/p>\n<p>&nbsp;<\/p>\n<p><strong>Remboursement<\/strong><\/p>\n<p>Les remboursements sont fournis en cas de marchandises incorrectes exp\u00e9di\u00e9es.<\/p>\n<p>Les remboursements ne sont PAS fournis si l&rsquo;utilisateur :<\/p>\n<p>&#8211; \u00e9crit incorrectement l&rsquo;adresse de livraison et les marchandises ne sont pas livr\u00e9es et doivent \u00eatre retourn\u00e9es<\/p>\n<p>&#8211; si l&rsquo;exp\u00e9dition est retard\u00e9e en raison de l&rsquo;indisponibilit\u00e9 de la marchandise en stock<\/p>\n<p>&#8211; dans le cas o\u00f9 la Poste italienne ne trouverait pas l&rsquo;utilisateur, et que celui-ci n&rsquo;irait pas par la suite r\u00e9cup\u00e9rer le colis aupr\u00e8s des services postaux dans les d\u00e9lais.<\/p>\n<p><strong>\u00a0<\/strong><\/p>\n<p><strong>Conditions G\u00e9n\u00e9rales de Vente<\/strong><\/p>\n<p><strong>\u00a0<\/strong><\/p>\n<ol>\n<li><strong> Objet du contrat en ligne et sa d\u00e9finition<\/strong><\/li>\n<\/ol>\n<p>Par contrat de vente \u00ab en ligne \u00bb, nous entendons le contrat \u00e0 distance, c&rsquo;est-\u00e0-dire l&rsquo;acte juridique ayant pour objet des biens mobiliers et\/ou des services stipul\u00e9s entre un fournisseur, S-Cape s.r.l. bas\u00e9 \u00e0 Borgo Allegri 16R, Florence, et un client consommateur dans le cadre d&rsquo;un syst\u00e8me de vente \u00e0 distance organis\u00e9 par le fournisseur qui, pour ce contrat, utilise la technologie de communication \u00e0 distance appel\u00e9e \u00ab internet \u00bb. Tous les contrats seront donc conclus directement par l&rsquo;acc\u00e8s du client consommateur au site Web correspondant \u00e0 l&rsquo;adresse : http:\/\/www.sloways.shop, o\u00f9, en suivant les proc\u00e9dures indiqu\u00e9es, il conclura le contrat d&rsquo;achat du actif. Par consommateur final, nous entendons la personne physique qui ach\u00e8te des biens et des services \u00e0 des fins non directement li\u00e9es \u00e0 une activit\u00e9 professionnelle exerc\u00e9e. Vous trouverez ci-dessous les conditions de vente qui resteront en vigueur jusqu&rsquo;\u00e0 ce qu&rsquo;elles soient modifi\u00e9es par le fournisseur. Toute modification des conditions de vente sera effective \u00e0 compter de sa publication sur le site et concernera les ventes r\u00e9alis\u00e9es \u00e0 partir de ce moment.<\/p>\n<ol start=\"2\">\n<li><strong> Prix de vente et modalit\u00e9s d&rsquo;achat<\/strong><\/li>\n<\/ol>\n<p>Tous les prix de vente des services affich\u00e9s et indiqu\u00e9s sur le site Web, pour lesquels ils constituent une offre au public conform\u00e9ment \u00e0 l&rsquo;art. 1336 du Code civil italien, sont TTC. et toutes autres taxes (sauf indication contraire) Tous les prix des produits sont valables dans le monde entier. Lorsqu&rsquo;un co\u00fbt de transport est pr\u00e9vu, il est d\u00fbment signal\u00e9 sur la page appropri\u00e9e du site que le client prendra soin de consulter avant de valider l&rsquo;achat. Le contrat d&rsquo;achat est finalis\u00e9 par la compilation exacte et le consentement \u00e0 l&rsquo;achat exprim\u00e9 par l&rsquo;adh\u00e9sion donn\u00e9e \u00ab\u00a0en ligne\u00a0\u00bb. Le client peut payer les marchandises command\u00e9es en utilisant uniquement les modes de paiement indiqu\u00e9s en ligne au moment de l&rsquo;achat.<\/p>\n<ol start=\"3\">\n<li><strong> Obligations de l&rsquo;acheteur<\/strong><\/li>\n<\/ol>\n<p>Le consommateur s&rsquo;engage et s&rsquo;engage, une fois la proc\u00e9dure d&rsquo;achat \u00ab en ligne \u00bb achev\u00e9e, \u00e0 imprimer et \u00e0 conserver les pr\u00e9sentes conditions g\u00e9n\u00e9rales, qu&rsquo;il aura d&rsquo;ailleurs d\u00e9j\u00e0 vues et accept\u00e9es comme une \u00e9tape obligatoire de l&rsquo;achat, ainsi que des sp\u00e9cifications du produit achet\u00e9, et ce afin de satisfaire pleinement \u00e0 la condition de l&rsquo;art. 3 et 4 du d\u00e9cr. L\u00e9gisl. n\u00b0185\/1999. Il est strictement interdit \u00e0 l&rsquo;acheteur de saisir des donn\u00e9es fausses et \/ ou invent\u00e9es et \/ ou fictives dans la proc\u00e9dure d&rsquo;enregistrement n\u00e9cessaire pour activer la proc\u00e9dure d&rsquo;ex\u00e9cution du pr\u00e9sent contrat et les communications ult\u00e9rieures connexes pour lui ; les donn\u00e9es personnelles et l&rsquo;adresse e-mail doivent \u00eatre exclusivement leurs donn\u00e9es personnelles r\u00e9elles et non celles de tiers, ou de fantaisie. Il est express\u00e9ment interdit de faire des doubles inscriptions correspondant \u00e0 une seule personne ou de saisir des donn\u00e9es de tiers. S-Cape srl se r\u00e9serve le droit de poursuivre l\u00e9galement toute violation et abus, dans l&rsquo;int\u00e9r\u00eat et pour la protection de tous les consommateurs.<\/p>\n<ol start=\"4\">\n<li><strong> R\u00e9siliation du contrat et clause r\u00e9solutoire expresse<\/strong><\/li>\n<\/ol>\n<p>S-Cape s.r.l. a le droit de r\u00e9silier le contrat stipul\u00e9 en le communiquant simplement au client avec des motifs ad\u00e9quats et justifi\u00e9s ; dans ce cas, le client n&rsquo;aura droit qu&rsquo;au remboursement de toute somme d\u00e9j\u00e0 assum\u00e9e et vers\u00e9e.<\/p>\n<ol start=\"5\">\n<li><strong> Comp\u00e9tence et tribunal comp\u00e9tent<\/strong><\/li>\n<\/ol>\n<p>Tout litige relatif \u00e0 l&rsquo;application, l&rsquo;ex\u00e9cution, l&rsquo;interpr\u00e9tation et la violation des contrats d&rsquo;achat stipul\u00e9s \u00ab\u00a0en ligne\u00a0\u00bb via le site www.sloways.shop est soumis \u00e0 la juridiction italienne ; ces conditions g\u00e9n\u00e9rales sont rapport\u00e9es, bien que non express\u00e9ment pr\u00e9vues dans celles-ci, en liaison avec le d\u00e9cret l\u00e9gislatif n\u00b0 50 du 15.1.1992 et le d\u00e9cret l\u00e9gislatif n\u00b0 185 du 22.5.1999. Pour tout litige entre les parties relatif au pr\u00e9sent contrat, le Tribunal du domicile du Client ou du domicile \u00e9lectif du consommateur final sera comp\u00e9tent (Art. 1469 Bis N\u00b019).[\/vc_column_text][gsf_space desktop=\u00a0\u00bb110&Prime; tablet=\u00a0\u00bb90&Prime; tablet_portrait=\u00a0\u00bb80&Prime; mobile_landscape=\u00a0\u00bb70&Prime; mobile=\u00a0\u00bb60&Prime;][\/vc_column][\/vc_row]<\/p>\n","protected":false},"excerpt":{"rendered":"<p>[vc_row][vc_column][gsf_space desktop=\u00a0\u00bb110&Prime; tablet=\u00a0\u00bb90&Prime; tablet_portrait=\u00a0\u00bb80&Prime; mobile_landscape=\u00a0\u00bb70&Prime; mobile=\u00a0\u00bb60&Prime;][vc_column_text el_class=\u00a0\u00bb\u00a0\u00bb]Exp\u00e9dition Les envois sont pr\u00e9par\u00e9s avant 9h et sont exp\u00e9di\u00e9s le lendemain. Par cons\u00e9quent, tenez compte d&rsquo;une fen\u00eatre possible de deux jours ouvr\u00e9s pour la pr\u00e9paration avant exp\u00e9dition lors du calcul du d\u00e9lai de livraison de votre commande. Les envois peuvent \u00eatre demand\u00e9s via : \u00a0 &#8211; Poste italien [&hellip;]<\/p>\n","protected":false},"author":1,"featured_media":0,"parent":0,"menu_order":0,"comment_status":"closed","ping_status":"closed","template":"","meta":{"_monsterinsights_skip_tracking":false,"_monsterinsights_sitenote_active":false,"_monsterinsights_sitenote_note":"","_monsterinsights_sitenote_category":0,"footnotes":""},"class_list":["post-3292","page","type-page","status-publish","hentry"],"yoast_head":"<!-- This site is optimized with the Yoast SEO plugin v26.2 - https:\/\/yoast.com\/wordpress\/plugins\/seo\/ -->\n<title>Conditions de vente - Slowshop<\/title>\n<meta name=\"robots\" content=\"index, follow, max-snippet:-1, max-image-preview:large, max-video-preview:-1\" \/>\n<link rel=\"canonical\" href=\"https:\/\/www.slowshop.eu\/fr\/conditions-de-vente\/\" \/>\n<meta property=\"og:locale\" content=\"fr_FR\" \/>\n<meta property=\"og:type\" content=\"article\" \/>\n<meta property=\"og:title\" content=\"Conditions de vente - Slowshop\" \/>\n<meta property=\"og:description\" content=\"[vc_row][vc_column][gsf_space desktop=\u00a0\u00bb110&Prime; tablet=\u00a0\u00bb90&Prime; tablet_portrait=\u00a0\u00bb80&Prime; mobile_landscape=\u00a0\u00bb70&Prime; mobile=\u00a0\u00bb60&Prime;][vc_column_text el_class=\u00a0\u00bb\u00a0\u00bb]Exp\u00e9dition Les envois sont pr\u00e9par\u00e9s avant 9h et sont exp\u00e9di\u00e9s le lendemain. Par cons\u00e9quent, tenez compte d&rsquo;une fen\u00eatre possible de deux jours ouvr\u00e9s pour la pr\u00e9paration avant exp\u00e9dition lors du calcul du d\u00e9lai de livraison de votre commande. Les envois peuvent \u00eatre demand\u00e9s via : \u00a0 &#8211; Poste italien [&hellip;]\" \/>\n<meta property=\"og:url\" content=\"https:\/\/www.slowshop.eu\/fr\/conditions-de-vente\/\" \/>\n<meta property=\"og:site_name\" content=\"Slowshop\" \/>\n<meta property=\"article:modified_time\" content=\"2021-07-05T12:07:11+00:00\" \/>\n<meta property=\"og:image\" content=\"https:\/\/www.slowshop.eu\/wp-content\/uploads\/2024\/07\/cropped-immagine-1.png\" \/>\n\t<meta property=\"og:image:width\" content=\"512\" \/>\n\t<meta property=\"og:image:height\" content=\"512\" \/>\n\t<meta property=\"og:image:type\" content=\"image\/png\" \/>\n<meta name=\"twitter:card\" content=\"summary_large_image\" \/>\n<meta name=\"twitter:label1\" content=\"Dur\u00e9e de lecture estim\u00e9e\" \/>\n\t<meta name=\"twitter:data1\" content=\"5 minutes\" \/>\n<script type=\"application\/ld+json\" class=\"yoast-schema-graph\">{\"@context\":\"https:\/\/schema.org\",\"@graph\":[{\"@type\":\"WebPage\",\"@id\":\"https:\/\/www.slowshop.eu\/fr\/conditions-de-vente\/\",\"url\":\"https:\/\/www.slowshop.eu\/fr\/conditions-de-vente\/\",\"name\":\"Conditions de vente - Slowshop\",\"isPartOf\":{\"@id\":\"https:\/\/www.slowshop.eu\/fr\/#website\"},\"datePublished\":\"2021-05-24T09:21:44+00:00\",\"dateModified\":\"2021-07-05T12:07:11+00:00\",\"breadcrumb\":{\"@id\":\"https:\/\/www.slowshop.eu\/fr\/conditions-de-vente\/#breadcrumb\"},\"inLanguage\":\"fr-FR\",\"potentialAction\":[{\"@type\":\"ReadAction\",\"target\":[\"https:\/\/www.slowshop.eu\/fr\/conditions-de-vente\/\"]}]},{\"@type\":\"BreadcrumbList\",\"@id\":\"https:\/\/www.slowshop.eu\/fr\/conditions-de-vente\/#breadcrumb\",\"itemListElement\":[{\"@type\":\"ListItem\",\"position\":1,\"name\":\"Home\",\"item\":\"https:\/\/www.slowshop.eu\/fr\/\"},{\"@type\":\"ListItem\",\"position\":2,\"name\":\"Conditions de vente\"}]},{\"@type\":\"WebSite\",\"@id\":\"https:\/\/www.slowshop.eu\/fr\/#website\",\"url\":\"https:\/\/www.slowshop.eu\/fr\/\",\"name\":\"SlowShop\",\"description\":\"Vie Francigene Shop\",\"publisher\":{\"@id\":\"https:\/\/www.slowshop.eu\/fr\/#organization\"},\"potentialAction\":[{\"@type\":\"SearchAction\",\"target\":{\"@type\":\"EntryPoint\",\"urlTemplate\":\"https:\/\/www.slowshop.eu\/fr\/?s={search_term_string}\"},\"query-input\":{\"@type\":\"PropertyValueSpecification\",\"valueRequired\":true,\"valueName\":\"search_term_string\"}}],\"inLanguage\":\"fr-FR\"},{\"@type\":\"Organization\",\"@id\":\"https:\/\/www.slowshop.eu\/fr\/#organization\",\"name\":\"SlowShop\",\"url\":\"https:\/\/www.slowshop.eu\/fr\/\",\"logo\":{\"@type\":\"ImageObject\",\"inLanguage\":\"fr-FR\",\"@id\":\"https:\/\/www.slowshop.eu\/fr\/#\/schema\/logo\/image\/\",\"url\":\"https:\/\/www.slowshop.eu\/wp-content\/uploads\/2024\/07\/cropped-immagine-1.png\",\"contentUrl\":\"https:\/\/www.slowshop.eu\/wp-content\/uploads\/2024\/07\/cropped-immagine-1.png\",\"width\":512,\"height\":512,\"caption\":\"SlowShop\"},\"image\":{\"@id\":\"https:\/\/www.slowshop.eu\/fr\/#\/schema\/logo\/image\/\"}}]}<\/script>\n<!-- \/ Yoast SEO plugin. -->","yoast_head_json":{"title":"Conditions de vente - Slowshop","robots":{"index":"index","follow":"follow","max-snippet":"max-snippet:-1","max-image-preview":"max-image-preview:large","max-video-preview":"max-video-preview:-1"},"canonical":"https:\/\/www.slowshop.eu\/fr\/conditions-de-vente\/","og_locale":"fr_FR","og_type":"article","og_title":"Conditions de vente - Slowshop","og_description":"[vc_row][vc_column][gsf_space desktop=\u00a0\u00bb110&Prime; tablet=\u00a0\u00bb90&Prime; tablet_portrait=\u00a0\u00bb80&Prime; mobile_landscape=\u00a0\u00bb70&Prime; mobile=\u00a0\u00bb60&Prime;][vc_column_text el_class=\u00a0\u00bb\u00a0\u00bb]Exp\u00e9dition Les envois sont pr\u00e9par\u00e9s avant 9h et sont exp\u00e9di\u00e9s le lendemain. Par cons\u00e9quent, tenez compte d&rsquo;une fen\u00eatre possible de deux jours ouvr\u00e9s pour la pr\u00e9paration avant exp\u00e9dition lors du calcul du d\u00e9lai de livraison de votre commande. Les envois peuvent \u00eatre demand\u00e9s via : \u00a0 &#8211; Poste italien [&hellip;]","og_url":"https:\/\/www.slowshop.eu\/fr\/conditions-de-vente\/","og_site_name":"Slowshop","article_modified_time":"2021-07-05T12:07:11+00:00","og_image":[{"width":512,"height":512,"url":"https:\/\/www.slowshop.eu\/wp-content\/uploads\/2024\/07\/cropped-immagine-1.png","type":"image\/png"}],"twitter_card":"summary_large_image","twitter_misc":{"Dur\u00e9e de lecture estim\u00e9e":"5 minutes"},"schema":{"@context":"https:\/\/schema.org","@graph":[{"@type":"WebPage","@id":"https:\/\/www.slowshop.eu\/fr\/conditions-de-vente\/","url":"https:\/\/www.slowshop.eu\/fr\/conditions-de-vente\/","name":"Conditions de vente - Slowshop","isPartOf":{"@id":"https:\/\/www.slowshop.eu\/fr\/#website"},"datePublished":"2021-05-24T09:21:44+00:00","dateModified":"2021-07-05T12:07:11+00:00","breadcrumb":{"@id":"https:\/\/www.slowshop.eu\/fr\/conditions-de-vente\/#breadcrumb"},"inLanguage":"fr-FR","potentialAction":[{"@type":"ReadAction","target":["https:\/\/www.slowshop.eu\/fr\/conditions-de-vente\/"]}]},{"@type":"BreadcrumbList","@id":"https:\/\/www.slowshop.eu\/fr\/conditions-de-vente\/#breadcrumb","itemListElement":[{"@type":"ListItem","position":1,"name":"Home","item":"https:\/\/www.slowshop.eu\/fr\/"},{"@type":"ListItem","position":2,"name":"Conditions de vente"}]},{"@type":"WebSite","@id":"https:\/\/www.slowshop.eu\/fr\/#website","url":"https:\/\/www.slowshop.eu\/fr\/","name":"SlowShop","description":"Vie Francigene Shop","publisher":{"@id":"https:\/\/www.slowshop.eu\/fr\/#organization"},"potentialAction":[{"@type":"SearchAction","target":{"@type":"EntryPoint","urlTemplate":"https:\/\/www.slowshop.eu\/fr\/?s={search_term_string}"},"query-input":{"@type":"PropertyValueSpecification","valueRequired":true,"valueName":"search_term_string"}}],"inLanguage":"fr-FR"},{"@type":"Organization","@id":"https:\/\/www.slowshop.eu\/fr\/#organization","name":"SlowShop","url":"https:\/\/www.slowshop.eu\/fr\/","logo":{"@type":"ImageObject","inLanguage":"fr-FR","@id":"https:\/\/www.slowshop.eu\/fr\/#\/schema\/logo\/image\/","url":"https:\/\/www.slowshop.eu\/wp-content\/uploads\/2024\/07\/cropped-immagine-1.png","contentUrl":"https:\/\/www.slowshop.eu\/wp-content\/uploads\/2024\/07\/cropped-immagine-1.png","width":512,"height":512,"caption":"SlowShop"},"image":{"@id":"https:\/\/www.slowshop.eu\/fr\/#\/schema\/logo\/image\/"}}]}},"_links":{"self":[{"href":"https:\/\/www.slowshop.eu\/fr\/wp-json\/wp\/v2\/pages\/3292","targetHints":{"allow":["GET"]}}],"collection":[{"href":"https:\/\/www.slowshop.eu\/fr\/wp-json\/wp\/v2\/pages"}],"about":[{"href":"https:\/\/www.slowshop.eu\/fr\/wp-json\/wp\/v2\/types\/page"}],"author":[{"embeddable":true,"href":"https:\/\/www.slowshop.eu\/fr\/wp-json\/wp\/v2\/users\/1"}],"replies":[{"embeddable":true,"href":"https:\/\/www.slowshop.eu\/fr\/wp-json\/wp\/v2\/comments?post=3292"}],"version-history":[{"count":5,"href":"https:\/\/www.slowshop.eu\/fr\/wp-json\/wp\/v2\/pages\/3292\/revisions"}],"predecessor-version":[{"id":3677,"href":"https:\/\/www.slowshop.eu\/fr\/wp-json\/wp\/v2\/pages\/3292\/revisions\/3677"}],"wp:attachment":[{"href":"https:\/\/www.slowshop.eu\/fr\/wp-json\/wp\/v2\/media?parent=3292"}],"curies":[{"name":"wp","href":"https:\/\/api.w.org\/{rel}","templated":true}]}}