{"id":3432,"date":"2018-11-22T04:11:07","date_gmt":"2018-11-22T04:11:07","guid":{"rendered":"https:\/\/www.slowshop.eu\/contatti\/"},"modified":"2025-01-31T09:34:36","modified_gmt":"2025-01-31T08:34:36","slug":"contatti","status":"publish","type":"page","link":"https:\/\/www.slowshop.eu\/fr\/contatti\/","title":{"rendered":"Contacts"},"content":{"rendered":"<p>[vc_row content_width=\u00a0\u00bbfull-desktop\u00a0\u00bb][vc_column css=\u00a0\u00bb.vc_custom_1615283297377{padding-right: 0px !important;padding-left: 0px !important;}\u00a0\u00bb][gsf_google_map markers=\u00a0\u00bb%5B%7B%22address%22%3A%2243.769030%2C11.263970%22%2C%22title%22%3A%22S-Cape%20Countryisde%20Travels%20srl%22%2C%22description%22%3A%22Firenze%22%7D%5D\u00a0\u00bb map_height=\u00a0\u00bb330|px\u00a0\u00bb map_height_lg=\u00a0\u00bb225|px\u00a0\u00bb map_height_md=\u00a0\u00bb225|px\u00a0\u00bb map_height_sm=\u00a0\u00bb225|px\u00a0\u00bb map_height_mb=\u00a0\u00bb225|px\u00a0\u00bb map_zoom=\u00a0\u00bb13&Prime; map_style=\u00a0\u00bbsliver\u00a0\u00bb][gsf_space desktop=\u00a0\u00bb70&Prime; tablet=\u00a0\u00bb70&Prime; tablet_portrait=\u00a0\u00bb70&Prime; mobile_landscape=\u00a0\u00bb70&Prime; mobile=\u00a0\u00bb70&Prime;][\/vc_column][\/vc_row][vc_row][vc_column el_class=\u00a0\u00bbmd-mg-bottom-60&Prime; offset=\u00a0\u00bbvc_col-md-4&Prime;][gsf_info_box layout_style=\u00a0\u00bbib-left\u00a0\u00bb title=\u00a0\u00bbQuartier g\u00e9n\u00e9ral\u00a0\u00bb use_theme_fonts=\u00a0\u00bb\u00a0\u00bb title_font_size=\u00a0\u00bb20&Prime; title_letter_spacing=\u00a0\u00bb1|px\u00a0\u00bb sub_title_font_size=\u00a0\u00bb15&Prime; ib_bg_color=\u00a0\u00bb\u00a0\u00bb icon_font=\u00a0\u00bbfal fa-map-marker-alt\u00a0\u00bb icon_color=\u00a0\u00bb#d8b069&Prime; icon_size=\u00a0\u00bbib-medium\u00a0\u00bb hover_bg_color=\u00a0\u00bb\u00a0\u00bb hover_text_color=\u00a0\u00bb#333333&Prime; icon_hover_color=\u00a0\u00bb#d8b069&Prime; el_class=\u00a0\u00bb\u00a0\u00bb typography=\u00a0\u00bbNunito Sans|800|800|normal\u00a0\u00bb css=\u00a0\u00bb.vc_custom_1738312472038{margin-bottom: 40px !important;}\u00a0\u00bb]<strong>SlowShop<\/strong><br \/>\nmarque de S-Cape Countryside Travels srl<br \/>\nBorgo Allegri 16R, 50122 Firenze<br \/>\nNum\u00e9ro de TVA IT05227330486[\/gsf_info_box][gsf_info_box layout_style=\u00a0\u00bbib-left\u00a0\u00bb title=\u00a0\u00bbContacts\u00a0\u00bb use_theme_fonts=\u00a0\u00bb\u00a0\u00bb title_font_size=\u00a0\u00bb20&Prime; title_letter_spacing=\u00a0\u00bb1|px\u00a0\u00bb sub_title_font_size=\u00a0\u00bb15&Prime; ib_bg_color=\u00a0\u00bb\u00a0\u00bb icon_font=\u00a0\u00bbfal fa-phone\u00a0\u00bb icon_color=\u00a0\u00bb#d8b069&Prime; icon_size=\u00a0\u00bbib-medium\u00a0\u00bb hover_bg_color=\u00a0\u00bb\u00a0\u00bb hover_text_color=\u00a0\u00bb#333333&Prime; icon_hover_color=\u00a0\u00bb#d8b069&Prime; typography=\u00a0\u00bbNunito Sans|800|800|normal\u00a0\u00bb css=\u00a0\u00bb.vc_custom_1626169439593{margin-bottom: 40px !important;}\u00a0\u00bb]+39 055 2340736<br \/>\n<a href=\"mailto:shop@sloways.eu\"><span style=\"font-style: inherit !important; font-weight: inherit !important;\">shop@sloways.eu<\/span><\/a>[\/gsf_info_box][gsf_info_box layout_style=\u00a0\u00bbib-left\u00a0\u00bb title=\u00a0\u00bbHoraires d&rsquo;ouvertures\u00a0\u00bb use_theme_fonts=\u00a0\u00bb\u00a0\u00bb title_font_size=\u00a0\u00bb20&Prime; title_letter_spacing=\u00a0\u00bb1|px\u00a0\u00bb sub_title_font_size=\u00a0\u00bb15&Prime; ib_bg_color=\u00a0\u00bb\u00a0\u00bb icon_font=\u00a0\u00bbfal fa-clock\u00a0\u00bb icon_color=\u00a0\u00bb#d8b069&Prime; icon_size=\u00a0\u00bbib-medium\u00a0\u00bb hover_bg_color=\u00a0\u00bb\u00a0\u00bb hover_text_color=\u00a0\u00bb#333333&Prime; icon_hover_color=\u00a0\u00bb#d8b069&Prime; typography=\u00a0\u00bbNunito Sans|800|800|normal\u00a0\u00bb]<\/p>\n<div class=\"fs-15 primary-font\" style=\"color: #7e7e7e; line-height: 2.13;\">Lundi &#8211; Vendredi:<br \/>\n09 &#8211; 13 \/ 14 &#8211; 18<\/div>\n<p>[\/gsf_info_box][\/vc_column][vc_column offset=\u00a0\u00bbvc_col-md-8&Prime;][gsf_heading layout_style=\u00a0\u00bbstyle-3&Prime; text_align=\u00a0\u00bbtext-left justify-content-start\u00a0\u00bb title=\u00a0\u00bbTm91cyUyMGNvbnRhY3Rlcg==\u00a0\u00bb title_color=\u00a0\u00bb#333333&Prime; title_font_size=\u00a0\u00bb48|48|40|34|30&Prime; title_line_height=\u00a0\u00bb1.33|em\u00a0\u00bb sub_title_font_size=\u00a0\u00bb18&Prime;][gsf_space desktop=\u00a0\u00bb45&Prime; tablet=\u00a0\u00bb40&Prime; tablet_portrait=\u00a0\u00bb40&Prime; mobile_landscape=\u00a0\u00bb35&Prime; mobile=\u00a0\u00bb35&Prime;]\n<div class=\"wpcf7 no-js\" id=\"wpcf7-f12803-o1\" lang=\"it-IT\" dir=\"ltr\" data-wpcf7-id=\"12803\">\n<div class=\"screen-reader-response\"><p role=\"status\" aria-live=\"polite\" aria-atomic=\"true\"><\/p> <ul><\/ul><\/div>\n<form action=\"\/fr\/wp-json\/wp\/v2\/pages\/3432#wpcf7-f12803-o1\" method=\"post\" class=\"wpcf7-form init\" aria-label=\"Modulo di contatto\" novalidate=\"novalidate\" data-status=\"init\">\n<fieldset class=\"hidden-fields-container\"><input type=\"hidden\" name=\"_wpcf7\" value=\"12803\" \/><input type=\"hidden\" name=\"_wpcf7_version\" value=\"6.1.3\" \/><input type=\"hidden\" name=\"_wpcf7_locale\" value=\"it_IT\" \/><input type=\"hidden\" name=\"_wpcf7_unit_tag\" value=\"wpcf7-f12803-o1\" \/><input type=\"hidden\" name=\"_wpcf7_container_post\" value=\"0\" \/><input type=\"hidden\" name=\"_wpcf7_posted_data_hash\" value=\"\" \/><input type=\"hidden\" name=\"_wpcf7_recaptcha_response\" value=\"\" \/>\n<\/fieldset>\n<div class=\"gsf-contact-form form-style-3 clearfix row\">\n\t<div class=\"ct-field ct-name col-md-6 col-sm-12\">\n\t\t<p><span class=\"wpcf7-form-control-wrap\" data-name=\"your-name\"><input size=\"40\" maxlength=\"400\" class=\"wpcf7-form-control wpcf7-text wpcf7-validates-as-required\" aria-required=\"true\" aria-invalid=\"false\" placeholder=\"Pr\u00e9nom*\" value=\"\" type=\"text\" name=\"your-name\" \/><\/span>\n\t\t<\/p>\n\t<\/div>\n\t<div class=\"ct-field ct-email col-md-6 col-sm-12\">\n\t\t<p><span class=\"wpcf7-form-control-wrap\" data-name=\"your-email\"><input size=\"40\" maxlength=\"400\" class=\"wpcf7-form-control wpcf7-email wpcf7-validates-as-required wpcf7-text wpcf7-validates-as-email\" aria-required=\"true\" aria-invalid=\"false\" placeholder=\"Email*\" value=\"\" type=\"email\" name=\"your-email\" \/><\/span>\n\t\t<\/p>\n\t<\/div>\n\t<div class=\"ct-field ct-message col-12\">\n\t\t<p><span class=\"wpcf7-form-control-wrap\" data-name=\"your-message\"><textarea cols=\"40\" rows=\"10\" maxlength=\"2000\" class=\"wpcf7-form-control wpcf7-textarea wpcf7-validates-as-required\" aria-required=\"true\" aria-invalid=\"false\" placeholder=\"Message*\" name=\"your-message\"><\/textarea><\/span>\n\t\t<\/p>\n\t<\/div>\n\t<div class=\"ct-field col-12\">\n\t\t<p><span class=\"wpcf7-form-control-wrap\" data-name=\"privacy\"><span class=\"wpcf7-form-control wpcf7-acceptance\"><span class=\"wpcf7-list-item\"><label><input type=\"checkbox\" name=\"privacy\" value=\"1\" aria-invalid=\"false\" \/><span class=\"wpcf7-list-item-label\">Je consens au traitement des donn\u00e9es personnelles conform\u00e9ment \u00e0 la <a href=\"\/fr\/politique-de-confidentialite\/\" target=\"_blank\" rel=\"noopener\">politique de confidentialit\u00e9<\/a><\/span><\/label><\/span><\/span><\/span>\n\t\t<\/p>\n\t<\/div>\n\t<div class=\"ct-field ct-submit col-12 text-left\">\n\t\t<p><button type =\"submit\" class=\"btn btn-accent btn-classic btn-square btn-sm btn-icon-right\">INVIA<i class=\"fal fa-chevron-double-right\"><\/i><\/button>\n\t\t<\/p>\n\t<\/div>\n<\/div><div class=\"wpcf7-response-output\" aria-hidden=\"true\"><\/div>\n<\/form>\n<\/div>\n[\/vc_column][vc_column][gsf_space desktop=\u00a0\u00bb120&Prime; tablet=\u00a0\u00bb100&Prime; tablet_portrait=\u00a0\u00bb90&Prime; mobile_landscape=\u00a0\u00bb80&Prime; mobile=\u00a0\u00bb70&Prime;][\/vc_column][\/vc_row]<\/p>\n","protected":false},"excerpt":{"rendered":"<p>[vc_row content_width=\u00a0\u00bbfull-desktop\u00a0\u00bb][vc_column css=\u00a0\u00bb.vc_custom_1615283297377{padding-right: 0px !important;padding-left: 0px !important;}\u00a0\u00bb][gsf_google_map markers=\u00a0\u00bb%5B%7B%22address%22%3A%2243.769030%2C11.263970%22%2C%22title%22%3A%22S-Cape%20Countryisde%20Travels%20srl%22%2C%22description%22%3A%22Firenze%22%7D%5D\u00a0\u00bb map_height=\u00a0\u00bb330|px\u00a0\u00bb map_height_lg=\u00a0\u00bb225|px\u00a0\u00bb map_height_md=\u00a0\u00bb225|px\u00a0\u00bb map_height_sm=\u00a0\u00bb225|px\u00a0\u00bb map_height_mb=\u00a0\u00bb225|px\u00a0\u00bb map_zoom=\u00a0\u00bb13&Prime; map_style=\u00a0\u00bbsliver\u00a0\u00bb][gsf_space desktop=\u00a0\u00bb70&Prime; tablet=\u00a0\u00bb70&Prime; tablet_portrait=\u00a0\u00bb70&Prime; mobile_landscape=\u00a0\u00bb70&Prime; mobile=\u00a0\u00bb70&Prime;][\/vc_column][\/vc_row][vc_row][vc_column el_class=\u00a0\u00bbmd-mg-bottom-60&Prime; offset=\u00a0\u00bbvc_col-md-4&Prime;][gsf_info_box layout_style=\u00a0\u00bbib-left\u00a0\u00bb title=\u00a0\u00bbQuartier g\u00e9n\u00e9ral\u00a0\u00bb use_theme_fonts=\u00a0\u00bb\u00a0\u00bb title_font_size=\u00a0\u00bb20&Prime; title_letter_spacing=\u00a0\u00bb1|px\u00a0\u00bb sub_title_font_size=\u00a0\u00bb15&Prime; ib_bg_color=\u00a0\u00bb\u00a0\u00bb icon_font=\u00a0\u00bbfal fa-map-marker-alt\u00a0\u00bb icon_color=\u00a0\u00bb#d8b069&Prime; icon_size=\u00a0\u00bbib-medium\u00a0\u00bb hover_bg_color=\u00a0\u00bb\u00a0\u00bb hover_text_color=\u00a0\u00bb#333333&Prime; icon_hover_color=\u00a0\u00bb#d8b069&Prime; el_class=\u00a0\u00bb\u00a0\u00bb typography=\u00a0\u00bbNunito Sans|800|800|normal\u00a0\u00bb css=\u00a0\u00bb.vc_custom_1738312472038{margin-bottom: 40px !important;}\u00a0\u00bb]SlowShop marque de S-Cape Countryside Travels srl Borgo Allegri 16R, 50122 Firenze Num\u00e9ro [&hellip;]<\/p>\n","protected":false},"author":1,"featured_media":0,"parent":0,"menu_order":0,"comment_status":"closed","ping_status":"closed","template":"","meta":{"_monsterinsights_skip_tracking":false,"_monsterinsights_sitenote_active":false,"_monsterinsights_sitenote_note":"","_monsterinsights_sitenote_category":0,"footnotes":""},"class_list":["post-3432","page","type-page","status-publish","hentry"],"yoast_head":"<!-- This site is optimized with the Yoast SEO plugin v26.2 - https:\/\/yoast.com\/wordpress\/plugins\/seo\/ -->\n<title>Contacts - Slowshop<\/title>\n<meta name=\"robots\" content=\"index, follow, max-snippet:-1, max-image-preview:large, max-video-preview:-1\" \/>\n<link rel=\"canonical\" href=\"https:\/\/www.slowshop.eu\/fr\/contatti\/\" \/>\n<meta property=\"og:locale\" content=\"fr_FR\" \/>\n<meta property=\"og:type\" content=\"article\" \/>\n<meta property=\"og:title\" content=\"Contacts - Slowshop\" \/>\n<meta property=\"og:description\" content=\"[vc_row content_width=\u00a0\u00bbfull-desktop\u00a0\u00bb][vc_column css=\u00a0\u00bb.vc_custom_1615283297377{padding-right: 0px !important;padding-left: 0px !important;}\u00a0\u00bb][gsf_google_map markers=\u00a0\u00bb%5B%7B%22address%22%3A%2243.769030%2C11.263970%22%2C%22title%22%3A%22S-Cape%20Countryisde%20Travels%20srl%22%2C%22description%22%3A%22Firenze%22%7D%5D\u00a0\u00bb map_height=\u00a0\u00bb330|px\u00a0\u00bb map_height_lg=\u00a0\u00bb225|px\u00a0\u00bb map_height_md=\u00a0\u00bb225|px\u00a0\u00bb map_height_sm=\u00a0\u00bb225|px\u00a0\u00bb map_height_mb=\u00a0\u00bb225|px\u00a0\u00bb map_zoom=\u00a0\u00bb13&Prime; map_style=\u00a0\u00bbsliver\u00a0\u00bb][gsf_space desktop=\u00a0\u00bb70&Prime; tablet=\u00a0\u00bb70&Prime; tablet_portrait=\u00a0\u00bb70&Prime; mobile_landscape=\u00a0\u00bb70&Prime; mobile=\u00a0\u00bb70&Prime;][\/vc_column][\/vc_row][vc_row][vc_column el_class=\u00a0\u00bbmd-mg-bottom-60&Prime; offset=\u00a0\u00bbvc_col-md-4&Prime;][gsf_info_box layout_style=\u00a0\u00bbib-left\u00a0\u00bb title=\u00a0\u00bbQuartier g\u00e9n\u00e9ral\u00a0\u00bb use_theme_fonts=\u00a0\u00bb\u00a0\u00bb title_font_size=\u00a0\u00bb20&Prime; title_letter_spacing=\u00a0\u00bb1|px\u00a0\u00bb sub_title_font_size=\u00a0\u00bb15&Prime; ib_bg_color=\u00a0\u00bb\u00a0\u00bb icon_font=\u00a0\u00bbfal fa-map-marker-alt\u00a0\u00bb icon_color=\u00a0\u00bb#d8b069&Prime; icon_size=\u00a0\u00bbib-medium\u00a0\u00bb hover_bg_color=\u00a0\u00bb\u00a0\u00bb hover_text_color=\u00a0\u00bb#333333&Prime; icon_hover_color=\u00a0\u00bb#d8b069&Prime; el_class=\u00a0\u00bb\u00a0\u00bb typography=\u00a0\u00bbNunito Sans|800|800|normal\u00a0\u00bb css=\u00a0\u00bb.vc_custom_1738312472038{margin-bottom: 40px !important;}\u00a0\u00bb]SlowShop marque de S-Cape Countryside Travels srl Borgo Allegri 16R, 50122 Firenze Num\u00e9ro [&hellip;]\" \/>\n<meta property=\"og:url\" content=\"https:\/\/www.slowshop.eu\/fr\/contatti\/\" \/>\n<meta property=\"og:site_name\" content=\"Slowshop\" \/>\n<meta property=\"article:modified_time\" content=\"2025-01-31T08:34:36+00:00\" \/>\n<meta property=\"og:image\" content=\"https:\/\/www.slowshop.eu\/wp-content\/uploads\/2024\/07\/cropped-immagine-1.png\" \/>\n\t<meta property=\"og:image:width\" content=\"512\" \/>\n\t<meta property=\"og:image:height\" content=\"512\" \/>\n\t<meta property=\"og:image:type\" content=\"image\/png\" \/>\n<meta name=\"twitter:card\" content=\"summary_large_image\" \/>\n<meta name=\"twitter:label1\" content=\"Dur\u00e9e de lecture estim\u00e9e\" \/>\n\t<meta name=\"twitter:data1\" content=\"1 minute\" \/>\n<script type=\"application\/ld+json\" class=\"yoast-schema-graph\">{\"@context\":\"https:\/\/schema.org\",\"@graph\":[{\"@type\":\"WebPage\",\"@id\":\"https:\/\/www.slowshop.eu\/fr\/contatti\/\",\"url\":\"https:\/\/www.slowshop.eu\/fr\/contatti\/\",\"name\":\"Contacts - Slowshop\",\"isPartOf\":{\"@id\":\"https:\/\/www.slowshop.eu\/fr\/#website\"},\"datePublished\":\"2018-11-22T04:11:07+00:00\",\"dateModified\":\"2025-01-31T08:34:36+00:00\",\"breadcrumb\":{\"@id\":\"https:\/\/www.slowshop.eu\/fr\/contatti\/#breadcrumb\"},\"inLanguage\":\"fr-FR\",\"potentialAction\":[{\"@type\":\"ReadAction\",\"target\":[\"https:\/\/www.slowshop.eu\/fr\/contatti\/\"]}]},{\"@type\":\"BreadcrumbList\",\"@id\":\"https:\/\/www.slowshop.eu\/fr\/contatti\/#breadcrumb\",\"itemListElement\":[{\"@type\":\"ListItem\",\"position\":1,\"name\":\"Home\",\"item\":\"https:\/\/www.slowshop.eu\/fr\/\"},{\"@type\":\"ListItem\",\"position\":2,\"name\":\"Contacts\"}]},{\"@type\":\"WebSite\",\"@id\":\"https:\/\/www.slowshop.eu\/fr\/#website\",\"url\":\"https:\/\/www.slowshop.eu\/fr\/\",\"name\":\"SlowShop\",\"description\":\"Vie Francigene Shop\",\"publisher\":{\"@id\":\"https:\/\/www.slowshop.eu\/fr\/#organization\"},\"potentialAction\":[{\"@type\":\"SearchAction\",\"target\":{\"@type\":\"EntryPoint\",\"urlTemplate\":\"https:\/\/www.slowshop.eu\/fr\/?s={search_term_string}\"},\"query-input\":{\"@type\":\"PropertyValueSpecification\",\"valueRequired\":true,\"valueName\":\"search_term_string\"}}],\"inLanguage\":\"fr-FR\"},{\"@type\":\"Organization\",\"@id\":\"https:\/\/www.slowshop.eu\/fr\/#organization\",\"name\":\"SlowShop\",\"url\":\"https:\/\/www.slowshop.eu\/fr\/\",\"logo\":{\"@type\":\"ImageObject\",\"inLanguage\":\"fr-FR\",\"@id\":\"https:\/\/www.slowshop.eu\/fr\/#\/schema\/logo\/image\/\",\"url\":\"https:\/\/www.slowshop.eu\/wp-content\/uploads\/2024\/07\/cropped-immagine-1.png\",\"contentUrl\":\"https:\/\/www.slowshop.eu\/wp-content\/uploads\/2024\/07\/cropped-immagine-1.png\",\"width\":512,\"height\":512,\"caption\":\"SlowShop\"},\"image\":{\"@id\":\"https:\/\/www.slowshop.eu\/fr\/#\/schema\/logo\/image\/\"}}]}<\/script>\n<!-- \/ Yoast SEO plugin. -->","yoast_head_json":{"title":"Contacts - Slowshop","robots":{"index":"index","follow":"follow","max-snippet":"max-snippet:-1","max-image-preview":"max-image-preview:large","max-video-preview":"max-video-preview:-1"},"canonical":"https:\/\/www.slowshop.eu\/fr\/contatti\/","og_locale":"fr_FR","og_type":"article","og_title":"Contacts - Slowshop","og_description":"[vc_row content_width=\u00a0\u00bbfull-desktop\u00a0\u00bb][vc_column css=\u00a0\u00bb.vc_custom_1615283297377{padding-right: 0px !important;padding-left: 0px !important;}\u00a0\u00bb][gsf_google_map markers=\u00a0\u00bb%5B%7B%22address%22%3A%2243.769030%2C11.263970%22%2C%22title%22%3A%22S-Cape%20Countryisde%20Travels%20srl%22%2C%22description%22%3A%22Firenze%22%7D%5D\u00a0\u00bb map_height=\u00a0\u00bb330|px\u00a0\u00bb map_height_lg=\u00a0\u00bb225|px\u00a0\u00bb map_height_md=\u00a0\u00bb225|px\u00a0\u00bb map_height_sm=\u00a0\u00bb225|px\u00a0\u00bb map_height_mb=\u00a0\u00bb225|px\u00a0\u00bb map_zoom=\u00a0\u00bb13&Prime; map_style=\u00a0\u00bbsliver\u00a0\u00bb][gsf_space desktop=\u00a0\u00bb70&Prime; tablet=\u00a0\u00bb70&Prime; tablet_portrait=\u00a0\u00bb70&Prime; mobile_landscape=\u00a0\u00bb70&Prime; mobile=\u00a0\u00bb70&Prime;][\/vc_column][\/vc_row][vc_row][vc_column el_class=\u00a0\u00bbmd-mg-bottom-60&Prime; offset=\u00a0\u00bbvc_col-md-4&Prime;][gsf_info_box layout_style=\u00a0\u00bbib-left\u00a0\u00bb title=\u00a0\u00bbQuartier g\u00e9n\u00e9ral\u00a0\u00bb use_theme_fonts=\u00a0\u00bb\u00a0\u00bb title_font_size=\u00a0\u00bb20&Prime; title_letter_spacing=\u00a0\u00bb1|px\u00a0\u00bb sub_title_font_size=\u00a0\u00bb15&Prime; ib_bg_color=\u00a0\u00bb\u00a0\u00bb icon_font=\u00a0\u00bbfal fa-map-marker-alt\u00a0\u00bb icon_color=\u00a0\u00bb#d8b069&Prime; icon_size=\u00a0\u00bbib-medium\u00a0\u00bb hover_bg_color=\u00a0\u00bb\u00a0\u00bb hover_text_color=\u00a0\u00bb#333333&Prime; icon_hover_color=\u00a0\u00bb#d8b069&Prime; el_class=\u00a0\u00bb\u00a0\u00bb typography=\u00a0\u00bbNunito Sans|800|800|normal\u00a0\u00bb css=\u00a0\u00bb.vc_custom_1738312472038{margin-bottom: 40px !important;}\u00a0\u00bb]SlowShop marque de S-Cape Countryside Travels srl Borgo Allegri 16R, 50122 Firenze Num\u00e9ro [&hellip;]","og_url":"https:\/\/www.slowshop.eu\/fr\/contatti\/","og_site_name":"Slowshop","article_modified_time":"2025-01-31T08:34:36+00:00","og_image":[{"width":512,"height":512,"url":"https:\/\/www.slowshop.eu\/wp-content\/uploads\/2024\/07\/cropped-immagine-1.png","type":"image\/png"}],"twitter_card":"summary_large_image","twitter_misc":{"Dur\u00e9e de lecture estim\u00e9e":"1 minute"},"schema":{"@context":"https:\/\/schema.org","@graph":[{"@type":"WebPage","@id":"https:\/\/www.slowshop.eu\/fr\/contatti\/","url":"https:\/\/www.slowshop.eu\/fr\/contatti\/","name":"Contacts - Slowshop","isPartOf":{"@id":"https:\/\/www.slowshop.eu\/fr\/#website"},"datePublished":"2018-11-22T04:11:07+00:00","dateModified":"2025-01-31T08:34:36+00:00","breadcrumb":{"@id":"https:\/\/www.slowshop.eu\/fr\/contatti\/#breadcrumb"},"inLanguage":"fr-FR","potentialAction":[{"@type":"ReadAction","target":["https:\/\/www.slowshop.eu\/fr\/contatti\/"]}]},{"@type":"BreadcrumbList","@id":"https:\/\/www.slowshop.eu\/fr\/contatti\/#breadcrumb","itemListElement":[{"@type":"ListItem","position":1,"name":"Home","item":"https:\/\/www.slowshop.eu\/fr\/"},{"@type":"ListItem","position":2,"name":"Contacts"}]},{"@type":"WebSite","@id":"https:\/\/www.slowshop.eu\/fr\/#website","url":"https:\/\/www.slowshop.eu\/fr\/","name":"SlowShop","description":"Vie Francigene Shop","publisher":{"@id":"https:\/\/www.slowshop.eu\/fr\/#organization"},"potentialAction":[{"@type":"SearchAction","target":{"@type":"EntryPoint","urlTemplate":"https:\/\/www.slowshop.eu\/fr\/?s={search_term_string}"},"query-input":{"@type":"PropertyValueSpecification","valueRequired":true,"valueName":"search_term_string"}}],"inLanguage":"fr-FR"},{"@type":"Organization","@id":"https:\/\/www.slowshop.eu\/fr\/#organization","name":"SlowShop","url":"https:\/\/www.slowshop.eu\/fr\/","logo":{"@type":"ImageObject","inLanguage":"fr-FR","@id":"https:\/\/www.slowshop.eu\/fr\/#\/schema\/logo\/image\/","url":"https:\/\/www.slowshop.eu\/wp-content\/uploads\/2024\/07\/cropped-immagine-1.png","contentUrl":"https:\/\/www.slowshop.eu\/wp-content\/uploads\/2024\/07\/cropped-immagine-1.png","width":512,"height":512,"caption":"SlowShop"},"image":{"@id":"https:\/\/www.slowshop.eu\/fr\/#\/schema\/logo\/image\/"}}]}},"_links":{"self":[{"href":"https:\/\/www.slowshop.eu\/fr\/wp-json\/wp\/v2\/pages\/3432","targetHints":{"allow":["GET"]}}],"collection":[{"href":"https:\/\/www.slowshop.eu\/fr\/wp-json\/wp\/v2\/pages"}],"about":[{"href":"https:\/\/www.slowshop.eu\/fr\/wp-json\/wp\/v2\/types\/page"}],"author":[{"embeddable":true,"href":"https:\/\/www.slowshop.eu\/fr\/wp-json\/wp\/v2\/users\/1"}],"replies":[{"embeddable":true,"href":"https:\/\/www.slowshop.eu\/fr\/wp-json\/wp\/v2\/comments?post=3432"}],"version-history":[{"count":7,"href":"https:\/\/www.slowshop.eu\/fr\/wp-json\/wp\/v2\/pages\/3432\/revisions"}],"predecessor-version":[{"id":18992,"href":"https:\/\/www.slowshop.eu\/fr\/wp-json\/wp\/v2\/pages\/3432\/revisions\/18992"}],"wp:attachment":[{"href":"https:\/\/www.slowshop.eu\/fr\/wp-json\/wp\/v2\/media?parent=3432"}],"curies":[{"name":"wp","href":"https:\/\/api.w.org\/{rel}","templated":true}]}}