{"id":3436,"date":"2018-11-20T09:10:23","date_gmt":"2018-11-20T09:10:23","guid":{"rendered":"https:\/\/www.slowshop.eu\/chi-siamo\/"},"modified":"2021-07-13T12:00:14","modified_gmt":"2021-07-13T10:00:14","slug":"qui-nous-sommes","status":"publish","type":"page","link":"https:\/\/www.slowshop.eu\/fr\/qui-nous-sommes\/","title":{"rendered":"Qui nous sommes"},"content":{"rendered":"<p>[vc_row css=\u00a0\u00bb.vc_custom_1615280566154{background-position: center !important;background-repeat: no-repeat !important;background-size: cover !important;}\u00a0\u00bb][vc_column offset=\u00a0\u00bbvc_col-lg-offset-2 vc_col-lg-8 vc_col-md-offset-1 vc_col-md-10&Prime;][gsf_space desktop=\u00a0\u00bb110&Prime; tablet=\u00a0\u00bb90&Prime; tablet_portrait=\u00a0\u00bb80&Prime; mobile_landscape=\u00a0\u00bb70&Prime; mobile=\u00a0\u00bb60&Prime;][vc_single_image image=\u00a0\u00bb2227&Prime; img_size=\u00a0\u00bbfull\u00a0\u00bb alignment=\u00a0\u00bbcenter\u00a0\u00bb css=\u00a0\u00bb.vc_custom_1615280964290{margin-bottom: 37px !important;}\u00a0\u00bb][gsf_heading layout_style=\u00a0\u00bbstyle-4&Prime; space_between=\u00a0\u00bb33|px\u00a0\u00bb title=\u00a0\u00bbU2xvV2F5cw==\u00a0\u00bb title_color=\u00a0\u00bb#333333&Prime; title_line_height=\u00a0\u00bb1.29|em\u00a0\u00bb sub_title_font_size=\u00a0\u00bb18&Prime; sub_title_letter_spacing=\u00a0\u00bb5px\u00a0\u00bb sub_title_use_theme_fonts=\u00a0\u00bb\u00a0\u00bb sub_title=\u00a0\u00bbSLOWAYS EST LA NOUVELLE FA\u00c7ON DE VOYAGER\u00a0\u00bb css=\u00a0\u00bb.vc_custom_1626170189781{margin-bottom: 52px !important;}\u00a0\u00bb][vc_column_text el_class=\u00a0\u00bb\u00a0\u00bb]Nous organisons des randonn\u00e9es \u00e0 pied et \u00e0 v\u00e9lo, guid\u00e9es ou autoguid\u00e9es, adapt\u00e9es \u00e0 tous et \u00e0 travers la boutique en ligne, nous vendons les passeports de p\u00e8lerins de la Via Francigena et les chemins, guides, magazines et autres produits utiles aux voyageurs les plus populaires.<\/p>\n<p>Visitez notre site internet <a href=\"https:\/\/www.sloways.eu\/?lang_id=1\" target=\"_blank\" rel=\"noopener\">www.sloways.eu<\/a> et pr\u00e9parez votre prochain voyage ![\/vc_column_text][gsf_space desktop=\u00a0\u00bb65&Prime; tablet=\u00a0\u00bb60&Prime; tablet_portrait=\u00a0\u00bb55&Prime; mobile_landscape=\u00a0\u00bb50&Prime; mobile=\u00a0\u00bb50&Prime;][\/vc_column][vc_column][vc_row_inner css=\u00a0\u00bb.vc_custom_1615281863949{margin-right: 0px !important;margin-left: 0px !important;background-image: url(https:\/\/www.slowshop.eu\/wp-content\/uploads\/2021\/03\/movimento-lento-net-banner-bandierine-1024&#215;505-1.jpg?id=1746) !important;background-position: center !important;background-repeat: no-repeat !important;background-size: cover !important;}\u00a0\u00bb][vc_column_inner][gsf_space desktop=\u00a0\u00bb240&Prime; tablet=\u00a0\u00bb200&Prime; tablet_portrait=\u00a0\u00bb160&Prime; mobile_landscape=\u00a0\u00bb120&Prime; mobile=\u00a0\u00bb100&Prime;][gsf_video link=\u00a0\u00bbhttps:\/\/player.vimeo.com\/video\/346399611?api=1&amp;player_id=vimeo-player&amp;autoplay=1&amp;loop=1&amp;badge=0&amp;byline=0&amp;title=0&Prime; icon_bg_color=\u00a0\u00bb#ffffff\u00a0\u00bb icon_color=\u00a0\u00bb#ffffff\u00a0\u00bb icon_bg_hover_color=\u00a0\u00bb#e4573d\u00a0\u00bb icon_hover_color=\u00a0\u00bb#ffffff\u00a0\u00bb][gsf_space desktop=\u00a0\u00bb240&Prime; tablet=\u00a0\u00bb200&Prime; tablet_portrait=\u00a0\u00bb160&Prime; mobile_landscape=\u00a0\u00bb120&Prime; mobile=\u00a0\u00bb100&Prime;][\/vc_column_inner][\/vc_row_inner][\/vc_column][\/vc_row][vc_row css=\u00a0\u00bb.vc_custom_1542182334972{background-color: #ffffff !important;}\u00a0\u00bb][vc_column][gsf_space desktop=\u00a0\u00bb100&Prime; tablet=\u00a0\u00bb90&Prime; tablet_portrait=\u00a0\u00bb80&Prime; mobile_landscape=\u00a0\u00bb70&Prime; mobile=\u00a0\u00bb60&Prime;][\/vc_column][\/vc_row]<\/p>\n","protected":false},"excerpt":{"rendered":"<p>[vc_row css=\u00a0\u00bb.vc_custom_1615280566154{background-position: center !important;background-repeat: no-repeat !important;background-size: cover !important;}\u00a0\u00bb][vc_column offset=\u00a0\u00bbvc_col-lg-offset-2 vc_col-lg-8 vc_col-md-offset-1 vc_col-md-10&Prime;][gsf_space desktop=\u00a0\u00bb110&Prime; tablet=\u00a0\u00bb90&Prime; tablet_portrait=\u00a0\u00bb80&Prime; mobile_landscape=\u00a0\u00bb70&Prime; mobile=\u00a0\u00bb60&Prime;][vc_single_image image=\u00a0\u00bb2227&Prime; img_size=\u00a0\u00bbfull\u00a0\u00bb alignment=\u00a0\u00bbcenter\u00a0\u00bb css=\u00a0\u00bb.vc_custom_1615280964290{margin-bottom: 37px !important;}\u00a0\u00bb][gsf_heading layout_style=\u00a0\u00bbstyle-4&Prime; space_between=\u00a0\u00bb33|px\u00a0\u00bb title=\u00a0\u00bbU2xvV2F5cw==\u00a0\u00bb title_color=\u00a0\u00bb#333333&Prime; title_line_height=\u00a0\u00bb1.29|em\u00a0\u00bb sub_title_font_size=\u00a0\u00bb18&Prime; sub_title_letter_spacing=\u00a0\u00bb5px\u00a0\u00bb sub_title_use_theme_fonts=\u00a0\u00bb\u00a0\u00bb sub_title=\u00a0\u00bbSLOWAYS EST LA NOUVELLE FA\u00c7ON DE VOYAGER\u00a0\u00bb css=\u00a0\u00bb.vc_custom_1626170189781{margin-bottom: 52px !important;}\u00a0\u00bb][vc_column_text el_class=\u00a0\u00bb\u00a0\u00bb]Nous organisons des randonn\u00e9es \u00e0 pied et \u00e0 v\u00e9lo, guid\u00e9es ou autoguid\u00e9es, adapt\u00e9es \u00e0 [&hellip;]<\/p>\n","protected":false},"author":1,"featured_media":0,"parent":0,"menu_order":0,"comment_status":"closed","ping_status":"closed","template":"","meta":{"_monsterinsights_skip_tracking":false,"_monsterinsights_sitenote_active":false,"_monsterinsights_sitenote_note":"","_monsterinsights_sitenote_category":0,"footnotes":""},"class_list":["post-3436","page","type-page","status-publish","hentry"],"yoast_head":"<!-- This site is optimized with the Yoast SEO plugin v26.2 - https:\/\/yoast.com\/wordpress\/plugins\/seo\/ -->\n<title>Qui nous sommes - Slowshop<\/title>\n<meta name=\"robots\" content=\"index, follow, max-snippet:-1, max-image-preview:large, max-video-preview:-1\" \/>\n<link rel=\"canonical\" href=\"https:\/\/www.slowshop.eu\/fr\/qui-nous-sommes\/\" \/>\n<meta property=\"og:locale\" content=\"fr_FR\" \/>\n<meta property=\"og:type\" content=\"article\" \/>\n<meta property=\"og:title\" content=\"Qui nous sommes - Slowshop\" \/>\n<meta property=\"og:description\" content=\"[vc_row css=\u00a0\u00bb.vc_custom_1615280566154{background-position: center !important;background-repeat: no-repeat !important;background-size: cover !important;}\u00a0\u00bb][vc_column offset=\u00a0\u00bbvc_col-lg-offset-2 vc_col-lg-8 vc_col-md-offset-1 vc_col-md-10&Prime;][gsf_space desktop=\u00a0\u00bb110&Prime; tablet=\u00a0\u00bb90&Prime; tablet_portrait=\u00a0\u00bb80&Prime; mobile_landscape=\u00a0\u00bb70&Prime; mobile=\u00a0\u00bb60&Prime;][vc_single_image image=\u00a0\u00bb2227&Prime; img_size=\u00a0\u00bbfull\u00a0\u00bb alignment=\u00a0\u00bbcenter\u00a0\u00bb css=\u00a0\u00bb.vc_custom_1615280964290{margin-bottom: 37px !important;}\u00a0\u00bb][gsf_heading layout_style=\u00a0\u00bbstyle-4&Prime; space_between=\u00a0\u00bb33|px\u00a0\u00bb title=\u00a0\u00bbU2xvV2F5cw==\u00a0\u00bb title_color=\u00a0\u00bb#333333&Prime; title_line_height=\u00a0\u00bb1.29|em\u00a0\u00bb sub_title_font_size=\u00a0\u00bb18&Prime; sub_title_letter_spacing=\u00a0\u00bb5px\u00a0\u00bb sub_title_use_theme_fonts=\u00a0\u00bb\u00a0\u00bb sub_title=\u00a0\u00bbSLOWAYS EST LA NOUVELLE FA\u00c7ON DE VOYAGER\u00a0\u00bb css=\u00a0\u00bb.vc_custom_1626170189781{margin-bottom: 52px !important;}\u00a0\u00bb][vc_column_text el_class=\u00a0\u00bb\u00a0\u00bb]Nous organisons des randonn\u00e9es \u00e0 pied et \u00e0 v\u00e9lo, guid\u00e9es ou autoguid\u00e9es, adapt\u00e9es \u00e0 [&hellip;]\" \/>\n<meta property=\"og:url\" content=\"https:\/\/www.slowshop.eu\/fr\/qui-nous-sommes\/\" \/>\n<meta property=\"og:site_name\" content=\"Slowshop\" \/>\n<meta property=\"article:modified_time\" content=\"2021-07-13T10:00:14+00:00\" \/>\n<meta property=\"og:image\" content=\"https:\/\/www.slowshop.eu\/wp-content\/uploads\/2024\/07\/cropped-immagine-1.png\" \/>\n\t<meta property=\"og:image:width\" content=\"512\" \/>\n\t<meta property=\"og:image:height\" content=\"512\" \/>\n\t<meta property=\"og:image:type\" content=\"image\/png\" \/>\n<meta name=\"twitter:card\" content=\"summary_large_image\" \/>\n<meta name=\"twitter:label1\" content=\"Dur\u00e9e de lecture estim\u00e9e\" \/>\n\t<meta name=\"twitter:data1\" content=\"1 minute\" \/>\n<script type=\"application\/ld+json\" class=\"yoast-schema-graph\">{\"@context\":\"https:\/\/schema.org\",\"@graph\":[{\"@type\":\"WebPage\",\"@id\":\"https:\/\/www.slowshop.eu\/fr\/qui-nous-sommes\/\",\"url\":\"https:\/\/www.slowshop.eu\/fr\/qui-nous-sommes\/\",\"name\":\"Qui nous sommes - Slowshop\",\"isPartOf\":{\"@id\":\"https:\/\/www.slowshop.eu\/fr\/#website\"},\"datePublished\":\"2018-11-20T09:10:23+00:00\",\"dateModified\":\"2021-07-13T10:00:14+00:00\",\"breadcrumb\":{\"@id\":\"https:\/\/www.slowshop.eu\/fr\/qui-nous-sommes\/#breadcrumb\"},\"inLanguage\":\"fr-FR\",\"potentialAction\":[{\"@type\":\"ReadAction\",\"target\":[\"https:\/\/www.slowshop.eu\/fr\/qui-nous-sommes\/\"]}]},{\"@type\":\"BreadcrumbList\",\"@id\":\"https:\/\/www.slowshop.eu\/fr\/qui-nous-sommes\/#breadcrumb\",\"itemListElement\":[{\"@type\":\"ListItem\",\"position\":1,\"name\":\"Home\",\"item\":\"https:\/\/www.slowshop.eu\/fr\/\"},{\"@type\":\"ListItem\",\"position\":2,\"name\":\"Qui nous sommes\"}]},{\"@type\":\"WebSite\",\"@id\":\"https:\/\/www.slowshop.eu\/fr\/#website\",\"url\":\"https:\/\/www.slowshop.eu\/fr\/\",\"name\":\"SlowShop\",\"description\":\"Vie Francigene Shop\",\"publisher\":{\"@id\":\"https:\/\/www.slowshop.eu\/fr\/#organization\"},\"potentialAction\":[{\"@type\":\"SearchAction\",\"target\":{\"@type\":\"EntryPoint\",\"urlTemplate\":\"https:\/\/www.slowshop.eu\/fr\/?s={search_term_string}\"},\"query-input\":{\"@type\":\"PropertyValueSpecification\",\"valueRequired\":true,\"valueName\":\"search_term_string\"}}],\"inLanguage\":\"fr-FR\"},{\"@type\":\"Organization\",\"@id\":\"https:\/\/www.slowshop.eu\/fr\/#organization\",\"name\":\"SlowShop\",\"url\":\"https:\/\/www.slowshop.eu\/fr\/\",\"logo\":{\"@type\":\"ImageObject\",\"inLanguage\":\"fr-FR\",\"@id\":\"https:\/\/www.slowshop.eu\/fr\/#\/schema\/logo\/image\/\",\"url\":\"https:\/\/www.slowshop.eu\/wp-content\/uploads\/2024\/07\/cropped-immagine-1.png\",\"contentUrl\":\"https:\/\/www.slowshop.eu\/wp-content\/uploads\/2024\/07\/cropped-immagine-1.png\",\"width\":512,\"height\":512,\"caption\":\"SlowShop\"},\"image\":{\"@id\":\"https:\/\/www.slowshop.eu\/fr\/#\/schema\/logo\/image\/\"}}]}<\/script>\n<!-- \/ Yoast SEO plugin. -->","yoast_head_json":{"title":"Qui nous sommes - Slowshop","robots":{"index":"index","follow":"follow","max-snippet":"max-snippet:-1","max-image-preview":"max-image-preview:large","max-video-preview":"max-video-preview:-1"},"canonical":"https:\/\/www.slowshop.eu\/fr\/qui-nous-sommes\/","og_locale":"fr_FR","og_type":"article","og_title":"Qui nous sommes - Slowshop","og_description":"[vc_row css=\u00a0\u00bb.vc_custom_1615280566154{background-position: center !important;background-repeat: no-repeat !important;background-size: cover !important;}\u00a0\u00bb][vc_column offset=\u00a0\u00bbvc_col-lg-offset-2 vc_col-lg-8 vc_col-md-offset-1 vc_col-md-10&Prime;][gsf_space desktop=\u00a0\u00bb110&Prime; tablet=\u00a0\u00bb90&Prime; tablet_portrait=\u00a0\u00bb80&Prime; mobile_landscape=\u00a0\u00bb70&Prime; mobile=\u00a0\u00bb60&Prime;][vc_single_image image=\u00a0\u00bb2227&Prime; img_size=\u00a0\u00bbfull\u00a0\u00bb alignment=\u00a0\u00bbcenter\u00a0\u00bb css=\u00a0\u00bb.vc_custom_1615280964290{margin-bottom: 37px !important;}\u00a0\u00bb][gsf_heading layout_style=\u00a0\u00bbstyle-4&Prime; space_between=\u00a0\u00bb33|px\u00a0\u00bb title=\u00a0\u00bbU2xvV2F5cw==\u00a0\u00bb title_color=\u00a0\u00bb#333333&Prime; title_line_height=\u00a0\u00bb1.29|em\u00a0\u00bb sub_title_font_size=\u00a0\u00bb18&Prime; sub_title_letter_spacing=\u00a0\u00bb5px\u00a0\u00bb sub_title_use_theme_fonts=\u00a0\u00bb\u00a0\u00bb sub_title=\u00a0\u00bbSLOWAYS EST LA NOUVELLE FA\u00c7ON DE VOYAGER\u00a0\u00bb css=\u00a0\u00bb.vc_custom_1626170189781{margin-bottom: 52px !important;}\u00a0\u00bb][vc_column_text el_class=\u00a0\u00bb\u00a0\u00bb]Nous organisons des randonn\u00e9es \u00e0 pied et \u00e0 v\u00e9lo, guid\u00e9es ou autoguid\u00e9es, adapt\u00e9es \u00e0 [&hellip;]","og_url":"https:\/\/www.slowshop.eu\/fr\/qui-nous-sommes\/","og_site_name":"Slowshop","article_modified_time":"2021-07-13T10:00:14+00:00","og_image":[{"width":512,"height":512,"url":"https:\/\/www.slowshop.eu\/wp-content\/uploads\/2024\/07\/cropped-immagine-1.png","type":"image\/png"}],"twitter_card":"summary_large_image","twitter_misc":{"Dur\u00e9e de lecture estim\u00e9e":"1 minute"},"schema":{"@context":"https:\/\/schema.org","@graph":[{"@type":"WebPage","@id":"https:\/\/www.slowshop.eu\/fr\/qui-nous-sommes\/","url":"https:\/\/www.slowshop.eu\/fr\/qui-nous-sommes\/","name":"Qui nous sommes - Slowshop","isPartOf":{"@id":"https:\/\/www.slowshop.eu\/fr\/#website"},"datePublished":"2018-11-20T09:10:23+00:00","dateModified":"2021-07-13T10:00:14+00:00","breadcrumb":{"@id":"https:\/\/www.slowshop.eu\/fr\/qui-nous-sommes\/#breadcrumb"},"inLanguage":"fr-FR","potentialAction":[{"@type":"ReadAction","target":["https:\/\/www.slowshop.eu\/fr\/qui-nous-sommes\/"]}]},{"@type":"BreadcrumbList","@id":"https:\/\/www.slowshop.eu\/fr\/qui-nous-sommes\/#breadcrumb","itemListElement":[{"@type":"ListItem","position":1,"name":"Home","item":"https:\/\/www.slowshop.eu\/fr\/"},{"@type":"ListItem","position":2,"name":"Qui nous sommes"}]},{"@type":"WebSite","@id":"https:\/\/www.slowshop.eu\/fr\/#website","url":"https:\/\/www.slowshop.eu\/fr\/","name":"SlowShop","description":"Vie Francigene Shop","publisher":{"@id":"https:\/\/www.slowshop.eu\/fr\/#organization"},"potentialAction":[{"@type":"SearchAction","target":{"@type":"EntryPoint","urlTemplate":"https:\/\/www.slowshop.eu\/fr\/?s={search_term_string}"},"query-input":{"@type":"PropertyValueSpecification","valueRequired":true,"valueName":"search_term_string"}}],"inLanguage":"fr-FR"},{"@type":"Organization","@id":"https:\/\/www.slowshop.eu\/fr\/#organization","name":"SlowShop","url":"https:\/\/www.slowshop.eu\/fr\/","logo":{"@type":"ImageObject","inLanguage":"fr-FR","@id":"https:\/\/www.slowshop.eu\/fr\/#\/schema\/logo\/image\/","url":"https:\/\/www.slowshop.eu\/wp-content\/uploads\/2024\/07\/cropped-immagine-1.png","contentUrl":"https:\/\/www.slowshop.eu\/wp-content\/uploads\/2024\/07\/cropped-immagine-1.png","width":512,"height":512,"caption":"SlowShop"},"image":{"@id":"https:\/\/www.slowshop.eu\/fr\/#\/schema\/logo\/image\/"}}]}},"_links":{"self":[{"href":"https:\/\/www.slowshop.eu\/fr\/wp-json\/wp\/v2\/pages\/3436","targetHints":{"allow":["GET"]}}],"collection":[{"href":"https:\/\/www.slowshop.eu\/fr\/wp-json\/wp\/v2\/pages"}],"about":[{"href":"https:\/\/www.slowshop.eu\/fr\/wp-json\/wp\/v2\/types\/page"}],"author":[{"embeddable":true,"href":"https:\/\/www.slowshop.eu\/fr\/wp-json\/wp\/v2\/users\/1"}],"replies":[{"embeddable":true,"href":"https:\/\/www.slowshop.eu\/fr\/wp-json\/wp\/v2\/comments?post=3436"}],"version-history":[{"count":8,"href":"https:\/\/www.slowshop.eu\/fr\/wp-json\/wp\/v2\/pages\/3436\/revisions"}],"predecessor-version":[{"id":3765,"href":"https:\/\/www.slowshop.eu\/fr\/wp-json\/wp\/v2\/pages\/3436\/revisions\/3765"}],"wp:attachment":[{"href":"https:\/\/www.slowshop.eu\/fr\/wp-json\/wp\/v2\/media?parent=3436"}],"curies":[{"name":"wp","href":"https:\/\/api.w.org\/{rel}","templated":true}]}}