{"id":10296,"date":"2022-11-04T14:19:23","date_gmt":"2022-11-04T13:19:24","guid":{"rendered":"https:\/\/www.slowshop.eu\/?post_type=product&#038;p=10296"},"modified":"2023-11-24T14:55:47","modified_gmt":"2023-11-24T13:55:47","slug":"passeport-du-pelerin-via-romea-germanica","status":"publish","type":"product","link":"https:\/\/www.slowshop.eu\/fr\/produit\/passeport-du-pelerin-via-romea-germanica\/","title":{"rendered":"Passeport du p\u00e8lerin &#8211; Via Romea Germanica"},"content":{"rendered":"<h2>Passeport du p\u00e8lerin \u2013 Via Romea Germanica<\/h2>\n<p>L&rsquo;attestation certifie le statut de \u00ab\u00a0p\u00e8lerin\u00a0\u00bb.<br \/>\nUn p\u00e8lerin est une personne qui se rend dans un lieu de culte chr\u00e9tien dans l&rsquo;intention de renforcer sa foi et qui souhaite vivre une exp\u00e9rience humaine et spirituelle importante. La carte engage le candidat \u00e0 avoir un comportement respectueux envers les personnes qui lui offrent l&rsquo;hospitalit\u00e9 et celles qu&rsquo;il rencontre sur son chemin.<br \/>\nElle donne acc\u00e8s aux \u00ab\u00a0Hostels\u00a0\u00bb, les refuges pour p\u00e8lerins ; elle permet de b\u00e9n\u00e9ficier d&rsquo;avantages lorsqu&rsquo;il existe un accord entre l&rsquo;op\u00e9rateur et l&rsquo;Association Via Romea Germanica.<br \/>\nLa lettre de cr\u00e9ance porte le lieu et la date de d\u00e9part, le lieu et la date d&rsquo;arriv\u00e9e, les cachets des localit\u00e9s et des structures d&rsquo;accueil rencontr\u00e9es, attestant de l&rsquo;itin\u00e9raire parcouru.<br \/>\nIl s&rsquo;agit d&rsquo;un document valable pour obtenir un certificat \u00e0 la fin du p\u00e8lerinage : le \u00ab\u00a0Testimonium\u00a0\u00bb, une fois arriv\u00e9 \u00e0 Rome.<br \/>\nIl ne peut \u00eatre utilis\u00e9 que par ceux qui effectuent le p\u00e8lerinage \u00e0 pied, en bicyclette ou \u00e0 cheval.<\/p>\n<p>Notre Credential est num\u00e9rot\u00e9, personnel et enregistr\u00e9.<\/p>\n","protected":false},"excerpt":{"rendered":"<p>La carte de p\u00e8lerin repr\u00e9sente le \u00ab\u00a0passeport du p\u00e8lerin\u00a0\u00bb. Elle certifie l&rsquo;identit\u00e9 et les motivations du voyageur et constitue un outil indispensable pendant le voyage. Le p\u00e8lerin doit l&rsquo;avoir sur lui pour \u00eatre identifi\u00e9 en tant que tel et il est n\u00e9cessaire d&rsquo;avoir la carte pour pouvoir acc\u00e9der aux structures d&rsquo;accueil pr\u00e9vues sur le chemin.<br \/>\nLa carte est unique pour toutes les \u00e9tapes de la Via Francigena Romea Germanica.<\/p>\n","protected":false},"featured_media":10307,"template":"","meta":{"_monsterinsights_skip_tracking":false,"_monsterinsights_sitenote_active":false,"_monsterinsights_sitenote_note":"","_monsterinsights_sitenote_category":0},"product_brand":[],"product_cat":[103,166],"product_tag":[156,160],"class_list":{"0":"post-10296","1":"product","2":"type-product","3":"status-publish","4":"has-post-thumbnail","6":"product_cat-guides-et-passeport-pelerin","7":"product_cat-via-romea-germanica-fr","8":"product_tag-credenziali-fr","9":"product_tag-via-romea-germanica-fr","10":"product_shipping_class-documenti-fr","11":"tm-no-options","13":"first","14":"instock","15":"purchasable","16":"product-type-simple"},"bundle_layout":"","bundle_add_to_cart_form_location":"","bundle_editable_in_cart":false,"bundle_sold_individually_context":"","bundle_item_grouping":"","bundle_min_size":"","bundle_max_size":"","bundled_by":["10362","10353","10346","10339","10311"],"bundled_items":[],"yoast_head":"<!-- This site is optimized with the Yoast SEO plugin v26.2 - https:\/\/yoast.com\/wordpress\/plugins\/seo\/ -->\n<title>Passeport du p\u00e8lerin - Via Romea Germanica - Slowshop<\/title>\n<meta name=\"description\" content=\"La carte de p\u00e8lerin est le document principal du p\u00e8lerin. Elle repr\u00e9sente le &quot;passeport&quot; du p\u00e8lerin, certifiant son identit\u00e9 et sa motivation.\" \/>\n<meta name=\"robots\" content=\"index, follow, max-snippet:-1, max-image-preview:large, max-video-preview:-1\" \/>\n<link rel=\"canonical\" href=\"https:\/\/www.slowshop.eu\/fr\/produit\/passeport-du-pelerin-via-romea-germanica\/\" \/>\n<meta property=\"og:locale\" content=\"fr_FR\" \/>\n<meta property=\"og:type\" content=\"article\" \/>\n<meta property=\"og:title\" content=\"Passeport du p\u00e8lerin - Via Romea Germanica - Slowshop\" \/>\n<meta property=\"og:description\" content=\"La carte de p\u00e8lerin est le document principal du p\u00e8lerin. Elle repr\u00e9sente le &quot;passeport&quot; du p\u00e8lerin, certifiant son identit\u00e9 et sa motivation.\" \/>\n<meta property=\"og:url\" content=\"https:\/\/www.slowshop.eu\/fr\/produit\/passeport-du-pelerin-via-romea-germanica\/\" \/>\n<meta property=\"og:site_name\" content=\"Slowshop\" \/>\n<meta property=\"article:modified_time\" content=\"2023-11-24T13:55:47+00:00\" \/>\n<meta property=\"og:image\" content=\"https:\/\/www.slowshop.eu\/wp-content\/uploads\/2022\/11\/Via-romeo-germanica-2.png\" \/>\n\t<meta property=\"og:image:width\" content=\"600\" \/>\n\t<meta property=\"og:image:height\" content=\"750\" \/>\n\t<meta property=\"og:image:type\" content=\"image\/png\" \/>\n<meta name=\"twitter:card\" content=\"summary_large_image\" \/>\n<meta name=\"twitter:label1\" content=\"Dur\u00e9e de lecture estim\u00e9e\" \/>\n\t<meta name=\"twitter:data1\" content=\"1 minute\" \/>\n<script type=\"application\/ld+json\" class=\"yoast-schema-graph\">{\"@context\":\"https:\/\/schema.org\",\"@graph\":[{\"@type\":\"WebPage\",\"@id\":\"https:\/\/www.slowshop.eu\/fr\/produit\/passeport-du-pelerin-via-romea-germanica\/\",\"url\":\"https:\/\/www.slowshop.eu\/fr\/produit\/passeport-du-pelerin-via-romea-germanica\/\",\"name\":\"Passeport du p\u00e8lerin - Via Romea Germanica - Slowshop\",\"isPartOf\":{\"@id\":\"https:\/\/www.slowshop.eu\/fr\/#website\"},\"primaryImageOfPage\":{\"@id\":\"https:\/\/www.slowshop.eu\/fr\/produit\/passeport-du-pelerin-via-romea-germanica\/#primaryimage\"},\"image\":{\"@id\":\"https:\/\/www.slowshop.eu\/fr\/produit\/passeport-du-pelerin-via-romea-germanica\/#primaryimage\"},\"thumbnailUrl\":\"https:\/\/www.slowshop.eu\/wp-content\/uploads\/2022\/11\/Via-romeo-germanica-2.png\",\"datePublished\":\"2022-11-04T13:19:24+00:00\",\"dateModified\":\"2023-11-24T13:55:47+00:00\",\"description\":\"La carte de p\u00e8lerin est le document principal du p\u00e8lerin. Elle repr\u00e9sente le \\\"passeport\\\" du p\u00e8lerin, certifiant son identit\u00e9 et sa motivation.\",\"breadcrumb\":{\"@id\":\"https:\/\/www.slowshop.eu\/fr\/produit\/passeport-du-pelerin-via-romea-germanica\/#breadcrumb\"},\"inLanguage\":\"fr-FR\",\"potentialAction\":[{\"@type\":\"ReadAction\",\"target\":[\"https:\/\/www.slowshop.eu\/fr\/produit\/passeport-du-pelerin-via-romea-germanica\/\"]}]},{\"@type\":\"ImageObject\",\"inLanguage\":\"fr-FR\",\"@id\":\"https:\/\/www.slowshop.eu\/fr\/produit\/passeport-du-pelerin-via-romea-germanica\/#primaryimage\",\"url\":\"https:\/\/www.slowshop.eu\/wp-content\/uploads\/2022\/11\/Via-romeo-germanica-2.png\",\"contentUrl\":\"https:\/\/www.slowshop.eu\/wp-content\/uploads\/2022\/11\/Via-romeo-germanica-2.png\",\"width\":600,\"height\":750},{\"@type\":\"BreadcrumbList\",\"@id\":\"https:\/\/www.slowshop.eu\/fr\/produit\/passeport-du-pelerin-via-romea-germanica\/#breadcrumb\",\"itemListElement\":[{\"@type\":\"ListItem\",\"position\":1,\"name\":\"Home\",\"item\":\"https:\/\/www.slowshop.eu\/fr\/\"},{\"@type\":\"ListItem\",\"position\":2,\"name\":\"Catalogue\",\"item\":\"https:\/\/www.slowshop.eu\/fr\/catalogue\/\"},{\"@type\":\"ListItem\",\"position\":3,\"name\":\"Passeport du p\u00e8lerin &#8211; Via Romea Germanica\"}]},{\"@type\":\"WebSite\",\"@id\":\"https:\/\/www.slowshop.eu\/fr\/#website\",\"url\":\"https:\/\/www.slowshop.eu\/fr\/\",\"name\":\"SlowShop\",\"description\":\"Vie Francigene Shop\",\"publisher\":{\"@id\":\"https:\/\/www.slowshop.eu\/fr\/#organization\"},\"potentialAction\":[{\"@type\":\"SearchAction\",\"target\":{\"@type\":\"EntryPoint\",\"urlTemplate\":\"https:\/\/www.slowshop.eu\/fr\/?s={search_term_string}\"},\"query-input\":{\"@type\":\"PropertyValueSpecification\",\"valueRequired\":true,\"valueName\":\"search_term_string\"}}],\"inLanguage\":\"fr-FR\"},{\"@type\":\"Organization\",\"@id\":\"https:\/\/www.slowshop.eu\/fr\/#organization\",\"name\":\"SlowShop\",\"url\":\"https:\/\/www.slowshop.eu\/fr\/\",\"logo\":{\"@type\":\"ImageObject\",\"inLanguage\":\"fr-FR\",\"@id\":\"https:\/\/www.slowshop.eu\/fr\/#\/schema\/logo\/image\/\",\"url\":\"https:\/\/www.slowshop.eu\/wp-content\/uploads\/2024\/07\/cropped-immagine-1.png\",\"contentUrl\":\"https:\/\/www.slowshop.eu\/wp-content\/uploads\/2024\/07\/cropped-immagine-1.png\",\"width\":512,\"height\":512,\"caption\":\"SlowShop\"},\"image\":{\"@id\":\"https:\/\/www.slowshop.eu\/fr\/#\/schema\/logo\/image\/\"}}]}<\/script>\n<!-- \/ Yoast SEO plugin. -->","yoast_head_json":{"title":"Passeport du p\u00e8lerin - Via Romea Germanica - Slowshop","description":"La carte de p\u00e8lerin est le document principal du p\u00e8lerin. Elle repr\u00e9sente le \"passeport\" du p\u00e8lerin, certifiant son identit\u00e9 et sa motivation.","robots":{"index":"index","follow":"follow","max-snippet":"max-snippet:-1","max-image-preview":"max-image-preview:large","max-video-preview":"max-video-preview:-1"},"canonical":"https:\/\/www.slowshop.eu\/fr\/produit\/passeport-du-pelerin-via-romea-germanica\/","og_locale":"fr_FR","og_type":"article","og_title":"Passeport du p\u00e8lerin - Via Romea Germanica - Slowshop","og_description":"La carte de p\u00e8lerin est le document principal du p\u00e8lerin. Elle repr\u00e9sente le \"passeport\" du p\u00e8lerin, certifiant son identit\u00e9 et sa motivation.","og_url":"https:\/\/www.slowshop.eu\/fr\/produit\/passeport-du-pelerin-via-romea-germanica\/","og_site_name":"Slowshop","article_modified_time":"2023-11-24T13:55:47+00:00","og_image":[{"width":600,"height":750,"url":"https:\/\/www.slowshop.eu\/wp-content\/uploads\/2022\/11\/Via-romeo-germanica-2.png","type":"image\/png"}],"twitter_card":"summary_large_image","twitter_misc":{"Dur\u00e9e de lecture estim\u00e9e":"1 minute"},"schema":{"@context":"https:\/\/schema.org","@graph":[{"@type":"WebPage","@id":"https:\/\/www.slowshop.eu\/fr\/produit\/passeport-du-pelerin-via-romea-germanica\/","url":"https:\/\/www.slowshop.eu\/fr\/produit\/passeport-du-pelerin-via-romea-germanica\/","name":"Passeport du p\u00e8lerin - Via Romea Germanica - Slowshop","isPartOf":{"@id":"https:\/\/www.slowshop.eu\/fr\/#website"},"primaryImageOfPage":{"@id":"https:\/\/www.slowshop.eu\/fr\/produit\/passeport-du-pelerin-via-romea-germanica\/#primaryimage"},"image":{"@id":"https:\/\/www.slowshop.eu\/fr\/produit\/passeport-du-pelerin-via-romea-germanica\/#primaryimage"},"thumbnailUrl":"https:\/\/www.slowshop.eu\/wp-content\/uploads\/2022\/11\/Via-romeo-germanica-2.png","datePublished":"2022-11-04T13:19:24+00:00","dateModified":"2023-11-24T13:55:47+00:00","description":"La carte de p\u00e8lerin est le document principal du p\u00e8lerin. Elle repr\u00e9sente le \"passeport\" du p\u00e8lerin, certifiant son identit\u00e9 et sa motivation.","breadcrumb":{"@id":"https:\/\/www.slowshop.eu\/fr\/produit\/passeport-du-pelerin-via-romea-germanica\/#breadcrumb"},"inLanguage":"fr-FR","potentialAction":[{"@type":"ReadAction","target":["https:\/\/www.slowshop.eu\/fr\/produit\/passeport-du-pelerin-via-romea-germanica\/"]}]},{"@type":"ImageObject","inLanguage":"fr-FR","@id":"https:\/\/www.slowshop.eu\/fr\/produit\/passeport-du-pelerin-via-romea-germanica\/#primaryimage","url":"https:\/\/www.slowshop.eu\/wp-content\/uploads\/2022\/11\/Via-romeo-germanica-2.png","contentUrl":"https:\/\/www.slowshop.eu\/wp-content\/uploads\/2022\/11\/Via-romeo-germanica-2.png","width":600,"height":750},{"@type":"BreadcrumbList","@id":"https:\/\/www.slowshop.eu\/fr\/produit\/passeport-du-pelerin-via-romea-germanica\/#breadcrumb","itemListElement":[{"@type":"ListItem","position":1,"name":"Home","item":"https:\/\/www.slowshop.eu\/fr\/"},{"@type":"ListItem","position":2,"name":"Catalogue","item":"https:\/\/www.slowshop.eu\/fr\/catalogue\/"},{"@type":"ListItem","position":3,"name":"Passeport du p\u00e8lerin &#8211; Via Romea Germanica"}]},{"@type":"WebSite","@id":"https:\/\/www.slowshop.eu\/fr\/#website","url":"https:\/\/www.slowshop.eu\/fr\/","name":"SlowShop","description":"Vie Francigene Shop","publisher":{"@id":"https:\/\/www.slowshop.eu\/fr\/#organization"},"potentialAction":[{"@type":"SearchAction","target":{"@type":"EntryPoint","urlTemplate":"https:\/\/www.slowshop.eu\/fr\/?s={search_term_string}"},"query-input":{"@type":"PropertyValueSpecification","valueRequired":true,"valueName":"search_term_string"}}],"inLanguage":"fr-FR"},{"@type":"Organization","@id":"https:\/\/www.slowshop.eu\/fr\/#organization","name":"SlowShop","url":"https:\/\/www.slowshop.eu\/fr\/","logo":{"@type":"ImageObject","inLanguage":"fr-FR","@id":"https:\/\/www.slowshop.eu\/fr\/#\/schema\/logo\/image\/","url":"https:\/\/www.slowshop.eu\/wp-content\/uploads\/2024\/07\/cropped-immagine-1.png","contentUrl":"https:\/\/www.slowshop.eu\/wp-content\/uploads\/2024\/07\/cropped-immagine-1.png","width":512,"height":512,"caption":"SlowShop"},"image":{"@id":"https:\/\/www.slowshop.eu\/fr\/#\/schema\/logo\/image\/"}}]}},"_links":{"self":[{"href":"https:\/\/www.slowshop.eu\/fr\/wp-json\/wp\/v2\/product\/10296","targetHints":{"allow":["GET"]}}],"collection":[{"href":"https:\/\/www.slowshop.eu\/fr\/wp-json\/wp\/v2\/product"}],"about":[{"href":"https:\/\/www.slowshop.eu\/fr\/wp-json\/wp\/v2\/types\/product"}],"wp:featuredmedia":[{"embeddable":true,"href":"https:\/\/www.slowshop.eu\/fr\/wp-json\/wp\/v2\/media\/10307"}],"wp:attachment":[{"href":"https:\/\/www.slowshop.eu\/fr\/wp-json\/wp\/v2\/media?parent=10296"}],"wp:term":[{"taxonomy":"product_brand","embeddable":true,"href":"https:\/\/www.slowshop.eu\/fr\/wp-json\/wp\/v2\/product_brand?post=10296"},{"taxonomy":"product_cat","embeddable":true,"href":"https:\/\/www.slowshop.eu\/fr\/wp-json\/wp\/v2\/product_cat?post=10296"},{"taxonomy":"product_tag","embeddable":true,"href":"https:\/\/www.slowshop.eu\/fr\/wp-json\/wp\/v2\/product_tag?post=10296"}],"curies":[{"name":"wp","href":"https:\/\/api.w.org\/{rel}","templated":true}]}}