{"id":11921,"date":"2023-04-03T11:24:30","date_gmt":"2023-04-03T09:24:30","guid":{"rendered":"https:\/\/www.slowshop.eu\/?post_type=product&#038;p=11921"},"modified":"2025-12-23T10:28:21","modified_gmt":"2025-12-23T09:28:21","slug":"t-shirt-officiel-via-francigena-2","status":"publish","type":"product","link":"https:\/\/www.slowshop.eu\/fr\/produit\/t-shirt-officiel-via-francigena-2\/","title":{"rendered":"T-shirt officiel Via Francigena"},"content":{"rendered":"<h3>T-shirt officiel Via Francigena<\/h3>\n<p>Le t-shirt officiel Via Francigena est unisexe avec un imprim\u00e9 offset (respirant) \u00ab\u00a0Via Francigena\u00a0\u00bb avec le logo du p\u00e8lerin. La structure de la chemise est tubulaire ind\u00e9formable, avec des coutures renforc\u00e9es et un col \u00e9lastiqu\u00e9. Existe en deux coloris : vert fonc\u00e9 et bordeaux.<\/p>\n<p>Coupe : coupe ajust\u00e9e.<br \/>\nCaract\u00e9ristiques : 100 % jersey de coton fil\u00e9 \u00e0 l&rsquo;anneau. (couleur 95 : 15 % viscose ; 955 : 40 % polyester)<\/p>\n<p>Prenez votre photo et suivez notre page <a href=\"https:\/\/www.instagram.com\/sloways_travels\/\">@sloways_travel <\/a>sur Instagram avec le hashtag #<strong>spassolento<\/strong>!<\/p>\n<p><strong>Suivez les traces de l\u2019archev\u00eaque Sig\u00e9ric sur le c\u00e9l\u00e8bre chemin&#8230;<\/strong><\/p>\n<p>Plus de 3.000 kilom\u00e8tres de la Via Francigena de Canterbury \u00e0 Rome et vers Santa Maria di Leuca. Un parcours qui unit l\u2019Europe des peuples et des cultures, touchant cinq \u00c9tats. La Via traverse le Kent, au Royaume-Uni; les r\u00e9gions Haute-de-France, Grand Est et Bourgogne-Franche-Comt\u00e9, en France; les cantons Vaud et Valais, en Suisse; et les r\u00e9gions Val d\u2019Aoste, Pi\u00e9mont, Lombardie, Emilie-Romagne, Ligurie, Toscane, Latium, Campanie, Basilicate et Pouilles, en Italie et l\u2019\u00c9tat du Vatican \u00e0 Rome.<\/p>\n<p>Un mois entier, une semaine ou quelques jours. Vivez donc un voyage extraordinaire, seul ou en groupe, pour d\u00e9couvrir des paysages inattendus, des \u00e9glises m\u00e9di\u00e9vales et des tron\u00e7ons de routes romaines, certains des villages les plus beaux et les plus \u00e9vocateurs d\u2019Europe.<\/p>\n<p><strong>Tu as ton credential?<\/strong><br \/>\nLa\u00a0<strong>credential<\/strong> repr\u00e9sente le \u00ab\u00a0passeport du p\u00e8lerin\u00a0\u00bb.\u00a0Il atteste l\u2019identit\u00e9 et les motivations du voyageur, c\u2019est donc un outil indispensable.\u00a0<a href=\"https:\/\/www.slowshop.eu\/fr\/produit\/passeport-du-pelerin-via-francigena\/\">Vous pouvez l\u2019acheter ici<\/a><\/p>\n<p><strong>Pars avec nous<\/strong><br \/>\nMaintenant, il vous suffit de r\u00e9server votre voyage le long de la Via Francigena.\u00a0Si vous r\u00e9servez sur notre site, vous recevrez la documentation compl\u00e8te pour votre voyage, nous vous fournirons une assistance 24h et r\u00e9serverons des installations de r\u00eave pour vos s\u00e9jours afin que vos vacances se r\u00e9v\u00e8lent une exp\u00e9rience inoubliable.\u00a0Pour nous contacter, \u00e9crivez un mail \u00e0 <a href=\"mailto:info@sloways.eu\">info@sloways.eu<\/a> ou visitez la page <a href=\"https:\/\/www.sloways.eu\/contatti\">contacts<\/a> sur notre site web.<\/p>\n","protected":false},"excerpt":{"rendered":"<p>Le t-shirt officiel Via Francigena est unisexe avec un imprim\u00e9 offset (respirant) \u00ab\u00a0Via Francigena\u00a0\u00bb avec le logo du p\u00e8lerin. La structure de la chemise est tubulaire ind\u00e9formable, avec des coutures renforc\u00e9es et un col \u00e9lastiqu\u00e9. Existe en deux coloris : vert fonc\u00e9 et bordeaux.<\/p>\n<p>Coupe : coupe ajust\u00e9e.<br \/>\nCaract\u00e9ristiques : 100 % jersey de coton fil\u00e9 \u00e0 l&rsquo;anneau. (couleur 95 : 15 % viscose ; 955 : 40 % polyester)<\/p>\n","protected":false},"featured_media":12161,"template":"","meta":{"_monsterinsights_skip_tracking":false,"_monsterinsights_sitenote_active":false,"_monsterinsights_sitenote_note":"","_monsterinsights_sitenote_category":0},"product_brand":[],"product_cat":[104,108],"product_tag":[120],"class_list":{"0":"post-11921","1":"product","2":"type-product","3":"status-publish","4":"has-post-thumbnail","6":"product_cat-vetements","7":"product_cat-via-francigena-fr","8":"product_tag-via-francigena-fr","9":"tm-no-options","11":"first","12":"outofstock","13":"taxable","14":"shipping-taxable","15":"purchasable","16":"product-type-variable","17":"has-default-attributes"},"bundle_layout":"","bundle_add_to_cart_form_location":"","bundle_editable_in_cart":false,"bundle_sold_individually_context":"","bundle_item_grouping":"","bundle_min_size":"","bundle_max_size":"","bundled_by":["3949"],"bundled_items":[],"yoast_head":"<!-- This site is optimized with the Yoast SEO plugin v26.2 - https:\/\/yoast.com\/wordpress\/plugins\/seo\/ -->\n<title>T-shirt officiel Via Francigena - Slowshop<\/title>\n<meta name=\"description\" content=\"Achetez le T-shirt officiel de la Via Francigena, id\u00e9al \u00e0 porter lors de votre promenade le long de la Via Francigena.\" \/>\n<meta name=\"robots\" content=\"index, follow, max-snippet:-1, max-image-preview:large, max-video-preview:-1\" \/>\n<link rel=\"canonical\" href=\"https:\/\/www.slowshop.eu\/fr\/produit\/t-shirt-officiel-via-francigena-2\/\" \/>\n<meta property=\"og:locale\" content=\"fr_FR\" \/>\n<meta property=\"og:type\" content=\"article\" \/>\n<meta property=\"og:title\" content=\"T-shirt officiel Via Francigena - Slowshop\" \/>\n<meta property=\"og:description\" content=\"Achetez le T-shirt officiel de la Via Francigena, id\u00e9al \u00e0 porter lors de votre promenade le long de la Via Francigena.\" \/>\n<meta property=\"og:url\" content=\"https:\/\/www.slowshop.eu\/fr\/produit\/t-shirt-officiel-via-francigena-2\/\" \/>\n<meta property=\"og:site_name\" content=\"Slowshop\" \/>\n<meta property=\"article:modified_time\" content=\"2025-12-23T09:28:21+00:00\" \/>\n<meta property=\"og:image\" content=\"https:\/\/www.slowshop.eu\/wp-content\/uploads\/2023\/04\/2.png\" \/>\n\t<meta property=\"og:image:width\" content=\"600\" \/>\n\t<meta property=\"og:image:height\" content=\"750\" \/>\n\t<meta property=\"og:image:type\" content=\"image\/png\" \/>\n<meta name=\"twitter:card\" content=\"summary_large_image\" \/>\n<meta name=\"twitter:label1\" content=\"Dur\u00e9e de lecture estim\u00e9e\" \/>\n\t<meta name=\"twitter:data1\" content=\"2 minutes\" \/>\n<script type=\"application\/ld+json\" class=\"yoast-schema-graph\">{\"@context\":\"https:\/\/schema.org\",\"@graph\":[{\"@type\":\"WebPage\",\"@id\":\"https:\/\/www.slowshop.eu\/fr\/produit\/t-shirt-officiel-via-francigena-2\/\",\"url\":\"https:\/\/www.slowshop.eu\/fr\/produit\/t-shirt-officiel-via-francigena-2\/\",\"name\":\"T-shirt officiel Via Francigena - Slowshop\",\"isPartOf\":{\"@id\":\"https:\/\/www.slowshop.eu\/fr\/#website\"},\"primaryImageOfPage\":{\"@id\":\"https:\/\/www.slowshop.eu\/fr\/produit\/t-shirt-officiel-via-francigena-2\/#primaryimage\"},\"image\":{\"@id\":\"https:\/\/www.slowshop.eu\/fr\/produit\/t-shirt-officiel-via-francigena-2\/#primaryimage\"},\"thumbnailUrl\":\"https:\/\/www.slowshop.eu\/wp-content\/uploads\/2023\/04\/2.png\",\"datePublished\":\"2023-04-03T09:24:30+00:00\",\"dateModified\":\"2025-12-23T09:28:21+00:00\",\"description\":\"Achetez le T-shirt officiel de la Via Francigena, id\u00e9al \u00e0 porter lors de votre promenade le long de la Via Francigena.\",\"breadcrumb\":{\"@id\":\"https:\/\/www.slowshop.eu\/fr\/produit\/t-shirt-officiel-via-francigena-2\/#breadcrumb\"},\"inLanguage\":\"fr-FR\",\"potentialAction\":[{\"@type\":\"ReadAction\",\"target\":[\"https:\/\/www.slowshop.eu\/fr\/produit\/t-shirt-officiel-via-francigena-2\/\"]}]},{\"@type\":\"ImageObject\",\"inLanguage\":\"fr-FR\",\"@id\":\"https:\/\/www.slowshop.eu\/fr\/produit\/t-shirt-officiel-via-francigena-2\/#primaryimage\",\"url\":\"https:\/\/www.slowshop.eu\/wp-content\/uploads\/2023\/04\/2.png\",\"contentUrl\":\"https:\/\/www.slowshop.eu\/wp-content\/uploads\/2023\/04\/2.png\",\"width\":600,\"height\":750},{\"@type\":\"BreadcrumbList\",\"@id\":\"https:\/\/www.slowshop.eu\/fr\/produit\/t-shirt-officiel-via-francigena-2\/#breadcrumb\",\"itemListElement\":[{\"@type\":\"ListItem\",\"position\":1,\"name\":\"Home\",\"item\":\"https:\/\/www.slowshop.eu\/fr\/\"},{\"@type\":\"ListItem\",\"position\":2,\"name\":\"Catalogue\",\"item\":\"https:\/\/www.slowshop.eu\/fr\/catalogue\/\"},{\"@type\":\"ListItem\",\"position\":3,\"name\":\"T-shirt officiel Via Francigena\"}]},{\"@type\":\"WebSite\",\"@id\":\"https:\/\/www.slowshop.eu\/fr\/#website\",\"url\":\"https:\/\/www.slowshop.eu\/fr\/\",\"name\":\"SlowShop\",\"description\":\"Vie Francigene Shop\",\"publisher\":{\"@id\":\"https:\/\/www.slowshop.eu\/fr\/#organization\"},\"potentialAction\":[{\"@type\":\"SearchAction\",\"target\":{\"@type\":\"EntryPoint\",\"urlTemplate\":\"https:\/\/www.slowshop.eu\/fr\/?s={search_term_string}\"},\"query-input\":{\"@type\":\"PropertyValueSpecification\",\"valueRequired\":true,\"valueName\":\"search_term_string\"}}],\"inLanguage\":\"fr-FR\"},{\"@type\":\"Organization\",\"@id\":\"https:\/\/www.slowshop.eu\/fr\/#organization\",\"name\":\"SlowShop\",\"url\":\"https:\/\/www.slowshop.eu\/fr\/\",\"logo\":{\"@type\":\"ImageObject\",\"inLanguage\":\"fr-FR\",\"@id\":\"https:\/\/www.slowshop.eu\/fr\/#\/schema\/logo\/image\/\",\"url\":\"https:\/\/www.slowshop.eu\/wp-content\/uploads\/2024\/07\/cropped-immagine-1.png\",\"contentUrl\":\"https:\/\/www.slowshop.eu\/wp-content\/uploads\/2024\/07\/cropped-immagine-1.png\",\"width\":512,\"height\":512,\"caption\":\"SlowShop\"},\"image\":{\"@id\":\"https:\/\/www.slowshop.eu\/fr\/#\/schema\/logo\/image\/\"}}]}<\/script>\n<!-- \/ Yoast SEO plugin. -->","yoast_head_json":{"title":"T-shirt officiel Via Francigena - Slowshop","description":"Achetez le T-shirt officiel de la Via Francigena, id\u00e9al \u00e0 porter lors de votre promenade le long de la Via Francigena.","robots":{"index":"index","follow":"follow","max-snippet":"max-snippet:-1","max-image-preview":"max-image-preview:large","max-video-preview":"max-video-preview:-1"},"canonical":"https:\/\/www.slowshop.eu\/fr\/produit\/t-shirt-officiel-via-francigena-2\/","og_locale":"fr_FR","og_type":"article","og_title":"T-shirt officiel Via Francigena - Slowshop","og_description":"Achetez le T-shirt officiel de la Via Francigena, id\u00e9al \u00e0 porter lors de votre promenade le long de la Via Francigena.","og_url":"https:\/\/www.slowshop.eu\/fr\/produit\/t-shirt-officiel-via-francigena-2\/","og_site_name":"Slowshop","article_modified_time":"2025-12-23T09:28:21+00:00","og_image":[{"width":600,"height":750,"url":"https:\/\/www.slowshop.eu\/wp-content\/uploads\/2023\/04\/2.png","type":"image\/png"}],"twitter_card":"summary_large_image","twitter_misc":{"Dur\u00e9e de lecture estim\u00e9e":"2 minutes"},"schema":{"@context":"https:\/\/schema.org","@graph":[{"@type":"WebPage","@id":"https:\/\/www.slowshop.eu\/fr\/produit\/t-shirt-officiel-via-francigena-2\/","url":"https:\/\/www.slowshop.eu\/fr\/produit\/t-shirt-officiel-via-francigena-2\/","name":"T-shirt officiel Via Francigena - Slowshop","isPartOf":{"@id":"https:\/\/www.slowshop.eu\/fr\/#website"},"primaryImageOfPage":{"@id":"https:\/\/www.slowshop.eu\/fr\/produit\/t-shirt-officiel-via-francigena-2\/#primaryimage"},"image":{"@id":"https:\/\/www.slowshop.eu\/fr\/produit\/t-shirt-officiel-via-francigena-2\/#primaryimage"},"thumbnailUrl":"https:\/\/www.slowshop.eu\/wp-content\/uploads\/2023\/04\/2.png","datePublished":"2023-04-03T09:24:30+00:00","dateModified":"2025-12-23T09:28:21+00:00","description":"Achetez le T-shirt officiel de la Via Francigena, id\u00e9al \u00e0 porter lors de votre promenade le long de la Via Francigena.","breadcrumb":{"@id":"https:\/\/www.slowshop.eu\/fr\/produit\/t-shirt-officiel-via-francigena-2\/#breadcrumb"},"inLanguage":"fr-FR","potentialAction":[{"@type":"ReadAction","target":["https:\/\/www.slowshop.eu\/fr\/produit\/t-shirt-officiel-via-francigena-2\/"]}]},{"@type":"ImageObject","inLanguage":"fr-FR","@id":"https:\/\/www.slowshop.eu\/fr\/produit\/t-shirt-officiel-via-francigena-2\/#primaryimage","url":"https:\/\/www.slowshop.eu\/wp-content\/uploads\/2023\/04\/2.png","contentUrl":"https:\/\/www.slowshop.eu\/wp-content\/uploads\/2023\/04\/2.png","width":600,"height":750},{"@type":"BreadcrumbList","@id":"https:\/\/www.slowshop.eu\/fr\/produit\/t-shirt-officiel-via-francigena-2\/#breadcrumb","itemListElement":[{"@type":"ListItem","position":1,"name":"Home","item":"https:\/\/www.slowshop.eu\/fr\/"},{"@type":"ListItem","position":2,"name":"Catalogue","item":"https:\/\/www.slowshop.eu\/fr\/catalogue\/"},{"@type":"ListItem","position":3,"name":"T-shirt officiel Via Francigena"}]},{"@type":"WebSite","@id":"https:\/\/www.slowshop.eu\/fr\/#website","url":"https:\/\/www.slowshop.eu\/fr\/","name":"SlowShop","description":"Vie Francigene Shop","publisher":{"@id":"https:\/\/www.slowshop.eu\/fr\/#organization"},"potentialAction":[{"@type":"SearchAction","target":{"@type":"EntryPoint","urlTemplate":"https:\/\/www.slowshop.eu\/fr\/?s={search_term_string}"},"query-input":{"@type":"PropertyValueSpecification","valueRequired":true,"valueName":"search_term_string"}}],"inLanguage":"fr-FR"},{"@type":"Organization","@id":"https:\/\/www.slowshop.eu\/fr\/#organization","name":"SlowShop","url":"https:\/\/www.slowshop.eu\/fr\/","logo":{"@type":"ImageObject","inLanguage":"fr-FR","@id":"https:\/\/www.slowshop.eu\/fr\/#\/schema\/logo\/image\/","url":"https:\/\/www.slowshop.eu\/wp-content\/uploads\/2024\/07\/cropped-immagine-1.png","contentUrl":"https:\/\/www.slowshop.eu\/wp-content\/uploads\/2024\/07\/cropped-immagine-1.png","width":512,"height":512,"caption":"SlowShop"},"image":{"@id":"https:\/\/www.slowshop.eu\/fr\/#\/schema\/logo\/image\/"}}]}},"_links":{"self":[{"href":"https:\/\/www.slowshop.eu\/fr\/wp-json\/wp\/v2\/product\/11921","targetHints":{"allow":["GET"]}}],"collection":[{"href":"https:\/\/www.slowshop.eu\/fr\/wp-json\/wp\/v2\/product"}],"about":[{"href":"https:\/\/www.slowshop.eu\/fr\/wp-json\/wp\/v2\/types\/product"}],"wp:featuredmedia":[{"embeddable":true,"href":"https:\/\/www.slowshop.eu\/fr\/wp-json\/wp\/v2\/media\/12161"}],"wp:attachment":[{"href":"https:\/\/www.slowshop.eu\/fr\/wp-json\/wp\/v2\/media?parent=11921"}],"wp:term":[{"taxonomy":"product_brand","embeddable":true,"href":"https:\/\/www.slowshop.eu\/fr\/wp-json\/wp\/v2\/product_brand?post=11921"},{"taxonomy":"product_cat","embeddable":true,"href":"https:\/\/www.slowshop.eu\/fr\/wp-json\/wp\/v2\/product_cat?post=11921"},{"taxonomy":"product_tag","embeddable":true,"href":"https:\/\/www.slowshop.eu\/fr\/wp-json\/wp\/v2\/product_tag?post=11921"}],"curies":[{"name":"wp","href":"https:\/\/api.w.org\/{rel}","templated":true}]}}