{"id":14150,"date":"2023-08-02T16:18:08","date_gmt":"2023-08-02T14:18:08","guid":{"rendered":"https:\/\/www.slowshop.eu\/?post_type=product&#038;p=14150"},"modified":"2023-08-02T17:03:13","modified_gmt":"2023-08-02T15:03:13","slug":"t-shirt-chemin-de-compostelle","status":"publish","type":"product","link":"https:\/\/www.slowshop.eu\/fr\/produit\/t-shirt-chemin-de-compostelle\/","title":{"rendered":"Le t-shirt officiel du Chemin de Compostelle"},"content":{"rendered":"<h3>T-Shirt Chemin de Compostelle<\/h3>\n<p>Le T-Shirt officiel du Chemin de Saint-Jacques est 100% coton, unisexe, bleu marine avec la coquille de Saint-Jacques.<br \/>\nCaract\u00e9ristiques : il est de grande taille et lavable \u00e0 l&rsquo;envers.<\/p>\n<p>Vivez un voyage extraordinaire, en libert\u00e9 ou en groupe, le long de l&rsquo;itin\u00e9raire vers le Sanctuaire d&rsquo;Oropa, au milieu d&rsquo;une nature intacte et de sentiers capables de satisfaire les grands randonneurs et les premiers marcheurs.<\/p>\n<h3>Partez avec nous<\/h3>\n<p>Il ne vous reste plus qu&rsquo;\u00e0 r\u00e9server votre voyage le long de la Chemin de Compostelle. Si vous r\u00e9servez sur notre site, vous recevrez une documentation de voyage compl\u00e8te, nous vous fournirons une assistance 24h\/24 et nous r\u00e9serverons des h\u00e9bergements de r\u00eave pour vos s\u00e9jours afin que vos vacances soient une exp\u00e9rience inoubliable. Pour nous contacter, \u00e9crivez un e-mail \u00e0 info@sloways.eu ou visitez la page contact de notre site Internet.<\/p>\n","protected":false},"excerpt":{"rendered":"<p>Le t-shirt officiel du Chemin de Compostelle est 100 % coton, unisexe, bleu marine avec l&rsquo;inscription du Chemin de Compostelle et la coquille du p\u00e8lerin.<\/p>\n","protected":false},"featured_media":14162,"template":"","meta":{"_monsterinsights_skip_tracking":false,"_monsterinsights_sitenote_active":false,"_monsterinsights_sitenote_note":"","_monsterinsights_sitenote_category":0},"product_brand":[],"product_cat":[144,104],"product_tag":[316],"class_list":{"0":"post-14150","1":"product","2":"type-product","3":"status-publish","4":"has-post-thumbnail","6":"product_cat-cammino-di-santiago-fr","7":"product_cat-vetements","8":"product_tag-santiago","9":"tm-no-options","11":"first","12":"instock","13":"taxable","14":"shipping-taxable","15":"purchasable","16":"product-type-variable"},"bundle_layout":"","bundle_add_to_cart_form_location":"","bundle_editable_in_cart":false,"bundle_sold_individually_context":"","bundle_item_grouping":"","bundle_min_size":"","bundle_max_size":"","bundled_by":["14627"],"bundled_items":[],"yoast_head":"<!-- This site is optimized with the Yoast SEO plugin v26.2 - https:\/\/yoast.com\/wordpress\/plugins\/seo\/ -->\n<title>Le t-shirt officiel du Chemin de Compostelle - Slowshop<\/title>\n<meta name=\"description\" content=\"Achetez le T-shirt du Chemin de Saint-Jacques de Compostelle uffiaicle en coton. Partez avec nous pour une aventure inoubliable sur le c\u00e9l\u00e8bre chemin !\" \/>\n<meta name=\"robots\" content=\"index, follow, max-snippet:-1, max-image-preview:large, max-video-preview:-1\" \/>\n<link rel=\"canonical\" href=\"https:\/\/www.slowshop.eu\/fr\/produit\/t-shirt-chemin-de-compostelle\/\" \/>\n<meta property=\"og:locale\" content=\"fr_FR\" \/>\n<meta property=\"og:type\" content=\"article\" \/>\n<meta property=\"og:title\" content=\"Le t-shirt officiel du Chemin de Compostelle - Slowshop\" \/>\n<meta property=\"og:description\" content=\"Achetez le T-shirt du Chemin de Saint-Jacques de Compostelle uffiaicle en coton. Partez avec nous pour une aventure inoubliable sur le c\u00e9l\u00e8bre chemin !\" \/>\n<meta property=\"og:url\" content=\"https:\/\/www.slowshop.eu\/fr\/produit\/t-shirt-chemin-de-compostelle\/\" \/>\n<meta property=\"og:site_name\" content=\"Slowshop\" \/>\n<meta property=\"article:modified_time\" content=\"2023-08-02T15:03:13+00:00\" \/>\n<meta property=\"og:image\" content=\"https:\/\/www.slowshop.eu\/wp-content\/uploads\/2023\/08\/T-Shirt-Oropa-2.png\" \/>\n\t<meta property=\"og:image:width\" content=\"600\" \/>\n\t<meta property=\"og:image:height\" content=\"750\" \/>\n\t<meta property=\"og:image:type\" content=\"image\/png\" \/>\n<meta name=\"twitter:card\" content=\"summary_large_image\" \/>\n<meta name=\"twitter:label1\" content=\"Dur\u00e9e de lecture estim\u00e9e\" \/>\n\t<meta name=\"twitter:data1\" content=\"1 minute\" \/>\n<script type=\"application\/ld+json\" class=\"yoast-schema-graph\">{\"@context\":\"https:\/\/schema.org\",\"@graph\":[{\"@type\":\"WebPage\",\"@id\":\"https:\/\/www.slowshop.eu\/fr\/produit\/t-shirt-chemin-de-compostelle\/\",\"url\":\"https:\/\/www.slowshop.eu\/fr\/produit\/t-shirt-chemin-de-compostelle\/\",\"name\":\"Le t-shirt officiel du Chemin de Compostelle - Slowshop\",\"isPartOf\":{\"@id\":\"https:\/\/www.slowshop.eu\/fr\/#website\"},\"primaryImageOfPage\":{\"@id\":\"https:\/\/www.slowshop.eu\/fr\/produit\/t-shirt-chemin-de-compostelle\/#primaryimage\"},\"image\":{\"@id\":\"https:\/\/www.slowshop.eu\/fr\/produit\/t-shirt-chemin-de-compostelle\/#primaryimage\"},\"thumbnailUrl\":\"https:\/\/www.slowshop.eu\/wp-content\/uploads\/2023\/08\/T-Shirt-Oropa-2.png\",\"datePublished\":\"2023-08-02T14:18:08+00:00\",\"dateModified\":\"2023-08-02T15:03:13+00:00\",\"description\":\"Achetez le T-shirt du Chemin de Saint-Jacques de Compostelle uffiaicle en coton. Partez avec nous pour une aventure inoubliable sur le c\u00e9l\u00e8bre chemin !\",\"breadcrumb\":{\"@id\":\"https:\/\/www.slowshop.eu\/fr\/produit\/t-shirt-chemin-de-compostelle\/#breadcrumb\"},\"inLanguage\":\"fr-FR\",\"potentialAction\":[{\"@type\":\"ReadAction\",\"target\":[\"https:\/\/www.slowshop.eu\/fr\/produit\/t-shirt-chemin-de-compostelle\/\"]}]},{\"@type\":\"ImageObject\",\"inLanguage\":\"fr-FR\",\"@id\":\"https:\/\/www.slowshop.eu\/fr\/produit\/t-shirt-chemin-de-compostelle\/#primaryimage\",\"url\":\"https:\/\/www.slowshop.eu\/wp-content\/uploads\/2023\/08\/T-Shirt-Oropa-2.png\",\"contentUrl\":\"https:\/\/www.slowshop.eu\/wp-content\/uploads\/2023\/08\/T-Shirt-Oropa-2.png\",\"width\":600,\"height\":750},{\"@type\":\"BreadcrumbList\",\"@id\":\"https:\/\/www.slowshop.eu\/fr\/produit\/t-shirt-chemin-de-compostelle\/#breadcrumb\",\"itemListElement\":[{\"@type\":\"ListItem\",\"position\":1,\"name\":\"Home\",\"item\":\"https:\/\/www.slowshop.eu\/fr\/\"},{\"@type\":\"ListItem\",\"position\":2,\"name\":\"Catalogue\",\"item\":\"https:\/\/www.slowshop.eu\/fr\/catalogue\/\"},{\"@type\":\"ListItem\",\"position\":3,\"name\":\"Le t-shirt officiel du Chemin de Compostelle\"}]},{\"@type\":\"WebSite\",\"@id\":\"https:\/\/www.slowshop.eu\/fr\/#website\",\"url\":\"https:\/\/www.slowshop.eu\/fr\/\",\"name\":\"SlowShop\",\"description\":\"Vie Francigene Shop\",\"publisher\":{\"@id\":\"https:\/\/www.slowshop.eu\/fr\/#organization\"},\"potentialAction\":[{\"@type\":\"SearchAction\",\"target\":{\"@type\":\"EntryPoint\",\"urlTemplate\":\"https:\/\/www.slowshop.eu\/fr\/?s={search_term_string}\"},\"query-input\":{\"@type\":\"PropertyValueSpecification\",\"valueRequired\":true,\"valueName\":\"search_term_string\"}}],\"inLanguage\":\"fr-FR\"},{\"@type\":\"Organization\",\"@id\":\"https:\/\/www.slowshop.eu\/fr\/#organization\",\"name\":\"SlowShop\",\"url\":\"https:\/\/www.slowshop.eu\/fr\/\",\"logo\":{\"@type\":\"ImageObject\",\"inLanguage\":\"fr-FR\",\"@id\":\"https:\/\/www.slowshop.eu\/fr\/#\/schema\/logo\/image\/\",\"url\":\"https:\/\/www.slowshop.eu\/wp-content\/uploads\/2024\/07\/cropped-immagine-1.png\",\"contentUrl\":\"https:\/\/www.slowshop.eu\/wp-content\/uploads\/2024\/07\/cropped-immagine-1.png\",\"width\":512,\"height\":512,\"caption\":\"SlowShop\"},\"image\":{\"@id\":\"https:\/\/www.slowshop.eu\/fr\/#\/schema\/logo\/image\/\"}}]}<\/script>\n<!-- \/ Yoast SEO plugin. -->","yoast_head_json":{"title":"Le t-shirt officiel du Chemin de Compostelle - Slowshop","description":"Achetez le T-shirt du Chemin de Saint-Jacques de Compostelle uffiaicle en coton. Partez avec nous pour une aventure inoubliable sur le c\u00e9l\u00e8bre chemin !","robots":{"index":"index","follow":"follow","max-snippet":"max-snippet:-1","max-image-preview":"max-image-preview:large","max-video-preview":"max-video-preview:-1"},"canonical":"https:\/\/www.slowshop.eu\/fr\/produit\/t-shirt-chemin-de-compostelle\/","og_locale":"fr_FR","og_type":"article","og_title":"Le t-shirt officiel du Chemin de Compostelle - Slowshop","og_description":"Achetez le T-shirt du Chemin de Saint-Jacques de Compostelle uffiaicle en coton. Partez avec nous pour une aventure inoubliable sur le c\u00e9l\u00e8bre chemin !","og_url":"https:\/\/www.slowshop.eu\/fr\/produit\/t-shirt-chemin-de-compostelle\/","og_site_name":"Slowshop","article_modified_time":"2023-08-02T15:03:13+00:00","og_image":[{"width":600,"height":750,"url":"https:\/\/www.slowshop.eu\/wp-content\/uploads\/2023\/08\/T-Shirt-Oropa-2.png","type":"image\/png"}],"twitter_card":"summary_large_image","twitter_misc":{"Dur\u00e9e de lecture estim\u00e9e":"1 minute"},"schema":{"@context":"https:\/\/schema.org","@graph":[{"@type":"WebPage","@id":"https:\/\/www.slowshop.eu\/fr\/produit\/t-shirt-chemin-de-compostelle\/","url":"https:\/\/www.slowshop.eu\/fr\/produit\/t-shirt-chemin-de-compostelle\/","name":"Le t-shirt officiel du Chemin de Compostelle - Slowshop","isPartOf":{"@id":"https:\/\/www.slowshop.eu\/fr\/#website"},"primaryImageOfPage":{"@id":"https:\/\/www.slowshop.eu\/fr\/produit\/t-shirt-chemin-de-compostelle\/#primaryimage"},"image":{"@id":"https:\/\/www.slowshop.eu\/fr\/produit\/t-shirt-chemin-de-compostelle\/#primaryimage"},"thumbnailUrl":"https:\/\/www.slowshop.eu\/wp-content\/uploads\/2023\/08\/T-Shirt-Oropa-2.png","datePublished":"2023-08-02T14:18:08+00:00","dateModified":"2023-08-02T15:03:13+00:00","description":"Achetez le T-shirt du Chemin de Saint-Jacques de Compostelle uffiaicle en coton. Partez avec nous pour une aventure inoubliable sur le c\u00e9l\u00e8bre chemin !","breadcrumb":{"@id":"https:\/\/www.slowshop.eu\/fr\/produit\/t-shirt-chemin-de-compostelle\/#breadcrumb"},"inLanguage":"fr-FR","potentialAction":[{"@type":"ReadAction","target":["https:\/\/www.slowshop.eu\/fr\/produit\/t-shirt-chemin-de-compostelle\/"]}]},{"@type":"ImageObject","inLanguage":"fr-FR","@id":"https:\/\/www.slowshop.eu\/fr\/produit\/t-shirt-chemin-de-compostelle\/#primaryimage","url":"https:\/\/www.slowshop.eu\/wp-content\/uploads\/2023\/08\/T-Shirt-Oropa-2.png","contentUrl":"https:\/\/www.slowshop.eu\/wp-content\/uploads\/2023\/08\/T-Shirt-Oropa-2.png","width":600,"height":750},{"@type":"BreadcrumbList","@id":"https:\/\/www.slowshop.eu\/fr\/produit\/t-shirt-chemin-de-compostelle\/#breadcrumb","itemListElement":[{"@type":"ListItem","position":1,"name":"Home","item":"https:\/\/www.slowshop.eu\/fr\/"},{"@type":"ListItem","position":2,"name":"Catalogue","item":"https:\/\/www.slowshop.eu\/fr\/catalogue\/"},{"@type":"ListItem","position":3,"name":"Le t-shirt officiel du Chemin de Compostelle"}]},{"@type":"WebSite","@id":"https:\/\/www.slowshop.eu\/fr\/#website","url":"https:\/\/www.slowshop.eu\/fr\/","name":"SlowShop","description":"Vie Francigene Shop","publisher":{"@id":"https:\/\/www.slowshop.eu\/fr\/#organization"},"potentialAction":[{"@type":"SearchAction","target":{"@type":"EntryPoint","urlTemplate":"https:\/\/www.slowshop.eu\/fr\/?s={search_term_string}"},"query-input":{"@type":"PropertyValueSpecification","valueRequired":true,"valueName":"search_term_string"}}],"inLanguage":"fr-FR"},{"@type":"Organization","@id":"https:\/\/www.slowshop.eu\/fr\/#organization","name":"SlowShop","url":"https:\/\/www.slowshop.eu\/fr\/","logo":{"@type":"ImageObject","inLanguage":"fr-FR","@id":"https:\/\/www.slowshop.eu\/fr\/#\/schema\/logo\/image\/","url":"https:\/\/www.slowshop.eu\/wp-content\/uploads\/2024\/07\/cropped-immagine-1.png","contentUrl":"https:\/\/www.slowshop.eu\/wp-content\/uploads\/2024\/07\/cropped-immagine-1.png","width":512,"height":512,"caption":"SlowShop"},"image":{"@id":"https:\/\/www.slowshop.eu\/fr\/#\/schema\/logo\/image\/"}}]}},"_links":{"self":[{"href":"https:\/\/www.slowshop.eu\/fr\/wp-json\/wp\/v2\/product\/14150","targetHints":{"allow":["GET"]}}],"collection":[{"href":"https:\/\/www.slowshop.eu\/fr\/wp-json\/wp\/v2\/product"}],"about":[{"href":"https:\/\/www.slowshop.eu\/fr\/wp-json\/wp\/v2\/types\/product"}],"wp:featuredmedia":[{"embeddable":true,"href":"https:\/\/www.slowshop.eu\/fr\/wp-json\/wp\/v2\/media\/14162"}],"wp:attachment":[{"href":"https:\/\/www.slowshop.eu\/fr\/wp-json\/wp\/v2\/media?parent=14150"}],"wp:term":[{"taxonomy":"product_brand","embeddable":true,"href":"https:\/\/www.slowshop.eu\/fr\/wp-json\/wp\/v2\/product_brand?post=14150"},{"taxonomy":"product_cat","embeddable":true,"href":"https:\/\/www.slowshop.eu\/fr\/wp-json\/wp\/v2\/product_cat?post=14150"},{"taxonomy":"product_tag","embeddable":true,"href":"https:\/\/www.slowshop.eu\/fr\/wp-json\/wp\/v2\/product_tag?post=14150"}],"curies":[{"name":"wp","href":"https:\/\/api.w.org\/{rel}","templated":true}]}}