{"id":14627,"date":"2023-09-25T17:01:19","date_gmt":"2023-09-25T15:01:20","guid":{"rendered":"https:\/\/www.slowshop.eu\/?post_type=product&#038;p=14627"},"modified":"2023-09-25T17:20:37","modified_gmt":"2023-09-25T15:20:37","slug":"kit-passeport-du-pelerin-et-t-shirt-santiago","status":"publish","type":"product","link":"https:\/\/www.slowshop.eu\/fr\/produit\/kit-passeport-du-pelerin-et-t-shirt-santiago\/","title":{"rendered":"Kit : Passeport du p\u00e8lerin et T-shirt Santiago"},"content":{"rendered":"<h3>Kit : Passeport du p\u00e8lerin et T-shirt Santiago<\/h3>\n<p>Le kit : T-shirt des lettres de cr\u00e9ance et de Camino de Santiago contient la carte d&rsquo;identit\u00e9, qui repr\u00e9sente le passeport du p\u00e8lerin, et le t-shirt officiel avec le logo du p\u00e8lerin !<\/p>\n<p>Prenez votre photo et suivez notre page <a href=\"https:\/\/www.instagram.com\/sloways_travels\/\">@sloways_travel <\/a>sur Instagram avec le hashtag #<strong>spassolento<\/strong>!<\/p>\n<p><strong>Suivez les traces de l\u2019archev\u00eaque James sur le c\u00e9l\u00e8bre chemin&#8230;<\/strong><\/p>\n<p>Un mois entier, une semaine ou quelques jours. Vivez donc un voyage extraordinaire, seul ou en groupe, pour d\u00e9couvrir des paysages inattendus, des \u00e9glises m\u00e9di\u00e9vales et des tron\u00e7ons de routes romaines, certains des villages les plus beaux et les plus \u00e9vocateurs d\u2019Europe.<\/p>\n<p><strong>Tu as ton credential?<\/strong><br \/>\nLa\u00a0<strong>credential<\/strong> repr\u00e9sente le \u00ab\u00a0passeport du p\u00e8lerin\u00a0\u00bb.\u00a0Il atteste l\u2019identit\u00e9 et les motivations du voyageur, c\u2019est donc un outil indispensable.\u00a0<a href=\"https:\/\/www.slowshop.eu\/fr\/produit\/passeport-du-pelerin-via-francigena\/\">Vous pouvez l\u2019acheter ici<\/a><\/p>\n<p><strong>Pars avec nous<\/strong><br \/>\nMaintenant, il vous suffit de r\u00e9server votre voyage le long de Santiago. Si vous r\u00e9servez sur notre site, vous recevrez la documentation compl\u00e8te pour votre voyage, nous vous fournirons une assistance 24h et r\u00e9serverons des installations de r\u00eave pour vos s\u00e9jours afin que vos vacances se r\u00e9v\u00e8lent une exp\u00e9rience inoubliable. Pour nous contacter, \u00e9crivez un mail \u00e0 <a href=\"mailto:info@sloways.eu\">info@sloways.eu<\/a> ou visitez la page <a href=\"https:\/\/www.sloways.eu\/contatti\">contacts<\/a> sur notre site web.<\/p>\n","protected":false},"excerpt":{"rendered":"<p>Le kit : T-shirt des lettres de cr\u00e9ance et de Camino de Santiago contient la carte d&rsquo;identit\u00e9, qui repr\u00e9sente le passeport du p\u00e8lerin, et le t-shirt officiel avec le logo du p\u00e8lerin !<\/p>\n","protected":false},"featured_media":14631,"template":"","meta":{"_monsterinsights_skip_tracking":false,"_monsterinsights_sitenote_active":false,"_monsterinsights_sitenote_note":"","_monsterinsights_sitenote_category":0},"product_brand":[],"product_cat":[144,104],"product_tag":[120],"class_list":{"0":"post-14627","1":"product","2":"type-product","3":"status-publish","4":"has-post-thumbnail","6":"product_cat-cammino-di-santiago-fr","7":"product_cat-vetements","8":"product_tag-via-francigena-fr","9":"tm-no-options","11":"first","12":"instock","13":"virtual","14":"taxable","15":"purchasable","16":"product-type-bundle"},"bundle_layout":"default","bundle_add_to_cart_form_location":"default","bundle_editable_in_cart":false,"bundle_sold_individually_context":"product","bundle_item_grouping":"parent","bundle_min_size":"","bundle_max_size":"","bundled_by":[],"bundled_items":[{"bundled_item_id":431,"product_id":2340,"menu_order":0,"quantity_min":1,"quantity_max":1,"quantity_default":1,"priced_individually":false,"shipped_individually":false,"override_title":false,"title":"Passeport du p\u00e8lerin de Santiago de Compostela","override_description":false,"description":"Passeport du p\u00e8lerin de Santiago de Compostela","optional":false,"hide_thumbnail":false,"discount":"","override_variations":false,"allowed_variations":[""],"override_default_variation_attributes":false,"default_variation_attributes":[],"single_product_visibility":"visible","cart_visibility":"visible","order_visibility":"visible","single_product_price_visibility":"visible","cart_price_visibility":"visible","order_price_visibility":"visible","stock_status":"in_stock"},{"bundled_item_id":432,"product_id":14150,"menu_order":1,"quantity_min":1,"quantity_max":1,"quantity_default":1,"priced_individually":false,"shipped_individually":false,"override_title":false,"title":"Le t-shirt officiel du Chemin de Compostelle","override_description":false,"description":"Le t-shirt officiel du Chemin de Compostelle","optional":false,"hide_thumbnail":false,"discount":"","override_variations":false,"allowed_variations":[""],"override_default_variation_attributes":false,"default_variation_attributes":[],"single_product_visibility":"visible","cart_visibility":"visible","order_visibility":"visible","single_product_price_visibility":"visible","cart_price_visibility":"visible","order_price_visibility":"visible","stock_status":"in_stock"}],"yoast_head":"<!-- This site is optimized with the Yoast SEO plugin v26.2 - https:\/\/yoast.com\/wordpress\/plugins\/seo\/ -->\n<title>Kit : Passeport du p\u00e8lerin et T-shirt Santiago - Slowshop<\/title>\n<meta name=\"description\" content=\"Achetez le Kit : Identifiants et T-shirt Santiago et partez avec nous pour une aventure unique sur le c\u00e9l\u00e8bre sentier !\" \/>\n<meta name=\"robots\" content=\"index, follow, max-snippet:-1, max-image-preview:large, max-video-preview:-1\" \/>\n<link rel=\"canonical\" href=\"https:\/\/www.slowshop.eu\/fr\/produit\/kit-passeport-du-pelerin-et-t-shirt-santiago\/\" \/>\n<meta property=\"og:locale\" content=\"fr_FR\" \/>\n<meta property=\"og:type\" content=\"article\" \/>\n<meta property=\"og:title\" content=\"Kit : Passeport du p\u00e8lerin et T-shirt Santiago - Slowshop\" \/>\n<meta property=\"og:description\" content=\"Achetez le Kit : Identifiants et T-shirt Santiago et partez avec nous pour une aventure unique sur le c\u00e9l\u00e8bre sentier !\" \/>\n<meta property=\"og:url\" content=\"https:\/\/www.slowshop.eu\/fr\/produit\/kit-passeport-du-pelerin-et-t-shirt-santiago\/\" \/>\n<meta property=\"og:site_name\" content=\"Slowshop\" \/>\n<meta property=\"article:modified_time\" content=\"2023-09-25T15:20:37+00:00\" \/>\n<meta property=\"og:image\" content=\"https:\/\/www.slowshop.eu\/wp-content\/uploads\/2023\/09\/T-Shirt-santiagocredenziale.png\" \/>\n\t<meta property=\"og:image:width\" content=\"600\" \/>\n\t<meta property=\"og:image:height\" content=\"750\" \/>\n\t<meta property=\"og:image:type\" content=\"image\/png\" \/>\n<meta name=\"twitter:card\" content=\"summary_large_image\" \/>\n<meta name=\"twitter:label1\" content=\"Dur\u00e9e de lecture estim\u00e9e\" \/>\n\t<meta name=\"twitter:data1\" content=\"1 minute\" \/>\n<script type=\"application\/ld+json\" class=\"yoast-schema-graph\">{\"@context\":\"https:\/\/schema.org\",\"@graph\":[{\"@type\":\"WebPage\",\"@id\":\"https:\/\/www.slowshop.eu\/fr\/produit\/kit-passeport-du-pelerin-et-t-shirt-santiago\/\",\"url\":\"https:\/\/www.slowshop.eu\/fr\/produit\/kit-passeport-du-pelerin-et-t-shirt-santiago\/\",\"name\":\"Kit : Passeport du p\u00e8lerin et T-shirt Santiago - Slowshop\",\"isPartOf\":{\"@id\":\"https:\/\/www.slowshop.eu\/fr\/#website\"},\"primaryImageOfPage\":{\"@id\":\"https:\/\/www.slowshop.eu\/fr\/produit\/kit-passeport-du-pelerin-et-t-shirt-santiago\/#primaryimage\"},\"image\":{\"@id\":\"https:\/\/www.slowshop.eu\/fr\/produit\/kit-passeport-du-pelerin-et-t-shirt-santiago\/#primaryimage\"},\"thumbnailUrl\":\"https:\/\/www.slowshop.eu\/wp-content\/uploads\/2023\/09\/T-Shirt-santiagocredenziale.png\",\"datePublished\":\"2023-09-25T15:01:20+00:00\",\"dateModified\":\"2023-09-25T15:20:37+00:00\",\"description\":\"Achetez le Kit : Identifiants et T-shirt Santiago et partez avec nous pour une aventure unique sur le c\u00e9l\u00e8bre sentier !\",\"breadcrumb\":{\"@id\":\"https:\/\/www.slowshop.eu\/fr\/produit\/kit-passeport-du-pelerin-et-t-shirt-santiago\/#breadcrumb\"},\"inLanguage\":\"fr-FR\",\"potentialAction\":[{\"@type\":\"ReadAction\",\"target\":[\"https:\/\/www.slowshop.eu\/fr\/produit\/kit-passeport-du-pelerin-et-t-shirt-santiago\/\"]}]},{\"@type\":\"ImageObject\",\"inLanguage\":\"fr-FR\",\"@id\":\"https:\/\/www.slowshop.eu\/fr\/produit\/kit-passeport-du-pelerin-et-t-shirt-santiago\/#primaryimage\",\"url\":\"https:\/\/www.slowshop.eu\/wp-content\/uploads\/2023\/09\/T-Shirt-santiagocredenziale.png\",\"contentUrl\":\"https:\/\/www.slowshop.eu\/wp-content\/uploads\/2023\/09\/T-Shirt-santiagocredenziale.png\",\"width\":600,\"height\":750},{\"@type\":\"BreadcrumbList\",\"@id\":\"https:\/\/www.slowshop.eu\/fr\/produit\/kit-passeport-du-pelerin-et-t-shirt-santiago\/#breadcrumb\",\"itemListElement\":[{\"@type\":\"ListItem\",\"position\":1,\"name\":\"Home\",\"item\":\"https:\/\/www.slowshop.eu\/fr\/\"},{\"@type\":\"ListItem\",\"position\":2,\"name\":\"Catalogue\",\"item\":\"https:\/\/www.slowshop.eu\/fr\/catalogue\/\"},{\"@type\":\"ListItem\",\"position\":3,\"name\":\"Kit : Passeport du p\u00e8lerin et T-shirt Santiago\"}]},{\"@type\":\"WebSite\",\"@id\":\"https:\/\/www.slowshop.eu\/fr\/#website\",\"url\":\"https:\/\/www.slowshop.eu\/fr\/\",\"name\":\"SlowShop\",\"description\":\"Vie Francigene Shop\",\"publisher\":{\"@id\":\"https:\/\/www.slowshop.eu\/fr\/#organization\"},\"potentialAction\":[{\"@type\":\"SearchAction\",\"target\":{\"@type\":\"EntryPoint\",\"urlTemplate\":\"https:\/\/www.slowshop.eu\/fr\/?s={search_term_string}\"},\"query-input\":{\"@type\":\"PropertyValueSpecification\",\"valueRequired\":true,\"valueName\":\"search_term_string\"}}],\"inLanguage\":\"fr-FR\"},{\"@type\":\"Organization\",\"@id\":\"https:\/\/www.slowshop.eu\/fr\/#organization\",\"name\":\"SlowShop\",\"url\":\"https:\/\/www.slowshop.eu\/fr\/\",\"logo\":{\"@type\":\"ImageObject\",\"inLanguage\":\"fr-FR\",\"@id\":\"https:\/\/www.slowshop.eu\/fr\/#\/schema\/logo\/image\/\",\"url\":\"https:\/\/www.slowshop.eu\/wp-content\/uploads\/2024\/07\/cropped-immagine-1.png\",\"contentUrl\":\"https:\/\/www.slowshop.eu\/wp-content\/uploads\/2024\/07\/cropped-immagine-1.png\",\"width\":512,\"height\":512,\"caption\":\"SlowShop\"},\"image\":{\"@id\":\"https:\/\/www.slowshop.eu\/fr\/#\/schema\/logo\/image\/\"}}]}<\/script>\n<!-- \/ Yoast SEO plugin. -->","yoast_head_json":{"title":"Kit : Passeport du p\u00e8lerin et T-shirt Santiago - Slowshop","description":"Achetez le Kit : Identifiants et T-shirt Santiago et partez avec nous pour une aventure unique sur le c\u00e9l\u00e8bre sentier !","robots":{"index":"index","follow":"follow","max-snippet":"max-snippet:-1","max-image-preview":"max-image-preview:large","max-video-preview":"max-video-preview:-1"},"canonical":"https:\/\/www.slowshop.eu\/fr\/produit\/kit-passeport-du-pelerin-et-t-shirt-santiago\/","og_locale":"fr_FR","og_type":"article","og_title":"Kit : Passeport du p\u00e8lerin et T-shirt Santiago - Slowshop","og_description":"Achetez le Kit : Identifiants et T-shirt Santiago et partez avec nous pour une aventure unique sur le c\u00e9l\u00e8bre sentier !","og_url":"https:\/\/www.slowshop.eu\/fr\/produit\/kit-passeport-du-pelerin-et-t-shirt-santiago\/","og_site_name":"Slowshop","article_modified_time":"2023-09-25T15:20:37+00:00","og_image":[{"width":600,"height":750,"url":"https:\/\/www.slowshop.eu\/wp-content\/uploads\/2023\/09\/T-Shirt-santiagocredenziale.png","type":"image\/png"}],"twitter_card":"summary_large_image","twitter_misc":{"Dur\u00e9e de lecture estim\u00e9e":"1 minute"},"schema":{"@context":"https:\/\/schema.org","@graph":[{"@type":"WebPage","@id":"https:\/\/www.slowshop.eu\/fr\/produit\/kit-passeport-du-pelerin-et-t-shirt-santiago\/","url":"https:\/\/www.slowshop.eu\/fr\/produit\/kit-passeport-du-pelerin-et-t-shirt-santiago\/","name":"Kit : Passeport du p\u00e8lerin et T-shirt Santiago - Slowshop","isPartOf":{"@id":"https:\/\/www.slowshop.eu\/fr\/#website"},"primaryImageOfPage":{"@id":"https:\/\/www.slowshop.eu\/fr\/produit\/kit-passeport-du-pelerin-et-t-shirt-santiago\/#primaryimage"},"image":{"@id":"https:\/\/www.slowshop.eu\/fr\/produit\/kit-passeport-du-pelerin-et-t-shirt-santiago\/#primaryimage"},"thumbnailUrl":"https:\/\/www.slowshop.eu\/wp-content\/uploads\/2023\/09\/T-Shirt-santiagocredenziale.png","datePublished":"2023-09-25T15:01:20+00:00","dateModified":"2023-09-25T15:20:37+00:00","description":"Achetez le Kit : Identifiants et T-shirt Santiago et partez avec nous pour une aventure unique sur le c\u00e9l\u00e8bre sentier !","breadcrumb":{"@id":"https:\/\/www.slowshop.eu\/fr\/produit\/kit-passeport-du-pelerin-et-t-shirt-santiago\/#breadcrumb"},"inLanguage":"fr-FR","potentialAction":[{"@type":"ReadAction","target":["https:\/\/www.slowshop.eu\/fr\/produit\/kit-passeport-du-pelerin-et-t-shirt-santiago\/"]}]},{"@type":"ImageObject","inLanguage":"fr-FR","@id":"https:\/\/www.slowshop.eu\/fr\/produit\/kit-passeport-du-pelerin-et-t-shirt-santiago\/#primaryimage","url":"https:\/\/www.slowshop.eu\/wp-content\/uploads\/2023\/09\/T-Shirt-santiagocredenziale.png","contentUrl":"https:\/\/www.slowshop.eu\/wp-content\/uploads\/2023\/09\/T-Shirt-santiagocredenziale.png","width":600,"height":750},{"@type":"BreadcrumbList","@id":"https:\/\/www.slowshop.eu\/fr\/produit\/kit-passeport-du-pelerin-et-t-shirt-santiago\/#breadcrumb","itemListElement":[{"@type":"ListItem","position":1,"name":"Home","item":"https:\/\/www.slowshop.eu\/fr\/"},{"@type":"ListItem","position":2,"name":"Catalogue","item":"https:\/\/www.slowshop.eu\/fr\/catalogue\/"},{"@type":"ListItem","position":3,"name":"Kit : Passeport du p\u00e8lerin et T-shirt Santiago"}]},{"@type":"WebSite","@id":"https:\/\/www.slowshop.eu\/fr\/#website","url":"https:\/\/www.slowshop.eu\/fr\/","name":"SlowShop","description":"Vie Francigene Shop","publisher":{"@id":"https:\/\/www.slowshop.eu\/fr\/#organization"},"potentialAction":[{"@type":"SearchAction","target":{"@type":"EntryPoint","urlTemplate":"https:\/\/www.slowshop.eu\/fr\/?s={search_term_string}"},"query-input":{"@type":"PropertyValueSpecification","valueRequired":true,"valueName":"search_term_string"}}],"inLanguage":"fr-FR"},{"@type":"Organization","@id":"https:\/\/www.slowshop.eu\/fr\/#organization","name":"SlowShop","url":"https:\/\/www.slowshop.eu\/fr\/","logo":{"@type":"ImageObject","inLanguage":"fr-FR","@id":"https:\/\/www.slowshop.eu\/fr\/#\/schema\/logo\/image\/","url":"https:\/\/www.slowshop.eu\/wp-content\/uploads\/2024\/07\/cropped-immagine-1.png","contentUrl":"https:\/\/www.slowshop.eu\/wp-content\/uploads\/2024\/07\/cropped-immagine-1.png","width":512,"height":512,"caption":"SlowShop"},"image":{"@id":"https:\/\/www.slowshop.eu\/fr\/#\/schema\/logo\/image\/"}}]}},"_links":{"self":[{"href":"https:\/\/www.slowshop.eu\/fr\/wp-json\/wp\/v2\/product\/14627","targetHints":{"allow":["GET"]}}],"collection":[{"href":"https:\/\/www.slowshop.eu\/fr\/wp-json\/wp\/v2\/product"}],"about":[{"href":"https:\/\/www.slowshop.eu\/fr\/wp-json\/wp\/v2\/types\/product"}],"wp:featuredmedia":[{"embeddable":true,"href":"https:\/\/www.slowshop.eu\/fr\/wp-json\/wp\/v2\/media\/14631"}],"wp:attachment":[{"href":"https:\/\/www.slowshop.eu\/fr\/wp-json\/wp\/v2\/media?parent=14627"}],"wp:term":[{"taxonomy":"product_brand","embeddable":true,"href":"https:\/\/www.slowshop.eu\/fr\/wp-json\/wp\/v2\/product_brand?post=14627"},{"taxonomy":"product_cat","embeddable":true,"href":"https:\/\/www.slowshop.eu\/fr\/wp-json\/wp\/v2\/product_cat?post=14627"},{"taxonomy":"product_tag","embeddable":true,"href":"https:\/\/www.slowshop.eu\/fr\/wp-json\/wp\/v2\/product_tag?post=14627"}],"curies":[{"name":"wp","href":"https:\/\/api.w.org\/{rel}","templated":true}]}}