{"id":18262,"date":"2024-10-04T09:31:54","date_gmt":"2024-10-04T07:31:54","guid":{"rendered":"https:\/\/www.slowshop.eu\/?post_type=product&#038;p=18262"},"modified":"2025-04-14T03:12:44","modified_gmt":"2025-04-14T01:12:44","slug":"porte-passeport-etanche-copia","status":"publish","type":"product","link":"https:\/\/www.slowshop.eu\/fr\/produit\/porte-passeport-etanche-copia\/","title":{"rendered":"Porte-passeport \u00e9tanche (Copia)"},"content":{"rendered":"<h3>Porte-passeport en coton recycl\u00e9<\/h3>\n<p>Avec le sac en coton recycl\u00e9 pour porte-identifiants, vous prot\u00e9gez vos identifiants de l&rsquo;usure. Avec une simple pr\u00e9voyance vous pouvez vous occuper de l&rsquo;objet qui vous accompagnera tout au long du voyage.<\/p>\n<p>L&rsquo;identifiant ne perdra pas sa fonction, mais je suis s\u00fbr que vous voudrez certainement le garder en souvenir \u00e0 la fin de votre voyage. C&rsquo;est pourquoi nous vous recommandons cette housse de protection pour passeport de p\u00e8lerin, en en coton recycl\u00e9 mesurant 20cm x 12cm, en coton recycl\u00e9, confortable et simple d&rsquo;utilisation.<\/p>\n<p>L&rsquo;enveloppe porte-identifiants convient \u00e0 tous les identifiants des itin\u00e9raires les plus importants d&rsquo;Europe et d&rsquo;Italie, vous pouvez donc l&rsquo;utiliser et l&rsquo;\u00e9changer \u00e0 tout moment et pour chaque voyage.<\/p>\n","protected":false},"excerpt":{"rendered":"<p>Avec le sac en coton recycl\u00e9 pour porte-identifiants, vous prot\u00e9gez vos identifiants de l&rsquo;usure. Avec une simple pr\u00e9voyance vous pouvez vous occuper de l&rsquo;objet qui vous accompagnera tout au long du voyage.<\/p>\n","protected":false},"featured_media":20582,"template":"","meta":{"_monsterinsights_skip_tracking":false,"_monsterinsights_sitenote_active":false,"_monsterinsights_sitenote_note":"","_monsterinsights_sitenote_category":0},"product_brand":[],"product_cat":[107,108],"product_tag":[],"class_list":{"0":"post-18262","1":"product","2":"type-product","3":"status-publish","4":"has-post-thumbnail","6":"product_cat-gadget-fr","7":"product_cat-via-francigena-fr","8":"tm-no-options","10":"first","11":"instock","12":"taxable","13":"shipping-taxable","14":"purchasable","15":"product-type-variable","16":"has-default-attributes"},"bundle_layout":"","bundle_add_to_cart_form_location":"","bundle_editable_in_cart":false,"bundle_sold_individually_context":"","bundle_item_grouping":"","bundle_min_size":"","bundle_max_size":"","bundled_by":[],"bundled_items":[],"yoast_head":"<!-- This site is optimized with the Yoast SEO plugin v26.2 - https:\/\/yoast.com\/wordpress\/plugins\/seo\/ -->\n<title>Porte-passeport \u00e9tanche (Copia) - Slowshop<\/title>\n<meta name=\"description\" content=\"Achetez le sac en coton recycl\u00e9 pour porte-identifiants, vous pouvez prot\u00e9ger votre identifiant de l&#039;usure et l&#039;emp\u00eacher de se mouiller s&#039;il pleut.\" \/>\n<meta name=\"robots\" content=\"index, follow, max-snippet:-1, max-image-preview:large, max-video-preview:-1\" \/>\n<link rel=\"canonical\" href=\"https:\/\/www.slowshop.eu\/fr\/produit\/porte-passeport-etanche-copia\/\" \/>\n<meta property=\"og:locale\" content=\"fr_FR\" \/>\n<meta property=\"og:type\" content=\"article\" \/>\n<meta property=\"og:title\" content=\"Porte-passeport \u00e9tanche (Copia) - Slowshop\" \/>\n<meta property=\"og:description\" content=\"Achetez le sac en coton recycl\u00e9 pour porte-identifiants, vous pouvez prot\u00e9ger votre identifiant de l&#039;usure et l&#039;emp\u00eacher de se mouiller s&#039;il pleut.\" \/>\n<meta property=\"og:url\" content=\"https:\/\/www.slowshop.eu\/fr\/produit\/porte-passeport-etanche-copia\/\" \/>\n<meta property=\"og:site_name\" content=\"Slowshop\" \/>\n<meta property=\"article:modified_time\" content=\"2025-04-14T01:12:44+00:00\" \/>\n<meta property=\"og:image\" content=\"https:\/\/www.slowshop.eu\/wp-content\/uploads\/2024\/10\/Gancio-Portabottiglia.png\" \/>\n\t<meta property=\"og:image:width\" content=\"600\" \/>\n\t<meta property=\"og:image:height\" content=\"750\" \/>\n\t<meta property=\"og:image:type\" content=\"image\/png\" \/>\n<meta name=\"twitter:card\" content=\"summary_large_image\" \/>\n<meta name=\"twitter:label1\" content=\"Dur\u00e9e de lecture estim\u00e9e\" \/>\n\t<meta name=\"twitter:data1\" content=\"1 minute\" \/>\n<script type=\"application\/ld+json\" class=\"yoast-schema-graph\">{\"@context\":\"https:\/\/schema.org\",\"@graph\":[{\"@type\":\"WebPage\",\"@id\":\"https:\/\/www.slowshop.eu\/fr\/produit\/porte-passeport-etanche-copia\/\",\"url\":\"https:\/\/www.slowshop.eu\/fr\/produit\/porte-passeport-etanche-copia\/\",\"name\":\"Porte-passeport \u00e9tanche (Copia) - Slowshop\",\"isPartOf\":{\"@id\":\"https:\/\/www.slowshop.eu\/fr\/#website\"},\"primaryImageOfPage\":{\"@id\":\"https:\/\/www.slowshop.eu\/fr\/produit\/porte-passeport-etanche-copia\/#primaryimage\"},\"image\":{\"@id\":\"https:\/\/www.slowshop.eu\/fr\/produit\/porte-passeport-etanche-copia\/#primaryimage\"},\"thumbnailUrl\":\"https:\/\/www.slowshop.eu\/wp-content\/uploads\/2024\/10\/Gancio-Portabottiglia-1.jpg\",\"datePublished\":\"2024-10-04T07:31:54+00:00\",\"dateModified\":\"2025-04-14T01:12:44+00:00\",\"description\":\"Achetez le sac en coton recycl\u00e9 pour porte-identifiants, vous pouvez prot\u00e9ger votre identifiant de l'usure et l'emp\u00eacher de se mouiller s'il pleut.\",\"breadcrumb\":{\"@id\":\"https:\/\/www.slowshop.eu\/fr\/produit\/porte-passeport-etanche-copia\/#breadcrumb\"},\"inLanguage\":\"fr-FR\",\"potentialAction\":[{\"@type\":\"ReadAction\",\"target\":[\"https:\/\/www.slowshop.eu\/fr\/produit\/porte-passeport-etanche-copia\/\"]}]},{\"@type\":\"ImageObject\",\"inLanguage\":\"fr-FR\",\"@id\":\"https:\/\/www.slowshop.eu\/fr\/produit\/porte-passeport-etanche-copia\/#primaryimage\",\"url\":\"https:\/\/www.slowshop.eu\/wp-content\/uploads\/2024\/10\/Gancio-Portabottiglia-1.jpg\",\"contentUrl\":\"https:\/\/www.slowshop.eu\/wp-content\/uploads\/2024\/10\/Gancio-Portabottiglia-1.jpg\",\"width\":600,\"height\":750},{\"@type\":\"BreadcrumbList\",\"@id\":\"https:\/\/www.slowshop.eu\/fr\/produit\/porte-passeport-etanche-copia\/#breadcrumb\",\"itemListElement\":[{\"@type\":\"ListItem\",\"position\":1,\"name\":\"Home\",\"item\":\"https:\/\/www.slowshop.eu\/fr\/\"},{\"@type\":\"ListItem\",\"position\":2,\"name\":\"Catalogue\",\"item\":\"https:\/\/www.slowshop.eu\/fr\/catalogue\/\"},{\"@type\":\"ListItem\",\"position\":3,\"name\":\"Porte-passeport \u00e9tanche (Copia)\"}]},{\"@type\":\"WebSite\",\"@id\":\"https:\/\/www.slowshop.eu\/fr\/#website\",\"url\":\"https:\/\/www.slowshop.eu\/fr\/\",\"name\":\"SlowShop\",\"description\":\"Vie Francigene Shop\",\"publisher\":{\"@id\":\"https:\/\/www.slowshop.eu\/fr\/#organization\"},\"potentialAction\":[{\"@type\":\"SearchAction\",\"target\":{\"@type\":\"EntryPoint\",\"urlTemplate\":\"https:\/\/www.slowshop.eu\/fr\/?s={search_term_string}\"},\"query-input\":{\"@type\":\"PropertyValueSpecification\",\"valueRequired\":true,\"valueName\":\"search_term_string\"}}],\"inLanguage\":\"fr-FR\"},{\"@type\":\"Organization\",\"@id\":\"https:\/\/www.slowshop.eu\/fr\/#organization\",\"name\":\"SlowShop\",\"url\":\"https:\/\/www.slowshop.eu\/fr\/\",\"logo\":{\"@type\":\"ImageObject\",\"inLanguage\":\"fr-FR\",\"@id\":\"https:\/\/www.slowshop.eu\/fr\/#\/schema\/logo\/image\/\",\"url\":\"https:\/\/www.slowshop.eu\/wp-content\/uploads\/2024\/07\/cropped-immagine-1.png\",\"contentUrl\":\"https:\/\/www.slowshop.eu\/wp-content\/uploads\/2024\/07\/cropped-immagine-1.png\",\"width\":512,\"height\":512,\"caption\":\"SlowShop\"},\"image\":{\"@id\":\"https:\/\/www.slowshop.eu\/fr\/#\/schema\/logo\/image\/\"}}]}<\/script>\n<!-- \/ Yoast SEO plugin. -->","yoast_head_json":{"title":"Porte-passeport \u00e9tanche (Copia) - Slowshop","description":"Achetez le sac en coton recycl\u00e9 pour porte-identifiants, vous pouvez prot\u00e9ger votre identifiant de l'usure et l'emp\u00eacher de se mouiller s'il pleut.","robots":{"index":"index","follow":"follow","max-snippet":"max-snippet:-1","max-image-preview":"max-image-preview:large","max-video-preview":"max-video-preview:-1"},"canonical":"https:\/\/www.slowshop.eu\/fr\/produit\/porte-passeport-etanche-copia\/","og_locale":"fr_FR","og_type":"article","og_title":"Porte-passeport \u00e9tanche (Copia) - Slowshop","og_description":"Achetez le sac en coton recycl\u00e9 pour porte-identifiants, vous pouvez prot\u00e9ger votre identifiant de l'usure et l'emp\u00eacher de se mouiller s'il pleut.","og_url":"https:\/\/www.slowshop.eu\/fr\/produit\/porte-passeport-etanche-copia\/","og_site_name":"Slowshop","article_modified_time":"2025-04-14T01:12:44+00:00","og_image":[{"width":600,"height":750,"url":"https:\/\/www.slowshop.eu\/wp-content\/uploads\/2024\/10\/Gancio-Portabottiglia.png","type":"image\/png"}],"twitter_card":"summary_large_image","twitter_misc":{"Dur\u00e9e de lecture estim\u00e9e":"1 minute"},"schema":{"@context":"https:\/\/schema.org","@graph":[{"@type":"WebPage","@id":"https:\/\/www.slowshop.eu\/fr\/produit\/porte-passeport-etanche-copia\/","url":"https:\/\/www.slowshop.eu\/fr\/produit\/porte-passeport-etanche-copia\/","name":"Porte-passeport \u00e9tanche (Copia) - Slowshop","isPartOf":{"@id":"https:\/\/www.slowshop.eu\/fr\/#website"},"primaryImageOfPage":{"@id":"https:\/\/www.slowshop.eu\/fr\/produit\/porte-passeport-etanche-copia\/#primaryimage"},"image":{"@id":"https:\/\/www.slowshop.eu\/fr\/produit\/porte-passeport-etanche-copia\/#primaryimage"},"thumbnailUrl":"https:\/\/www.slowshop.eu\/wp-content\/uploads\/2024\/10\/Gancio-Portabottiglia-1.jpg","datePublished":"2024-10-04T07:31:54+00:00","dateModified":"2025-04-14T01:12:44+00:00","description":"Achetez le sac en coton recycl\u00e9 pour porte-identifiants, vous pouvez prot\u00e9ger votre identifiant de l'usure et l'emp\u00eacher de se mouiller s'il pleut.","breadcrumb":{"@id":"https:\/\/www.slowshop.eu\/fr\/produit\/porte-passeport-etanche-copia\/#breadcrumb"},"inLanguage":"fr-FR","potentialAction":[{"@type":"ReadAction","target":["https:\/\/www.slowshop.eu\/fr\/produit\/porte-passeport-etanche-copia\/"]}]},{"@type":"ImageObject","inLanguage":"fr-FR","@id":"https:\/\/www.slowshop.eu\/fr\/produit\/porte-passeport-etanche-copia\/#primaryimage","url":"https:\/\/www.slowshop.eu\/wp-content\/uploads\/2024\/10\/Gancio-Portabottiglia-1.jpg","contentUrl":"https:\/\/www.slowshop.eu\/wp-content\/uploads\/2024\/10\/Gancio-Portabottiglia-1.jpg","width":600,"height":750},{"@type":"BreadcrumbList","@id":"https:\/\/www.slowshop.eu\/fr\/produit\/porte-passeport-etanche-copia\/#breadcrumb","itemListElement":[{"@type":"ListItem","position":1,"name":"Home","item":"https:\/\/www.slowshop.eu\/fr\/"},{"@type":"ListItem","position":2,"name":"Catalogue","item":"https:\/\/www.slowshop.eu\/fr\/catalogue\/"},{"@type":"ListItem","position":3,"name":"Porte-passeport \u00e9tanche (Copia)"}]},{"@type":"WebSite","@id":"https:\/\/www.slowshop.eu\/fr\/#website","url":"https:\/\/www.slowshop.eu\/fr\/","name":"SlowShop","description":"Vie Francigene Shop","publisher":{"@id":"https:\/\/www.slowshop.eu\/fr\/#organization"},"potentialAction":[{"@type":"SearchAction","target":{"@type":"EntryPoint","urlTemplate":"https:\/\/www.slowshop.eu\/fr\/?s={search_term_string}"},"query-input":{"@type":"PropertyValueSpecification","valueRequired":true,"valueName":"search_term_string"}}],"inLanguage":"fr-FR"},{"@type":"Organization","@id":"https:\/\/www.slowshop.eu\/fr\/#organization","name":"SlowShop","url":"https:\/\/www.slowshop.eu\/fr\/","logo":{"@type":"ImageObject","inLanguage":"fr-FR","@id":"https:\/\/www.slowshop.eu\/fr\/#\/schema\/logo\/image\/","url":"https:\/\/www.slowshop.eu\/wp-content\/uploads\/2024\/07\/cropped-immagine-1.png","contentUrl":"https:\/\/www.slowshop.eu\/wp-content\/uploads\/2024\/07\/cropped-immagine-1.png","width":512,"height":512,"caption":"SlowShop"},"image":{"@id":"https:\/\/www.slowshop.eu\/fr\/#\/schema\/logo\/image\/"}}]}},"_links":{"self":[{"href":"https:\/\/www.slowshop.eu\/fr\/wp-json\/wp\/v2\/product\/18262","targetHints":{"allow":["GET"]}}],"collection":[{"href":"https:\/\/www.slowshop.eu\/fr\/wp-json\/wp\/v2\/product"}],"about":[{"href":"https:\/\/www.slowshop.eu\/fr\/wp-json\/wp\/v2\/types\/product"}],"wp:featuredmedia":[{"embeddable":true,"href":"https:\/\/www.slowshop.eu\/fr\/wp-json\/wp\/v2\/media\/20582"}],"wp:attachment":[{"href":"https:\/\/www.slowshop.eu\/fr\/wp-json\/wp\/v2\/media?parent=18262"}],"wp:term":[{"taxonomy":"product_brand","embeddable":true,"href":"https:\/\/www.slowshop.eu\/fr\/wp-json\/wp\/v2\/product_brand?post=18262"},{"taxonomy":"product_cat","embeddable":true,"href":"https:\/\/www.slowshop.eu\/fr\/wp-json\/wp\/v2\/product_cat?post=18262"},{"taxonomy":"product_tag","embeddable":true,"href":"https:\/\/www.slowshop.eu\/fr\/wp-json\/wp\/v2\/product_tag?post=18262"}],"curies":[{"name":"wp","href":"https:\/\/api.w.org\/{rel}","templated":true}]}}