{"id":22087,"date":"2025-08-07T09:32:11","date_gmt":"2025-08-07T07:32:11","guid":{"rendered":"https:\/\/www.slowshop.eu\/?post_type=product&#038;p=22087"},"modified":"2026-03-25T08:33:52","modified_gmt":"2026-03-25T07:33:52","slug":"la-via-francigena-les-guides-vers-rome","status":"publish","type":"product","link":"https:\/\/www.slowshop.eu\/fr\/produit\/la-via-francigena-les-guides-vers-rome\/","title":{"rendered":"La Via Francigena &#8211; Le Chemin de Sig\u00e9ric vers Rome | Les Guides Lep\u00e8re"},"content":{"rendered":"<h2 data-start=\"214\" data-end=\"587\"><strong>La Via Francigena &#8211; Le Chemin de Sig\u00e9ric vers Rome | Les Guides Lep\u00e8re<\/strong><\/h2>\n<p data-start=\"207\" data-end=\"604\">D\u00e9couvrez la <strong data-start=\"220\" data-end=\"238\">Via Francigena<\/strong> \u00e0 travers le guide <strong data-start=\"258\" data-end=\"296\">\u00ab Le chemin de Sigeric vers Rome \u00bb<\/strong>, publi\u00e9 par <strong data-start=\"309\" data-end=\"330\">Les Guides Lep\u00e8re<\/strong>. Cet ouvrage de r\u00e9f\u00e9rence vous accompagne tout au long de l\u2019un des <strong data-start=\"398\" data-end=\"459\">itin\u00e9raires de p\u00e8lerinage les plus embl\u00e9matiques d\u2019Europe<\/strong>, de la fronti\u00e8re alpine jusqu\u2019\u00e0 <strong data-start=\"492\" data-end=\"500\">Rome<\/strong>, en suivant les traces historiques de l\u2019archev\u00eaque <strong data-start=\"552\" data-end=\"563\">Sigeric<\/strong>, qui parcourut cette route au Xe si\u00e8cle.<\/p>\n<p data-start=\"606\" data-end=\"1124\">Ce guide s\u2019adresse aux <strong data-start=\"629\" data-end=\"642\">marcheurs<\/strong>, <strong data-start=\"644\" data-end=\"656\">p\u00e8lerins<\/strong> et <strong data-start=\"660\" data-end=\"673\">voyageurs<\/strong> en qu\u00eate d\u2019une exp\u00e9rience <strong data-start=\"700\" data-end=\"742\">authentique, culturelle et spirituelle<\/strong>. Il propose une description pr\u00e9cise du parcours, \u00e9tape par \u00e9tape, avec toutes les informations n\u00e9cessaires pour organiser votre randonn\u00e9e sur la Via Francigena. Vous y trouverez des <strong data-start=\"925\" data-end=\"946\">cartes d\u00e9taill\u00e9es<\/strong>, des indications claires sur les <strong data-start=\"980\" data-end=\"996\">h\u00e9bergements<\/strong>, les <strong data-start=\"1002\" data-end=\"1015\">distances<\/strong>, les <strong data-start=\"1021\" data-end=\"1034\">d\u00e9nivel\u00e9s<\/strong>, ainsi que de nombreux <strong data-start=\"1058\" data-end=\"1080\">conseils pratiques<\/strong> pour pr\u00e9parer chaque \u00e9tape de votre chemin.<\/p>\n<p data-start=\"1126\" data-end=\"1484\">La <strong data-start=\"1129\" data-end=\"1147\">Via Francigena<\/strong> traverse des paysages d\u2019une grande diversit\u00e9, reliant des <strong data-start=\"1206\" data-end=\"1228\">villages m\u00e9di\u00e9vaux<\/strong>, des <strong data-start=\"1234\" data-end=\"1263\">sites historiques majeurs<\/strong> et des <strong data-start=\"1271\" data-end=\"1303\">r\u00e9gions riches en patrimoine<\/strong> naturel et architectural. En empruntant ce <strong data-start=\"1347\" data-end=\"1368\">chemin mill\u00e9naire<\/strong>, vous vivrez une aventure unique \u00e0 travers la <strong data-start=\"1415\" data-end=\"1425\">France<\/strong>, la <strong data-start=\"1430\" data-end=\"1440\">Suisse<\/strong> et l\u2019<strong data-start=\"1446\" data-end=\"1456\">Italie<\/strong>, jusqu\u2019au c\u0153ur de <strong data-start=\"1475\" data-end=\"1483\">Rome<\/strong>.<\/p>\n<p data-start=\"1486\" data-end=\"1821\">Le guide <strong data-start=\"1495\" data-end=\"1553\">\u00ab La Via Francigena \u2013 Le chemin de Sigeric vers Rome \u00bb<\/strong> est d\u00e9sormais <strong data-start=\"1568\" data-end=\"1602\">disponible \u00e0 la vente en ligne<\/strong>. Il constitue l\u2019<strong data-start=\"1619\" data-end=\"1642\">outil indispensable<\/strong> pour tous ceux qui souhaitent suivre cet <strong data-start=\"1684\" data-end=\"1709\">itin\u00e9raire historique<\/strong>, que ce soit pour des raisons <strong data-start=\"1740\" data-end=\"1756\">spirituelles<\/strong>, <strong data-start=\"1758\" data-end=\"1773\">culturelles<\/strong> ou simplement pour le <strong data-start=\"1796\" data-end=\"1820\">plaisir de la marche<\/strong>.<\/p>\n<hr data-start=\"1823\" data-end=\"1826\" \/>\n<h3 data-start=\"1828\" data-end=\"1852\"><strong data-start=\"1832\" data-end=\"1852\">Partez avec nous<\/strong><\/h3>\n<p data-start=\"1854\" data-end=\"1973\">Maintenant que vous avez le guide <strong data-start=\"1888\" data-end=\"1909\">La Via Francigena<\/strong>, Il ne vous reste plus qu\u2019\u00e0 acheter votre <strong><a href=\"https:\/\/www.slowshop.eu\/fr\/produit\/passeport-du-pelerin-via-francigena\/\">passeport du p\u00e8lerin<\/a> et r\u00e9server votre prochain voyage<\/strong><\/p>\n<p data-start=\"1975\" data-end=\"2111\">Si vous souhaitez des <strong data-start=\"1997\" data-end=\"2046\">conseils sur la meilleure p\u00e9riode pour partir<\/strong> ou sur <strong data-start=\"2054\" data-end=\"2093\">la section du chemin \u00e0 entreprendre<\/strong>, <a href=\"https:\/\/www.sloways.eu\/\"><strong data-start=\"2095\" data-end=\"2110\">cliquez ici<\/strong><\/a>.<\/p>\n","protected":false},"excerpt":{"rendered":"<p>La Via Francigena \u2013 Le chemin de Sigeric vers Rome, publi\u00e9 par Les Guides Lep\u00e8re, est un guide essentiel pour tous ceux qui souhaitent d\u00e9couvrir l\u2019un des plus c\u00e9l\u00e8bres itin\u00e9raires de p\u00e8lerinage d\u2019Europe. Ce chemin historique relie la fronti\u00e8re alpine \u00e0 Rome, suivant les traces de l\u2019archev\u00eaque Sigeric, qui a parcouru cette route au Xe si\u00e8cle pour rejoindre la Ville \u00e9ternelle.<br \/>\nCon\u00e7u pour les marcheurs, p\u00e8lerins et voyageurs passionn\u00e9s, ce guide propose une description d\u00e9taill\u00e9e de chaque \u00e9tape, avec des cartes pr\u00e9cises, les distances, les d\u00e9nivel\u00e9s, ainsi que des informations compl\u00e8tes sur les h\u00e9bergements et les points d\u2019int\u00e9r\u00eat culturels et historiques \u00e0 ne pas manquer. Il offre aussi de nombreux conseils pratiques pour pr\u00e9parer au mieux votre randonn\u00e9e et profiter pleinement de cette exp\u00e9rience authentique.<br \/>\nLa Via Francigena traverse des paysages vari\u00e9s, entre villages m\u00e9di\u00e9vaux, sites historiques majeurs et paysages naturels remarquables, \u00e0 travers la France, la Suisse et l\u2019Italie. En suivant ce chemin mill\u00e9naire, vous vivrez une aventure riche en d\u00e9couvertes, spiritualit\u00e9 et rencontres.<br \/>\nDisponible \u00e0 la vente en ligne, ce guide est un outil indispensable pour tous ceux qui souhaitent emprunter cette route l\u00e9gendaire, que ce soit pour un p\u00e8lerinage, une randonn\u00e9e culturelle ou simplement une exploration hors des sentiers battus.<\/p>\n","protected":false},"featured_media":22088,"template":"","meta":{"_monsterinsights_skip_tracking":false,"_monsterinsights_sitenote_active":false,"_monsterinsights_sitenote_note":"","_monsterinsights_sitenote_category":0},"product_brand":[265],"product_cat":[103,108],"product_tag":[],"class_list":{"0":"post-22087","1":"product","2":"type-product","3":"status-publish","4":"has-post-thumbnail","6":"product_author-celine-heckmann","7":"product_brand-les-guides-lepere","8":"product_cat-guides-et-passeport-pelerin","9":"product_cat-via-francigena-fr","10":"tm-no-options","12":"first","13":"outofstock","14":"taxable","15":"shipping-taxable","16":"purchasable","17":"product-type-simple"},"bundle_layout":"","bundle_add_to_cart_form_location":"","bundle_editable_in_cart":false,"bundle_sold_individually_context":"","bundle_item_grouping":"","bundle_min_size":"","bundle_max_size":"","bundled_by":[],"bundled_items":[],"yoast_head":"<!-- This site is optimized with the Yoast SEO plugin v26.2 - https:\/\/yoast.com\/wordpress\/plugins\/seo\/ -->\n<title>La Via Francigena - Le Chemin de Sig\u00e9ric vers Rome | Les Guides Lep\u00e8re - Slowshop<\/title>\n<meta name=\"description\" content=\"D\u00e9couvrez le guide complet de la Via Francigena, le chemin de Sigeric vers Rome, pour pr\u00e9parer et vivre votre p\u00e8lerinage \u00e9tape par \u00e9tape.\" \/>\n<meta name=\"robots\" content=\"index, follow, max-snippet:-1, max-image-preview:large, max-video-preview:-1\" \/>\n<link rel=\"canonical\" href=\"https:\/\/www.slowshop.eu\/fr\/produit\/la-via-francigena-les-guides-vers-rome\/\" \/>\n<meta property=\"og:locale\" content=\"fr_FR\" \/>\n<meta property=\"og:type\" content=\"article\" \/>\n<meta property=\"og:title\" content=\"La Via Francigena - Le Chemin de Sig\u00e9ric vers Rome | Les Guides Lep\u00e8re - Slowshop\" \/>\n<meta property=\"og:description\" content=\"D\u00e9couvrez le guide complet de la Via Francigena, le chemin de Sigeric vers Rome, pour pr\u00e9parer et vivre votre p\u00e8lerinage \u00e9tape par \u00e9tape.\" \/>\n<meta property=\"og:url\" content=\"https:\/\/www.slowshop.eu\/fr\/produit\/la-via-francigena-les-guides-vers-rome\/\" \/>\n<meta property=\"og:site_name\" content=\"Slowshop\" \/>\n<meta property=\"article:modified_time\" content=\"2026-03-25T07:33:52+00:00\" \/>\n<meta property=\"og:image\" content=\"https:\/\/www.slowshop.eu\/wp-content\/uploads\/2025\/08\/71VuejHP8OL._UF10001000_QL80_.jpg\" \/>\n\t<meta property=\"og:image:width\" content=\"638\" \/>\n\t<meta property=\"og:image:height\" content=\"1000\" \/>\n\t<meta property=\"og:image:type\" content=\"image\/jpeg\" \/>\n<meta name=\"twitter:card\" content=\"summary_large_image\" \/>\n<meta name=\"twitter:label1\" content=\"Dur\u00e9e de lecture estim\u00e9e\" \/>\n\t<meta name=\"twitter:data1\" content=\"2 minutes\" \/>\n<script type=\"application\/ld+json\" class=\"yoast-schema-graph\">{\"@context\":\"https:\/\/schema.org\",\"@graph\":[{\"@type\":\"WebPage\",\"@id\":\"https:\/\/www.slowshop.eu\/fr\/produit\/la-via-francigena-les-guides-vers-rome\/\",\"url\":\"https:\/\/www.slowshop.eu\/fr\/produit\/la-via-francigena-les-guides-vers-rome\/\",\"name\":\"La Via Francigena - Le Chemin de Sig\u00e9ric vers Rome | Les Guides Lep\u00e8re - Slowshop\",\"isPartOf\":{\"@id\":\"https:\/\/www.slowshop.eu\/fr\/#website\"},\"primaryImageOfPage\":{\"@id\":\"https:\/\/www.slowshop.eu\/fr\/produit\/la-via-francigena-les-guides-vers-rome\/#primaryimage\"},\"image\":{\"@id\":\"https:\/\/www.slowshop.eu\/fr\/produit\/la-via-francigena-les-guides-vers-rome\/#primaryimage\"},\"thumbnailUrl\":\"https:\/\/www.slowshop.eu\/wp-content\/uploads\/2025\/08\/71VuejHP8OL._UF10001000_QL80_.jpg\",\"datePublished\":\"2025-08-07T07:32:11+00:00\",\"dateModified\":\"2026-03-25T07:33:52+00:00\",\"description\":\"D\u00e9couvrez le guide complet de la Via Francigena, le chemin de Sigeric vers Rome, pour pr\u00e9parer et vivre votre p\u00e8lerinage \u00e9tape par \u00e9tape.\",\"breadcrumb\":{\"@id\":\"https:\/\/www.slowshop.eu\/fr\/produit\/la-via-francigena-les-guides-vers-rome\/#breadcrumb\"},\"inLanguage\":\"fr-FR\",\"potentialAction\":[{\"@type\":\"ReadAction\",\"target\":[\"https:\/\/www.slowshop.eu\/fr\/produit\/la-via-francigena-les-guides-vers-rome\/\"]}]},{\"@type\":\"ImageObject\",\"inLanguage\":\"fr-FR\",\"@id\":\"https:\/\/www.slowshop.eu\/fr\/produit\/la-via-francigena-les-guides-vers-rome\/#primaryimage\",\"url\":\"https:\/\/www.slowshop.eu\/wp-content\/uploads\/2025\/08\/71VuejHP8OL._UF10001000_QL80_.jpg\",\"contentUrl\":\"https:\/\/www.slowshop.eu\/wp-content\/uploads\/2025\/08\/71VuejHP8OL._UF10001000_QL80_.jpg\",\"width\":638,\"height\":1000},{\"@type\":\"BreadcrumbList\",\"@id\":\"https:\/\/www.slowshop.eu\/fr\/produit\/la-via-francigena-les-guides-vers-rome\/#breadcrumb\",\"itemListElement\":[{\"@type\":\"ListItem\",\"position\":1,\"name\":\"Home\",\"item\":\"https:\/\/www.slowshop.eu\/fr\/\"},{\"@type\":\"ListItem\",\"position\":2,\"name\":\"Catalogue\",\"item\":\"https:\/\/www.slowshop.eu\/fr\/catalogue\/\"},{\"@type\":\"ListItem\",\"position\":3,\"name\":\"La Via Francigena &#8211; Le Chemin de Sig\u00e9ric vers Rome | Les Guides Lep\u00e8re\"}]},{\"@type\":\"WebSite\",\"@id\":\"https:\/\/www.slowshop.eu\/fr\/#website\",\"url\":\"https:\/\/www.slowshop.eu\/fr\/\",\"name\":\"SlowShop\",\"description\":\"Vie Francigene Shop\",\"publisher\":{\"@id\":\"https:\/\/www.slowshop.eu\/fr\/#organization\"},\"potentialAction\":[{\"@type\":\"SearchAction\",\"target\":{\"@type\":\"EntryPoint\",\"urlTemplate\":\"https:\/\/www.slowshop.eu\/fr\/?s={search_term_string}\"},\"query-input\":{\"@type\":\"PropertyValueSpecification\",\"valueRequired\":true,\"valueName\":\"search_term_string\"}}],\"inLanguage\":\"fr-FR\"},{\"@type\":\"Organization\",\"@id\":\"https:\/\/www.slowshop.eu\/fr\/#organization\",\"name\":\"SlowShop\",\"url\":\"https:\/\/www.slowshop.eu\/fr\/\",\"logo\":{\"@type\":\"ImageObject\",\"inLanguage\":\"fr-FR\",\"@id\":\"https:\/\/www.slowshop.eu\/fr\/#\/schema\/logo\/image\/\",\"url\":\"https:\/\/www.slowshop.eu\/wp-content\/uploads\/2024\/07\/cropped-immagine-1.png\",\"contentUrl\":\"https:\/\/www.slowshop.eu\/wp-content\/uploads\/2024\/07\/cropped-immagine-1.png\",\"width\":512,\"height\":512,\"caption\":\"SlowShop\"},\"image\":{\"@id\":\"https:\/\/www.slowshop.eu\/fr\/#\/schema\/logo\/image\/\"}}]}<\/script>\n<!-- \/ Yoast SEO plugin. -->","yoast_head_json":{"title":"La Via Francigena - Le Chemin de Sig\u00e9ric vers Rome | Les Guides Lep\u00e8re - Slowshop","description":"D\u00e9couvrez le guide complet de la Via Francigena, le chemin de Sigeric vers Rome, pour pr\u00e9parer et vivre votre p\u00e8lerinage \u00e9tape par \u00e9tape.","robots":{"index":"index","follow":"follow","max-snippet":"max-snippet:-1","max-image-preview":"max-image-preview:large","max-video-preview":"max-video-preview:-1"},"canonical":"https:\/\/www.slowshop.eu\/fr\/produit\/la-via-francigena-les-guides-vers-rome\/","og_locale":"fr_FR","og_type":"article","og_title":"La Via Francigena - Le Chemin de Sig\u00e9ric vers Rome | Les Guides Lep\u00e8re - Slowshop","og_description":"D\u00e9couvrez le guide complet de la Via Francigena, le chemin de Sigeric vers Rome, pour pr\u00e9parer et vivre votre p\u00e8lerinage \u00e9tape par \u00e9tape.","og_url":"https:\/\/www.slowshop.eu\/fr\/produit\/la-via-francigena-les-guides-vers-rome\/","og_site_name":"Slowshop","article_modified_time":"2026-03-25T07:33:52+00:00","og_image":[{"width":638,"height":1000,"url":"https:\/\/www.slowshop.eu\/wp-content\/uploads\/2025\/08\/71VuejHP8OL._UF10001000_QL80_.jpg","type":"image\/jpeg"}],"twitter_card":"summary_large_image","twitter_misc":{"Dur\u00e9e de lecture estim\u00e9e":"2 minutes"},"schema":{"@context":"https:\/\/schema.org","@graph":[{"@type":"WebPage","@id":"https:\/\/www.slowshop.eu\/fr\/produit\/la-via-francigena-les-guides-vers-rome\/","url":"https:\/\/www.slowshop.eu\/fr\/produit\/la-via-francigena-les-guides-vers-rome\/","name":"La Via Francigena - Le Chemin de Sig\u00e9ric vers Rome | Les Guides Lep\u00e8re - Slowshop","isPartOf":{"@id":"https:\/\/www.slowshop.eu\/fr\/#website"},"primaryImageOfPage":{"@id":"https:\/\/www.slowshop.eu\/fr\/produit\/la-via-francigena-les-guides-vers-rome\/#primaryimage"},"image":{"@id":"https:\/\/www.slowshop.eu\/fr\/produit\/la-via-francigena-les-guides-vers-rome\/#primaryimage"},"thumbnailUrl":"https:\/\/www.slowshop.eu\/wp-content\/uploads\/2025\/08\/71VuejHP8OL._UF10001000_QL80_.jpg","datePublished":"2025-08-07T07:32:11+00:00","dateModified":"2026-03-25T07:33:52+00:00","description":"D\u00e9couvrez le guide complet de la Via Francigena, le chemin de Sigeric vers Rome, pour pr\u00e9parer et vivre votre p\u00e8lerinage \u00e9tape par \u00e9tape.","breadcrumb":{"@id":"https:\/\/www.slowshop.eu\/fr\/produit\/la-via-francigena-les-guides-vers-rome\/#breadcrumb"},"inLanguage":"fr-FR","potentialAction":[{"@type":"ReadAction","target":["https:\/\/www.slowshop.eu\/fr\/produit\/la-via-francigena-les-guides-vers-rome\/"]}]},{"@type":"ImageObject","inLanguage":"fr-FR","@id":"https:\/\/www.slowshop.eu\/fr\/produit\/la-via-francigena-les-guides-vers-rome\/#primaryimage","url":"https:\/\/www.slowshop.eu\/wp-content\/uploads\/2025\/08\/71VuejHP8OL._UF10001000_QL80_.jpg","contentUrl":"https:\/\/www.slowshop.eu\/wp-content\/uploads\/2025\/08\/71VuejHP8OL._UF10001000_QL80_.jpg","width":638,"height":1000},{"@type":"BreadcrumbList","@id":"https:\/\/www.slowshop.eu\/fr\/produit\/la-via-francigena-les-guides-vers-rome\/#breadcrumb","itemListElement":[{"@type":"ListItem","position":1,"name":"Home","item":"https:\/\/www.slowshop.eu\/fr\/"},{"@type":"ListItem","position":2,"name":"Catalogue","item":"https:\/\/www.slowshop.eu\/fr\/catalogue\/"},{"@type":"ListItem","position":3,"name":"La Via Francigena &#8211; Le Chemin de Sig\u00e9ric vers Rome | Les Guides Lep\u00e8re"}]},{"@type":"WebSite","@id":"https:\/\/www.slowshop.eu\/fr\/#website","url":"https:\/\/www.slowshop.eu\/fr\/","name":"SlowShop","description":"Vie Francigene Shop","publisher":{"@id":"https:\/\/www.slowshop.eu\/fr\/#organization"},"potentialAction":[{"@type":"SearchAction","target":{"@type":"EntryPoint","urlTemplate":"https:\/\/www.slowshop.eu\/fr\/?s={search_term_string}"},"query-input":{"@type":"PropertyValueSpecification","valueRequired":true,"valueName":"search_term_string"}}],"inLanguage":"fr-FR"},{"@type":"Organization","@id":"https:\/\/www.slowshop.eu\/fr\/#organization","name":"SlowShop","url":"https:\/\/www.slowshop.eu\/fr\/","logo":{"@type":"ImageObject","inLanguage":"fr-FR","@id":"https:\/\/www.slowshop.eu\/fr\/#\/schema\/logo\/image\/","url":"https:\/\/www.slowshop.eu\/wp-content\/uploads\/2024\/07\/cropped-immagine-1.png","contentUrl":"https:\/\/www.slowshop.eu\/wp-content\/uploads\/2024\/07\/cropped-immagine-1.png","width":512,"height":512,"caption":"SlowShop"},"image":{"@id":"https:\/\/www.slowshop.eu\/fr\/#\/schema\/logo\/image\/"}}]}},"_links":{"self":[{"href":"https:\/\/www.slowshop.eu\/fr\/wp-json\/wp\/v2\/product\/22087","targetHints":{"allow":["GET"]}}],"collection":[{"href":"https:\/\/www.slowshop.eu\/fr\/wp-json\/wp\/v2\/product"}],"about":[{"href":"https:\/\/www.slowshop.eu\/fr\/wp-json\/wp\/v2\/types\/product"}],"wp:featuredmedia":[{"embeddable":true,"href":"https:\/\/www.slowshop.eu\/fr\/wp-json\/wp\/v2\/media\/22088"}],"wp:attachment":[{"href":"https:\/\/www.slowshop.eu\/fr\/wp-json\/wp\/v2\/media?parent=22087"}],"wp:term":[{"taxonomy":"product_brand","embeddable":true,"href":"https:\/\/www.slowshop.eu\/fr\/wp-json\/wp\/v2\/product_brand?post=22087"},{"taxonomy":"product_cat","embeddable":true,"href":"https:\/\/www.slowshop.eu\/fr\/wp-json\/wp\/v2\/product_cat?post=22087"},{"taxonomy":"product_tag","embeddable":true,"href":"https:\/\/www.slowshop.eu\/fr\/wp-json\/wp\/v2\/product_tag?post=22087"}],"curies":[{"name":"wp","href":"https:\/\/api.w.org\/{rel}","templated":true}]}}