{"id":22502,"date":"2025-09-18T14:25:57","date_gmt":"2025-09-18T12:25:57","guid":{"rendered":"https:\/\/www.slowshop.eu\/?post_type=product&#038;p=22502"},"modified":"2026-03-09T15:17:12","modified_gmt":"2026-03-09T14:17:12","slug":"porte-cles-coquille-de-saint-jacques-en-bois","status":"publish","type":"product","link":"https:\/\/www.slowshop.eu\/fr\/produit\/porte-cles-coquille-de-saint-jacques-en-bois\/","title":{"rendered":"Porte-cl\u00e9s Coquille de Saint-Jacques en bois"},"content":{"rendered":"<h3>Porte-cl\u00e9s Coquille de Saint-Jacques en bois.<\/h3>\n<p data-start=\"0\" data-end=\"365\">e <strong data-start=\"3\" data-end=\"55\">porte-cl\u00e9s en forme de Coquille de Saint-Jacques<\/strong> est fabriqu\u00e9 artisanalement en <strong data-start=\"87\" data-end=\"106\">bois de bouleau<\/strong> et grav\u00e9 au laser afin de garantir solidit\u00e9 et durabilit\u00e9 dans le temps. Accessoire hautement symbolique, il est id\u00e9al comme souvenir du <strong data-start=\"244\" data-end=\"286\">Chemin de Saint-Jacques-de-Compostelle<\/strong> ou comme cadeau pour toute personne ayant accompli ce p\u00e8lerinage exceptionnel.<\/p>\n<p data-start=\"367\" data-end=\"738\">La coquille peut \u00eatre facilement attach\u00e9e aux sacs \u00e0 dos, sacs ou v\u00eatements, mais elle se pr\u00eate \u00e9galement parfaitement \u00e0 un usage comme porte-cl\u00e9s \u00e9l\u00e9gant et l\u00e9ger. Son design simple et naturel, associ\u00e9 \u00e0 la pr\u00e9cision de la gravure laser, en fait un objet unique, capable d\u2019\u00e9voquer les \u00e9motions et les souvenirs li\u00e9s au voyage spirituel vers Saint-Jacques-de-Compostelle.<\/p>\n<p data-start=\"740\" data-end=\"1060\">Que vous recherchiez un souvenir authentique, un porte-bonheur ou un signe distinctif pour vous accompagner tout au long du chemin, ce porte-cl\u00e9s en bois avec la Coquille de Saint-Jacques est le choix id\u00e9al. R\u00e9alis\u00e9 \u00e0 partir de mat\u00e9riaux naturels, il est respectueux de l\u2019environnement et con\u00e7u pour durer dans le temps.<\/p>\n<p data-start=\"1062\" data-end=\"1146\">Emportez-le avec vous tout au long de votre aventure sur le <a href=\"https:\/\/www.sloways.eu\/camino-pilgrimage\/camino-de-santiago\">Chemin de Saint-Jacques<\/a>.<\/p>\n<p data-start=\"1148\" data-end=\"1251\">Prenez votre photo et suivez notre page Instagram <strong data-start=\"1198\" data-end=\"1217\">@sloways_travel<\/strong> avec le hashtag <strong data-start=\"1234\" data-end=\"1250\">#spassolento<\/strong>.<\/p>\n<p data-start=\"1253\" data-end=\"1505\"><strong data-start=\"1253\" data-end=\"1302\">Avez-vous d\u00e9j\u00e0 votre cr\u00e9dentiale de p\u00e8lerin ?<\/strong><br data-start=\"1302\" data-end=\"1305\" \/>La cr\u00e9dentiale du p\u00e8lerin repr\u00e9sente le v\u00e9ritable \u00ab passeport du p\u00e8lerin \u00bb. Elle atteste de l\u2019identit\u00e9 et des motivations du marcheur et constitue un document indispensable. <a href=\"https:\/\/www.slowshop.eu\/fr\/produit\/passeport-du-pelerin-de-santiago-de-compostela\/\">Vous pouvez l\u2019acheter ici.<\/a><\/p>\n<p><strong>Pars avec nous<\/strong><br \/>\nMaintenant, il vous suffit de r\u00e9server votre voyage le long de la Via Francigena.\u00a0Si vous r\u00e9servez sur notre site, vous recevrez la documentation compl\u00e8te pour votre voyage, nous vous fournirons une assistance 24h et r\u00e9serverons des installations de r\u00eave pour vos s\u00e9jours afin que vos vacances se r\u00e9v\u00e8lent une exp\u00e9rience inoubliable.\u00a0Pour nous contacter, \u00e9crivez un mail \u00e0 <a href=\"mailto:info@sloways.eu\">info@sloways.eu<\/a> ou visitez la page <a href=\"https:\/\/www.sloways.eu\/contatti\">contacts<\/a> sur notre site web.<\/p>\n","protected":false},"excerpt":{"rendered":"<p>Que vous soyez \u00e0 la recherche d\u2019un souvenir authentique, d\u2019un porte-bonheur ou d\u2019un symbole distinctif pour vous accompagner tout au long du chemin, ce porte-cl\u00e9s en bois avec la Coquille de Saint-Jacques est le choix parfait. Fabriqu\u00e9 \u00e0 partir de mat\u00e9riaux naturels, il est respectueux de l\u2019environnement et con\u00e7u pour durer dans le temps.<br \/>\nEmportez-le avec vous tout au long de votre aventure sur le Chemin de Saint-Jacques.<\/p>\n","protected":false},"featured_media":22505,"template":"","meta":{"_monsterinsights_skip_tracking":false,"_monsterinsights_sitenote_active":false,"_monsterinsights_sitenote_note":"","_monsterinsights_sitenote_category":0},"product_brand":[],"product_cat":[144,107],"product_tag":[316],"class_list":{"0":"post-22502","1":"product","2":"type-product","3":"status-publish","4":"has-post-thumbnail","6":"product_cat-cammino-di-santiago-fr","7":"product_cat-gadget-fr","8":"product_tag-santiago","9":"tm-no-options","11":"first","12":"instock","13":"taxable","14":"shipping-taxable","15":"purchasable","16":"product-type-simple"},"bundle_layout":"","bundle_add_to_cart_form_location":"","bundle_editable_in_cart":false,"bundle_sold_individually_context":"","bundle_item_grouping":"","bundle_min_size":"","bundle_max_size":"","bundled_by":[],"bundled_items":[],"yoast_head":"<!-- This site is optimized with the Yoast SEO plugin v26.2 - https:\/\/yoast.com\/wordpress\/plugins\/seo\/ -->\n<title>Porte-cl\u00e9s Coquille de Saint-Jacques en bois - Slowshop<\/title>\n<meta name=\"description\" content=\"Achetez le symbole officiel du p\u00e8lerin en bois avec porte-cles. Emportez-le avec vous lors de votre voyage le long de la Via Francigena.\" \/>\n<meta name=\"robots\" content=\"index, follow, max-snippet:-1, max-image-preview:large, max-video-preview:-1\" \/>\n<link rel=\"canonical\" href=\"https:\/\/www.slowshop.eu\/fr\/produit\/porte-cles-coquille-de-saint-jacques-en-bois\/\" \/>\n<meta property=\"og:locale\" content=\"fr_FR\" \/>\n<meta property=\"og:type\" content=\"article\" \/>\n<meta property=\"og:title\" content=\"Porte-cl\u00e9s Coquille de Saint-Jacques en bois - Slowshop\" \/>\n<meta property=\"og:description\" content=\"Achetez le symbole officiel du p\u00e8lerin en bois avec porte-cles. Emportez-le avec vous lors de votre voyage le long de la Via Francigena.\" \/>\n<meta property=\"og:url\" content=\"https:\/\/www.slowshop.eu\/fr\/produit\/porte-cles-coquille-de-saint-jacques-en-bois\/\" \/>\n<meta property=\"og:site_name\" content=\"Slowshop\" \/>\n<meta property=\"article:modified_time\" content=\"2026-03-09T14:17:12+00:00\" \/>\n<meta property=\"og:image\" content=\"https:\/\/www.slowshop.eu\/wp-content\/uploads\/2025\/09\/conchiglia-santiago.jpg\" \/>\n\t<meta property=\"og:image:width\" content=\"600\" \/>\n\t<meta property=\"og:image:height\" content=\"750\" \/>\n\t<meta property=\"og:image:type\" content=\"image\/jpeg\" \/>\n<meta name=\"twitter:card\" content=\"summary_large_image\" \/>\n<meta name=\"twitter:label1\" content=\"Dur\u00e9e de lecture estim\u00e9e\" \/>\n\t<meta name=\"twitter:data1\" content=\"2 minutes\" \/>\n<script type=\"application\/ld+json\" class=\"yoast-schema-graph\">{\"@context\":\"https:\/\/schema.org\",\"@graph\":[{\"@type\":\"WebPage\",\"@id\":\"https:\/\/www.slowshop.eu\/fr\/produit\/porte-cles-coquille-de-saint-jacques-en-bois\/\",\"url\":\"https:\/\/www.slowshop.eu\/fr\/produit\/porte-cles-coquille-de-saint-jacques-en-bois\/\",\"name\":\"Porte-cl\u00e9s Coquille de Saint-Jacques en bois - Slowshop\",\"isPartOf\":{\"@id\":\"https:\/\/www.slowshop.eu\/fr\/#website\"},\"primaryImageOfPage\":{\"@id\":\"https:\/\/www.slowshop.eu\/fr\/produit\/porte-cles-coquille-de-saint-jacques-en-bois\/#primaryimage\"},\"image\":{\"@id\":\"https:\/\/www.slowshop.eu\/fr\/produit\/porte-cles-coquille-de-saint-jacques-en-bois\/#primaryimage\"},\"thumbnailUrl\":\"https:\/\/www.slowshop.eu\/wp-content\/uploads\/2025\/09\/conchiglia-santiago.jpg\",\"datePublished\":\"2025-09-18T12:25:57+00:00\",\"dateModified\":\"2026-03-09T14:17:12+00:00\",\"description\":\"Achetez le symbole officiel du p\u00e8lerin en bois avec porte-cles. Emportez-le avec vous lors de votre voyage le long de la Via Francigena.\",\"breadcrumb\":{\"@id\":\"https:\/\/www.slowshop.eu\/fr\/produit\/porte-cles-coquille-de-saint-jacques-en-bois\/#breadcrumb\"},\"inLanguage\":\"fr-FR\",\"potentialAction\":[{\"@type\":\"ReadAction\",\"target\":[\"https:\/\/www.slowshop.eu\/fr\/produit\/porte-cles-coquille-de-saint-jacques-en-bois\/\"]}]},{\"@type\":\"ImageObject\",\"inLanguage\":\"fr-FR\",\"@id\":\"https:\/\/www.slowshop.eu\/fr\/produit\/porte-cles-coquille-de-saint-jacques-en-bois\/#primaryimage\",\"url\":\"https:\/\/www.slowshop.eu\/wp-content\/uploads\/2025\/09\/conchiglia-santiago.jpg\",\"contentUrl\":\"https:\/\/www.slowshop.eu\/wp-content\/uploads\/2025\/09\/conchiglia-santiago.jpg\",\"width\":600,\"height\":750,\"caption\":\"portachiavi conchiglia santiago legno\"},{\"@type\":\"BreadcrumbList\",\"@id\":\"https:\/\/www.slowshop.eu\/fr\/produit\/porte-cles-coquille-de-saint-jacques-en-bois\/#breadcrumb\",\"itemListElement\":[{\"@type\":\"ListItem\",\"position\":1,\"name\":\"Home\",\"item\":\"https:\/\/www.slowshop.eu\/fr\/\"},{\"@type\":\"ListItem\",\"position\":2,\"name\":\"Catalogue\",\"item\":\"https:\/\/www.slowshop.eu\/fr\/catalogue\/\"},{\"@type\":\"ListItem\",\"position\":3,\"name\":\"Porte-cl\u00e9s Coquille de Saint-Jacques en bois\"}]},{\"@type\":\"WebSite\",\"@id\":\"https:\/\/www.slowshop.eu\/fr\/#website\",\"url\":\"https:\/\/www.slowshop.eu\/fr\/\",\"name\":\"SlowShop\",\"description\":\"Vie Francigene Shop\",\"publisher\":{\"@id\":\"https:\/\/www.slowshop.eu\/fr\/#organization\"},\"potentialAction\":[{\"@type\":\"SearchAction\",\"target\":{\"@type\":\"EntryPoint\",\"urlTemplate\":\"https:\/\/www.slowshop.eu\/fr\/?s={search_term_string}\"},\"query-input\":{\"@type\":\"PropertyValueSpecification\",\"valueRequired\":true,\"valueName\":\"search_term_string\"}}],\"inLanguage\":\"fr-FR\"},{\"@type\":\"Organization\",\"@id\":\"https:\/\/www.slowshop.eu\/fr\/#organization\",\"name\":\"SlowShop\",\"url\":\"https:\/\/www.slowshop.eu\/fr\/\",\"logo\":{\"@type\":\"ImageObject\",\"inLanguage\":\"fr-FR\",\"@id\":\"https:\/\/www.slowshop.eu\/fr\/#\/schema\/logo\/image\/\",\"url\":\"https:\/\/www.slowshop.eu\/wp-content\/uploads\/2024\/07\/cropped-immagine-1.png\",\"contentUrl\":\"https:\/\/www.slowshop.eu\/wp-content\/uploads\/2024\/07\/cropped-immagine-1.png\",\"width\":512,\"height\":512,\"caption\":\"SlowShop\"},\"image\":{\"@id\":\"https:\/\/www.slowshop.eu\/fr\/#\/schema\/logo\/image\/\"}}]}<\/script>\n<!-- \/ Yoast SEO plugin. -->","yoast_head_json":{"title":"Porte-cl\u00e9s Coquille de Saint-Jacques en bois - Slowshop","description":"Achetez le symbole officiel du p\u00e8lerin en bois avec porte-cles. Emportez-le avec vous lors de votre voyage le long de la Via Francigena.","robots":{"index":"index","follow":"follow","max-snippet":"max-snippet:-1","max-image-preview":"max-image-preview:large","max-video-preview":"max-video-preview:-1"},"canonical":"https:\/\/www.slowshop.eu\/fr\/produit\/porte-cles-coquille-de-saint-jacques-en-bois\/","og_locale":"fr_FR","og_type":"article","og_title":"Porte-cl\u00e9s Coquille de Saint-Jacques en bois - Slowshop","og_description":"Achetez le symbole officiel du p\u00e8lerin en bois avec porte-cles. Emportez-le avec vous lors de votre voyage le long de la Via Francigena.","og_url":"https:\/\/www.slowshop.eu\/fr\/produit\/porte-cles-coquille-de-saint-jacques-en-bois\/","og_site_name":"Slowshop","article_modified_time":"2026-03-09T14:17:12+00:00","og_image":[{"width":600,"height":750,"url":"https:\/\/www.slowshop.eu\/wp-content\/uploads\/2025\/09\/conchiglia-santiago.jpg","type":"image\/jpeg"}],"twitter_card":"summary_large_image","twitter_misc":{"Dur\u00e9e de lecture estim\u00e9e":"2 minutes"},"schema":{"@context":"https:\/\/schema.org","@graph":[{"@type":"WebPage","@id":"https:\/\/www.slowshop.eu\/fr\/produit\/porte-cles-coquille-de-saint-jacques-en-bois\/","url":"https:\/\/www.slowshop.eu\/fr\/produit\/porte-cles-coquille-de-saint-jacques-en-bois\/","name":"Porte-cl\u00e9s Coquille de Saint-Jacques en bois - Slowshop","isPartOf":{"@id":"https:\/\/www.slowshop.eu\/fr\/#website"},"primaryImageOfPage":{"@id":"https:\/\/www.slowshop.eu\/fr\/produit\/porte-cles-coquille-de-saint-jacques-en-bois\/#primaryimage"},"image":{"@id":"https:\/\/www.slowshop.eu\/fr\/produit\/porte-cles-coquille-de-saint-jacques-en-bois\/#primaryimage"},"thumbnailUrl":"https:\/\/www.slowshop.eu\/wp-content\/uploads\/2025\/09\/conchiglia-santiago.jpg","datePublished":"2025-09-18T12:25:57+00:00","dateModified":"2026-03-09T14:17:12+00:00","description":"Achetez le symbole officiel du p\u00e8lerin en bois avec porte-cles. Emportez-le avec vous lors de votre voyage le long de la Via Francigena.","breadcrumb":{"@id":"https:\/\/www.slowshop.eu\/fr\/produit\/porte-cles-coquille-de-saint-jacques-en-bois\/#breadcrumb"},"inLanguage":"fr-FR","potentialAction":[{"@type":"ReadAction","target":["https:\/\/www.slowshop.eu\/fr\/produit\/porte-cles-coquille-de-saint-jacques-en-bois\/"]}]},{"@type":"ImageObject","inLanguage":"fr-FR","@id":"https:\/\/www.slowshop.eu\/fr\/produit\/porte-cles-coquille-de-saint-jacques-en-bois\/#primaryimage","url":"https:\/\/www.slowshop.eu\/wp-content\/uploads\/2025\/09\/conchiglia-santiago.jpg","contentUrl":"https:\/\/www.slowshop.eu\/wp-content\/uploads\/2025\/09\/conchiglia-santiago.jpg","width":600,"height":750,"caption":"portachiavi conchiglia santiago legno"},{"@type":"BreadcrumbList","@id":"https:\/\/www.slowshop.eu\/fr\/produit\/porte-cles-coquille-de-saint-jacques-en-bois\/#breadcrumb","itemListElement":[{"@type":"ListItem","position":1,"name":"Home","item":"https:\/\/www.slowshop.eu\/fr\/"},{"@type":"ListItem","position":2,"name":"Catalogue","item":"https:\/\/www.slowshop.eu\/fr\/catalogue\/"},{"@type":"ListItem","position":3,"name":"Porte-cl\u00e9s Coquille de Saint-Jacques en bois"}]},{"@type":"WebSite","@id":"https:\/\/www.slowshop.eu\/fr\/#website","url":"https:\/\/www.slowshop.eu\/fr\/","name":"SlowShop","description":"Vie Francigene Shop","publisher":{"@id":"https:\/\/www.slowshop.eu\/fr\/#organization"},"potentialAction":[{"@type":"SearchAction","target":{"@type":"EntryPoint","urlTemplate":"https:\/\/www.slowshop.eu\/fr\/?s={search_term_string}"},"query-input":{"@type":"PropertyValueSpecification","valueRequired":true,"valueName":"search_term_string"}}],"inLanguage":"fr-FR"},{"@type":"Organization","@id":"https:\/\/www.slowshop.eu\/fr\/#organization","name":"SlowShop","url":"https:\/\/www.slowshop.eu\/fr\/","logo":{"@type":"ImageObject","inLanguage":"fr-FR","@id":"https:\/\/www.slowshop.eu\/fr\/#\/schema\/logo\/image\/","url":"https:\/\/www.slowshop.eu\/wp-content\/uploads\/2024\/07\/cropped-immagine-1.png","contentUrl":"https:\/\/www.slowshop.eu\/wp-content\/uploads\/2024\/07\/cropped-immagine-1.png","width":512,"height":512,"caption":"SlowShop"},"image":{"@id":"https:\/\/www.slowshop.eu\/fr\/#\/schema\/logo\/image\/"}}]}},"_links":{"self":[{"href":"https:\/\/www.slowshop.eu\/fr\/wp-json\/wp\/v2\/product\/22502","targetHints":{"allow":["GET"]}}],"collection":[{"href":"https:\/\/www.slowshop.eu\/fr\/wp-json\/wp\/v2\/product"}],"about":[{"href":"https:\/\/www.slowshop.eu\/fr\/wp-json\/wp\/v2\/types\/product"}],"wp:featuredmedia":[{"embeddable":true,"href":"https:\/\/www.slowshop.eu\/fr\/wp-json\/wp\/v2\/media\/22505"}],"wp:attachment":[{"href":"https:\/\/www.slowshop.eu\/fr\/wp-json\/wp\/v2\/media?parent=22502"}],"wp:term":[{"taxonomy":"product_brand","embeddable":true,"href":"https:\/\/www.slowshop.eu\/fr\/wp-json\/wp\/v2\/product_brand?post=22502"},{"taxonomy":"product_cat","embeddable":true,"href":"https:\/\/www.slowshop.eu\/fr\/wp-json\/wp\/v2\/product_cat?post=22502"},{"taxonomy":"product_tag","embeddable":true,"href":"https:\/\/www.slowshop.eu\/fr\/wp-json\/wp\/v2\/product_tag?post=22502"}],"curies":[{"name":"wp","href":"https:\/\/api.w.org\/{rel}","templated":true}]}}