{"id":2340,"date":"2021-05-13T12:40:31","date_gmt":"2021-05-13T10:40:31","guid":{"rendered":"https:\/\/www.slowshop.eu\/?post_type=product&#038;p=2340"},"modified":"2026-02-19T15:56:28","modified_gmt":"2026-02-19T14:56:28","slug":"passeport-du-pelerin-de-santiago-de-compostela","status":"publish","type":"product","link":"https:\/\/www.slowshop.eu\/fr\/produit\/passeport-du-pelerin-de-santiago-de-compostela\/","title":{"rendered":"La Cr\u00e9dential du P\u00e8lerin du Camino de Santiago"},"content":{"rendered":"<h3>La Cr\u00e9dential du P\u00e8lerin du Camino de Santiago<\/h3>\n<p data-start=\"147\" data-end=\"244\">La <strong data-start=\"150\" data-end=\"175\">Cr\u00e9dential du P\u00e8lerin<\/strong> pour le Camino de Santiago repr\u00e9sente le \u00ab passeport du p\u00e8lerin \u00bb.<\/p>\n<p data-start=\"246\" data-end=\"665\">Elle atteste l\u2019identit\u00e9 et les motivations du voyageur et constitue un outil indispensable pour tout p\u00e8lerin. Il est n\u00e9cessaire de l\u2019avoir avec soi pour \u00eatre identifi\u00e9 comme tel et pour acc\u00e9der aux h\u00e9bergements officiels le long de l\u2019itin\u00e9raire. De plus, elle permet de b\u00e9n\u00e9ficier d\u2019avantages et de r\u00e9ductions dans certaines structures de restauration et, dans certaines r\u00e9gions, sur les services de transport public.<\/p>\n<p data-start=\"667\" data-end=\"969\">De nombreux h\u00e9bergements accueillent les p\u00e8lerins contre une contribution libre destin\u00e9e \u00e0 couvrir les frais de fonctionnement. Dans d\u2019autres cas, pour les \u00e9tablissements offrant plus de services ou pour les transports publics comme les trains et les bus, des r\u00e9ductions sont g\u00e9n\u00e9ralement appliqu\u00e9es.<\/p>\n<p data-start=\"971\" data-end=\"1219\">La cr\u00e9dential contient des espaces pour les tampons, suffisants pour tout le parcours, afin de garder une trace officielle et un souvenir de chaque \u00e9tape du voyage. Commandez votre <strong data-start=\"1152\" data-end=\"1177\">Cr\u00e9dential du P\u00e8lerin<\/strong> et partez pour Santiago de Compostela !<\/p>\n<p data-start=\"1221\" data-end=\"1357\">Il est recommand\u00e9 de l\u2019acheter avec le <a href=\"https:\/\/www.slowshop.eu\/prodotto\/il-cammino-di-santiago-de-compostela-guida-in-italiano\/\"><strong data-start=\"1260\" data-end=\"1314\">Guide officiel du Camino de Santiago de Compostela<\/strong><\/a> pour pr\u00e9parer au mieux votre p\u00e8lerinage.<\/p>\n<h3><strong data-start=\"77\" data-end=\"99\">Partez avec nous !<\/strong><\/h3>\n<p>R\u00e9servez votre chemin \u00e0 Saint-Jacques-de-Compostelle avec les r\u00e9f\u00e9rences du p\u00e8lerin, <a href=\"https:\/\/www.sloways.eu\/holidays-tours\/camino-de-santiago-sarria\">cliquez ici<\/a>!<\/p>\n","protected":false},"excerpt":{"rendered":"<p>La Cr\u00e9dential du P\u00e8lerin est le passeport officiel pour le Camino de Santiago, indispensable pour vivre pleinement l\u2019exp\u00e9rience du chemin.<br \/>\nElle atteste l\u2019identit\u00e9 et la motivation du p\u00e8lerin, permet l\u2019acc\u00e8s aux h\u00e9bergements d\u00e9di\u00e9s, offre des r\u00e9ductions dans les restaurants et les transports, et permet de collecter des tampons tout au long du parcours comme souvenir unique. Commandez votre cr\u00e9dential d\u00e8s maintenant et partez \u00e0 la d\u00e9couverte des paysages et de l\u2019atmosph\u00e8re inoubliable du Camino de Santiago !<br \/>\nPartez sur le Camino de Santiago avec la Cr\u00e9dential du P\u00e8lerin \u2013 le document officiel pour profiter pleinement de chaque \u00e9tape du chemin !<\/p>\n","protected":false},"featured_media":23463,"template":"","meta":{"_monsterinsights_skip_tracking":false,"_monsterinsights_sitenote_active":false,"_monsterinsights_sitenote_note":"","_monsterinsights_sitenote_category":0},"product_brand":[],"product_cat":[144,103],"product_tag":[315,313,312,316,314],"class_list":{"0":"post-2340","1":"product","2":"type-product","3":"status-publish","4":"has-post-thumbnail","6":"product_cat-cammino-di-santiago-fr","7":"product_cat-guides-et-passeport-pelerin","8":"product_tag-compostela","9":"product_tag-passeport","10":"product_tag-passeport-du-pelerin","11":"product_tag-santiago","12":"product_tag-santiago-de-compostela","13":"tm-no-options","15":"first","16":"instock","17":"taxable","18":"shipping-taxable","19":"purchasable","20":"product-type-simple"},"bundle_layout":"","bundle_add_to_cart_form_location":"","bundle_editable_in_cart":false,"bundle_sold_individually_context":"","bundle_item_grouping":"","bundle_min_size":"","bundle_max_size":"","bundled_by":["4109","14627"],"bundled_items":[],"yoast_head":"<!-- This site is optimized with the Yoast SEO plugin v26.2 - https:\/\/yoast.com\/wordpress\/plugins\/seo\/ -->\n<title>La Cr\u00e9dential du P\u00e8lerin du Camino de Santiago - Slowshop<\/title>\n<meta name=\"description\" content=\"La Cr\u00e9dential du Camino de Santiago est le document pour les p\u00e8lerins en route vers Santiago. Elle contient les espaces pour collectionner les tampons.\" \/>\n<meta name=\"robots\" content=\"index, follow, max-snippet:-1, max-image-preview:large, max-video-preview:-1\" \/>\n<link rel=\"canonical\" href=\"https:\/\/www.slowshop.eu\/fr\/produit\/passeport-du-pelerin-de-santiago-de-compostela\/\" \/>\n<meta property=\"og:locale\" content=\"fr_FR\" \/>\n<meta property=\"og:type\" content=\"article\" \/>\n<meta property=\"og:title\" content=\"La Cr\u00e9dential du P\u00e8lerin du Camino de Santiago - Slowshop\" \/>\n<meta property=\"og:description\" content=\"La Cr\u00e9dential du Camino de Santiago est le document pour les p\u00e8lerins en route vers Santiago. Elle contient les espaces pour collectionner les tampons.\" \/>\n<meta property=\"og:url\" content=\"https:\/\/www.slowshop.eu\/fr\/produit\/passeport-du-pelerin-de-santiago-de-compostela\/\" \/>\n<meta property=\"og:site_name\" content=\"Slowshop\" \/>\n<meta property=\"article:modified_time\" content=\"2026-02-19T14:56:28+00:00\" \/>\n<meta property=\"og:image\" content=\"https:\/\/www.slowshop.eu\/wp-content\/uploads\/2021\/05\/Credenziale-del-pellegrino.webp\" \/>\n\t<meta property=\"og:image:width\" content=\"353\" \/>\n\t<meta property=\"og:image:height\" content=\"549\" \/>\n\t<meta property=\"og:image:type\" content=\"image\/webp\" \/>\n<meta name=\"twitter:card\" content=\"summary_large_image\" \/>\n<meta name=\"twitter:label1\" content=\"Dur\u00e9e de lecture estim\u00e9e\" \/>\n\t<meta name=\"twitter:data1\" content=\"1 minute\" \/>\n<script type=\"application\/ld+json\" class=\"yoast-schema-graph\">{\"@context\":\"https:\/\/schema.org\",\"@graph\":[{\"@type\":\"WebPage\",\"@id\":\"https:\/\/www.slowshop.eu\/fr\/produit\/passeport-du-pelerin-de-santiago-de-compostela\/\",\"url\":\"https:\/\/www.slowshop.eu\/fr\/produit\/passeport-du-pelerin-de-santiago-de-compostela\/\",\"name\":\"La Cr\u00e9dential du P\u00e8lerin du Camino de Santiago - Slowshop\",\"isPartOf\":{\"@id\":\"https:\/\/www.slowshop.eu\/fr\/#website\"},\"primaryImageOfPage\":{\"@id\":\"https:\/\/www.slowshop.eu\/fr\/produit\/passeport-du-pelerin-de-santiago-de-compostela\/#primaryimage\"},\"image\":{\"@id\":\"https:\/\/www.slowshop.eu\/fr\/produit\/passeport-du-pelerin-de-santiago-de-compostela\/#primaryimage\"},\"thumbnailUrl\":\"https:\/\/www.slowshop.eu\/wp-content\/uploads\/2021\/05\/Credenziale-del-pellegrino.webp\",\"datePublished\":\"2021-05-13T10:40:31+00:00\",\"dateModified\":\"2026-02-19T14:56:28+00:00\",\"description\":\"La Cr\u00e9dential du Camino de Santiago est le document pour les p\u00e8lerins en route vers Santiago. Elle contient les espaces pour collectionner les tampons.\",\"breadcrumb\":{\"@id\":\"https:\/\/www.slowshop.eu\/fr\/produit\/passeport-du-pelerin-de-santiago-de-compostela\/#breadcrumb\"},\"inLanguage\":\"fr-FR\",\"potentialAction\":[{\"@type\":\"ReadAction\",\"target\":[\"https:\/\/www.slowshop.eu\/fr\/produit\/passeport-du-pelerin-de-santiago-de-compostela\/\"]}]},{\"@type\":\"ImageObject\",\"inLanguage\":\"fr-FR\",\"@id\":\"https:\/\/www.slowshop.eu\/fr\/produit\/passeport-du-pelerin-de-santiago-de-compostela\/#primaryimage\",\"url\":\"https:\/\/www.slowshop.eu\/wp-content\/uploads\/2021\/05\/Credenziale-del-pellegrino.webp\",\"contentUrl\":\"https:\/\/www.slowshop.eu\/wp-content\/uploads\/2021\/05\/Credenziale-del-pellegrino.webp\",\"width\":353,\"height\":549,\"caption\":\"Credenziale Cammino di Santiago\"},{\"@type\":\"BreadcrumbList\",\"@id\":\"https:\/\/www.slowshop.eu\/fr\/produit\/passeport-du-pelerin-de-santiago-de-compostela\/#breadcrumb\",\"itemListElement\":[{\"@type\":\"ListItem\",\"position\":1,\"name\":\"Home\",\"item\":\"https:\/\/www.slowshop.eu\/fr\/\"},{\"@type\":\"ListItem\",\"position\":2,\"name\":\"Catalogue\",\"item\":\"https:\/\/www.slowshop.eu\/fr\/catalogue\/\"},{\"@type\":\"ListItem\",\"position\":3,\"name\":\"La Cr\u00e9dential du P\u00e8lerin du Camino de Santiago\"}]},{\"@type\":\"WebSite\",\"@id\":\"https:\/\/www.slowshop.eu\/fr\/#website\",\"url\":\"https:\/\/www.slowshop.eu\/fr\/\",\"name\":\"SlowShop\",\"description\":\"Vie Francigene Shop\",\"publisher\":{\"@id\":\"https:\/\/www.slowshop.eu\/fr\/#organization\"},\"potentialAction\":[{\"@type\":\"SearchAction\",\"target\":{\"@type\":\"EntryPoint\",\"urlTemplate\":\"https:\/\/www.slowshop.eu\/fr\/?s={search_term_string}\"},\"query-input\":{\"@type\":\"PropertyValueSpecification\",\"valueRequired\":true,\"valueName\":\"search_term_string\"}}],\"inLanguage\":\"fr-FR\"},{\"@type\":\"Organization\",\"@id\":\"https:\/\/www.slowshop.eu\/fr\/#organization\",\"name\":\"SlowShop\",\"url\":\"https:\/\/www.slowshop.eu\/fr\/\",\"logo\":{\"@type\":\"ImageObject\",\"inLanguage\":\"fr-FR\",\"@id\":\"https:\/\/www.slowshop.eu\/fr\/#\/schema\/logo\/image\/\",\"url\":\"https:\/\/www.slowshop.eu\/wp-content\/uploads\/2024\/07\/cropped-immagine-1.png\",\"contentUrl\":\"https:\/\/www.slowshop.eu\/wp-content\/uploads\/2024\/07\/cropped-immagine-1.png\",\"width\":512,\"height\":512,\"caption\":\"SlowShop\"},\"image\":{\"@id\":\"https:\/\/www.slowshop.eu\/fr\/#\/schema\/logo\/image\/\"}}]}<\/script>\n<!-- \/ Yoast SEO plugin. -->","yoast_head_json":{"title":"La Cr\u00e9dential du P\u00e8lerin du Camino de Santiago - Slowshop","description":"La Cr\u00e9dential du Camino de Santiago est le document pour les p\u00e8lerins en route vers Santiago. Elle contient les espaces pour collectionner les tampons.","robots":{"index":"index","follow":"follow","max-snippet":"max-snippet:-1","max-image-preview":"max-image-preview:large","max-video-preview":"max-video-preview:-1"},"canonical":"https:\/\/www.slowshop.eu\/fr\/produit\/passeport-du-pelerin-de-santiago-de-compostela\/","og_locale":"fr_FR","og_type":"article","og_title":"La Cr\u00e9dential du P\u00e8lerin du Camino de Santiago - Slowshop","og_description":"La Cr\u00e9dential du Camino de Santiago est le document pour les p\u00e8lerins en route vers Santiago. Elle contient les espaces pour collectionner les tampons.","og_url":"https:\/\/www.slowshop.eu\/fr\/produit\/passeport-du-pelerin-de-santiago-de-compostela\/","og_site_name":"Slowshop","article_modified_time":"2026-02-19T14:56:28+00:00","og_image":[{"width":353,"height":549,"url":"https:\/\/www.slowshop.eu\/wp-content\/uploads\/2021\/05\/Credenziale-del-pellegrino.webp","type":"image\/webp"}],"twitter_card":"summary_large_image","twitter_misc":{"Dur\u00e9e de lecture estim\u00e9e":"1 minute"},"schema":{"@context":"https:\/\/schema.org","@graph":[{"@type":"WebPage","@id":"https:\/\/www.slowshop.eu\/fr\/produit\/passeport-du-pelerin-de-santiago-de-compostela\/","url":"https:\/\/www.slowshop.eu\/fr\/produit\/passeport-du-pelerin-de-santiago-de-compostela\/","name":"La Cr\u00e9dential du P\u00e8lerin du Camino de Santiago - Slowshop","isPartOf":{"@id":"https:\/\/www.slowshop.eu\/fr\/#website"},"primaryImageOfPage":{"@id":"https:\/\/www.slowshop.eu\/fr\/produit\/passeport-du-pelerin-de-santiago-de-compostela\/#primaryimage"},"image":{"@id":"https:\/\/www.slowshop.eu\/fr\/produit\/passeport-du-pelerin-de-santiago-de-compostela\/#primaryimage"},"thumbnailUrl":"https:\/\/www.slowshop.eu\/wp-content\/uploads\/2021\/05\/Credenziale-del-pellegrino.webp","datePublished":"2021-05-13T10:40:31+00:00","dateModified":"2026-02-19T14:56:28+00:00","description":"La Cr\u00e9dential du Camino de Santiago est le document pour les p\u00e8lerins en route vers Santiago. Elle contient les espaces pour collectionner les tampons.","breadcrumb":{"@id":"https:\/\/www.slowshop.eu\/fr\/produit\/passeport-du-pelerin-de-santiago-de-compostela\/#breadcrumb"},"inLanguage":"fr-FR","potentialAction":[{"@type":"ReadAction","target":["https:\/\/www.slowshop.eu\/fr\/produit\/passeport-du-pelerin-de-santiago-de-compostela\/"]}]},{"@type":"ImageObject","inLanguage":"fr-FR","@id":"https:\/\/www.slowshop.eu\/fr\/produit\/passeport-du-pelerin-de-santiago-de-compostela\/#primaryimage","url":"https:\/\/www.slowshop.eu\/wp-content\/uploads\/2021\/05\/Credenziale-del-pellegrino.webp","contentUrl":"https:\/\/www.slowshop.eu\/wp-content\/uploads\/2021\/05\/Credenziale-del-pellegrino.webp","width":353,"height":549,"caption":"Credenziale Cammino di Santiago"},{"@type":"BreadcrumbList","@id":"https:\/\/www.slowshop.eu\/fr\/produit\/passeport-du-pelerin-de-santiago-de-compostela\/#breadcrumb","itemListElement":[{"@type":"ListItem","position":1,"name":"Home","item":"https:\/\/www.slowshop.eu\/fr\/"},{"@type":"ListItem","position":2,"name":"Catalogue","item":"https:\/\/www.slowshop.eu\/fr\/catalogue\/"},{"@type":"ListItem","position":3,"name":"La Cr\u00e9dential du P\u00e8lerin du Camino de Santiago"}]},{"@type":"WebSite","@id":"https:\/\/www.slowshop.eu\/fr\/#website","url":"https:\/\/www.slowshop.eu\/fr\/","name":"SlowShop","description":"Vie Francigene Shop","publisher":{"@id":"https:\/\/www.slowshop.eu\/fr\/#organization"},"potentialAction":[{"@type":"SearchAction","target":{"@type":"EntryPoint","urlTemplate":"https:\/\/www.slowshop.eu\/fr\/?s={search_term_string}"},"query-input":{"@type":"PropertyValueSpecification","valueRequired":true,"valueName":"search_term_string"}}],"inLanguage":"fr-FR"},{"@type":"Organization","@id":"https:\/\/www.slowshop.eu\/fr\/#organization","name":"SlowShop","url":"https:\/\/www.slowshop.eu\/fr\/","logo":{"@type":"ImageObject","inLanguage":"fr-FR","@id":"https:\/\/www.slowshop.eu\/fr\/#\/schema\/logo\/image\/","url":"https:\/\/www.slowshop.eu\/wp-content\/uploads\/2024\/07\/cropped-immagine-1.png","contentUrl":"https:\/\/www.slowshop.eu\/wp-content\/uploads\/2024\/07\/cropped-immagine-1.png","width":512,"height":512,"caption":"SlowShop"},"image":{"@id":"https:\/\/www.slowshop.eu\/fr\/#\/schema\/logo\/image\/"}}]}},"_links":{"self":[{"href":"https:\/\/www.slowshop.eu\/fr\/wp-json\/wp\/v2\/product\/2340","targetHints":{"allow":["GET"]}}],"collection":[{"href":"https:\/\/www.slowshop.eu\/fr\/wp-json\/wp\/v2\/product"}],"about":[{"href":"https:\/\/www.slowshop.eu\/fr\/wp-json\/wp\/v2\/types\/product"}],"wp:featuredmedia":[{"embeddable":true,"href":"https:\/\/www.slowshop.eu\/fr\/wp-json\/wp\/v2\/media\/23463"}],"wp:attachment":[{"href":"https:\/\/www.slowshop.eu\/fr\/wp-json\/wp\/v2\/media?parent=2340"}],"wp:term":[{"taxonomy":"product_brand","embeddable":true,"href":"https:\/\/www.slowshop.eu\/fr\/wp-json\/wp\/v2\/product_brand?post=2340"},{"taxonomy":"product_cat","embeddable":true,"href":"https:\/\/www.slowshop.eu\/fr\/wp-json\/wp\/v2\/product_cat?post=2340"},{"taxonomy":"product_tag","embeddable":true,"href":"https:\/\/www.slowshop.eu\/fr\/wp-json\/wp\/v2\/product_tag?post=2340"}],"curies":[{"name":"wp","href":"https:\/\/api.w.org\/{rel}","templated":true}]}}