{"id":24800,"date":"2026-04-30T14:55:35","date_gmt":"2026-04-30T12:55:35","guid":{"rendered":"https:\/\/www.slowshop.eu\/product\/tasse-en-metal-via-francigena\/"},"modified":"2026-04-30T15:12:37","modified_gmt":"2026-04-30T13:12:37","slug":"tasse-en-metal-via-francigena","status":"publish","type":"product","link":"https:\/\/www.slowshop.eu\/fr\/produit\/tasse-en-metal-via-francigena\/","title":{"rendered":"Tasse en m\u00e9tal Via Francigena"},"content":{"rendered":"<h2><strong>Tasse en M\u00e9tal Via Francigena.<\/strong><\/h2>\n<p data-start=\"51\" data-end=\"430\">D\u00e9couvrez la tasse officielle avec le logo de la Via Francigena qui apporte une touche de voyage\u2026 directement dans votre cuisine. Disponible en <strong data-start=\"226\" data-end=\"235\">rouge<\/strong> et en <strong data-start=\"242\" data-end=\"250\">vert<\/strong>, elle est parfaite pour commencer la journ\u00e9e avec le bon \u00e9tat d\u2019esprit : celui de ceux qui ont parcouru (ou r\u00eavent de parcourir) l\u2019un des itin\u00e9raires les plus fascinants d\u2019Europe.<\/p>\n<p data-start=\"432\" data-end=\"964\">Fabriqu\u00e9e en m\u00e9tal r\u00e9sistant et d\u2019une capacit\u00e9 de 350 ml, c\u2019est la compagne id\u00e9ale pour le caf\u00e9, le th\u00e9 ou toute pause revigorante. Et attention : chaque gorg\u00e9e risque de vous ramener en pens\u00e9e sur les sentiers, \u00e0 travers villages et paysages \u00e0 couper le souffle\u2026 des effets secondaires tr\u00e8s agr\u00e9ables ! Si vous aimez conserver les souvenirs de vos \u00e9tapes, jetez aussi un \u0153il \u00e0 notre <strong data-start=\"816\" data-end=\"857\"><a href=\"https:\/\/www.slowshop.eu\/fr\/produit\/journal-en-liege-via-francigena\/\">carnet de voyage de la<\/a> <a href=\"https:\/\/www.slowshop.eu\/fr\/produit\/journal-en-liege-via-francigena\/\">Via Francigena<\/a><\/strong>, parfait \u00e0 associer \u00e0 votre tasse pour recueillir \u00e9motions, rencontres et petits grands moments du chemin.<\/p>\n<p data-start=\"966\" data-end=\"1318\">La <a href=\"https:\/\/www.sloways.eu\/camino-pilgrimage\/via-francigena-road-to-rome\">Via Francigena<\/a> est bien plus qu\u2019un itin\u00e9raire : c\u2019est un voyage de plus de 3 000 km, de Canterbury \u00e0 Rome et au-del\u00e0, \u00e0 travers cinq pays et une mosa\u00efque de cultures, de paysages et d\u2019histoires. Que vous ayez d\u00e9j\u00e0 v\u00e9cu cette aventure ou que vous commenciez tout juste \u00e0 en r\u00eaver, cette tasse est le souvenir id\u00e9al \u00e0 garder toujours \u00e0 port\u00e9e de main.<\/p>\n<p data-start=\"1320\" data-end=\"1575\">Prenez une photo avec votre tasse et partagez votre esprit \u00ab slow \u00bb sur Instagram en identifiant @sloways_travel avec le hashtag #spassolento : car certains voyages ne se terminent jamais\u2026 ils continuent chaque jour, m\u00eame autour d\u2019une boisson bien chaude.<\/p>\n<p data-start=\"1577\" data-end=\"1742\">Et si la <a href=\"https:\/\/www.sloways.eu\/camino-pilgrimage\/via-francigena-road-to-rome\">Via Francigena<\/a> vous appelle, il est peut-\u00eatre temps de r\u00e9pondre : pr\u00e9parez votre sac, choisissez votre itin\u00e9raire et partez pour une exp\u00e9rience inoubliable.<\/p>\n","protected":false},"excerpt":{"rendered":"<p>Tasse officielle Via Francigena en m\u00e9tal, disponible en rouge et en vert : le souvenir parfait de votre chemin, pour revivre chaque jour la magie du voyage.<\/p>\n","protected":false},"featured_media":24790,"template":"","meta":{"_monsterinsights_skip_tracking":false,"_monsterinsights_sitenote_active":false,"_monsterinsights_sitenote_note":"","_monsterinsights_sitenote_category":0},"product_brand":[],"product_cat":[107,108],"product_tag":[120],"class_list":{"0":"post-24800","1":"product","2":"type-product","3":"status-publish","4":"has-post-thumbnail","6":"product_cat-gadget-fr","7":"product_cat-via-francigena-fr","8":"product_tag-via-francigena-fr","9":"tm-no-options","11":"first","12":"instock","13":"taxable","14":"shipping-taxable","15":"purchasable","16":"product-type-variable"},"bundle_layout":"","bundle_add_to_cart_form_location":"","bundle_editable_in_cart":false,"bundle_sold_individually_context":"","bundle_item_grouping":"","bundle_min_size":"","bundle_max_size":"","bundled_by":[],"bundled_items":[],"yoast_head":"<!-- This site is optimized with the Yoast SEO plugin v26.2 - https:\/\/yoast.com\/wordpress\/plugins\/seo\/ -->\n<title>Tasse en m\u00e9tal Via Francigena - Slowshop<\/title>\n<meta name=\"description\" content=\"Tasse officielle Via Francigena en m\u00e9tal, disponible en rouge et en vert : le souvenir parfait de votre chemin, pour revivre chaque jour la magie du voyage.\" \/>\n<meta name=\"robots\" content=\"index, follow, max-snippet:-1, max-image-preview:large, max-video-preview:-1\" \/>\n<link rel=\"canonical\" href=\"https:\/\/www.slowshop.eu\/fr\/produit\/tasse-en-metal-via-francigena\/\" \/>\n<meta property=\"og:locale\" content=\"fr_FR\" \/>\n<meta property=\"og:type\" content=\"article\" \/>\n<meta property=\"og:title\" content=\"Tasse en m\u00e9tal Via Francigena - Slowshop\" \/>\n<meta property=\"og:description\" content=\"Tasse officielle Via Francigena en m\u00e9tal, disponible en rouge et en vert : le souvenir parfait de votre chemin, pour revivre chaque jour la magie du voyage.\" \/>\n<meta property=\"og:url\" content=\"https:\/\/www.slowshop.eu\/fr\/produit\/tasse-en-metal-via-francigena\/\" \/>\n<meta property=\"og:site_name\" content=\"Slowshop\" \/>\n<meta property=\"article:modified_time\" content=\"2026-04-30T13:12:37+00:00\" \/>\n<meta property=\"og:image\" content=\"https:\/\/www.slowshop.eu\/wp-content\/uploads\/2026\/04\/tazza-metallo-via-francigena-rosso.jpg\" \/>\n\t<meta property=\"og:image:width\" content=\"600\" \/>\n\t<meta property=\"og:image:height\" content=\"750\" \/>\n\t<meta property=\"og:image:type\" content=\"image\/jpeg\" \/>\n<meta name=\"twitter:card\" content=\"summary_large_image\" \/>\n<meta name=\"twitter:label1\" content=\"Dur\u00e9e de lecture estim\u00e9e\" \/>\n\t<meta name=\"twitter:data1\" content=\"1 minute\" \/>\n<script type=\"application\/ld+json\" class=\"yoast-schema-graph\">{\"@context\":\"https:\/\/schema.org\",\"@graph\":[{\"@type\":\"WebPage\",\"@id\":\"https:\/\/www.slowshop.eu\/fr\/produit\/tasse-en-metal-via-francigena\/\",\"url\":\"https:\/\/www.slowshop.eu\/fr\/produit\/tasse-en-metal-via-francigena\/\",\"name\":\"Tasse en m\u00e9tal Via Francigena - Slowshop\",\"isPartOf\":{\"@id\":\"https:\/\/www.slowshop.eu\/fr\/#website\"},\"primaryImageOfPage\":{\"@id\":\"https:\/\/www.slowshop.eu\/fr\/produit\/tasse-en-metal-via-francigena\/#primaryimage\"},\"image\":{\"@id\":\"https:\/\/www.slowshop.eu\/fr\/produit\/tasse-en-metal-via-francigena\/#primaryimage\"},\"thumbnailUrl\":\"https:\/\/www.slowshop.eu\/wp-content\/uploads\/2026\/04\/tazza-metallo-via-francigena-rosso.jpg\",\"datePublished\":\"2026-04-30T12:55:35+00:00\",\"dateModified\":\"2026-04-30T13:12:37+00:00\",\"description\":\"Tasse officielle Via Francigena en m\u00e9tal, disponible en rouge et en vert : le souvenir parfait de votre chemin, pour revivre chaque jour la magie du voyage.\",\"breadcrumb\":{\"@id\":\"https:\/\/www.slowshop.eu\/fr\/produit\/tasse-en-metal-via-francigena\/#breadcrumb\"},\"inLanguage\":\"fr-FR\",\"potentialAction\":[{\"@type\":\"ReadAction\",\"target\":[\"https:\/\/www.slowshop.eu\/fr\/produit\/tasse-en-metal-via-francigena\/\"]}]},{\"@type\":\"ImageObject\",\"inLanguage\":\"fr-FR\",\"@id\":\"https:\/\/www.slowshop.eu\/fr\/produit\/tasse-en-metal-via-francigena\/#primaryimage\",\"url\":\"https:\/\/www.slowshop.eu\/wp-content\/uploads\/2026\/04\/tazza-metallo-via-francigena-rosso.jpg\",\"contentUrl\":\"https:\/\/www.slowshop.eu\/wp-content\/uploads\/2026\/04\/tazza-metallo-via-francigena-rosso.jpg\",\"width\":600,\"height\":750,\"caption\":\"Tasse en m\u00e9tal Via Francigena rouge\"},{\"@type\":\"BreadcrumbList\",\"@id\":\"https:\/\/www.slowshop.eu\/fr\/produit\/tasse-en-metal-via-francigena\/#breadcrumb\",\"itemListElement\":[{\"@type\":\"ListItem\",\"position\":1,\"name\":\"Home\",\"item\":\"https:\/\/www.slowshop.eu\/fr\/\"},{\"@type\":\"ListItem\",\"position\":2,\"name\":\"Catalogue\",\"item\":\"https:\/\/www.slowshop.eu\/fr\/catalogue\/\"},{\"@type\":\"ListItem\",\"position\":3,\"name\":\"Tasse en m\u00e9tal Via Francigena\"}]},{\"@type\":\"WebSite\",\"@id\":\"https:\/\/www.slowshop.eu\/fr\/#website\",\"url\":\"https:\/\/www.slowshop.eu\/fr\/\",\"name\":\"SlowShop\",\"description\":\"Vie Francigene Shop\",\"publisher\":{\"@id\":\"https:\/\/www.slowshop.eu\/fr\/#organization\"},\"potentialAction\":[{\"@type\":\"SearchAction\",\"target\":{\"@type\":\"EntryPoint\",\"urlTemplate\":\"https:\/\/www.slowshop.eu\/fr\/?s={search_term_string}\"},\"query-input\":{\"@type\":\"PropertyValueSpecification\",\"valueRequired\":true,\"valueName\":\"search_term_string\"}}],\"inLanguage\":\"fr-FR\"},{\"@type\":\"Organization\",\"@id\":\"https:\/\/www.slowshop.eu\/fr\/#organization\",\"name\":\"SlowShop\",\"url\":\"https:\/\/www.slowshop.eu\/fr\/\",\"logo\":{\"@type\":\"ImageObject\",\"inLanguage\":\"fr-FR\",\"@id\":\"https:\/\/www.slowshop.eu\/fr\/#\/schema\/logo\/image\/\",\"url\":\"https:\/\/www.slowshop.eu\/wp-content\/uploads\/2024\/07\/cropped-immagine-1.png\",\"contentUrl\":\"https:\/\/www.slowshop.eu\/wp-content\/uploads\/2024\/07\/cropped-immagine-1.png\",\"width\":512,\"height\":512,\"caption\":\"SlowShop\"},\"image\":{\"@id\":\"https:\/\/www.slowshop.eu\/fr\/#\/schema\/logo\/image\/\"}}]}<\/script>\n<!-- \/ Yoast SEO plugin. -->","yoast_head_json":{"title":"Tasse en m\u00e9tal Via Francigena - Slowshop","description":"Tasse officielle Via Francigena en m\u00e9tal, disponible en rouge et en vert : le souvenir parfait de votre chemin, pour revivre chaque jour la magie du voyage.","robots":{"index":"index","follow":"follow","max-snippet":"max-snippet:-1","max-image-preview":"max-image-preview:large","max-video-preview":"max-video-preview:-1"},"canonical":"https:\/\/www.slowshop.eu\/fr\/produit\/tasse-en-metal-via-francigena\/","og_locale":"fr_FR","og_type":"article","og_title":"Tasse en m\u00e9tal Via Francigena - Slowshop","og_description":"Tasse officielle Via Francigena en m\u00e9tal, disponible en rouge et en vert : le souvenir parfait de votre chemin, pour revivre chaque jour la magie du voyage.","og_url":"https:\/\/www.slowshop.eu\/fr\/produit\/tasse-en-metal-via-francigena\/","og_site_name":"Slowshop","article_modified_time":"2026-04-30T13:12:37+00:00","og_image":[{"width":600,"height":750,"url":"https:\/\/www.slowshop.eu\/wp-content\/uploads\/2026\/04\/tazza-metallo-via-francigena-rosso.jpg","type":"image\/jpeg"}],"twitter_card":"summary_large_image","twitter_misc":{"Dur\u00e9e de lecture estim\u00e9e":"1 minute"},"schema":{"@context":"https:\/\/schema.org","@graph":[{"@type":"WebPage","@id":"https:\/\/www.slowshop.eu\/fr\/produit\/tasse-en-metal-via-francigena\/","url":"https:\/\/www.slowshop.eu\/fr\/produit\/tasse-en-metal-via-francigena\/","name":"Tasse en m\u00e9tal Via Francigena - Slowshop","isPartOf":{"@id":"https:\/\/www.slowshop.eu\/fr\/#website"},"primaryImageOfPage":{"@id":"https:\/\/www.slowshop.eu\/fr\/produit\/tasse-en-metal-via-francigena\/#primaryimage"},"image":{"@id":"https:\/\/www.slowshop.eu\/fr\/produit\/tasse-en-metal-via-francigena\/#primaryimage"},"thumbnailUrl":"https:\/\/www.slowshop.eu\/wp-content\/uploads\/2026\/04\/tazza-metallo-via-francigena-rosso.jpg","datePublished":"2026-04-30T12:55:35+00:00","dateModified":"2026-04-30T13:12:37+00:00","description":"Tasse officielle Via Francigena en m\u00e9tal, disponible en rouge et en vert : le souvenir parfait de votre chemin, pour revivre chaque jour la magie du voyage.","breadcrumb":{"@id":"https:\/\/www.slowshop.eu\/fr\/produit\/tasse-en-metal-via-francigena\/#breadcrumb"},"inLanguage":"fr-FR","potentialAction":[{"@type":"ReadAction","target":["https:\/\/www.slowshop.eu\/fr\/produit\/tasse-en-metal-via-francigena\/"]}]},{"@type":"ImageObject","inLanguage":"fr-FR","@id":"https:\/\/www.slowshop.eu\/fr\/produit\/tasse-en-metal-via-francigena\/#primaryimage","url":"https:\/\/www.slowshop.eu\/wp-content\/uploads\/2026\/04\/tazza-metallo-via-francigena-rosso.jpg","contentUrl":"https:\/\/www.slowshop.eu\/wp-content\/uploads\/2026\/04\/tazza-metallo-via-francigena-rosso.jpg","width":600,"height":750,"caption":"Tasse en m\u00e9tal Via Francigena rouge"},{"@type":"BreadcrumbList","@id":"https:\/\/www.slowshop.eu\/fr\/produit\/tasse-en-metal-via-francigena\/#breadcrumb","itemListElement":[{"@type":"ListItem","position":1,"name":"Home","item":"https:\/\/www.slowshop.eu\/fr\/"},{"@type":"ListItem","position":2,"name":"Catalogue","item":"https:\/\/www.slowshop.eu\/fr\/catalogue\/"},{"@type":"ListItem","position":3,"name":"Tasse en m\u00e9tal Via Francigena"}]},{"@type":"WebSite","@id":"https:\/\/www.slowshop.eu\/fr\/#website","url":"https:\/\/www.slowshop.eu\/fr\/","name":"SlowShop","description":"Vie Francigene Shop","publisher":{"@id":"https:\/\/www.slowshop.eu\/fr\/#organization"},"potentialAction":[{"@type":"SearchAction","target":{"@type":"EntryPoint","urlTemplate":"https:\/\/www.slowshop.eu\/fr\/?s={search_term_string}"},"query-input":{"@type":"PropertyValueSpecification","valueRequired":true,"valueName":"search_term_string"}}],"inLanguage":"fr-FR"},{"@type":"Organization","@id":"https:\/\/www.slowshop.eu\/fr\/#organization","name":"SlowShop","url":"https:\/\/www.slowshop.eu\/fr\/","logo":{"@type":"ImageObject","inLanguage":"fr-FR","@id":"https:\/\/www.slowshop.eu\/fr\/#\/schema\/logo\/image\/","url":"https:\/\/www.slowshop.eu\/wp-content\/uploads\/2024\/07\/cropped-immagine-1.png","contentUrl":"https:\/\/www.slowshop.eu\/wp-content\/uploads\/2024\/07\/cropped-immagine-1.png","width":512,"height":512,"caption":"SlowShop"},"image":{"@id":"https:\/\/www.slowshop.eu\/fr\/#\/schema\/logo\/image\/"}}]}},"_links":{"self":[{"href":"https:\/\/www.slowshop.eu\/fr\/wp-json\/wp\/v2\/product\/24800","targetHints":{"allow":["GET"]}}],"collection":[{"href":"https:\/\/www.slowshop.eu\/fr\/wp-json\/wp\/v2\/product"}],"about":[{"href":"https:\/\/www.slowshop.eu\/fr\/wp-json\/wp\/v2\/types\/product"}],"wp:featuredmedia":[{"embeddable":true,"href":"https:\/\/www.slowshop.eu\/fr\/wp-json\/wp\/v2\/media\/24790"}],"wp:attachment":[{"href":"https:\/\/www.slowshop.eu\/fr\/wp-json\/wp\/v2\/media?parent=24800"}],"wp:term":[{"taxonomy":"product_brand","embeddable":true,"href":"https:\/\/www.slowshop.eu\/fr\/wp-json\/wp\/v2\/product_brand?post=24800"},{"taxonomy":"product_cat","embeddable":true,"href":"https:\/\/www.slowshop.eu\/fr\/wp-json\/wp\/v2\/product_cat?post=24800"},{"taxonomy":"product_tag","embeddable":true,"href":"https:\/\/www.slowshop.eu\/fr\/wp-json\/wp\/v2\/product_tag?post=24800"}],"curies":[{"name":"wp","href":"https:\/\/api.w.org\/{rel}","templated":true}]}}