{"id":3380,"date":"2021-05-13T13:45:00","date_gmt":"2021-05-13T11:45:00","guid":{"rendered":"https:\/\/www.slowshop.eu\/product\/patch-brode-via-francigena-orange\/"},"modified":"2026-04-03T22:49:43","modified_gmt":"2026-04-03T20:49:43","slug":"patch-brode-via-francigena-orange","status":"publish","type":"product","link":"https:\/\/www.slowshop.eu\/fr\/produit\/patch-brode-via-francigena-orange\/","title":{"rendered":"Patch Brod\u00e9e Via Francigena Orange"},"content":{"rendered":"<h2 data-start=\"88\" data-end=\"129\">Patch Brod\u00e9e Via Francigena Orange<\/h2>\n<p data-start=\"131\" data-end=\"449\">Emportez un souvenir unique de la <strong data-start=\"165\" data-end=\"183\">Via Francigena<\/strong> avec la patch officielle brod\u00e9e, disponible en orange avec des d\u00e9tails noirs. Parfaite pour \u00eatre appliqu\u00e9e sur un sac \u00e0 dos, un chapeau, un sac, une chemise ou un pantalon, cette patch est un accessoire id\u00e9al pour les p\u00e8lerins et les passionn\u00e9s du c\u00e9l\u00e8bre chemin.<\/p>\n<p data-start=\"451\" data-end=\"648\">La patch est disponible en deux formats : carr\u00e9 de 10 x 9 cm ou rond de 10 cm de diam\u00e8tre. R\u00e9alis\u00e9e en tissu floqu\u00e9 orange avec d\u00e9tails brod\u00e9s noirs, elle peut \u00eatre cousue ou repass\u00e9e facilement.<\/p>\n<p data-start=\"650\" data-end=\"740\">Suivez les traces de l\u2019archev\u00eaque Sigeric le long de ce chemin de p\u00e8lerinage historique.<\/p>\n<p data-start=\"742\" data-end=\"1236\">La <strong data-start=\"745\" data-end=\"763\">Via Francigena<\/strong> s\u2019\u00e9tend sur plus de 3 000 km, de Canterbury \u00e0 Rome et jusqu\u2019\u00e0 Santa Maria di Leuca, reliant les cultures et les peuples de l\u2019Europe \u00e0 travers cinq pays. Le parcours traverse le Kent au Royaume-Uni ; les r\u00e9gions Hauts-de-France, Grand Est et Bourgogne-Franche-Comt\u00e9 en France ; les cantons de Vaud et du Valais en Suisse ; et les r\u00e9gions Vall\u00e9e d\u2019Aoste, Pi\u00e9mont, Lombardie, \u00c9milie-Romagne, Ligurie, Toscane, Latium, Campanie, Basilicate, Pouilles et le Vatican en Italie.<\/p>\n<p data-start=\"1238\" data-end=\"1547\">Que ce soit pour un mois complet, une semaine ou seulement quelques jours, la Via Francigena offre un voyage extraordinaire\u2014seul ou en groupe\u2014\u00e0 la d\u00e9couverte de paysages inattendus, d\u2019\u00e9glises m\u00e9di\u00e9vales et de tron\u00e7ons de routes romaines. Explorez certains des villages les plus beaux et \u00e9vocateurs d\u2019Europe.<\/p>\n<p data-start=\"1549\" data-end=\"1834\">Avez-vous d\u00e9j\u00e0 votre <a href=\"https:\/\/www.slowshop.eu\/fr\/produit\/passeport-du-pelerin-via-francigena\/\"><strong data-start=\"1570\" data-end=\"1595\">Cr\u00e9dential du P\u00e8lerin<\/strong><\/a>? Ce document officiel constitue le \u00ab passeport du p\u00e8lerin \u00bb, n\u00e9cessaire pour acc\u00e9der aux h\u00e9bergements le long du parcours et collectionner les tampons \u00e0 chaque \u00e9tape. Achetez-le ici pour compl\u00e9ter votre exp\u00e9rience de la Via Francigena.<\/p>\n<p><strong>Tu as ton credential?<\/strong><br \/>\nLa\u00a0<strong>credential<\/strong> repr\u00e9sente le \u00ab\u00a0passeport du p\u00e8lerin\u00a0\u00bb.\u00a0Il atteste l\u2019identit\u00e9 et les motivations du voyageur, c\u2019est donc un outil indispensable.\u00a0<a href=\"https:\/\/www.slowshop.eu\/fr\/produit\/passeport-du-pelerin-via-francigena\/\">Vous pouvez l\u2019acheter ici<\/a><\/p>\n<h2 data-start=\"1836\" data-end=\"1858\"><strong data-start=\"1836\" data-end=\"1856\">Partez avec nous<\/strong><\/h2>\n<p>Maintenant, il vous suffit de r\u00e9server votre voyage le long de la Via Francigena.\u00a0Si vous r\u00e9servez sur notre site, vous recevrez la documentation compl\u00e8te pour votre voyage, nous vous fournirons une assistance 24h et r\u00e9serverons des installations de r\u00eave pour vos s\u00e9jours afin que vos vacances se r\u00e9v\u00e8lent une exp\u00e9rience inoubliable.\u00a0Pour nous contacter, \u00e9crivez un mail \u00e0 <a href=\"mailto:info@sloways.eu\">info@sloways.eu<\/a> ou visitez la page <a href=\"https:\/\/www.sloways.eu\/\">contacts<\/a> sur notre site web.<\/p>\n","protected":false},"excerpt":{"rendered":"<p>Emportez un symbole de la Via Francigena avec cette patch brod\u00e9e officielle orange avec d\u00e9tails noirs. Disponible en format carr\u00e9 (10 x 9 cm) ou rond (diam\u00e8tre 10 cm), elle peut \u00eatre cousue sur des sacs \u00e0 dos, sacs, chapeaux, pantalons ou vestes.<br \/>\nR\u00e9alis\u00e9e en tissu floqu\u00e9 r\u00e9sistant, elle constitue un souvenir id\u00e9al pour les p\u00e8lerins et les passionn\u00e9s du chemin, parfaite pour afficher fi\u00e8rement votre parcours le long des anciennes routes europ\u00e9ennes.<\/p>\n","protected":false},"featured_media":5547,"template":"","meta":{"_monsterinsights_skip_tracking":false,"_monsterinsights_sitenote_active":false,"_monsterinsights_sitenote_note":"","_monsterinsights_sitenote_category":0},"product_brand":[303],"product_cat":[107,108],"product_tag":[321,120],"class_list":{"0":"post-3380","1":"product","2":"type-product","3":"status-publish","4":"has-post-thumbnail","6":"product_brand-associazione-vie-francigene","7":"product_cat-gadget-fr","8":"product_cat-via-francigena-fr","9":"product_tag-toppa","10":"product_tag-via-francigena-fr","11":"tm-no-options","13":"first","14":"instock","15":"taxable","16":"shipping-taxable","17":"purchasable","18":"product-type-variable"},"bundle_layout":"","bundle_add_to_cart_form_location":"","bundle_editable_in_cart":false,"bundle_sold_individually_context":"","bundle_item_grouping":"","bundle_min_size":"","bundle_max_size":"","bundled_by":[],"bundled_items":[],"yoast_head":"<!-- This site is optimized with the Yoast SEO plugin v26.2 - https:\/\/yoast.com\/wordpress\/plugins\/seo\/ -->\n<title>Patch Brod\u00e9e Via Francigena Orange - Slowshop<\/title>\n<meta name=\"description\" content=\"Achetez la patch brod\u00e9e Via Francigena Orange. La patch est r\u00e9alis\u00e9e en tissu floqu\u00e9 orange avec des broderies noires. Choisissez la forme: carr\u00e9 ou rond.\" \/>\n<meta name=\"robots\" content=\"index, follow, max-snippet:-1, max-image-preview:large, max-video-preview:-1\" \/>\n<link rel=\"canonical\" href=\"https:\/\/www.slowshop.eu\/fr\/produit\/patch-brode-via-francigena-orange\/\" \/>\n<meta property=\"og:locale\" content=\"fr_FR\" \/>\n<meta property=\"og:type\" content=\"article\" \/>\n<meta property=\"og:title\" content=\"Patch Brod\u00e9e Via Francigena Orange - Slowshop\" \/>\n<meta property=\"og:description\" content=\"Achetez la patch brod\u00e9e Via Francigena Orange. La patch est r\u00e9alis\u00e9e en tissu floqu\u00e9 orange avec des broderies noires. Choisissez la forme: carr\u00e9 ou rond.\" \/>\n<meta property=\"og:url\" content=\"https:\/\/www.slowshop.eu\/fr\/produit\/patch-brode-via-francigena-orange\/\" \/>\n<meta property=\"og:site_name\" content=\"Slowshop\" \/>\n<meta property=\"article:modified_time\" content=\"2026-04-03T20:49:43+00:00\" \/>\n<meta property=\"og:image\" content=\"https:\/\/www.slowshop.eu\/wp-content\/uploads\/2021\/05\/Toppe-VIA-FRANCIGENA-2.png\" \/>\n\t<meta property=\"og:image:width\" content=\"600\" \/>\n\t<meta property=\"og:image:height\" content=\"750\" \/>\n\t<meta property=\"og:image:type\" content=\"image\/png\" \/>\n<meta name=\"twitter:card\" content=\"summary_large_image\" \/>\n<meta name=\"twitter:label1\" content=\"Dur\u00e9e de lecture estim\u00e9e\" \/>\n\t<meta name=\"twitter:data1\" content=\"2 minutes\" \/>\n<script type=\"application\/ld+json\" class=\"yoast-schema-graph\">{\"@context\":\"https:\/\/schema.org\",\"@graph\":[{\"@type\":\"WebPage\",\"@id\":\"https:\/\/www.slowshop.eu\/fr\/produit\/patch-brode-via-francigena-orange\/\",\"url\":\"https:\/\/www.slowshop.eu\/fr\/produit\/patch-brode-via-francigena-orange\/\",\"name\":\"Patch Brod\u00e9e Via Francigena Orange - Slowshop\",\"isPartOf\":{\"@id\":\"https:\/\/www.slowshop.eu\/fr\/#website\"},\"primaryImageOfPage\":{\"@id\":\"https:\/\/www.slowshop.eu\/fr\/produit\/patch-brode-via-francigena-orange\/#primaryimage\"},\"image\":{\"@id\":\"https:\/\/www.slowshop.eu\/fr\/produit\/patch-brode-via-francigena-orange\/#primaryimage\"},\"thumbnailUrl\":\"https:\/\/www.slowshop.eu\/wp-content\/uploads\/2021\/05\/Toppe-VIA-FRANCIGENA-2.png\",\"datePublished\":\"2021-05-13T11:45:00+00:00\",\"dateModified\":\"2026-04-03T20:49:43+00:00\",\"description\":\"Achetez la patch brod\u00e9e Via Francigena Orange. La patch est r\u00e9alis\u00e9e en tissu floqu\u00e9 orange avec des broderies noires. Choisissez la forme: carr\u00e9 ou rond.\",\"breadcrumb\":{\"@id\":\"https:\/\/www.slowshop.eu\/fr\/produit\/patch-brode-via-francigena-orange\/#breadcrumb\"},\"inLanguage\":\"fr-FR\",\"potentialAction\":[{\"@type\":\"ReadAction\",\"target\":[\"https:\/\/www.slowshop.eu\/fr\/produit\/patch-brode-via-francigena-orange\/\"]}]},{\"@type\":\"ImageObject\",\"inLanguage\":\"fr-FR\",\"@id\":\"https:\/\/www.slowshop.eu\/fr\/produit\/patch-brode-via-francigena-orange\/#primaryimage\",\"url\":\"https:\/\/www.slowshop.eu\/wp-content\/uploads\/2021\/05\/Toppe-VIA-FRANCIGENA-2.png\",\"contentUrl\":\"https:\/\/www.slowshop.eu\/wp-content\/uploads\/2021\/05\/Toppe-VIA-FRANCIGENA-2.png\",\"width\":600,\"height\":750,\"caption\":\"Toppa ricamata Via Francigena Arancione\"},{\"@type\":\"BreadcrumbList\",\"@id\":\"https:\/\/www.slowshop.eu\/fr\/produit\/patch-brode-via-francigena-orange\/#breadcrumb\",\"itemListElement\":[{\"@type\":\"ListItem\",\"position\":1,\"name\":\"Home\",\"item\":\"https:\/\/www.slowshop.eu\/fr\/\"},{\"@type\":\"ListItem\",\"position\":2,\"name\":\"Catalogue\",\"item\":\"https:\/\/www.slowshop.eu\/fr\/catalogue\/\"},{\"@type\":\"ListItem\",\"position\":3,\"name\":\"Patch Brod\u00e9e Via Francigena Orange\"}]},{\"@type\":\"WebSite\",\"@id\":\"https:\/\/www.slowshop.eu\/fr\/#website\",\"url\":\"https:\/\/www.slowshop.eu\/fr\/\",\"name\":\"SlowShop\",\"description\":\"Vie Francigene Shop\",\"publisher\":{\"@id\":\"https:\/\/www.slowshop.eu\/fr\/#organization\"},\"potentialAction\":[{\"@type\":\"SearchAction\",\"target\":{\"@type\":\"EntryPoint\",\"urlTemplate\":\"https:\/\/www.slowshop.eu\/fr\/?s={search_term_string}\"},\"query-input\":{\"@type\":\"PropertyValueSpecification\",\"valueRequired\":true,\"valueName\":\"search_term_string\"}}],\"inLanguage\":\"fr-FR\"},{\"@type\":\"Organization\",\"@id\":\"https:\/\/www.slowshop.eu\/fr\/#organization\",\"name\":\"SlowShop\",\"url\":\"https:\/\/www.slowshop.eu\/fr\/\",\"logo\":{\"@type\":\"ImageObject\",\"inLanguage\":\"fr-FR\",\"@id\":\"https:\/\/www.slowshop.eu\/fr\/#\/schema\/logo\/image\/\",\"url\":\"https:\/\/www.slowshop.eu\/wp-content\/uploads\/2024\/07\/cropped-immagine-1.png\",\"contentUrl\":\"https:\/\/www.slowshop.eu\/wp-content\/uploads\/2024\/07\/cropped-immagine-1.png\",\"width\":512,\"height\":512,\"caption\":\"SlowShop\"},\"image\":{\"@id\":\"https:\/\/www.slowshop.eu\/fr\/#\/schema\/logo\/image\/\"}}]}<\/script>\n<!-- \/ Yoast SEO plugin. -->","yoast_head_json":{"title":"Patch Brod\u00e9e Via Francigena Orange - Slowshop","description":"Achetez la patch brod\u00e9e Via Francigena Orange. La patch est r\u00e9alis\u00e9e en tissu floqu\u00e9 orange avec des broderies noires. Choisissez la forme: carr\u00e9 ou rond.","robots":{"index":"index","follow":"follow","max-snippet":"max-snippet:-1","max-image-preview":"max-image-preview:large","max-video-preview":"max-video-preview:-1"},"canonical":"https:\/\/www.slowshop.eu\/fr\/produit\/patch-brode-via-francigena-orange\/","og_locale":"fr_FR","og_type":"article","og_title":"Patch Brod\u00e9e Via Francigena Orange - Slowshop","og_description":"Achetez la patch brod\u00e9e Via Francigena Orange. La patch est r\u00e9alis\u00e9e en tissu floqu\u00e9 orange avec des broderies noires. Choisissez la forme: carr\u00e9 ou rond.","og_url":"https:\/\/www.slowshop.eu\/fr\/produit\/patch-brode-via-francigena-orange\/","og_site_name":"Slowshop","article_modified_time":"2026-04-03T20:49:43+00:00","og_image":[{"width":600,"height":750,"url":"https:\/\/www.slowshop.eu\/wp-content\/uploads\/2021\/05\/Toppe-VIA-FRANCIGENA-2.png","type":"image\/png"}],"twitter_card":"summary_large_image","twitter_misc":{"Dur\u00e9e de lecture estim\u00e9e":"2 minutes"},"schema":{"@context":"https:\/\/schema.org","@graph":[{"@type":"WebPage","@id":"https:\/\/www.slowshop.eu\/fr\/produit\/patch-brode-via-francigena-orange\/","url":"https:\/\/www.slowshop.eu\/fr\/produit\/patch-brode-via-francigena-orange\/","name":"Patch Brod\u00e9e Via Francigena Orange - Slowshop","isPartOf":{"@id":"https:\/\/www.slowshop.eu\/fr\/#website"},"primaryImageOfPage":{"@id":"https:\/\/www.slowshop.eu\/fr\/produit\/patch-brode-via-francigena-orange\/#primaryimage"},"image":{"@id":"https:\/\/www.slowshop.eu\/fr\/produit\/patch-brode-via-francigena-orange\/#primaryimage"},"thumbnailUrl":"https:\/\/www.slowshop.eu\/wp-content\/uploads\/2021\/05\/Toppe-VIA-FRANCIGENA-2.png","datePublished":"2021-05-13T11:45:00+00:00","dateModified":"2026-04-03T20:49:43+00:00","description":"Achetez la patch brod\u00e9e Via Francigena Orange. La patch est r\u00e9alis\u00e9e en tissu floqu\u00e9 orange avec des broderies noires. Choisissez la forme: carr\u00e9 ou rond.","breadcrumb":{"@id":"https:\/\/www.slowshop.eu\/fr\/produit\/patch-brode-via-francigena-orange\/#breadcrumb"},"inLanguage":"fr-FR","potentialAction":[{"@type":"ReadAction","target":["https:\/\/www.slowshop.eu\/fr\/produit\/patch-brode-via-francigena-orange\/"]}]},{"@type":"ImageObject","inLanguage":"fr-FR","@id":"https:\/\/www.slowshop.eu\/fr\/produit\/patch-brode-via-francigena-orange\/#primaryimage","url":"https:\/\/www.slowshop.eu\/wp-content\/uploads\/2021\/05\/Toppe-VIA-FRANCIGENA-2.png","contentUrl":"https:\/\/www.slowshop.eu\/wp-content\/uploads\/2021\/05\/Toppe-VIA-FRANCIGENA-2.png","width":600,"height":750,"caption":"Toppa ricamata Via Francigena Arancione"},{"@type":"BreadcrumbList","@id":"https:\/\/www.slowshop.eu\/fr\/produit\/patch-brode-via-francigena-orange\/#breadcrumb","itemListElement":[{"@type":"ListItem","position":1,"name":"Home","item":"https:\/\/www.slowshop.eu\/fr\/"},{"@type":"ListItem","position":2,"name":"Catalogue","item":"https:\/\/www.slowshop.eu\/fr\/catalogue\/"},{"@type":"ListItem","position":3,"name":"Patch Brod\u00e9e Via Francigena Orange"}]},{"@type":"WebSite","@id":"https:\/\/www.slowshop.eu\/fr\/#website","url":"https:\/\/www.slowshop.eu\/fr\/","name":"SlowShop","description":"Vie Francigene Shop","publisher":{"@id":"https:\/\/www.slowshop.eu\/fr\/#organization"},"potentialAction":[{"@type":"SearchAction","target":{"@type":"EntryPoint","urlTemplate":"https:\/\/www.slowshop.eu\/fr\/?s={search_term_string}"},"query-input":{"@type":"PropertyValueSpecification","valueRequired":true,"valueName":"search_term_string"}}],"inLanguage":"fr-FR"},{"@type":"Organization","@id":"https:\/\/www.slowshop.eu\/fr\/#organization","name":"SlowShop","url":"https:\/\/www.slowshop.eu\/fr\/","logo":{"@type":"ImageObject","inLanguage":"fr-FR","@id":"https:\/\/www.slowshop.eu\/fr\/#\/schema\/logo\/image\/","url":"https:\/\/www.slowshop.eu\/wp-content\/uploads\/2024\/07\/cropped-immagine-1.png","contentUrl":"https:\/\/www.slowshop.eu\/wp-content\/uploads\/2024\/07\/cropped-immagine-1.png","width":512,"height":512,"caption":"SlowShop"},"image":{"@id":"https:\/\/www.slowshop.eu\/fr\/#\/schema\/logo\/image\/"}}]}},"_links":{"self":[{"href":"https:\/\/www.slowshop.eu\/fr\/wp-json\/wp\/v2\/product\/3380","targetHints":{"allow":["GET"]}}],"collection":[{"href":"https:\/\/www.slowshop.eu\/fr\/wp-json\/wp\/v2\/product"}],"about":[{"href":"https:\/\/www.slowshop.eu\/fr\/wp-json\/wp\/v2\/types\/product"}],"wp:featuredmedia":[{"embeddable":true,"href":"https:\/\/www.slowshop.eu\/fr\/wp-json\/wp\/v2\/media\/5547"}],"wp:attachment":[{"href":"https:\/\/www.slowshop.eu\/fr\/wp-json\/wp\/v2\/media?parent=3380"}],"wp:term":[{"taxonomy":"product_brand","embeddable":true,"href":"https:\/\/www.slowshop.eu\/fr\/wp-json\/wp\/v2\/product_brand?post=3380"},{"taxonomy":"product_cat","embeddable":true,"href":"https:\/\/www.slowshop.eu\/fr\/wp-json\/wp\/v2\/product_cat?post=3380"},{"taxonomy":"product_tag","embeddable":true,"href":"https:\/\/www.slowshop.eu\/fr\/wp-json\/wp\/v2\/product_tag?post=3380"}],"curies":[{"name":"wp","href":"https:\/\/api.w.org\/{rel}","templated":true}]}}