{"id":3946,"date":"2021-07-01T15:01:05","date_gmt":"2021-07-01T13:01:05","guid":{"rendered":"https:\/\/www.slowshop.eu\/product\/kit-cammino-di-san-jacopo-accreditation-et-guide-officiel-en-italien\/"},"modified":"2021-07-01T15:01:05","modified_gmt":"2021-07-01T13:01:05","slug":"kit-cammino-di-san-jacopo-accreditation-et-guide-officiel-en-italien","status":"publish","type":"product","link":"https:\/\/www.slowshop.eu\/fr\/produit\/kit-cammino-di-san-jacopo-accreditation-et-guide-officiel-en-italien\/","title":{"rendered":"Kit Cammino di San Jacopo : Accr\u00e9ditation et guide officiel en italien"},"content":{"rendered":"<h3>Kit Cammino di San Jacopo : Accr\u00e9ditation et guide officiel en italien<\/h3>\n<p>Le Kit Cammino di San Jacopo: Credential and Official Guide en italien contient le guide officiel en italien et les informations d&rsquo;identification du Cammino di San Jacopo avec des espaces pour les timbres et des informations essentielles pour le voyage.<\/p>\n","protected":false},"excerpt":{"rendered":"<p>Le Kit Cammino di San Jacopo: Credential and Official Guide en italien contient le guide officiel en italien et les informations d&rsquo;identification du Cammino di San Jacopo avec des espaces pour les timbres et des informations essentielles pour le voyage.<\/p>\n","protected":false},"featured_media":5071,"template":"","meta":{"_monsterinsights_skip_tracking":false,"_monsterinsights_sitenote_active":false,"_monsterinsights_sitenote_note":"","_monsterinsights_sitenote_category":0},"product_brand":[],"product_cat":[103],"product_tag":[],"class_list":{"0":"post-3946","1":"product","2":"type-product","3":"status-publish","4":"has-post-thumbnail","6":"product_cat-guides-et-passeport-pelerin","7":"tm-no-options","9":"first","10":"instock","11":"virtual","12":"taxable","13":"purchasable","14":"product-type-bundle"},"bundle_layout":"default","bundle_add_to_cart_form_location":"default","bundle_editable_in_cart":false,"bundle_sold_individually_context":"product","bundle_item_grouping":"parent","bundle_min_size":"","bundle_max_size":"","bundled_by":[],"bundled_items":[{"bundled_item_id":110,"product_id":3947,"menu_order":1,"quantity_min":1,"quantity_max":1,"quantity_default":1,"priced_individually":false,"shipped_individually":false,"override_title":false,"title":"Passeport du chemin de p\u00e8lerinage de San Jacopo","override_description":false,"description":"Passeport du chemin de p\u00e8lerinage de San Jacopo","optional":false,"hide_thumbnail":false,"discount":"","override_variations":false,"allowed_variations":[""],"override_default_variation_attributes":false,"default_variation_attributes":[],"single_product_visibility":"visible","cart_visibility":"visible","order_visibility":"visible","single_product_price_visibility":"visible","cart_price_visibility":"visible","order_price_visibility":"visible","stock_status":"in_stock"}],"yoast_head":"<!-- This site is optimized with the Yoast SEO plugin v26.2 - https:\/\/yoast.com\/wordpress\/plugins\/seo\/ -->\n<title>Kit Cammino di San Jacopo : Accr\u00e9ditation et guide officiel en italien - Slowshop<\/title>\n<meta name=\"description\" content=\"Achetez le Kit Cammino di San Jacopo : Accr\u00e9ditation et guide officiel en italien et partez pour une aventure unique le long du chemin jacob\u00e9en.\" \/>\n<meta name=\"robots\" content=\"index, follow, max-snippet:-1, max-image-preview:large, max-video-preview:-1\" \/>\n<link rel=\"canonical\" href=\"https:\/\/www.slowshop.eu\/fr\/produit\/kit-cammino-di-san-jacopo-accreditation-et-guide-officiel-en-italien\/\" \/>\n<meta property=\"og:locale\" content=\"fr_FR\" \/>\n<meta property=\"og:type\" content=\"article\" \/>\n<meta property=\"og:title\" content=\"Kit Cammino di San Jacopo : Accr\u00e9ditation et guide officiel en italien - Slowshop\" \/>\n<meta property=\"og:description\" content=\"Achetez le Kit Cammino di San Jacopo : Accr\u00e9ditation et guide officiel en italien et partez pour une aventure unique le long du chemin jacob\u00e9en.\" \/>\n<meta property=\"og:url\" content=\"https:\/\/www.slowshop.eu\/fr\/produit\/kit-cammino-di-san-jacopo-accreditation-et-guide-officiel-en-italien\/\" \/>\n<meta property=\"og:site_name\" content=\"Slowshop\" \/>\n<meta property=\"og:image\" content=\"https:\/\/www.slowshop.eu\/wp-content\/uploads\/2021\/07\/Guida-e-Credenziale-1.png\" \/>\n\t<meta property=\"og:image:width\" content=\"600\" \/>\n\t<meta property=\"og:image:height\" content=\"750\" \/>\n\t<meta property=\"og:image:type\" content=\"image\/png\" \/>\n<meta name=\"twitter:card\" content=\"summary_large_image\" \/>\n<script type=\"application\/ld+json\" class=\"yoast-schema-graph\">{\"@context\":\"https:\/\/schema.org\",\"@graph\":[{\"@type\":\"WebPage\",\"@id\":\"https:\/\/www.slowshop.eu\/fr\/produit\/kit-cammino-di-san-jacopo-accreditation-et-guide-officiel-en-italien\/\",\"url\":\"https:\/\/www.slowshop.eu\/fr\/produit\/kit-cammino-di-san-jacopo-accreditation-et-guide-officiel-en-italien\/\",\"name\":\"Kit Cammino di San Jacopo : Accr\u00e9ditation et guide officiel en italien - Slowshop\",\"isPartOf\":{\"@id\":\"https:\/\/www.slowshop.eu\/fr\/#website\"},\"primaryImageOfPage\":{\"@id\":\"https:\/\/www.slowshop.eu\/fr\/produit\/kit-cammino-di-san-jacopo-accreditation-et-guide-officiel-en-italien\/#primaryimage\"},\"image\":{\"@id\":\"https:\/\/www.slowshop.eu\/fr\/produit\/kit-cammino-di-san-jacopo-accreditation-et-guide-officiel-en-italien\/#primaryimage\"},\"thumbnailUrl\":\"https:\/\/www.slowshop.eu\/wp-content\/uploads\/2021\/07\/Guida-e-Credenziale-1.png\",\"datePublished\":\"2021-07-01T13:01:05+00:00\",\"description\":\"Achetez le Kit Cammino di San Jacopo : Accr\u00e9ditation et guide officiel en italien et partez pour une aventure unique le long du chemin jacob\u00e9en.\",\"breadcrumb\":{\"@id\":\"https:\/\/www.slowshop.eu\/fr\/produit\/kit-cammino-di-san-jacopo-accreditation-et-guide-officiel-en-italien\/#breadcrumb\"},\"inLanguage\":\"fr-FR\",\"potentialAction\":[{\"@type\":\"ReadAction\",\"target\":[\"https:\/\/www.slowshop.eu\/fr\/produit\/kit-cammino-di-san-jacopo-accreditation-et-guide-officiel-en-italien\/\"]}]},{\"@type\":\"ImageObject\",\"inLanguage\":\"fr-FR\",\"@id\":\"https:\/\/www.slowshop.eu\/fr\/produit\/kit-cammino-di-san-jacopo-accreditation-et-guide-officiel-en-italien\/#primaryimage\",\"url\":\"https:\/\/www.slowshop.eu\/wp-content\/uploads\/2021\/07\/Guida-e-Credenziale-1.png\",\"contentUrl\":\"https:\/\/www.slowshop.eu\/wp-content\/uploads\/2021\/07\/Guida-e-Credenziale-1.png\",\"width\":600,\"height\":750},{\"@type\":\"BreadcrumbList\",\"@id\":\"https:\/\/www.slowshop.eu\/fr\/produit\/kit-cammino-di-san-jacopo-accreditation-et-guide-officiel-en-italien\/#breadcrumb\",\"itemListElement\":[{\"@type\":\"ListItem\",\"position\":1,\"name\":\"Home\",\"item\":\"https:\/\/www.slowshop.eu\/fr\/\"},{\"@type\":\"ListItem\",\"position\":2,\"name\":\"Catalogue\",\"item\":\"https:\/\/www.slowshop.eu\/fr\/catalogue\/\"},{\"@type\":\"ListItem\",\"position\":3,\"name\":\"Kit Cammino di San Jacopo : Accr\u00e9ditation et guide officiel en italien\"}]},{\"@type\":\"WebSite\",\"@id\":\"https:\/\/www.slowshop.eu\/fr\/#website\",\"url\":\"https:\/\/www.slowshop.eu\/fr\/\",\"name\":\"SlowShop\",\"description\":\"Vie Francigene Shop\",\"publisher\":{\"@id\":\"https:\/\/www.slowshop.eu\/fr\/#organization\"},\"potentialAction\":[{\"@type\":\"SearchAction\",\"target\":{\"@type\":\"EntryPoint\",\"urlTemplate\":\"https:\/\/www.slowshop.eu\/fr\/?s={search_term_string}\"},\"query-input\":{\"@type\":\"PropertyValueSpecification\",\"valueRequired\":true,\"valueName\":\"search_term_string\"}}],\"inLanguage\":\"fr-FR\"},{\"@type\":\"Organization\",\"@id\":\"https:\/\/www.slowshop.eu\/fr\/#organization\",\"name\":\"SlowShop\",\"url\":\"https:\/\/www.slowshop.eu\/fr\/\",\"logo\":{\"@type\":\"ImageObject\",\"inLanguage\":\"fr-FR\",\"@id\":\"https:\/\/www.slowshop.eu\/fr\/#\/schema\/logo\/image\/\",\"url\":\"https:\/\/www.slowshop.eu\/wp-content\/uploads\/2024\/07\/cropped-immagine-1.png\",\"contentUrl\":\"https:\/\/www.slowshop.eu\/wp-content\/uploads\/2024\/07\/cropped-immagine-1.png\",\"width\":512,\"height\":512,\"caption\":\"SlowShop\"},\"image\":{\"@id\":\"https:\/\/www.slowshop.eu\/fr\/#\/schema\/logo\/image\/\"}}]}<\/script>\n<!-- \/ Yoast SEO plugin. -->","yoast_head_json":{"title":"Kit Cammino di San Jacopo : Accr\u00e9ditation et guide officiel en italien - Slowshop","description":"Achetez le Kit Cammino di San Jacopo : Accr\u00e9ditation et guide officiel en italien et partez pour une aventure unique le long du chemin jacob\u00e9en.","robots":{"index":"index","follow":"follow","max-snippet":"max-snippet:-1","max-image-preview":"max-image-preview:large","max-video-preview":"max-video-preview:-1"},"canonical":"https:\/\/www.slowshop.eu\/fr\/produit\/kit-cammino-di-san-jacopo-accreditation-et-guide-officiel-en-italien\/","og_locale":"fr_FR","og_type":"article","og_title":"Kit Cammino di San Jacopo : Accr\u00e9ditation et guide officiel en italien - Slowshop","og_description":"Achetez le Kit Cammino di San Jacopo : Accr\u00e9ditation et guide officiel en italien et partez pour une aventure unique le long du chemin jacob\u00e9en.","og_url":"https:\/\/www.slowshop.eu\/fr\/produit\/kit-cammino-di-san-jacopo-accreditation-et-guide-officiel-en-italien\/","og_site_name":"Slowshop","og_image":[{"width":600,"height":750,"url":"https:\/\/www.slowshop.eu\/wp-content\/uploads\/2021\/07\/Guida-e-Credenziale-1.png","type":"image\/png"}],"twitter_card":"summary_large_image","schema":{"@context":"https:\/\/schema.org","@graph":[{"@type":"WebPage","@id":"https:\/\/www.slowshop.eu\/fr\/produit\/kit-cammino-di-san-jacopo-accreditation-et-guide-officiel-en-italien\/","url":"https:\/\/www.slowshop.eu\/fr\/produit\/kit-cammino-di-san-jacopo-accreditation-et-guide-officiel-en-italien\/","name":"Kit Cammino di San Jacopo : Accr\u00e9ditation et guide officiel en italien - Slowshop","isPartOf":{"@id":"https:\/\/www.slowshop.eu\/fr\/#website"},"primaryImageOfPage":{"@id":"https:\/\/www.slowshop.eu\/fr\/produit\/kit-cammino-di-san-jacopo-accreditation-et-guide-officiel-en-italien\/#primaryimage"},"image":{"@id":"https:\/\/www.slowshop.eu\/fr\/produit\/kit-cammino-di-san-jacopo-accreditation-et-guide-officiel-en-italien\/#primaryimage"},"thumbnailUrl":"https:\/\/www.slowshop.eu\/wp-content\/uploads\/2021\/07\/Guida-e-Credenziale-1.png","datePublished":"2021-07-01T13:01:05+00:00","description":"Achetez le Kit Cammino di San Jacopo : Accr\u00e9ditation et guide officiel en italien et partez pour une aventure unique le long du chemin jacob\u00e9en.","breadcrumb":{"@id":"https:\/\/www.slowshop.eu\/fr\/produit\/kit-cammino-di-san-jacopo-accreditation-et-guide-officiel-en-italien\/#breadcrumb"},"inLanguage":"fr-FR","potentialAction":[{"@type":"ReadAction","target":["https:\/\/www.slowshop.eu\/fr\/produit\/kit-cammino-di-san-jacopo-accreditation-et-guide-officiel-en-italien\/"]}]},{"@type":"ImageObject","inLanguage":"fr-FR","@id":"https:\/\/www.slowshop.eu\/fr\/produit\/kit-cammino-di-san-jacopo-accreditation-et-guide-officiel-en-italien\/#primaryimage","url":"https:\/\/www.slowshop.eu\/wp-content\/uploads\/2021\/07\/Guida-e-Credenziale-1.png","contentUrl":"https:\/\/www.slowshop.eu\/wp-content\/uploads\/2021\/07\/Guida-e-Credenziale-1.png","width":600,"height":750},{"@type":"BreadcrumbList","@id":"https:\/\/www.slowshop.eu\/fr\/produit\/kit-cammino-di-san-jacopo-accreditation-et-guide-officiel-en-italien\/#breadcrumb","itemListElement":[{"@type":"ListItem","position":1,"name":"Home","item":"https:\/\/www.slowshop.eu\/fr\/"},{"@type":"ListItem","position":2,"name":"Catalogue","item":"https:\/\/www.slowshop.eu\/fr\/catalogue\/"},{"@type":"ListItem","position":3,"name":"Kit Cammino di San Jacopo : Accr\u00e9ditation et guide officiel en italien"}]},{"@type":"WebSite","@id":"https:\/\/www.slowshop.eu\/fr\/#website","url":"https:\/\/www.slowshop.eu\/fr\/","name":"SlowShop","description":"Vie Francigene Shop","publisher":{"@id":"https:\/\/www.slowshop.eu\/fr\/#organization"},"potentialAction":[{"@type":"SearchAction","target":{"@type":"EntryPoint","urlTemplate":"https:\/\/www.slowshop.eu\/fr\/?s={search_term_string}"},"query-input":{"@type":"PropertyValueSpecification","valueRequired":true,"valueName":"search_term_string"}}],"inLanguage":"fr-FR"},{"@type":"Organization","@id":"https:\/\/www.slowshop.eu\/fr\/#organization","name":"SlowShop","url":"https:\/\/www.slowshop.eu\/fr\/","logo":{"@type":"ImageObject","inLanguage":"fr-FR","@id":"https:\/\/www.slowshop.eu\/fr\/#\/schema\/logo\/image\/","url":"https:\/\/www.slowshop.eu\/wp-content\/uploads\/2024\/07\/cropped-immagine-1.png","contentUrl":"https:\/\/www.slowshop.eu\/wp-content\/uploads\/2024\/07\/cropped-immagine-1.png","width":512,"height":512,"caption":"SlowShop"},"image":{"@id":"https:\/\/www.slowshop.eu\/fr\/#\/schema\/logo\/image\/"}}]}},"_links":{"self":[{"href":"https:\/\/www.slowshop.eu\/fr\/wp-json\/wp\/v2\/product\/3946","targetHints":{"allow":["GET"]}}],"collection":[{"href":"https:\/\/www.slowshop.eu\/fr\/wp-json\/wp\/v2\/product"}],"about":[{"href":"https:\/\/www.slowshop.eu\/fr\/wp-json\/wp\/v2\/types\/product"}],"wp:featuredmedia":[{"embeddable":true,"href":"https:\/\/www.slowshop.eu\/fr\/wp-json\/wp\/v2\/media\/5071"}],"wp:attachment":[{"href":"https:\/\/www.slowshop.eu\/fr\/wp-json\/wp\/v2\/media?parent=3946"}],"wp:term":[{"taxonomy":"product_brand","embeddable":true,"href":"https:\/\/www.slowshop.eu\/fr\/wp-json\/wp\/v2\/product_brand?post=3946"},{"taxonomy":"product_cat","embeddable":true,"href":"https:\/\/www.slowshop.eu\/fr\/wp-json\/wp\/v2\/product_cat?post=3946"},{"taxonomy":"product_tag","embeddable":true,"href":"https:\/\/www.slowshop.eu\/fr\/wp-json\/wp\/v2\/product_tag?post=3946"}],"curies":[{"name":"wp","href":"https:\/\/api.w.org\/{rel}","templated":true}]}}