{"id":3947,"date":"2021-07-01T14:51:25","date_gmt":"2021-07-01T12:51:25","guid":{"rendered":"https:\/\/www.slowshop.eu\/product\/titre-du-chemin-de-san-jacopo\/"},"modified":"2025-08-31T15:20:53","modified_gmt":"2025-08-31T13:20:53","slug":"titre-du-chemin-de-san-jacopo","status":"publish","type":"product","link":"https:\/\/www.slowshop.eu\/fr\/produit\/titre-du-chemin-de-san-jacopo\/","title":{"rendered":"Passeport du chemin de p\u00e8lerinage de San Jacopo"},"content":{"rendered":"<h3>Passeport du chemin de p\u00e8lerinage de San Jacopo<\/h3>\n<p>Le Credential Way de San Jacopo repr\u00e9sente un v\u00e9ritable \u00ab\u00a0passeport de p\u00e8lerin\u00a0\u00bb.<br \/>\nIl certifie l&rsquo;identit\u00e9 et les motivations du voyageur, c&rsquo;est un outil indispensable. Le p\u00e8lerin doit avoir la pi\u00e8ce d&rsquo;identit\u00e9 avec lui pour \u00eatre identifi\u00e9 comme tel.<br \/>\nLe Chemin de San Jacopo en Toscane est un chemin historique et d\u00e9votionnel de plus de cent kilom\u00e8tres \u00e0 parcourir \u00e0 pied au c\u0153ur de la nature toscane. Un petit \u00ab\u00a0Camino de Santiago\u00a0\u00bb entre Florence et Lucca, un tr\u00e9sor \u00e0 d\u00e9couvrir sur le chemin qui contient une concentration exceptionnelle d&rsquo;art, d&rsquo;histoire et de nature \u00e0 conqu\u00e9rir \u00e0 pied : lieux de foi et anciennes abbayes, villas et ch\u00e2teaux, bois et campagne, villages villes m\u00e9di\u00e9vales et villes d&rsquo;art.<br \/>\nLe justificatif contient des cases de tamponnage, suffisantes pour la dur\u00e9e du voyage.<\/p>\n","protected":false},"excerpt":{"rendered":"<p>Le Credential Way de San Jacopo repr\u00e9sente un v\u00e9ritable \u00ab\u00a0passeport de p\u00e8lerin\u00a0\u00bb.<br \/>\nIl certifie l&rsquo;identit\u00e9 et les motivations du voyageur, c&rsquo;est un outil indispensable. Le p\u00e8lerin doit avoir la pi\u00e8ce d&rsquo;identit\u00e9 avec lui pour \u00eatre identifi\u00e9 comme tel.<\/p>\n","protected":false},"featured_media":3631,"template":"","meta":{"_monsterinsights_skip_tracking":false,"_monsterinsights_sitenote_active":false,"_monsterinsights_sitenote_note":"","_monsterinsights_sitenote_category":0},"product_brand":[],"product_cat":[144,103],"product_tag":[],"class_list":{"0":"post-3947","1":"product","2":"type-product","3":"status-publish","4":"has-post-thumbnail","6":"product_cat-cammino-di-santiago-fr","7":"product_cat-guides-et-passeport-pelerin","8":"product_shipping_class-documenti-fr","9":"tm-no-options","11":"first","12":"instock","13":"purchasable","14":"product-type-simple"},"bundle_layout":"","bundle_add_to_cart_form_location":"","bundle_editable_in_cart":false,"bundle_sold_individually_context":"","bundle_item_grouping":"","bundle_min_size":"","bundle_max_size":"","bundled_by":["3946"],"bundled_items":[],"yoast_head":"<!-- This site is optimized with the Yoast SEO plugin v26.2 - https:\/\/yoast.com\/wordpress\/plugins\/seo\/ -->\n<title>Passeport du chemin de p\u00e8lerinage de San Jacopo - Slowshop<\/title>\n<meta name=\"description\" content=\"Achetez le Credential Way de San Jacopo et partez avec nous pour une aventure unique le long du Jacobean Way.\" \/>\n<meta name=\"robots\" content=\"index, follow, max-snippet:-1, max-image-preview:large, max-video-preview:-1\" \/>\n<link rel=\"canonical\" href=\"https:\/\/www.slowshop.eu\/fr\/produit\/titre-du-chemin-de-san-jacopo\/\" \/>\n<meta property=\"og:locale\" content=\"fr_FR\" \/>\n<meta property=\"og:type\" content=\"article\" \/>\n<meta property=\"og:title\" content=\"Passeport du chemin de p\u00e8lerinage de San Jacopo - Slowshop\" \/>\n<meta property=\"og:description\" content=\"Achetez le Credential Way de San Jacopo et partez avec nous pour une aventure unique le long du Jacobean Way.\" \/>\n<meta property=\"og:url\" content=\"https:\/\/www.slowshop.eu\/fr\/produit\/titre-du-chemin-de-san-jacopo\/\" \/>\n<meta property=\"og:site_name\" content=\"Slowshop\" \/>\n<meta property=\"article:modified_time\" content=\"2025-08-31T13:20:53+00:00\" \/>\n<meta property=\"og:image\" content=\"https:\/\/www.slowshop.eu\/wp-content\/uploads\/2021\/07\/Credenziale-San-Jacopo.png\" \/>\n\t<meta property=\"og:image:width\" content=\"600\" \/>\n\t<meta property=\"og:image:height\" content=\"750\" \/>\n\t<meta property=\"og:image:type\" content=\"image\/png\" \/>\n<meta name=\"twitter:card\" content=\"summary_large_image\" \/>\n<meta name=\"twitter:label1\" content=\"Dur\u00e9e de lecture estim\u00e9e\" \/>\n\t<meta name=\"twitter:data1\" content=\"1 minute\" \/>\n<script type=\"application\/ld+json\" class=\"yoast-schema-graph\">{\"@context\":\"https:\/\/schema.org\",\"@graph\":[{\"@type\":\"WebPage\",\"@id\":\"https:\/\/www.slowshop.eu\/fr\/produit\/titre-du-chemin-de-san-jacopo\/\",\"url\":\"https:\/\/www.slowshop.eu\/fr\/produit\/titre-du-chemin-de-san-jacopo\/\",\"name\":\"Passeport du chemin de p\u00e8lerinage de San Jacopo - Slowshop\",\"isPartOf\":{\"@id\":\"https:\/\/www.slowshop.eu\/fr\/#website\"},\"primaryImageOfPage\":{\"@id\":\"https:\/\/www.slowshop.eu\/fr\/produit\/titre-du-chemin-de-san-jacopo\/#primaryimage\"},\"image\":{\"@id\":\"https:\/\/www.slowshop.eu\/fr\/produit\/titre-du-chemin-de-san-jacopo\/#primaryimage\"},\"thumbnailUrl\":\"https:\/\/www.slowshop.eu\/wp-content\/uploads\/2021\/07\/Credenziale-San-Jacopo.png\",\"datePublished\":\"2021-07-01T12:51:25+00:00\",\"dateModified\":\"2025-08-31T13:20:53+00:00\",\"description\":\"Achetez le Credential Way de San Jacopo et partez avec nous pour une aventure unique le long du Jacobean Way.\",\"breadcrumb\":{\"@id\":\"https:\/\/www.slowshop.eu\/fr\/produit\/titre-du-chemin-de-san-jacopo\/#breadcrumb\"},\"inLanguage\":\"fr-FR\",\"potentialAction\":[{\"@type\":\"ReadAction\",\"target\":[\"https:\/\/www.slowshop.eu\/fr\/produit\/titre-du-chemin-de-san-jacopo\/\"]}]},{\"@type\":\"ImageObject\",\"inLanguage\":\"fr-FR\",\"@id\":\"https:\/\/www.slowshop.eu\/fr\/produit\/titre-du-chemin-de-san-jacopo\/#primaryimage\",\"url\":\"https:\/\/www.slowshop.eu\/wp-content\/uploads\/2021\/07\/Credenziale-San-Jacopo.png\",\"contentUrl\":\"https:\/\/www.slowshop.eu\/wp-content\/uploads\/2021\/07\/Credenziale-San-Jacopo.png\",\"width\":600,\"height\":750},{\"@type\":\"BreadcrumbList\",\"@id\":\"https:\/\/www.slowshop.eu\/fr\/produit\/titre-du-chemin-de-san-jacopo\/#breadcrumb\",\"itemListElement\":[{\"@type\":\"ListItem\",\"position\":1,\"name\":\"Home\",\"item\":\"https:\/\/www.slowshop.eu\/fr\/\"},{\"@type\":\"ListItem\",\"position\":2,\"name\":\"Catalogue\",\"item\":\"https:\/\/www.slowshop.eu\/fr\/catalogue\/\"},{\"@type\":\"ListItem\",\"position\":3,\"name\":\"Passeport du chemin de p\u00e8lerinage de San Jacopo\"}]},{\"@type\":\"WebSite\",\"@id\":\"https:\/\/www.slowshop.eu\/fr\/#website\",\"url\":\"https:\/\/www.slowshop.eu\/fr\/\",\"name\":\"SlowShop\",\"description\":\"Vie Francigene Shop\",\"publisher\":{\"@id\":\"https:\/\/www.slowshop.eu\/fr\/#organization\"},\"potentialAction\":[{\"@type\":\"SearchAction\",\"target\":{\"@type\":\"EntryPoint\",\"urlTemplate\":\"https:\/\/www.slowshop.eu\/fr\/?s={search_term_string}\"},\"query-input\":{\"@type\":\"PropertyValueSpecification\",\"valueRequired\":true,\"valueName\":\"search_term_string\"}}],\"inLanguage\":\"fr-FR\"},{\"@type\":\"Organization\",\"@id\":\"https:\/\/www.slowshop.eu\/fr\/#organization\",\"name\":\"SlowShop\",\"url\":\"https:\/\/www.slowshop.eu\/fr\/\",\"logo\":{\"@type\":\"ImageObject\",\"inLanguage\":\"fr-FR\",\"@id\":\"https:\/\/www.slowshop.eu\/fr\/#\/schema\/logo\/image\/\",\"url\":\"https:\/\/www.slowshop.eu\/wp-content\/uploads\/2024\/07\/cropped-immagine-1.png\",\"contentUrl\":\"https:\/\/www.slowshop.eu\/wp-content\/uploads\/2024\/07\/cropped-immagine-1.png\",\"width\":512,\"height\":512,\"caption\":\"SlowShop\"},\"image\":{\"@id\":\"https:\/\/www.slowshop.eu\/fr\/#\/schema\/logo\/image\/\"}}]}<\/script>\n<!-- \/ Yoast SEO plugin. -->","yoast_head_json":{"title":"Passeport du chemin de p\u00e8lerinage de San Jacopo - Slowshop","description":"Achetez le Credential Way de San Jacopo et partez avec nous pour une aventure unique le long du Jacobean Way.","robots":{"index":"index","follow":"follow","max-snippet":"max-snippet:-1","max-image-preview":"max-image-preview:large","max-video-preview":"max-video-preview:-1"},"canonical":"https:\/\/www.slowshop.eu\/fr\/produit\/titre-du-chemin-de-san-jacopo\/","og_locale":"fr_FR","og_type":"article","og_title":"Passeport du chemin de p\u00e8lerinage de San Jacopo - Slowshop","og_description":"Achetez le Credential Way de San Jacopo et partez avec nous pour une aventure unique le long du Jacobean Way.","og_url":"https:\/\/www.slowshop.eu\/fr\/produit\/titre-du-chemin-de-san-jacopo\/","og_site_name":"Slowshop","article_modified_time":"2025-08-31T13:20:53+00:00","og_image":[{"width":600,"height":750,"url":"https:\/\/www.slowshop.eu\/wp-content\/uploads\/2021\/07\/Credenziale-San-Jacopo.png","type":"image\/png"}],"twitter_card":"summary_large_image","twitter_misc":{"Dur\u00e9e de lecture estim\u00e9e":"1 minute"},"schema":{"@context":"https:\/\/schema.org","@graph":[{"@type":"WebPage","@id":"https:\/\/www.slowshop.eu\/fr\/produit\/titre-du-chemin-de-san-jacopo\/","url":"https:\/\/www.slowshop.eu\/fr\/produit\/titre-du-chemin-de-san-jacopo\/","name":"Passeport du chemin de p\u00e8lerinage de San Jacopo - Slowshop","isPartOf":{"@id":"https:\/\/www.slowshop.eu\/fr\/#website"},"primaryImageOfPage":{"@id":"https:\/\/www.slowshop.eu\/fr\/produit\/titre-du-chemin-de-san-jacopo\/#primaryimage"},"image":{"@id":"https:\/\/www.slowshop.eu\/fr\/produit\/titre-du-chemin-de-san-jacopo\/#primaryimage"},"thumbnailUrl":"https:\/\/www.slowshop.eu\/wp-content\/uploads\/2021\/07\/Credenziale-San-Jacopo.png","datePublished":"2021-07-01T12:51:25+00:00","dateModified":"2025-08-31T13:20:53+00:00","description":"Achetez le Credential Way de San Jacopo et partez avec nous pour une aventure unique le long du Jacobean Way.","breadcrumb":{"@id":"https:\/\/www.slowshop.eu\/fr\/produit\/titre-du-chemin-de-san-jacopo\/#breadcrumb"},"inLanguage":"fr-FR","potentialAction":[{"@type":"ReadAction","target":["https:\/\/www.slowshop.eu\/fr\/produit\/titre-du-chemin-de-san-jacopo\/"]}]},{"@type":"ImageObject","inLanguage":"fr-FR","@id":"https:\/\/www.slowshop.eu\/fr\/produit\/titre-du-chemin-de-san-jacopo\/#primaryimage","url":"https:\/\/www.slowshop.eu\/wp-content\/uploads\/2021\/07\/Credenziale-San-Jacopo.png","contentUrl":"https:\/\/www.slowshop.eu\/wp-content\/uploads\/2021\/07\/Credenziale-San-Jacopo.png","width":600,"height":750},{"@type":"BreadcrumbList","@id":"https:\/\/www.slowshop.eu\/fr\/produit\/titre-du-chemin-de-san-jacopo\/#breadcrumb","itemListElement":[{"@type":"ListItem","position":1,"name":"Home","item":"https:\/\/www.slowshop.eu\/fr\/"},{"@type":"ListItem","position":2,"name":"Catalogue","item":"https:\/\/www.slowshop.eu\/fr\/catalogue\/"},{"@type":"ListItem","position":3,"name":"Passeport du chemin de p\u00e8lerinage de San Jacopo"}]},{"@type":"WebSite","@id":"https:\/\/www.slowshop.eu\/fr\/#website","url":"https:\/\/www.slowshop.eu\/fr\/","name":"SlowShop","description":"Vie Francigene Shop","publisher":{"@id":"https:\/\/www.slowshop.eu\/fr\/#organization"},"potentialAction":[{"@type":"SearchAction","target":{"@type":"EntryPoint","urlTemplate":"https:\/\/www.slowshop.eu\/fr\/?s={search_term_string}"},"query-input":{"@type":"PropertyValueSpecification","valueRequired":true,"valueName":"search_term_string"}}],"inLanguage":"fr-FR"},{"@type":"Organization","@id":"https:\/\/www.slowshop.eu\/fr\/#organization","name":"SlowShop","url":"https:\/\/www.slowshop.eu\/fr\/","logo":{"@type":"ImageObject","inLanguage":"fr-FR","@id":"https:\/\/www.slowshop.eu\/fr\/#\/schema\/logo\/image\/","url":"https:\/\/www.slowshop.eu\/wp-content\/uploads\/2024\/07\/cropped-immagine-1.png","contentUrl":"https:\/\/www.slowshop.eu\/wp-content\/uploads\/2024\/07\/cropped-immagine-1.png","width":512,"height":512,"caption":"SlowShop"},"image":{"@id":"https:\/\/www.slowshop.eu\/fr\/#\/schema\/logo\/image\/"}}]}},"_links":{"self":[{"href":"https:\/\/www.slowshop.eu\/fr\/wp-json\/wp\/v2\/product\/3947","targetHints":{"allow":["GET"]}}],"collection":[{"href":"https:\/\/www.slowshop.eu\/fr\/wp-json\/wp\/v2\/product"}],"about":[{"href":"https:\/\/www.slowshop.eu\/fr\/wp-json\/wp\/v2\/types\/product"}],"wp:featuredmedia":[{"embeddable":true,"href":"https:\/\/www.slowshop.eu\/fr\/wp-json\/wp\/v2\/media\/3631"}],"wp:attachment":[{"href":"https:\/\/www.slowshop.eu\/fr\/wp-json\/wp\/v2\/media?parent=3947"}],"wp:term":[{"taxonomy":"product_brand","embeddable":true,"href":"https:\/\/www.slowshop.eu\/fr\/wp-json\/wp\/v2\/product_brand?post=3947"},{"taxonomy":"product_cat","embeddable":true,"href":"https:\/\/www.slowshop.eu\/fr\/wp-json\/wp\/v2\/product_cat?post=3947"},{"taxonomy":"product_tag","embeddable":true,"href":"https:\/\/www.slowshop.eu\/fr\/wp-json\/wp\/v2\/product_tag?post=3947"}],"curies":[{"name":"wp","href":"https:\/\/api.w.org\/{rel}","templated":true}]}}