{"id":3966,"date":"2021-06-30T15:17:15","date_gmt":"2021-06-30T13:17:15","guid":{"rendered":"https:\/\/www.slowshop.eu\/product\/sweat-shirt\/"},"modified":"2021-10-15T11:11:39","modified_gmt":"2021-10-15T09:11:39","slug":"sweat-shirt-va-dove-ti-porta-il-piede","status":"publish","type":"product","link":"https:\/\/www.slowshop.eu\/fr\/produit\/sweat-shirt-va-dove-ti-porta-il-piede\/","title":{"rendered":"Sweat-shirt Va dove ti porta il piede"},"content":{"rendered":"<h3>Sweat-shirt \u00ab\u00a0Va dove ti porta il piede\u00a0\u00bb<\/h3>\n<p>Le Sweat-shirt \u00ab\u00a0Va dove ti porta il piede\u00a0\u00bb est le sweat Lento Movement, unisexe, avec s\u00e9rigraphie sur le devant, disponible en deux coloris : gris et orange. La couleur du texte imprim\u00e9 est le blanc.<br \/>\nD\u00e9couvrez des paysages merveilleux et vivez des aventures incroyables pour d\u00e9couvrir la Via Francigena, le Cammino Materano ou la Via degli Dei en portant votre t-shirt, votre mantra, votre credo.<br \/>\nVous avez d\u00e9j\u00e0 le T-Shirt Va o\u00f9 ton pied t&#8217;emm\u00e8ne ? Enfilez votre t-shirt et votre sweat-shirt et partez en voyage \u00e0 pied ou \u00e0 v\u00e9lo, seul ou en groupe. Prenez votre photo et suivez notre page @sloways_travel sur Instagram avec le hashtag #spassolento !<\/p>\n","protected":false},"excerpt":{"rendered":"<p>Le Sweat-shirt \u00ab\u00a0Va dove ti porta il piede\u00a0\u00bb est le sweat Lento Movement, unisexe, avec s\u00e9rigraphie sur le devant, disponible en deux coloris : gris et orange. La couleur du texte imprim\u00e9 est le blanc.<\/p>\n","protected":false},"featured_media":3560,"template":"","meta":{"_monsterinsights_skip_tracking":false,"_monsterinsights_sitenote_active":false,"_monsterinsights_sitenote_note":"","_monsterinsights_sitenote_category":0},"product_brand":[],"product_cat":[104],"product_tag":[],"class_list":{"0":"post-3966","1":"product","2":"type-product","3":"status-publish","4":"has-post-thumbnail","6":"product_cat-vetements","7":"tm-no-options","9":"first","10":"instock","11":"taxable","12":"shipping-taxable","13":"purchasable","14":"product-type-variable"},"bundle_layout":"","bundle_add_to_cart_form_location":"","bundle_editable_in_cart":false,"bundle_sold_individually_context":"","bundle_item_grouping":"","bundle_min_size":"","bundle_max_size":"","bundled_by":[],"bundled_items":[],"yoast_head":"<!-- This site is optimized with the Yoast SEO plugin v26.2 - https:\/\/yoast.com\/wordpress\/plugins\/seo\/ -->\n<title>Sweat-shirt Va dove ti porta il piede - Slowshop<\/title>\n<meta name=\"description\" content=\"Achete le Sweat-shirt Va dove ti porta il piede et pars avec nous pour une aventure incroyable sur ce chemin\" \/>\n<meta name=\"robots\" content=\"index, follow, max-snippet:-1, max-image-preview:large, max-video-preview:-1\" \/>\n<link rel=\"canonical\" href=\"https:\/\/www.slowshop.eu\/fr\/produit\/sweat-shirt-va-dove-ti-porta-il-piede\/\" \/>\n<meta property=\"og:locale\" content=\"fr_FR\" \/>\n<meta property=\"og:type\" content=\"article\" \/>\n<meta property=\"og:title\" content=\"Sweat-shirt Va dove ti porta il piede - Slowshop\" \/>\n<meta property=\"og:description\" content=\"Achete le Sweat-shirt Va dove ti porta il piede et pars avec nous pour une aventure incroyable sur ce chemin\" \/>\n<meta property=\"og:url\" content=\"https:\/\/www.slowshop.eu\/fr\/produit\/sweat-shirt-va-dove-ti-porta-il-piede\/\" \/>\n<meta property=\"og:site_name\" content=\"Slowshop\" \/>\n<meta property=\"article:modified_time\" content=\"2021-10-15T09:11:39+00:00\" \/>\n<meta property=\"og:image\" content=\"https:\/\/www.slowshop.eu\/wp-content\/uploads\/2021\/06\/Felpa-Va-dove-ti-porta-il-piede_arancione.png\" \/>\n\t<meta property=\"og:image:width\" content=\"600\" \/>\n\t<meta property=\"og:image:height\" content=\"750\" \/>\n\t<meta property=\"og:image:type\" content=\"image\/png\" \/>\n<meta name=\"twitter:card\" content=\"summary_large_image\" \/>\n<meta name=\"twitter:label1\" content=\"Dur\u00e9e de lecture estim\u00e9e\" \/>\n\t<meta name=\"twitter:data1\" content=\"1 minute\" \/>\n<script type=\"application\/ld+json\" class=\"yoast-schema-graph\">{\"@context\":\"https:\/\/schema.org\",\"@graph\":[{\"@type\":\"WebPage\",\"@id\":\"https:\/\/www.slowshop.eu\/fr\/produit\/sweat-shirt-va-dove-ti-porta-il-piede\/\",\"url\":\"https:\/\/www.slowshop.eu\/fr\/produit\/sweat-shirt-va-dove-ti-porta-il-piede\/\",\"name\":\"Sweat-shirt Va dove ti porta il piede - Slowshop\",\"isPartOf\":{\"@id\":\"https:\/\/www.slowshop.eu\/fr\/#website\"},\"primaryImageOfPage\":{\"@id\":\"https:\/\/www.slowshop.eu\/fr\/produit\/sweat-shirt-va-dove-ti-porta-il-piede\/#primaryimage\"},\"image\":{\"@id\":\"https:\/\/www.slowshop.eu\/fr\/produit\/sweat-shirt-va-dove-ti-porta-il-piede\/#primaryimage\"},\"thumbnailUrl\":\"https:\/\/www.slowshop.eu\/wp-content\/uploads\/2021\/06\/Felpa-Va-dove-ti-porta-il-piede_arancione.png\",\"datePublished\":\"2021-06-30T13:17:15+00:00\",\"dateModified\":\"2021-10-15T09:11:39+00:00\",\"description\":\"Achete le Sweat-shirt Va dove ti porta il piede et pars avec nous pour une aventure incroyable sur ce chemin\",\"breadcrumb\":{\"@id\":\"https:\/\/www.slowshop.eu\/fr\/produit\/sweat-shirt-va-dove-ti-porta-il-piede\/#breadcrumb\"},\"inLanguage\":\"fr-FR\",\"potentialAction\":[{\"@type\":\"ReadAction\",\"target\":[\"https:\/\/www.slowshop.eu\/fr\/produit\/sweat-shirt-va-dove-ti-porta-il-piede\/\"]}]},{\"@type\":\"ImageObject\",\"inLanguage\":\"fr-FR\",\"@id\":\"https:\/\/www.slowshop.eu\/fr\/produit\/sweat-shirt-va-dove-ti-porta-il-piede\/#primaryimage\",\"url\":\"https:\/\/www.slowshop.eu\/wp-content\/uploads\/2021\/06\/Felpa-Va-dove-ti-porta-il-piede_arancione.png\",\"contentUrl\":\"https:\/\/www.slowshop.eu\/wp-content\/uploads\/2021\/06\/Felpa-Va-dove-ti-porta-il-piede_arancione.png\",\"width\":600,\"height\":750},{\"@type\":\"BreadcrumbList\",\"@id\":\"https:\/\/www.slowshop.eu\/fr\/produit\/sweat-shirt-va-dove-ti-porta-il-piede\/#breadcrumb\",\"itemListElement\":[{\"@type\":\"ListItem\",\"position\":1,\"name\":\"Home\",\"item\":\"https:\/\/www.slowshop.eu\/fr\/\"},{\"@type\":\"ListItem\",\"position\":2,\"name\":\"Catalogue\",\"item\":\"https:\/\/www.slowshop.eu\/fr\/catalogue\/\"},{\"@type\":\"ListItem\",\"position\":3,\"name\":\"Sweat-shirt Va dove ti porta il piede\"}]},{\"@type\":\"WebSite\",\"@id\":\"https:\/\/www.slowshop.eu\/fr\/#website\",\"url\":\"https:\/\/www.slowshop.eu\/fr\/\",\"name\":\"SlowShop\",\"description\":\"Vie Francigene Shop\",\"publisher\":{\"@id\":\"https:\/\/www.slowshop.eu\/fr\/#organization\"},\"potentialAction\":[{\"@type\":\"SearchAction\",\"target\":{\"@type\":\"EntryPoint\",\"urlTemplate\":\"https:\/\/www.slowshop.eu\/fr\/?s={search_term_string}\"},\"query-input\":{\"@type\":\"PropertyValueSpecification\",\"valueRequired\":true,\"valueName\":\"search_term_string\"}}],\"inLanguage\":\"fr-FR\"},{\"@type\":\"Organization\",\"@id\":\"https:\/\/www.slowshop.eu\/fr\/#organization\",\"name\":\"SlowShop\",\"url\":\"https:\/\/www.slowshop.eu\/fr\/\",\"logo\":{\"@type\":\"ImageObject\",\"inLanguage\":\"fr-FR\",\"@id\":\"https:\/\/www.slowshop.eu\/fr\/#\/schema\/logo\/image\/\",\"url\":\"https:\/\/www.slowshop.eu\/wp-content\/uploads\/2024\/07\/cropped-immagine-1.png\",\"contentUrl\":\"https:\/\/www.slowshop.eu\/wp-content\/uploads\/2024\/07\/cropped-immagine-1.png\",\"width\":512,\"height\":512,\"caption\":\"SlowShop\"},\"image\":{\"@id\":\"https:\/\/www.slowshop.eu\/fr\/#\/schema\/logo\/image\/\"}}]}<\/script>\n<!-- \/ Yoast SEO plugin. -->","yoast_head_json":{"title":"Sweat-shirt Va dove ti porta il piede - Slowshop","description":"Achete le Sweat-shirt Va dove ti porta il piede et pars avec nous pour une aventure incroyable sur ce chemin","robots":{"index":"index","follow":"follow","max-snippet":"max-snippet:-1","max-image-preview":"max-image-preview:large","max-video-preview":"max-video-preview:-1"},"canonical":"https:\/\/www.slowshop.eu\/fr\/produit\/sweat-shirt-va-dove-ti-porta-il-piede\/","og_locale":"fr_FR","og_type":"article","og_title":"Sweat-shirt Va dove ti porta il piede - Slowshop","og_description":"Achete le Sweat-shirt Va dove ti porta il piede et pars avec nous pour une aventure incroyable sur ce chemin","og_url":"https:\/\/www.slowshop.eu\/fr\/produit\/sweat-shirt-va-dove-ti-porta-il-piede\/","og_site_name":"Slowshop","article_modified_time":"2021-10-15T09:11:39+00:00","og_image":[{"width":600,"height":750,"url":"https:\/\/www.slowshop.eu\/wp-content\/uploads\/2021\/06\/Felpa-Va-dove-ti-porta-il-piede_arancione.png","type":"image\/png"}],"twitter_card":"summary_large_image","twitter_misc":{"Dur\u00e9e de lecture estim\u00e9e":"1 minute"},"schema":{"@context":"https:\/\/schema.org","@graph":[{"@type":"WebPage","@id":"https:\/\/www.slowshop.eu\/fr\/produit\/sweat-shirt-va-dove-ti-porta-il-piede\/","url":"https:\/\/www.slowshop.eu\/fr\/produit\/sweat-shirt-va-dove-ti-porta-il-piede\/","name":"Sweat-shirt Va dove ti porta il piede - Slowshop","isPartOf":{"@id":"https:\/\/www.slowshop.eu\/fr\/#website"},"primaryImageOfPage":{"@id":"https:\/\/www.slowshop.eu\/fr\/produit\/sweat-shirt-va-dove-ti-porta-il-piede\/#primaryimage"},"image":{"@id":"https:\/\/www.slowshop.eu\/fr\/produit\/sweat-shirt-va-dove-ti-porta-il-piede\/#primaryimage"},"thumbnailUrl":"https:\/\/www.slowshop.eu\/wp-content\/uploads\/2021\/06\/Felpa-Va-dove-ti-porta-il-piede_arancione.png","datePublished":"2021-06-30T13:17:15+00:00","dateModified":"2021-10-15T09:11:39+00:00","description":"Achete le Sweat-shirt Va dove ti porta il piede et pars avec nous pour une aventure incroyable sur ce chemin","breadcrumb":{"@id":"https:\/\/www.slowshop.eu\/fr\/produit\/sweat-shirt-va-dove-ti-porta-il-piede\/#breadcrumb"},"inLanguage":"fr-FR","potentialAction":[{"@type":"ReadAction","target":["https:\/\/www.slowshop.eu\/fr\/produit\/sweat-shirt-va-dove-ti-porta-il-piede\/"]}]},{"@type":"ImageObject","inLanguage":"fr-FR","@id":"https:\/\/www.slowshop.eu\/fr\/produit\/sweat-shirt-va-dove-ti-porta-il-piede\/#primaryimage","url":"https:\/\/www.slowshop.eu\/wp-content\/uploads\/2021\/06\/Felpa-Va-dove-ti-porta-il-piede_arancione.png","contentUrl":"https:\/\/www.slowshop.eu\/wp-content\/uploads\/2021\/06\/Felpa-Va-dove-ti-porta-il-piede_arancione.png","width":600,"height":750},{"@type":"BreadcrumbList","@id":"https:\/\/www.slowshop.eu\/fr\/produit\/sweat-shirt-va-dove-ti-porta-il-piede\/#breadcrumb","itemListElement":[{"@type":"ListItem","position":1,"name":"Home","item":"https:\/\/www.slowshop.eu\/fr\/"},{"@type":"ListItem","position":2,"name":"Catalogue","item":"https:\/\/www.slowshop.eu\/fr\/catalogue\/"},{"@type":"ListItem","position":3,"name":"Sweat-shirt Va dove ti porta il piede"}]},{"@type":"WebSite","@id":"https:\/\/www.slowshop.eu\/fr\/#website","url":"https:\/\/www.slowshop.eu\/fr\/","name":"SlowShop","description":"Vie Francigene Shop","publisher":{"@id":"https:\/\/www.slowshop.eu\/fr\/#organization"},"potentialAction":[{"@type":"SearchAction","target":{"@type":"EntryPoint","urlTemplate":"https:\/\/www.slowshop.eu\/fr\/?s={search_term_string}"},"query-input":{"@type":"PropertyValueSpecification","valueRequired":true,"valueName":"search_term_string"}}],"inLanguage":"fr-FR"},{"@type":"Organization","@id":"https:\/\/www.slowshop.eu\/fr\/#organization","name":"SlowShop","url":"https:\/\/www.slowshop.eu\/fr\/","logo":{"@type":"ImageObject","inLanguage":"fr-FR","@id":"https:\/\/www.slowshop.eu\/fr\/#\/schema\/logo\/image\/","url":"https:\/\/www.slowshop.eu\/wp-content\/uploads\/2024\/07\/cropped-immagine-1.png","contentUrl":"https:\/\/www.slowshop.eu\/wp-content\/uploads\/2024\/07\/cropped-immagine-1.png","width":512,"height":512,"caption":"SlowShop"},"image":{"@id":"https:\/\/www.slowshop.eu\/fr\/#\/schema\/logo\/image\/"}}]}},"_links":{"self":[{"href":"https:\/\/www.slowshop.eu\/fr\/wp-json\/wp\/v2\/product\/3966","targetHints":{"allow":["GET"]}}],"collection":[{"href":"https:\/\/www.slowshop.eu\/fr\/wp-json\/wp\/v2\/product"}],"about":[{"href":"https:\/\/www.slowshop.eu\/fr\/wp-json\/wp\/v2\/types\/product"}],"wp:featuredmedia":[{"embeddable":true,"href":"https:\/\/www.slowshop.eu\/fr\/wp-json\/wp\/v2\/media\/3560"}],"wp:attachment":[{"href":"https:\/\/www.slowshop.eu\/fr\/wp-json\/wp\/v2\/media?parent=3966"}],"wp:term":[{"taxonomy":"product_brand","embeddable":true,"href":"https:\/\/www.slowshop.eu\/fr\/wp-json\/wp\/v2\/product_brand?post=3966"},{"taxonomy":"product_cat","embeddable":true,"href":"https:\/\/www.slowshop.eu\/fr\/wp-json\/wp\/v2\/product_cat?post=3966"},{"taxonomy":"product_tag","embeddable":true,"href":"https:\/\/www.slowshop.eu\/fr\/wp-json\/wp\/v2\/product_tag?post=3966"}],"curies":[{"name":"wp","href":"https:\/\/api.w.org\/{rel}","templated":true}]}}