{"id":3985,"date":"2021-06-29T13:06:25","date_gmt":"2021-06-29T11:06:25","guid":{"rendered":"https:\/\/www.slowshop.eu\/product\/t-shirt-road-to-rome-2021\/"},"modified":"2022-07-27T15:09:14","modified_gmt":"2022-07-27T13:09:14","slug":"t-shirt-road-to-rome-2021","status":"publish","type":"product","link":"https:\/\/www.slowshop.eu\/fr\/produit\/t-shirt-road-to-rome-2021\/","title":{"rendered":"T-Shirt Road to Rome 2021"},"content":{"rendered":"<h3>T-Shirt Road to Rome 2021<\/h3>\n<p>Le T-shirt Road to Rome 2021 est le t-shirt officiel de la Via Francigena cr\u00e9\u00e9 pour c\u00e9l\u00e9brer les 20 ans de l&rsquo;Association europ\u00e9enne de la Vie Francigene. Le T-Shirt gris, 100% coton : id\u00e9al pour votre p\u00e9riple sur le c\u00e9l\u00e8bre sentier.<\/p>\n<p>Et quelle meilleure occasion, sinon en route, de c\u00e9l\u00e9brer son vingti\u00e8me anniversaire ? Oui, car en 2021 l&rsquo;AEVF soufflera vingt bougies lors de la plus longue f\u00eate, temporellement et g\u00e9ographiquement, jamais r\u00e9alis\u00e9e. La \u00ab\u00a0Route de Rome 2021\u00a0\u00bb est la grande marche de Cantorb\u00e9ry \u00e0 Rome, et de Rome \u00e0 Santa Maria di Leuca, qui d\u00e9butera \u00e0 la fin du printemps 2021 et se terminera au d\u00e9but de l&rsquo;automne.<\/p>\n<p>Vivez donc un voyage extraordinaire, en libert\u00e9 ou en groupe, \u00e0 la d\u00e9couverte de paysages inattendus, d&rsquo;\u00e9glises m\u00e9di\u00e9vales et de tron\u00e7ons de voies romaines. Traversez quelques-uns des villages les plus beaux et les plus \u00e9vocateurs d&rsquo;Italie. Prenez votre photo et suivez notre page @sloways_travel sur Instagram avec le hashtag #spassolento !<\/p>\n<h2>Partez avec nous<\/h2>\n<p>LA GRANDE CAMMINATA EVENTO \u201cVIA FRANCIGENA: ROAD TO ROME 2021\u2033\u00a0<a href=\"https:\/\/www.viefrancigene.org\/it\/road-to-rome\/\">clicca qui<\/a><\/p>\n","protected":false},"excerpt":{"rendered":"<p>Le T-shirt Road to Rome 2021 est le t-shirt officiel de la Via Francigena cr\u00e9\u00e9 pour c\u00e9l\u00e9brer les 20 ans de l&rsquo;Association europ\u00e9enne de la Vie Francigene. Le T-Shirt est unisexe, de couleur grise, 100 % coton : id\u00e9al pour votre p\u00e9riple sur le c\u00e9l\u00e8bre sentier.<\/p>\n","protected":false},"featured_media":3499,"template":"","meta":{"_monsterinsights_skip_tracking":false,"_monsterinsights_sitenote_active":false,"_monsterinsights_sitenote_note":"","_monsterinsights_sitenote_category":0},"product_brand":[],"product_cat":[104,108],"product_tag":[120],"class_list":{"0":"post-3985","1":"product","2":"type-product","3":"status-publish","4":"has-post-thumbnail","6":"product_cat-vetements","7":"product_cat-via-francigena-fr","8":"product_tag-via-francigena-fr","9":"tm-no-options","11":"first","12":"instock","13":"sale","14":"taxable","15":"shipping-taxable","16":"purchasable","17":"product-type-variable"},"bundle_layout":"","bundle_add_to_cart_form_location":"","bundle_editable_in_cart":false,"bundle_sold_individually_context":"","bundle_item_grouping":"","bundle_min_size":"","bundle_max_size":"","bundled_by":[],"bundled_items":[],"yoast_head":"<!-- This site is optimized with the Yoast SEO plugin v26.2 - https:\/\/yoast.com\/wordpress\/plugins\/seo\/ -->\n<title>T-Shirt Road to Rome 2021 - Slowshop<\/title>\n<meta name=\"description\" content=\"Achete la T-Shirt Road to Rome 2021 et pars avec nous pour une aventure incroyable sur ce chemin\" \/>\n<meta name=\"robots\" content=\"index, follow, max-snippet:-1, max-image-preview:large, max-video-preview:-1\" \/>\n<link rel=\"canonical\" href=\"https:\/\/www.slowshop.eu\/fr\/produit\/t-shirt-road-to-rome-2021\/\" \/>\n<meta property=\"og:locale\" content=\"fr_FR\" \/>\n<meta property=\"og:type\" content=\"article\" \/>\n<meta property=\"og:title\" content=\"T-Shirt Road to Rome 2021 - Slowshop\" \/>\n<meta property=\"og:description\" content=\"Achete la T-Shirt Road to Rome 2021 et pars avec nous pour une aventure incroyable sur ce chemin\" \/>\n<meta property=\"og:url\" content=\"https:\/\/www.slowshop.eu\/fr\/produit\/t-shirt-road-to-rome-2021\/\" \/>\n<meta property=\"og:site_name\" content=\"Slowshop\" \/>\n<meta property=\"article:modified_time\" content=\"2022-07-27T13:09:14+00:00\" \/>\n<meta property=\"og:image\" content=\"https:\/\/www.slowshop.eu\/wp-content\/uploads\/2021\/06\/T-shirt-Road-to-rome-2021.png\" \/>\n\t<meta property=\"og:image:width\" content=\"600\" \/>\n\t<meta property=\"og:image:height\" content=\"750\" \/>\n\t<meta property=\"og:image:type\" content=\"image\/png\" \/>\n<meta name=\"twitter:card\" content=\"summary_large_image\" \/>\n<meta name=\"twitter:label1\" content=\"Dur\u00e9e de lecture estim\u00e9e\" \/>\n\t<meta name=\"twitter:data1\" content=\"1 minute\" \/>\n<script type=\"application\/ld+json\" class=\"yoast-schema-graph\">{\"@context\":\"https:\/\/schema.org\",\"@graph\":[{\"@type\":\"WebPage\",\"@id\":\"https:\/\/www.slowshop.eu\/fr\/produit\/t-shirt-road-to-rome-2021\/\",\"url\":\"https:\/\/www.slowshop.eu\/fr\/produit\/t-shirt-road-to-rome-2021\/\",\"name\":\"T-Shirt Road to Rome 2021 - Slowshop\",\"isPartOf\":{\"@id\":\"https:\/\/www.slowshop.eu\/fr\/#website\"},\"primaryImageOfPage\":{\"@id\":\"https:\/\/www.slowshop.eu\/fr\/produit\/t-shirt-road-to-rome-2021\/#primaryimage\"},\"image\":{\"@id\":\"https:\/\/www.slowshop.eu\/fr\/produit\/t-shirt-road-to-rome-2021\/#primaryimage\"},\"thumbnailUrl\":\"https:\/\/www.slowshop.eu\/wp-content\/uploads\/2021\/06\/T-shirt-Road-to-rome-2021.png\",\"datePublished\":\"2021-06-29T11:06:25+00:00\",\"dateModified\":\"2022-07-27T13:09:14+00:00\",\"description\":\"Achete la T-Shirt Road to Rome 2021 et pars avec nous pour une aventure incroyable sur ce chemin\",\"breadcrumb\":{\"@id\":\"https:\/\/www.slowshop.eu\/fr\/produit\/t-shirt-road-to-rome-2021\/#breadcrumb\"},\"inLanguage\":\"fr-FR\",\"potentialAction\":[{\"@type\":\"ReadAction\",\"target\":[\"https:\/\/www.slowshop.eu\/fr\/produit\/t-shirt-road-to-rome-2021\/\"]}]},{\"@type\":\"ImageObject\",\"inLanguage\":\"fr-FR\",\"@id\":\"https:\/\/www.slowshop.eu\/fr\/produit\/t-shirt-road-to-rome-2021\/#primaryimage\",\"url\":\"https:\/\/www.slowshop.eu\/wp-content\/uploads\/2021\/06\/T-shirt-Road-to-rome-2021.png\",\"contentUrl\":\"https:\/\/www.slowshop.eu\/wp-content\/uploads\/2021\/06\/T-shirt-Road-to-rome-2021.png\",\"width\":600,\"height\":750},{\"@type\":\"BreadcrumbList\",\"@id\":\"https:\/\/www.slowshop.eu\/fr\/produit\/t-shirt-road-to-rome-2021\/#breadcrumb\",\"itemListElement\":[{\"@type\":\"ListItem\",\"position\":1,\"name\":\"Home\",\"item\":\"https:\/\/www.slowshop.eu\/fr\/\"},{\"@type\":\"ListItem\",\"position\":2,\"name\":\"Catalogue\",\"item\":\"https:\/\/www.slowshop.eu\/fr\/catalogue\/\"},{\"@type\":\"ListItem\",\"position\":3,\"name\":\"T-Shirt Road to Rome 2021\"}]},{\"@type\":\"WebSite\",\"@id\":\"https:\/\/www.slowshop.eu\/fr\/#website\",\"url\":\"https:\/\/www.slowshop.eu\/fr\/\",\"name\":\"SlowShop\",\"description\":\"Vie Francigene Shop\",\"publisher\":{\"@id\":\"https:\/\/www.slowshop.eu\/fr\/#organization\"},\"potentialAction\":[{\"@type\":\"SearchAction\",\"target\":{\"@type\":\"EntryPoint\",\"urlTemplate\":\"https:\/\/www.slowshop.eu\/fr\/?s={search_term_string}\"},\"query-input\":{\"@type\":\"PropertyValueSpecification\",\"valueRequired\":true,\"valueName\":\"search_term_string\"}}],\"inLanguage\":\"fr-FR\"},{\"@type\":\"Organization\",\"@id\":\"https:\/\/www.slowshop.eu\/fr\/#organization\",\"name\":\"SlowShop\",\"url\":\"https:\/\/www.slowshop.eu\/fr\/\",\"logo\":{\"@type\":\"ImageObject\",\"inLanguage\":\"fr-FR\",\"@id\":\"https:\/\/www.slowshop.eu\/fr\/#\/schema\/logo\/image\/\",\"url\":\"https:\/\/www.slowshop.eu\/wp-content\/uploads\/2024\/07\/cropped-immagine-1.png\",\"contentUrl\":\"https:\/\/www.slowshop.eu\/wp-content\/uploads\/2024\/07\/cropped-immagine-1.png\",\"width\":512,\"height\":512,\"caption\":\"SlowShop\"},\"image\":{\"@id\":\"https:\/\/www.slowshop.eu\/fr\/#\/schema\/logo\/image\/\"}}]}<\/script>\n<!-- \/ Yoast SEO plugin. -->","yoast_head_json":{"title":"T-Shirt Road to Rome 2021 - Slowshop","description":"Achete la T-Shirt Road to Rome 2021 et pars avec nous pour une aventure incroyable sur ce chemin","robots":{"index":"index","follow":"follow","max-snippet":"max-snippet:-1","max-image-preview":"max-image-preview:large","max-video-preview":"max-video-preview:-1"},"canonical":"https:\/\/www.slowshop.eu\/fr\/produit\/t-shirt-road-to-rome-2021\/","og_locale":"fr_FR","og_type":"article","og_title":"T-Shirt Road to Rome 2021 - Slowshop","og_description":"Achete la T-Shirt Road to Rome 2021 et pars avec nous pour une aventure incroyable sur ce chemin","og_url":"https:\/\/www.slowshop.eu\/fr\/produit\/t-shirt-road-to-rome-2021\/","og_site_name":"Slowshop","article_modified_time":"2022-07-27T13:09:14+00:00","og_image":[{"width":600,"height":750,"url":"https:\/\/www.slowshop.eu\/wp-content\/uploads\/2021\/06\/T-shirt-Road-to-rome-2021.png","type":"image\/png"}],"twitter_card":"summary_large_image","twitter_misc":{"Dur\u00e9e de lecture estim\u00e9e":"1 minute"},"schema":{"@context":"https:\/\/schema.org","@graph":[{"@type":"WebPage","@id":"https:\/\/www.slowshop.eu\/fr\/produit\/t-shirt-road-to-rome-2021\/","url":"https:\/\/www.slowshop.eu\/fr\/produit\/t-shirt-road-to-rome-2021\/","name":"T-Shirt Road to Rome 2021 - Slowshop","isPartOf":{"@id":"https:\/\/www.slowshop.eu\/fr\/#website"},"primaryImageOfPage":{"@id":"https:\/\/www.slowshop.eu\/fr\/produit\/t-shirt-road-to-rome-2021\/#primaryimage"},"image":{"@id":"https:\/\/www.slowshop.eu\/fr\/produit\/t-shirt-road-to-rome-2021\/#primaryimage"},"thumbnailUrl":"https:\/\/www.slowshop.eu\/wp-content\/uploads\/2021\/06\/T-shirt-Road-to-rome-2021.png","datePublished":"2021-06-29T11:06:25+00:00","dateModified":"2022-07-27T13:09:14+00:00","description":"Achete la T-Shirt Road to Rome 2021 et pars avec nous pour une aventure incroyable sur ce chemin","breadcrumb":{"@id":"https:\/\/www.slowshop.eu\/fr\/produit\/t-shirt-road-to-rome-2021\/#breadcrumb"},"inLanguage":"fr-FR","potentialAction":[{"@type":"ReadAction","target":["https:\/\/www.slowshop.eu\/fr\/produit\/t-shirt-road-to-rome-2021\/"]}]},{"@type":"ImageObject","inLanguage":"fr-FR","@id":"https:\/\/www.slowshop.eu\/fr\/produit\/t-shirt-road-to-rome-2021\/#primaryimage","url":"https:\/\/www.slowshop.eu\/wp-content\/uploads\/2021\/06\/T-shirt-Road-to-rome-2021.png","contentUrl":"https:\/\/www.slowshop.eu\/wp-content\/uploads\/2021\/06\/T-shirt-Road-to-rome-2021.png","width":600,"height":750},{"@type":"BreadcrumbList","@id":"https:\/\/www.slowshop.eu\/fr\/produit\/t-shirt-road-to-rome-2021\/#breadcrumb","itemListElement":[{"@type":"ListItem","position":1,"name":"Home","item":"https:\/\/www.slowshop.eu\/fr\/"},{"@type":"ListItem","position":2,"name":"Catalogue","item":"https:\/\/www.slowshop.eu\/fr\/catalogue\/"},{"@type":"ListItem","position":3,"name":"T-Shirt Road to Rome 2021"}]},{"@type":"WebSite","@id":"https:\/\/www.slowshop.eu\/fr\/#website","url":"https:\/\/www.slowshop.eu\/fr\/","name":"SlowShop","description":"Vie Francigene Shop","publisher":{"@id":"https:\/\/www.slowshop.eu\/fr\/#organization"},"potentialAction":[{"@type":"SearchAction","target":{"@type":"EntryPoint","urlTemplate":"https:\/\/www.slowshop.eu\/fr\/?s={search_term_string}"},"query-input":{"@type":"PropertyValueSpecification","valueRequired":true,"valueName":"search_term_string"}}],"inLanguage":"fr-FR"},{"@type":"Organization","@id":"https:\/\/www.slowshop.eu\/fr\/#organization","name":"SlowShop","url":"https:\/\/www.slowshop.eu\/fr\/","logo":{"@type":"ImageObject","inLanguage":"fr-FR","@id":"https:\/\/www.slowshop.eu\/fr\/#\/schema\/logo\/image\/","url":"https:\/\/www.slowshop.eu\/wp-content\/uploads\/2024\/07\/cropped-immagine-1.png","contentUrl":"https:\/\/www.slowshop.eu\/wp-content\/uploads\/2024\/07\/cropped-immagine-1.png","width":512,"height":512,"caption":"SlowShop"},"image":{"@id":"https:\/\/www.slowshop.eu\/fr\/#\/schema\/logo\/image\/"}}]}},"_links":{"self":[{"href":"https:\/\/www.slowshop.eu\/fr\/wp-json\/wp\/v2\/product\/3985","targetHints":{"allow":["GET"]}}],"collection":[{"href":"https:\/\/www.slowshop.eu\/fr\/wp-json\/wp\/v2\/product"}],"about":[{"href":"https:\/\/www.slowshop.eu\/fr\/wp-json\/wp\/v2\/types\/product"}],"wp:featuredmedia":[{"embeddable":true,"href":"https:\/\/www.slowshop.eu\/fr\/wp-json\/wp\/v2\/media\/3499"}],"wp:attachment":[{"href":"https:\/\/www.slowshop.eu\/fr\/wp-json\/wp\/v2\/media?parent=3985"}],"wp:term":[{"taxonomy":"product_brand","embeddable":true,"href":"https:\/\/www.slowshop.eu\/fr\/wp-json\/wp\/v2\/product_brand?post=3985"},{"taxonomy":"product_cat","embeddable":true,"href":"https:\/\/www.slowshop.eu\/fr\/wp-json\/wp\/v2\/product_cat?post=3985"},{"taxonomy":"product_tag","embeddable":true,"href":"https:\/\/www.slowshop.eu\/fr\/wp-json\/wp\/v2\/product_tag?post=3985"}],"curies":[{"name":"wp","href":"https:\/\/api.w.org\/{rel}","templated":true}]}}