{"id":3998,"date":"2021-06-29T12:27:53","date_gmt":"2021-06-29T10:27:53","guid":{"rendered":"https:\/\/www.slowshop.eu\/product\/gilet-technique-via-degli-dei\/"},"modified":"2021-10-15T14:47:25","modified_gmt":"2021-10-15T12:47:25","slug":"gilet-technique-via-degli-dei","status":"publish","type":"product","link":"https:\/\/www.slowshop.eu\/fr\/produit\/gilet-technique-via-degli-dei\/","title":{"rendered":"Gilet technique Via degli Dei"},"content":{"rendered":"<h3>Gilet technique Via degli Dei<\/h3>\n<p>Le d\u00e9bardeur officiel Via degli Dei est 100% technique, respirant et l\u00e9g\u00e8rement transparent, il est blanc avec le logo Camino.<br \/>\nCaract\u00e9ristiques : taille petit et se lave \u00e0 l&rsquo;envers.<\/p>\n<p>Vivez donc un voyage extraordinaire, librement ou en groupe, le long de l&rsquo;itin\u00e9raire de Bologne \u00e0 Florence, retra\u00e7ant un ancien r\u00e9seau routier historique utilis\u00e9 depuis l&rsquo;\u00e9poque romaine pour unir la ville de Felsina (Bologne) \u00e0 Fiesole &#8211; Florence. Rebaptis\u00e9 \u00ab\u00a0Flaminia Militare\u00a0\u00bb, il est caract\u00e9ristique du pav\u00e9 d&rsquo;origine romaine que l&rsquo;on retrouve dans diff\u00e9rentes sections du parcours.<\/p>\n","protected":false},"excerpt":{"rendered":"<p>Le d\u00e9bardeur officiel Via degli Dei est 100% technique, respirant et l\u00e9g\u00e8rement transparent, il est blanc avec le logo Camino.<br \/>\nCaract\u00e9ristiques : taille petit et se lave \u00e0 l&rsquo;envers.<\/p>\n","protected":false},"featured_media":3487,"template":"","meta":{"_monsterinsights_skip_tracking":false,"_monsterinsights_sitenote_active":false,"_monsterinsights_sitenote_note":"","_monsterinsights_sitenote_category":0},"product_brand":[],"product_cat":[104],"product_tag":[],"class_list":{"0":"post-3998","1":"product","2":"type-product","3":"status-publish","4":"has-post-thumbnail","6":"product_cat-vetements","7":"tm-no-options","9":"first","10":"instock","11":"taxable","12":"shipping-taxable","13":"purchasable","14":"product-type-variable"},"bundle_layout":"","bundle_add_to_cart_form_location":"","bundle_editable_in_cart":false,"bundle_sold_individually_context":"","bundle_item_grouping":"","bundle_min_size":"","bundle_max_size":"","bundled_by":[],"bundled_items":[],"yoast_head":"<!-- This site is optimized with the Yoast SEO plugin v26.2 - https:\/\/yoast.com\/wordpress\/plugins\/seo\/ -->\n<title>Gilet technique Via degli Dei - Slowshop<\/title>\n<meta name=\"description\" content=\"Achete le Gilet technique Via degli Dei et pars avec nous pour une aventure incroyable sur ce chemin\" \/>\n<meta name=\"robots\" content=\"index, follow, max-snippet:-1, max-image-preview:large, max-video-preview:-1\" \/>\n<link rel=\"canonical\" href=\"https:\/\/www.slowshop.eu\/fr\/produit\/gilet-technique-via-degli-dei\/\" \/>\n<meta property=\"og:locale\" content=\"fr_FR\" \/>\n<meta property=\"og:type\" content=\"article\" \/>\n<meta property=\"og:title\" content=\"Gilet technique Via degli Dei - Slowshop\" \/>\n<meta property=\"og:description\" content=\"Achete le Gilet technique Via degli Dei et pars avec nous pour une aventure incroyable sur ce chemin\" \/>\n<meta property=\"og:url\" content=\"https:\/\/www.slowshop.eu\/fr\/produit\/gilet-technique-via-degli-dei\/\" \/>\n<meta property=\"og:site_name\" content=\"Slowshop\" \/>\n<meta property=\"article:modified_time\" content=\"2021-10-15T12:47:25+00:00\" \/>\n<meta property=\"og:image\" content=\"https:\/\/www.slowshop.eu\/wp-content\/uploads\/2021\/06\/Canottiera-Via-degli-dei.png\" \/>\n\t<meta property=\"og:image:width\" content=\"600\" \/>\n\t<meta property=\"og:image:height\" content=\"750\" \/>\n\t<meta property=\"og:image:type\" content=\"image\/png\" \/>\n<meta name=\"twitter:card\" content=\"summary_large_image\" \/>\n<script type=\"application\/ld+json\" class=\"yoast-schema-graph\">{\"@context\":\"https:\/\/schema.org\",\"@graph\":[{\"@type\":\"WebPage\",\"@id\":\"https:\/\/www.slowshop.eu\/fr\/produit\/gilet-technique-via-degli-dei\/\",\"url\":\"https:\/\/www.slowshop.eu\/fr\/produit\/gilet-technique-via-degli-dei\/\",\"name\":\"Gilet technique Via degli Dei - Slowshop\",\"isPartOf\":{\"@id\":\"https:\/\/www.slowshop.eu\/fr\/#website\"},\"primaryImageOfPage\":{\"@id\":\"https:\/\/www.slowshop.eu\/fr\/produit\/gilet-technique-via-degli-dei\/#primaryimage\"},\"image\":{\"@id\":\"https:\/\/www.slowshop.eu\/fr\/produit\/gilet-technique-via-degli-dei\/#primaryimage\"},\"thumbnailUrl\":\"https:\/\/www.slowshop.eu\/wp-content\/uploads\/2021\/06\/Canottiera-Via-degli-dei.png\",\"datePublished\":\"2021-06-29T10:27:53+00:00\",\"dateModified\":\"2021-10-15T12:47:25+00:00\",\"description\":\"Achete le Gilet technique Via degli Dei et pars avec nous pour une aventure incroyable sur ce chemin\",\"breadcrumb\":{\"@id\":\"https:\/\/www.slowshop.eu\/fr\/produit\/gilet-technique-via-degli-dei\/#breadcrumb\"},\"inLanguage\":\"fr-FR\",\"potentialAction\":[{\"@type\":\"ReadAction\",\"target\":[\"https:\/\/www.slowshop.eu\/fr\/produit\/gilet-technique-via-degli-dei\/\"]}]},{\"@type\":\"ImageObject\",\"inLanguage\":\"fr-FR\",\"@id\":\"https:\/\/www.slowshop.eu\/fr\/produit\/gilet-technique-via-degli-dei\/#primaryimage\",\"url\":\"https:\/\/www.slowshop.eu\/wp-content\/uploads\/2021\/06\/Canottiera-Via-degli-dei.png\",\"contentUrl\":\"https:\/\/www.slowshop.eu\/wp-content\/uploads\/2021\/06\/Canottiera-Via-degli-dei.png\",\"width\":600,\"height\":750},{\"@type\":\"BreadcrumbList\",\"@id\":\"https:\/\/www.slowshop.eu\/fr\/produit\/gilet-technique-via-degli-dei\/#breadcrumb\",\"itemListElement\":[{\"@type\":\"ListItem\",\"position\":1,\"name\":\"Home\",\"item\":\"https:\/\/www.slowshop.eu\/fr\/\"},{\"@type\":\"ListItem\",\"position\":2,\"name\":\"Catalogue\",\"item\":\"https:\/\/www.slowshop.eu\/fr\/catalogue\/\"},{\"@type\":\"ListItem\",\"position\":3,\"name\":\"Gilet technique Via degli Dei\"}]},{\"@type\":\"WebSite\",\"@id\":\"https:\/\/www.slowshop.eu\/fr\/#website\",\"url\":\"https:\/\/www.slowshop.eu\/fr\/\",\"name\":\"SlowShop\",\"description\":\"Vie Francigene Shop\",\"publisher\":{\"@id\":\"https:\/\/www.slowshop.eu\/fr\/#organization\"},\"potentialAction\":[{\"@type\":\"SearchAction\",\"target\":{\"@type\":\"EntryPoint\",\"urlTemplate\":\"https:\/\/www.slowshop.eu\/fr\/?s={search_term_string}\"},\"query-input\":{\"@type\":\"PropertyValueSpecification\",\"valueRequired\":true,\"valueName\":\"search_term_string\"}}],\"inLanguage\":\"fr-FR\"},{\"@type\":\"Organization\",\"@id\":\"https:\/\/www.slowshop.eu\/fr\/#organization\",\"name\":\"SlowShop\",\"url\":\"https:\/\/www.slowshop.eu\/fr\/\",\"logo\":{\"@type\":\"ImageObject\",\"inLanguage\":\"fr-FR\",\"@id\":\"https:\/\/www.slowshop.eu\/fr\/#\/schema\/logo\/image\/\",\"url\":\"https:\/\/www.slowshop.eu\/wp-content\/uploads\/2024\/07\/cropped-immagine-1.png\",\"contentUrl\":\"https:\/\/www.slowshop.eu\/wp-content\/uploads\/2024\/07\/cropped-immagine-1.png\",\"width\":512,\"height\":512,\"caption\":\"SlowShop\"},\"image\":{\"@id\":\"https:\/\/www.slowshop.eu\/fr\/#\/schema\/logo\/image\/\"}}]}<\/script>\n<!-- \/ Yoast SEO plugin. -->","yoast_head_json":{"title":"Gilet technique Via degli Dei - Slowshop","description":"Achete le Gilet technique Via degli Dei et pars avec nous pour une aventure incroyable sur ce chemin","robots":{"index":"index","follow":"follow","max-snippet":"max-snippet:-1","max-image-preview":"max-image-preview:large","max-video-preview":"max-video-preview:-1"},"canonical":"https:\/\/www.slowshop.eu\/fr\/produit\/gilet-technique-via-degli-dei\/","og_locale":"fr_FR","og_type":"article","og_title":"Gilet technique Via degli Dei - Slowshop","og_description":"Achete le Gilet technique Via degli Dei et pars avec nous pour une aventure incroyable sur ce chemin","og_url":"https:\/\/www.slowshop.eu\/fr\/produit\/gilet-technique-via-degli-dei\/","og_site_name":"Slowshop","article_modified_time":"2021-10-15T12:47:25+00:00","og_image":[{"width":600,"height":750,"url":"https:\/\/www.slowshop.eu\/wp-content\/uploads\/2021\/06\/Canottiera-Via-degli-dei.png","type":"image\/png"}],"twitter_card":"summary_large_image","schema":{"@context":"https:\/\/schema.org","@graph":[{"@type":"WebPage","@id":"https:\/\/www.slowshop.eu\/fr\/produit\/gilet-technique-via-degli-dei\/","url":"https:\/\/www.slowshop.eu\/fr\/produit\/gilet-technique-via-degli-dei\/","name":"Gilet technique Via degli Dei - Slowshop","isPartOf":{"@id":"https:\/\/www.slowshop.eu\/fr\/#website"},"primaryImageOfPage":{"@id":"https:\/\/www.slowshop.eu\/fr\/produit\/gilet-technique-via-degli-dei\/#primaryimage"},"image":{"@id":"https:\/\/www.slowshop.eu\/fr\/produit\/gilet-technique-via-degli-dei\/#primaryimage"},"thumbnailUrl":"https:\/\/www.slowshop.eu\/wp-content\/uploads\/2021\/06\/Canottiera-Via-degli-dei.png","datePublished":"2021-06-29T10:27:53+00:00","dateModified":"2021-10-15T12:47:25+00:00","description":"Achete le Gilet technique Via degli Dei et pars avec nous pour une aventure incroyable sur ce chemin","breadcrumb":{"@id":"https:\/\/www.slowshop.eu\/fr\/produit\/gilet-technique-via-degli-dei\/#breadcrumb"},"inLanguage":"fr-FR","potentialAction":[{"@type":"ReadAction","target":["https:\/\/www.slowshop.eu\/fr\/produit\/gilet-technique-via-degli-dei\/"]}]},{"@type":"ImageObject","inLanguage":"fr-FR","@id":"https:\/\/www.slowshop.eu\/fr\/produit\/gilet-technique-via-degli-dei\/#primaryimage","url":"https:\/\/www.slowshop.eu\/wp-content\/uploads\/2021\/06\/Canottiera-Via-degli-dei.png","contentUrl":"https:\/\/www.slowshop.eu\/wp-content\/uploads\/2021\/06\/Canottiera-Via-degli-dei.png","width":600,"height":750},{"@type":"BreadcrumbList","@id":"https:\/\/www.slowshop.eu\/fr\/produit\/gilet-technique-via-degli-dei\/#breadcrumb","itemListElement":[{"@type":"ListItem","position":1,"name":"Home","item":"https:\/\/www.slowshop.eu\/fr\/"},{"@type":"ListItem","position":2,"name":"Catalogue","item":"https:\/\/www.slowshop.eu\/fr\/catalogue\/"},{"@type":"ListItem","position":3,"name":"Gilet technique Via degli Dei"}]},{"@type":"WebSite","@id":"https:\/\/www.slowshop.eu\/fr\/#website","url":"https:\/\/www.slowshop.eu\/fr\/","name":"SlowShop","description":"Vie Francigene Shop","publisher":{"@id":"https:\/\/www.slowshop.eu\/fr\/#organization"},"potentialAction":[{"@type":"SearchAction","target":{"@type":"EntryPoint","urlTemplate":"https:\/\/www.slowshop.eu\/fr\/?s={search_term_string}"},"query-input":{"@type":"PropertyValueSpecification","valueRequired":true,"valueName":"search_term_string"}}],"inLanguage":"fr-FR"},{"@type":"Organization","@id":"https:\/\/www.slowshop.eu\/fr\/#organization","name":"SlowShop","url":"https:\/\/www.slowshop.eu\/fr\/","logo":{"@type":"ImageObject","inLanguage":"fr-FR","@id":"https:\/\/www.slowshop.eu\/fr\/#\/schema\/logo\/image\/","url":"https:\/\/www.slowshop.eu\/wp-content\/uploads\/2024\/07\/cropped-immagine-1.png","contentUrl":"https:\/\/www.slowshop.eu\/wp-content\/uploads\/2024\/07\/cropped-immagine-1.png","width":512,"height":512,"caption":"SlowShop"},"image":{"@id":"https:\/\/www.slowshop.eu\/fr\/#\/schema\/logo\/image\/"}}]}},"_links":{"self":[{"href":"https:\/\/www.slowshop.eu\/fr\/wp-json\/wp\/v2\/product\/3998","targetHints":{"allow":["GET"]}}],"collection":[{"href":"https:\/\/www.slowshop.eu\/fr\/wp-json\/wp\/v2\/product"}],"about":[{"href":"https:\/\/www.slowshop.eu\/fr\/wp-json\/wp\/v2\/types\/product"}],"wp:featuredmedia":[{"embeddable":true,"href":"https:\/\/www.slowshop.eu\/fr\/wp-json\/wp\/v2\/media\/3487"}],"wp:attachment":[{"href":"https:\/\/www.slowshop.eu\/fr\/wp-json\/wp\/v2\/media?parent=3998"}],"wp:term":[{"taxonomy":"product_brand","embeddable":true,"href":"https:\/\/www.slowshop.eu\/fr\/wp-json\/wp\/v2\/product_brand?post=3998"},{"taxonomy":"product_cat","embeddable":true,"href":"https:\/\/www.slowshop.eu\/fr\/wp-json\/wp\/v2\/product_cat?post=3998"},{"taxonomy":"product_tag","embeddable":true,"href":"https:\/\/www.slowshop.eu\/fr\/wp-json\/wp\/v2\/product_tag?post=3998"}],"curies":[{"name":"wp","href":"https:\/\/api.w.org\/{rel}","templated":true}]}}