{"id":4002,"date":"2021-06-29T12:15:24","date_gmt":"2021-06-29T10:15:24","guid":{"rendered":"https:\/\/www.slowshop.eu\/product\/piece-via-della-lana-e-della-seta\/"},"modified":"2021-06-29T12:15:24","modified_gmt":"2021-06-29T10:15:24","slug":"piece-via-della-lana-e-della-seta","status":"publish","type":"product","link":"https:\/\/www.slowshop.eu\/fr\/produit\/piece-via-della-lana-e-della-seta\/","title":{"rendered":"Patch Via della Lana e della Seta"},"content":{"rendered":"<h3>Patch Via della Lana e della Seta<\/h3>\n<p>Le patch officiel brod\u00e9 Via della Lana e della Seta \u00e0 appliquer sur le sac \u00e0 dos, taille 6,50 X 6,5 cm, avec le logo rouge officiel du voyage.<br \/>\nLe patch, \u00e0 coudre, est en tissu floqu\u00e9 rouge, le logo du chemin est brod\u00e9 sur le devant en blanc.<\/p>\n<p>Vivez donc un voyage extraordinaire, librement ou en groupe, le long de l&rsquo;itin\u00e9raire de Bologne \u00e0 Prato, en traversant les Apennins toscan-\u00e9miliens, parmi la nature sauvage, les traditions et les chemins anciens.<\/p>\n","protected":false},"excerpt":{"rendered":"<p>Le patch officiel brod\u00e9 Via della Lana e della Seta \u00e0 appliquer sur le sac \u00e0 dos, taille 6,50 X 6,5 cm, avec le logo rouge officiel du voyage.<br \/>\nLe patch, \u00e0 coudre, est en tissu floqu\u00e9 rouge, le logo du chemin est brod\u00e9 sur le devant en blanc.<\/p>\n","protected":false},"featured_media":3480,"template":"","meta":{"_monsterinsights_skip_tracking":false,"_monsterinsights_sitenote_active":false,"_monsterinsights_sitenote_note":"","_monsterinsights_sitenote_category":0},"product_brand":[],"product_cat":[91],"product_tag":[],"class_list":{"0":"post-4002","1":"product","2":"type-product","3":"status-publish","4":"has-post-thumbnail","6":"product_cat-non-classe","7":"tm-no-options","9":"first","10":"outofstock","11":"taxable","12":"shipping-taxable","13":"purchasable","14":"product-type-simple"},"bundle_layout":"","bundle_add_to_cart_form_location":"","bundle_editable_in_cart":false,"bundle_sold_individually_context":"","bundle_item_grouping":"","bundle_min_size":"","bundle_max_size":"","bundled_by":[],"bundled_items":[],"yoast_head":"<!-- This site is optimized with the Yoast SEO plugin v26.2 - https:\/\/yoast.com\/wordpress\/plugins\/seo\/ -->\n<title>Patch Via della Lana e della Seta - Slowshop<\/title>\n<meta name=\"description\" content=\"Achetez le Patch Via della Lana e della Seta avec le logo officiel du voyage. Partez avec nous pour une aventure inoubliable !\" \/>\n<meta name=\"robots\" content=\"index, follow, max-snippet:-1, max-image-preview:large, max-video-preview:-1\" \/>\n<link rel=\"canonical\" href=\"https:\/\/www.slowshop.eu\/fr\/produit\/piece-via-della-lana-e-della-seta\/\" \/>\n<meta property=\"og:locale\" content=\"fr_FR\" \/>\n<meta property=\"og:type\" content=\"article\" \/>\n<meta property=\"og:title\" content=\"Patch Via della Lana e della Seta - Slowshop\" \/>\n<meta property=\"og:description\" content=\"Achetez le Patch Via della Lana e della Seta avec le logo officiel du voyage. Partez avec nous pour une aventure inoubliable !\" \/>\n<meta property=\"og:url\" content=\"https:\/\/www.slowshop.eu\/fr\/produit\/piece-via-della-lana-e-della-seta\/\" \/>\n<meta property=\"og:site_name\" content=\"Slowshop\" \/>\n<meta property=\"og:image\" content=\"https:\/\/www.slowshop.eu\/wp-content\/uploads\/2021\/06\/Toppa-via-della-lana-e-della-seta.png\" \/>\n\t<meta property=\"og:image:width\" content=\"600\" \/>\n\t<meta property=\"og:image:height\" content=\"750\" \/>\n\t<meta property=\"og:image:type\" content=\"image\/png\" \/>\n<meta name=\"twitter:card\" content=\"summary_large_image\" \/>\n<script type=\"application\/ld+json\" class=\"yoast-schema-graph\">{\"@context\":\"https:\/\/schema.org\",\"@graph\":[{\"@type\":\"WebPage\",\"@id\":\"https:\/\/www.slowshop.eu\/fr\/produit\/piece-via-della-lana-e-della-seta\/\",\"url\":\"https:\/\/www.slowshop.eu\/fr\/produit\/piece-via-della-lana-e-della-seta\/\",\"name\":\"Patch Via della Lana e della Seta - Slowshop\",\"isPartOf\":{\"@id\":\"https:\/\/www.slowshop.eu\/fr\/#website\"},\"primaryImageOfPage\":{\"@id\":\"https:\/\/www.slowshop.eu\/fr\/produit\/piece-via-della-lana-e-della-seta\/#primaryimage\"},\"image\":{\"@id\":\"https:\/\/www.slowshop.eu\/fr\/produit\/piece-via-della-lana-e-della-seta\/#primaryimage\"},\"thumbnailUrl\":\"https:\/\/www.slowshop.eu\/wp-content\/uploads\/2021\/06\/Toppa-via-della-lana-e-della-seta.png\",\"datePublished\":\"2021-06-29T10:15:24+00:00\",\"description\":\"Achetez le Patch Via della Lana e della Seta avec le logo officiel du voyage. Partez avec nous pour une aventure inoubliable !\",\"breadcrumb\":{\"@id\":\"https:\/\/www.slowshop.eu\/fr\/produit\/piece-via-della-lana-e-della-seta\/#breadcrumb\"},\"inLanguage\":\"fr-FR\",\"potentialAction\":[{\"@type\":\"ReadAction\",\"target\":[\"https:\/\/www.slowshop.eu\/fr\/produit\/piece-via-della-lana-e-della-seta\/\"]}]},{\"@type\":\"ImageObject\",\"inLanguage\":\"fr-FR\",\"@id\":\"https:\/\/www.slowshop.eu\/fr\/produit\/piece-via-della-lana-e-della-seta\/#primaryimage\",\"url\":\"https:\/\/www.slowshop.eu\/wp-content\/uploads\/2021\/06\/Toppa-via-della-lana-e-della-seta.png\",\"contentUrl\":\"https:\/\/www.slowshop.eu\/wp-content\/uploads\/2021\/06\/Toppa-via-della-lana-e-della-seta.png\",\"width\":600,\"height\":750},{\"@type\":\"BreadcrumbList\",\"@id\":\"https:\/\/www.slowshop.eu\/fr\/produit\/piece-via-della-lana-e-della-seta\/#breadcrumb\",\"itemListElement\":[{\"@type\":\"ListItem\",\"position\":1,\"name\":\"Home\",\"item\":\"https:\/\/www.slowshop.eu\/fr\/\"},{\"@type\":\"ListItem\",\"position\":2,\"name\":\"Catalogue\",\"item\":\"https:\/\/www.slowshop.eu\/fr\/catalogue\/\"},{\"@type\":\"ListItem\",\"position\":3,\"name\":\"Patch Via della Lana e della Seta\"}]},{\"@type\":\"WebSite\",\"@id\":\"https:\/\/www.slowshop.eu\/fr\/#website\",\"url\":\"https:\/\/www.slowshop.eu\/fr\/\",\"name\":\"SlowShop\",\"description\":\"Vie Francigene Shop\",\"publisher\":{\"@id\":\"https:\/\/www.slowshop.eu\/fr\/#organization\"},\"potentialAction\":[{\"@type\":\"SearchAction\",\"target\":{\"@type\":\"EntryPoint\",\"urlTemplate\":\"https:\/\/www.slowshop.eu\/fr\/?s={search_term_string}\"},\"query-input\":{\"@type\":\"PropertyValueSpecification\",\"valueRequired\":true,\"valueName\":\"search_term_string\"}}],\"inLanguage\":\"fr-FR\"},{\"@type\":\"Organization\",\"@id\":\"https:\/\/www.slowshop.eu\/fr\/#organization\",\"name\":\"SlowShop\",\"url\":\"https:\/\/www.slowshop.eu\/fr\/\",\"logo\":{\"@type\":\"ImageObject\",\"inLanguage\":\"fr-FR\",\"@id\":\"https:\/\/www.slowshop.eu\/fr\/#\/schema\/logo\/image\/\",\"url\":\"https:\/\/www.slowshop.eu\/wp-content\/uploads\/2024\/07\/cropped-immagine-1.png\",\"contentUrl\":\"https:\/\/www.slowshop.eu\/wp-content\/uploads\/2024\/07\/cropped-immagine-1.png\",\"width\":512,\"height\":512,\"caption\":\"SlowShop\"},\"image\":{\"@id\":\"https:\/\/www.slowshop.eu\/fr\/#\/schema\/logo\/image\/\"}}]}<\/script>\n<!-- \/ Yoast SEO plugin. -->","yoast_head_json":{"title":"Patch Via della Lana e della Seta - Slowshop","description":"Achetez le Patch Via della Lana e della Seta avec le logo officiel du voyage. Partez avec nous pour une aventure inoubliable !","robots":{"index":"index","follow":"follow","max-snippet":"max-snippet:-1","max-image-preview":"max-image-preview:large","max-video-preview":"max-video-preview:-1"},"canonical":"https:\/\/www.slowshop.eu\/fr\/produit\/piece-via-della-lana-e-della-seta\/","og_locale":"fr_FR","og_type":"article","og_title":"Patch Via della Lana e della Seta - Slowshop","og_description":"Achetez le Patch Via della Lana e della Seta avec le logo officiel du voyage. Partez avec nous pour une aventure inoubliable !","og_url":"https:\/\/www.slowshop.eu\/fr\/produit\/piece-via-della-lana-e-della-seta\/","og_site_name":"Slowshop","og_image":[{"width":600,"height":750,"url":"https:\/\/www.slowshop.eu\/wp-content\/uploads\/2021\/06\/Toppa-via-della-lana-e-della-seta.png","type":"image\/png"}],"twitter_card":"summary_large_image","schema":{"@context":"https:\/\/schema.org","@graph":[{"@type":"WebPage","@id":"https:\/\/www.slowshop.eu\/fr\/produit\/piece-via-della-lana-e-della-seta\/","url":"https:\/\/www.slowshop.eu\/fr\/produit\/piece-via-della-lana-e-della-seta\/","name":"Patch Via della Lana e della Seta - Slowshop","isPartOf":{"@id":"https:\/\/www.slowshop.eu\/fr\/#website"},"primaryImageOfPage":{"@id":"https:\/\/www.slowshop.eu\/fr\/produit\/piece-via-della-lana-e-della-seta\/#primaryimage"},"image":{"@id":"https:\/\/www.slowshop.eu\/fr\/produit\/piece-via-della-lana-e-della-seta\/#primaryimage"},"thumbnailUrl":"https:\/\/www.slowshop.eu\/wp-content\/uploads\/2021\/06\/Toppa-via-della-lana-e-della-seta.png","datePublished":"2021-06-29T10:15:24+00:00","description":"Achetez le Patch Via della Lana e della Seta avec le logo officiel du voyage. Partez avec nous pour une aventure inoubliable !","breadcrumb":{"@id":"https:\/\/www.slowshop.eu\/fr\/produit\/piece-via-della-lana-e-della-seta\/#breadcrumb"},"inLanguage":"fr-FR","potentialAction":[{"@type":"ReadAction","target":["https:\/\/www.slowshop.eu\/fr\/produit\/piece-via-della-lana-e-della-seta\/"]}]},{"@type":"ImageObject","inLanguage":"fr-FR","@id":"https:\/\/www.slowshop.eu\/fr\/produit\/piece-via-della-lana-e-della-seta\/#primaryimage","url":"https:\/\/www.slowshop.eu\/wp-content\/uploads\/2021\/06\/Toppa-via-della-lana-e-della-seta.png","contentUrl":"https:\/\/www.slowshop.eu\/wp-content\/uploads\/2021\/06\/Toppa-via-della-lana-e-della-seta.png","width":600,"height":750},{"@type":"BreadcrumbList","@id":"https:\/\/www.slowshop.eu\/fr\/produit\/piece-via-della-lana-e-della-seta\/#breadcrumb","itemListElement":[{"@type":"ListItem","position":1,"name":"Home","item":"https:\/\/www.slowshop.eu\/fr\/"},{"@type":"ListItem","position":2,"name":"Catalogue","item":"https:\/\/www.slowshop.eu\/fr\/catalogue\/"},{"@type":"ListItem","position":3,"name":"Patch Via della Lana e della Seta"}]},{"@type":"WebSite","@id":"https:\/\/www.slowshop.eu\/fr\/#website","url":"https:\/\/www.slowshop.eu\/fr\/","name":"SlowShop","description":"Vie Francigene Shop","publisher":{"@id":"https:\/\/www.slowshop.eu\/fr\/#organization"},"potentialAction":[{"@type":"SearchAction","target":{"@type":"EntryPoint","urlTemplate":"https:\/\/www.slowshop.eu\/fr\/?s={search_term_string}"},"query-input":{"@type":"PropertyValueSpecification","valueRequired":true,"valueName":"search_term_string"}}],"inLanguage":"fr-FR"},{"@type":"Organization","@id":"https:\/\/www.slowshop.eu\/fr\/#organization","name":"SlowShop","url":"https:\/\/www.slowshop.eu\/fr\/","logo":{"@type":"ImageObject","inLanguage":"fr-FR","@id":"https:\/\/www.slowshop.eu\/fr\/#\/schema\/logo\/image\/","url":"https:\/\/www.slowshop.eu\/wp-content\/uploads\/2024\/07\/cropped-immagine-1.png","contentUrl":"https:\/\/www.slowshop.eu\/wp-content\/uploads\/2024\/07\/cropped-immagine-1.png","width":512,"height":512,"caption":"SlowShop"},"image":{"@id":"https:\/\/www.slowshop.eu\/fr\/#\/schema\/logo\/image\/"}}]}},"_links":{"self":[{"href":"https:\/\/www.slowshop.eu\/fr\/wp-json\/wp\/v2\/product\/4002","targetHints":{"allow":["GET"]}}],"collection":[{"href":"https:\/\/www.slowshop.eu\/fr\/wp-json\/wp\/v2\/product"}],"about":[{"href":"https:\/\/www.slowshop.eu\/fr\/wp-json\/wp\/v2\/types\/product"}],"wp:featuredmedia":[{"embeddable":true,"href":"https:\/\/www.slowshop.eu\/fr\/wp-json\/wp\/v2\/media\/3480"}],"wp:attachment":[{"href":"https:\/\/www.slowshop.eu\/fr\/wp-json\/wp\/v2\/media?parent=4002"}],"wp:term":[{"taxonomy":"product_brand","embeddable":true,"href":"https:\/\/www.slowshop.eu\/fr\/wp-json\/wp\/v2\/product_brand?post=4002"},{"taxonomy":"product_cat","embeddable":true,"href":"https:\/\/www.slowshop.eu\/fr\/wp-json\/wp\/v2\/product_cat?post=4002"},{"taxonomy":"product_tag","embeddable":true,"href":"https:\/\/www.slowshop.eu\/fr\/wp-json\/wp\/v2\/product_tag?post=4002"}],"curies":[{"name":"wp","href":"https:\/\/api.w.org\/{rel}","templated":true}]}}