{"id":4101,"date":"2021-06-22T11:32:49","date_gmt":"2021-06-22T09:32:49","guid":{"rendered":"https:\/\/www.slowshop.eu\/product\/la-via-di-francesco-guide-en-anglais\/"},"modified":"2023-05-15T09:04:31","modified_gmt":"2023-05-15T07:04:31","slug":"la-via-di-francesco-guide-en-anglais","status":"publish","type":"product","link":"https:\/\/www.slowshop.eu\/fr\/produit\/la-via-di-francesco-guide-en-anglais\/","title":{"rendered":"La Via di Francesco &#8211; Guide en anglais"},"content":{"rendered":"<h3>La Via di Francesco &#8211; Guide en anglais<\/h3>\n<p>La Via di Francesco &#8211; Guide en anglais raconte un voyage plein de beaut\u00e9 et de spiritualit\u00e9, de la premi\u00e8re \u00e0 la derni\u00e8re \u00e9tape : de Chiusi della Verna, avec ses palais de bijoux et ses paysages verdoyants, \u00e0 Rome, la capitale de l&rsquo;Italie d\u00e9finie par les historiens la ville \u00e9ternelle, en passant par la c\u00e9l\u00e8bre Assise pour pouvoir admirer la magnifique basilique qui d\u00e9tient les souvenirs les plus c\u00e9l\u00e8bres de Fran\u00e7ois.<\/p>\n<p>Un guide pour tous en tant que p\u00e8lerins, randonneurs, voyageurs et pour ceux qui veulent exp\u00e9rimenter m\u00eame sur de courts tron\u00e7ons le long de l&rsquo;un des itin\u00e9raires les plus connus et les plus populaires d&rsquo;Europe.<\/p>\n<p>Ce Guide vous fournit toutes les informations n\u00e9cessaires pour vous engager sur le Chemin de Fran\u00e7ois. D\u00e9couvrez les cartes d\u00e9taill\u00e9es, les altim\u00e8tres, le descriptif pas \u00e0 pas de l&rsquo;itin\u00e9raire, les variantes officielles, o\u00f9 dormir et les lieux \u00e0 visiter.<\/p>\n<p>En un seul guide, les itin\u00e9raires pour rejoindre Assise depuis La Verna et Rome, \u00e0 pied ou \u00e0 v\u00e9lo. Un voyage dans le c\u0153ur vert de l&rsquo;Italie entre paysages intacts et villes d&rsquo;art, dans les lieux de Francesco.<\/p>\n","protected":false},"excerpt":{"rendered":"<p>Un voyage plein de beaut\u00e9 et de spiritualit\u00e9, de la premi\u00e8re \u00e0 la derni\u00e8re \u00e9tape : de Chiusi della Verna, avec ses palais joyaux et ses paysages verdoyants, \u00e0 Rome, la capitale de l&rsquo;Italie d\u00e9finie par les historiens comme la ville \u00e9ternelle, en passant par la c\u00e9l\u00e8bre Assise pour pouvoir admirer la merveilleuse Basilique qui d\u00e9tient les souvenirs les plus c\u00e9l\u00e8bres de Fran\u00e7ois.<\/p>\n","protected":false},"featured_media":3354,"template":"","meta":{"_monsterinsights_skip_tracking":false,"_monsterinsights_sitenote_active":false,"_monsterinsights_sitenote_note":"","_monsterinsights_sitenote_category":0},"product_brand":[],"product_cat":[103],"product_tag":[],"class_list":{"0":"post-4101","1":"product","2":"type-product","3":"status-publish","4":"has-post-thumbnail","6":"product_cat-guides-et-passeport-pelerin","7":"tm-no-options","9":"first","10":"instock","11":"sale","12":"taxable","13":"shipping-taxable","14":"purchasable","15":"product-type-simple"},"bundle_layout":"","bundle_add_to_cart_form_location":"","bundle_editable_in_cart":false,"bundle_sold_individually_context":"","bundle_item_grouping":"","bundle_min_size":"","bundle_max_size":"","bundled_by":[],"bundled_items":[],"yoast_head":"<!-- This site is optimized with the Yoast SEO plugin v26.2 - https:\/\/yoast.com\/wordpress\/plugins\/seo\/ -->\n<title>La Via di Francesco - Guide en anglais - Slowshop<\/title>\n<meta name=\"robots\" content=\"index, follow, max-snippet:-1, max-image-preview:large, max-video-preview:-1\" \/>\n<link rel=\"canonical\" href=\"https:\/\/www.slowshop.eu\/fr\/produit\/la-via-di-francesco-guide-en-anglais\/\" \/>\n<meta property=\"og:locale\" content=\"fr_FR\" \/>\n<meta property=\"og:type\" content=\"article\" \/>\n<meta property=\"og:title\" content=\"La Via di Francesco - Guide en anglais - Slowshop\" \/>\n<meta property=\"og:description\" content=\"Un voyage plein de beaut\u00e9 et de spiritualit\u00e9, de la premi\u00e8re \u00e0 la derni\u00e8re \u00e9tape : de Chiusi della Verna, avec ses palais joyaux et ses paysages verdoyants, \u00e0 Rome, la capitale de l&#039;Italie d\u00e9finie par les historiens comme la ville \u00e9ternelle, en passant par la c\u00e9l\u00e8bre Assise pour pouvoir admirer la merveilleuse Basilique qui d\u00e9tient les souvenirs les plus c\u00e9l\u00e8bres de Fran\u00e7ois.\" \/>\n<meta property=\"og:url\" content=\"https:\/\/www.slowshop.eu\/fr\/produit\/la-via-di-francesco-guide-en-anglais\/\" \/>\n<meta property=\"og:site_name\" content=\"Slowshop\" \/>\n<meta property=\"article:modified_time\" content=\"2023-05-15T07:04:31+00:00\" \/>\n<meta property=\"og:image\" content=\"https:\/\/www.slowshop.eu\/wp-content\/uploads\/2021\/06\/Guida-via-di-Francesco-in-inglese-.png\" \/>\n\t<meta property=\"og:image:width\" content=\"600\" \/>\n\t<meta property=\"og:image:height\" content=\"750\" \/>\n\t<meta property=\"og:image:type\" content=\"image\/png\" \/>\n<meta name=\"twitter:card\" content=\"summary_large_image\" \/>\n<meta name=\"twitter:label1\" content=\"Dur\u00e9e de lecture estim\u00e9e\" \/>\n\t<meta name=\"twitter:data1\" content=\"1 minute\" \/>\n<script type=\"application\/ld+json\" class=\"yoast-schema-graph\">{\"@context\":\"https:\/\/schema.org\",\"@graph\":[{\"@type\":\"WebPage\",\"@id\":\"https:\/\/www.slowshop.eu\/fr\/produit\/la-via-di-francesco-guide-en-anglais\/\",\"url\":\"https:\/\/www.slowshop.eu\/fr\/produit\/la-via-di-francesco-guide-en-anglais\/\",\"name\":\"La Via di Francesco - Guide en anglais - Slowshop\",\"isPartOf\":{\"@id\":\"https:\/\/www.slowshop.eu\/fr\/#website\"},\"primaryImageOfPage\":{\"@id\":\"https:\/\/www.slowshop.eu\/fr\/produit\/la-via-di-francesco-guide-en-anglais\/#primaryimage\"},\"image\":{\"@id\":\"https:\/\/www.slowshop.eu\/fr\/produit\/la-via-di-francesco-guide-en-anglais\/#primaryimage\"},\"thumbnailUrl\":\"https:\/\/www.slowshop.eu\/wp-content\/uploads\/2021\/06\/Guida-via-di-Francesco-in-inglese-.png\",\"datePublished\":\"2021-06-22T09:32:49+00:00\",\"dateModified\":\"2023-05-15T07:04:31+00:00\",\"breadcrumb\":{\"@id\":\"https:\/\/www.slowshop.eu\/fr\/produit\/la-via-di-francesco-guide-en-anglais\/#breadcrumb\"},\"inLanguage\":\"fr-FR\",\"potentialAction\":[{\"@type\":\"ReadAction\",\"target\":[\"https:\/\/www.slowshop.eu\/fr\/produit\/la-via-di-francesco-guide-en-anglais\/\"]}]},{\"@type\":\"ImageObject\",\"inLanguage\":\"fr-FR\",\"@id\":\"https:\/\/www.slowshop.eu\/fr\/produit\/la-via-di-francesco-guide-en-anglais\/#primaryimage\",\"url\":\"https:\/\/www.slowshop.eu\/wp-content\/uploads\/2021\/06\/Guida-via-di-Francesco-in-inglese-.png\",\"contentUrl\":\"https:\/\/www.slowshop.eu\/wp-content\/uploads\/2021\/06\/Guida-via-di-Francesco-in-inglese-.png\",\"width\":600,\"height\":750},{\"@type\":\"BreadcrumbList\",\"@id\":\"https:\/\/www.slowshop.eu\/fr\/produit\/la-via-di-francesco-guide-en-anglais\/#breadcrumb\",\"itemListElement\":[{\"@type\":\"ListItem\",\"position\":1,\"name\":\"Home\",\"item\":\"https:\/\/www.slowshop.eu\/fr\/\"},{\"@type\":\"ListItem\",\"position\":2,\"name\":\"Catalogue\",\"item\":\"https:\/\/www.slowshop.eu\/fr\/catalogue\/\"},{\"@type\":\"ListItem\",\"position\":3,\"name\":\"La Via di Francesco &#8211; Guide en anglais\"}]},{\"@type\":\"WebSite\",\"@id\":\"https:\/\/www.slowshop.eu\/fr\/#website\",\"url\":\"https:\/\/www.slowshop.eu\/fr\/\",\"name\":\"SlowShop\",\"description\":\"Vie Francigene Shop\",\"publisher\":{\"@id\":\"https:\/\/www.slowshop.eu\/fr\/#organization\"},\"potentialAction\":[{\"@type\":\"SearchAction\",\"target\":{\"@type\":\"EntryPoint\",\"urlTemplate\":\"https:\/\/www.slowshop.eu\/fr\/?s={search_term_string}\"},\"query-input\":{\"@type\":\"PropertyValueSpecification\",\"valueRequired\":true,\"valueName\":\"search_term_string\"}}],\"inLanguage\":\"fr-FR\"},{\"@type\":\"Organization\",\"@id\":\"https:\/\/www.slowshop.eu\/fr\/#organization\",\"name\":\"SlowShop\",\"url\":\"https:\/\/www.slowshop.eu\/fr\/\",\"logo\":{\"@type\":\"ImageObject\",\"inLanguage\":\"fr-FR\",\"@id\":\"https:\/\/www.slowshop.eu\/fr\/#\/schema\/logo\/image\/\",\"url\":\"https:\/\/www.slowshop.eu\/wp-content\/uploads\/2024\/07\/cropped-immagine-1.png\",\"contentUrl\":\"https:\/\/www.slowshop.eu\/wp-content\/uploads\/2024\/07\/cropped-immagine-1.png\",\"width\":512,\"height\":512,\"caption\":\"SlowShop\"},\"image\":{\"@id\":\"https:\/\/www.slowshop.eu\/fr\/#\/schema\/logo\/image\/\"}}]}<\/script>\n<!-- \/ Yoast SEO plugin. -->","yoast_head_json":{"title":"La Via di Francesco - Guide en anglais - Slowshop","robots":{"index":"index","follow":"follow","max-snippet":"max-snippet:-1","max-image-preview":"max-image-preview:large","max-video-preview":"max-video-preview:-1"},"canonical":"https:\/\/www.slowshop.eu\/fr\/produit\/la-via-di-francesco-guide-en-anglais\/","og_locale":"fr_FR","og_type":"article","og_title":"La Via di Francesco - Guide en anglais - Slowshop","og_description":"Un voyage plein de beaut\u00e9 et de spiritualit\u00e9, de la premi\u00e8re \u00e0 la derni\u00e8re \u00e9tape : de Chiusi della Verna, avec ses palais joyaux et ses paysages verdoyants, \u00e0 Rome, la capitale de l'Italie d\u00e9finie par les historiens comme la ville \u00e9ternelle, en passant par la c\u00e9l\u00e8bre Assise pour pouvoir admirer la merveilleuse Basilique qui d\u00e9tient les souvenirs les plus c\u00e9l\u00e8bres de Fran\u00e7ois.","og_url":"https:\/\/www.slowshop.eu\/fr\/produit\/la-via-di-francesco-guide-en-anglais\/","og_site_name":"Slowshop","article_modified_time":"2023-05-15T07:04:31+00:00","og_image":[{"width":600,"height":750,"url":"https:\/\/www.slowshop.eu\/wp-content\/uploads\/2021\/06\/Guida-via-di-Francesco-in-inglese-.png","type":"image\/png"}],"twitter_card":"summary_large_image","twitter_misc":{"Dur\u00e9e de lecture estim\u00e9e":"1 minute"},"schema":{"@context":"https:\/\/schema.org","@graph":[{"@type":"WebPage","@id":"https:\/\/www.slowshop.eu\/fr\/produit\/la-via-di-francesco-guide-en-anglais\/","url":"https:\/\/www.slowshop.eu\/fr\/produit\/la-via-di-francesco-guide-en-anglais\/","name":"La Via di Francesco - Guide en anglais - Slowshop","isPartOf":{"@id":"https:\/\/www.slowshop.eu\/fr\/#website"},"primaryImageOfPage":{"@id":"https:\/\/www.slowshop.eu\/fr\/produit\/la-via-di-francesco-guide-en-anglais\/#primaryimage"},"image":{"@id":"https:\/\/www.slowshop.eu\/fr\/produit\/la-via-di-francesco-guide-en-anglais\/#primaryimage"},"thumbnailUrl":"https:\/\/www.slowshop.eu\/wp-content\/uploads\/2021\/06\/Guida-via-di-Francesco-in-inglese-.png","datePublished":"2021-06-22T09:32:49+00:00","dateModified":"2023-05-15T07:04:31+00:00","breadcrumb":{"@id":"https:\/\/www.slowshop.eu\/fr\/produit\/la-via-di-francesco-guide-en-anglais\/#breadcrumb"},"inLanguage":"fr-FR","potentialAction":[{"@type":"ReadAction","target":["https:\/\/www.slowshop.eu\/fr\/produit\/la-via-di-francesco-guide-en-anglais\/"]}]},{"@type":"ImageObject","inLanguage":"fr-FR","@id":"https:\/\/www.slowshop.eu\/fr\/produit\/la-via-di-francesco-guide-en-anglais\/#primaryimage","url":"https:\/\/www.slowshop.eu\/wp-content\/uploads\/2021\/06\/Guida-via-di-Francesco-in-inglese-.png","contentUrl":"https:\/\/www.slowshop.eu\/wp-content\/uploads\/2021\/06\/Guida-via-di-Francesco-in-inglese-.png","width":600,"height":750},{"@type":"BreadcrumbList","@id":"https:\/\/www.slowshop.eu\/fr\/produit\/la-via-di-francesco-guide-en-anglais\/#breadcrumb","itemListElement":[{"@type":"ListItem","position":1,"name":"Home","item":"https:\/\/www.slowshop.eu\/fr\/"},{"@type":"ListItem","position":2,"name":"Catalogue","item":"https:\/\/www.slowshop.eu\/fr\/catalogue\/"},{"@type":"ListItem","position":3,"name":"La Via di Francesco &#8211; Guide en anglais"}]},{"@type":"WebSite","@id":"https:\/\/www.slowshop.eu\/fr\/#website","url":"https:\/\/www.slowshop.eu\/fr\/","name":"SlowShop","description":"Vie Francigene Shop","publisher":{"@id":"https:\/\/www.slowshop.eu\/fr\/#organization"},"potentialAction":[{"@type":"SearchAction","target":{"@type":"EntryPoint","urlTemplate":"https:\/\/www.slowshop.eu\/fr\/?s={search_term_string}"},"query-input":{"@type":"PropertyValueSpecification","valueRequired":true,"valueName":"search_term_string"}}],"inLanguage":"fr-FR"},{"@type":"Organization","@id":"https:\/\/www.slowshop.eu\/fr\/#organization","name":"SlowShop","url":"https:\/\/www.slowshop.eu\/fr\/","logo":{"@type":"ImageObject","inLanguage":"fr-FR","@id":"https:\/\/www.slowshop.eu\/fr\/#\/schema\/logo\/image\/","url":"https:\/\/www.slowshop.eu\/wp-content\/uploads\/2024\/07\/cropped-immagine-1.png","contentUrl":"https:\/\/www.slowshop.eu\/wp-content\/uploads\/2024\/07\/cropped-immagine-1.png","width":512,"height":512,"caption":"SlowShop"},"image":{"@id":"https:\/\/www.slowshop.eu\/fr\/#\/schema\/logo\/image\/"}}]}},"_links":{"self":[{"href":"https:\/\/www.slowshop.eu\/fr\/wp-json\/wp\/v2\/product\/4101","targetHints":{"allow":["GET"]}}],"collection":[{"href":"https:\/\/www.slowshop.eu\/fr\/wp-json\/wp\/v2\/product"}],"about":[{"href":"https:\/\/www.slowshop.eu\/fr\/wp-json\/wp\/v2\/types\/product"}],"wp:featuredmedia":[{"embeddable":true,"href":"https:\/\/www.slowshop.eu\/fr\/wp-json\/wp\/v2\/media\/3354"}],"wp:attachment":[{"href":"https:\/\/www.slowshop.eu\/fr\/wp-json\/wp\/v2\/media?parent=4101"}],"wp:term":[{"taxonomy":"product_brand","embeddable":true,"href":"https:\/\/www.slowshop.eu\/fr\/wp-json\/wp\/v2\/product_brand?post=4101"},{"taxonomy":"product_cat","embeddable":true,"href":"https:\/\/www.slowshop.eu\/fr\/wp-json\/wp\/v2\/product_cat?post=4101"},{"taxonomy":"product_tag","embeddable":true,"href":"https:\/\/www.slowshop.eu\/fr\/wp-json\/wp\/v2\/product_tag?post=4101"}],"curies":[{"name":"wp","href":"https:\/\/api.w.org\/{rel}","templated":true}]}}