{"id":4102,"date":"2021-06-22T11:20:39","date_gmt":"2021-06-22T09:20:39","guid":{"rendered":"https:\/\/www.slowshop.eu\/product\/kit-via-di-francesco-passeport-du-pelerin-et-guide-officiel-en-italien\/"},"modified":"2021-06-22T11:20:39","modified_gmt":"2021-06-22T09:20:39","slug":"kit-via-di-francesco-passeport-du-pelerin-et-guide-officiel-en-italien","status":"publish","type":"product","link":"https:\/\/www.slowshop.eu\/fr\/produit\/kit-via-di-francesco-passeport-du-pelerin-et-guide-officiel-en-italien\/","title":{"rendered":"Kit Via di Francesco : passeport du p\u00e8lerin et guide officiel en italien"},"content":{"rendered":"<h3>Kit Via di Francesco\u00a0: passeport du p\u00e8lerin et guide officiel en italien<\/h3>\n<p>Le kit Via di Francesco comprend le guide officiel en italien de la \u00ab\u00a0Via di Francesco\u00a0\u00bb ainsi que la carte d&rsquo;identit\u00e9 gratuite.<\/p>\n<p>Le \u00ab\u00a0passeport du p\u00e8lerin\u00a0\u00bb et le guide du sentier p\u00e9destre : les deux objets fondamentaux pour les marcheurs parcourant la Via di Francesco<\/p>\n<p>Un voyage plein de beaut\u00e9 et de spiritualit\u00e9, de la premi\u00e8re \u00e0 la derni\u00e8re \u00e9tape : de Chiusi della Verna, avec ses palais joyaux et ses paysages verdoyants, \u00e0 Rome, la capitale de l&rsquo;Italie d\u00e9finie par les historiens comme la ville \u00e9ternelle, en passant par la c\u00e9l\u00e8bre Assise pour pour pouvoir admirer la magnifique basilique qui d\u00e9tient les souvenirs les plus c\u00e9l\u00e8bres de Francesco.<\/p>\n<p>Un guide pour tous en tant que p\u00e8lerins, randonneurs, voyageurs et pour ceux qui veulent exp\u00e9rimenter m\u00eame sur de courts tron\u00e7ons le long de l&rsquo;un des itin\u00e9raires les plus connus et les plus populaires d&rsquo;Europe.<\/p>\n<p>Ce guide vous fournit toutes les informations n\u00e9cessaires pour vous engager sur le Chemin de Fran\u00e7ois. D\u00e9couvrez les cartes d\u00e9taill\u00e9es, les altim\u00e8tres, le descriptif pas \u00e0 pas de l&rsquo;itin\u00e9raire, les variantes officielles, o\u00f9 dormir et les lieux \u00e0 visiter.<\/p>\n<p>En un seul guide, les itin\u00e9raires pour rejoindre Assise depuis La Verna et Rome, \u00e0 pied ou \u00e0 v\u00e9lo. Un voyage dans le c\u0153ur vert de l&rsquo;Italie entre paysages intacts et villes d&rsquo;art, dans les lieux de Francesco.<\/p>\n<p>La cr\u00e9ance est le document fondamental pour le p\u00e8lerin.<\/p>\n<p>La Lettre de cr\u00e9ance pour le Chemin de Saint Fran\u00e7ois est un document de voyage qui distingue le p\u00e8lerin de tout autre voyageur. Sur celui-ci, \u00e0 chaque \u00e9tape, sont appos\u00e9s les dates et cachets des lieux d&rsquo;accueil. Il est d\u00e9livr\u00e9 par une autorit\u00e9 religieuse qui assume la responsabilit\u00e9 de ce qu&rsquo;il dit, il doit donc \u00eatre utilis\u00e9 de mani\u00e8re responsable et correcte.<\/p>\n<p>Ceux qui ont l&rsquo;intention de faire un p\u00e8lerinage \u00e0 pied, \u00e0 v\u00e9lo, \u00e0 cheval ou par d&rsquo;autres moyens s&rsquo;engagent \u00e0 en accepter le sens et l&rsquo;esprit.<\/p>\n<p>&nbsp;<\/p>\n","protected":false},"excerpt":{"rendered":"<p>Le kit Via di Francesco contient le guide officiel et les informations d&rsquo;identification.<br \/>\nCe sont deux objets fondamentaux pour suivre les traces du Saint depuis le sanctuaire de La Verna \u00e0 Assise.<\/p>\n","protected":false},"featured_media":15329,"template":"","meta":{"_monsterinsights_skip_tracking":false,"_monsterinsights_sitenote_active":false,"_monsterinsights_sitenote_note":"","_monsterinsights_sitenote_category":0},"product_brand":[],"product_cat":[103],"product_tag":[156],"class_list":{"0":"post-4102","1":"product","2":"type-product","3":"status-publish","4":"has-post-thumbnail","6":"product_cat-guides-et-passeport-pelerin","7":"product_tag-credenziali-fr","8":"tm-no-options","10":"first","11":"instock","12":"taxable","13":"shipping-taxable","14":"purchasable","15":"product-type-bundle"},"bundle_layout":"default","bundle_add_to_cart_form_location":"default","bundle_editable_in_cart":false,"bundle_sold_individually_context":"product","bundle_item_grouping":"parent","bundle_min_size":"","bundle_max_size":"","bundled_by":[],"bundled_items":[{"bundled_item_id":107,"product_id":4326,"menu_order":1,"quantity_min":1,"quantity_max":1,"quantity_default":1,"priced_individually":false,"shipped_individually":false,"override_title":false,"title":"Credential du Chemin de Saint Fran\u00e7ois","override_description":false,"description":"Credential du Chemin de Saint Fran\u00e7ois","optional":false,"hide_thumbnail":false,"discount":"","override_variations":false,"allowed_variations":[""],"override_default_variation_attributes":false,"default_variation_attributes":[],"single_product_visibility":"visible","cart_visibility":"visible","order_visibility":"visible","single_product_price_visibility":"visible","cart_price_visibility":"visible","order_price_visibility":"visible","stock_status":"in_stock"}],"yoast_head":"<!-- This site is optimized with the Yoast SEO plugin v26.2 - https:\/\/yoast.com\/wordpress\/plugins\/seo\/ -->\n<title>Kit Via di Francesco : passeport du p\u00e8lerin et guide officiel en italien - Slowshop<\/title>\n<meta name=\"robots\" content=\"index, follow, max-snippet:-1, max-image-preview:large, max-video-preview:-1\" \/>\n<link rel=\"canonical\" href=\"https:\/\/www.slowshop.eu\/fr\/produit\/kit-via-di-francesco-passeport-du-pelerin-et-guide-officiel-en-italien\/\" \/>\n<meta property=\"og:locale\" content=\"fr_FR\" \/>\n<meta property=\"og:type\" content=\"article\" \/>\n<meta property=\"og:title\" content=\"Kit Via di Francesco : passeport du p\u00e8lerin et guide officiel en italien - Slowshop\" \/>\n<meta property=\"og:description\" content=\"Le kit Via di Francesco contient le guide officiel et les informations d&#039;identification. Ce sont deux objets fondamentaux pour suivre les traces du Saint depuis le sanctuaire de La Verna \u00e0 Assise.\" \/>\n<meta property=\"og:url\" content=\"https:\/\/www.slowshop.eu\/fr\/produit\/kit-via-di-francesco-passeport-du-pelerin-et-guide-officiel-en-italien\/\" \/>\n<meta property=\"og:site_name\" content=\"Slowshop\" \/>\n<meta property=\"og:image\" content=\"https:\/\/www.slowshop.eu\/wp-content\/uploads\/2021\/06\/La-Via-di-Francesco-1.png\" \/>\n\t<meta property=\"og:image:width\" content=\"600\" \/>\n\t<meta property=\"og:image:height\" content=\"750\" \/>\n\t<meta property=\"og:image:type\" content=\"image\/png\" \/>\n<meta name=\"twitter:card\" content=\"summary_large_image\" \/>\n<meta name=\"twitter:label1\" content=\"Dur\u00e9e de lecture estim\u00e9e\" \/>\n\t<meta name=\"twitter:data1\" content=\"2 minutes\" \/>\n<script type=\"application\/ld+json\" class=\"yoast-schema-graph\">{\"@context\":\"https:\/\/schema.org\",\"@graph\":[{\"@type\":\"WebPage\",\"@id\":\"https:\/\/www.slowshop.eu\/fr\/produit\/kit-via-di-francesco-passeport-du-pelerin-et-guide-officiel-en-italien\/\",\"url\":\"https:\/\/www.slowshop.eu\/fr\/produit\/kit-via-di-francesco-passeport-du-pelerin-et-guide-officiel-en-italien\/\",\"name\":\"Kit Via di Francesco : passeport du p\u00e8lerin et guide officiel en italien - Slowshop\",\"isPartOf\":{\"@id\":\"https:\/\/www.slowshop.eu\/fr\/#website\"},\"primaryImageOfPage\":{\"@id\":\"https:\/\/www.slowshop.eu\/fr\/produit\/kit-via-di-francesco-passeport-du-pelerin-et-guide-officiel-en-italien\/#primaryimage\"},\"image\":{\"@id\":\"https:\/\/www.slowshop.eu\/fr\/produit\/kit-via-di-francesco-passeport-du-pelerin-et-guide-officiel-en-italien\/#primaryimage\"},\"thumbnailUrl\":\"https:\/\/www.slowshop.eu\/wp-content\/uploads\/2021\/06\/La-Via-di-Francesco-1.png\",\"datePublished\":\"2021-06-22T09:20:39+00:00\",\"breadcrumb\":{\"@id\":\"https:\/\/www.slowshop.eu\/fr\/produit\/kit-via-di-francesco-passeport-du-pelerin-et-guide-officiel-en-italien\/#breadcrumb\"},\"inLanguage\":\"fr-FR\",\"potentialAction\":[{\"@type\":\"ReadAction\",\"target\":[\"https:\/\/www.slowshop.eu\/fr\/produit\/kit-via-di-francesco-passeport-du-pelerin-et-guide-officiel-en-italien\/\"]}]},{\"@type\":\"ImageObject\",\"inLanguage\":\"fr-FR\",\"@id\":\"https:\/\/www.slowshop.eu\/fr\/produit\/kit-via-di-francesco-passeport-du-pelerin-et-guide-officiel-en-italien\/#primaryimage\",\"url\":\"https:\/\/www.slowshop.eu\/wp-content\/uploads\/2021\/06\/La-Via-di-Francesco-1.png\",\"contentUrl\":\"https:\/\/www.slowshop.eu\/wp-content\/uploads\/2021\/06\/La-Via-di-Francesco-1.png\",\"width\":600,\"height\":750},{\"@type\":\"BreadcrumbList\",\"@id\":\"https:\/\/www.slowshop.eu\/fr\/produit\/kit-via-di-francesco-passeport-du-pelerin-et-guide-officiel-en-italien\/#breadcrumb\",\"itemListElement\":[{\"@type\":\"ListItem\",\"position\":1,\"name\":\"Home\",\"item\":\"https:\/\/www.slowshop.eu\/fr\/\"},{\"@type\":\"ListItem\",\"position\":2,\"name\":\"Catalogue\",\"item\":\"https:\/\/www.slowshop.eu\/fr\/catalogue\/\"},{\"@type\":\"ListItem\",\"position\":3,\"name\":\"Kit Via di Francesco : passeport du p\u00e8lerin et guide officiel en italien\"}]},{\"@type\":\"WebSite\",\"@id\":\"https:\/\/www.slowshop.eu\/fr\/#website\",\"url\":\"https:\/\/www.slowshop.eu\/fr\/\",\"name\":\"SlowShop\",\"description\":\"Vie Francigene Shop\",\"publisher\":{\"@id\":\"https:\/\/www.slowshop.eu\/fr\/#organization\"},\"potentialAction\":[{\"@type\":\"SearchAction\",\"target\":{\"@type\":\"EntryPoint\",\"urlTemplate\":\"https:\/\/www.slowshop.eu\/fr\/?s={search_term_string}\"},\"query-input\":{\"@type\":\"PropertyValueSpecification\",\"valueRequired\":true,\"valueName\":\"search_term_string\"}}],\"inLanguage\":\"fr-FR\"},{\"@type\":\"Organization\",\"@id\":\"https:\/\/www.slowshop.eu\/fr\/#organization\",\"name\":\"SlowShop\",\"url\":\"https:\/\/www.slowshop.eu\/fr\/\",\"logo\":{\"@type\":\"ImageObject\",\"inLanguage\":\"fr-FR\",\"@id\":\"https:\/\/www.slowshop.eu\/fr\/#\/schema\/logo\/image\/\",\"url\":\"https:\/\/www.slowshop.eu\/wp-content\/uploads\/2024\/07\/cropped-immagine-1.png\",\"contentUrl\":\"https:\/\/www.slowshop.eu\/wp-content\/uploads\/2024\/07\/cropped-immagine-1.png\",\"width\":512,\"height\":512,\"caption\":\"SlowShop\"},\"image\":{\"@id\":\"https:\/\/www.slowshop.eu\/fr\/#\/schema\/logo\/image\/\"}}]}<\/script>\n<!-- \/ Yoast SEO plugin. -->","yoast_head_json":{"title":"Kit Via di Francesco : passeport du p\u00e8lerin et guide officiel en italien - Slowshop","robots":{"index":"index","follow":"follow","max-snippet":"max-snippet:-1","max-image-preview":"max-image-preview:large","max-video-preview":"max-video-preview:-1"},"canonical":"https:\/\/www.slowshop.eu\/fr\/produit\/kit-via-di-francesco-passeport-du-pelerin-et-guide-officiel-en-italien\/","og_locale":"fr_FR","og_type":"article","og_title":"Kit Via di Francesco : passeport du p\u00e8lerin et guide officiel en italien - Slowshop","og_description":"Le kit Via di Francesco contient le guide officiel et les informations d'identification. Ce sont deux objets fondamentaux pour suivre les traces du Saint depuis le sanctuaire de La Verna \u00e0 Assise.","og_url":"https:\/\/www.slowshop.eu\/fr\/produit\/kit-via-di-francesco-passeport-du-pelerin-et-guide-officiel-en-italien\/","og_site_name":"Slowshop","og_image":[{"width":600,"height":750,"url":"https:\/\/www.slowshop.eu\/wp-content\/uploads\/2021\/06\/La-Via-di-Francesco-1.png","type":"image\/png"}],"twitter_card":"summary_large_image","twitter_misc":{"Dur\u00e9e de lecture estim\u00e9e":"2 minutes"},"schema":{"@context":"https:\/\/schema.org","@graph":[{"@type":"WebPage","@id":"https:\/\/www.slowshop.eu\/fr\/produit\/kit-via-di-francesco-passeport-du-pelerin-et-guide-officiel-en-italien\/","url":"https:\/\/www.slowshop.eu\/fr\/produit\/kit-via-di-francesco-passeport-du-pelerin-et-guide-officiel-en-italien\/","name":"Kit Via di Francesco : passeport du p\u00e8lerin et guide officiel en italien - Slowshop","isPartOf":{"@id":"https:\/\/www.slowshop.eu\/fr\/#website"},"primaryImageOfPage":{"@id":"https:\/\/www.slowshop.eu\/fr\/produit\/kit-via-di-francesco-passeport-du-pelerin-et-guide-officiel-en-italien\/#primaryimage"},"image":{"@id":"https:\/\/www.slowshop.eu\/fr\/produit\/kit-via-di-francesco-passeport-du-pelerin-et-guide-officiel-en-italien\/#primaryimage"},"thumbnailUrl":"https:\/\/www.slowshop.eu\/wp-content\/uploads\/2021\/06\/La-Via-di-Francesco-1.png","datePublished":"2021-06-22T09:20:39+00:00","breadcrumb":{"@id":"https:\/\/www.slowshop.eu\/fr\/produit\/kit-via-di-francesco-passeport-du-pelerin-et-guide-officiel-en-italien\/#breadcrumb"},"inLanguage":"fr-FR","potentialAction":[{"@type":"ReadAction","target":["https:\/\/www.slowshop.eu\/fr\/produit\/kit-via-di-francesco-passeport-du-pelerin-et-guide-officiel-en-italien\/"]}]},{"@type":"ImageObject","inLanguage":"fr-FR","@id":"https:\/\/www.slowshop.eu\/fr\/produit\/kit-via-di-francesco-passeport-du-pelerin-et-guide-officiel-en-italien\/#primaryimage","url":"https:\/\/www.slowshop.eu\/wp-content\/uploads\/2021\/06\/La-Via-di-Francesco-1.png","contentUrl":"https:\/\/www.slowshop.eu\/wp-content\/uploads\/2021\/06\/La-Via-di-Francesco-1.png","width":600,"height":750},{"@type":"BreadcrumbList","@id":"https:\/\/www.slowshop.eu\/fr\/produit\/kit-via-di-francesco-passeport-du-pelerin-et-guide-officiel-en-italien\/#breadcrumb","itemListElement":[{"@type":"ListItem","position":1,"name":"Home","item":"https:\/\/www.slowshop.eu\/fr\/"},{"@type":"ListItem","position":2,"name":"Catalogue","item":"https:\/\/www.slowshop.eu\/fr\/catalogue\/"},{"@type":"ListItem","position":3,"name":"Kit Via di Francesco : passeport du p\u00e8lerin et guide officiel en italien"}]},{"@type":"WebSite","@id":"https:\/\/www.slowshop.eu\/fr\/#website","url":"https:\/\/www.slowshop.eu\/fr\/","name":"SlowShop","description":"Vie Francigene Shop","publisher":{"@id":"https:\/\/www.slowshop.eu\/fr\/#organization"},"potentialAction":[{"@type":"SearchAction","target":{"@type":"EntryPoint","urlTemplate":"https:\/\/www.slowshop.eu\/fr\/?s={search_term_string}"},"query-input":{"@type":"PropertyValueSpecification","valueRequired":true,"valueName":"search_term_string"}}],"inLanguage":"fr-FR"},{"@type":"Organization","@id":"https:\/\/www.slowshop.eu\/fr\/#organization","name":"SlowShop","url":"https:\/\/www.slowshop.eu\/fr\/","logo":{"@type":"ImageObject","inLanguage":"fr-FR","@id":"https:\/\/www.slowshop.eu\/fr\/#\/schema\/logo\/image\/","url":"https:\/\/www.slowshop.eu\/wp-content\/uploads\/2024\/07\/cropped-immagine-1.png","contentUrl":"https:\/\/www.slowshop.eu\/wp-content\/uploads\/2024\/07\/cropped-immagine-1.png","width":512,"height":512,"caption":"SlowShop"},"image":{"@id":"https:\/\/www.slowshop.eu\/fr\/#\/schema\/logo\/image\/"}}]}},"_links":{"self":[{"href":"https:\/\/www.slowshop.eu\/fr\/wp-json\/wp\/v2\/product\/4102","targetHints":{"allow":["GET"]}}],"collection":[{"href":"https:\/\/www.slowshop.eu\/fr\/wp-json\/wp\/v2\/product"}],"about":[{"href":"https:\/\/www.slowshop.eu\/fr\/wp-json\/wp\/v2\/types\/product"}],"wp:featuredmedia":[{"embeddable":true,"href":"https:\/\/www.slowshop.eu\/fr\/wp-json\/wp\/v2\/media\/15329"}],"wp:attachment":[{"href":"https:\/\/www.slowshop.eu\/fr\/wp-json\/wp\/v2\/media?parent=4102"}],"wp:term":[{"taxonomy":"product_brand","embeddable":true,"href":"https:\/\/www.slowshop.eu\/fr\/wp-json\/wp\/v2\/product_brand?post=4102"},{"taxonomy":"product_cat","embeddable":true,"href":"https:\/\/www.slowshop.eu\/fr\/wp-json\/wp\/v2\/product_cat?post=4102"},{"taxonomy":"product_tag","embeddable":true,"href":"https:\/\/www.slowshop.eu\/fr\/wp-json\/wp\/v2\/product_tag?post=4102"}],"curies":[{"name":"wp","href":"https:\/\/api.w.org\/{rel}","templated":true}]}}