{"id":4103,"date":"2021-06-22T10:26:15","date_gmt":"2021-06-22T08:26:15","guid":{"rendered":"https:\/\/www.slowshop.eu\/product\/magazine-via-francigena-et-les-itineraires-culturels-europeens-n-44\/"},"modified":"2021-06-22T10:26:15","modified_gmt":"2021-06-22T08:26:15","slug":"magazine-via-francigena-et-les-itineraires-culturels-europeens-n-44","status":"publish","type":"product","link":"https:\/\/www.slowshop.eu\/fr\/produit\/magazine-via-francigena-et-les-itineraires-culturels-europeens-n-44\/","title":{"rendered":"Magazine \u00ab\u00a0Via Francigena et les Itin\u00e9raires Culturels Europ\u00e9ens\u00a0\u00bb n.44"},"content":{"rendered":"<h3>Magazine \u00ab\u00a0Via Francigena et les Itin\u00e9raires Culturels Europ\u00e9ens\u00a0\u00bb n.44<\/h3>\n<p>Le magazine \u00ab\u00a0Via Francigena et les Itin\u00e9raires Culturels Europ\u00e9ens\u00a0\u00bb n.44 est l&rsquo;outil \u00e9ditorial de l&rsquo;Association Europ\u00e9enne de la Vie Francigene (EAVF).<br \/>\nUn magazine accompagn\u00e9 d&rsquo;une riche palette d&rsquo;images qui combine une analyse historico-culturelle avec des informations sur les activit\u00e9s de l&rsquo;Association, en la repla\u00e7ant dans le contexte plus large des itin\u00e9raires du Conseil de l&rsquo;Europe.<\/p>\n","protected":false},"excerpt":{"rendered":"<p>Le magazine \u00ab\u00a0Via Francigena et les Itin\u00e9raires Culturels Europ\u00e9ens\u00a0\u00bb n.44 est l&rsquo;outil \u00e9ditorial de l&rsquo;Association Europ\u00e9enne de la Vie Francigene (EAVF).<br \/>\nUn magazine accompagn\u00e9 d&rsquo;une riche palette d&rsquo;images qui combine une analyse historico-culturelle avec des informations sur les activit\u00e9s de l&rsquo;Association, en la repla\u00e7ant dans le contexte plus large des itin\u00e9raires du Conseil de l&rsquo;Europe.<\/p>\n","protected":false},"featured_media":3337,"template":"","meta":{"_monsterinsights_skip_tracking":false,"_monsterinsights_sitenote_active":false,"_monsterinsights_sitenote_note":"","_monsterinsights_sitenote_category":0},"product_brand":[],"product_cat":[106,108],"product_tag":[120],"class_list":{"0":"post-4103","1":"product","2":"type-product","3":"status-publish","4":"has-post-thumbnail","6":"product_cat-les-magazines","7":"product_cat-via-francigena-fr","8":"product_tag-via-francigena-fr","9":"tm-no-options","11":"first","12":"outofstock","13":"taxable","14":"shipping-taxable","15":"purchasable","16":"product-type-simple"},"bundle_layout":"","bundle_add_to_cart_form_location":"","bundle_editable_in_cart":false,"bundle_sold_individually_context":"","bundle_item_grouping":"","bundle_min_size":"","bundle_max_size":"","bundled_by":[],"bundled_items":[],"yoast_head":"<!-- This site is optimized with the Yoast SEO plugin v26.2 - https:\/\/yoast.com\/wordpress\/plugins\/seo\/ -->\n<title>Magazine &quot;Via Francigena et les Itin\u00e9raires Culturels Europ\u00e9ens&quot; n.44 - Slowshop<\/title>\n<meta name=\"robots\" content=\"index, follow, max-snippet:-1, max-image-preview:large, max-video-preview:-1\" \/>\n<link rel=\"canonical\" href=\"https:\/\/www.slowshop.eu\/fr\/produit\/magazine-via-francigena-et-les-itineraires-culturels-europeens-n-44\/\" \/>\n<meta property=\"og:locale\" content=\"fr_FR\" \/>\n<meta property=\"og:type\" content=\"article\" \/>\n<meta property=\"og:title\" content=\"Magazine &quot;Via Francigena et les Itin\u00e9raires Culturels Europ\u00e9ens&quot; n.44 - Slowshop\" \/>\n<meta property=\"og:description\" content=\"Le magazine &quot;Via Francigena et les Itin\u00e9raires Culturels Europ\u00e9ens&quot; n.44 est l&#039;outil \u00e9ditorial de l&#039;Association Europ\u00e9enne de la Vie Francigene (EAVF). Un magazine accompagn\u00e9 d&#039;une riche palette d&#039;images qui combine une analyse historico-culturelle avec des informations sur les activit\u00e9s de l&#039;Association, en la repla\u00e7ant dans le contexte plus large des itin\u00e9raires du Conseil de l&#039;Europe.\" \/>\n<meta property=\"og:url\" content=\"https:\/\/www.slowshop.eu\/fr\/produit\/magazine-via-francigena-et-les-itineraires-culturels-europeens-n-44\/\" \/>\n<meta property=\"og:site_name\" content=\"Slowshop\" \/>\n<meta property=\"og:image\" content=\"https:\/\/www.slowshop.eu\/wp-content\/uploads\/2021\/06\/44.png\" \/>\n\t<meta property=\"og:image:width\" content=\"600\" \/>\n\t<meta property=\"og:image:height\" content=\"750\" \/>\n\t<meta property=\"og:image:type\" content=\"image\/png\" \/>\n<meta name=\"twitter:card\" content=\"summary_large_image\" \/>\n<script type=\"application\/ld+json\" class=\"yoast-schema-graph\">{\"@context\":\"https:\/\/schema.org\",\"@graph\":[{\"@type\":\"WebPage\",\"@id\":\"https:\/\/www.slowshop.eu\/fr\/produit\/magazine-via-francigena-et-les-itineraires-culturels-europeens-n-44\/\",\"url\":\"https:\/\/www.slowshop.eu\/fr\/produit\/magazine-via-francigena-et-les-itineraires-culturels-europeens-n-44\/\",\"name\":\"Magazine \\\"Via Francigena et les Itin\u00e9raires Culturels Europ\u00e9ens\\\" n.44 - Slowshop\",\"isPartOf\":{\"@id\":\"https:\/\/www.slowshop.eu\/fr\/#website\"},\"primaryImageOfPage\":{\"@id\":\"https:\/\/www.slowshop.eu\/fr\/produit\/magazine-via-francigena-et-les-itineraires-culturels-europeens-n-44\/#primaryimage\"},\"image\":{\"@id\":\"https:\/\/www.slowshop.eu\/fr\/produit\/magazine-via-francigena-et-les-itineraires-culturels-europeens-n-44\/#primaryimage\"},\"thumbnailUrl\":\"https:\/\/www.slowshop.eu\/wp-content\/uploads\/2021\/06\/44.png\",\"datePublished\":\"2021-06-22T08:26:15+00:00\",\"breadcrumb\":{\"@id\":\"https:\/\/www.slowshop.eu\/fr\/produit\/magazine-via-francigena-et-les-itineraires-culturels-europeens-n-44\/#breadcrumb\"},\"inLanguage\":\"fr-FR\",\"potentialAction\":[{\"@type\":\"ReadAction\",\"target\":[\"https:\/\/www.slowshop.eu\/fr\/produit\/magazine-via-francigena-et-les-itineraires-culturels-europeens-n-44\/\"]}]},{\"@type\":\"ImageObject\",\"inLanguage\":\"fr-FR\",\"@id\":\"https:\/\/www.slowshop.eu\/fr\/produit\/magazine-via-francigena-et-les-itineraires-culturels-europeens-n-44\/#primaryimage\",\"url\":\"https:\/\/www.slowshop.eu\/wp-content\/uploads\/2021\/06\/44.png\",\"contentUrl\":\"https:\/\/www.slowshop.eu\/wp-content\/uploads\/2021\/06\/44.png\",\"width\":600,\"height\":750},{\"@type\":\"BreadcrumbList\",\"@id\":\"https:\/\/www.slowshop.eu\/fr\/produit\/magazine-via-francigena-et-les-itineraires-culturels-europeens-n-44\/#breadcrumb\",\"itemListElement\":[{\"@type\":\"ListItem\",\"position\":1,\"name\":\"Home\",\"item\":\"https:\/\/www.slowshop.eu\/fr\/\"},{\"@type\":\"ListItem\",\"position\":2,\"name\":\"Catalogue\",\"item\":\"https:\/\/www.slowshop.eu\/fr\/catalogue\/\"},{\"@type\":\"ListItem\",\"position\":3,\"name\":\"Magazine &#8220;Via Francigena et les Itin\u00e9raires Culturels Europ\u00e9ens&#8221; n.44\"}]},{\"@type\":\"WebSite\",\"@id\":\"https:\/\/www.slowshop.eu\/fr\/#website\",\"url\":\"https:\/\/www.slowshop.eu\/fr\/\",\"name\":\"SlowShop\",\"description\":\"Vie Francigene Shop\",\"publisher\":{\"@id\":\"https:\/\/www.slowshop.eu\/fr\/#organization\"},\"potentialAction\":[{\"@type\":\"SearchAction\",\"target\":{\"@type\":\"EntryPoint\",\"urlTemplate\":\"https:\/\/www.slowshop.eu\/fr\/?s={search_term_string}\"},\"query-input\":{\"@type\":\"PropertyValueSpecification\",\"valueRequired\":true,\"valueName\":\"search_term_string\"}}],\"inLanguage\":\"fr-FR\"},{\"@type\":\"Organization\",\"@id\":\"https:\/\/www.slowshop.eu\/fr\/#organization\",\"name\":\"SlowShop\",\"url\":\"https:\/\/www.slowshop.eu\/fr\/\",\"logo\":{\"@type\":\"ImageObject\",\"inLanguage\":\"fr-FR\",\"@id\":\"https:\/\/www.slowshop.eu\/fr\/#\/schema\/logo\/image\/\",\"url\":\"https:\/\/www.slowshop.eu\/wp-content\/uploads\/2024\/07\/cropped-immagine-1.png\",\"contentUrl\":\"https:\/\/www.slowshop.eu\/wp-content\/uploads\/2024\/07\/cropped-immagine-1.png\",\"width\":512,\"height\":512,\"caption\":\"SlowShop\"},\"image\":{\"@id\":\"https:\/\/www.slowshop.eu\/fr\/#\/schema\/logo\/image\/\"}}]}<\/script>\n<!-- \/ Yoast SEO plugin. -->","yoast_head_json":{"title":"Magazine \"Via Francigena et les Itin\u00e9raires Culturels Europ\u00e9ens\" n.44 - Slowshop","robots":{"index":"index","follow":"follow","max-snippet":"max-snippet:-1","max-image-preview":"max-image-preview:large","max-video-preview":"max-video-preview:-1"},"canonical":"https:\/\/www.slowshop.eu\/fr\/produit\/magazine-via-francigena-et-les-itineraires-culturels-europeens-n-44\/","og_locale":"fr_FR","og_type":"article","og_title":"Magazine \"Via Francigena et les Itin\u00e9raires Culturels Europ\u00e9ens\" n.44 - Slowshop","og_description":"Le magazine \"Via Francigena et les Itin\u00e9raires Culturels Europ\u00e9ens\" n.44 est l'outil \u00e9ditorial de l'Association Europ\u00e9enne de la Vie Francigene (EAVF). Un magazine accompagn\u00e9 d'une riche palette d'images qui combine une analyse historico-culturelle avec des informations sur les activit\u00e9s de l'Association, en la repla\u00e7ant dans le contexte plus large des itin\u00e9raires du Conseil de l'Europe.","og_url":"https:\/\/www.slowshop.eu\/fr\/produit\/magazine-via-francigena-et-les-itineraires-culturels-europeens-n-44\/","og_site_name":"Slowshop","og_image":[{"width":600,"height":750,"url":"https:\/\/www.slowshop.eu\/wp-content\/uploads\/2021\/06\/44.png","type":"image\/png"}],"twitter_card":"summary_large_image","schema":{"@context":"https:\/\/schema.org","@graph":[{"@type":"WebPage","@id":"https:\/\/www.slowshop.eu\/fr\/produit\/magazine-via-francigena-et-les-itineraires-culturels-europeens-n-44\/","url":"https:\/\/www.slowshop.eu\/fr\/produit\/magazine-via-francigena-et-les-itineraires-culturels-europeens-n-44\/","name":"Magazine \"Via Francigena et les Itin\u00e9raires Culturels Europ\u00e9ens\" n.44 - Slowshop","isPartOf":{"@id":"https:\/\/www.slowshop.eu\/fr\/#website"},"primaryImageOfPage":{"@id":"https:\/\/www.slowshop.eu\/fr\/produit\/magazine-via-francigena-et-les-itineraires-culturels-europeens-n-44\/#primaryimage"},"image":{"@id":"https:\/\/www.slowshop.eu\/fr\/produit\/magazine-via-francigena-et-les-itineraires-culturels-europeens-n-44\/#primaryimage"},"thumbnailUrl":"https:\/\/www.slowshop.eu\/wp-content\/uploads\/2021\/06\/44.png","datePublished":"2021-06-22T08:26:15+00:00","breadcrumb":{"@id":"https:\/\/www.slowshop.eu\/fr\/produit\/magazine-via-francigena-et-les-itineraires-culturels-europeens-n-44\/#breadcrumb"},"inLanguage":"fr-FR","potentialAction":[{"@type":"ReadAction","target":["https:\/\/www.slowshop.eu\/fr\/produit\/magazine-via-francigena-et-les-itineraires-culturels-europeens-n-44\/"]}]},{"@type":"ImageObject","inLanguage":"fr-FR","@id":"https:\/\/www.slowshop.eu\/fr\/produit\/magazine-via-francigena-et-les-itineraires-culturels-europeens-n-44\/#primaryimage","url":"https:\/\/www.slowshop.eu\/wp-content\/uploads\/2021\/06\/44.png","contentUrl":"https:\/\/www.slowshop.eu\/wp-content\/uploads\/2021\/06\/44.png","width":600,"height":750},{"@type":"BreadcrumbList","@id":"https:\/\/www.slowshop.eu\/fr\/produit\/magazine-via-francigena-et-les-itineraires-culturels-europeens-n-44\/#breadcrumb","itemListElement":[{"@type":"ListItem","position":1,"name":"Home","item":"https:\/\/www.slowshop.eu\/fr\/"},{"@type":"ListItem","position":2,"name":"Catalogue","item":"https:\/\/www.slowshop.eu\/fr\/catalogue\/"},{"@type":"ListItem","position":3,"name":"Magazine &#8220;Via Francigena et les Itin\u00e9raires Culturels Europ\u00e9ens&#8221; n.44"}]},{"@type":"WebSite","@id":"https:\/\/www.slowshop.eu\/fr\/#website","url":"https:\/\/www.slowshop.eu\/fr\/","name":"SlowShop","description":"Vie Francigene Shop","publisher":{"@id":"https:\/\/www.slowshop.eu\/fr\/#organization"},"potentialAction":[{"@type":"SearchAction","target":{"@type":"EntryPoint","urlTemplate":"https:\/\/www.slowshop.eu\/fr\/?s={search_term_string}"},"query-input":{"@type":"PropertyValueSpecification","valueRequired":true,"valueName":"search_term_string"}}],"inLanguage":"fr-FR"},{"@type":"Organization","@id":"https:\/\/www.slowshop.eu\/fr\/#organization","name":"SlowShop","url":"https:\/\/www.slowshop.eu\/fr\/","logo":{"@type":"ImageObject","inLanguage":"fr-FR","@id":"https:\/\/www.slowshop.eu\/fr\/#\/schema\/logo\/image\/","url":"https:\/\/www.slowshop.eu\/wp-content\/uploads\/2024\/07\/cropped-immagine-1.png","contentUrl":"https:\/\/www.slowshop.eu\/wp-content\/uploads\/2024\/07\/cropped-immagine-1.png","width":512,"height":512,"caption":"SlowShop"},"image":{"@id":"https:\/\/www.slowshop.eu\/fr\/#\/schema\/logo\/image\/"}}]}},"_links":{"self":[{"href":"https:\/\/www.slowshop.eu\/fr\/wp-json\/wp\/v2\/product\/4103","targetHints":{"allow":["GET"]}}],"collection":[{"href":"https:\/\/www.slowshop.eu\/fr\/wp-json\/wp\/v2\/product"}],"about":[{"href":"https:\/\/www.slowshop.eu\/fr\/wp-json\/wp\/v2\/types\/product"}],"wp:featuredmedia":[{"embeddable":true,"href":"https:\/\/www.slowshop.eu\/fr\/wp-json\/wp\/v2\/media\/3337"}],"wp:attachment":[{"href":"https:\/\/www.slowshop.eu\/fr\/wp-json\/wp\/v2\/media?parent=4103"}],"wp:term":[{"taxonomy":"product_brand","embeddable":true,"href":"https:\/\/www.slowshop.eu\/fr\/wp-json\/wp\/v2\/product_brand?post=4103"},{"taxonomy":"product_cat","embeddable":true,"href":"https:\/\/www.slowshop.eu\/fr\/wp-json\/wp\/v2\/product_cat?post=4103"},{"taxonomy":"product_tag","embeddable":true,"href":"https:\/\/www.slowshop.eu\/fr\/wp-json\/wp\/v2\/product_tag?post=4103"}],"curies":[{"name":"wp","href":"https:\/\/api.w.org\/{rel}","templated":true}]}}