{"id":4109,"date":"2021-06-17T14:59:33","date_gmt":"2021-06-17T12:59:33","guid":{"rendered":"https:\/\/www.slowshop.eu\/product\/kit-passeport-pelerin-coquillage-santiago\/"},"modified":"2021-06-17T14:59:33","modified_gmt":"2021-06-17T12:59:33","slug":"kit-passeport-pelerin-coquillage-santiago","status":"publish","type":"product","link":"https:\/\/www.slowshop.eu\/fr\/produit\/kit-passeport-pelerin-coquillage-santiago\/","title":{"rendered":"Kit passeport p\u00e8lerin + coquillage Santiago"},"content":{"rendered":"<h3>Kit passeport p\u00e8lerin + coquillage Santiago<\/h3>\n<p>Le kit se compose du Credential et de la Coquille du Camino de Santiago: symboles fondamentaux pour le p\u00e8lerin de Saint-Jacques-de-Compostelle.<\/p>\n<p>Le Credential certifie l&rsquo;identit\u00e9 et les motivations du voyageur, c&rsquo;est un outil indispensable. Le p\u00e8lerin doit avoir la pi\u00e8ce d&rsquo;identit\u00e9 du p\u00e8lerin avec lui pour \u00eatre identifi\u00e9 comme tel. Il est n\u00e9cessaire d&rsquo;avoir la carte d&rsquo;identit\u00e9 pour avoir acc\u00e8s aux installations d&rsquo;accueil le long de l&rsquo;itin\u00e9raire. De plus, il vous permet de profiter des accords avec les activit\u00e9s de restauration. Dans certaines r\u00e9gions, les services de transport public sont \u00e9galement affili\u00e9s.<\/p>\n<p>De nombreuses structures accueillent les p\u00e8lerins en demandant une simple offre de prise en charge des frais de gestion, dans d&rsquo;autres cas, lorsqu&rsquo;il s&rsquo;agit d&rsquo;h\u00e9bergements proposant plus de services ou de transports en commun comme les trains et les bus, des r\u00e9ductions sont g\u00e9n\u00e9ralement appliqu\u00e9es.<\/p>\n<p>L&rsquo;identifiant contient des cases d&rsquo;estampage, suffisantes pour tout le voyage. Commandez votre carte de p\u00e8lerin et partez en voyage vers Santiago !<\/p>\n<p>Nous vous recommandons d&rsquo;acheter avec le Guide Officiel du Chemin de Saint-Jacques-de-Compostelle.<\/p>\n","protected":false},"excerpt":{"rendered":"<p>Le kit se compose du Credential et de la Coquille du Camino de Santiago: symboles fondamentaux pour le p\u00e8lerin de Saint-Jacques-de-Compostelle.<\/p>\n","protected":false},"featured_media":9113,"template":"","meta":{"_monsterinsights_skip_tracking":false,"_monsterinsights_sitenote_active":false,"_monsterinsights_sitenote_note":"","_monsterinsights_sitenote_category":0},"product_brand":[],"product_cat":[144,107,103],"product_tag":[156],"class_list":{"0":"post-4109","1":"product","2":"type-product","3":"status-publish","4":"has-post-thumbnail","6":"product_cat-cammino-di-santiago-fr","7":"product_cat-gadget-fr","8":"product_cat-guides-et-passeport-pelerin","9":"product_tag-credenziali-fr","10":"tm-no-options","12":"first","13":"instock","14":"virtual","15":"taxable","16":"purchasable","17":"product-type-bundle"},"bundle_layout":"default","bundle_add_to_cart_form_location":"default","bundle_editable_in_cart":false,"bundle_sold_individually_context":"product","bundle_item_grouping":"parent","bundle_min_size":"","bundle_max_size":"","bundled_by":[],"bundled_items":[{"bundled_item_id":69,"product_id":2340,"menu_order":0,"quantity_min":1,"quantity_max":1,"quantity_default":1,"priced_individually":false,"shipped_individually":false,"override_title":false,"title":"Passeport du p\u00e8lerin de Santiago de Compostela","override_description":false,"description":"Passeport du p\u00e8lerin de Santiago de Compostela","optional":false,"hide_thumbnail":false,"discount":"","override_variations":false,"allowed_variations":[""],"override_default_variation_attributes":false,"default_variation_attributes":[],"single_product_visibility":"visible","cart_visibility":"visible","order_visibility":"visible","single_product_price_visibility":"visible","cart_price_visibility":"visible","order_price_visibility":"visible","stock_status":"in_stock"},{"bundled_item_id":104,"product_id":4121,"menu_order":1,"quantity_min":1,"quantity_max":1,"quantity_default":1,"priced_individually":false,"shipped_individually":false,"override_title":false,"title":"La coquille de Saint-Jacques de Compostelle","override_description":false,"description":"La coquille de Saint-Jacques de Compostelle","optional":false,"hide_thumbnail":false,"discount":"","override_variations":false,"allowed_variations":[""],"override_default_variation_attributes":false,"default_variation_attributes":[],"single_product_visibility":"visible","cart_visibility":"visible","order_visibility":"visible","single_product_price_visibility":"visible","cart_price_visibility":"visible","order_price_visibility":"visible","stock_status":"in_stock"}],"yoast_head":"<!-- This site is optimized with the Yoast SEO plugin v26.2 - https:\/\/yoast.com\/wordpress\/plugins\/seo\/ -->\n<title>Kit passeport p\u00e8lerin + coquillage Santiago - Slowshop<\/title>\n<meta name=\"robots\" content=\"index, follow, max-snippet:-1, max-image-preview:large, max-video-preview:-1\" \/>\n<link rel=\"canonical\" href=\"https:\/\/www.slowshop.eu\/fr\/produit\/kit-passeport-pelerin-coquillage-santiago\/\" \/>\n<meta property=\"og:locale\" content=\"fr_FR\" \/>\n<meta property=\"og:type\" content=\"article\" \/>\n<meta property=\"og:title\" content=\"Kit passeport p\u00e8lerin + coquillage Santiago - Slowshop\" \/>\n<meta property=\"og:description\" content=\"Le kit se compose du Credential et de la Coquille du Camino de Santiago: symboles fondamentaux pour le p\u00e8lerin de Saint-Jacques-de-Compostelle.\" \/>\n<meta property=\"og:url\" content=\"https:\/\/www.slowshop.eu\/fr\/produit\/kit-passeport-pelerin-coquillage-santiago\/\" \/>\n<meta property=\"og:site_name\" content=\"Slowshop\" \/>\n<meta property=\"og:image\" content=\"https:\/\/www.slowshop.eu\/wp-content\/uploads\/2021\/06\/Kit-Credenziale-e-conchiglia-1-1.png\" \/>\n\t<meta property=\"og:image:width\" content=\"600\" \/>\n\t<meta property=\"og:image:height\" content=\"750\" \/>\n\t<meta property=\"og:image:type\" content=\"image\/png\" \/>\n<meta name=\"twitter:card\" content=\"summary_large_image\" \/>\n<meta name=\"twitter:label1\" content=\"Dur\u00e9e de lecture estim\u00e9e\" \/>\n\t<meta name=\"twitter:data1\" content=\"1 minute\" \/>\n<script type=\"application\/ld+json\" class=\"yoast-schema-graph\">{\"@context\":\"https:\/\/schema.org\",\"@graph\":[{\"@type\":\"WebPage\",\"@id\":\"https:\/\/www.slowshop.eu\/fr\/produit\/kit-passeport-pelerin-coquillage-santiago\/\",\"url\":\"https:\/\/www.slowshop.eu\/fr\/produit\/kit-passeport-pelerin-coquillage-santiago\/\",\"name\":\"Kit passeport p\u00e8lerin + coquillage Santiago - Slowshop\",\"isPartOf\":{\"@id\":\"https:\/\/www.slowshop.eu\/fr\/#website\"},\"primaryImageOfPage\":{\"@id\":\"https:\/\/www.slowshop.eu\/fr\/produit\/kit-passeport-pelerin-coquillage-santiago\/#primaryimage\"},\"image\":{\"@id\":\"https:\/\/www.slowshop.eu\/fr\/produit\/kit-passeport-pelerin-coquillage-santiago\/#primaryimage\"},\"thumbnailUrl\":\"https:\/\/www.slowshop.eu\/wp-content\/uploads\/2021\/06\/Kit-Credenziale-e-conchiglia-1-1.png\",\"datePublished\":\"2021-06-17T12:59:33+00:00\",\"breadcrumb\":{\"@id\":\"https:\/\/www.slowshop.eu\/fr\/produit\/kit-passeport-pelerin-coquillage-santiago\/#breadcrumb\"},\"inLanguage\":\"fr-FR\",\"potentialAction\":[{\"@type\":\"ReadAction\",\"target\":[\"https:\/\/www.slowshop.eu\/fr\/produit\/kit-passeport-pelerin-coquillage-santiago\/\"]}]},{\"@type\":\"ImageObject\",\"inLanguage\":\"fr-FR\",\"@id\":\"https:\/\/www.slowshop.eu\/fr\/produit\/kit-passeport-pelerin-coquillage-santiago\/#primaryimage\",\"url\":\"https:\/\/www.slowshop.eu\/wp-content\/uploads\/2021\/06\/Kit-Credenziale-e-conchiglia-1-1.png\",\"contentUrl\":\"https:\/\/www.slowshop.eu\/wp-content\/uploads\/2021\/06\/Kit-Credenziale-e-conchiglia-1-1.png\",\"width\":600,\"height\":750},{\"@type\":\"BreadcrumbList\",\"@id\":\"https:\/\/www.slowshop.eu\/fr\/produit\/kit-passeport-pelerin-coquillage-santiago\/#breadcrumb\",\"itemListElement\":[{\"@type\":\"ListItem\",\"position\":1,\"name\":\"Home\",\"item\":\"https:\/\/www.slowshop.eu\/fr\/\"},{\"@type\":\"ListItem\",\"position\":2,\"name\":\"Catalogue\",\"item\":\"https:\/\/www.slowshop.eu\/fr\/catalogue\/\"},{\"@type\":\"ListItem\",\"position\":3,\"name\":\"Kit passeport p\u00e8lerin + coquillage Santiago\"}]},{\"@type\":\"WebSite\",\"@id\":\"https:\/\/www.slowshop.eu\/fr\/#website\",\"url\":\"https:\/\/www.slowshop.eu\/fr\/\",\"name\":\"SlowShop\",\"description\":\"Vie Francigene Shop\",\"publisher\":{\"@id\":\"https:\/\/www.slowshop.eu\/fr\/#organization\"},\"potentialAction\":[{\"@type\":\"SearchAction\",\"target\":{\"@type\":\"EntryPoint\",\"urlTemplate\":\"https:\/\/www.slowshop.eu\/fr\/?s={search_term_string}\"},\"query-input\":{\"@type\":\"PropertyValueSpecification\",\"valueRequired\":true,\"valueName\":\"search_term_string\"}}],\"inLanguage\":\"fr-FR\"},{\"@type\":\"Organization\",\"@id\":\"https:\/\/www.slowshop.eu\/fr\/#organization\",\"name\":\"SlowShop\",\"url\":\"https:\/\/www.slowshop.eu\/fr\/\",\"logo\":{\"@type\":\"ImageObject\",\"inLanguage\":\"fr-FR\",\"@id\":\"https:\/\/www.slowshop.eu\/fr\/#\/schema\/logo\/image\/\",\"url\":\"https:\/\/www.slowshop.eu\/wp-content\/uploads\/2024\/07\/cropped-immagine-1.png\",\"contentUrl\":\"https:\/\/www.slowshop.eu\/wp-content\/uploads\/2024\/07\/cropped-immagine-1.png\",\"width\":512,\"height\":512,\"caption\":\"SlowShop\"},\"image\":{\"@id\":\"https:\/\/www.slowshop.eu\/fr\/#\/schema\/logo\/image\/\"}}]}<\/script>\n<!-- \/ Yoast SEO plugin. -->","yoast_head_json":{"title":"Kit passeport p\u00e8lerin + coquillage Santiago - Slowshop","robots":{"index":"index","follow":"follow","max-snippet":"max-snippet:-1","max-image-preview":"max-image-preview:large","max-video-preview":"max-video-preview:-1"},"canonical":"https:\/\/www.slowshop.eu\/fr\/produit\/kit-passeport-pelerin-coquillage-santiago\/","og_locale":"fr_FR","og_type":"article","og_title":"Kit passeport p\u00e8lerin + coquillage Santiago - Slowshop","og_description":"Le kit se compose du Credential et de la Coquille du Camino de Santiago: symboles fondamentaux pour le p\u00e8lerin de Saint-Jacques-de-Compostelle.","og_url":"https:\/\/www.slowshop.eu\/fr\/produit\/kit-passeport-pelerin-coquillage-santiago\/","og_site_name":"Slowshop","og_image":[{"width":600,"height":750,"url":"https:\/\/www.slowshop.eu\/wp-content\/uploads\/2021\/06\/Kit-Credenziale-e-conchiglia-1-1.png","type":"image\/png"}],"twitter_card":"summary_large_image","twitter_misc":{"Dur\u00e9e de lecture estim\u00e9e":"1 minute"},"schema":{"@context":"https:\/\/schema.org","@graph":[{"@type":"WebPage","@id":"https:\/\/www.slowshop.eu\/fr\/produit\/kit-passeport-pelerin-coquillage-santiago\/","url":"https:\/\/www.slowshop.eu\/fr\/produit\/kit-passeport-pelerin-coquillage-santiago\/","name":"Kit passeport p\u00e8lerin + coquillage Santiago - Slowshop","isPartOf":{"@id":"https:\/\/www.slowshop.eu\/fr\/#website"},"primaryImageOfPage":{"@id":"https:\/\/www.slowshop.eu\/fr\/produit\/kit-passeport-pelerin-coquillage-santiago\/#primaryimage"},"image":{"@id":"https:\/\/www.slowshop.eu\/fr\/produit\/kit-passeport-pelerin-coquillage-santiago\/#primaryimage"},"thumbnailUrl":"https:\/\/www.slowshop.eu\/wp-content\/uploads\/2021\/06\/Kit-Credenziale-e-conchiglia-1-1.png","datePublished":"2021-06-17T12:59:33+00:00","breadcrumb":{"@id":"https:\/\/www.slowshop.eu\/fr\/produit\/kit-passeport-pelerin-coquillage-santiago\/#breadcrumb"},"inLanguage":"fr-FR","potentialAction":[{"@type":"ReadAction","target":["https:\/\/www.slowshop.eu\/fr\/produit\/kit-passeport-pelerin-coquillage-santiago\/"]}]},{"@type":"ImageObject","inLanguage":"fr-FR","@id":"https:\/\/www.slowshop.eu\/fr\/produit\/kit-passeport-pelerin-coquillage-santiago\/#primaryimage","url":"https:\/\/www.slowshop.eu\/wp-content\/uploads\/2021\/06\/Kit-Credenziale-e-conchiglia-1-1.png","contentUrl":"https:\/\/www.slowshop.eu\/wp-content\/uploads\/2021\/06\/Kit-Credenziale-e-conchiglia-1-1.png","width":600,"height":750},{"@type":"BreadcrumbList","@id":"https:\/\/www.slowshop.eu\/fr\/produit\/kit-passeport-pelerin-coquillage-santiago\/#breadcrumb","itemListElement":[{"@type":"ListItem","position":1,"name":"Home","item":"https:\/\/www.slowshop.eu\/fr\/"},{"@type":"ListItem","position":2,"name":"Catalogue","item":"https:\/\/www.slowshop.eu\/fr\/catalogue\/"},{"@type":"ListItem","position":3,"name":"Kit passeport p\u00e8lerin + coquillage Santiago"}]},{"@type":"WebSite","@id":"https:\/\/www.slowshop.eu\/fr\/#website","url":"https:\/\/www.slowshop.eu\/fr\/","name":"SlowShop","description":"Vie Francigene Shop","publisher":{"@id":"https:\/\/www.slowshop.eu\/fr\/#organization"},"potentialAction":[{"@type":"SearchAction","target":{"@type":"EntryPoint","urlTemplate":"https:\/\/www.slowshop.eu\/fr\/?s={search_term_string}"},"query-input":{"@type":"PropertyValueSpecification","valueRequired":true,"valueName":"search_term_string"}}],"inLanguage":"fr-FR"},{"@type":"Organization","@id":"https:\/\/www.slowshop.eu\/fr\/#organization","name":"SlowShop","url":"https:\/\/www.slowshop.eu\/fr\/","logo":{"@type":"ImageObject","inLanguage":"fr-FR","@id":"https:\/\/www.slowshop.eu\/fr\/#\/schema\/logo\/image\/","url":"https:\/\/www.slowshop.eu\/wp-content\/uploads\/2024\/07\/cropped-immagine-1.png","contentUrl":"https:\/\/www.slowshop.eu\/wp-content\/uploads\/2024\/07\/cropped-immagine-1.png","width":512,"height":512,"caption":"SlowShop"},"image":{"@id":"https:\/\/www.slowshop.eu\/fr\/#\/schema\/logo\/image\/"}}]}},"_links":{"self":[{"href":"https:\/\/www.slowshop.eu\/fr\/wp-json\/wp\/v2\/product\/4109","targetHints":{"allow":["GET"]}}],"collection":[{"href":"https:\/\/www.slowshop.eu\/fr\/wp-json\/wp\/v2\/product"}],"about":[{"href":"https:\/\/www.slowshop.eu\/fr\/wp-json\/wp\/v2\/types\/product"}],"wp:featuredmedia":[{"embeddable":true,"href":"https:\/\/www.slowshop.eu\/fr\/wp-json\/wp\/v2\/media\/9113"}],"wp:attachment":[{"href":"https:\/\/www.slowshop.eu\/fr\/wp-json\/wp\/v2\/media?parent=4109"}],"wp:term":[{"taxonomy":"product_brand","embeddable":true,"href":"https:\/\/www.slowshop.eu\/fr\/wp-json\/wp\/v2\/product_brand?post=4109"},{"taxonomy":"product_cat","embeddable":true,"href":"https:\/\/www.slowshop.eu\/fr\/wp-json\/wp\/v2\/product_cat?post=4109"},{"taxonomy":"product_tag","embeddable":true,"href":"https:\/\/www.slowshop.eu\/fr\/wp-json\/wp\/v2\/product_tag?post=4109"}],"curies":[{"name":"wp","href":"https:\/\/api.w.org\/{rel}","templated":true}]}}