{"id":4114,"date":"2021-06-17T13:05:58","date_gmt":"2021-06-17T11:05:58","guid":{"rendered":"https:\/\/www.slowshop.eu\/product\/magna-via-francigena-le-guide-officiel-en-anglais\/"},"modified":"2024-03-04T05:47:25","modified_gmt":"2024-03-04T04:47:25","slug":"magna-via-francigena-le-guide-officiel-en-anglais","status":"publish","type":"product","link":"https:\/\/www.slowshop.eu\/fr\/produit\/magna-via-francigena-le-guide-officiel-en-anglais\/","title":{"rendered":"\u00ab\u00a0Magna Via Francigena\u00a0\u00bb &#8211; Le guide officiel en anglais"},"content":{"rendered":"<h3>\u00ab\u00a0Magna Via Francigena\u00a0\u00bb &#8211; Le guide officiel en anglais<\/h3>\n<p>Du golfe de Palerme \u00e0 la Vall\u00e9e des Temples : d\u00e9couvrez la Magna Via Francigena en 9 \u00e9tapes le long des anciennes routes parcourues par les Grecs, les Romains, les Arabes et les Normands.<\/p>\n<p>La Magna Via Francigena vous emm\u00e8ne \u00e0 la d\u00e9couverte de la Sicile des merveilles. D\u00e9couvrez la trinacrie sous ses diverses formes, la c\u00e9l\u00e8bre des pays et des merveilles charg\u00e9es d&rsquo;histoire comme Monreale et Agrigente. D\u00e9couvrez la magie des montagnes Sicani avec leurs paysages \u00e0 couper le souffle. Explorez Sutera, l&rsquo;un des \u00ab\u00a0plus beaux villages d&rsquo;Italie\u00a0\u00bb.<\/p>\n<p>Un voyage d&rsquo;un oc\u00e9an \u00e0 l&rsquo;autre \u00e0 travers parcs naturels, champs de bl\u00e9 et villages perch\u00e9s. D\u00e9couvrez de premi\u00e8re main les traditions et l&rsquo;histoire d&rsquo;une terre inoubliable. Vivez la Sicile des parfums, des cultures qui ont laiss\u00e9 leur empreinte sur une terre magique et myst\u00e9rieuse.<\/p>\n<p>La Magna Via Francigena d\u00e9passe le concept de voyage, le r\u00e9\u00e9crit : c&rsquo;est un v\u00e9ritable voyage de d\u00e9couverte \u00e0 travers une Sicile aux mille visages encore m\u00e9connue.<\/p>\n<p>Le guide officiel propose toutes les informations utiles pour d\u00e9buter. A votre disposition une description d\u00e9taill\u00e9e de l&rsquo;itin\u00e9raire, des cartes, des altitudes et des d\u00e9nivel\u00e9s. D\u00e9couvrez les endroits o\u00f9 dormir, ceux \u00e0 ne pas manquer et des aper\u00e7us culturels.<\/p>\n<p>Respirez fort et continuez cette exp\u00e9rience universitaire<\/p>\n","protected":false},"excerpt":{"rendered":"<p>Du golfe de Palerme \u00e0 la Vall\u00e9e des Temples : d\u00e9couvrez la Magna Via Francigena en 9 \u00e9tapes le long des anciennes routes parcourues par les Grecs, les Romains, les Arabes et les Normands.<\/p>\n","protected":false},"featured_media":3256,"template":"","meta":{"_monsterinsights_skip_tracking":false,"_monsterinsights_sitenote_active":false,"_monsterinsights_sitenote_note":"","_monsterinsights_sitenote_category":0},"product_brand":[],"product_cat":[103],"product_tag":[],"class_list":{"0":"post-4114","1":"product","2":"type-product","3":"status-publish","4":"has-post-thumbnail","6":"product_cat-guides-et-passeport-pelerin","7":"tm-no-options","9":"first","10":"outofstock","11":"sale","12":"taxable","13":"shipping-taxable","14":"purchasable","15":"product-type-simple"},"bundle_layout":"","bundle_add_to_cart_form_location":"","bundle_editable_in_cart":false,"bundle_sold_individually_context":"","bundle_item_grouping":"","bundle_min_size":"","bundle_max_size":"","bundled_by":[],"bundled_items":[],"yoast_head":"<!-- This site is optimized with the Yoast SEO plugin v26.2 - https:\/\/yoast.com\/wordpress\/plugins\/seo\/ -->\n<title>&quot;Magna Via Francigena&quot; - Le guide officiel en anglais - Slowshop<\/title>\n<meta name=\"description\" content=\"La Magna Via Francigena marchant en Sicile. De Palerme \u00e0 la Vall\u00e9e des Temples le long des routes parcourues par les Grecs, les Romains, les Arabes et les Normands\" \/>\n<meta name=\"robots\" content=\"index, follow, max-snippet:-1, max-image-preview:large, max-video-preview:-1\" \/>\n<link rel=\"canonical\" href=\"https:\/\/www.slowshop.eu\/fr\/produit\/magna-via-francigena-le-guide-officiel-en-anglais\/\" \/>\n<meta property=\"og:locale\" content=\"fr_FR\" \/>\n<meta property=\"og:type\" content=\"article\" \/>\n<meta property=\"og:title\" content=\"&quot;Magna Via Francigena&quot; - Le guide officiel en anglais - Slowshop\" \/>\n<meta property=\"og:description\" content=\"La Magna Via Francigena marchant en Sicile. De Palerme \u00e0 la Vall\u00e9e des Temples le long des routes parcourues par les Grecs, les Romains, les Arabes et les Normands\" \/>\n<meta property=\"og:url\" content=\"https:\/\/www.slowshop.eu\/fr\/produit\/magna-via-francigena-le-guide-officiel-en-anglais\/\" \/>\n<meta property=\"og:site_name\" content=\"Slowshop\" \/>\n<meta property=\"article:modified_time\" content=\"2024-03-04T04:47:25+00:00\" \/>\n<meta property=\"og:image\" content=\"https:\/\/www.slowshop.eu\/wp-content\/uploads\/2021\/06\/Magna-Via-Francigena-ENG.png\" \/>\n\t<meta property=\"og:image:width\" content=\"600\" \/>\n\t<meta property=\"og:image:height\" content=\"750\" \/>\n\t<meta property=\"og:image:type\" content=\"image\/png\" \/>\n<meta name=\"twitter:card\" content=\"summary_large_image\" \/>\n<meta name=\"twitter:label1\" content=\"Dur\u00e9e de lecture estim\u00e9e\" \/>\n\t<meta name=\"twitter:data1\" content=\"1 minute\" \/>\n<script type=\"application\/ld+json\" class=\"yoast-schema-graph\">{\"@context\":\"https:\/\/schema.org\",\"@graph\":[{\"@type\":\"WebPage\",\"@id\":\"https:\/\/www.slowshop.eu\/fr\/produit\/magna-via-francigena-le-guide-officiel-en-anglais\/\",\"url\":\"https:\/\/www.slowshop.eu\/fr\/produit\/magna-via-francigena-le-guide-officiel-en-anglais\/\",\"name\":\"\\\"Magna Via Francigena\\\" - Le guide officiel en anglais - Slowshop\",\"isPartOf\":{\"@id\":\"https:\/\/www.slowshop.eu\/fr\/#website\"},\"primaryImageOfPage\":{\"@id\":\"https:\/\/www.slowshop.eu\/fr\/produit\/magna-via-francigena-le-guide-officiel-en-anglais\/#primaryimage\"},\"image\":{\"@id\":\"https:\/\/www.slowshop.eu\/fr\/produit\/magna-via-francigena-le-guide-officiel-en-anglais\/#primaryimage\"},\"thumbnailUrl\":\"https:\/\/www.slowshop.eu\/wp-content\/uploads\/2021\/06\/Magna-Via-Francigena-ENG.png\",\"datePublished\":\"2021-06-17T11:05:58+00:00\",\"dateModified\":\"2024-03-04T04:47:25+00:00\",\"description\":\"La Magna Via Francigena marchant en Sicile. De Palerme \u00e0 la Vall\u00e9e des Temples le long des routes parcourues par les Grecs, les Romains, les Arabes et les Normands\",\"breadcrumb\":{\"@id\":\"https:\/\/www.slowshop.eu\/fr\/produit\/magna-via-francigena-le-guide-officiel-en-anglais\/#breadcrumb\"},\"inLanguage\":\"fr-FR\",\"potentialAction\":[{\"@type\":\"ReadAction\",\"target\":[\"https:\/\/www.slowshop.eu\/fr\/produit\/magna-via-francigena-le-guide-officiel-en-anglais\/\"]}]},{\"@type\":\"ImageObject\",\"inLanguage\":\"fr-FR\",\"@id\":\"https:\/\/www.slowshop.eu\/fr\/produit\/magna-via-francigena-le-guide-officiel-en-anglais\/#primaryimage\",\"url\":\"https:\/\/www.slowshop.eu\/wp-content\/uploads\/2021\/06\/Magna-Via-Francigena-ENG.png\",\"contentUrl\":\"https:\/\/www.slowshop.eu\/wp-content\/uploads\/2021\/06\/Magna-Via-Francigena-ENG.png\",\"width\":600,\"height\":750},{\"@type\":\"BreadcrumbList\",\"@id\":\"https:\/\/www.slowshop.eu\/fr\/produit\/magna-via-francigena-le-guide-officiel-en-anglais\/#breadcrumb\",\"itemListElement\":[{\"@type\":\"ListItem\",\"position\":1,\"name\":\"Home\",\"item\":\"https:\/\/www.slowshop.eu\/fr\/\"},{\"@type\":\"ListItem\",\"position\":2,\"name\":\"Catalogue\",\"item\":\"https:\/\/www.slowshop.eu\/fr\/catalogue\/\"},{\"@type\":\"ListItem\",\"position\":3,\"name\":\"&#8220;Magna Via Francigena&#8221; &#8211; Le guide officiel en anglais\"}]},{\"@type\":\"WebSite\",\"@id\":\"https:\/\/www.slowshop.eu\/fr\/#website\",\"url\":\"https:\/\/www.slowshop.eu\/fr\/\",\"name\":\"SlowShop\",\"description\":\"Vie Francigene Shop\",\"publisher\":{\"@id\":\"https:\/\/www.slowshop.eu\/fr\/#organization\"},\"potentialAction\":[{\"@type\":\"SearchAction\",\"target\":{\"@type\":\"EntryPoint\",\"urlTemplate\":\"https:\/\/www.slowshop.eu\/fr\/?s={search_term_string}\"},\"query-input\":{\"@type\":\"PropertyValueSpecification\",\"valueRequired\":true,\"valueName\":\"search_term_string\"}}],\"inLanguage\":\"fr-FR\"},{\"@type\":\"Organization\",\"@id\":\"https:\/\/www.slowshop.eu\/fr\/#organization\",\"name\":\"SlowShop\",\"url\":\"https:\/\/www.slowshop.eu\/fr\/\",\"logo\":{\"@type\":\"ImageObject\",\"inLanguage\":\"fr-FR\",\"@id\":\"https:\/\/www.slowshop.eu\/fr\/#\/schema\/logo\/image\/\",\"url\":\"https:\/\/www.slowshop.eu\/wp-content\/uploads\/2024\/07\/cropped-immagine-1.png\",\"contentUrl\":\"https:\/\/www.slowshop.eu\/wp-content\/uploads\/2024\/07\/cropped-immagine-1.png\",\"width\":512,\"height\":512,\"caption\":\"SlowShop\"},\"image\":{\"@id\":\"https:\/\/www.slowshop.eu\/fr\/#\/schema\/logo\/image\/\"}}]}<\/script>\n<!-- \/ Yoast SEO plugin. -->","yoast_head_json":{"title":"\"Magna Via Francigena\" - Le guide officiel en anglais - Slowshop","description":"La Magna Via Francigena marchant en Sicile. De Palerme \u00e0 la Vall\u00e9e des Temples le long des routes parcourues par les Grecs, les Romains, les Arabes et les Normands","robots":{"index":"index","follow":"follow","max-snippet":"max-snippet:-1","max-image-preview":"max-image-preview:large","max-video-preview":"max-video-preview:-1"},"canonical":"https:\/\/www.slowshop.eu\/fr\/produit\/magna-via-francigena-le-guide-officiel-en-anglais\/","og_locale":"fr_FR","og_type":"article","og_title":"\"Magna Via Francigena\" - Le guide officiel en anglais - Slowshop","og_description":"La Magna Via Francigena marchant en Sicile. De Palerme \u00e0 la Vall\u00e9e des Temples le long des routes parcourues par les Grecs, les Romains, les Arabes et les Normands","og_url":"https:\/\/www.slowshop.eu\/fr\/produit\/magna-via-francigena-le-guide-officiel-en-anglais\/","og_site_name":"Slowshop","article_modified_time":"2024-03-04T04:47:25+00:00","og_image":[{"width":600,"height":750,"url":"https:\/\/www.slowshop.eu\/wp-content\/uploads\/2021\/06\/Magna-Via-Francigena-ENG.png","type":"image\/png"}],"twitter_card":"summary_large_image","twitter_misc":{"Dur\u00e9e de lecture estim\u00e9e":"1 minute"},"schema":{"@context":"https:\/\/schema.org","@graph":[{"@type":"WebPage","@id":"https:\/\/www.slowshop.eu\/fr\/produit\/magna-via-francigena-le-guide-officiel-en-anglais\/","url":"https:\/\/www.slowshop.eu\/fr\/produit\/magna-via-francigena-le-guide-officiel-en-anglais\/","name":"\"Magna Via Francigena\" - Le guide officiel en anglais - Slowshop","isPartOf":{"@id":"https:\/\/www.slowshop.eu\/fr\/#website"},"primaryImageOfPage":{"@id":"https:\/\/www.slowshop.eu\/fr\/produit\/magna-via-francigena-le-guide-officiel-en-anglais\/#primaryimage"},"image":{"@id":"https:\/\/www.slowshop.eu\/fr\/produit\/magna-via-francigena-le-guide-officiel-en-anglais\/#primaryimage"},"thumbnailUrl":"https:\/\/www.slowshop.eu\/wp-content\/uploads\/2021\/06\/Magna-Via-Francigena-ENG.png","datePublished":"2021-06-17T11:05:58+00:00","dateModified":"2024-03-04T04:47:25+00:00","description":"La Magna Via Francigena marchant en Sicile. De Palerme \u00e0 la Vall\u00e9e des Temples le long des routes parcourues par les Grecs, les Romains, les Arabes et les Normands","breadcrumb":{"@id":"https:\/\/www.slowshop.eu\/fr\/produit\/magna-via-francigena-le-guide-officiel-en-anglais\/#breadcrumb"},"inLanguage":"fr-FR","potentialAction":[{"@type":"ReadAction","target":["https:\/\/www.slowshop.eu\/fr\/produit\/magna-via-francigena-le-guide-officiel-en-anglais\/"]}]},{"@type":"ImageObject","inLanguage":"fr-FR","@id":"https:\/\/www.slowshop.eu\/fr\/produit\/magna-via-francigena-le-guide-officiel-en-anglais\/#primaryimage","url":"https:\/\/www.slowshop.eu\/wp-content\/uploads\/2021\/06\/Magna-Via-Francigena-ENG.png","contentUrl":"https:\/\/www.slowshop.eu\/wp-content\/uploads\/2021\/06\/Magna-Via-Francigena-ENG.png","width":600,"height":750},{"@type":"BreadcrumbList","@id":"https:\/\/www.slowshop.eu\/fr\/produit\/magna-via-francigena-le-guide-officiel-en-anglais\/#breadcrumb","itemListElement":[{"@type":"ListItem","position":1,"name":"Home","item":"https:\/\/www.slowshop.eu\/fr\/"},{"@type":"ListItem","position":2,"name":"Catalogue","item":"https:\/\/www.slowshop.eu\/fr\/catalogue\/"},{"@type":"ListItem","position":3,"name":"&#8220;Magna Via Francigena&#8221; &#8211; Le guide officiel en anglais"}]},{"@type":"WebSite","@id":"https:\/\/www.slowshop.eu\/fr\/#website","url":"https:\/\/www.slowshop.eu\/fr\/","name":"SlowShop","description":"Vie Francigene Shop","publisher":{"@id":"https:\/\/www.slowshop.eu\/fr\/#organization"},"potentialAction":[{"@type":"SearchAction","target":{"@type":"EntryPoint","urlTemplate":"https:\/\/www.slowshop.eu\/fr\/?s={search_term_string}"},"query-input":{"@type":"PropertyValueSpecification","valueRequired":true,"valueName":"search_term_string"}}],"inLanguage":"fr-FR"},{"@type":"Organization","@id":"https:\/\/www.slowshop.eu\/fr\/#organization","name":"SlowShop","url":"https:\/\/www.slowshop.eu\/fr\/","logo":{"@type":"ImageObject","inLanguage":"fr-FR","@id":"https:\/\/www.slowshop.eu\/fr\/#\/schema\/logo\/image\/","url":"https:\/\/www.slowshop.eu\/wp-content\/uploads\/2024\/07\/cropped-immagine-1.png","contentUrl":"https:\/\/www.slowshop.eu\/wp-content\/uploads\/2024\/07\/cropped-immagine-1.png","width":512,"height":512,"caption":"SlowShop"},"image":{"@id":"https:\/\/www.slowshop.eu\/fr\/#\/schema\/logo\/image\/"}}]}},"_links":{"self":[{"href":"https:\/\/www.slowshop.eu\/fr\/wp-json\/wp\/v2\/product\/4114","targetHints":{"allow":["GET"]}}],"collection":[{"href":"https:\/\/www.slowshop.eu\/fr\/wp-json\/wp\/v2\/product"}],"about":[{"href":"https:\/\/www.slowshop.eu\/fr\/wp-json\/wp\/v2\/types\/product"}],"wp:featuredmedia":[{"embeddable":true,"href":"https:\/\/www.slowshop.eu\/fr\/wp-json\/wp\/v2\/media\/3256"}],"wp:attachment":[{"href":"https:\/\/www.slowshop.eu\/fr\/wp-json\/wp\/v2\/media?parent=4114"}],"wp:term":[{"taxonomy":"product_brand","embeddable":true,"href":"https:\/\/www.slowshop.eu\/fr\/wp-json\/wp\/v2\/product_brand?post=4114"},{"taxonomy":"product_cat","embeddable":true,"href":"https:\/\/www.slowshop.eu\/fr\/wp-json\/wp\/v2\/product_cat?post=4114"},{"taxonomy":"product_tag","embeddable":true,"href":"https:\/\/www.slowshop.eu\/fr\/wp-json\/wp\/v2\/product_tag?post=4114"}],"curies":[{"name":"wp","href":"https:\/\/api.w.org\/{rel}","templated":true}]}}