{"id":4116,"date":"2021-06-16T11:27:27","date_gmt":"2021-06-16T09:27:27","guid":{"rendered":"https:\/\/www.slowshop.eu\/product\/kit-passeport-de-pelerin-enveloppe-etanche\/"},"modified":"2021-06-16T11:27:27","modified_gmt":"2021-06-16T09:27:27","slug":"kit-passeport-de-pelerin-enveloppe-etanche","status":"publish","type":"product","link":"https:\/\/www.slowshop.eu\/fr\/produit\/kit-passeport-de-pelerin-enveloppe-etanche\/","title":{"rendered":"Kit : passeport de p\u00e8lerin + enveloppe \u00e9tanche"},"content":{"rendered":"<h3>Kit : passeport de p\u00e8lerin + enveloppe \u00e9tanche<\/h3>\n<p>Kit : passeport de p\u00e8lerin + Sac porte-identifiants \u00e9tanche : prot\u00e9gez votre identifiant de l&rsquo;usure et de l&rsquo;eau. Avec une simple pr\u00e9voyance vous pouvez vous occuper de l&rsquo;objet qui vous accompagnera tout au long du voyage.<\/p>\n<p>Si vous pr\u00e9voyez une marche de plusieurs jours, il est possible que vous ayez \u00e0 faire face au vent et \u00e0 la pluie, vous devrez faire attention \u00e0 ce que votre passeport de p\u00e8lerin ne soit pas mouill\u00e9 ou froiss\u00e9.<\/p>\n<p>L&rsquo;identifiant ne perdra pas sa fonction, mais je suis s\u00fbr que vous voudrez certainement le garder en souvenir \u00e0 la fin de votre voyage. C&rsquo;est pourquoi nous vous recommandons cette housse de protection pour passeport de p\u00e8lerin, en plastique mesurant 13cm x 18cm, \u00e9tanche, confortable et simple d&rsquo;utilisation.<\/p>\n<p>L&rsquo;enveloppe porte-identifiants convient \u00e0 tous les identifiants des itin\u00e9raires les plus importants d&rsquo;Europe et d&rsquo;Italie, vous pouvez donc l&rsquo;utiliser et l&rsquo;\u00e9changer \u00e0 tout moment et pour chaque voyage.<\/p>\n<p>Vivez donc un voyage extraordinaire, en libert\u00e9 ou en groupe, \u00e0 la d\u00e9couverte de paysages inattendus, d&rsquo;\u00e9glises m\u00e9di\u00e9vales et de tron\u00e7ons de voies romaines. Un mois entier, une semaine ou quelques jours, traversez avec nous quelques-uns des villages les plus beaux et les plus \u00e9vocateurs d&rsquo;Italie.<\/p>\n","protected":false},"excerpt":{"rendered":"<p>Avec le sac \u00e9tanche pour porte-identifiants, vous prot\u00e9gez vos identifiants de l&rsquo;usure et de l&rsquo;eau. Avec une simple pr\u00e9voyance vous pouvez vous occuper de l&rsquo;objet qui vous accompagnera tout au long du voyage.<\/p>\n","protected":false},"featured_media":24203,"template":"","meta":{"_monsterinsights_skip_tracking":false,"_monsterinsights_sitenote_active":false,"_monsterinsights_sitenote_note":"","_monsterinsights_sitenote_category":0},"product_brand":[],"product_cat":[103,108],"product_tag":[156,120],"class_list":{"0":"post-4116","1":"product","2":"type-product","3":"status-publish","4":"has-post-thumbnail","6":"product_cat-guides-et-passeport-pelerin","7":"product_cat-via-francigena-fr","8":"product_tag-credenziali-fr","9":"product_tag-via-francigena-fr","10":"product_shipping_class-documenti-fr","11":"tm-no-options","13":"first","14":"instock","15":"taxable","16":"shipping-taxable","17":"purchasable","18":"product-type-bundle"},"bundle_layout":"default","bundle_add_to_cart_form_location":"default","bundle_editable_in_cart":false,"bundle_sold_individually_context":"product","bundle_item_grouping":"parent","bundle_min_size":"","bundle_max_size":"","bundled_by":[],"bundled_items":[{"bundled_item_id":71,"product_id":2337,"menu_order":0,"quantity_min":1,"quantity_max":1,"quantity_default":1,"priced_individually":false,"shipped_individually":false,"override_title":false,"title":"Passeport du P\u00e8lerin Via Francigena","override_description":false,"description":"Passeport du P\u00e8lerin Via Francigena","optional":false,"hide_thumbnail":false,"discount":"","override_variations":false,"allowed_variations":[""],"override_default_variation_attributes":false,"default_variation_attributes":[],"single_product_visibility":"visible","cart_visibility":"visible","order_visibility":"visible","single_product_price_visibility":"visible","cart_price_visibility":"visible","order_price_visibility":"visible","stock_status":"in_stock"},{"bundled_item_id":101,"product_id":4117,"menu_order":1,"quantity_min":1,"quantity_max":1,"quantity_default":1,"priced_individually":false,"shipped_individually":false,"override_title":false,"title":"Porte-passeport \u00e9tanche","override_description":false,"description":"Porte-passeport \u00e9tanche","optional":false,"hide_thumbnail":false,"discount":"","override_variations":false,"allowed_variations":[""],"override_default_variation_attributes":false,"default_variation_attributes":[],"single_product_visibility":"visible","cart_visibility":"visible","order_visibility":"visible","single_product_price_visibility":"visible","cart_price_visibility":"visible","order_price_visibility":"visible","stock_status":"in_stock"}],"yoast_head":"<!-- This site is optimized with the Yoast SEO plugin v26.2 - https:\/\/yoast.com\/wordpress\/plugins\/seo\/ -->\n<title>Kit : passeport de p\u00e8lerin + enveloppe \u00e9tanche - Slowshop<\/title>\n<meta name=\"robots\" content=\"index, follow, max-snippet:-1, max-image-preview:large, max-video-preview:-1\" \/>\n<link rel=\"canonical\" href=\"https:\/\/www.slowshop.eu\/fr\/produit\/kit-passeport-de-pelerin-enveloppe-etanche\/\" \/>\n<meta property=\"og:locale\" content=\"fr_FR\" \/>\n<meta property=\"og:type\" content=\"article\" \/>\n<meta property=\"og:title\" content=\"Kit : passeport de p\u00e8lerin + enveloppe \u00e9tanche - Slowshop\" \/>\n<meta property=\"og:description\" content=\"Avec le sac \u00e9tanche pour porte-identifiants, vous prot\u00e9gez vos identifiants de l&#039;usure et de l&#039;eau. Avec une simple pr\u00e9voyance vous pouvez vous occuper de l&#039;objet qui vous accompagnera tout au long du voyage.\" \/>\n<meta property=\"og:url\" content=\"https:\/\/www.slowshop.eu\/fr\/produit\/kit-passeport-de-pelerin-enveloppe-etanche\/\" \/>\n<meta property=\"og:site_name\" content=\"Slowshop\" \/>\n<meta property=\"og:image\" content=\"https:\/\/www.slowshop.eu\/wp-content\/uploads\/2021\/06\/5-1.png\" \/>\n\t<meta property=\"og:image:width\" content=\"600\" \/>\n\t<meta property=\"og:image:height\" content=\"750\" \/>\n\t<meta property=\"og:image:type\" content=\"image\/png\" \/>\n<meta name=\"twitter:card\" content=\"summary_large_image\" \/>\n<meta name=\"twitter:label1\" content=\"Dur\u00e9e de lecture estim\u00e9e\" \/>\n\t<meta name=\"twitter:data1\" content=\"1 minute\" \/>\n<script type=\"application\/ld+json\" class=\"yoast-schema-graph\">{\"@context\":\"https:\/\/schema.org\",\"@graph\":[{\"@type\":\"WebPage\",\"@id\":\"https:\/\/www.slowshop.eu\/fr\/produit\/kit-passeport-de-pelerin-enveloppe-etanche\/\",\"url\":\"https:\/\/www.slowshop.eu\/fr\/produit\/kit-passeport-de-pelerin-enveloppe-etanche\/\",\"name\":\"Kit : passeport de p\u00e8lerin + enveloppe \u00e9tanche - Slowshop\",\"isPartOf\":{\"@id\":\"https:\/\/www.slowshop.eu\/fr\/#website\"},\"primaryImageOfPage\":{\"@id\":\"https:\/\/www.slowshop.eu\/fr\/produit\/kit-passeport-de-pelerin-enveloppe-etanche\/#primaryimage\"},\"image\":{\"@id\":\"https:\/\/www.slowshop.eu\/fr\/produit\/kit-passeport-de-pelerin-enveloppe-etanche\/#primaryimage\"},\"thumbnailUrl\":\"https:\/\/www.slowshop.eu\/wp-content\/uploads\/2021\/06\/guida-e-credenziale-italiano-2.jpg\",\"datePublished\":\"2021-06-16T09:27:27+00:00\",\"breadcrumb\":{\"@id\":\"https:\/\/www.slowshop.eu\/fr\/produit\/kit-passeport-de-pelerin-enveloppe-etanche\/#breadcrumb\"},\"inLanguage\":\"fr-FR\",\"potentialAction\":[{\"@type\":\"ReadAction\",\"target\":[\"https:\/\/www.slowshop.eu\/fr\/produit\/kit-passeport-de-pelerin-enveloppe-etanche\/\"]}]},{\"@type\":\"ImageObject\",\"inLanguage\":\"fr-FR\",\"@id\":\"https:\/\/www.slowshop.eu\/fr\/produit\/kit-passeport-de-pelerin-enveloppe-etanche\/#primaryimage\",\"url\":\"https:\/\/www.slowshop.eu\/wp-content\/uploads\/2021\/06\/guida-e-credenziale-italiano-2.jpg\",\"contentUrl\":\"https:\/\/www.slowshop.eu\/wp-content\/uploads\/2021\/06\/guida-e-credenziale-italiano-2.jpg\",\"width\":600,\"height\":750},{\"@type\":\"BreadcrumbList\",\"@id\":\"https:\/\/www.slowshop.eu\/fr\/produit\/kit-passeport-de-pelerin-enveloppe-etanche\/#breadcrumb\",\"itemListElement\":[{\"@type\":\"ListItem\",\"position\":1,\"name\":\"Home\",\"item\":\"https:\/\/www.slowshop.eu\/fr\/\"},{\"@type\":\"ListItem\",\"position\":2,\"name\":\"Catalogue\",\"item\":\"https:\/\/www.slowshop.eu\/fr\/catalogue\/\"},{\"@type\":\"ListItem\",\"position\":3,\"name\":\"Kit : passeport de p\u00e8lerin + enveloppe \u00e9tanche\"}]},{\"@type\":\"WebSite\",\"@id\":\"https:\/\/www.slowshop.eu\/fr\/#website\",\"url\":\"https:\/\/www.slowshop.eu\/fr\/\",\"name\":\"SlowShop\",\"description\":\"Vie Francigene Shop\",\"publisher\":{\"@id\":\"https:\/\/www.slowshop.eu\/fr\/#organization\"},\"potentialAction\":[{\"@type\":\"SearchAction\",\"target\":{\"@type\":\"EntryPoint\",\"urlTemplate\":\"https:\/\/www.slowshop.eu\/fr\/?s={search_term_string}\"},\"query-input\":{\"@type\":\"PropertyValueSpecification\",\"valueRequired\":true,\"valueName\":\"search_term_string\"}}],\"inLanguage\":\"fr-FR\"},{\"@type\":\"Organization\",\"@id\":\"https:\/\/www.slowshop.eu\/fr\/#organization\",\"name\":\"SlowShop\",\"url\":\"https:\/\/www.slowshop.eu\/fr\/\",\"logo\":{\"@type\":\"ImageObject\",\"inLanguage\":\"fr-FR\",\"@id\":\"https:\/\/www.slowshop.eu\/fr\/#\/schema\/logo\/image\/\",\"url\":\"https:\/\/www.slowshop.eu\/wp-content\/uploads\/2024\/07\/cropped-immagine-1.png\",\"contentUrl\":\"https:\/\/www.slowshop.eu\/wp-content\/uploads\/2024\/07\/cropped-immagine-1.png\",\"width\":512,\"height\":512,\"caption\":\"SlowShop\"},\"image\":{\"@id\":\"https:\/\/www.slowshop.eu\/fr\/#\/schema\/logo\/image\/\"}}]}<\/script>\n<!-- \/ Yoast SEO plugin. -->","yoast_head_json":{"title":"Kit : passeport de p\u00e8lerin + enveloppe \u00e9tanche - Slowshop","robots":{"index":"index","follow":"follow","max-snippet":"max-snippet:-1","max-image-preview":"max-image-preview:large","max-video-preview":"max-video-preview:-1"},"canonical":"https:\/\/www.slowshop.eu\/fr\/produit\/kit-passeport-de-pelerin-enveloppe-etanche\/","og_locale":"fr_FR","og_type":"article","og_title":"Kit : passeport de p\u00e8lerin + enveloppe \u00e9tanche - Slowshop","og_description":"Avec le sac \u00e9tanche pour porte-identifiants, vous prot\u00e9gez vos identifiants de l'usure et de l'eau. Avec une simple pr\u00e9voyance vous pouvez vous occuper de l'objet qui vous accompagnera tout au long du voyage.","og_url":"https:\/\/www.slowshop.eu\/fr\/produit\/kit-passeport-de-pelerin-enveloppe-etanche\/","og_site_name":"Slowshop","og_image":[{"width":600,"height":750,"url":"https:\/\/www.slowshop.eu\/wp-content\/uploads\/2021\/06\/5-1.png","type":"image\/png"}],"twitter_card":"summary_large_image","twitter_misc":{"Dur\u00e9e de lecture estim\u00e9e":"1 minute"},"schema":{"@context":"https:\/\/schema.org","@graph":[{"@type":"WebPage","@id":"https:\/\/www.slowshop.eu\/fr\/produit\/kit-passeport-de-pelerin-enveloppe-etanche\/","url":"https:\/\/www.slowshop.eu\/fr\/produit\/kit-passeport-de-pelerin-enveloppe-etanche\/","name":"Kit : passeport de p\u00e8lerin + enveloppe \u00e9tanche - Slowshop","isPartOf":{"@id":"https:\/\/www.slowshop.eu\/fr\/#website"},"primaryImageOfPage":{"@id":"https:\/\/www.slowshop.eu\/fr\/produit\/kit-passeport-de-pelerin-enveloppe-etanche\/#primaryimage"},"image":{"@id":"https:\/\/www.slowshop.eu\/fr\/produit\/kit-passeport-de-pelerin-enveloppe-etanche\/#primaryimage"},"thumbnailUrl":"https:\/\/www.slowshop.eu\/wp-content\/uploads\/2021\/06\/guida-e-credenziale-italiano-2.jpg","datePublished":"2021-06-16T09:27:27+00:00","breadcrumb":{"@id":"https:\/\/www.slowshop.eu\/fr\/produit\/kit-passeport-de-pelerin-enveloppe-etanche\/#breadcrumb"},"inLanguage":"fr-FR","potentialAction":[{"@type":"ReadAction","target":["https:\/\/www.slowshop.eu\/fr\/produit\/kit-passeport-de-pelerin-enveloppe-etanche\/"]}]},{"@type":"ImageObject","inLanguage":"fr-FR","@id":"https:\/\/www.slowshop.eu\/fr\/produit\/kit-passeport-de-pelerin-enveloppe-etanche\/#primaryimage","url":"https:\/\/www.slowshop.eu\/wp-content\/uploads\/2021\/06\/guida-e-credenziale-italiano-2.jpg","contentUrl":"https:\/\/www.slowshop.eu\/wp-content\/uploads\/2021\/06\/guida-e-credenziale-italiano-2.jpg","width":600,"height":750},{"@type":"BreadcrumbList","@id":"https:\/\/www.slowshop.eu\/fr\/produit\/kit-passeport-de-pelerin-enveloppe-etanche\/#breadcrumb","itemListElement":[{"@type":"ListItem","position":1,"name":"Home","item":"https:\/\/www.slowshop.eu\/fr\/"},{"@type":"ListItem","position":2,"name":"Catalogue","item":"https:\/\/www.slowshop.eu\/fr\/catalogue\/"},{"@type":"ListItem","position":3,"name":"Kit : passeport de p\u00e8lerin + enveloppe \u00e9tanche"}]},{"@type":"WebSite","@id":"https:\/\/www.slowshop.eu\/fr\/#website","url":"https:\/\/www.slowshop.eu\/fr\/","name":"SlowShop","description":"Vie Francigene Shop","publisher":{"@id":"https:\/\/www.slowshop.eu\/fr\/#organization"},"potentialAction":[{"@type":"SearchAction","target":{"@type":"EntryPoint","urlTemplate":"https:\/\/www.slowshop.eu\/fr\/?s={search_term_string}"},"query-input":{"@type":"PropertyValueSpecification","valueRequired":true,"valueName":"search_term_string"}}],"inLanguage":"fr-FR"},{"@type":"Organization","@id":"https:\/\/www.slowshop.eu\/fr\/#organization","name":"SlowShop","url":"https:\/\/www.slowshop.eu\/fr\/","logo":{"@type":"ImageObject","inLanguage":"fr-FR","@id":"https:\/\/www.slowshop.eu\/fr\/#\/schema\/logo\/image\/","url":"https:\/\/www.slowshop.eu\/wp-content\/uploads\/2024\/07\/cropped-immagine-1.png","contentUrl":"https:\/\/www.slowshop.eu\/wp-content\/uploads\/2024\/07\/cropped-immagine-1.png","width":512,"height":512,"caption":"SlowShop"},"image":{"@id":"https:\/\/www.slowshop.eu\/fr\/#\/schema\/logo\/image\/"}}]}},"_links":{"self":[{"href":"https:\/\/www.slowshop.eu\/fr\/wp-json\/wp\/v2\/product\/4116","targetHints":{"allow":["GET"]}}],"collection":[{"href":"https:\/\/www.slowshop.eu\/fr\/wp-json\/wp\/v2\/product"}],"about":[{"href":"https:\/\/www.slowshop.eu\/fr\/wp-json\/wp\/v2\/types\/product"}],"wp:featuredmedia":[{"embeddable":true,"href":"https:\/\/www.slowshop.eu\/fr\/wp-json\/wp\/v2\/media\/24203"}],"wp:attachment":[{"href":"https:\/\/www.slowshop.eu\/fr\/wp-json\/wp\/v2\/media?parent=4116"}],"wp:term":[{"taxonomy":"product_brand","embeddable":true,"href":"https:\/\/www.slowshop.eu\/fr\/wp-json\/wp\/v2\/product_brand?post=4116"},{"taxonomy":"product_cat","embeddable":true,"href":"https:\/\/www.slowshop.eu\/fr\/wp-json\/wp\/v2\/product_cat?post=4116"},{"taxonomy":"product_tag","embeddable":true,"href":"https:\/\/www.slowshop.eu\/fr\/wp-json\/wp\/v2\/product_tag?post=4116"}],"curies":[{"name":"wp","href":"https:\/\/api.w.org\/{rel}","templated":true}]}}