{"id":4117,"date":"2021-06-16T11:04:23","date_gmt":"2021-06-16T09:04:23","guid":{"rendered":"https:\/\/www.slowshop.eu\/product\/porte-passeport-etanche\/"},"modified":"2026-04-03T22:49:41","modified_gmt":"2026-04-03T20:49:41","slug":"porte-passeport-etanche","status":"publish","type":"product","link":"https:\/\/www.slowshop.eu\/fr\/produit\/porte-passeport-etanche\/","title":{"rendered":"Porte-passeport \u00e9tanche"},"content":{"rendered":"<h3>Porte-passeport \u00e9tanche<\/h3>\n<p>Avec le sac \u00e9tanche pour porte-identifiants, vous prot\u00e9gez vos identifiants de l&rsquo;usure et de l&rsquo;eau. Avec une simple pr\u00e9voyance vous pouvez vous occuper de l&rsquo;objet qui vous accompagnera tout au long du voyage.<\/p>\n<p>Si vous pr\u00e9voyez une marche de plusieurs jours, il est possible que vous ayez \u00e0 faire face au vent et \u00e0 la pluie, vous devrez faire attention \u00e0 ce que votre passeport de p\u00e8lerin ne soit pas mouill\u00e9 ou froiss\u00e9.<\/p>\n<p>L&rsquo;identifiant ne perdra pas sa fonction, mais je suis s\u00fbr que vous voudrez certainement le garder en souvenir \u00e0 la fin de votre voyage. C&rsquo;est pourquoi nous vous recommandons cette housse de protection pour passeport de p\u00e8lerin, en plastique mesurant 13cm x 18cm, \u00e9tanche, confortable et simple d&rsquo;utilisation.<\/p>\n<p>L&rsquo;enveloppe porte-identifiants convient \u00e0 tous les identifiants des itin\u00e9raires les plus importants d&rsquo;Europe et d&rsquo;Italie, vous pouvez donc l&rsquo;utiliser et l&rsquo;\u00e9changer \u00e0 tout moment et pour chaque voyage.<\/p>\n","protected":false},"excerpt":{"rendered":"<p>Avec le sac \u00e9tanche pour porte-identifiants, vous prot\u00e9gez vos identifiants de l&rsquo;usure et de l&rsquo;eau. Avec une simple pr\u00e9voyance vous pouvez vous occuper de l&rsquo;objet qui vous accompagnera tout au long du voyage.<\/p>\n","protected":false},"featured_media":4654,"template":"","meta":{"_monsterinsights_skip_tracking":false,"_monsterinsights_sitenote_active":false,"_monsterinsights_sitenote_note":"","_monsterinsights_sitenote_category":0},"product_brand":[],"product_cat":[144,103,108,166],"product_tag":[156],"class_list":{"0":"post-4117","1":"product","2":"type-product","3":"status-publish","4":"has-post-thumbnail","6":"product_cat-cammino-di-santiago-fr","7":"product_cat-guides-et-passeport-pelerin","8":"product_cat-via-francigena-fr","9":"product_cat-via-romea-germanica-fr","10":"product_tag-credenziali-fr","11":"tm-no-options","13":"first","14":"instock","15":"taxable","16":"shipping-taxable","17":"purchasable","18":"product-type-simple"},"bundle_layout":"","bundle_add_to_cart_form_location":"","bundle_editable_in_cart":false,"bundle_sold_individually_context":"","bundle_item_grouping":"","bundle_min_size":"","bundle_max_size":"","bundled_by":["4116","4660"],"bundled_items":[],"yoast_head":"<!-- This site is optimized with the Yoast SEO plugin v26.2 - https:\/\/yoast.com\/wordpress\/plugins\/seo\/ -->\n<title>Porte-passeport \u00e9tanche - Slowshop<\/title>\n<meta name=\"description\" content=\"Achetez le sac \u00e9tanche pour porte-identifiants, vous pouvez prot\u00e9ger votre identifiant de l&#039;usure et l&#039;emp\u00eacher de se mouiller s&#039;il pleut.\" \/>\n<meta name=\"robots\" content=\"index, follow, max-snippet:-1, max-image-preview:large, max-video-preview:-1\" \/>\n<link rel=\"canonical\" href=\"https:\/\/www.slowshop.eu\/fr\/produit\/porte-passeport-etanche\/\" \/>\n<meta property=\"og:locale\" content=\"fr_FR\" \/>\n<meta property=\"og:type\" content=\"article\" \/>\n<meta property=\"og:title\" content=\"Porte-passeport \u00e9tanche - Slowshop\" \/>\n<meta property=\"og:description\" content=\"Achetez le sac \u00e9tanche pour porte-identifiants, vous pouvez prot\u00e9ger votre identifiant de l&#039;usure et l&#039;emp\u00eacher de se mouiller s&#039;il pleut.\" \/>\n<meta property=\"og:url\" content=\"https:\/\/www.slowshop.eu\/fr\/produit\/porte-passeport-etanche\/\" \/>\n<meta property=\"og:site_name\" content=\"Slowshop\" \/>\n<meta property=\"article:modified_time\" content=\"2026-04-03T20:49:41+00:00\" \/>\n<meta property=\"og:image\" content=\"https:\/\/www.slowshop.eu\/wp-content\/uploads\/2021\/06\/6.png\" \/>\n\t<meta property=\"og:image:width\" content=\"600\" \/>\n\t<meta property=\"og:image:height\" content=\"750\" \/>\n\t<meta property=\"og:image:type\" content=\"image\/png\" \/>\n<meta name=\"twitter:card\" content=\"summary_large_image\" \/>\n<meta name=\"twitter:label1\" content=\"Dur\u00e9e de lecture estim\u00e9e\" \/>\n\t<meta name=\"twitter:data1\" content=\"1 minute\" \/>\n<script type=\"application\/ld+json\" class=\"yoast-schema-graph\">{\"@context\":\"https:\/\/schema.org\",\"@graph\":[{\"@type\":\"WebPage\",\"@id\":\"https:\/\/www.slowshop.eu\/fr\/produit\/porte-passeport-etanche\/\",\"url\":\"https:\/\/www.slowshop.eu\/fr\/produit\/porte-passeport-etanche\/\",\"name\":\"Porte-passeport \u00e9tanche - Slowshop\",\"isPartOf\":{\"@id\":\"https:\/\/www.slowshop.eu\/fr\/#website\"},\"primaryImageOfPage\":{\"@id\":\"https:\/\/www.slowshop.eu\/fr\/produit\/porte-passeport-etanche\/#primaryimage\"},\"image\":{\"@id\":\"https:\/\/www.slowshop.eu\/fr\/produit\/porte-passeport-etanche\/#primaryimage\"},\"thumbnailUrl\":\"https:\/\/www.slowshop.eu\/wp-content\/uploads\/2021\/06\/6.png\",\"datePublished\":\"2021-06-16T09:04:23+00:00\",\"dateModified\":\"2026-04-03T20:49:41+00:00\",\"description\":\"Achetez le sac \u00e9tanche pour porte-identifiants, vous pouvez prot\u00e9ger votre identifiant de l'usure et l'emp\u00eacher de se mouiller s'il pleut.\",\"breadcrumb\":{\"@id\":\"https:\/\/www.slowshop.eu\/fr\/produit\/porte-passeport-etanche\/#breadcrumb\"},\"inLanguage\":\"fr-FR\",\"potentialAction\":[{\"@type\":\"ReadAction\",\"target\":[\"https:\/\/www.slowshop.eu\/fr\/produit\/porte-passeport-etanche\/\"]}]},{\"@type\":\"ImageObject\",\"inLanguage\":\"fr-FR\",\"@id\":\"https:\/\/www.slowshop.eu\/fr\/produit\/porte-passeport-etanche\/#primaryimage\",\"url\":\"https:\/\/www.slowshop.eu\/wp-content\/uploads\/2021\/06\/6.png\",\"contentUrl\":\"https:\/\/www.slowshop.eu\/wp-content\/uploads\/2021\/06\/6.png\",\"width\":600,\"height\":750},{\"@type\":\"BreadcrumbList\",\"@id\":\"https:\/\/www.slowshop.eu\/fr\/produit\/porte-passeport-etanche\/#breadcrumb\",\"itemListElement\":[{\"@type\":\"ListItem\",\"position\":1,\"name\":\"Home\",\"item\":\"https:\/\/www.slowshop.eu\/fr\/\"},{\"@type\":\"ListItem\",\"position\":2,\"name\":\"Catalogue\",\"item\":\"https:\/\/www.slowshop.eu\/fr\/catalogue\/\"},{\"@type\":\"ListItem\",\"position\":3,\"name\":\"Porte-passeport \u00e9tanche\"}]},{\"@type\":\"WebSite\",\"@id\":\"https:\/\/www.slowshop.eu\/fr\/#website\",\"url\":\"https:\/\/www.slowshop.eu\/fr\/\",\"name\":\"SlowShop\",\"description\":\"Vie Francigene Shop\",\"publisher\":{\"@id\":\"https:\/\/www.slowshop.eu\/fr\/#organization\"},\"potentialAction\":[{\"@type\":\"SearchAction\",\"target\":{\"@type\":\"EntryPoint\",\"urlTemplate\":\"https:\/\/www.slowshop.eu\/fr\/?s={search_term_string}\"},\"query-input\":{\"@type\":\"PropertyValueSpecification\",\"valueRequired\":true,\"valueName\":\"search_term_string\"}}],\"inLanguage\":\"fr-FR\"},{\"@type\":\"Organization\",\"@id\":\"https:\/\/www.slowshop.eu\/fr\/#organization\",\"name\":\"SlowShop\",\"url\":\"https:\/\/www.slowshop.eu\/fr\/\",\"logo\":{\"@type\":\"ImageObject\",\"inLanguage\":\"fr-FR\",\"@id\":\"https:\/\/www.slowshop.eu\/fr\/#\/schema\/logo\/image\/\",\"url\":\"https:\/\/www.slowshop.eu\/wp-content\/uploads\/2024\/07\/cropped-immagine-1.png\",\"contentUrl\":\"https:\/\/www.slowshop.eu\/wp-content\/uploads\/2024\/07\/cropped-immagine-1.png\",\"width\":512,\"height\":512,\"caption\":\"SlowShop\"},\"image\":{\"@id\":\"https:\/\/www.slowshop.eu\/fr\/#\/schema\/logo\/image\/\"}}]}<\/script>\n<!-- \/ Yoast SEO plugin. -->","yoast_head_json":{"title":"Porte-passeport \u00e9tanche - Slowshop","description":"Achetez le sac \u00e9tanche pour porte-identifiants, vous pouvez prot\u00e9ger votre identifiant de l'usure et l'emp\u00eacher de se mouiller s'il pleut.","robots":{"index":"index","follow":"follow","max-snippet":"max-snippet:-1","max-image-preview":"max-image-preview:large","max-video-preview":"max-video-preview:-1"},"canonical":"https:\/\/www.slowshop.eu\/fr\/produit\/porte-passeport-etanche\/","og_locale":"fr_FR","og_type":"article","og_title":"Porte-passeport \u00e9tanche - Slowshop","og_description":"Achetez le sac \u00e9tanche pour porte-identifiants, vous pouvez prot\u00e9ger votre identifiant de l'usure et l'emp\u00eacher de se mouiller s'il pleut.","og_url":"https:\/\/www.slowshop.eu\/fr\/produit\/porte-passeport-etanche\/","og_site_name":"Slowshop","article_modified_time":"2026-04-03T20:49:41+00:00","og_image":[{"width":600,"height":750,"url":"https:\/\/www.slowshop.eu\/wp-content\/uploads\/2021\/06\/6.png","type":"image\/png"}],"twitter_card":"summary_large_image","twitter_misc":{"Dur\u00e9e de lecture estim\u00e9e":"1 minute"},"schema":{"@context":"https:\/\/schema.org","@graph":[{"@type":"WebPage","@id":"https:\/\/www.slowshop.eu\/fr\/produit\/porte-passeport-etanche\/","url":"https:\/\/www.slowshop.eu\/fr\/produit\/porte-passeport-etanche\/","name":"Porte-passeport \u00e9tanche - Slowshop","isPartOf":{"@id":"https:\/\/www.slowshop.eu\/fr\/#website"},"primaryImageOfPage":{"@id":"https:\/\/www.slowshop.eu\/fr\/produit\/porte-passeport-etanche\/#primaryimage"},"image":{"@id":"https:\/\/www.slowshop.eu\/fr\/produit\/porte-passeport-etanche\/#primaryimage"},"thumbnailUrl":"https:\/\/www.slowshop.eu\/wp-content\/uploads\/2021\/06\/6.png","datePublished":"2021-06-16T09:04:23+00:00","dateModified":"2026-04-03T20:49:41+00:00","description":"Achetez le sac \u00e9tanche pour porte-identifiants, vous pouvez prot\u00e9ger votre identifiant de l'usure et l'emp\u00eacher de se mouiller s'il pleut.","breadcrumb":{"@id":"https:\/\/www.slowshop.eu\/fr\/produit\/porte-passeport-etanche\/#breadcrumb"},"inLanguage":"fr-FR","potentialAction":[{"@type":"ReadAction","target":["https:\/\/www.slowshop.eu\/fr\/produit\/porte-passeport-etanche\/"]}]},{"@type":"ImageObject","inLanguage":"fr-FR","@id":"https:\/\/www.slowshop.eu\/fr\/produit\/porte-passeport-etanche\/#primaryimage","url":"https:\/\/www.slowshop.eu\/wp-content\/uploads\/2021\/06\/6.png","contentUrl":"https:\/\/www.slowshop.eu\/wp-content\/uploads\/2021\/06\/6.png","width":600,"height":750},{"@type":"BreadcrumbList","@id":"https:\/\/www.slowshop.eu\/fr\/produit\/porte-passeport-etanche\/#breadcrumb","itemListElement":[{"@type":"ListItem","position":1,"name":"Home","item":"https:\/\/www.slowshop.eu\/fr\/"},{"@type":"ListItem","position":2,"name":"Catalogue","item":"https:\/\/www.slowshop.eu\/fr\/catalogue\/"},{"@type":"ListItem","position":3,"name":"Porte-passeport \u00e9tanche"}]},{"@type":"WebSite","@id":"https:\/\/www.slowshop.eu\/fr\/#website","url":"https:\/\/www.slowshop.eu\/fr\/","name":"SlowShop","description":"Vie Francigene Shop","publisher":{"@id":"https:\/\/www.slowshop.eu\/fr\/#organization"},"potentialAction":[{"@type":"SearchAction","target":{"@type":"EntryPoint","urlTemplate":"https:\/\/www.slowshop.eu\/fr\/?s={search_term_string}"},"query-input":{"@type":"PropertyValueSpecification","valueRequired":true,"valueName":"search_term_string"}}],"inLanguage":"fr-FR"},{"@type":"Organization","@id":"https:\/\/www.slowshop.eu\/fr\/#organization","name":"SlowShop","url":"https:\/\/www.slowshop.eu\/fr\/","logo":{"@type":"ImageObject","inLanguage":"fr-FR","@id":"https:\/\/www.slowshop.eu\/fr\/#\/schema\/logo\/image\/","url":"https:\/\/www.slowshop.eu\/wp-content\/uploads\/2024\/07\/cropped-immagine-1.png","contentUrl":"https:\/\/www.slowshop.eu\/wp-content\/uploads\/2024\/07\/cropped-immagine-1.png","width":512,"height":512,"caption":"SlowShop"},"image":{"@id":"https:\/\/www.slowshop.eu\/fr\/#\/schema\/logo\/image\/"}}]}},"_links":{"self":[{"href":"https:\/\/www.slowshop.eu\/fr\/wp-json\/wp\/v2\/product\/4117","targetHints":{"allow":["GET"]}}],"collection":[{"href":"https:\/\/www.slowshop.eu\/fr\/wp-json\/wp\/v2\/product"}],"about":[{"href":"https:\/\/www.slowshop.eu\/fr\/wp-json\/wp\/v2\/types\/product"}],"wp:featuredmedia":[{"embeddable":true,"href":"https:\/\/www.slowshop.eu\/fr\/wp-json\/wp\/v2\/media\/4654"}],"wp:attachment":[{"href":"https:\/\/www.slowshop.eu\/fr\/wp-json\/wp\/v2\/media?parent=4117"}],"wp:term":[{"taxonomy":"product_brand","embeddable":true,"href":"https:\/\/www.slowshop.eu\/fr\/wp-json\/wp\/v2\/product_brand?post=4117"},{"taxonomy":"product_cat","embeddable":true,"href":"https:\/\/www.slowshop.eu\/fr\/wp-json\/wp\/v2\/product_cat?post=4117"},{"taxonomy":"product_tag","embeddable":true,"href":"https:\/\/www.slowshop.eu\/fr\/wp-json\/wp\/v2\/product_tag?post=4117"}],"curies":[{"name":"wp","href":"https:\/\/api.w.org\/{rel}","templated":true}]}}